{"id":69987,"date":"2025-06-05T18:42:44","date_gmt":"2025-06-05T17:42:44","guid":{"rendered":"https:\/\/truusk.store\/product\/sittgrupp-7-delar-matgrupp-for-6-personer-matbord-med-6-stapelbara-stolar-matgrupp-koksbord-set-med-stalram-balkongmobler-tradgardsmobler-for-terrass-balkong-gra\/"},"modified":"2026-03-12T09:47:01","modified_gmt":"2026-03-12T08:47:01","slug":"truusk-sittgrupp-7-delar-matbord-och-6-stapelbara-stolar-stalram-balkongmobler-gra","status":"publish","type":"product","link":"https:\/\/truusk.store\/sv\/produkt\/truusk-sittgrupp-7-delar-matbord-och-6-stapelbara-stolar-stalram-balkongmobler-gra\/","title":{"rendered":"TRUUSK Sittgrupp 7 Delar &#8211; Matbord och 6 Stapelbara Stolar &#8211; St\u00e5lram &#8211; Balkongm\u00f6bler &#8211; Gr\u00e5"},"content":{"rendered":"<p>G\u00f6r om ditt utomhusomr\u00e5de med det sjudelade tr\u00e4dg\u00e5rdsm\u00f6belsetet fr\u00e5n TRUUSK, perfekt f\u00f6r tr\u00e4dg\u00e5rden, terrassen eller balkongen. Det stora bordet i tr\u00e4dg\u00e5rdssetet rymmer bekv\u00e4mt upp till sex personer och de stapelbara stolarna underl\u00e4ttar f\u00f6rvaring. \u00c4t p\u00e5 det l\u00e4ttsk\u00f6tta plastbordet i sittgruppen med stilfullt tr\u00e4utseende och slappna av p\u00e5 de luftiga stolarna, som ger en behaglig svalka under sommaren.<\/p>\n<p>Beskrivning:<\/p>\n<ul>\n<li> Sjudelat tr\u00e4dg\u00e5rdsm\u00f6belset, l\u00e4mpligt f\u00f6r tr\u00e4dg\u00e5rd, terrass eller balkong<\/li>\n<li> Stort bord rymmer bekv\u00e4mt sex personer<\/li>\n<li> Stapelbara stolar underl\u00e4ttar f\u00f6rvaring n\u00e4r de inte anv\u00e4nds<\/li>\n<li> Pulverlackerad st\u00e5lram i sittgruppen garanterar robust anv\u00e4ndning utomhus<\/li>\n<li> Plastbordet kan enkelt reng\u00f6ras med en fuktig trasa<\/li>\n<li> Sits och ryggst\u00f6d i matgruppen ger svalkande st\u00f6d<\/li>\n<li> Tr\u00e4kornets utseende ger en stilfull touch<\/li>\n<li> Montering kr\u00e4vs<\/li>\n<\/ul>\n<p> Tekniska data:<\/p>\n<ul>\n<li> F\u00e4rg: Gr\u00e5<\/li>\n<li> Material: St\u00e5l, plast, polyester<\/li>\n<li> Bord: 180L x 87B x 72H cm<\/li>\n<li> Stol: 55,5B x 59D x 80H cm<\/li>\n<li> Sitsstorlek: 41B x 46D cm<\/li>\n<li> Sitth\u00f6jd: 43,5H cm<\/li>\n<li> Ryggst\u00f6d: 33L x 45,5B cm<\/li>\n<li> Stapelstorlek: 55,5B x 84D x 115H cm<\/li>\n<li> Maximal belastning: 120 kg (stol), 50 kg (bord)<\/li>\n<\/ul>\n<p> Leveransinneh\u00e5ll:<\/p>\n<ul>\n<li> 6 x stolar<\/li>\n<li> 1 x bord<\/li>\n<li> 1 x handbok<\/li>\n<\/ul>\n","protected":false},"excerpt":{"rendered":"<p>G\u00f6r om ditt utomhusomr\u00e5de med det sjudelade tr\u00e4dg\u00e5rdsm\u00f6belsetet fr\u00e5n TRUUSK, perfekt f\u00f6r tr\u00e4dg\u00e5rden, terrassen eller balkongen. Det stora bordet i&#8230;<\/p>\n","protected":false},"featured_media":69978,"template":"","meta":[],"product_brand":[],"product_cat":[858,450,456],"product_tag":[],"class_list":{"0":"post-69987","1":"product","2":"type-product","3":"status-publish","4":"has-post-thumbnail","6":"product_cat-tradgard-terrass","7":"product_cat-tradgardsmobler","8":"product_cat-tradgardsmobler-set","10":"first","11":"instock","12":"sale","13":"taxable","14":"shipping-taxable","15":"purchasable","16":"product-type-simple"},"yoast_head":"<!-- This site is optimized with the Yoast SEO plugin v25.4 - https:\/\/yoast.com\/wordpress\/plugins\/seo\/ -->\n<title>TRUUSK Sittgrupp 7 Delar - Matbord och 6 Stapelbara Stolar - St\u00e5lram - Balkongm\u00f6bler - Gr\u00e5 - TRUUSK - Hem, Tr\u00e4dg\u00e5rd &amp; Fritid<\/title>\n<meta name=\"robots\" content=\"index, follow, max-snippet:-1, max-image-preview:large, max-video-preview:-1\" \/>\n<link rel=\"canonical\" href=\"https:\/\/truusk.store\/sv\/produkt\/truusk-sittgrupp-7-delar-matbord-och-6-stapelbara-stolar-stalram-balkongmobler-gra\/\" \/>\n<meta property=\"og:locale\" content=\"sv_SE\" \/>\n<meta property=\"og:type\" content=\"article\" \/>\n<meta property=\"og:title\" content=\"TRUUSK Sittgrupp 7 Delar - Matbord och 6 Stapelbara Stolar - St\u00e5lram - Balkongm\u00f6bler - Gr\u00e5 - TRUUSK - Hem, Tr\u00e4dg\u00e5rd &amp; Fritid\" \/>\n<meta property=\"og:description\" content=\"G\u00f6r om ditt utomhusomr\u00e5de med det sjudelade tr\u00e4dg\u00e5rdsm\u00f6belsetet fr\u00e5n TRUUSK, perfekt f\u00f6r tr\u00e4dg\u00e5rden, terrassen eller balkongen. Det stora bordet i...\" \/>\n<meta property=\"og:url\" content=\"https:\/\/truusk.store\/sv\/produkt\/truusk-sittgrupp-7-delar-matbord-och-6-stapelbara-stolar-stalram-balkongmobler-gra\/\" \/>\n<meta property=\"og:site_name\" content=\"TRUUSK - Hem, Tr\u00e4dg\u00e5rd &amp; Fritid\" \/>\n<meta property=\"article:modified_time\" content=\"2026-03-12T08:47:01+00:00\" \/>\n<meta property=\"og:image\" content=\"https:\/\/i0.wp.com\/truusk.se\/wp-content\/uploads\/2025\/06\/sittgrupp-7-delar-matgrupp-for-6-personer-matbord-med-6-stapelbara-stolar-matgrupp-koksbord-set-med-stalram-balkongmobler-tradgardsmobler-for-terrass-balkong-gra-1.webp?fit=2000%2C2000&ssl=1\" \/>\n\t<meta property=\"og:image:width\" content=\"2000\" \/>\n\t<meta property=\"og:image:height\" content=\"2000\" \/>\n\t<meta property=\"og:image:type\" content=\"image\/webp\" \/>\n<meta name=\"twitter:card\" content=\"summary_large_image\" \/>\n<meta name=\"twitter:label1\" content=\"Ber\u00e4knad l\u00e4stid\" \/>\n\t<meta name=\"twitter:data1\" content=\"1 minut\" \/>\n<!-- \/ Yoast SEO plugin. -->","yoast_head_json":{"title":"TRUUSK Sittgrupp 7 Delar - Matbord och 6 Stapelbara Stolar - St\u00e5lram - Balkongm\u00f6bler - Gr\u00e5 - TRUUSK - Hem, Tr\u00e4dg\u00e5rd &amp; Fritid","robots":{"index":"index","follow":"follow","max-snippet":"max-snippet:-1","max-image-preview":"max-image-preview:large","max-video-preview":"max-video-preview:-1"},"canonical":"https:\/\/truusk.store\/sv\/produkt\/truusk-sittgrupp-7-delar-matbord-och-6-stapelbara-stolar-stalram-balkongmobler-gra\/","og_locale":"sv_SE","og_type":"article","og_title":"TRUUSK Sittgrupp 7 Delar - Matbord och 6 Stapelbara Stolar - St\u00e5lram - Balkongm\u00f6bler - Gr\u00e5 - TRUUSK - Hem, Tr\u00e4dg\u00e5rd &amp; Fritid","og_description":"G\u00f6r om ditt utomhusomr\u00e5de med det sjudelade tr\u00e4dg\u00e5rdsm\u00f6belsetet fr\u00e5n TRUUSK, perfekt f\u00f6r tr\u00e4dg\u00e5rden, terrassen eller balkongen. Det stora bordet i...","og_url":"https:\/\/truusk.store\/sv\/produkt\/truusk-sittgrupp-7-delar-matbord-och-6-stapelbara-stolar-stalram-balkongmobler-gra\/","og_site_name":"TRUUSK - Hem, Tr\u00e4dg\u00e5rd &amp; Fritid","article_modified_time":"2026-03-12T08:47:01+00:00","og_image":[{"width":2000,"height":2000,"url":"https:\/\/i0.wp.com\/truusk.se\/wp-content\/uploads\/2025\/06\/sittgrupp-7-delar-matgrupp-for-6-personer-matbord-med-6-stapelbara-stolar-matgrupp-koksbord-set-med-stalram-balkongmobler-tradgardsmobler-for-terrass-balkong-gra-1.webp?fit=2000%2C2000&ssl=1","type":"image\/webp"}],"twitter_card":"summary_large_image","twitter_misc":{"Ber\u00e4knad l\u00e4stid":"1 minut"},"schema":{"@context":"https:\/\/schema.org","@graph":[{"@type":"WebPage","@id":"https:\/\/truusk.store\/sv\/produkt\/truusk-sittgrupp-7-delar-matbord-och-6-stapelbara-stolar-stalram-balkongmobler-gra\/","url":"https:\/\/truusk.store\/sv\/produkt\/truusk-sittgrupp-7-delar-matbord-och-6-stapelbara-stolar-stalram-balkongmobler-gra\/","name":"TRUUSK Sittgrupp 7 Delar - Matbord och 6 Stapelbara Stolar - St\u00e5lram - Balkongm\u00f6bler - Gr\u00e5 - TRUUSK - Hem, Tr\u00e4dg\u00e5rd &amp; Fritid","isPartOf":{"@id":"https:\/\/truusk.store\/sv\/#website"},"primaryImageOfPage":{"@id":"https:\/\/truusk.store\/sv\/produkt\/truusk-sittgrupp-7-delar-matbord-och-6-stapelbara-stolar-stalram-balkongmobler-gra\/#primaryimage"},"image":{"@id":"https:\/\/truusk.store\/sv\/produkt\/truusk-sittgrupp-7-delar-matbord-och-6-stapelbara-stolar-stalram-balkongmobler-gra\/#primaryimage"},"thumbnailUrl":"https:\/\/i0.wp.com\/truusk.store\/wp-content\/uploads\/2025\/06\/sittgrupp-7-delar-matgrupp-for-6-personer-matbord-med-6-stapelbara-stolar-matgrupp-koksbord-set-med-stalram-balkongmobler-tradgardsmobler-for-terrass-balkong-gra-1.webp?fit=2000%2C2000&ssl=1","datePublished":"2025-06-05T17:42:44+00:00","dateModified":"2026-03-12T08:47:01+00:00","breadcrumb":{"@id":"https:\/\/truusk.store\/sv\/produkt\/truusk-sittgrupp-7-delar-matbord-och-6-stapelbara-stolar-stalram-balkongmobler-gra\/#breadcrumb"},"inLanguage":"sv-SE","potentialAction":[{"@type":"ReadAction","target":["https:\/\/truusk.store\/sv\/produkt\/truusk-sittgrupp-7-delar-matbord-och-6-stapelbara-stolar-stalram-balkongmobler-gra\/"]}]},{"@type":"ImageObject","inLanguage":"sv-SE","@id":"https:\/\/truusk.store\/sv\/produkt\/truusk-sittgrupp-7-delar-matbord-och-6-stapelbara-stolar-stalram-balkongmobler-gra\/#primaryimage","url":"https:\/\/i0.wp.com\/truusk.store\/wp-content\/uploads\/2025\/06\/sittgrupp-7-delar-matgrupp-for-6-personer-matbord-med-6-stapelbara-stolar-matgrupp-koksbord-set-med-stalram-balkongmobler-tradgardsmobler-for-terrass-balkong-gra-1.webp?fit=2000%2C2000&ssl=1","contentUrl":"https:\/\/i0.wp.com\/truusk.store\/wp-content\/uploads\/2025\/06\/sittgrupp-7-delar-matgrupp-for-6-personer-matbord-med-6-stapelbara-stolar-matgrupp-koksbord-set-med-stalram-balkongmobler-tradgardsmobler-for-terrass-balkong-gra-1.webp?fit=2000%2C2000&ssl=1","width":2000,"height":2000},{"@type":"BreadcrumbList","@id":"https:\/\/truusk.store\/sv\/produkt\/truusk-sittgrupp-7-delar-matbord-och-6-stapelbara-stolar-stalram-balkongmobler-gra\/#breadcrumb","itemListElement":[{"@type":"ListItem","position":1,"name":"Home","item":"https:\/\/truusk.store\/sv\/"},{"@type":"ListItem","position":2,"name":"Shop","item":"https:\/\/truusk.store\/shop\/"},{"@type":"ListItem","position":3,"name":"TRUUSK Sittgrupp 7 Delar &#8211; Matbord och 6 Stapelbara Stolar &#8211; St\u00e5lram &#8211; Balkongm\u00f6bler &#8211; Gr\u00e5"}]},{"@type":"WebSite","@id":"https:\/\/truusk.store\/sv\/#website","url":"https:\/\/truusk.store\/sv\/","name":"TRUUSK - Hem, Tr\u00e4dg\u00e5rd & Fritid","description":"","publisher":{"@id":"https:\/\/truusk.store\/sv\/#organization"},"potentialAction":[{"@type":"SearchAction","target":{"@type":"EntryPoint","urlTemplate":"https:\/\/truusk.store\/sv\/?s={search_term_string}"},"query-input":{"@type":"PropertyValueSpecification","valueRequired":true,"valueName":"search_term_string"}}],"inLanguage":"sv-SE"},{"@type":"Organization","@id":"https:\/\/truusk.store\/sv\/#organization","name":"TRUUSK - Hem, Tr\u00e4dg\u00e5rd & Fritid","url":"https:\/\/truusk.store\/sv\/","logo":{"@type":"ImageObject","inLanguage":"sv-SE","@id":"https:\/\/truusk.store\/sv\/#\/schema\/logo\/image\/","url":"https:\/\/i0.wp.com\/truusk.store\/wp-content\/uploads\/2026\/03\/cropped-TRUUSK.png?fit=2032%2C917&ssl=1","contentUrl":"https:\/\/i0.wp.com\/truusk.store\/wp-content\/uploads\/2026\/03\/cropped-TRUUSK.png?fit=2032%2C917&ssl=1","width":2032,"height":917,"caption":"TRUUSK - Hem, Tr\u00e4dg\u00e5rd & Fritid"},"image":{"@id":"https:\/\/truusk.store\/sv\/#\/schema\/logo\/image\/"}}]}},"jetpack_sharing_enabled":true,"_links":{"self":[{"href":"https:\/\/truusk.store\/sv\/wp-json\/wp\/v2\/product\/69987","targetHints":{"allow":["GET"]}}],"collection":[{"href":"https:\/\/truusk.store\/sv\/wp-json\/wp\/v2\/product"}],"about":[{"href":"https:\/\/truusk.store\/sv\/wp-json\/wp\/v2\/types\/product"}],"wp:featuredmedia":[{"embeddable":true,"href":"https:\/\/truusk.store\/sv\/wp-json\/wp\/v2\/media\/69978"}],"wp:attachment":[{"href":"https:\/\/truusk.store\/sv\/wp-json\/wp\/v2\/media?parent=69987"}],"wp:term":[{"taxonomy":"product_brand","embeddable":true,"href":"https:\/\/truusk.store\/sv\/wp-json\/wp\/v2\/product_brand?post=69987"},{"taxonomy":"product_cat","embeddable":true,"href":"https:\/\/truusk.store\/sv\/wp-json\/wp\/v2\/product_cat?post=69987"},{"taxonomy":"product_tag","embeddable":true,"href":"https:\/\/truusk.store\/sv\/wp-json\/wp\/v2\/product_tag?post=69987"}],"curies":[{"name":"wp","href":"https:\/\/api.w.org\/{rel}","templated":true}]}}