{"id":69997,"date":"2025-06-05T18:43:45","date_gmt":"2025-06-05T17:43:45","guid":{"rendered":"https:\/\/truusk.store\/product\/fladdermuslada-3-delat-set-fladdermushus-hackningslada-for-fladdermoss-fladdermuslada-for-upphangning-i-tradgardar-fruktodlingar-gardar-grantra-18-x-6-x-225-cm-natur\/"},"modified":"2026-03-12T08:42:15","modified_gmt":"2026-03-12T07:42:15","slug":"truusk-fladdermuslada-3-delat-set-hackningslada-for-fladdermoss-upphangning-i-tradgardar-grantra-18-x-6-x-225-cm-natur","status":"publish","type":"product","link":"https:\/\/truusk.store\/sv\/produkt\/truusk-fladdermuslada-3-delat-set-hackningslada-for-fladdermoss-upphangning-i-tradgardar-grantra-18-x-6-x-225-cm-natur\/","title":{"rendered":"TRUUSK Fladdermusl\u00e5da 3-delat Set &#8211; H\u00e4ckningsl\u00e5da F\u00f6r Fladderm\u00f6ss &#8211; Upph\u00e4ngning I Tr\u00e4dg\u00e5rdar &#8211; Grantr\u00e4 &#8211; 18 x 6 x 22,5 cm &#8211; Natur"},"content":{"rendered":"<p>Detta set med tre grantr\u00e4hus, dekorerade med ett fladdermusdesign, erbjuder tack vare vattent\u00e4t bel\u00e4ggning en mysig tillflyktsort f\u00f6r fladderm\u00f6ss. Den smala, r\u00e4fflade landningsplattformen g\u00f6r det l\u00e4tt f\u00f6r djuren att flyga in och h\u00e5ller f\u00e5glar borta &#8211; idealiskt f\u00f6r bondg\u00e5rdar, fruktodlingar och andra milj\u00f6er.<\/p>\n<p>Beskrivning:<\/p>\n<ul>\n<li> Set med tre fladdermusholkar, varje med ett fladdermusm\u00f6nster<\/li>\n<li> Konstruktion av grantr\u00e4 med vattent\u00e4t f\u00e4rg<\/li>\n<li> R\u00e4fflad, smal landningsplattform, h\u00e5ller f\u00e5glar borta<\/li>\n<li> L\u00e4mplig f\u00f6r bondg\u00e5rdar och frukttr\u00e4dg\u00e5rdar f\u00f6r att fr\u00e4mja bos\u00e4ttning av fladderm\u00f6ss<\/li>\n<li> Fullt monterad, med krokar f\u00f6r enkel upph\u00e4ngning utomhus<\/li>\n<\/ul>\n<p> Tekniska data:<\/p>\n<ul>\n<li> F\u00e4rg: Naturtr\u00e4<\/li>\n<li> Material: Grantr\u00e4<\/li>\n<li> Totala dimensioner: 18B x 6T x 22,5H cm<\/li>\n<li> Landningsplats: 11,5B x 4H cm<\/li>\n<li> Inre utrymme: 11,5B x 1,5T x 14,5H cm<\/li>\n<\/ul>\n<p> Leveransinneh\u00e5ll:<\/p>\n<ul>\n<li> 3 x fladdermusholk<\/li>\n<li> 1 x manual<\/li>\n<\/ul>\n","protected":false},"excerpt":{"rendered":"<p>Detta set med tre grantr\u00e4hus, dekorerade med ett fladdermusdesign, erbjuder tack vare vattent\u00e4t bel\u00e4ggning en mysig tillflyktsort f\u00f6r fladderm\u00f6ss. Den&#8230;<\/p>\n","protected":false},"featured_media":69988,"template":"","meta":[],"product_brand":[],"product_cat":[878,598,597],"product_tag":[],"class_list":{"0":"post-69997","1":"product","2":"type-product","3":"status-publish","4":"has-post-thumbnail","6":"product_cat-djurbehov","7":"product_cat-sma-djurstallar","8":"product_cat-sma-djurtillbehor","10":"first","11":"instock","12":"sale","13":"taxable","14":"shipping-taxable","15":"purchasable","16":"product-type-simple"},"yoast_head":"<!-- This site is optimized with the Yoast SEO plugin v25.4 - https:\/\/yoast.com\/wordpress\/plugins\/seo\/ -->\n<title>TRUUSK Fladdermusl\u00e5da 3-delat Set - H\u00e4ckningsl\u00e5da F\u00f6r Fladderm\u00f6ss - Upph\u00e4ngning I Tr\u00e4dg\u00e5rdar - Grantr\u00e4 - 18 x 6 x 22,5 cm - Natur - TRUUSK - Hem, Tr\u00e4dg\u00e5rd &amp; Fritid<\/title>\n<meta name=\"robots\" content=\"index, follow, max-snippet:-1, max-image-preview:large, max-video-preview:-1\" \/>\n<link rel=\"canonical\" href=\"https:\/\/truusk.store\/sv\/produkt\/truusk-fladdermuslada-3-delat-set-hackningslada-for-fladdermoss-upphangning-i-tradgardar-grantra-18-x-6-x-225-cm-natur\/\" \/>\n<meta property=\"og:locale\" content=\"sv_SE\" \/>\n<meta property=\"og:type\" content=\"article\" \/>\n<meta property=\"og:title\" content=\"TRUUSK Fladdermusl\u00e5da 3-delat Set - H\u00e4ckningsl\u00e5da F\u00f6r Fladderm\u00f6ss - Upph\u00e4ngning I Tr\u00e4dg\u00e5rdar - Grantr\u00e4 - 18 x 6 x 22,5 cm - Natur - TRUUSK - Hem, Tr\u00e4dg\u00e5rd &amp; Fritid\" \/>\n<meta property=\"og:description\" content=\"Detta set med tre grantr\u00e4hus, dekorerade med ett fladdermusdesign, erbjuder tack vare vattent\u00e4t bel\u00e4ggning en mysig tillflyktsort f\u00f6r fladderm\u00f6ss. Den...\" \/>\n<meta property=\"og:url\" content=\"https:\/\/truusk.store\/sv\/produkt\/truusk-fladdermuslada-3-delat-set-hackningslada-for-fladdermoss-upphangning-i-tradgardar-grantra-18-x-6-x-225-cm-natur\/\" \/>\n<meta property=\"og:site_name\" content=\"TRUUSK - Hem, Tr\u00e4dg\u00e5rd &amp; Fritid\" \/>\n<meta property=\"article:modified_time\" content=\"2026-03-12T07:42:15+00:00\" \/>\n<meta property=\"og:image\" content=\"https:\/\/i0.wp.com\/truusk.se\/wp-content\/uploads\/2025\/06\/fladdermuslada-3-delat-set-fladdermushus-hackningslada-for-fladdermoss-fladdermuslada-for-upphangning-i-tradgardar-fruktodlingar-gardar-grantra-18-x-6-x-225-cm-natur-1.webp?fit=2000%2C2000&ssl=1\" \/>\n\t<meta property=\"og:image:width\" content=\"2000\" \/>\n\t<meta property=\"og:image:height\" content=\"2000\" \/>\n\t<meta property=\"og:image:type\" content=\"image\/webp\" \/>\n<meta name=\"twitter:card\" content=\"summary_large_image\" \/>\n<meta name=\"twitter:label1\" content=\"Ber\u00e4knad l\u00e4stid\" \/>\n\t<meta name=\"twitter:data1\" content=\"1 minut\" \/>\n<!-- \/ Yoast SEO plugin. -->","yoast_head_json":{"title":"TRUUSK Fladdermusl\u00e5da 3-delat Set - H\u00e4ckningsl\u00e5da F\u00f6r Fladderm\u00f6ss - Upph\u00e4ngning I Tr\u00e4dg\u00e5rdar - Grantr\u00e4 - 18 x 6 x 22,5 cm - Natur - TRUUSK - Hem, Tr\u00e4dg\u00e5rd &amp; Fritid","robots":{"index":"index","follow":"follow","max-snippet":"max-snippet:-1","max-image-preview":"max-image-preview:large","max-video-preview":"max-video-preview:-1"},"canonical":"https:\/\/truusk.store\/sv\/produkt\/truusk-fladdermuslada-3-delat-set-hackningslada-for-fladdermoss-upphangning-i-tradgardar-grantra-18-x-6-x-225-cm-natur\/","og_locale":"sv_SE","og_type":"article","og_title":"TRUUSK Fladdermusl\u00e5da 3-delat Set - H\u00e4ckningsl\u00e5da F\u00f6r Fladderm\u00f6ss - Upph\u00e4ngning I Tr\u00e4dg\u00e5rdar - Grantr\u00e4 - 18 x 6 x 22,5 cm - Natur - TRUUSK - Hem, Tr\u00e4dg\u00e5rd &amp; Fritid","og_description":"Detta set med tre grantr\u00e4hus, dekorerade med ett fladdermusdesign, erbjuder tack vare vattent\u00e4t bel\u00e4ggning en mysig tillflyktsort f\u00f6r fladderm\u00f6ss. Den...","og_url":"https:\/\/truusk.store\/sv\/produkt\/truusk-fladdermuslada-3-delat-set-hackningslada-for-fladdermoss-upphangning-i-tradgardar-grantra-18-x-6-x-225-cm-natur\/","og_site_name":"TRUUSK - Hem, Tr\u00e4dg\u00e5rd &amp; Fritid","article_modified_time":"2026-03-12T07:42:15+00:00","og_image":[{"width":2000,"height":2000,"url":"https:\/\/i0.wp.com\/truusk.se\/wp-content\/uploads\/2025\/06\/fladdermuslada-3-delat-set-fladdermushus-hackningslada-for-fladdermoss-fladdermuslada-for-upphangning-i-tradgardar-fruktodlingar-gardar-grantra-18-x-6-x-225-cm-natur-1.webp?fit=2000%2C2000&ssl=1","type":"image\/webp"}],"twitter_card":"summary_large_image","twitter_misc":{"Ber\u00e4knad l\u00e4stid":"1 minut"},"schema":{"@context":"https:\/\/schema.org","@graph":[{"@type":"WebPage","@id":"https:\/\/truusk.store\/sv\/produkt\/truusk-fladdermuslada-3-delat-set-hackningslada-for-fladdermoss-upphangning-i-tradgardar-grantra-18-x-6-x-225-cm-natur\/","url":"https:\/\/truusk.store\/sv\/produkt\/truusk-fladdermuslada-3-delat-set-hackningslada-for-fladdermoss-upphangning-i-tradgardar-grantra-18-x-6-x-225-cm-natur\/","name":"TRUUSK Fladdermusl\u00e5da 3-delat Set - H\u00e4ckningsl\u00e5da F\u00f6r Fladderm\u00f6ss - Upph\u00e4ngning I Tr\u00e4dg\u00e5rdar - Grantr\u00e4 - 18 x 6 x 22,5 cm - Natur - TRUUSK - Hem, Tr\u00e4dg\u00e5rd &amp; Fritid","isPartOf":{"@id":"https:\/\/truusk.store\/sv\/#website"},"primaryImageOfPage":{"@id":"https:\/\/truusk.store\/sv\/produkt\/truusk-fladdermuslada-3-delat-set-hackningslada-for-fladdermoss-upphangning-i-tradgardar-grantra-18-x-6-x-225-cm-natur\/#primaryimage"},"image":{"@id":"https:\/\/truusk.store\/sv\/produkt\/truusk-fladdermuslada-3-delat-set-hackningslada-for-fladdermoss-upphangning-i-tradgardar-grantra-18-x-6-x-225-cm-natur\/#primaryimage"},"thumbnailUrl":"https:\/\/i0.wp.com\/truusk.store\/wp-content\/uploads\/2025\/06\/fladdermuslada-3-delat-set-fladdermushus-hackningslada-for-fladdermoss-fladdermuslada-for-upphangning-i-tradgardar-fruktodlingar-gardar-grantra-18-x-6-x-225-cm-natur-1.webp?fit=2000%2C2000&ssl=1","datePublished":"2025-06-05T17:43:45+00:00","dateModified":"2026-03-12T07:42:15+00:00","breadcrumb":{"@id":"https:\/\/truusk.store\/sv\/produkt\/truusk-fladdermuslada-3-delat-set-hackningslada-for-fladdermoss-upphangning-i-tradgardar-grantra-18-x-6-x-225-cm-natur\/#breadcrumb"},"inLanguage":"sv-SE","potentialAction":[{"@type":"ReadAction","target":["https:\/\/truusk.store\/sv\/produkt\/truusk-fladdermuslada-3-delat-set-hackningslada-for-fladdermoss-upphangning-i-tradgardar-grantra-18-x-6-x-225-cm-natur\/"]}]},{"@type":"ImageObject","inLanguage":"sv-SE","@id":"https:\/\/truusk.store\/sv\/produkt\/truusk-fladdermuslada-3-delat-set-hackningslada-for-fladdermoss-upphangning-i-tradgardar-grantra-18-x-6-x-225-cm-natur\/#primaryimage","url":"https:\/\/i0.wp.com\/truusk.store\/wp-content\/uploads\/2025\/06\/fladdermuslada-3-delat-set-fladdermushus-hackningslada-for-fladdermoss-fladdermuslada-for-upphangning-i-tradgardar-fruktodlingar-gardar-grantra-18-x-6-x-225-cm-natur-1.webp?fit=2000%2C2000&ssl=1","contentUrl":"https:\/\/i0.wp.com\/truusk.store\/wp-content\/uploads\/2025\/06\/fladdermuslada-3-delat-set-fladdermushus-hackningslada-for-fladdermoss-fladdermuslada-for-upphangning-i-tradgardar-fruktodlingar-gardar-grantra-18-x-6-x-225-cm-natur-1.webp?fit=2000%2C2000&ssl=1","width":2000,"height":2000},{"@type":"BreadcrumbList","@id":"https:\/\/truusk.store\/sv\/produkt\/truusk-fladdermuslada-3-delat-set-hackningslada-for-fladdermoss-upphangning-i-tradgardar-grantra-18-x-6-x-225-cm-natur\/#breadcrumb","itemListElement":[{"@type":"ListItem","position":1,"name":"Home","item":"https:\/\/truusk.store\/sv\/"},{"@type":"ListItem","position":2,"name":"Shop","item":"https:\/\/truusk.store\/shop\/"},{"@type":"ListItem","position":3,"name":"TRUUSK Fladdermusl\u00e5da 3-delat Set &#8211; H\u00e4ckningsl\u00e5da F\u00f6r Fladderm\u00f6ss &#8211; Upph\u00e4ngning I Tr\u00e4dg\u00e5rdar &#8211; Grantr\u00e4 &#8211; 18 x 6 x 22,5 cm &#8211; Natur"}]},{"@type":"WebSite","@id":"https:\/\/truusk.store\/sv\/#website","url":"https:\/\/truusk.store\/sv\/","name":"TRUUSK - Hem, Tr\u00e4dg\u00e5rd & Fritid","description":"","publisher":{"@id":"https:\/\/truusk.store\/sv\/#organization"},"potentialAction":[{"@type":"SearchAction","target":{"@type":"EntryPoint","urlTemplate":"https:\/\/truusk.store\/sv\/?s={search_term_string}"},"query-input":{"@type":"PropertyValueSpecification","valueRequired":true,"valueName":"search_term_string"}}],"inLanguage":"sv-SE"},{"@type":"Organization","@id":"https:\/\/truusk.store\/sv\/#organization","name":"TRUUSK - Hem, Tr\u00e4dg\u00e5rd & Fritid","url":"https:\/\/truusk.store\/sv\/","logo":{"@type":"ImageObject","inLanguage":"sv-SE","@id":"https:\/\/truusk.store\/sv\/#\/schema\/logo\/image\/","url":"https:\/\/i0.wp.com\/truusk.store\/wp-content\/uploads\/2026\/03\/cropped-TRUUSK.png?fit=2032%2C917&ssl=1","contentUrl":"https:\/\/i0.wp.com\/truusk.store\/wp-content\/uploads\/2026\/03\/cropped-TRUUSK.png?fit=2032%2C917&ssl=1","width":2032,"height":917,"caption":"TRUUSK - Hem, Tr\u00e4dg\u00e5rd & Fritid"},"image":{"@id":"https:\/\/truusk.store\/sv\/#\/schema\/logo\/image\/"}}]}},"jetpack_sharing_enabled":true,"_links":{"self":[{"href":"https:\/\/truusk.store\/sv\/wp-json\/wp\/v2\/product\/69997","targetHints":{"allow":["GET"]}}],"collection":[{"href":"https:\/\/truusk.store\/sv\/wp-json\/wp\/v2\/product"}],"about":[{"href":"https:\/\/truusk.store\/sv\/wp-json\/wp\/v2\/types\/product"}],"wp:featuredmedia":[{"embeddable":true,"href":"https:\/\/truusk.store\/sv\/wp-json\/wp\/v2\/media\/69988"}],"wp:attachment":[{"href":"https:\/\/truusk.store\/sv\/wp-json\/wp\/v2\/media?parent=69997"}],"wp:term":[{"taxonomy":"product_brand","embeddable":true,"href":"https:\/\/truusk.store\/sv\/wp-json\/wp\/v2\/product_brand?post=69997"},{"taxonomy":"product_cat","embeddable":true,"href":"https:\/\/truusk.store\/sv\/wp-json\/wp\/v2\/product_cat?post=69997"},{"taxonomy":"product_tag","embeddable":true,"href":"https:\/\/truusk.store\/sv\/wp-json\/wp\/v2\/product_tag?post=69997"}],"curies":[{"name":"wp","href":"https:\/\/api.w.org\/{rel}","templated":true}]}}