{"id":70027,"date":"2025-06-05T18:46:50","date_gmt":"2025-06-05T17:46:50","guid":{"rendered":"https:\/\/truusk.store\/product\/cykelforvaringstalt-vattentatt-cykelskjul-med-dorr-anti-damm-cykeltackning-skydd-skjul-for-hemmet-utomhus-tradgard-bakgard-300x450x230-cm-morkgra\/"},"modified":"2026-03-12T08:40:14","modified_gmt":"2026-03-12T07:40:14","slug":"truusk-cykelgaragetalt-vattentat-cykelskjul-med-dorr-anti-damm-cykeltackning-utomhusskydd-for-hemmet-tradgard-bakgard","status":"publish","type":"product","link":"https:\/\/truusk.store\/sv\/produkt\/truusk-cykelgaragetalt-vattentat-cykelskjul-med-dorr-anti-damm-cykeltackning-utomhusskydd-for-hemmet-tradgard-bakgard\/","title":{"rendered":"TRUUSK Cykelgaraget\u00e4lt &#8211; Vattent\u00e4t Cykelskjul Med D\u00f6rr &#8211; Anti-damm Cykelt\u00e4ckning &#8211; Utomhusskydd &#8211; F\u00f6r Hemmet, Tr\u00e4dg\u00e5rd Bakg\u00e5rd &#8211;"},"content":{"rendered":"<p>Uppt\u00e4ck det m\u00e5ngsidiga TRUUSK vinterfasta lagert\u00e4ltet, perfekt f\u00f6r cyklar eller verktyg. Den vattent\u00e4ta, UV-resistenta plastduken och det stabila, pulverlackerade st\u00e5lramen p\u00e5 garaget\u00e4ltet ger optimalt skydd. Den upprullbara d\u00f6rren med dragkedja p\u00e5 cykelskjulet f\u00f6rb\u00e4ttrar luftcirkulationen och underl\u00e4ttar tillg\u00e5ngen &#8211; idealiskt f\u00f6r alla lagringskrav!<\/p>\n<p>Beskrivning:<\/p>\n<ul>\n<li> Fungerar b\u00e5de som tr\u00e4dg\u00e5rdsskjul och cykelskjul, f\u00f6r m\u00e5ngsidiga lagringsm\u00f6jligheter<\/li>\n<li> Plastv\u00e4ven p\u00e5 cykelskjulet skyddar mot vatten, UV-str\u00e5lar och vind<\/li>\n<li> Pulverlackerad st\u00e5lram p\u00e5 lagert\u00e4ltet f\u00f6rhindrar sprickor, rost och korrosion<\/li>\n<li> Markspikar och skruvar \u00f6kar stabiliteten<\/li>\n<li> Rullport med dragkedja p\u00e5 cykelt\u00e4ltet m\u00f6jligg\u00f6r enkel tillg\u00e5ng och luftcirkulation<\/li>\n<li> Montering kr\u00e4vs<\/li>\n<\/ul>\n<p> Tekniska data:<\/p>\n<ul>\n<li> F\u00e4rg: M\u00f6rkgr\u00e5<\/li>\n<li> Material: Galvaniserat st\u00e5l, plast<\/li>\n<li> Totala dimensioner: 300L x 450B x 230H cm<\/li>\n<li> Takfotsh\u00f6jd: 182H cm<\/li>\n<li> D\u00f6rrdimensioner: 195B x 165H cm<\/li>\n<li> Vindstyrka: 5-6 (15,5-26,8 km\/h)<\/li>\n<\/ul>\n<p> Leveransinneh\u00e5ll:<\/p>\n<ul>\n<li> 1 x Tr\u00e4dg\u00e5rdsf\u00f6rvaringst\u00e4lt<\/li>\n<li> 16 x Expansionspluggar<\/li>\n<li> 16 x Markspikar<\/li>\n<li> 18 x Gummibandbollar<\/li>\n<li> 2 x Linstr\u00e4ckare<\/li>\n<li> 1 x Handbok<\/li>\n<\/ul>\n","protected":false},"excerpt":{"rendered":"<p>Uppt\u00e4ck det m\u00e5ngsidiga TRUUSK vinterfasta lagert\u00e4ltet, perfekt f\u00f6r cyklar eller verktyg. Den vattent\u00e4ta, UV-resistenta plastduken och det stabila, pulverlackerade st\u00e5lramen&#8230;<\/p>\n","protected":false},"featured_media":70018,"template":"","meta":[],"product_brand":[],"product_cat":[901,902,858],"product_tag":[],"class_list":{"0":"post-70027","1":"product","2":"type-product","3":"status-publish","4":"has-post-thumbnail","6":"product_cat-ordning-i-tradgarden","7":"product_cat-redskapsskjul-och-redskapshus","8":"product_cat-tradgard-terrass","10":"first","11":"instock","12":"sale","13":"taxable","14":"shipping-taxable","15":"purchasable","16":"product-type-simple"},"yoast_head":"<!-- This site is optimized with the Yoast SEO plugin v25.4 - https:\/\/yoast.com\/wordpress\/plugins\/seo\/ -->\n<title>TRUUSK Cykelgaraget\u00e4lt - Vattent\u00e4t Cykelskjul Med D\u00f6rr - Anti-damm Cykelt\u00e4ckning - Utomhusskydd - F\u00f6r Hemmet, Tr\u00e4dg\u00e5rd Bakg\u00e5rd - TRUUSK - Hem, Tr\u00e4dg\u00e5rd &amp; Fritid<\/title>\n<meta name=\"robots\" content=\"index, follow, max-snippet:-1, max-image-preview:large, max-video-preview:-1\" \/>\n<link rel=\"canonical\" href=\"https:\/\/truusk.store\/sv\/produkt\/truusk-cykelgaragetalt-vattentat-cykelskjul-med-dorr-anti-damm-cykeltackning-utomhusskydd-for-hemmet-tradgard-bakgard\/\" \/>\n<meta property=\"og:locale\" content=\"sv_SE\" \/>\n<meta property=\"og:type\" content=\"article\" \/>\n<meta property=\"og:title\" content=\"TRUUSK Cykelgaraget\u00e4lt - Vattent\u00e4t Cykelskjul Med D\u00f6rr - Anti-damm Cykelt\u00e4ckning - Utomhusskydd - F\u00f6r Hemmet, Tr\u00e4dg\u00e5rd Bakg\u00e5rd - TRUUSK - Hem, Tr\u00e4dg\u00e5rd &amp; Fritid\" \/>\n<meta property=\"og:description\" content=\"Uppt\u00e4ck det m\u00e5ngsidiga TRUUSK vinterfasta lagert\u00e4ltet, perfekt f\u00f6r cyklar eller verktyg. Den vattent\u00e4ta, UV-resistenta plastduken och det stabila, pulverlackerade st\u00e5lramen...\" \/>\n<meta property=\"og:url\" content=\"https:\/\/truusk.store\/sv\/produkt\/truusk-cykelgaragetalt-vattentat-cykelskjul-med-dorr-anti-damm-cykeltackning-utomhusskydd-for-hemmet-tradgard-bakgard\/\" \/>\n<meta property=\"og:site_name\" content=\"TRUUSK - Hem, Tr\u00e4dg\u00e5rd &amp; Fritid\" \/>\n<meta property=\"article:modified_time\" content=\"2026-03-12T07:40:14+00:00\" \/>\n<meta property=\"og:image\" content=\"https:\/\/i0.wp.com\/truusk.se\/wp-content\/uploads\/2025\/06\/cykelforvaringstalt-vattentatt-cykelskjul-med-dorr-anti-damm-cykeltackning-skydd-skjul-for-hemmet-utomhus-tradgard-bakgard-300x450x230-cm-morkgra-1.webp?fit=2000%2C2000&ssl=1\" \/>\n\t<meta property=\"og:image:width\" content=\"2000\" \/>\n\t<meta property=\"og:image:height\" content=\"2000\" \/>\n\t<meta property=\"og:image:type\" content=\"image\/webp\" \/>\n<meta name=\"twitter:card\" content=\"summary_large_image\" \/>\n<meta name=\"twitter:label1\" content=\"Ber\u00e4knad l\u00e4stid\" \/>\n\t<meta name=\"twitter:data1\" content=\"1 minut\" \/>\n<!-- \/ Yoast SEO plugin. -->","yoast_head_json":{"title":"TRUUSK Cykelgaraget\u00e4lt - Vattent\u00e4t Cykelskjul Med D\u00f6rr - Anti-damm Cykelt\u00e4ckning - Utomhusskydd - F\u00f6r Hemmet, Tr\u00e4dg\u00e5rd Bakg\u00e5rd - TRUUSK - Hem, Tr\u00e4dg\u00e5rd &amp; Fritid","robots":{"index":"index","follow":"follow","max-snippet":"max-snippet:-1","max-image-preview":"max-image-preview:large","max-video-preview":"max-video-preview:-1"},"canonical":"https:\/\/truusk.store\/sv\/produkt\/truusk-cykelgaragetalt-vattentat-cykelskjul-med-dorr-anti-damm-cykeltackning-utomhusskydd-for-hemmet-tradgard-bakgard\/","og_locale":"sv_SE","og_type":"article","og_title":"TRUUSK Cykelgaraget\u00e4lt - Vattent\u00e4t Cykelskjul Med D\u00f6rr - Anti-damm Cykelt\u00e4ckning - Utomhusskydd - F\u00f6r Hemmet, Tr\u00e4dg\u00e5rd Bakg\u00e5rd - TRUUSK - Hem, Tr\u00e4dg\u00e5rd &amp; Fritid","og_description":"Uppt\u00e4ck det m\u00e5ngsidiga TRUUSK vinterfasta lagert\u00e4ltet, perfekt f\u00f6r cyklar eller verktyg. Den vattent\u00e4ta, UV-resistenta plastduken och det stabila, pulverlackerade st\u00e5lramen...","og_url":"https:\/\/truusk.store\/sv\/produkt\/truusk-cykelgaragetalt-vattentat-cykelskjul-med-dorr-anti-damm-cykeltackning-utomhusskydd-for-hemmet-tradgard-bakgard\/","og_site_name":"TRUUSK - Hem, Tr\u00e4dg\u00e5rd &amp; Fritid","article_modified_time":"2026-03-12T07:40:14+00:00","og_image":[{"width":2000,"height":2000,"url":"https:\/\/i0.wp.com\/truusk.se\/wp-content\/uploads\/2025\/06\/cykelforvaringstalt-vattentatt-cykelskjul-med-dorr-anti-damm-cykeltackning-skydd-skjul-for-hemmet-utomhus-tradgard-bakgard-300x450x230-cm-morkgra-1.webp?fit=2000%2C2000&ssl=1","type":"image\/webp"}],"twitter_card":"summary_large_image","twitter_misc":{"Ber\u00e4knad l\u00e4stid":"1 minut"},"schema":{"@context":"https:\/\/schema.org","@graph":[{"@type":"WebPage","@id":"https:\/\/truusk.store\/sv\/produkt\/truusk-cykelgaragetalt-vattentat-cykelskjul-med-dorr-anti-damm-cykeltackning-utomhusskydd-for-hemmet-tradgard-bakgard\/","url":"https:\/\/truusk.store\/sv\/produkt\/truusk-cykelgaragetalt-vattentat-cykelskjul-med-dorr-anti-damm-cykeltackning-utomhusskydd-for-hemmet-tradgard-bakgard\/","name":"TRUUSK Cykelgaraget\u00e4lt - Vattent\u00e4t Cykelskjul Med D\u00f6rr - Anti-damm Cykelt\u00e4ckning - Utomhusskydd - F\u00f6r Hemmet, Tr\u00e4dg\u00e5rd Bakg\u00e5rd - TRUUSK - Hem, Tr\u00e4dg\u00e5rd &amp; Fritid","isPartOf":{"@id":"https:\/\/truusk.store\/sv\/#website"},"primaryImageOfPage":{"@id":"https:\/\/truusk.store\/sv\/produkt\/truusk-cykelgaragetalt-vattentat-cykelskjul-med-dorr-anti-damm-cykeltackning-utomhusskydd-for-hemmet-tradgard-bakgard\/#primaryimage"},"image":{"@id":"https:\/\/truusk.store\/sv\/produkt\/truusk-cykelgaragetalt-vattentat-cykelskjul-med-dorr-anti-damm-cykeltackning-utomhusskydd-for-hemmet-tradgard-bakgard\/#primaryimage"},"thumbnailUrl":"https:\/\/i0.wp.com\/truusk.store\/wp-content\/uploads\/2025\/06\/cykelforvaringstalt-vattentatt-cykelskjul-med-dorr-anti-damm-cykeltackning-skydd-skjul-for-hemmet-utomhus-tradgard-bakgard-300x450x230-cm-morkgra-1.webp?fit=2000%2C2000&ssl=1","datePublished":"2025-06-05T17:46:50+00:00","dateModified":"2026-03-12T07:40:14+00:00","breadcrumb":{"@id":"https:\/\/truusk.store\/sv\/produkt\/truusk-cykelgaragetalt-vattentat-cykelskjul-med-dorr-anti-damm-cykeltackning-utomhusskydd-for-hemmet-tradgard-bakgard\/#breadcrumb"},"inLanguage":"sv-SE","potentialAction":[{"@type":"ReadAction","target":["https:\/\/truusk.store\/sv\/produkt\/truusk-cykelgaragetalt-vattentat-cykelskjul-med-dorr-anti-damm-cykeltackning-utomhusskydd-for-hemmet-tradgard-bakgard\/"]}]},{"@type":"ImageObject","inLanguage":"sv-SE","@id":"https:\/\/truusk.store\/sv\/produkt\/truusk-cykelgaragetalt-vattentat-cykelskjul-med-dorr-anti-damm-cykeltackning-utomhusskydd-for-hemmet-tradgard-bakgard\/#primaryimage","url":"https:\/\/i0.wp.com\/truusk.store\/wp-content\/uploads\/2025\/06\/cykelforvaringstalt-vattentatt-cykelskjul-med-dorr-anti-damm-cykeltackning-skydd-skjul-for-hemmet-utomhus-tradgard-bakgard-300x450x230-cm-morkgra-1.webp?fit=2000%2C2000&ssl=1","contentUrl":"https:\/\/i0.wp.com\/truusk.store\/wp-content\/uploads\/2025\/06\/cykelforvaringstalt-vattentatt-cykelskjul-med-dorr-anti-damm-cykeltackning-skydd-skjul-for-hemmet-utomhus-tradgard-bakgard-300x450x230-cm-morkgra-1.webp?fit=2000%2C2000&ssl=1","width":2000,"height":2000},{"@type":"BreadcrumbList","@id":"https:\/\/truusk.store\/sv\/produkt\/truusk-cykelgaragetalt-vattentat-cykelskjul-med-dorr-anti-damm-cykeltackning-utomhusskydd-for-hemmet-tradgard-bakgard\/#breadcrumb","itemListElement":[{"@type":"ListItem","position":1,"name":"Home","item":"https:\/\/truusk.store\/sv\/"},{"@type":"ListItem","position":2,"name":"Shop","item":"https:\/\/truusk.store\/shop\/"},{"@type":"ListItem","position":3,"name":"TRUUSK Cykelgaraget\u00e4lt &#8211; Vattent\u00e4t Cykelskjul Med D\u00f6rr &#8211; Anti-damm Cykelt\u00e4ckning &#8211; Utomhusskydd &#8211; F\u00f6r Hemmet, Tr\u00e4dg\u00e5rd Bakg\u00e5rd &#8211;"}]},{"@type":"WebSite","@id":"https:\/\/truusk.store\/sv\/#website","url":"https:\/\/truusk.store\/sv\/","name":"TRUUSK - Hem, Tr\u00e4dg\u00e5rd & Fritid","description":"","publisher":{"@id":"https:\/\/truusk.store\/sv\/#organization"},"potentialAction":[{"@type":"SearchAction","target":{"@type":"EntryPoint","urlTemplate":"https:\/\/truusk.store\/sv\/?s={search_term_string}"},"query-input":{"@type":"PropertyValueSpecification","valueRequired":true,"valueName":"search_term_string"}}],"inLanguage":"sv-SE"},{"@type":"Organization","@id":"https:\/\/truusk.store\/sv\/#organization","name":"TRUUSK - Hem, Tr\u00e4dg\u00e5rd & Fritid","url":"https:\/\/truusk.store\/sv\/","logo":{"@type":"ImageObject","inLanguage":"sv-SE","@id":"https:\/\/truusk.store\/sv\/#\/schema\/logo\/image\/","url":"https:\/\/i0.wp.com\/truusk.store\/wp-content\/uploads\/2026\/03\/cropped-TRUUSK.png?fit=2032%2C917&ssl=1","contentUrl":"https:\/\/i0.wp.com\/truusk.store\/wp-content\/uploads\/2026\/03\/cropped-TRUUSK.png?fit=2032%2C917&ssl=1","width":2032,"height":917,"caption":"TRUUSK - Hem, Tr\u00e4dg\u00e5rd & Fritid"},"image":{"@id":"https:\/\/truusk.store\/sv\/#\/schema\/logo\/image\/"}}]}},"jetpack_sharing_enabled":true,"_links":{"self":[{"href":"https:\/\/truusk.store\/sv\/wp-json\/wp\/v2\/product\/70027","targetHints":{"allow":["GET"]}}],"collection":[{"href":"https:\/\/truusk.store\/sv\/wp-json\/wp\/v2\/product"}],"about":[{"href":"https:\/\/truusk.store\/sv\/wp-json\/wp\/v2\/types\/product"}],"wp:featuredmedia":[{"embeddable":true,"href":"https:\/\/truusk.store\/sv\/wp-json\/wp\/v2\/media\/70018"}],"wp:attachment":[{"href":"https:\/\/truusk.store\/sv\/wp-json\/wp\/v2\/media?parent=70027"}],"wp:term":[{"taxonomy":"product_brand","embeddable":true,"href":"https:\/\/truusk.store\/sv\/wp-json\/wp\/v2\/product_brand?post=70027"},{"taxonomy":"product_cat","embeddable":true,"href":"https:\/\/truusk.store\/sv\/wp-json\/wp\/v2\/product_cat?post=70027"},{"taxonomy":"product_tag","embeddable":true,"href":"https:\/\/truusk.store\/sv\/wp-json\/wp\/v2\/product_tag?post=70027"}],"curies":[{"name":"wp","href":"https:\/\/api.w.org\/{rel}","templated":true}]}}