{"id":70097,"date":"2025-06-05T18:53:51","date_gmt":"2025-06-05T17:53:51","guid":{"rendered":"https:\/\/truusk.store\/product\/tradgardsskap-i-tra-vadersakert-redskapsskjul-110x60x885cm-redskapshus-med-dorr-fallbart-tak-hyllor-redskapsskap-tradgardshus-verktygsskap-tradgardsskjul-for-terrass-bakgard-ljusgra\/"},"modified":"2026-03-12T09:45:34","modified_gmt":"2026-03-12T08:45:34","slug":"truusk-tradgardsskap-i-tra-vadersakert-redskapsskjul-fallbart-tak-hyllor-for-terrass-och-bakgard-ljusgra","status":"publish","type":"product","link":"https:\/\/truusk.store\/sv\/produkt\/truusk-tradgardsskap-i-tra-vadersakert-redskapsskjul-fallbart-tak-hyllor-for-terrass-och-bakgard-ljusgra\/","title":{"rendered":"TRUUSK Tr\u00e4dg\u00e5rdssk\u00e5p i tr\u00e4 &#8211; V\u00e4ders\u00e4kert redskapsskjul &#8211; F\u00e4llbart tak &#8211; Hyllor &#8211; F\u00f6r terrass och bakg\u00e5rd &#8211; Ljusgr\u00e5"},"content":{"rendered":"<p>Upplev charmen med TRUUSKs v\u00e4derbest\u00e4ndiga tr\u00e4dg\u00e5rdssk\u00e5p, ett perfekt tillskott till din tr\u00e4dg\u00e5rd. Detta tr\u00e4verktygssk\u00e5p har en inbyggd hylla f\u00f6r att ordna dina verktyg och en plan yta som \u00e4r idealisk f\u00f6r plantering eller f\u00f6r att visa din sk\u00f6rd. Skydda dina verktyg bakom attraktiva lada d\u00f6rrar med ett enkelt l\u00e5s. Tr\u00e4dg\u00e5rdssk\u00e5pet i tr\u00e4 erbjuder praktiskt f\u00f6rvaringsutrymme i en lantlig look.<\/p>\n<p>Beskrivning:<\/p>\n<ul>\n<li> Inbyggd hylla i tr\u00e4dg\u00e5rdssk\u00e5pet lagrar tr\u00e4dg\u00e5rdsverktyg effektivt och f\u00f6rb\u00e4ttrar organisationen i ditt utomhusomr\u00e5de<\/li>\n<li> Platt topp f\u00f6r plantering av blommor eller f\u00f6r lagring av sk\u00f6rd<\/li>\n<li> L\u00e5sning av tr\u00e4verktygssk\u00e5pet s\u00e4krar verktyg, d\u00f6rrar i lada-look f\u00f6rb\u00e4ttrar tr\u00e4dg\u00e5rdsestetiken<\/li>\n<li> Skyddande bel\u00e4ggning p\u00e5 tr\u00e4verktygssk\u00e5pet p\u00e5 massivt tr\u00e4 f\u00f6rhindrar f\u00f6rfall<\/li>\n<li> H\u00f6jda ben f\u00f6rhindrar markfukt<\/li>\n<\/ul>\n<p> Tekniska data:<\/p>\n<ul>\n<li> F\u00e4rg: Ljusgr\u00e5<\/li>\n<li> Material: Grantr\u00e4<\/li>\n<li> Totala dimensioner: 110L x 60B x 88,5H cm<\/li>\n<li> Golvstorlek: 105B x 58T cm, 0,6 m\u00b2<\/li>\n<li> Enskild d\u00f6rrstorlek: 47,5B x 67,5H cm<\/li>\n<li> Hyllstorlek: 101B x 53T cm<\/li>\n<li> Maximal belastning: 25 kg (per hylla)<\/li>\n<\/ul>\n<p>Leveransinneh\u00e5ll:<\/p>\n<ul>\n<li> 1 x Tr\u00e4dg\u00e5rdsverktygssk\u00e5p<\/li>\n<li> 1 x Bruksanvisning<\/li>\n<\/ul>\n","protected":false},"excerpt":{"rendered":"<p>Upplev charmen med TRUUSKs v\u00e4derbest\u00e4ndiga tr\u00e4dg\u00e5rdssk\u00e5p, ett perfekt tillskott till din tr\u00e4dg\u00e5rd. Detta tr\u00e4verktygssk\u00e5p har en inbyggd hylla f\u00f6r att&#8230;<\/p>\n","protected":false},"featured_media":70088,"template":"","meta":[],"product_brand":[],"product_cat":[901,858,437],"product_tag":[],"class_list":{"0":"post-70097","1":"product","2":"type-product","3":"status-publish","4":"has-post-thumbnail","6":"product_cat-ordning-i-tradgarden","7":"product_cat-tradgard-terrass","8":"product_cat-tradgardsskap","10":"first","11":"instock","12":"sale","13":"taxable","14":"shipping-taxable","15":"purchasable","16":"product-type-simple"},"yoast_head":"<!-- This site is optimized with the Yoast SEO plugin v25.4 - https:\/\/yoast.com\/wordpress\/plugins\/seo\/ -->\n<title>TRUUSK Tr\u00e4dg\u00e5rdssk\u00e5p i tr\u00e4 - V\u00e4ders\u00e4kert redskapsskjul - F\u00e4llbart tak - Hyllor - F\u00f6r terrass och bakg\u00e5rd - Ljusgr\u00e5 - TRUUSK - Hem, Tr\u00e4dg\u00e5rd &amp; Fritid<\/title>\n<meta name=\"robots\" content=\"index, follow, max-snippet:-1, max-image-preview:large, max-video-preview:-1\" \/>\n<link rel=\"canonical\" href=\"https:\/\/truusk.store\/sv\/produkt\/truusk-tradgardsskap-i-tra-vadersakert-redskapsskjul-fallbart-tak-hyllor-for-terrass-och-bakgard-ljusgra\/\" \/>\n<meta property=\"og:locale\" content=\"sv_SE\" \/>\n<meta property=\"og:type\" content=\"article\" \/>\n<meta property=\"og:title\" content=\"TRUUSK Tr\u00e4dg\u00e5rdssk\u00e5p i tr\u00e4 - V\u00e4ders\u00e4kert redskapsskjul - F\u00e4llbart tak - Hyllor - F\u00f6r terrass och bakg\u00e5rd - Ljusgr\u00e5 - TRUUSK - Hem, Tr\u00e4dg\u00e5rd &amp; Fritid\" \/>\n<meta property=\"og:description\" content=\"Upplev charmen med TRUUSKs v\u00e4derbest\u00e4ndiga tr\u00e4dg\u00e5rdssk\u00e5p, ett perfekt tillskott till din tr\u00e4dg\u00e5rd. Detta tr\u00e4verktygssk\u00e5p har en inbyggd hylla f\u00f6r att...\" \/>\n<meta property=\"og:url\" content=\"https:\/\/truusk.store\/sv\/produkt\/truusk-tradgardsskap-i-tra-vadersakert-redskapsskjul-fallbart-tak-hyllor-for-terrass-och-bakgard-ljusgra\/\" \/>\n<meta property=\"og:site_name\" content=\"TRUUSK - Hem, Tr\u00e4dg\u00e5rd &amp; Fritid\" \/>\n<meta property=\"article:modified_time\" content=\"2026-03-12T08:45:34+00:00\" \/>\n<meta property=\"og:image\" content=\"https:\/\/i0.wp.com\/truusk.se\/wp-content\/uploads\/2025\/06\/tradgardsskap-i-tra-vadersakert-redskapsskjul-110x60x885cm-redskapshus-med-dorr-fallbart-tak-hyllor-redskapsskap-tradgardshus-verktygsskap-tradgardsskjul-for-terrass-bakgard-ljusgra-1.webp?fit=2000%2C2000&ssl=1\" \/>\n\t<meta property=\"og:image:width\" content=\"2000\" \/>\n\t<meta property=\"og:image:height\" content=\"2000\" \/>\n\t<meta property=\"og:image:type\" content=\"image\/webp\" \/>\n<meta name=\"twitter:card\" content=\"summary_large_image\" \/>\n<meta name=\"twitter:label1\" content=\"Ber\u00e4knad l\u00e4stid\" \/>\n\t<meta name=\"twitter:data1\" content=\"1 minut\" \/>\n<!-- \/ Yoast SEO plugin. -->","yoast_head_json":{"title":"TRUUSK Tr\u00e4dg\u00e5rdssk\u00e5p i tr\u00e4 - V\u00e4ders\u00e4kert redskapsskjul - F\u00e4llbart tak - Hyllor - F\u00f6r terrass och bakg\u00e5rd - Ljusgr\u00e5 - TRUUSK - Hem, Tr\u00e4dg\u00e5rd &amp; Fritid","robots":{"index":"index","follow":"follow","max-snippet":"max-snippet:-1","max-image-preview":"max-image-preview:large","max-video-preview":"max-video-preview:-1"},"canonical":"https:\/\/truusk.store\/sv\/produkt\/truusk-tradgardsskap-i-tra-vadersakert-redskapsskjul-fallbart-tak-hyllor-for-terrass-och-bakgard-ljusgra\/","og_locale":"sv_SE","og_type":"article","og_title":"TRUUSK Tr\u00e4dg\u00e5rdssk\u00e5p i tr\u00e4 - V\u00e4ders\u00e4kert redskapsskjul - F\u00e4llbart tak - Hyllor - F\u00f6r terrass och bakg\u00e5rd - Ljusgr\u00e5 - TRUUSK - Hem, Tr\u00e4dg\u00e5rd &amp; Fritid","og_description":"Upplev charmen med TRUUSKs v\u00e4derbest\u00e4ndiga tr\u00e4dg\u00e5rdssk\u00e5p, ett perfekt tillskott till din tr\u00e4dg\u00e5rd. Detta tr\u00e4verktygssk\u00e5p har en inbyggd hylla f\u00f6r att...","og_url":"https:\/\/truusk.store\/sv\/produkt\/truusk-tradgardsskap-i-tra-vadersakert-redskapsskjul-fallbart-tak-hyllor-for-terrass-och-bakgard-ljusgra\/","og_site_name":"TRUUSK - Hem, Tr\u00e4dg\u00e5rd &amp; Fritid","article_modified_time":"2026-03-12T08:45:34+00:00","og_image":[{"width":2000,"height":2000,"url":"https:\/\/i0.wp.com\/truusk.se\/wp-content\/uploads\/2025\/06\/tradgardsskap-i-tra-vadersakert-redskapsskjul-110x60x885cm-redskapshus-med-dorr-fallbart-tak-hyllor-redskapsskap-tradgardshus-verktygsskap-tradgardsskjul-for-terrass-bakgard-ljusgra-1.webp?fit=2000%2C2000&ssl=1","type":"image\/webp"}],"twitter_card":"summary_large_image","twitter_misc":{"Ber\u00e4knad l\u00e4stid":"1 minut"},"schema":{"@context":"https:\/\/schema.org","@graph":[{"@type":"WebPage","@id":"https:\/\/truusk.store\/sv\/produkt\/truusk-tradgardsskap-i-tra-vadersakert-redskapsskjul-fallbart-tak-hyllor-for-terrass-och-bakgard-ljusgra\/","url":"https:\/\/truusk.store\/sv\/produkt\/truusk-tradgardsskap-i-tra-vadersakert-redskapsskjul-fallbart-tak-hyllor-for-terrass-och-bakgard-ljusgra\/","name":"TRUUSK Tr\u00e4dg\u00e5rdssk\u00e5p i tr\u00e4 - V\u00e4ders\u00e4kert redskapsskjul - F\u00e4llbart tak - Hyllor - F\u00f6r terrass och bakg\u00e5rd - Ljusgr\u00e5 - TRUUSK - Hem, Tr\u00e4dg\u00e5rd &amp; Fritid","isPartOf":{"@id":"https:\/\/truusk.store\/sv\/#website"},"primaryImageOfPage":{"@id":"https:\/\/truusk.store\/sv\/produkt\/truusk-tradgardsskap-i-tra-vadersakert-redskapsskjul-fallbart-tak-hyllor-for-terrass-och-bakgard-ljusgra\/#primaryimage"},"image":{"@id":"https:\/\/truusk.store\/sv\/produkt\/truusk-tradgardsskap-i-tra-vadersakert-redskapsskjul-fallbart-tak-hyllor-for-terrass-och-bakgard-ljusgra\/#primaryimage"},"thumbnailUrl":"https:\/\/i0.wp.com\/truusk.store\/wp-content\/uploads\/2025\/06\/tradgardsskap-i-tra-vadersakert-redskapsskjul-110x60x885cm-redskapshus-med-dorr-fallbart-tak-hyllor-redskapsskap-tradgardshus-verktygsskap-tradgardsskjul-for-terrass-bakgard-ljusgra-1.webp?fit=2000%2C2000&ssl=1","datePublished":"2025-06-05T17:53:51+00:00","dateModified":"2026-03-12T08:45:34+00:00","breadcrumb":{"@id":"https:\/\/truusk.store\/sv\/produkt\/truusk-tradgardsskap-i-tra-vadersakert-redskapsskjul-fallbart-tak-hyllor-for-terrass-och-bakgard-ljusgra\/#breadcrumb"},"inLanguage":"sv-SE","potentialAction":[{"@type":"ReadAction","target":["https:\/\/truusk.store\/sv\/produkt\/truusk-tradgardsskap-i-tra-vadersakert-redskapsskjul-fallbart-tak-hyllor-for-terrass-och-bakgard-ljusgra\/"]}]},{"@type":"ImageObject","inLanguage":"sv-SE","@id":"https:\/\/truusk.store\/sv\/produkt\/truusk-tradgardsskap-i-tra-vadersakert-redskapsskjul-fallbart-tak-hyllor-for-terrass-och-bakgard-ljusgra\/#primaryimage","url":"https:\/\/i0.wp.com\/truusk.store\/wp-content\/uploads\/2025\/06\/tradgardsskap-i-tra-vadersakert-redskapsskjul-110x60x885cm-redskapshus-med-dorr-fallbart-tak-hyllor-redskapsskap-tradgardshus-verktygsskap-tradgardsskjul-for-terrass-bakgard-ljusgra-1.webp?fit=2000%2C2000&ssl=1","contentUrl":"https:\/\/i0.wp.com\/truusk.store\/wp-content\/uploads\/2025\/06\/tradgardsskap-i-tra-vadersakert-redskapsskjul-110x60x885cm-redskapshus-med-dorr-fallbart-tak-hyllor-redskapsskap-tradgardshus-verktygsskap-tradgardsskjul-for-terrass-bakgard-ljusgra-1.webp?fit=2000%2C2000&ssl=1","width":2000,"height":2000},{"@type":"BreadcrumbList","@id":"https:\/\/truusk.store\/sv\/produkt\/truusk-tradgardsskap-i-tra-vadersakert-redskapsskjul-fallbart-tak-hyllor-for-terrass-och-bakgard-ljusgra\/#breadcrumb","itemListElement":[{"@type":"ListItem","position":1,"name":"Home","item":"https:\/\/truusk.store\/sv\/"},{"@type":"ListItem","position":2,"name":"Shop","item":"https:\/\/truusk.store\/shop\/"},{"@type":"ListItem","position":3,"name":"TRUUSK Tr\u00e4dg\u00e5rdssk\u00e5p i tr\u00e4 &#8211; V\u00e4ders\u00e4kert redskapsskjul &#8211; F\u00e4llbart tak &#8211; Hyllor &#8211; F\u00f6r terrass och bakg\u00e5rd &#8211; Ljusgr\u00e5"}]},{"@type":"WebSite","@id":"https:\/\/truusk.store\/sv\/#website","url":"https:\/\/truusk.store\/sv\/","name":"TRUUSK - Hem, Tr\u00e4dg\u00e5rd & Fritid","description":"","publisher":{"@id":"https:\/\/truusk.store\/sv\/#organization"},"potentialAction":[{"@type":"SearchAction","target":{"@type":"EntryPoint","urlTemplate":"https:\/\/truusk.store\/sv\/?s={search_term_string}"},"query-input":{"@type":"PropertyValueSpecification","valueRequired":true,"valueName":"search_term_string"}}],"inLanguage":"sv-SE"},{"@type":"Organization","@id":"https:\/\/truusk.store\/sv\/#organization","name":"TRUUSK - Hem, Tr\u00e4dg\u00e5rd & Fritid","url":"https:\/\/truusk.store\/sv\/","logo":{"@type":"ImageObject","inLanguage":"sv-SE","@id":"https:\/\/truusk.store\/sv\/#\/schema\/logo\/image\/","url":"https:\/\/i0.wp.com\/truusk.store\/wp-content\/uploads\/2026\/03\/cropped-TRUUSK.png?fit=2032%2C917&ssl=1","contentUrl":"https:\/\/i0.wp.com\/truusk.store\/wp-content\/uploads\/2026\/03\/cropped-TRUUSK.png?fit=2032%2C917&ssl=1","width":2032,"height":917,"caption":"TRUUSK - Hem, Tr\u00e4dg\u00e5rd & Fritid"},"image":{"@id":"https:\/\/truusk.store\/sv\/#\/schema\/logo\/image\/"}}]}},"jetpack_sharing_enabled":true,"_links":{"self":[{"href":"https:\/\/truusk.store\/sv\/wp-json\/wp\/v2\/product\/70097","targetHints":{"allow":["GET"]}}],"collection":[{"href":"https:\/\/truusk.store\/sv\/wp-json\/wp\/v2\/product"}],"about":[{"href":"https:\/\/truusk.store\/sv\/wp-json\/wp\/v2\/types\/product"}],"wp:featuredmedia":[{"embeddable":true,"href":"https:\/\/truusk.store\/sv\/wp-json\/wp\/v2\/media\/70088"}],"wp:attachment":[{"href":"https:\/\/truusk.store\/sv\/wp-json\/wp\/v2\/media?parent=70097"}],"wp:term":[{"taxonomy":"product_brand","embeddable":true,"href":"https:\/\/truusk.store\/sv\/wp-json\/wp\/v2\/product_brand?post=70097"},{"taxonomy":"product_cat","embeddable":true,"href":"https:\/\/truusk.store\/sv\/wp-json\/wp\/v2\/product_cat?post=70097"},{"taxonomy":"product_tag","embeddable":true,"href":"https:\/\/truusk.store\/sv\/wp-json\/wp\/v2\/product_tag?post=70097"}],"curies":[{"name":"wp","href":"https:\/\/api.w.org\/{rel}","templated":true}]}}