{"id":70137,"date":"2025-06-05T18:57:43","date_gmt":"2025-06-05T17:57:43","guid":{"rendered":"https:\/\/truusk.store\/product\/tradgardsskap-i-tra-vadersakert-redskapsskjul-110x50x85cm-redskapshus-med-dorr-sadeltak-hyllor-redskapsskap-tradgardshus-verktygsskap-tradgardsskjul-for-tradgard-terrass-bakgard-brun\/"},"modified":"2026-03-12T09:45:35","modified_gmt":"2026-03-12T08:45:35","slug":"truusk-tradgardsskap-i-tra-vadersakert-110x50x85cm-med-dorr-sadeltak-hyllor-for-tradgard-terrass-brun","status":"publish","type":"product","link":"https:\/\/truusk.store\/sv\/produkt\/truusk-tradgardsskap-i-tra-vadersakert-110x50x85cm-med-dorr-sadeltak-hyllor-for-tradgard-terrass-brun\/","title":{"rendered":"TRUUSK Tr\u00e4dg\u00e5rdssk\u00e5p I Tr\u00e4 &#8211; V\u00e4ders\u00e4kert &#8211; 110x50x85cm &#8211; Med D\u00f6rr &#8211; Sadeltak &#8211; Hyllor &#8211; F\u00f6r Tr\u00e4dg\u00e5rd, Terrass &#8211; Brun"},"content":{"rendered":"<p>Detta tv\u00e5stegs, lilla TRUUSK v\u00e4derbest\u00e4ndiga tr\u00e4dg\u00e5rdssk\u00e5p underl\u00e4ttar organiseringen av dina verktyg och utnyttjar begr\u00e4nsade ytor optimalt. Tack vare dubbla d\u00f6rrar har du l\u00e4tt tillg\u00e5ng till dina saker och det sluttande, vattenavvisande tr\u00e4designen p\u00e5 tr\u00e4dg\u00e5rdssk\u00e5pet minskar underh\u00e5llsbehovet. Idealiskt tr\u00e4dg\u00e5rdssk\u00e5p f\u00f6r tr\u00e4dg\u00e5rdsentusiaster som vill skapa ordning i sina utomhusomr\u00e5den!<\/p>\n<p>Beskrivning:<\/p>\n<ul>\n<li> Den kompakta storleken p\u00e5 tr\u00e4verktygssk\u00e5pet passar perfekt in i sm\u00e5 tr\u00e4dg\u00e5rdar eller terrasser<\/li>\n<li> 2-stegs hyllan i tr\u00e4verktygssk\u00e5pet erbjuder plats f\u00f6r en m\u00e4ngd tr\u00e4dg\u00e5rdsverktyg och tillbeh\u00f6r<\/li>\n<li> Tv\u00e5 fr\u00e4mre d\u00f6rrar p\u00e5 tr\u00e4dg\u00e5rdssk\u00e5pet ger enkel tillg\u00e5ng, utrustade med metallhandtag<\/li>\n<li> Det sluttande takdesignen f\u00f6rhindrar vattenansamlingar och \u00f6kar h\u00e5llbarheten<\/li>\n<li> Lackad tr\u00e4yta ger n\u00f6dv\u00e4ndigt vattenmotst\u00e5nd f\u00f6r en l\u00e5ng livsl\u00e4ngd<\/li>\n<li> Rekommenderas f\u00f6r montering av 1-2 personer<\/li>\n<\/ul>\n<p>Tekniska data:<\/p>\n<ul>\n<li> F\u00e4rg: Brun<\/li>\n<li> Material: Grantr\u00e4<\/li>\n<li> Totala dimensioner: 110L x 50B x 77\/85H cm<\/li>\n<li> Golvarea: 0,5 m\u00b2<\/li>\n<li> D\u00f6rrstorlek: 47,5B x 67H cm<\/li>\n<li> Inre hyllstorlek: 101B x 43T cm<\/li>\n<li> Hyllavst\u00e5nd: 33H cm<\/li>\n<li> Hyllans b\u00e4rkapacitet: 25 kg<\/li>\n<\/ul>\n<p>Leveransinneh\u00e5ll:<\/p>\n<ul>\n<li> 1 x Tr\u00e4dg\u00e5rdssk\u00e5p i tr\u00e4<\/li>\n<li> 1 x Handbok<\/li>\n<\/ul>\n","protected":false},"excerpt":{"rendered":"<p>Detta tv\u00e5stegs, lilla TRUUSK v\u00e4derbest\u00e4ndiga tr\u00e4dg\u00e5rdssk\u00e5p underl\u00e4ttar organiseringen av dina verktyg och utnyttjar begr\u00e4nsade ytor optimalt. Tack vare dubbla d\u00f6rrar&#8230;<\/p>\n","protected":false},"featured_media":70128,"template":"","meta":[],"product_brand":[],"product_cat":[901,858,437],"product_tag":[],"class_list":{"0":"post-70137","1":"product","2":"type-product","3":"status-publish","4":"has-post-thumbnail","6":"product_cat-ordning-i-tradgarden","7":"product_cat-tradgard-terrass","8":"product_cat-tradgardsskap","10":"first","11":"instock","12":"sale","13":"taxable","14":"shipping-taxable","15":"purchasable","16":"product-type-simple"},"yoast_head":"<!-- This site is optimized with the Yoast SEO plugin v25.4 - https:\/\/yoast.com\/wordpress\/plugins\/seo\/ -->\n<title>TRUUSK Tr\u00e4dg\u00e5rdssk\u00e5p I Tr\u00e4 - V\u00e4ders\u00e4kert - 110x50x85cm - Med D\u00f6rr - Sadeltak - Hyllor - F\u00f6r Tr\u00e4dg\u00e5rd, Terrass - Brun - TRUUSK - Hem, Tr\u00e4dg\u00e5rd &amp; Fritid<\/title>\n<meta name=\"robots\" content=\"index, follow, max-snippet:-1, max-image-preview:large, max-video-preview:-1\" \/>\n<link rel=\"canonical\" href=\"https:\/\/truusk.store\/sv\/produkt\/truusk-tradgardsskap-i-tra-vadersakert-110x50x85cm-med-dorr-sadeltak-hyllor-for-tradgard-terrass-brun\/\" \/>\n<meta property=\"og:locale\" content=\"sv_SE\" \/>\n<meta property=\"og:type\" content=\"article\" \/>\n<meta property=\"og:title\" content=\"TRUUSK Tr\u00e4dg\u00e5rdssk\u00e5p I Tr\u00e4 - V\u00e4ders\u00e4kert - 110x50x85cm - Med D\u00f6rr - Sadeltak - Hyllor - F\u00f6r Tr\u00e4dg\u00e5rd, Terrass - Brun - TRUUSK - Hem, Tr\u00e4dg\u00e5rd &amp; Fritid\" \/>\n<meta property=\"og:description\" content=\"Detta tv\u00e5stegs, lilla TRUUSK v\u00e4derbest\u00e4ndiga tr\u00e4dg\u00e5rdssk\u00e5p underl\u00e4ttar organiseringen av dina verktyg och utnyttjar begr\u00e4nsade ytor optimalt. Tack vare dubbla d\u00f6rrar...\" \/>\n<meta property=\"og:url\" content=\"https:\/\/truusk.store\/sv\/produkt\/truusk-tradgardsskap-i-tra-vadersakert-110x50x85cm-med-dorr-sadeltak-hyllor-for-tradgard-terrass-brun\/\" \/>\n<meta property=\"og:site_name\" content=\"TRUUSK - Hem, Tr\u00e4dg\u00e5rd &amp; Fritid\" \/>\n<meta property=\"article:modified_time\" content=\"2026-03-12T08:45:35+00:00\" \/>\n<meta property=\"og:image\" content=\"https:\/\/i0.wp.com\/truusk.se\/wp-content\/uploads\/2025\/06\/tradgardsskap-i-tra-vadersakert-redskapsskjul-110x50x85cm-redskapshus-med-dorr-sadeltak-hyllor-redskapsskap-tradgardshus-verktygsskap-tradgardsskjul-for-tradgard-terrass-bakgard-brun-1.webp?fit=2000%2C2000&ssl=1\" \/>\n\t<meta property=\"og:image:width\" content=\"2000\" \/>\n\t<meta property=\"og:image:height\" content=\"2000\" \/>\n\t<meta property=\"og:image:type\" content=\"image\/webp\" \/>\n<meta name=\"twitter:card\" content=\"summary_large_image\" \/>\n<meta name=\"twitter:label1\" content=\"Ber\u00e4knad l\u00e4stid\" \/>\n\t<meta name=\"twitter:data1\" content=\"1 minut\" \/>\n<!-- \/ Yoast SEO plugin. -->","yoast_head_json":{"title":"TRUUSK Tr\u00e4dg\u00e5rdssk\u00e5p I Tr\u00e4 - V\u00e4ders\u00e4kert - 110x50x85cm - Med D\u00f6rr - Sadeltak - Hyllor - F\u00f6r Tr\u00e4dg\u00e5rd, Terrass - Brun - TRUUSK - Hem, Tr\u00e4dg\u00e5rd &amp; Fritid","robots":{"index":"index","follow":"follow","max-snippet":"max-snippet:-1","max-image-preview":"max-image-preview:large","max-video-preview":"max-video-preview:-1"},"canonical":"https:\/\/truusk.store\/sv\/produkt\/truusk-tradgardsskap-i-tra-vadersakert-110x50x85cm-med-dorr-sadeltak-hyllor-for-tradgard-terrass-brun\/","og_locale":"sv_SE","og_type":"article","og_title":"TRUUSK Tr\u00e4dg\u00e5rdssk\u00e5p I Tr\u00e4 - V\u00e4ders\u00e4kert - 110x50x85cm - Med D\u00f6rr - Sadeltak - Hyllor - F\u00f6r Tr\u00e4dg\u00e5rd, Terrass - Brun - TRUUSK - Hem, Tr\u00e4dg\u00e5rd &amp; Fritid","og_description":"Detta tv\u00e5stegs, lilla TRUUSK v\u00e4derbest\u00e4ndiga tr\u00e4dg\u00e5rdssk\u00e5p underl\u00e4ttar organiseringen av dina verktyg och utnyttjar begr\u00e4nsade ytor optimalt. Tack vare dubbla d\u00f6rrar...","og_url":"https:\/\/truusk.store\/sv\/produkt\/truusk-tradgardsskap-i-tra-vadersakert-110x50x85cm-med-dorr-sadeltak-hyllor-for-tradgard-terrass-brun\/","og_site_name":"TRUUSK - Hem, Tr\u00e4dg\u00e5rd &amp; Fritid","article_modified_time":"2026-03-12T08:45:35+00:00","og_image":[{"width":2000,"height":2000,"url":"https:\/\/i0.wp.com\/truusk.se\/wp-content\/uploads\/2025\/06\/tradgardsskap-i-tra-vadersakert-redskapsskjul-110x50x85cm-redskapshus-med-dorr-sadeltak-hyllor-redskapsskap-tradgardshus-verktygsskap-tradgardsskjul-for-tradgard-terrass-bakgard-brun-1.webp?fit=2000%2C2000&ssl=1","type":"image\/webp"}],"twitter_card":"summary_large_image","twitter_misc":{"Ber\u00e4knad l\u00e4stid":"1 minut"},"schema":{"@context":"https:\/\/schema.org","@graph":[{"@type":"WebPage","@id":"https:\/\/truusk.store\/sv\/produkt\/truusk-tradgardsskap-i-tra-vadersakert-110x50x85cm-med-dorr-sadeltak-hyllor-for-tradgard-terrass-brun\/","url":"https:\/\/truusk.store\/sv\/produkt\/truusk-tradgardsskap-i-tra-vadersakert-110x50x85cm-med-dorr-sadeltak-hyllor-for-tradgard-terrass-brun\/","name":"TRUUSK Tr\u00e4dg\u00e5rdssk\u00e5p I Tr\u00e4 - V\u00e4ders\u00e4kert - 110x50x85cm - Med D\u00f6rr - Sadeltak - Hyllor - F\u00f6r Tr\u00e4dg\u00e5rd, Terrass - Brun - TRUUSK - Hem, Tr\u00e4dg\u00e5rd &amp; Fritid","isPartOf":{"@id":"https:\/\/truusk.store\/sv\/#website"},"primaryImageOfPage":{"@id":"https:\/\/truusk.store\/sv\/produkt\/truusk-tradgardsskap-i-tra-vadersakert-110x50x85cm-med-dorr-sadeltak-hyllor-for-tradgard-terrass-brun\/#primaryimage"},"image":{"@id":"https:\/\/truusk.store\/sv\/produkt\/truusk-tradgardsskap-i-tra-vadersakert-110x50x85cm-med-dorr-sadeltak-hyllor-for-tradgard-terrass-brun\/#primaryimage"},"thumbnailUrl":"https:\/\/i0.wp.com\/truusk.store\/wp-content\/uploads\/2025\/06\/tradgardsskap-i-tra-vadersakert-redskapsskjul-110x50x85cm-redskapshus-med-dorr-sadeltak-hyllor-redskapsskap-tradgardshus-verktygsskap-tradgardsskjul-for-tradgard-terrass-bakgard-brun-1.webp?fit=2000%2C2000&ssl=1","datePublished":"2025-06-05T17:57:43+00:00","dateModified":"2026-03-12T08:45:35+00:00","breadcrumb":{"@id":"https:\/\/truusk.store\/sv\/produkt\/truusk-tradgardsskap-i-tra-vadersakert-110x50x85cm-med-dorr-sadeltak-hyllor-for-tradgard-terrass-brun\/#breadcrumb"},"inLanguage":"sv-SE","potentialAction":[{"@type":"ReadAction","target":["https:\/\/truusk.store\/sv\/produkt\/truusk-tradgardsskap-i-tra-vadersakert-110x50x85cm-med-dorr-sadeltak-hyllor-for-tradgard-terrass-brun\/"]}]},{"@type":"ImageObject","inLanguage":"sv-SE","@id":"https:\/\/truusk.store\/sv\/produkt\/truusk-tradgardsskap-i-tra-vadersakert-110x50x85cm-med-dorr-sadeltak-hyllor-for-tradgard-terrass-brun\/#primaryimage","url":"https:\/\/i0.wp.com\/truusk.store\/wp-content\/uploads\/2025\/06\/tradgardsskap-i-tra-vadersakert-redskapsskjul-110x50x85cm-redskapshus-med-dorr-sadeltak-hyllor-redskapsskap-tradgardshus-verktygsskap-tradgardsskjul-for-tradgard-terrass-bakgard-brun-1.webp?fit=2000%2C2000&ssl=1","contentUrl":"https:\/\/i0.wp.com\/truusk.store\/wp-content\/uploads\/2025\/06\/tradgardsskap-i-tra-vadersakert-redskapsskjul-110x50x85cm-redskapshus-med-dorr-sadeltak-hyllor-redskapsskap-tradgardshus-verktygsskap-tradgardsskjul-for-tradgard-terrass-bakgard-brun-1.webp?fit=2000%2C2000&ssl=1","width":2000,"height":2000},{"@type":"BreadcrumbList","@id":"https:\/\/truusk.store\/sv\/produkt\/truusk-tradgardsskap-i-tra-vadersakert-110x50x85cm-med-dorr-sadeltak-hyllor-for-tradgard-terrass-brun\/#breadcrumb","itemListElement":[{"@type":"ListItem","position":1,"name":"Home","item":"https:\/\/truusk.store\/sv\/"},{"@type":"ListItem","position":2,"name":"Shop","item":"https:\/\/truusk.store\/shop\/"},{"@type":"ListItem","position":3,"name":"TRUUSK Tr\u00e4dg\u00e5rdssk\u00e5p I Tr\u00e4 &#8211; V\u00e4ders\u00e4kert &#8211; 110x50x85cm &#8211; Med D\u00f6rr &#8211; Sadeltak &#8211; Hyllor &#8211; F\u00f6r Tr\u00e4dg\u00e5rd, Terrass &#8211; Brun"}]},{"@type":"WebSite","@id":"https:\/\/truusk.store\/sv\/#website","url":"https:\/\/truusk.store\/sv\/","name":"TRUUSK - Hem, Tr\u00e4dg\u00e5rd & Fritid","description":"","publisher":{"@id":"https:\/\/truusk.store\/sv\/#organization"},"potentialAction":[{"@type":"SearchAction","target":{"@type":"EntryPoint","urlTemplate":"https:\/\/truusk.store\/sv\/?s={search_term_string}"},"query-input":{"@type":"PropertyValueSpecification","valueRequired":true,"valueName":"search_term_string"}}],"inLanguage":"sv-SE"},{"@type":"Organization","@id":"https:\/\/truusk.store\/sv\/#organization","name":"TRUUSK - Hem, Tr\u00e4dg\u00e5rd & Fritid","url":"https:\/\/truusk.store\/sv\/","logo":{"@type":"ImageObject","inLanguage":"sv-SE","@id":"https:\/\/truusk.store\/sv\/#\/schema\/logo\/image\/","url":"https:\/\/i0.wp.com\/truusk.store\/wp-content\/uploads\/2026\/03\/cropped-TRUUSK.png?fit=2032%2C917&ssl=1","contentUrl":"https:\/\/i0.wp.com\/truusk.store\/wp-content\/uploads\/2026\/03\/cropped-TRUUSK.png?fit=2032%2C917&ssl=1","width":2032,"height":917,"caption":"TRUUSK - Hem, Tr\u00e4dg\u00e5rd & Fritid"},"image":{"@id":"https:\/\/truusk.store\/sv\/#\/schema\/logo\/image\/"}}]}},"jetpack_sharing_enabled":true,"_links":{"self":[{"href":"https:\/\/truusk.store\/sv\/wp-json\/wp\/v2\/product\/70137","targetHints":{"allow":["GET"]}}],"collection":[{"href":"https:\/\/truusk.store\/sv\/wp-json\/wp\/v2\/product"}],"about":[{"href":"https:\/\/truusk.store\/sv\/wp-json\/wp\/v2\/types\/product"}],"wp:featuredmedia":[{"embeddable":true,"href":"https:\/\/truusk.store\/sv\/wp-json\/wp\/v2\/media\/70128"}],"wp:attachment":[{"href":"https:\/\/truusk.store\/sv\/wp-json\/wp\/v2\/media?parent=70137"}],"wp:term":[{"taxonomy":"product_brand","embeddable":true,"href":"https:\/\/truusk.store\/sv\/wp-json\/wp\/v2\/product_brand?post=70137"},{"taxonomy":"product_cat","embeddable":true,"href":"https:\/\/truusk.store\/sv\/wp-json\/wp\/v2\/product_cat?post=70137"},{"taxonomy":"product_tag","embeddable":true,"href":"https:\/\/truusk.store\/sv\/wp-json\/wp\/v2\/product_tag?post=70137"}],"curies":[{"name":"wp","href":"https:\/\/api.w.org\/{rel}","templated":true}]}}