{"id":70147,"date":"2025-06-05T18:58:35","date_gmt":"2025-06-05T17:58:35","guid":{"rendered":"https:\/\/truusk.store\/product\/paviljong-med-hardtop-4x3-m-vattentat-stabil-vinterfast-tradgardspaviljong-med-myggnat-krokar-sidopaneler-bagtak-tradgardspaviljong-av-aluminium-for-tradgard-terrass-brun\/"},"modified":"2026-03-12T08:40:54","modified_gmt":"2026-03-12T07:40:54","slug":"truusk-paviljong-med-hardtop-4x3-m-vattentat-vinterfast-tradgardspaviljong-myggnat-sidopaneler-aluminium-for-tradgard","status":"publish","type":"product","link":"https:\/\/truusk.store\/sv\/produkt\/truusk-paviljong-med-hardtop-4x3-m-vattentat-vinterfast-tradgardspaviljong-myggnat-sidopaneler-aluminium-for-tradgard\/","title":{"rendered":"TRUUSK Paviljong Med Hardtop, 4&#215;3 M &#8211; Vattent\u00e4t Vinterfast Tr\u00e4dg\u00e5rdspaviljong &#8211; Myggn\u00e4t &#8211; Sidopaneler &#8211; Aluminium &#8211; F\u00f6r Tr\u00e4dg\u00e5rd,"},"content":{"rendered":"<p>Detta paviljong med hardtop kombinerar elegans och funktionalitet. Det konstfullt v\u00e4lvda, vattent\u00e4ta paviljongtaket erbjuder l\u00e5ngvarigt och p\u00e5litligt skydd i alla v\u00e4der. Ramen p\u00e5 paviljongen med fast tak av pulverlackerat aluminium ger tillsammans med markspikarna optimal stabilitet. Med denna h\u00f6gkvalitativa paviljong med myggn\u00e4t blir n\u00e4sta fest, br\u00f6llop eller annan h\u00e4ndelse \u00e4nnu vackrare!<\/p>\n<p>Beskrivning:<\/p>\n<ul>\n<li> Rostfri aluminium paviljong med stabilt st\u00e5ltak f\u00f6r l\u00e5ng h\u00e5llbarhet utan korrosion eller fl\u00e4ckar<\/li>\n<li> Dubbelv\u00e4ggiga vattenavvisande sidopaneler: Polyester p\u00e5 utsidan och myggn\u00e4t p\u00e5 insidan, avtagbara och p\u00e5 alla 4 sidor f\u00f6rsedda med dragkedjor<\/li>\n<li> 2 krokar p\u00e5 tr\u00e4dg\u00e5rdspaviljongen f\u00f6r att h\u00e4nga upp belysning och v\u00e4rmestr\u00e5lare<\/li>\n<li> 12 markspikar f\u00f6r tr\u00e4dg\u00e5rdspaviljongen f\u00f6r f\u00f6rankring p\u00e5 mjuka underlag<\/li>\n<li> Observera: Ackumulerad sn\u00f6 m\u00e5ste tas bort fr\u00e5n taket<\/li>\n<\/ul>\n<p> Tekniska data:<\/p>\n<ul>\n<li> F\u00e4rg: Brons+Brun<\/li>\n<li> Material: Aluminium, St\u00e5l, Polyester, Nylon<\/li>\n<li> Totala m\u00e5tt: 398L x 298B x 280H cm<\/li>\n<li> Genomg\u00e5ngsh\u00f6jd: 200 cm<\/li>\n<li> Vindskyddsklass: 7 (50-61km\/h<\/li>\n<li>31,5-38,5mph)<\/li>\n<li> Sn\u00f6lastkapacitet: 220lb<\/li>\n<\/ul>\n<p>Leveransinneh\u00e5ll:<\/p>\n<ul>\n<li> 1 x Tr\u00e4dg\u00e5rdst\u00e4lt (inkl. 12 markspikar);<\/li>\n<\/ul>\n","protected":false},"excerpt":{"rendered":"<p>Detta paviljong med hardtop kombinerar elegans och funktionalitet. Det konstfullt v\u00e4lvda, vattent\u00e4ta paviljongtaket erbjuder l\u00e5ngvarigt och p\u00e5litligt skydd i alla&#8230;<\/p>\n","protected":false},"featured_media":70138,"template":"","meta":[],"product_brand":[],"product_cat":[477,858,476],"product_tag":[],"class_list":{"0":"post-70147","1":"product","2":"type-product","3":"status-publish","4":"has-post-thumbnail","6":"product_cat-paviljonger-partytalt","7":"product_cat-tradgard-terrass","8":"product_cat-tradgardspaviljonger","10":"first","11":"instock","12":"sale","13":"taxable","14":"shipping-taxable","15":"purchasable","16":"product-type-simple"},"yoast_head":"<!-- This site is optimized with the Yoast SEO plugin v25.4 - https:\/\/yoast.com\/wordpress\/plugins\/seo\/ -->\n<title>TRUUSK Paviljong Med Hardtop, 4x3 M - Vattent\u00e4t Vinterfast Tr\u00e4dg\u00e5rdspaviljong - Myggn\u00e4t - Sidopaneler - Aluminium - F\u00f6r Tr\u00e4dg\u00e5rd, - TRUUSK - Hem, Tr\u00e4dg\u00e5rd &amp; Fritid<\/title>\n<meta name=\"robots\" content=\"index, follow, max-snippet:-1, max-image-preview:large, max-video-preview:-1\" \/>\n<link rel=\"canonical\" href=\"https:\/\/truusk.store\/sv\/produkt\/truusk-paviljong-med-hardtop-4x3-m-vattentat-vinterfast-tradgardspaviljong-myggnat-sidopaneler-aluminium-for-tradgard\/\" \/>\n<meta property=\"og:locale\" content=\"sv_SE\" \/>\n<meta property=\"og:type\" content=\"article\" \/>\n<meta property=\"og:title\" content=\"TRUUSK Paviljong Med Hardtop, 4x3 M - Vattent\u00e4t Vinterfast Tr\u00e4dg\u00e5rdspaviljong - Myggn\u00e4t - Sidopaneler - Aluminium - F\u00f6r Tr\u00e4dg\u00e5rd, - TRUUSK - Hem, Tr\u00e4dg\u00e5rd &amp; Fritid\" \/>\n<meta property=\"og:description\" content=\"Detta paviljong med hardtop kombinerar elegans och funktionalitet. Det konstfullt v\u00e4lvda, vattent\u00e4ta paviljongtaket erbjuder l\u00e5ngvarigt och p\u00e5litligt skydd i alla...\" \/>\n<meta property=\"og:url\" content=\"https:\/\/truusk.store\/sv\/produkt\/truusk-paviljong-med-hardtop-4x3-m-vattentat-vinterfast-tradgardspaviljong-myggnat-sidopaneler-aluminium-for-tradgard\/\" \/>\n<meta property=\"og:site_name\" content=\"TRUUSK - Hem, Tr\u00e4dg\u00e5rd &amp; Fritid\" \/>\n<meta property=\"article:modified_time\" content=\"2026-03-12T07:40:54+00:00\" \/>\n<meta property=\"og:image\" content=\"https:\/\/i0.wp.com\/truusk.se\/wp-content\/uploads\/2025\/06\/paviljong-med-hardtop-4x3-m-vattentat-stabil-vinterfast-tradgardspaviljong-med-myggnat-krokar-sidopaneler-bagtak-tradgardspaviljong-av-aluminium-for-tradgard-terrass-brun-1.webp?fit=2000%2C2000&ssl=1\" \/>\n\t<meta property=\"og:image:width\" content=\"2000\" \/>\n\t<meta property=\"og:image:height\" content=\"2000\" \/>\n\t<meta property=\"og:image:type\" content=\"image\/webp\" \/>\n<meta name=\"twitter:card\" content=\"summary_large_image\" \/>\n<meta name=\"twitter:label1\" content=\"Ber\u00e4knad l\u00e4stid\" \/>\n\t<meta name=\"twitter:data1\" content=\"1 minut\" \/>\n<!-- \/ Yoast SEO plugin. -->","yoast_head_json":{"title":"TRUUSK Paviljong Med Hardtop, 4x3 M - Vattent\u00e4t Vinterfast Tr\u00e4dg\u00e5rdspaviljong - Myggn\u00e4t - Sidopaneler - Aluminium - F\u00f6r Tr\u00e4dg\u00e5rd, - TRUUSK - Hem, Tr\u00e4dg\u00e5rd &amp; Fritid","robots":{"index":"index","follow":"follow","max-snippet":"max-snippet:-1","max-image-preview":"max-image-preview:large","max-video-preview":"max-video-preview:-1"},"canonical":"https:\/\/truusk.store\/sv\/produkt\/truusk-paviljong-med-hardtop-4x3-m-vattentat-vinterfast-tradgardspaviljong-myggnat-sidopaneler-aluminium-for-tradgard\/","og_locale":"sv_SE","og_type":"article","og_title":"TRUUSK Paviljong Med Hardtop, 4x3 M - Vattent\u00e4t Vinterfast Tr\u00e4dg\u00e5rdspaviljong - Myggn\u00e4t - Sidopaneler - Aluminium - F\u00f6r Tr\u00e4dg\u00e5rd, - TRUUSK - Hem, Tr\u00e4dg\u00e5rd &amp; Fritid","og_description":"Detta paviljong med hardtop kombinerar elegans och funktionalitet. Det konstfullt v\u00e4lvda, vattent\u00e4ta paviljongtaket erbjuder l\u00e5ngvarigt och p\u00e5litligt skydd i alla...","og_url":"https:\/\/truusk.store\/sv\/produkt\/truusk-paviljong-med-hardtop-4x3-m-vattentat-vinterfast-tradgardspaviljong-myggnat-sidopaneler-aluminium-for-tradgard\/","og_site_name":"TRUUSK - Hem, Tr\u00e4dg\u00e5rd &amp; Fritid","article_modified_time":"2026-03-12T07:40:54+00:00","og_image":[{"width":2000,"height":2000,"url":"https:\/\/i0.wp.com\/truusk.se\/wp-content\/uploads\/2025\/06\/paviljong-med-hardtop-4x3-m-vattentat-stabil-vinterfast-tradgardspaviljong-med-myggnat-krokar-sidopaneler-bagtak-tradgardspaviljong-av-aluminium-for-tradgard-terrass-brun-1.webp?fit=2000%2C2000&ssl=1","type":"image\/webp"}],"twitter_card":"summary_large_image","twitter_misc":{"Ber\u00e4knad l\u00e4stid":"1 minut"},"schema":{"@context":"https:\/\/schema.org","@graph":[{"@type":"WebPage","@id":"https:\/\/truusk.store\/sv\/produkt\/truusk-paviljong-med-hardtop-4x3-m-vattentat-vinterfast-tradgardspaviljong-myggnat-sidopaneler-aluminium-for-tradgard\/","url":"https:\/\/truusk.store\/sv\/produkt\/truusk-paviljong-med-hardtop-4x3-m-vattentat-vinterfast-tradgardspaviljong-myggnat-sidopaneler-aluminium-for-tradgard\/","name":"TRUUSK Paviljong Med Hardtop, 4x3 M - Vattent\u00e4t Vinterfast Tr\u00e4dg\u00e5rdspaviljong - Myggn\u00e4t - Sidopaneler - Aluminium - F\u00f6r Tr\u00e4dg\u00e5rd, - TRUUSK - Hem, Tr\u00e4dg\u00e5rd &amp; Fritid","isPartOf":{"@id":"https:\/\/truusk.store\/sv\/#website"},"primaryImageOfPage":{"@id":"https:\/\/truusk.store\/sv\/produkt\/truusk-paviljong-med-hardtop-4x3-m-vattentat-vinterfast-tradgardspaviljong-myggnat-sidopaneler-aluminium-for-tradgard\/#primaryimage"},"image":{"@id":"https:\/\/truusk.store\/sv\/produkt\/truusk-paviljong-med-hardtop-4x3-m-vattentat-vinterfast-tradgardspaviljong-myggnat-sidopaneler-aluminium-for-tradgard\/#primaryimage"},"thumbnailUrl":"https:\/\/i0.wp.com\/truusk.store\/wp-content\/uploads\/2025\/06\/paviljong-med-hardtop-4x3-m-vattentat-stabil-vinterfast-tradgardspaviljong-med-myggnat-krokar-sidopaneler-bagtak-tradgardspaviljong-av-aluminium-for-tradgard-terrass-brun-1.webp?fit=2000%2C2000&ssl=1","datePublished":"2025-06-05T17:58:35+00:00","dateModified":"2026-03-12T07:40:54+00:00","breadcrumb":{"@id":"https:\/\/truusk.store\/sv\/produkt\/truusk-paviljong-med-hardtop-4x3-m-vattentat-vinterfast-tradgardspaviljong-myggnat-sidopaneler-aluminium-for-tradgard\/#breadcrumb"},"inLanguage":"sv-SE","potentialAction":[{"@type":"ReadAction","target":["https:\/\/truusk.store\/sv\/produkt\/truusk-paviljong-med-hardtop-4x3-m-vattentat-vinterfast-tradgardspaviljong-myggnat-sidopaneler-aluminium-for-tradgard\/"]}]},{"@type":"ImageObject","inLanguage":"sv-SE","@id":"https:\/\/truusk.store\/sv\/produkt\/truusk-paviljong-med-hardtop-4x3-m-vattentat-vinterfast-tradgardspaviljong-myggnat-sidopaneler-aluminium-for-tradgard\/#primaryimage","url":"https:\/\/i0.wp.com\/truusk.store\/wp-content\/uploads\/2025\/06\/paviljong-med-hardtop-4x3-m-vattentat-stabil-vinterfast-tradgardspaviljong-med-myggnat-krokar-sidopaneler-bagtak-tradgardspaviljong-av-aluminium-for-tradgard-terrass-brun-1.webp?fit=2000%2C2000&ssl=1","contentUrl":"https:\/\/i0.wp.com\/truusk.store\/wp-content\/uploads\/2025\/06\/paviljong-med-hardtop-4x3-m-vattentat-stabil-vinterfast-tradgardspaviljong-med-myggnat-krokar-sidopaneler-bagtak-tradgardspaviljong-av-aluminium-for-tradgard-terrass-brun-1.webp?fit=2000%2C2000&ssl=1","width":2000,"height":2000},{"@type":"BreadcrumbList","@id":"https:\/\/truusk.store\/sv\/produkt\/truusk-paviljong-med-hardtop-4x3-m-vattentat-vinterfast-tradgardspaviljong-myggnat-sidopaneler-aluminium-for-tradgard\/#breadcrumb","itemListElement":[{"@type":"ListItem","position":1,"name":"Home","item":"https:\/\/truusk.store\/sv\/"},{"@type":"ListItem","position":2,"name":"Shop","item":"https:\/\/truusk.store\/shop\/"},{"@type":"ListItem","position":3,"name":"TRUUSK Paviljong Med Hardtop, 4&#215;3 M &#8211; Vattent\u00e4t Vinterfast Tr\u00e4dg\u00e5rdspaviljong &#8211; Myggn\u00e4t &#8211; Sidopaneler &#8211; Aluminium &#8211; F\u00f6r Tr\u00e4dg\u00e5rd,"}]},{"@type":"WebSite","@id":"https:\/\/truusk.store\/sv\/#website","url":"https:\/\/truusk.store\/sv\/","name":"TRUUSK - Hem, Tr\u00e4dg\u00e5rd & Fritid","description":"","publisher":{"@id":"https:\/\/truusk.store\/sv\/#organization"},"potentialAction":[{"@type":"SearchAction","target":{"@type":"EntryPoint","urlTemplate":"https:\/\/truusk.store\/sv\/?s={search_term_string}"},"query-input":{"@type":"PropertyValueSpecification","valueRequired":true,"valueName":"search_term_string"}}],"inLanguage":"sv-SE"},{"@type":"Organization","@id":"https:\/\/truusk.store\/sv\/#organization","name":"TRUUSK - Hem, Tr\u00e4dg\u00e5rd & Fritid","url":"https:\/\/truusk.store\/sv\/","logo":{"@type":"ImageObject","inLanguage":"sv-SE","@id":"https:\/\/truusk.store\/sv\/#\/schema\/logo\/image\/","url":"https:\/\/i0.wp.com\/truusk.store\/wp-content\/uploads\/2026\/03\/cropped-TRUUSK.png?fit=2032%2C917&ssl=1","contentUrl":"https:\/\/i0.wp.com\/truusk.store\/wp-content\/uploads\/2026\/03\/cropped-TRUUSK.png?fit=2032%2C917&ssl=1","width":2032,"height":917,"caption":"TRUUSK - Hem, Tr\u00e4dg\u00e5rd & Fritid"},"image":{"@id":"https:\/\/truusk.store\/sv\/#\/schema\/logo\/image\/"}}]}},"jetpack_sharing_enabled":true,"_links":{"self":[{"href":"https:\/\/truusk.store\/sv\/wp-json\/wp\/v2\/product\/70147","targetHints":{"allow":["GET"]}}],"collection":[{"href":"https:\/\/truusk.store\/sv\/wp-json\/wp\/v2\/product"}],"about":[{"href":"https:\/\/truusk.store\/sv\/wp-json\/wp\/v2\/types\/product"}],"wp:featuredmedia":[{"embeddable":true,"href":"https:\/\/truusk.store\/sv\/wp-json\/wp\/v2\/media\/70138"}],"wp:attachment":[{"href":"https:\/\/truusk.store\/sv\/wp-json\/wp\/v2\/media?parent=70147"}],"wp:term":[{"taxonomy":"product_brand","embeddable":true,"href":"https:\/\/truusk.store\/sv\/wp-json\/wp\/v2\/product_brand?post=70147"},{"taxonomy":"product_cat","embeddable":true,"href":"https:\/\/truusk.store\/sv\/wp-json\/wp\/v2\/product_cat?post=70147"},{"taxonomy":"product_tag","embeddable":true,"href":"https:\/\/truusk.store\/sv\/wp-json\/wp\/v2\/product_tag?post=70147"}],"curies":[{"name":"wp","href":"https:\/\/api.w.org\/{rel}","templated":true}]}}