{"id":70227,"date":"2025-06-05T19:06:46","date_gmt":"2025-06-05T18:06:46","guid":{"rendered":"https:\/\/truusk.store\/product\/byra-sidobord-med-3-lador-sideboard-i-boho-stil-rattan-look-byra-for-vardagsrum-sovrum-ljusbla-80-x-40-x-875-cm\/"},"modified":"2026-03-12T08:42:22","modified_gmt":"2026-03-12T07:42:22","slug":"truusk-sidobord-med-3-lador-boho-stil-rattan-look-for-vardagsrum-och-sovrum-ljusbla-80-x-40-x-875-cm","status":"publish","type":"product","link":"https:\/\/truusk.store\/sv\/produkt\/truusk-sidobord-med-3-lador-boho-stil-rattan-look-for-vardagsrum-och-sovrum-ljusbla-80-x-40-x-875-cm\/","title":{"rendered":"TRUUSK Sidobord med 3 l\u00e5dor &#8211; Boho-stil &#8211; Rattan-look &#8211; F\u00f6r vardagsrum och sovrum &#8211; Ljusbl\u00e5 80 x 40 x 87,5 cm"},"content":{"rendered":"<p>TRUUSK byr\u00e5n kommer i en tilltalande gr\u00f6n och naturlig f\u00e4rgton med rottingfronter. Den rymmer l\u00e4tt 20 T-shirts eller \u00e5tta jeans per l\u00e5da. Dess anti-tip-design och byr\u00e5ns halkfria fotdynor garanterar en s\u00e4ker st\u00e5ndpunkt och g\u00f6r den inte bara idealisk f\u00f6r sovrummet, utan ocks\u00e5 l\u00e4mplig f\u00f6r hallen.<\/p>\n<p>Beskrivning:<\/p>\n<ul>\n<li> Elegant stil<\/li>\n<li> Tre rymliga l\u00e5dor, var och en rymmer 20 T-shirts eller \u00e5tta jeans<\/li>\n<li> Anti-tip-design<\/li>\n<li> Halkfria fotdynor p\u00e5 byr\u00e5n f\u00f6rhindrar r\u00f6relser och skyddar golvet<\/li>\n<li> Byr\u00e5ns h\u00f6ga golvavst\u00e5nd underl\u00e4ttar reng\u00f6ring under<\/li>\n<li> Montering kr\u00e4vs<\/li>\n<\/ul>\n<p> Tekniska data:<\/p>\n<ul>\n<li> F\u00e4rg: Gr\u00f6n<\/li>\n<li> Material: MDF<\/li>\n<li> Totala dimensioner: 80L x 40B x 87,5H cm<\/li>\n<li> Ytstorlek: 76,8L x 40B cm<\/li>\n<li> Inre storlek p\u00e5 l\u00e5dan: 72,4L x 33,7B x 12H cm<\/li>\n<li> Avst\u00e5nd botten: (till golv) 17 cm<\/li>\n<li> Belastningskapacitet: 25 kg (totalt), 10 kg (ovanp\u00e5), 5 kg (l\u00e5da)<\/li>\n<\/ul>\n<p>Leveransinneh\u00e5ll:<\/p>\n<ul>\n<li> 1 x Byr\u00e5<\/li>\n<li> 1 x Bruksanvisning<\/li>\n<\/ul>\n","protected":false},"excerpt":{"rendered":"<p>TRUUSK byr\u00e5n kommer i en tilltalande gr\u00f6n och naturlig f\u00e4rgton med rottingfronter. Den rymmer l\u00e4tt 20 T-shirts eller \u00e5tta jeans&#8230;<\/p>\n","protected":false},"featured_media":70218,"template":"","meta":[],"product_brand":[],"product_cat":[956,871,910],"product_tag":[],"class_list":{"0":"post-70227","1":"product","2":"type-product","3":"status-publish","4":"has-post-thumbnail","6":"product_cat-byraer-sideboards","7":"product_cat-hus-hem","8":"product_cat-vardagsrum","10":"first","11":"instock","12":"sale","13":"taxable","14":"shipping-taxable","15":"purchasable","16":"product-type-simple"},"yoast_head":"<!-- This site is optimized with the Yoast SEO plugin v25.4 - https:\/\/yoast.com\/wordpress\/plugins\/seo\/ -->\n<title>TRUUSK Sidobord med 3 l\u00e5dor - Boho-stil - Rattan-look - F\u00f6r vardagsrum och sovrum - Ljusbl\u00e5 80 x 40 x 87,5 cm - TRUUSK - Hem, Tr\u00e4dg\u00e5rd &amp; Fritid<\/title>\n<meta name=\"robots\" content=\"index, follow, max-snippet:-1, max-image-preview:large, max-video-preview:-1\" \/>\n<link rel=\"canonical\" href=\"https:\/\/truusk.store\/sv\/produkt\/truusk-sidobord-med-3-lador-boho-stil-rattan-look-for-vardagsrum-och-sovrum-ljusbla-80-x-40-x-875-cm\/\" \/>\n<meta property=\"og:locale\" content=\"sv_SE\" \/>\n<meta property=\"og:type\" content=\"article\" \/>\n<meta property=\"og:title\" content=\"TRUUSK Sidobord med 3 l\u00e5dor - Boho-stil - Rattan-look - F\u00f6r vardagsrum och sovrum - Ljusbl\u00e5 80 x 40 x 87,5 cm - TRUUSK - Hem, Tr\u00e4dg\u00e5rd &amp; Fritid\" \/>\n<meta property=\"og:description\" content=\"TRUUSK byr\u00e5n kommer i en tilltalande gr\u00f6n och naturlig f\u00e4rgton med rottingfronter. Den rymmer l\u00e4tt 20 T-shirts eller \u00e5tta jeans...\" \/>\n<meta property=\"og:url\" content=\"https:\/\/truusk.store\/sv\/produkt\/truusk-sidobord-med-3-lador-boho-stil-rattan-look-for-vardagsrum-och-sovrum-ljusbla-80-x-40-x-875-cm\/\" \/>\n<meta property=\"og:site_name\" content=\"TRUUSK - Hem, Tr\u00e4dg\u00e5rd &amp; Fritid\" \/>\n<meta property=\"article:modified_time\" content=\"2026-03-12T07:42:22+00:00\" \/>\n<meta property=\"og:image\" content=\"https:\/\/i0.wp.com\/truusk.se\/wp-content\/uploads\/2025\/06\/byra-sidobord-med-3-lador-sideboard-i-boho-stil-rattan-look-byra-for-vardagsrum-sovrum-ljusbla-80-x-40-x-875-cm-1.webp?fit=2000%2C2000&ssl=1\" \/>\n\t<meta property=\"og:image:width\" content=\"2000\" \/>\n\t<meta property=\"og:image:height\" content=\"2000\" \/>\n\t<meta property=\"og:image:type\" content=\"image\/webp\" \/>\n<meta name=\"twitter:card\" content=\"summary_large_image\" \/>\n<meta name=\"twitter:label1\" content=\"Ber\u00e4knad l\u00e4stid\" \/>\n\t<meta name=\"twitter:data1\" content=\"1 minut\" \/>\n<!-- \/ Yoast SEO plugin. -->","yoast_head_json":{"title":"TRUUSK Sidobord med 3 l\u00e5dor - Boho-stil - Rattan-look - F\u00f6r vardagsrum och sovrum - Ljusbl\u00e5 80 x 40 x 87,5 cm - TRUUSK - Hem, Tr\u00e4dg\u00e5rd &amp; Fritid","robots":{"index":"index","follow":"follow","max-snippet":"max-snippet:-1","max-image-preview":"max-image-preview:large","max-video-preview":"max-video-preview:-1"},"canonical":"https:\/\/truusk.store\/sv\/produkt\/truusk-sidobord-med-3-lador-boho-stil-rattan-look-for-vardagsrum-och-sovrum-ljusbla-80-x-40-x-875-cm\/","og_locale":"sv_SE","og_type":"article","og_title":"TRUUSK Sidobord med 3 l\u00e5dor - Boho-stil - Rattan-look - F\u00f6r vardagsrum och sovrum - Ljusbl\u00e5 80 x 40 x 87,5 cm - TRUUSK - Hem, Tr\u00e4dg\u00e5rd &amp; Fritid","og_description":"TRUUSK byr\u00e5n kommer i en tilltalande gr\u00f6n och naturlig f\u00e4rgton med rottingfronter. Den rymmer l\u00e4tt 20 T-shirts eller \u00e5tta jeans...","og_url":"https:\/\/truusk.store\/sv\/produkt\/truusk-sidobord-med-3-lador-boho-stil-rattan-look-for-vardagsrum-och-sovrum-ljusbla-80-x-40-x-875-cm\/","og_site_name":"TRUUSK - Hem, Tr\u00e4dg\u00e5rd &amp; Fritid","article_modified_time":"2026-03-12T07:42:22+00:00","og_image":[{"width":2000,"height":2000,"url":"https:\/\/i0.wp.com\/truusk.se\/wp-content\/uploads\/2025\/06\/byra-sidobord-med-3-lador-sideboard-i-boho-stil-rattan-look-byra-for-vardagsrum-sovrum-ljusbla-80-x-40-x-875-cm-1.webp?fit=2000%2C2000&ssl=1","type":"image\/webp"}],"twitter_card":"summary_large_image","twitter_misc":{"Ber\u00e4knad l\u00e4stid":"1 minut"},"schema":{"@context":"https:\/\/schema.org","@graph":[{"@type":"WebPage","@id":"https:\/\/truusk.store\/sv\/produkt\/truusk-sidobord-med-3-lador-boho-stil-rattan-look-for-vardagsrum-och-sovrum-ljusbla-80-x-40-x-875-cm\/","url":"https:\/\/truusk.store\/sv\/produkt\/truusk-sidobord-med-3-lador-boho-stil-rattan-look-for-vardagsrum-och-sovrum-ljusbla-80-x-40-x-875-cm\/","name":"TRUUSK Sidobord med 3 l\u00e5dor - Boho-stil - Rattan-look - F\u00f6r vardagsrum och sovrum - Ljusbl\u00e5 80 x 40 x 87,5 cm - TRUUSK - Hem, Tr\u00e4dg\u00e5rd &amp; Fritid","isPartOf":{"@id":"https:\/\/truusk.store\/sv\/#website"},"primaryImageOfPage":{"@id":"https:\/\/truusk.store\/sv\/produkt\/truusk-sidobord-med-3-lador-boho-stil-rattan-look-for-vardagsrum-och-sovrum-ljusbla-80-x-40-x-875-cm\/#primaryimage"},"image":{"@id":"https:\/\/truusk.store\/sv\/produkt\/truusk-sidobord-med-3-lador-boho-stil-rattan-look-for-vardagsrum-och-sovrum-ljusbla-80-x-40-x-875-cm\/#primaryimage"},"thumbnailUrl":"https:\/\/i0.wp.com\/truusk.store\/wp-content\/uploads\/2025\/06\/byra-sidobord-med-3-lador-sideboard-i-boho-stil-rattan-look-byra-for-vardagsrum-sovrum-ljusbla-80-x-40-x-875-cm-1.webp?fit=2000%2C2000&ssl=1","datePublished":"2025-06-05T18:06:46+00:00","dateModified":"2026-03-12T07:42:22+00:00","breadcrumb":{"@id":"https:\/\/truusk.store\/sv\/produkt\/truusk-sidobord-med-3-lador-boho-stil-rattan-look-for-vardagsrum-och-sovrum-ljusbla-80-x-40-x-875-cm\/#breadcrumb"},"inLanguage":"sv-SE","potentialAction":[{"@type":"ReadAction","target":["https:\/\/truusk.store\/sv\/produkt\/truusk-sidobord-med-3-lador-boho-stil-rattan-look-for-vardagsrum-och-sovrum-ljusbla-80-x-40-x-875-cm\/"]}]},{"@type":"ImageObject","inLanguage":"sv-SE","@id":"https:\/\/truusk.store\/sv\/produkt\/truusk-sidobord-med-3-lador-boho-stil-rattan-look-for-vardagsrum-och-sovrum-ljusbla-80-x-40-x-875-cm\/#primaryimage","url":"https:\/\/i0.wp.com\/truusk.store\/wp-content\/uploads\/2025\/06\/byra-sidobord-med-3-lador-sideboard-i-boho-stil-rattan-look-byra-for-vardagsrum-sovrum-ljusbla-80-x-40-x-875-cm-1.webp?fit=2000%2C2000&ssl=1","contentUrl":"https:\/\/i0.wp.com\/truusk.store\/wp-content\/uploads\/2025\/06\/byra-sidobord-med-3-lador-sideboard-i-boho-stil-rattan-look-byra-for-vardagsrum-sovrum-ljusbla-80-x-40-x-875-cm-1.webp?fit=2000%2C2000&ssl=1","width":2000,"height":2000},{"@type":"BreadcrumbList","@id":"https:\/\/truusk.store\/sv\/produkt\/truusk-sidobord-med-3-lador-boho-stil-rattan-look-for-vardagsrum-och-sovrum-ljusbla-80-x-40-x-875-cm\/#breadcrumb","itemListElement":[{"@type":"ListItem","position":1,"name":"Home","item":"https:\/\/truusk.store\/sv\/"},{"@type":"ListItem","position":2,"name":"Shop","item":"https:\/\/truusk.store\/shop\/"},{"@type":"ListItem","position":3,"name":"TRUUSK Sidobord med 3 l\u00e5dor &#8211; Boho-stil &#8211; Rattan-look &#8211; F\u00f6r vardagsrum och sovrum &#8211; Ljusbl\u00e5 80 x 40 x 87,5 cm"}]},{"@type":"WebSite","@id":"https:\/\/truusk.store\/sv\/#website","url":"https:\/\/truusk.store\/sv\/","name":"TRUUSK - Hem, Tr\u00e4dg\u00e5rd & Fritid","description":"","publisher":{"@id":"https:\/\/truusk.store\/sv\/#organization"},"potentialAction":[{"@type":"SearchAction","target":{"@type":"EntryPoint","urlTemplate":"https:\/\/truusk.store\/sv\/?s={search_term_string}"},"query-input":{"@type":"PropertyValueSpecification","valueRequired":true,"valueName":"search_term_string"}}],"inLanguage":"sv-SE"},{"@type":"Organization","@id":"https:\/\/truusk.store\/sv\/#organization","name":"TRUUSK - Hem, Tr\u00e4dg\u00e5rd & Fritid","url":"https:\/\/truusk.store\/sv\/","logo":{"@type":"ImageObject","inLanguage":"sv-SE","@id":"https:\/\/truusk.store\/sv\/#\/schema\/logo\/image\/","url":"https:\/\/i0.wp.com\/truusk.store\/wp-content\/uploads\/2026\/03\/cropped-TRUUSK.png?fit=2032%2C917&ssl=1","contentUrl":"https:\/\/i0.wp.com\/truusk.store\/wp-content\/uploads\/2026\/03\/cropped-TRUUSK.png?fit=2032%2C917&ssl=1","width":2032,"height":917,"caption":"TRUUSK - Hem, Tr\u00e4dg\u00e5rd & Fritid"},"image":{"@id":"https:\/\/truusk.store\/sv\/#\/schema\/logo\/image\/"}}]}},"jetpack_sharing_enabled":true,"_links":{"self":[{"href":"https:\/\/truusk.store\/sv\/wp-json\/wp\/v2\/product\/70227","targetHints":{"allow":["GET"]}}],"collection":[{"href":"https:\/\/truusk.store\/sv\/wp-json\/wp\/v2\/product"}],"about":[{"href":"https:\/\/truusk.store\/sv\/wp-json\/wp\/v2\/types\/product"}],"wp:featuredmedia":[{"embeddable":true,"href":"https:\/\/truusk.store\/sv\/wp-json\/wp\/v2\/media\/70218"}],"wp:attachment":[{"href":"https:\/\/truusk.store\/sv\/wp-json\/wp\/v2\/media?parent=70227"}],"wp:term":[{"taxonomy":"product_brand","embeddable":true,"href":"https:\/\/truusk.store\/sv\/wp-json\/wp\/v2\/product_brand?post=70227"},{"taxonomy":"product_cat","embeddable":true,"href":"https:\/\/truusk.store\/sv\/wp-json\/wp\/v2\/product_cat?post=70227"},{"taxonomy":"product_tag","embeddable":true,"href":"https:\/\/truusk.store\/sv\/wp-json\/wp\/v2\/product_tag?post=70227"}],"curies":[{"name":"wp","href":"https:\/\/api.w.org\/{rel}","templated":true}]}}