{"id":70287,"date":"2025-06-05T19:12:44","date_gmt":"2025-06-05T18:12:44","guid":{"rendered":"https:\/\/truusk.store\/product\/gungstol-gungfatolj-med-armstod-teddy-sammet-utseende-avkopplingsstol-med-traskidor-svangstol-amningsstol-for-sovrum-vardagsrum-ljusgra\/"},"modified":"2026-03-12T08:40:39","modified_gmt":"2026-03-12T07:40:39","slug":"truusk-gungstol-med-armstod-teddy-sammet-traskidor-svangstol-amningsstol-sovrum-vardagsrum-ljusgra","status":"publish","type":"product","link":"https:\/\/truusk.store\/sv\/produkt\/truusk-gungstol-med-armstod-teddy-sammet-traskidor-svangstol-amningsstol-sovrum-vardagsrum-ljusgra\/","title":{"rendered":"TRUUSK Gungstol med Armst\u00f6d &#8211; Teddy-sammet &#8211; Tr\u00e4skidor &#8211; Sv\u00e4ngstol &#8211; Amningsstol &#8211; Sovrum &#8211; Vardagsrum &#8211; Ljusgr\u00e5"},"content":{"rendered":"<p>Sl\u00e4pp loss och trivs med TRUUSK gungstolen, som kombinerar elegant design med f\u00f6rstklassig komfort! Gunga mjukt mellan 90\u00b0 och 115\u00b0 och hitta din optimala \u00e5terh\u00e4mtningsposition. Njut av den mysiga tryggheten i den tjockt vadderade ryggst\u00f6det av h\u00f6gdensitetsskum och den sammetsmjuka teddystoffkl\u00e4dseln. Den eleganta, pulverlackerade metallramen ger stabilitet. Idealisk som tillf\u00e4llig stol eller funktionell gungstol f\u00f6r vuxna.<\/p>\n<p>Beskrivning:<\/p>\n<ul>\n<li> Gungvinkeln p\u00e5 amningsstolen fr\u00e5n 90\u00b0-115\u00b0 m\u00f6jligg\u00f6r en mjuk, avkopplande r\u00f6relse<\/li>\n<li> Mjukt, fluffigt teddystoff ger lyxig komfort<\/li>\n<li> Tjock dyna p\u00e5 gungstolen \u00f6kar komforten f\u00f6r ut\u00f6kad avkoppling<\/li>\n<li> Bred och tjock ryggst\u00f6d ger betydande st\u00f6d och komfort<\/li>\n<li> Halkfria filtremsor och tr\u00e4ram garanterar s\u00e4ker, mjuk gungning<\/li>\n<li> Montering kr\u00e4vs<\/li>\n<\/ul>\n<p>Tekniska data:<\/p>\n<ul>\n<li> F\u00e4rg: Ljusgr\u00e5<\/li>\n<li> Material: Teddystoff (Polyester), skum, metall, gummitr\u00e4<\/li>\n<li> M\u00e5tt: 70B x 94D x 100H cm<\/li>\n<li> Sitsstorlek: 50B x 46D x 45-50H cm<\/li>\n<li> Ryggstorlek: 65B x 69H cm<\/li>\n<li> Ryggtjocklek: 10 cm<\/li>\n<li> Total belastningskapacitet: 120 kg<\/li>\n<\/ul>\n<p>Leveransinneh\u00e5ll:<\/p>\n<ul>\n<li> 1 x Gungstol<\/li>\n<li> 1 x Handbok<\/li>\n<\/ul>\n","protected":false},"excerpt":{"rendered":"<p>Sl\u00e4pp loss och trivs med TRUUSK gungstolen, som kombinerar elegant design med f\u00f6rstklassig komfort! Gunga mjukt mellan 90\u00b0 och 115\u00b0&#8230;<\/p>\n","protected":false},"featured_media":70278,"template":"","meta":[],"product_brand":[],"product_cat":[520,871,910],"product_tag":[],"class_list":{"0":"post-70287","1":"product","2":"type-product","3":"status-publish","4":"has-post-thumbnail","6":"product_cat-gungstolar","7":"product_cat-hus-hem","8":"product_cat-vardagsrum","10":"first","11":"instock","12":"sale","13":"taxable","14":"shipping-taxable","15":"purchasable","16":"product-type-simple"},"yoast_head":"<!-- This site is optimized with the Yoast SEO plugin v25.4 - https:\/\/yoast.com\/wordpress\/plugins\/seo\/ -->\n<title>TRUUSK Gungstol med Armst\u00f6d - Teddy-sammet - Tr\u00e4skidor - Sv\u00e4ngstol - Amningsstol - Sovrum - Vardagsrum - Ljusgr\u00e5 - TRUUSK - Hem, Tr\u00e4dg\u00e5rd &amp; Fritid<\/title>\n<meta name=\"robots\" content=\"index, follow, max-snippet:-1, max-image-preview:large, max-video-preview:-1\" \/>\n<link rel=\"canonical\" href=\"https:\/\/truusk.store\/sv\/produkt\/truusk-gungstol-med-armstod-teddy-sammet-traskidor-svangstol-amningsstol-sovrum-vardagsrum-ljusgra\/\" \/>\n<meta property=\"og:locale\" content=\"sv_SE\" \/>\n<meta property=\"og:type\" content=\"article\" \/>\n<meta property=\"og:title\" content=\"TRUUSK Gungstol med Armst\u00f6d - Teddy-sammet - Tr\u00e4skidor - Sv\u00e4ngstol - Amningsstol - Sovrum - Vardagsrum - Ljusgr\u00e5 - TRUUSK - Hem, Tr\u00e4dg\u00e5rd &amp; Fritid\" \/>\n<meta property=\"og:description\" content=\"Sl\u00e4pp loss och trivs med TRUUSK gungstolen, som kombinerar elegant design med f\u00f6rstklassig komfort! Gunga mjukt mellan 90\u00b0 och 115\u00b0...\" \/>\n<meta property=\"og:url\" content=\"https:\/\/truusk.store\/sv\/produkt\/truusk-gungstol-med-armstod-teddy-sammet-traskidor-svangstol-amningsstol-sovrum-vardagsrum-ljusgra\/\" \/>\n<meta property=\"og:site_name\" content=\"TRUUSK - Hem, Tr\u00e4dg\u00e5rd &amp; Fritid\" \/>\n<meta property=\"article:modified_time\" content=\"2026-03-12T07:40:39+00:00\" \/>\n<meta property=\"og:image\" content=\"https:\/\/i0.wp.com\/truusk.se\/wp-content\/uploads\/2025\/06\/gungstol-gungfatolj-med-armstod-teddy-sammet-utseende-avkopplingsstol-med-traskidor-svangstol-amningsstol-for-sovrum-vardagsrum-ljusgra-1.webp?fit=2000%2C2000&ssl=1\" \/>\n\t<meta property=\"og:image:width\" content=\"2000\" \/>\n\t<meta property=\"og:image:height\" content=\"2000\" \/>\n\t<meta property=\"og:image:type\" content=\"image\/webp\" \/>\n<meta name=\"twitter:card\" content=\"summary_large_image\" \/>\n<meta name=\"twitter:label1\" content=\"Ber\u00e4knad l\u00e4stid\" \/>\n\t<meta name=\"twitter:data1\" content=\"1 minut\" \/>\n<!-- \/ Yoast SEO plugin. -->","yoast_head_json":{"title":"TRUUSK Gungstol med Armst\u00f6d - Teddy-sammet - Tr\u00e4skidor - Sv\u00e4ngstol - Amningsstol - Sovrum - Vardagsrum - Ljusgr\u00e5 - TRUUSK - Hem, Tr\u00e4dg\u00e5rd &amp; Fritid","robots":{"index":"index","follow":"follow","max-snippet":"max-snippet:-1","max-image-preview":"max-image-preview:large","max-video-preview":"max-video-preview:-1"},"canonical":"https:\/\/truusk.store\/sv\/produkt\/truusk-gungstol-med-armstod-teddy-sammet-traskidor-svangstol-amningsstol-sovrum-vardagsrum-ljusgra\/","og_locale":"sv_SE","og_type":"article","og_title":"TRUUSK Gungstol med Armst\u00f6d - Teddy-sammet - Tr\u00e4skidor - Sv\u00e4ngstol - Amningsstol - Sovrum - Vardagsrum - Ljusgr\u00e5 - TRUUSK - Hem, Tr\u00e4dg\u00e5rd &amp; Fritid","og_description":"Sl\u00e4pp loss och trivs med TRUUSK gungstolen, som kombinerar elegant design med f\u00f6rstklassig komfort! Gunga mjukt mellan 90\u00b0 och 115\u00b0...","og_url":"https:\/\/truusk.store\/sv\/produkt\/truusk-gungstol-med-armstod-teddy-sammet-traskidor-svangstol-amningsstol-sovrum-vardagsrum-ljusgra\/","og_site_name":"TRUUSK - Hem, Tr\u00e4dg\u00e5rd &amp; Fritid","article_modified_time":"2026-03-12T07:40:39+00:00","og_image":[{"width":2000,"height":2000,"url":"https:\/\/i0.wp.com\/truusk.se\/wp-content\/uploads\/2025\/06\/gungstol-gungfatolj-med-armstod-teddy-sammet-utseende-avkopplingsstol-med-traskidor-svangstol-amningsstol-for-sovrum-vardagsrum-ljusgra-1.webp?fit=2000%2C2000&ssl=1","type":"image\/webp"}],"twitter_card":"summary_large_image","twitter_misc":{"Ber\u00e4knad l\u00e4stid":"1 minut"},"schema":{"@context":"https:\/\/schema.org","@graph":[{"@type":"WebPage","@id":"https:\/\/truusk.store\/sv\/produkt\/truusk-gungstol-med-armstod-teddy-sammet-traskidor-svangstol-amningsstol-sovrum-vardagsrum-ljusgra\/","url":"https:\/\/truusk.store\/sv\/produkt\/truusk-gungstol-med-armstod-teddy-sammet-traskidor-svangstol-amningsstol-sovrum-vardagsrum-ljusgra\/","name":"TRUUSK Gungstol med Armst\u00f6d - Teddy-sammet - Tr\u00e4skidor - Sv\u00e4ngstol - Amningsstol - Sovrum - Vardagsrum - Ljusgr\u00e5 - TRUUSK - Hem, Tr\u00e4dg\u00e5rd &amp; Fritid","isPartOf":{"@id":"https:\/\/truusk.store\/sv\/#website"},"primaryImageOfPage":{"@id":"https:\/\/truusk.store\/sv\/produkt\/truusk-gungstol-med-armstod-teddy-sammet-traskidor-svangstol-amningsstol-sovrum-vardagsrum-ljusgra\/#primaryimage"},"image":{"@id":"https:\/\/truusk.store\/sv\/produkt\/truusk-gungstol-med-armstod-teddy-sammet-traskidor-svangstol-amningsstol-sovrum-vardagsrum-ljusgra\/#primaryimage"},"thumbnailUrl":"https:\/\/i0.wp.com\/truusk.store\/wp-content\/uploads\/2025\/06\/gungstol-gungfatolj-med-armstod-teddy-sammet-utseende-avkopplingsstol-med-traskidor-svangstol-amningsstol-for-sovrum-vardagsrum-ljusgra-1.webp?fit=2000%2C2000&ssl=1","datePublished":"2025-06-05T18:12:44+00:00","dateModified":"2026-03-12T07:40:39+00:00","breadcrumb":{"@id":"https:\/\/truusk.store\/sv\/produkt\/truusk-gungstol-med-armstod-teddy-sammet-traskidor-svangstol-amningsstol-sovrum-vardagsrum-ljusgra\/#breadcrumb"},"inLanguage":"sv-SE","potentialAction":[{"@type":"ReadAction","target":["https:\/\/truusk.store\/sv\/produkt\/truusk-gungstol-med-armstod-teddy-sammet-traskidor-svangstol-amningsstol-sovrum-vardagsrum-ljusgra\/"]}]},{"@type":"ImageObject","inLanguage":"sv-SE","@id":"https:\/\/truusk.store\/sv\/produkt\/truusk-gungstol-med-armstod-teddy-sammet-traskidor-svangstol-amningsstol-sovrum-vardagsrum-ljusgra\/#primaryimage","url":"https:\/\/i0.wp.com\/truusk.store\/wp-content\/uploads\/2025\/06\/gungstol-gungfatolj-med-armstod-teddy-sammet-utseende-avkopplingsstol-med-traskidor-svangstol-amningsstol-for-sovrum-vardagsrum-ljusgra-1.webp?fit=2000%2C2000&ssl=1","contentUrl":"https:\/\/i0.wp.com\/truusk.store\/wp-content\/uploads\/2025\/06\/gungstol-gungfatolj-med-armstod-teddy-sammet-utseende-avkopplingsstol-med-traskidor-svangstol-amningsstol-for-sovrum-vardagsrum-ljusgra-1.webp?fit=2000%2C2000&ssl=1","width":2000,"height":2000},{"@type":"BreadcrumbList","@id":"https:\/\/truusk.store\/sv\/produkt\/truusk-gungstol-med-armstod-teddy-sammet-traskidor-svangstol-amningsstol-sovrum-vardagsrum-ljusgra\/#breadcrumb","itemListElement":[{"@type":"ListItem","position":1,"name":"Home","item":"https:\/\/truusk.store\/sv\/"},{"@type":"ListItem","position":2,"name":"Shop","item":"https:\/\/truusk.store\/shop\/"},{"@type":"ListItem","position":3,"name":"TRUUSK Gungstol med Armst\u00f6d &#8211; Teddy-sammet &#8211; Tr\u00e4skidor &#8211; Sv\u00e4ngstol &#8211; Amningsstol &#8211; Sovrum &#8211; Vardagsrum &#8211; Ljusgr\u00e5"}]},{"@type":"WebSite","@id":"https:\/\/truusk.store\/sv\/#website","url":"https:\/\/truusk.store\/sv\/","name":"TRUUSK - Hem, Tr\u00e4dg\u00e5rd & Fritid","description":"","publisher":{"@id":"https:\/\/truusk.store\/sv\/#organization"},"potentialAction":[{"@type":"SearchAction","target":{"@type":"EntryPoint","urlTemplate":"https:\/\/truusk.store\/sv\/?s={search_term_string}"},"query-input":{"@type":"PropertyValueSpecification","valueRequired":true,"valueName":"search_term_string"}}],"inLanguage":"sv-SE"},{"@type":"Organization","@id":"https:\/\/truusk.store\/sv\/#organization","name":"TRUUSK - Hem, Tr\u00e4dg\u00e5rd & Fritid","url":"https:\/\/truusk.store\/sv\/","logo":{"@type":"ImageObject","inLanguage":"sv-SE","@id":"https:\/\/truusk.store\/sv\/#\/schema\/logo\/image\/","url":"https:\/\/i0.wp.com\/truusk.store\/wp-content\/uploads\/2026\/03\/cropped-TRUUSK.png?fit=2032%2C917&ssl=1","contentUrl":"https:\/\/i0.wp.com\/truusk.store\/wp-content\/uploads\/2026\/03\/cropped-TRUUSK.png?fit=2032%2C917&ssl=1","width":2032,"height":917,"caption":"TRUUSK - Hem, Tr\u00e4dg\u00e5rd & Fritid"},"image":{"@id":"https:\/\/truusk.store\/sv\/#\/schema\/logo\/image\/"}}]}},"jetpack_sharing_enabled":true,"_links":{"self":[{"href":"https:\/\/truusk.store\/sv\/wp-json\/wp\/v2\/product\/70287","targetHints":{"allow":["GET"]}}],"collection":[{"href":"https:\/\/truusk.store\/sv\/wp-json\/wp\/v2\/product"}],"about":[{"href":"https:\/\/truusk.store\/sv\/wp-json\/wp\/v2\/types\/product"}],"wp:featuredmedia":[{"embeddable":true,"href":"https:\/\/truusk.store\/sv\/wp-json\/wp\/v2\/media\/70278"}],"wp:attachment":[{"href":"https:\/\/truusk.store\/sv\/wp-json\/wp\/v2\/media?parent=70287"}],"wp:term":[{"taxonomy":"product_brand","embeddable":true,"href":"https:\/\/truusk.store\/sv\/wp-json\/wp\/v2\/product_brand?post=70287"},{"taxonomy":"product_cat","embeddable":true,"href":"https:\/\/truusk.store\/sv\/wp-json\/wp\/v2\/product_cat?post=70287"},{"taxonomy":"product_tag","embeddable":true,"href":"https:\/\/truusk.store\/sv\/wp-json\/wp\/v2\/product_tag?post=70287"}],"curies":[{"name":"wp","href":"https:\/\/api.w.org\/{rel}","templated":true}]}}