{"id":70317,"date":"2025-06-05T19:15:42","date_gmt":"2025-06-05T18:15:42","guid":{"rendered":"https:\/\/truusk.store\/product\/2-pack-sittkuddar-56-x-52-cm-stolskuddar-med-dragkedja-tygoverdrag-7cm-tjock-kuddoverdrag-tvattbara-sittkuddar-for-hus-tradgard-bil-kontor-soffa-stolar-ljusgra\/"},"modified":"2026-03-12T09:27:17","modified_gmt":"2026-03-12T08:27:17","slug":"truusk-2-pack-sittkuddar-56-x-52-cm-med-dragkedja-tygoverdrag-7cm-tjock-kuddoverdrag-tvattbara-for-hus-tradgard","status":"publish","type":"product","link":"https:\/\/truusk.store\/sv\/produkt\/truusk-2-pack-sittkuddar-56-x-52-cm-med-dragkedja-tygoverdrag-7cm-tjock-kuddoverdrag-tvattbara-for-hus-tradgard\/","title":{"rendered":"TRUUSK 2-pack Sittkuddar &#8211; 56 x 52 cm &#8211; Med Dragkedja &#8211; Tyg\u00f6verdrag &#8211; 7cm Tjock Kudd\u00f6verdrag &#8211; Tv\u00e4ttbara &#8211; F\u00f6r Hus, Tr\u00e4dg\u00e5rd,"},"content":{"rendered":"<p>Uppt\u00e4ck unik sittkomfort utomhus med detta tv\u00e5-stolskuddeset fr\u00e5n TRUUSK. Tillverkade av luftgenomtr\u00e4ngligt polyester, erbjuder de enkelt utformade \u00f6verdragen f\u00f6r utomhus sittkuddar en traditionell k\u00e4nsla som passar till alla typer av m\u00f6bler. Stolskuddarna med t\u00e4t fyllning garanterar bekv\u00e4mt sittande. Tack vare avtagbara och tv\u00e4ttbara \u00f6verdrag \u00e4r de l\u00e4tta att underh\u00e5lla. Ett m\u00e5ste f\u00f6r pallm\u00f6bler!<\/p>\n<p>Beskrivning:<\/p>\n<ul>\n<li> Med en sittkudde och en ryggkudde, passar de flesta rottingsoffor och -stolar<\/li>\n<li> Idealiska utomhus sittkuddar f\u00f6r anv\u00e4ndning inomhus och utomhus<\/li>\n<li> Kudd\u00f6verdragen f\u00f6r tr\u00e4dg\u00e5rdsm\u00f6belkuddar \u00e4r tillverkade av slitstarkt polyestertyg<\/li>\n<li> H\u00f6g densitetsfyllning ger h\u00f6g komfort<\/li>\n<li> Dragkedjan p\u00e5 tr\u00e4dg\u00e5rdsm\u00f6belkudden g\u00f6r det enkelt att ta av \u00f6verdraget<\/li>\n<li> Kudd\u00f6verdragen \u00e4r avtagbara och tv\u00e4ttbara<\/li>\n<\/ul>\n<p> Tekniska data:<\/p>\n<ul>\n<li> F\u00e4rg: Ljusgr\u00e5<\/li>\n<li> Material: Polyester<\/li>\n<li> Sittkuddens dimensioner: 56L x 52B x 7H cm<\/li>\n<li> Ryggkuddens dimensioner: 56L x 46B x 7H cm<\/li>\n<\/ul>\n<p>Leveransinneh\u00e5ll:<\/p>\n<ul>\n<li> 1 x Sittkudde<\/li>\n<li> 1 x Ryggkudde<\/li>\n<\/ul>\n","protected":false},"excerpt":{"rendered":"<p>Uppt\u00e4ck unik sittkomfort utomhus med detta tv\u00e5-stolskuddeset fr\u00e5n TRUUSK. Tillverkade av luftgenomtr\u00e4ngligt polyester, erbjuder de enkelt utformade \u00f6verdragen f\u00f6r utomhus&#8230;<\/p>\n","protected":false},"featured_media":70308,"template":"","meta":[],"product_brand":[],"product_cat":[858,450,1021],"product_tag":[],"class_list":{"0":"post-70317","1":"product","2":"type-product","3":"status-publish","4":"has-post-thumbnail","6":"product_cat-tradgard-terrass","7":"product_cat-tradgardsmobler","8":"product_cat-tradgardssitskuddar","10":"first","11":"instock","12":"sale","13":"taxable","14":"shipping-taxable","15":"purchasable","16":"product-type-simple"},"yoast_head":"<!-- This site is optimized with the Yoast SEO plugin v25.4 - https:\/\/yoast.com\/wordpress\/plugins\/seo\/ -->\n<title>TRUUSK 2-pack Sittkuddar - 56 x 52 cm - Med Dragkedja - Tyg\u00f6verdrag - 7cm Tjock Kudd\u00f6verdrag - Tv\u00e4ttbara - F\u00f6r Hus, Tr\u00e4dg\u00e5rd, - TRUUSK - Hem, Tr\u00e4dg\u00e5rd &amp; Fritid<\/title>\n<meta name=\"robots\" content=\"index, follow, max-snippet:-1, max-image-preview:large, max-video-preview:-1\" \/>\n<link rel=\"canonical\" href=\"https:\/\/truusk.store\/sv\/produkt\/truusk-2-pack-sittkuddar-56-x-52-cm-med-dragkedja-tygoverdrag-7cm-tjock-kuddoverdrag-tvattbara-for-hus-tradgard\/\" \/>\n<meta property=\"og:locale\" content=\"sv_SE\" \/>\n<meta property=\"og:type\" content=\"article\" \/>\n<meta property=\"og:title\" content=\"TRUUSK 2-pack Sittkuddar - 56 x 52 cm - Med Dragkedja - Tyg\u00f6verdrag - 7cm Tjock Kudd\u00f6verdrag - Tv\u00e4ttbara - F\u00f6r Hus, Tr\u00e4dg\u00e5rd, - TRUUSK - Hem, Tr\u00e4dg\u00e5rd &amp; Fritid\" \/>\n<meta property=\"og:description\" content=\"Uppt\u00e4ck unik sittkomfort utomhus med detta tv\u00e5-stolskuddeset fr\u00e5n TRUUSK. Tillverkade av luftgenomtr\u00e4ngligt polyester, erbjuder de enkelt utformade \u00f6verdragen f\u00f6r utomhus...\" \/>\n<meta property=\"og:url\" content=\"https:\/\/truusk.store\/sv\/produkt\/truusk-2-pack-sittkuddar-56-x-52-cm-med-dragkedja-tygoverdrag-7cm-tjock-kuddoverdrag-tvattbara-for-hus-tradgard\/\" \/>\n<meta property=\"og:site_name\" content=\"TRUUSK - Hem, Tr\u00e4dg\u00e5rd &amp; Fritid\" \/>\n<meta property=\"article:modified_time\" content=\"2026-03-12T08:27:17+00:00\" \/>\n<meta property=\"og:image\" content=\"https:\/\/i0.wp.com\/truusk.se\/wp-content\/uploads\/2025\/06\/2-pack-sittkuddar-56-x-52-cm-stolskuddar-med-dragkedja-tygoverdrag-7cm-tjock-kuddoverdrag-tvattbara-sittkuddar-for-hus-tradgard-bil-kontor-soffa-stolar-ljusgra-1.webp?fit=2000%2C2000&ssl=1\" \/>\n\t<meta property=\"og:image:width\" content=\"2000\" \/>\n\t<meta property=\"og:image:height\" content=\"2000\" \/>\n\t<meta property=\"og:image:type\" content=\"image\/webp\" \/>\n<meta name=\"twitter:card\" content=\"summary_large_image\" \/>\n<meta name=\"twitter:label1\" content=\"Ber\u00e4knad l\u00e4stid\" \/>\n\t<meta name=\"twitter:data1\" content=\"1 minut\" \/>\n<!-- \/ Yoast SEO plugin. -->","yoast_head_json":{"title":"TRUUSK 2-pack Sittkuddar - 56 x 52 cm - Med Dragkedja - Tyg\u00f6verdrag - 7cm Tjock Kudd\u00f6verdrag - Tv\u00e4ttbara - F\u00f6r Hus, Tr\u00e4dg\u00e5rd, - TRUUSK - Hem, Tr\u00e4dg\u00e5rd &amp; Fritid","robots":{"index":"index","follow":"follow","max-snippet":"max-snippet:-1","max-image-preview":"max-image-preview:large","max-video-preview":"max-video-preview:-1"},"canonical":"https:\/\/truusk.store\/sv\/produkt\/truusk-2-pack-sittkuddar-56-x-52-cm-med-dragkedja-tygoverdrag-7cm-tjock-kuddoverdrag-tvattbara-for-hus-tradgard\/","og_locale":"sv_SE","og_type":"article","og_title":"TRUUSK 2-pack Sittkuddar - 56 x 52 cm - Med Dragkedja - Tyg\u00f6verdrag - 7cm Tjock Kudd\u00f6verdrag - Tv\u00e4ttbara - F\u00f6r Hus, Tr\u00e4dg\u00e5rd, - TRUUSK - Hem, Tr\u00e4dg\u00e5rd &amp; Fritid","og_description":"Uppt\u00e4ck unik sittkomfort utomhus med detta tv\u00e5-stolskuddeset fr\u00e5n TRUUSK. Tillverkade av luftgenomtr\u00e4ngligt polyester, erbjuder de enkelt utformade \u00f6verdragen f\u00f6r utomhus...","og_url":"https:\/\/truusk.store\/sv\/produkt\/truusk-2-pack-sittkuddar-56-x-52-cm-med-dragkedja-tygoverdrag-7cm-tjock-kuddoverdrag-tvattbara-for-hus-tradgard\/","og_site_name":"TRUUSK - Hem, Tr\u00e4dg\u00e5rd &amp; Fritid","article_modified_time":"2026-03-12T08:27:17+00:00","og_image":[{"width":2000,"height":2000,"url":"https:\/\/i0.wp.com\/truusk.se\/wp-content\/uploads\/2025\/06\/2-pack-sittkuddar-56-x-52-cm-stolskuddar-med-dragkedja-tygoverdrag-7cm-tjock-kuddoverdrag-tvattbara-sittkuddar-for-hus-tradgard-bil-kontor-soffa-stolar-ljusgra-1.webp?fit=2000%2C2000&ssl=1","type":"image\/webp"}],"twitter_card":"summary_large_image","twitter_misc":{"Ber\u00e4knad l\u00e4stid":"1 minut"},"schema":{"@context":"https:\/\/schema.org","@graph":[{"@type":"WebPage","@id":"https:\/\/truusk.store\/sv\/produkt\/truusk-2-pack-sittkuddar-56-x-52-cm-med-dragkedja-tygoverdrag-7cm-tjock-kuddoverdrag-tvattbara-for-hus-tradgard\/","url":"https:\/\/truusk.store\/sv\/produkt\/truusk-2-pack-sittkuddar-56-x-52-cm-med-dragkedja-tygoverdrag-7cm-tjock-kuddoverdrag-tvattbara-for-hus-tradgard\/","name":"TRUUSK 2-pack Sittkuddar - 56 x 52 cm - Med Dragkedja - Tyg\u00f6verdrag - 7cm Tjock Kudd\u00f6verdrag - Tv\u00e4ttbara - F\u00f6r Hus, Tr\u00e4dg\u00e5rd, - TRUUSK - Hem, Tr\u00e4dg\u00e5rd &amp; Fritid","isPartOf":{"@id":"https:\/\/truusk.store\/sv\/#website"},"primaryImageOfPage":{"@id":"https:\/\/truusk.store\/sv\/produkt\/truusk-2-pack-sittkuddar-56-x-52-cm-med-dragkedja-tygoverdrag-7cm-tjock-kuddoverdrag-tvattbara-for-hus-tradgard\/#primaryimage"},"image":{"@id":"https:\/\/truusk.store\/sv\/produkt\/truusk-2-pack-sittkuddar-56-x-52-cm-med-dragkedja-tygoverdrag-7cm-tjock-kuddoverdrag-tvattbara-for-hus-tradgard\/#primaryimage"},"thumbnailUrl":"https:\/\/i0.wp.com\/truusk.store\/wp-content\/uploads\/2025\/06\/2-pack-sittkuddar-56-x-52-cm-stolskuddar-med-dragkedja-tygoverdrag-7cm-tjock-kuddoverdrag-tvattbara-sittkuddar-for-hus-tradgard-bil-kontor-soffa-stolar-ljusgra-1.webp?fit=2000%2C2000&ssl=1","datePublished":"2025-06-05T18:15:42+00:00","dateModified":"2026-03-12T08:27:17+00:00","breadcrumb":{"@id":"https:\/\/truusk.store\/sv\/produkt\/truusk-2-pack-sittkuddar-56-x-52-cm-med-dragkedja-tygoverdrag-7cm-tjock-kuddoverdrag-tvattbara-for-hus-tradgard\/#breadcrumb"},"inLanguage":"sv-SE","potentialAction":[{"@type":"ReadAction","target":["https:\/\/truusk.store\/sv\/produkt\/truusk-2-pack-sittkuddar-56-x-52-cm-med-dragkedja-tygoverdrag-7cm-tjock-kuddoverdrag-tvattbara-for-hus-tradgard\/"]}]},{"@type":"ImageObject","inLanguage":"sv-SE","@id":"https:\/\/truusk.store\/sv\/produkt\/truusk-2-pack-sittkuddar-56-x-52-cm-med-dragkedja-tygoverdrag-7cm-tjock-kuddoverdrag-tvattbara-for-hus-tradgard\/#primaryimage","url":"https:\/\/i0.wp.com\/truusk.store\/wp-content\/uploads\/2025\/06\/2-pack-sittkuddar-56-x-52-cm-stolskuddar-med-dragkedja-tygoverdrag-7cm-tjock-kuddoverdrag-tvattbara-sittkuddar-for-hus-tradgard-bil-kontor-soffa-stolar-ljusgra-1.webp?fit=2000%2C2000&ssl=1","contentUrl":"https:\/\/i0.wp.com\/truusk.store\/wp-content\/uploads\/2025\/06\/2-pack-sittkuddar-56-x-52-cm-stolskuddar-med-dragkedja-tygoverdrag-7cm-tjock-kuddoverdrag-tvattbara-sittkuddar-for-hus-tradgard-bil-kontor-soffa-stolar-ljusgra-1.webp?fit=2000%2C2000&ssl=1","width":2000,"height":2000},{"@type":"BreadcrumbList","@id":"https:\/\/truusk.store\/sv\/produkt\/truusk-2-pack-sittkuddar-56-x-52-cm-med-dragkedja-tygoverdrag-7cm-tjock-kuddoverdrag-tvattbara-for-hus-tradgard\/#breadcrumb","itemListElement":[{"@type":"ListItem","position":1,"name":"Home","item":"https:\/\/truusk.store\/sv\/"},{"@type":"ListItem","position":2,"name":"Shop","item":"https:\/\/truusk.store\/shop\/"},{"@type":"ListItem","position":3,"name":"TRUUSK 2-pack Sittkuddar &#8211; 56 x 52 cm &#8211; Med Dragkedja &#8211; Tyg\u00f6verdrag &#8211; 7cm Tjock Kudd\u00f6verdrag &#8211; Tv\u00e4ttbara &#8211; F\u00f6r Hus, Tr\u00e4dg\u00e5rd,"}]},{"@type":"WebSite","@id":"https:\/\/truusk.store\/sv\/#website","url":"https:\/\/truusk.store\/sv\/","name":"TRUUSK - Hem, Tr\u00e4dg\u00e5rd & Fritid","description":"","publisher":{"@id":"https:\/\/truusk.store\/sv\/#organization"},"potentialAction":[{"@type":"SearchAction","target":{"@type":"EntryPoint","urlTemplate":"https:\/\/truusk.store\/sv\/?s={search_term_string}"},"query-input":{"@type":"PropertyValueSpecification","valueRequired":true,"valueName":"search_term_string"}}],"inLanguage":"sv-SE"},{"@type":"Organization","@id":"https:\/\/truusk.store\/sv\/#organization","name":"TRUUSK - Hem, Tr\u00e4dg\u00e5rd & Fritid","url":"https:\/\/truusk.store\/sv\/","logo":{"@type":"ImageObject","inLanguage":"sv-SE","@id":"https:\/\/truusk.store\/sv\/#\/schema\/logo\/image\/","url":"https:\/\/i0.wp.com\/truusk.store\/wp-content\/uploads\/2026\/03\/cropped-TRUUSK.png?fit=2032%2C917&ssl=1","contentUrl":"https:\/\/i0.wp.com\/truusk.store\/wp-content\/uploads\/2026\/03\/cropped-TRUUSK.png?fit=2032%2C917&ssl=1","width":2032,"height":917,"caption":"TRUUSK - Hem, Tr\u00e4dg\u00e5rd & Fritid"},"image":{"@id":"https:\/\/truusk.store\/sv\/#\/schema\/logo\/image\/"}}]}},"jetpack_sharing_enabled":true,"_links":{"self":[{"href":"https:\/\/truusk.store\/sv\/wp-json\/wp\/v2\/product\/70317","targetHints":{"allow":["GET"]}}],"collection":[{"href":"https:\/\/truusk.store\/sv\/wp-json\/wp\/v2\/product"}],"about":[{"href":"https:\/\/truusk.store\/sv\/wp-json\/wp\/v2\/types\/product"}],"wp:featuredmedia":[{"embeddable":true,"href":"https:\/\/truusk.store\/sv\/wp-json\/wp\/v2\/media\/70308"}],"wp:attachment":[{"href":"https:\/\/truusk.store\/sv\/wp-json\/wp\/v2\/media?parent=70317"}],"wp:term":[{"taxonomy":"product_brand","embeddable":true,"href":"https:\/\/truusk.store\/sv\/wp-json\/wp\/v2\/product_brand?post=70317"},{"taxonomy":"product_cat","embeddable":true,"href":"https:\/\/truusk.store\/sv\/wp-json\/wp\/v2\/product_cat?post=70317"},{"taxonomy":"product_tag","embeddable":true,"href":"https:\/\/truusk.store\/sv\/wp-json\/wp\/v2\/product_tag?post=70317"}],"curies":[{"name":"wp","href":"https:\/\/api.w.org\/{rel}","templated":true}]}}