{"id":70327,"date":"2025-06-05T19:16:45","date_gmt":"2025-06-05T18:16:45","guid":{"rendered":"https:\/\/truusk.store\/product\/sidobord-for-tradgard-hojdjusterbart-tradgardsbord-hopfallbart-balkongbord-av-plast-rektangulart-kaffebord-med-50kg-kapacitet-65x45x70h-cm-soffbord-for-utomhus-inomhus-balkong-terrass-vit\/"},"modified":"2026-03-12T08:40:37","modified_gmt":"2026-03-12T07:40:37","slug":"truusk-sidobord-for-tradgard-hojdjusterbart-hopfallbart-plast-rektangulart-50kg-kapacitet-65x45x70h-cm-vit","status":"publish","type":"product","link":"https:\/\/truusk.store\/sv\/produkt\/truusk-sidobord-for-tradgard-hojdjusterbart-hopfallbart-plast-rektangulart-50kg-kapacitet-65x45x70h-cm-vit\/","title":{"rendered":"TRUUSK Sidobord f\u00f6r Tr\u00e4dg\u00e5rd &#8211; H\u00f6jdjusterbart &#8211; Hopf\u00e4llbart &#8211; Plast &#8211; Rektangul\u00e4rt &#8211; 50kg Kapacitet &#8211; 65x45x70H cm &#8211; Vit"},"content":{"rendered":"<p>Upplev den m\u00e5ngsidiga charmen med TRUUSK Outdoor sidobord, som enkelt kan f\u00e4llas ihop och sparas p\u00e5 ett utrymmeseffektivt s\u00e4tt. Med sina fem variabla h\u00f6jder f\u00f6rvandlas balkongbordet snabbt fr\u00e5n ett litet soffbord till ett bistrobord. Den eleganta plastbordsplattan och den stabila metallramen p\u00e5 balkongbordet g\u00f6r det perfekt l\u00e4mpligt f\u00f6r alla tillf\u00e4llen och ger en minimalistisk k\u00e4nsla i tr\u00e4dg\u00e5rden eller p\u00e5 terrassen.<\/p>\n<p>Beskrivning:<\/p>\n<ul>\n<li> Det f\u00e4llbara designen av det lilla tr\u00e4dg\u00e5rdsbordet f\u00f6renklar lagringen och \u00f6kar b\u00e4rbarheten<\/li>\n<li> Femstegs h\u00f6jdjustering av det lilla tr\u00e4dg\u00e5rdsbordet anpassar sig till olika anv\u00e4ndarbehov<\/li>\n<li> Plastbordsplatta och metallram p\u00e5 balkongbordet garanterar h\u00e5llbarhet<\/li>\n<li> Minimalistisk design kompletterar b\u00e5de tr\u00e4dg\u00e5rds- och bostadsmilj\u00f6er<\/li>\n<li> Ingen montering kr\u00e4vs<\/li>\n<\/ul>\n<p> Tekniska data:<\/p>\n<ul>\n<li> F\u00e4rg: Vit<\/li>\n<li> Material: Plast, Metall<\/li>\n<li> Totala dimensioner: 65L x 45B x 70H cm<\/li>\n<li> Bordsskivans dimensioner: 65L x 45B x 3H cm<\/li>\n<li> F\u00e4llda dimensioner: 86L x 45B x 7,5H cm<\/li>\n<li> B\u00e4rkapacitet: 50 kg<\/li>\n<\/ul>\n<p>Leveransinneh\u00e5ll:<\/p>\n<ul>\n<li> 1 x Sidobord<\/li>\n<li> 1 x Handbok<\/li>\n<\/ul>\n","protected":false},"excerpt":{"rendered":"<p>Upplev den m\u00e5ngsidiga charmen med TRUUSK Outdoor sidobord, som enkelt kan f\u00e4llas ihop och sparas p\u00e5 ett utrymmeseffektivt s\u00e4tt. Med&#8230;<\/p>\n","protected":false},"featured_media":70318,"template":"","meta":[],"product_brand":[],"product_cat":[858,457,450],"product_tag":[],"class_list":{"0":"post-70327","1":"product","2":"type-product","3":"status-publish","4":"has-post-thumbnail","6":"product_cat-tradgard-terrass","7":"product_cat-tradgardsbord","8":"product_cat-tradgardsmobler","10":"first","11":"instock","12":"sale","13":"taxable","14":"shipping-taxable","15":"purchasable","16":"product-type-simple"},"yoast_head":"<!-- This site is optimized with the Yoast SEO plugin v25.4 - https:\/\/yoast.com\/wordpress\/plugins\/seo\/ -->\n<title>TRUUSK Sidobord f\u00f6r Tr\u00e4dg\u00e5rd - H\u00f6jdjusterbart - Hopf\u00e4llbart - Plast - Rektangul\u00e4rt - 50kg Kapacitet - 65x45x70H cm - Vit - TRUUSK - Hem, Tr\u00e4dg\u00e5rd &amp; Fritid<\/title>\n<meta name=\"robots\" content=\"index, follow, max-snippet:-1, max-image-preview:large, max-video-preview:-1\" \/>\n<link rel=\"canonical\" href=\"https:\/\/truusk.store\/sv\/produkt\/truusk-sidobord-for-tradgard-hojdjusterbart-hopfallbart-plast-rektangulart-50kg-kapacitet-65x45x70h-cm-vit\/\" \/>\n<meta property=\"og:locale\" content=\"sv_SE\" \/>\n<meta property=\"og:type\" content=\"article\" \/>\n<meta property=\"og:title\" content=\"TRUUSK Sidobord f\u00f6r Tr\u00e4dg\u00e5rd - H\u00f6jdjusterbart - Hopf\u00e4llbart - Plast - Rektangul\u00e4rt - 50kg Kapacitet - 65x45x70H cm - Vit - TRUUSK - Hem, Tr\u00e4dg\u00e5rd &amp; Fritid\" \/>\n<meta property=\"og:description\" content=\"Upplev den m\u00e5ngsidiga charmen med TRUUSK Outdoor sidobord, som enkelt kan f\u00e4llas ihop och sparas p\u00e5 ett utrymmeseffektivt s\u00e4tt. Med...\" \/>\n<meta property=\"og:url\" content=\"https:\/\/truusk.store\/sv\/produkt\/truusk-sidobord-for-tradgard-hojdjusterbart-hopfallbart-plast-rektangulart-50kg-kapacitet-65x45x70h-cm-vit\/\" \/>\n<meta property=\"og:site_name\" content=\"TRUUSK - Hem, Tr\u00e4dg\u00e5rd &amp; Fritid\" \/>\n<meta property=\"article:modified_time\" content=\"2026-03-12T07:40:37+00:00\" \/>\n<meta property=\"og:image\" content=\"https:\/\/i0.wp.com\/truusk.se\/wp-content\/uploads\/2025\/06\/sidobord-for-tradgard-hojdjusterbart-tradgardsbord-hopfallbart-balkongbord-av-plast-rektangulart-kaffebord-med-50kg-kapacitet-65x45x70h-cm-soffbord-for-utomhus-inomhus-balkong-terrass-vit-1.webp?fit=2000%2C2000&ssl=1\" \/>\n\t<meta property=\"og:image:width\" content=\"2000\" \/>\n\t<meta property=\"og:image:height\" content=\"2000\" \/>\n\t<meta property=\"og:image:type\" content=\"image\/webp\" \/>\n<meta name=\"twitter:card\" content=\"summary_large_image\" \/>\n<meta name=\"twitter:label1\" content=\"Ber\u00e4knad l\u00e4stid\" \/>\n\t<meta name=\"twitter:data1\" content=\"1 minut\" \/>\n<!-- \/ Yoast SEO plugin. -->","yoast_head_json":{"title":"TRUUSK Sidobord f\u00f6r Tr\u00e4dg\u00e5rd - H\u00f6jdjusterbart - Hopf\u00e4llbart - Plast - Rektangul\u00e4rt - 50kg Kapacitet - 65x45x70H cm - Vit - TRUUSK - Hem, Tr\u00e4dg\u00e5rd &amp; Fritid","robots":{"index":"index","follow":"follow","max-snippet":"max-snippet:-1","max-image-preview":"max-image-preview:large","max-video-preview":"max-video-preview:-1"},"canonical":"https:\/\/truusk.store\/sv\/produkt\/truusk-sidobord-for-tradgard-hojdjusterbart-hopfallbart-plast-rektangulart-50kg-kapacitet-65x45x70h-cm-vit\/","og_locale":"sv_SE","og_type":"article","og_title":"TRUUSK Sidobord f\u00f6r Tr\u00e4dg\u00e5rd - H\u00f6jdjusterbart - Hopf\u00e4llbart - Plast - Rektangul\u00e4rt - 50kg Kapacitet - 65x45x70H cm - Vit - TRUUSK - Hem, Tr\u00e4dg\u00e5rd &amp; Fritid","og_description":"Upplev den m\u00e5ngsidiga charmen med TRUUSK Outdoor sidobord, som enkelt kan f\u00e4llas ihop och sparas p\u00e5 ett utrymmeseffektivt s\u00e4tt. Med...","og_url":"https:\/\/truusk.store\/sv\/produkt\/truusk-sidobord-for-tradgard-hojdjusterbart-hopfallbart-plast-rektangulart-50kg-kapacitet-65x45x70h-cm-vit\/","og_site_name":"TRUUSK - Hem, Tr\u00e4dg\u00e5rd &amp; Fritid","article_modified_time":"2026-03-12T07:40:37+00:00","og_image":[{"width":2000,"height":2000,"url":"https:\/\/i0.wp.com\/truusk.se\/wp-content\/uploads\/2025\/06\/sidobord-for-tradgard-hojdjusterbart-tradgardsbord-hopfallbart-balkongbord-av-plast-rektangulart-kaffebord-med-50kg-kapacitet-65x45x70h-cm-soffbord-for-utomhus-inomhus-balkong-terrass-vit-1.webp?fit=2000%2C2000&ssl=1","type":"image\/webp"}],"twitter_card":"summary_large_image","twitter_misc":{"Ber\u00e4knad l\u00e4stid":"1 minut"},"schema":{"@context":"https:\/\/schema.org","@graph":[{"@type":"WebPage","@id":"https:\/\/truusk.store\/sv\/produkt\/truusk-sidobord-for-tradgard-hojdjusterbart-hopfallbart-plast-rektangulart-50kg-kapacitet-65x45x70h-cm-vit\/","url":"https:\/\/truusk.store\/sv\/produkt\/truusk-sidobord-for-tradgard-hojdjusterbart-hopfallbart-plast-rektangulart-50kg-kapacitet-65x45x70h-cm-vit\/","name":"TRUUSK Sidobord f\u00f6r Tr\u00e4dg\u00e5rd - H\u00f6jdjusterbart - Hopf\u00e4llbart - Plast - Rektangul\u00e4rt - 50kg Kapacitet - 65x45x70H cm - Vit - TRUUSK - Hem, Tr\u00e4dg\u00e5rd &amp; Fritid","isPartOf":{"@id":"https:\/\/truusk.store\/sv\/#website"},"primaryImageOfPage":{"@id":"https:\/\/truusk.store\/sv\/produkt\/truusk-sidobord-for-tradgard-hojdjusterbart-hopfallbart-plast-rektangulart-50kg-kapacitet-65x45x70h-cm-vit\/#primaryimage"},"image":{"@id":"https:\/\/truusk.store\/sv\/produkt\/truusk-sidobord-for-tradgard-hojdjusterbart-hopfallbart-plast-rektangulart-50kg-kapacitet-65x45x70h-cm-vit\/#primaryimage"},"thumbnailUrl":"https:\/\/i0.wp.com\/truusk.store\/wp-content\/uploads\/2025\/06\/sidobord-for-tradgard-hojdjusterbart-tradgardsbord-hopfallbart-balkongbord-av-plast-rektangulart-kaffebord-med-50kg-kapacitet-65x45x70h-cm-soffbord-for-utomhus-inomhus-balkong-terrass-vit-1.webp?fit=2000%2C2000&ssl=1","datePublished":"2025-06-05T18:16:45+00:00","dateModified":"2026-03-12T07:40:37+00:00","breadcrumb":{"@id":"https:\/\/truusk.store\/sv\/produkt\/truusk-sidobord-for-tradgard-hojdjusterbart-hopfallbart-plast-rektangulart-50kg-kapacitet-65x45x70h-cm-vit\/#breadcrumb"},"inLanguage":"sv-SE","potentialAction":[{"@type":"ReadAction","target":["https:\/\/truusk.store\/sv\/produkt\/truusk-sidobord-for-tradgard-hojdjusterbart-hopfallbart-plast-rektangulart-50kg-kapacitet-65x45x70h-cm-vit\/"]}]},{"@type":"ImageObject","inLanguage":"sv-SE","@id":"https:\/\/truusk.store\/sv\/produkt\/truusk-sidobord-for-tradgard-hojdjusterbart-hopfallbart-plast-rektangulart-50kg-kapacitet-65x45x70h-cm-vit\/#primaryimage","url":"https:\/\/i0.wp.com\/truusk.store\/wp-content\/uploads\/2025\/06\/sidobord-for-tradgard-hojdjusterbart-tradgardsbord-hopfallbart-balkongbord-av-plast-rektangulart-kaffebord-med-50kg-kapacitet-65x45x70h-cm-soffbord-for-utomhus-inomhus-balkong-terrass-vit-1.webp?fit=2000%2C2000&ssl=1","contentUrl":"https:\/\/i0.wp.com\/truusk.store\/wp-content\/uploads\/2025\/06\/sidobord-for-tradgard-hojdjusterbart-tradgardsbord-hopfallbart-balkongbord-av-plast-rektangulart-kaffebord-med-50kg-kapacitet-65x45x70h-cm-soffbord-for-utomhus-inomhus-balkong-terrass-vit-1.webp?fit=2000%2C2000&ssl=1","width":2000,"height":2000},{"@type":"BreadcrumbList","@id":"https:\/\/truusk.store\/sv\/produkt\/truusk-sidobord-for-tradgard-hojdjusterbart-hopfallbart-plast-rektangulart-50kg-kapacitet-65x45x70h-cm-vit\/#breadcrumb","itemListElement":[{"@type":"ListItem","position":1,"name":"Home","item":"https:\/\/truusk.store\/sv\/"},{"@type":"ListItem","position":2,"name":"Shop","item":"https:\/\/truusk.store\/shop\/"},{"@type":"ListItem","position":3,"name":"TRUUSK Sidobord f\u00f6r Tr\u00e4dg\u00e5rd &#8211; H\u00f6jdjusterbart &#8211; Hopf\u00e4llbart &#8211; Plast &#8211; Rektangul\u00e4rt &#8211; 50kg Kapacitet &#8211; 65x45x70H cm &#8211; Vit"}]},{"@type":"WebSite","@id":"https:\/\/truusk.store\/sv\/#website","url":"https:\/\/truusk.store\/sv\/","name":"TRUUSK - Hem, Tr\u00e4dg\u00e5rd & Fritid","description":"","publisher":{"@id":"https:\/\/truusk.store\/sv\/#organization"},"potentialAction":[{"@type":"SearchAction","target":{"@type":"EntryPoint","urlTemplate":"https:\/\/truusk.store\/sv\/?s={search_term_string}"},"query-input":{"@type":"PropertyValueSpecification","valueRequired":true,"valueName":"search_term_string"}}],"inLanguage":"sv-SE"},{"@type":"Organization","@id":"https:\/\/truusk.store\/sv\/#organization","name":"TRUUSK - Hem, Tr\u00e4dg\u00e5rd & Fritid","url":"https:\/\/truusk.store\/sv\/","logo":{"@type":"ImageObject","inLanguage":"sv-SE","@id":"https:\/\/truusk.store\/sv\/#\/schema\/logo\/image\/","url":"https:\/\/i0.wp.com\/truusk.store\/wp-content\/uploads\/2026\/03\/cropped-TRUUSK.png?fit=2032%2C917&ssl=1","contentUrl":"https:\/\/i0.wp.com\/truusk.store\/wp-content\/uploads\/2026\/03\/cropped-TRUUSK.png?fit=2032%2C917&ssl=1","width":2032,"height":917,"caption":"TRUUSK - Hem, Tr\u00e4dg\u00e5rd & Fritid"},"image":{"@id":"https:\/\/truusk.store\/sv\/#\/schema\/logo\/image\/"}}]}},"jetpack_sharing_enabled":true,"_links":{"self":[{"href":"https:\/\/truusk.store\/sv\/wp-json\/wp\/v2\/product\/70327","targetHints":{"allow":["GET"]}}],"collection":[{"href":"https:\/\/truusk.store\/sv\/wp-json\/wp\/v2\/product"}],"about":[{"href":"https:\/\/truusk.store\/sv\/wp-json\/wp\/v2\/types\/product"}],"wp:featuredmedia":[{"embeddable":true,"href":"https:\/\/truusk.store\/sv\/wp-json\/wp\/v2\/media\/70318"}],"wp:attachment":[{"href":"https:\/\/truusk.store\/sv\/wp-json\/wp\/v2\/media?parent=70327"}],"wp:term":[{"taxonomy":"product_brand","embeddable":true,"href":"https:\/\/truusk.store\/sv\/wp-json\/wp\/v2\/product_brand?post=70327"},{"taxonomy":"product_cat","embeddable":true,"href":"https:\/\/truusk.store\/sv\/wp-json\/wp\/v2\/product_cat?post=70327"},{"taxonomy":"product_tag","embeddable":true,"href":"https:\/\/truusk.store\/sv\/wp-json\/wp\/v2\/product_tag?post=70327"}],"curies":[{"name":"wp","href":"https:\/\/api.w.org\/{rel}","templated":true}]}}