{"id":70337,"date":"2025-06-05T19:17:51","date_gmt":"2025-06-05T18:17:51","guid":{"rendered":"https:\/\/truusk.store\/product\/tradgardsskap-i-tra-vadersakert-redskapsskjul-74x43x88cm-redskapshus-med-vikbart-tak-hyllor-arbetsyta-redskapsskap-tradgardshus-verktygsskap-tradgardsskjul-for-tradgard-terrass-tra\/"},"modified":"2026-03-12T09:45:33","modified_gmt":"2026-03-12T08:45:33","slug":"truusk-tradgardsskap-i-tra-vadersakert-redskapsskjul-74x43x88cm-vikbart-tak-hyllor-arbetsyta-for-tradgard-och-terrass","status":"publish","type":"product","link":"https:\/\/truusk.store\/sv\/produkt\/truusk-tradgardsskap-i-tra-vadersakert-redskapsskjul-74x43x88cm-vikbart-tak-hyllor-arbetsyta-for-tradgard-och-terrass\/","title":{"rendered":"TRUUSK Tr\u00e4dg\u00e5rdssk\u00e5p i tr\u00e4 &#8211; V\u00e4ders\u00e4kert redskapsskjul 74x43x88cm &#8211; Vikbart tak &#8211; Hyllor &#8211; Arbetsyta &#8211; F\u00f6r tr\u00e4dg\u00e5rd och terrass"},"content":{"rendered":"<p>Uppt\u00e4ck den multifunktionella TRUUSK v\u00e4derbest\u00e4ndiga tr\u00e4dg\u00e5rdssk\u00e5pet! Det kombinerar ett f\u00f6rvaringssk\u00e5p och en arbetsb\u00e4nk, erbjuder ett uppf\u00e4llbart tak och dubbla d\u00f6rrar f\u00f6r l\u00e4tt \u00e5tkomst. Dina tr\u00e4dg\u00e5rdsverktyg f\u00f6rblir v\u00e4l sorterade och s\u00e4kra med en inre hylla och ventilerad lamelldesign p\u00e5 tr\u00e4dg\u00e5rdsskjulet, vilket f\u00f6rhindrar m\u00f6gel. Dessutom \u00e4r tr\u00e4verktygsskjulet utrustat med en robust rostfri yta.<\/p>\n<p>Beskrivning:<\/p>\n<ul>\n<li> Fungerar b\u00e5de som f\u00f6rvaring f\u00f6r tr\u00e4dg\u00e5rdsverktyg och som en stabil arbetsb\u00e4nk<\/li>\n<li> Uppf\u00e4llbart tak och dubbla d\u00f6rrar p\u00e5 tr\u00e4verktygssk\u00e5pet m\u00f6jligg\u00f6r enkel \u00e5tkomst<\/li>\n<li> Inre hylla f\u00f6r att organisera verktyg, lamelldesign f\u00f6rhindrar vattenansamling<\/li>\n<li> Rostfri yta p\u00e5 tr\u00e4verktygssk\u00e5pet \u00e4r vatten- och slitstark<\/li>\n<li> M\u00e5lat tr\u00e4 p\u00e5 tr\u00e4verktygssk\u00e5pet erbjuder skydd mot korrosion och fukt<\/li>\n<li> Montering kr\u00e4vs<\/li>\n<\/ul>\n<p> Tekniska data:<\/p>\n<ul>\n<li> F\u00e4rg: Naturtr\u00e4<\/li>\n<li> Material: Grantr\u00e4, rostfritt st\u00e5l<\/li>\n<li> Totala dimensioner: 74L x 43B x 88H cm<\/li>\n<li> Storlek p\u00e5 bordsskiva: 71B x 42T cm<\/li>\n<li> Storlek p\u00e5 enkel d\u00f6rr: 31B x 70H cm<\/li>\n<li> Hyllstorlek: 63B x 37T cm<\/li>\n<li> H\u00f6jd fr\u00e5n botten till golvet: 6,5 cm<\/li>\n<li> B\u00e4rkapacitet: 50 kg (bordsskiva), 25 kg (golv), 15 kg (hylla)<\/li>\n<\/ul>\n<p> Leveransinneh\u00e5ll:<\/p>\n<ul>\n<li> 1 x Tr\u00e4dg\u00e5rdssk\u00e5p<\/li>\n<li> 1 x Bruksanvisning<\/li>\n<\/ul>\n","protected":false},"excerpt":{"rendered":"<p>Uppt\u00e4ck den multifunktionella TRUUSK v\u00e4derbest\u00e4ndiga tr\u00e4dg\u00e5rdssk\u00e5pet! Det kombinerar ett f\u00f6rvaringssk\u00e5p och en arbetsb\u00e4nk, erbjuder ett uppf\u00e4llbart tak och dubbla d\u00f6rrar&#8230;<\/p>\n","protected":false},"featured_media":70328,"template":"","meta":[],"product_brand":[],"product_cat":[901,858,437],"product_tag":[],"class_list":{"0":"post-70337","1":"product","2":"type-product","3":"status-publish","4":"has-post-thumbnail","6":"product_cat-ordning-i-tradgarden","7":"product_cat-tradgard-terrass","8":"product_cat-tradgardsskap","10":"first","11":"instock","12":"sale","13":"taxable","14":"shipping-taxable","15":"purchasable","16":"product-type-simple"},"yoast_head":"<!-- This site is optimized with the Yoast SEO plugin v25.4 - https:\/\/yoast.com\/wordpress\/plugins\/seo\/ -->\n<title>TRUUSK Tr\u00e4dg\u00e5rdssk\u00e5p i tr\u00e4 - V\u00e4ders\u00e4kert redskapsskjul 74x43x88cm - Vikbart tak - Hyllor - Arbetsyta - F\u00f6r tr\u00e4dg\u00e5rd och terrass - TRUUSK - Hem, Tr\u00e4dg\u00e5rd &amp; Fritid<\/title>\n<meta name=\"robots\" content=\"index, follow, max-snippet:-1, max-image-preview:large, max-video-preview:-1\" \/>\n<link rel=\"canonical\" href=\"https:\/\/truusk.store\/sv\/produkt\/truusk-tradgardsskap-i-tra-vadersakert-redskapsskjul-74x43x88cm-vikbart-tak-hyllor-arbetsyta-for-tradgard-och-terrass\/\" \/>\n<meta property=\"og:locale\" content=\"sv_SE\" \/>\n<meta property=\"og:type\" content=\"article\" \/>\n<meta property=\"og:title\" content=\"TRUUSK Tr\u00e4dg\u00e5rdssk\u00e5p i tr\u00e4 - V\u00e4ders\u00e4kert redskapsskjul 74x43x88cm - Vikbart tak - Hyllor - Arbetsyta - F\u00f6r tr\u00e4dg\u00e5rd och terrass - TRUUSK - Hem, Tr\u00e4dg\u00e5rd &amp; Fritid\" \/>\n<meta property=\"og:description\" content=\"Uppt\u00e4ck den multifunktionella TRUUSK v\u00e4derbest\u00e4ndiga tr\u00e4dg\u00e5rdssk\u00e5pet! Det kombinerar ett f\u00f6rvaringssk\u00e5p och en arbetsb\u00e4nk, erbjuder ett uppf\u00e4llbart tak och dubbla d\u00f6rrar...\" \/>\n<meta property=\"og:url\" content=\"https:\/\/truusk.store\/sv\/produkt\/truusk-tradgardsskap-i-tra-vadersakert-redskapsskjul-74x43x88cm-vikbart-tak-hyllor-arbetsyta-for-tradgard-och-terrass\/\" \/>\n<meta property=\"og:site_name\" content=\"TRUUSK - Hem, Tr\u00e4dg\u00e5rd &amp; Fritid\" \/>\n<meta property=\"article:modified_time\" content=\"2026-03-12T08:45:33+00:00\" \/>\n<meta property=\"og:image\" content=\"https:\/\/i0.wp.com\/truusk.se\/wp-content\/uploads\/2025\/06\/tradgardsskap-i-tra-vadersakert-redskapsskjul-74x43x88cm-redskapshus-med-vikbart-tak-hyllor-arbetsyta-redskapsskap-tradgardshus-verktygsskap-tradgardsskjul-for-tradgard-terrass-tra-1.webp?fit=2000%2C2000&ssl=1\" \/>\n\t<meta property=\"og:image:width\" content=\"2000\" \/>\n\t<meta property=\"og:image:height\" content=\"2000\" \/>\n\t<meta property=\"og:image:type\" content=\"image\/webp\" \/>\n<meta name=\"twitter:card\" content=\"summary_large_image\" \/>\n<meta name=\"twitter:label1\" content=\"Ber\u00e4knad l\u00e4stid\" \/>\n\t<meta name=\"twitter:data1\" content=\"1 minut\" \/>\n<!-- \/ Yoast SEO plugin. -->","yoast_head_json":{"title":"TRUUSK Tr\u00e4dg\u00e5rdssk\u00e5p i tr\u00e4 - V\u00e4ders\u00e4kert redskapsskjul 74x43x88cm - Vikbart tak - Hyllor - Arbetsyta - F\u00f6r tr\u00e4dg\u00e5rd och terrass - TRUUSK - Hem, Tr\u00e4dg\u00e5rd &amp; Fritid","robots":{"index":"index","follow":"follow","max-snippet":"max-snippet:-1","max-image-preview":"max-image-preview:large","max-video-preview":"max-video-preview:-1"},"canonical":"https:\/\/truusk.store\/sv\/produkt\/truusk-tradgardsskap-i-tra-vadersakert-redskapsskjul-74x43x88cm-vikbart-tak-hyllor-arbetsyta-for-tradgard-och-terrass\/","og_locale":"sv_SE","og_type":"article","og_title":"TRUUSK Tr\u00e4dg\u00e5rdssk\u00e5p i tr\u00e4 - V\u00e4ders\u00e4kert redskapsskjul 74x43x88cm - Vikbart tak - Hyllor - Arbetsyta - F\u00f6r tr\u00e4dg\u00e5rd och terrass - TRUUSK - Hem, Tr\u00e4dg\u00e5rd &amp; Fritid","og_description":"Uppt\u00e4ck den multifunktionella TRUUSK v\u00e4derbest\u00e4ndiga tr\u00e4dg\u00e5rdssk\u00e5pet! Det kombinerar ett f\u00f6rvaringssk\u00e5p och en arbetsb\u00e4nk, erbjuder ett uppf\u00e4llbart tak och dubbla d\u00f6rrar...","og_url":"https:\/\/truusk.store\/sv\/produkt\/truusk-tradgardsskap-i-tra-vadersakert-redskapsskjul-74x43x88cm-vikbart-tak-hyllor-arbetsyta-for-tradgard-och-terrass\/","og_site_name":"TRUUSK - Hem, Tr\u00e4dg\u00e5rd &amp; Fritid","article_modified_time":"2026-03-12T08:45:33+00:00","og_image":[{"width":2000,"height":2000,"url":"https:\/\/i0.wp.com\/truusk.se\/wp-content\/uploads\/2025\/06\/tradgardsskap-i-tra-vadersakert-redskapsskjul-74x43x88cm-redskapshus-med-vikbart-tak-hyllor-arbetsyta-redskapsskap-tradgardshus-verktygsskap-tradgardsskjul-for-tradgard-terrass-tra-1.webp?fit=2000%2C2000&ssl=1","type":"image\/webp"}],"twitter_card":"summary_large_image","twitter_misc":{"Ber\u00e4knad l\u00e4stid":"1 minut"},"schema":{"@context":"https:\/\/schema.org","@graph":[{"@type":"WebPage","@id":"https:\/\/truusk.store\/sv\/produkt\/truusk-tradgardsskap-i-tra-vadersakert-redskapsskjul-74x43x88cm-vikbart-tak-hyllor-arbetsyta-for-tradgard-och-terrass\/","url":"https:\/\/truusk.store\/sv\/produkt\/truusk-tradgardsskap-i-tra-vadersakert-redskapsskjul-74x43x88cm-vikbart-tak-hyllor-arbetsyta-for-tradgard-och-terrass\/","name":"TRUUSK Tr\u00e4dg\u00e5rdssk\u00e5p i tr\u00e4 - V\u00e4ders\u00e4kert redskapsskjul 74x43x88cm - Vikbart tak - Hyllor - Arbetsyta - F\u00f6r tr\u00e4dg\u00e5rd och terrass - TRUUSK - Hem, Tr\u00e4dg\u00e5rd &amp; Fritid","isPartOf":{"@id":"https:\/\/truusk.store\/sv\/#website"},"primaryImageOfPage":{"@id":"https:\/\/truusk.store\/sv\/produkt\/truusk-tradgardsskap-i-tra-vadersakert-redskapsskjul-74x43x88cm-vikbart-tak-hyllor-arbetsyta-for-tradgard-och-terrass\/#primaryimage"},"image":{"@id":"https:\/\/truusk.store\/sv\/produkt\/truusk-tradgardsskap-i-tra-vadersakert-redskapsskjul-74x43x88cm-vikbart-tak-hyllor-arbetsyta-for-tradgard-och-terrass\/#primaryimage"},"thumbnailUrl":"https:\/\/i0.wp.com\/truusk.store\/wp-content\/uploads\/2025\/06\/tradgardsskap-i-tra-vadersakert-redskapsskjul-74x43x88cm-redskapshus-med-vikbart-tak-hyllor-arbetsyta-redskapsskap-tradgardshus-verktygsskap-tradgardsskjul-for-tradgard-terrass-tra-1.webp?fit=2000%2C2000&ssl=1","datePublished":"2025-06-05T18:17:51+00:00","dateModified":"2026-03-12T08:45:33+00:00","breadcrumb":{"@id":"https:\/\/truusk.store\/sv\/produkt\/truusk-tradgardsskap-i-tra-vadersakert-redskapsskjul-74x43x88cm-vikbart-tak-hyllor-arbetsyta-for-tradgard-och-terrass\/#breadcrumb"},"inLanguage":"sv-SE","potentialAction":[{"@type":"ReadAction","target":["https:\/\/truusk.store\/sv\/produkt\/truusk-tradgardsskap-i-tra-vadersakert-redskapsskjul-74x43x88cm-vikbart-tak-hyllor-arbetsyta-for-tradgard-och-terrass\/"]}]},{"@type":"ImageObject","inLanguage":"sv-SE","@id":"https:\/\/truusk.store\/sv\/produkt\/truusk-tradgardsskap-i-tra-vadersakert-redskapsskjul-74x43x88cm-vikbart-tak-hyllor-arbetsyta-for-tradgard-och-terrass\/#primaryimage","url":"https:\/\/i0.wp.com\/truusk.store\/wp-content\/uploads\/2025\/06\/tradgardsskap-i-tra-vadersakert-redskapsskjul-74x43x88cm-redskapshus-med-vikbart-tak-hyllor-arbetsyta-redskapsskap-tradgardshus-verktygsskap-tradgardsskjul-for-tradgard-terrass-tra-1.webp?fit=2000%2C2000&ssl=1","contentUrl":"https:\/\/i0.wp.com\/truusk.store\/wp-content\/uploads\/2025\/06\/tradgardsskap-i-tra-vadersakert-redskapsskjul-74x43x88cm-redskapshus-med-vikbart-tak-hyllor-arbetsyta-redskapsskap-tradgardshus-verktygsskap-tradgardsskjul-for-tradgard-terrass-tra-1.webp?fit=2000%2C2000&ssl=1","width":2000,"height":2000},{"@type":"BreadcrumbList","@id":"https:\/\/truusk.store\/sv\/produkt\/truusk-tradgardsskap-i-tra-vadersakert-redskapsskjul-74x43x88cm-vikbart-tak-hyllor-arbetsyta-for-tradgard-och-terrass\/#breadcrumb","itemListElement":[{"@type":"ListItem","position":1,"name":"Home","item":"https:\/\/truusk.store\/sv\/"},{"@type":"ListItem","position":2,"name":"Shop","item":"https:\/\/truusk.store\/shop\/"},{"@type":"ListItem","position":3,"name":"TRUUSK Tr\u00e4dg\u00e5rdssk\u00e5p i tr\u00e4 &#8211; V\u00e4ders\u00e4kert redskapsskjul 74x43x88cm &#8211; Vikbart tak &#8211; Hyllor &#8211; Arbetsyta &#8211; F\u00f6r tr\u00e4dg\u00e5rd och terrass"}]},{"@type":"WebSite","@id":"https:\/\/truusk.store\/sv\/#website","url":"https:\/\/truusk.store\/sv\/","name":"TRUUSK - Hem, Tr\u00e4dg\u00e5rd & Fritid","description":"","publisher":{"@id":"https:\/\/truusk.store\/sv\/#organization"},"potentialAction":[{"@type":"SearchAction","target":{"@type":"EntryPoint","urlTemplate":"https:\/\/truusk.store\/sv\/?s={search_term_string}"},"query-input":{"@type":"PropertyValueSpecification","valueRequired":true,"valueName":"search_term_string"}}],"inLanguage":"sv-SE"},{"@type":"Organization","@id":"https:\/\/truusk.store\/sv\/#organization","name":"TRUUSK - Hem, Tr\u00e4dg\u00e5rd & Fritid","url":"https:\/\/truusk.store\/sv\/","logo":{"@type":"ImageObject","inLanguage":"sv-SE","@id":"https:\/\/truusk.store\/sv\/#\/schema\/logo\/image\/","url":"https:\/\/i0.wp.com\/truusk.store\/wp-content\/uploads\/2026\/03\/cropped-TRUUSK.png?fit=2032%2C917&ssl=1","contentUrl":"https:\/\/i0.wp.com\/truusk.store\/wp-content\/uploads\/2026\/03\/cropped-TRUUSK.png?fit=2032%2C917&ssl=1","width":2032,"height":917,"caption":"TRUUSK - Hem, Tr\u00e4dg\u00e5rd & Fritid"},"image":{"@id":"https:\/\/truusk.store\/sv\/#\/schema\/logo\/image\/"}}]}},"jetpack_sharing_enabled":true,"_links":{"self":[{"href":"https:\/\/truusk.store\/sv\/wp-json\/wp\/v2\/product\/70337","targetHints":{"allow":["GET"]}}],"collection":[{"href":"https:\/\/truusk.store\/sv\/wp-json\/wp\/v2\/product"}],"about":[{"href":"https:\/\/truusk.store\/sv\/wp-json\/wp\/v2\/types\/product"}],"wp:featuredmedia":[{"embeddable":true,"href":"https:\/\/truusk.store\/sv\/wp-json\/wp\/v2\/media\/70328"}],"wp:attachment":[{"href":"https:\/\/truusk.store\/sv\/wp-json\/wp\/v2\/media?parent=70337"}],"wp:term":[{"taxonomy":"product_brand","embeddable":true,"href":"https:\/\/truusk.store\/sv\/wp-json\/wp\/v2\/product_brand?post=70337"},{"taxonomy":"product_cat","embeddable":true,"href":"https:\/\/truusk.store\/sv\/wp-json\/wp\/v2\/product_cat?post=70337"},{"taxonomy":"product_tag","embeddable":true,"href":"https:\/\/truusk.store\/sv\/wp-json\/wp\/v2\/product_tag?post=70337"}],"curies":[{"name":"wp","href":"https:\/\/api.w.org\/{rel}","templated":true}]}}