{"id":70347,"date":"2025-06-05T19:18:45","date_gmt":"2025-06-05T18:18:45","guid":{"rendered":"https:\/\/truusk.store\/product\/vaxthus-med-rullfonster-rundtak-vinterbestandigt-stalvaxthus-vattentaligt-drivhus-for-balkong-tomatvaxthus-med-uv-skydd-200x80x45cm-tomatvaxthus-for-gronsaker-gron\/"},"modified":"2026-03-12T09:45:29","modified_gmt":"2026-03-12T08:45:29","slug":"truusk-vaxthus-med-rullfonster-rundtak-vinterbestandigt-stalvaxthus-vattentaligt-uv-skydd-200x80x45cm-for-gronsaker","status":"publish","type":"product","link":"https:\/\/truusk.store\/sv\/produkt\/truusk-vaxthus-med-rullfonster-rundtak-vinterbestandigt-stalvaxthus-vattentaligt-uv-skydd-200x80x45cm-for-gronsaker\/","title":{"rendered":"TRUUSK V\u00e4xthus Med Rullf\u00f6nster &#8211; Rundtak &#8211; Vinterbest\u00e4ndigt St\u00e5lv\u00e4xthus &#8211; Vattent\u00e5ligt &#8211; UV-skydd &#8211; 200x80x45cm &#8211; F\u00f6r Gr\u00f6nsaker &#8211;"},"content":{"rendered":"<p>Detta b\u00e4rbara v\u00e4xthus fr\u00e5n TRUUSK \u00e4r idealiskt f\u00f6r tr\u00e4dg\u00e5rds\u00e4lskare som s\u00f6ker ett s\u00e4tt att odla oberoende av \u00e5rstiderna. V\u00e4xthuset ser till att dina v\u00e4xter och gr\u00f6nsaker \u00e4r b\u00e4ttre skyddade. De m\u00e5nga f\u00f6nstren i v\u00e4xthuset, gjorda av mesh-tyg, ger utm\u00e4rkt ventilation inuti och h\u00e5ller samtidigt djur som f\u00e5glar borta. En idealisk l\u00f6sning f\u00f6r att odla v\u00e4xter \u00e5ret runt.<\/p>\n<p>Beskrivning:<\/p>\n<ul>\n<li> Skyddar v\u00e4xterna p\u00e5 vintern mot kyla och frost och stimulerar tillv\u00e4xten p\u00e5 v\u00e5ren och sommaren<\/li>\n<li> Den slitstarka plast\u00f6verdraget p\u00e5 v\u00e4xthuset h\u00e5ller fukten inuti och skyddar v\u00e4xterna mot UV-str\u00e5lning, samtidigt som 85 % av solljuset sl\u00e4pps igenom<\/li>\n<li> F\u00f6nster i v\u00e4xthuset gjorda av n\u00e4ttyg f\u00f6r b\u00e4ttre luftcirkulation och skydd mot skadedjur<\/li>\n<li> Bottenr\u00f6r och 10 cm f\u00f6rl\u00e4ngda kanter hj\u00e4lper till att f\u00e4sta v\u00e4xthuset i marken<\/li>\n<li> Ett v\u00e4lvt tak g\u00f6r att regnet rinner av bra<\/li>\n<li> Enkel montering<\/li>\n<li> Minst 2 personer rekommenderas f\u00f6r monteringen<\/li>\n<\/ul>\n<p> Tekniska data:<\/p>\n<ul>\n<li> F\u00e4rg: Vit<\/li>\n<li> Material: St\u00e5l, plast<\/li>\n<li> Totala m\u00e5tt: 200L x 80B x 45H cm<\/li>\n<li> M\u00e5tt p\u00e5 varje f\u00f6nster: 32B x 32H cm<\/li>\n<li> Vindt\u00e4t: Niv\u00e5 4 (vindhastighet under 17,5 mph)<\/li>\n<\/ul>\n<p>Leveransinneh\u00e5ll:<\/p>\n<ul>\n<li> 1 x Litet v\u00e4xthus<\/li>\n<li> 1 x Instruktioner<\/li>\n<\/ul>\n","protected":false},"excerpt":{"rendered":"<p>Detta b\u00e4rbara v\u00e4xthus fr\u00e5n TRUUSK \u00e4r idealiskt f\u00f6r tr\u00e4dg\u00e5rds\u00e4lskare som s\u00f6ker ett s\u00e4tt att odla oberoende av \u00e5rstiderna. V\u00e4xthuset ser&#8230;<\/p>\n","protected":false},"featured_media":70338,"template":"","meta":[],"product_brand":[],"product_cat":[1024,858,443],"product_tag":[],"class_list":{"0":"post-70347","1":"product","2":"type-product","3":"status-publish","4":"has-post-thumbnail","6":"product_cat-plastfilm-vaxthus-vaxthus-tradgardsskotsel","7":"product_cat-tradgard-terrass","8":"product_cat-vaxthus-tradgardsskotsel","10":"first","11":"instock","12":"sale","13":"taxable","14":"shipping-taxable","15":"purchasable","16":"product-type-simple"},"yoast_head":"<!-- This site is optimized with the Yoast SEO plugin v25.4 - https:\/\/yoast.com\/wordpress\/plugins\/seo\/ -->\n<title>TRUUSK V\u00e4xthus Med Rullf\u00f6nster - Rundtak - Vinterbest\u00e4ndigt St\u00e5lv\u00e4xthus - Vattent\u00e5ligt - UV-skydd - 200x80x45cm - F\u00f6r Gr\u00f6nsaker - TRUUSK - Hem, Tr\u00e4dg\u00e5rd &amp; Fritid<\/title>\n<meta name=\"robots\" content=\"index, follow, max-snippet:-1, max-image-preview:large, max-video-preview:-1\" \/>\n<link rel=\"canonical\" href=\"https:\/\/truusk.store\/sv\/produkt\/truusk-vaxthus-med-rullfonster-rundtak-vinterbestandigt-stalvaxthus-vattentaligt-uv-skydd-200x80x45cm-for-gronsaker\/\" \/>\n<meta property=\"og:locale\" content=\"sv_SE\" \/>\n<meta property=\"og:type\" content=\"article\" \/>\n<meta property=\"og:title\" content=\"TRUUSK V\u00e4xthus Med Rullf\u00f6nster - Rundtak - Vinterbest\u00e4ndigt St\u00e5lv\u00e4xthus - Vattent\u00e5ligt - UV-skydd - 200x80x45cm - F\u00f6r Gr\u00f6nsaker - TRUUSK - Hem, Tr\u00e4dg\u00e5rd &amp; Fritid\" \/>\n<meta property=\"og:description\" content=\"Detta b\u00e4rbara v\u00e4xthus fr\u00e5n TRUUSK \u00e4r idealiskt f\u00f6r tr\u00e4dg\u00e5rds\u00e4lskare som s\u00f6ker ett s\u00e4tt att odla oberoende av \u00e5rstiderna. V\u00e4xthuset ser...\" \/>\n<meta property=\"og:url\" content=\"https:\/\/truusk.store\/sv\/produkt\/truusk-vaxthus-med-rullfonster-rundtak-vinterbestandigt-stalvaxthus-vattentaligt-uv-skydd-200x80x45cm-for-gronsaker\/\" \/>\n<meta property=\"og:site_name\" content=\"TRUUSK - Hem, Tr\u00e4dg\u00e5rd &amp; Fritid\" \/>\n<meta property=\"article:modified_time\" content=\"2026-03-12T08:45:29+00:00\" \/>\n<meta property=\"og:image\" content=\"https:\/\/i0.wp.com\/truusk.se\/wp-content\/uploads\/2025\/06\/vaxthus-med-rullfonster-rundtak-vinterbestandigt-stalvaxthus-vattentaligt-drivhus-for-balkong-tomatvaxthus-med-uv-skydd-200x80x45cm-tomatvaxthus-for-gronsaker-gron-1.webp?fit=2000%2C2000&ssl=1\" \/>\n\t<meta property=\"og:image:width\" content=\"2000\" \/>\n\t<meta property=\"og:image:height\" content=\"2000\" \/>\n\t<meta property=\"og:image:type\" content=\"image\/webp\" \/>\n<meta name=\"twitter:card\" content=\"summary_large_image\" \/>\n<meta name=\"twitter:label1\" content=\"Ber\u00e4knad l\u00e4stid\" \/>\n\t<meta name=\"twitter:data1\" content=\"1 minut\" \/>\n<!-- \/ Yoast SEO plugin. -->","yoast_head_json":{"title":"TRUUSK V\u00e4xthus Med Rullf\u00f6nster - Rundtak - Vinterbest\u00e4ndigt St\u00e5lv\u00e4xthus - Vattent\u00e5ligt - UV-skydd - 200x80x45cm - F\u00f6r Gr\u00f6nsaker - TRUUSK - Hem, Tr\u00e4dg\u00e5rd &amp; Fritid","robots":{"index":"index","follow":"follow","max-snippet":"max-snippet:-1","max-image-preview":"max-image-preview:large","max-video-preview":"max-video-preview:-1"},"canonical":"https:\/\/truusk.store\/sv\/produkt\/truusk-vaxthus-med-rullfonster-rundtak-vinterbestandigt-stalvaxthus-vattentaligt-uv-skydd-200x80x45cm-for-gronsaker\/","og_locale":"sv_SE","og_type":"article","og_title":"TRUUSK V\u00e4xthus Med Rullf\u00f6nster - Rundtak - Vinterbest\u00e4ndigt St\u00e5lv\u00e4xthus - Vattent\u00e5ligt - UV-skydd - 200x80x45cm - F\u00f6r Gr\u00f6nsaker - TRUUSK - Hem, Tr\u00e4dg\u00e5rd &amp; Fritid","og_description":"Detta b\u00e4rbara v\u00e4xthus fr\u00e5n TRUUSK \u00e4r idealiskt f\u00f6r tr\u00e4dg\u00e5rds\u00e4lskare som s\u00f6ker ett s\u00e4tt att odla oberoende av \u00e5rstiderna. V\u00e4xthuset ser...","og_url":"https:\/\/truusk.store\/sv\/produkt\/truusk-vaxthus-med-rullfonster-rundtak-vinterbestandigt-stalvaxthus-vattentaligt-uv-skydd-200x80x45cm-for-gronsaker\/","og_site_name":"TRUUSK - Hem, Tr\u00e4dg\u00e5rd &amp; Fritid","article_modified_time":"2026-03-12T08:45:29+00:00","og_image":[{"width":2000,"height":2000,"url":"https:\/\/i0.wp.com\/truusk.se\/wp-content\/uploads\/2025\/06\/vaxthus-med-rullfonster-rundtak-vinterbestandigt-stalvaxthus-vattentaligt-drivhus-for-balkong-tomatvaxthus-med-uv-skydd-200x80x45cm-tomatvaxthus-for-gronsaker-gron-1.webp?fit=2000%2C2000&ssl=1","type":"image\/webp"}],"twitter_card":"summary_large_image","twitter_misc":{"Ber\u00e4knad l\u00e4stid":"1 minut"},"schema":{"@context":"https:\/\/schema.org","@graph":[{"@type":"WebPage","@id":"https:\/\/truusk.store\/sv\/produkt\/truusk-vaxthus-med-rullfonster-rundtak-vinterbestandigt-stalvaxthus-vattentaligt-uv-skydd-200x80x45cm-for-gronsaker\/","url":"https:\/\/truusk.store\/sv\/produkt\/truusk-vaxthus-med-rullfonster-rundtak-vinterbestandigt-stalvaxthus-vattentaligt-uv-skydd-200x80x45cm-for-gronsaker\/","name":"TRUUSK V\u00e4xthus Med Rullf\u00f6nster - Rundtak - Vinterbest\u00e4ndigt St\u00e5lv\u00e4xthus - Vattent\u00e5ligt - UV-skydd - 200x80x45cm - F\u00f6r Gr\u00f6nsaker - TRUUSK - Hem, Tr\u00e4dg\u00e5rd &amp; Fritid","isPartOf":{"@id":"https:\/\/truusk.store\/sv\/#website"},"primaryImageOfPage":{"@id":"https:\/\/truusk.store\/sv\/produkt\/truusk-vaxthus-med-rullfonster-rundtak-vinterbestandigt-stalvaxthus-vattentaligt-uv-skydd-200x80x45cm-for-gronsaker\/#primaryimage"},"image":{"@id":"https:\/\/truusk.store\/sv\/produkt\/truusk-vaxthus-med-rullfonster-rundtak-vinterbestandigt-stalvaxthus-vattentaligt-uv-skydd-200x80x45cm-for-gronsaker\/#primaryimage"},"thumbnailUrl":"https:\/\/i0.wp.com\/truusk.store\/wp-content\/uploads\/2025\/06\/vaxthus-med-rullfonster-rundtak-vinterbestandigt-stalvaxthus-vattentaligt-drivhus-for-balkong-tomatvaxthus-med-uv-skydd-200x80x45cm-tomatvaxthus-for-gronsaker-gron-1.webp?fit=2000%2C2000&ssl=1","datePublished":"2025-06-05T18:18:45+00:00","dateModified":"2026-03-12T08:45:29+00:00","breadcrumb":{"@id":"https:\/\/truusk.store\/sv\/produkt\/truusk-vaxthus-med-rullfonster-rundtak-vinterbestandigt-stalvaxthus-vattentaligt-uv-skydd-200x80x45cm-for-gronsaker\/#breadcrumb"},"inLanguage":"sv-SE","potentialAction":[{"@type":"ReadAction","target":["https:\/\/truusk.store\/sv\/produkt\/truusk-vaxthus-med-rullfonster-rundtak-vinterbestandigt-stalvaxthus-vattentaligt-uv-skydd-200x80x45cm-for-gronsaker\/"]}]},{"@type":"ImageObject","inLanguage":"sv-SE","@id":"https:\/\/truusk.store\/sv\/produkt\/truusk-vaxthus-med-rullfonster-rundtak-vinterbestandigt-stalvaxthus-vattentaligt-uv-skydd-200x80x45cm-for-gronsaker\/#primaryimage","url":"https:\/\/i0.wp.com\/truusk.store\/wp-content\/uploads\/2025\/06\/vaxthus-med-rullfonster-rundtak-vinterbestandigt-stalvaxthus-vattentaligt-drivhus-for-balkong-tomatvaxthus-med-uv-skydd-200x80x45cm-tomatvaxthus-for-gronsaker-gron-1.webp?fit=2000%2C2000&ssl=1","contentUrl":"https:\/\/i0.wp.com\/truusk.store\/wp-content\/uploads\/2025\/06\/vaxthus-med-rullfonster-rundtak-vinterbestandigt-stalvaxthus-vattentaligt-drivhus-for-balkong-tomatvaxthus-med-uv-skydd-200x80x45cm-tomatvaxthus-for-gronsaker-gron-1.webp?fit=2000%2C2000&ssl=1","width":2000,"height":2000},{"@type":"BreadcrumbList","@id":"https:\/\/truusk.store\/sv\/produkt\/truusk-vaxthus-med-rullfonster-rundtak-vinterbestandigt-stalvaxthus-vattentaligt-uv-skydd-200x80x45cm-for-gronsaker\/#breadcrumb","itemListElement":[{"@type":"ListItem","position":1,"name":"Home","item":"https:\/\/truusk.store\/sv\/"},{"@type":"ListItem","position":2,"name":"Shop","item":"https:\/\/truusk.store\/shop\/"},{"@type":"ListItem","position":3,"name":"TRUUSK V\u00e4xthus Med Rullf\u00f6nster &#8211; Rundtak &#8211; Vinterbest\u00e4ndigt St\u00e5lv\u00e4xthus &#8211; Vattent\u00e5ligt &#8211; UV-skydd &#8211; 200x80x45cm &#8211; F\u00f6r Gr\u00f6nsaker &#8211;"}]},{"@type":"WebSite","@id":"https:\/\/truusk.store\/sv\/#website","url":"https:\/\/truusk.store\/sv\/","name":"TRUUSK - Hem, Tr\u00e4dg\u00e5rd & Fritid","description":"","publisher":{"@id":"https:\/\/truusk.store\/sv\/#organization"},"potentialAction":[{"@type":"SearchAction","target":{"@type":"EntryPoint","urlTemplate":"https:\/\/truusk.store\/sv\/?s={search_term_string}"},"query-input":{"@type":"PropertyValueSpecification","valueRequired":true,"valueName":"search_term_string"}}],"inLanguage":"sv-SE"},{"@type":"Organization","@id":"https:\/\/truusk.store\/sv\/#organization","name":"TRUUSK - Hem, Tr\u00e4dg\u00e5rd & Fritid","url":"https:\/\/truusk.store\/sv\/","logo":{"@type":"ImageObject","inLanguage":"sv-SE","@id":"https:\/\/truusk.store\/sv\/#\/schema\/logo\/image\/","url":"https:\/\/i0.wp.com\/truusk.store\/wp-content\/uploads\/2026\/03\/cropped-TRUUSK.png?fit=2032%2C917&ssl=1","contentUrl":"https:\/\/i0.wp.com\/truusk.store\/wp-content\/uploads\/2026\/03\/cropped-TRUUSK.png?fit=2032%2C917&ssl=1","width":2032,"height":917,"caption":"TRUUSK - Hem, Tr\u00e4dg\u00e5rd & Fritid"},"image":{"@id":"https:\/\/truusk.store\/sv\/#\/schema\/logo\/image\/"}}]}},"jetpack_sharing_enabled":true,"_links":{"self":[{"href":"https:\/\/truusk.store\/sv\/wp-json\/wp\/v2\/product\/70347","targetHints":{"allow":["GET"]}}],"collection":[{"href":"https:\/\/truusk.store\/sv\/wp-json\/wp\/v2\/product"}],"about":[{"href":"https:\/\/truusk.store\/sv\/wp-json\/wp\/v2\/types\/product"}],"wp:featuredmedia":[{"embeddable":true,"href":"https:\/\/truusk.store\/sv\/wp-json\/wp\/v2\/media\/70338"}],"wp:attachment":[{"href":"https:\/\/truusk.store\/sv\/wp-json\/wp\/v2\/media?parent=70347"}],"wp:term":[{"taxonomy":"product_brand","embeddable":true,"href":"https:\/\/truusk.store\/sv\/wp-json\/wp\/v2\/product_brand?post=70347"},{"taxonomy":"product_cat","embeddable":true,"href":"https:\/\/truusk.store\/sv\/wp-json\/wp\/v2\/product_cat?post=70347"},{"taxonomy":"product_tag","embeddable":true,"href":"https:\/\/truusk.store\/sv\/wp-json\/wp\/v2\/product_tag?post=70347"}],"curies":[{"name":"wp","href":"https:\/\/api.w.org\/{rel}","templated":true}]}}