{"id":70357,"date":"2025-06-05T19:19:53","date_gmt":"2025-06-05T18:19:53","guid":{"rendered":"https:\/\/truusk.store\/product\/stal-tradgardsmobelset-for-4-personer-vaderbestandigt-balkongmobelset-med-2-sits-soffa-2-stolar-sittdynor-sidobord-utomhus-sittgrupp-terrassmobler-tradgardsset-for-tradgard-terrass-balkong-g\/"},"modified":"2026-03-12T09:46:59","modified_gmt":"2026-03-12T08:46:59","slug":"truusk-tradgardsmobelset-i-stal-for-4-personer-vaderbestandigt-inkluderar-2-sits-soffa-2-stolar-sittdynor-sidobord","status":"publish","type":"product","link":"https:\/\/truusk.store\/sv\/produkt\/truusk-tradgardsmobelset-i-stal-for-4-personer-vaderbestandigt-inkluderar-2-sits-soffa-2-stolar-sittdynor-sidobord\/","title":{"rendered":"TRUUSK Tr\u00e4dg\u00e5rdsm\u00f6belset i St\u00e5l f\u00f6r 4 Personer &#8211; V\u00e4derbest\u00e4ndigt &#8211; Inkluderar 2-sits Soffa, 2 Stolar, Sittdynor &#8211; Sidobord &#8211;"},"content":{"rendered":"<p>TRUUSK tr\u00e4dg\u00e5rdsm\u00f6belset berikar din tr\u00e4dg\u00e5rd, terrassen eller andra utomhusomr\u00e5den. Tr\u00e4dg\u00e5rdsm\u00f6belsetet inneh\u00e5ller en tv\u00e5sitssoffa, tv\u00e5 f\u00e5t\u00f6ljer med armst\u00f6d och ett elegant soffbord med en tr\u00e4-plastplatta. Njut av stilfull komfort tack vare n\u00e4tstrukturen och de tjocka kuddarna! De avtagbara kudd\u00f6verdragen f\u00f6renklar dessutom underh\u00e5llet. Detta eleganta balkongm\u00f6belset ger en speciell och bekv\u00e4m charm till ditt hem.<\/p>\n<p>Beskrivning:<\/p>\n<ul>\n<li> Fyrdelat balkongm\u00f6belset: Inneh\u00e5ller en soffa, tv\u00e5 f\u00e5t\u00f6ljer och ett soffbord<\/li>\n<li> 12 cm tjocka inbyggda sitt- och ryggkuddar med avtagbara \u00f6verdrag<\/li>\n<li> Kardborrband p\u00e5 tr\u00e4dg\u00e5rdsm\u00f6belsetet f\u00f6r att f\u00f6rhindra att det glider<\/li>\n<li> Bordsskiva av tr\u00e4-plastkompositmaterial, stilfull och l\u00e4tt att reng\u00f6ra<\/li>\n<li> Pulverlackerad st\u00e5lram<\/li>\n<li> Justerbara fotdynor p\u00e5 balkongm\u00f6belsetet ger mer stabilitet p\u00e5 oj\u00e4mnt underlag<\/li>\n<li> Montering kr\u00e4vs<\/li>\n<\/ul>\n<p> Tekniska data:<\/p>\n<ul>\n<li> F\u00e4rg: Gr\u00e5+Svart+Brun<\/li>\n<li> Material: St\u00e5l, Polyester, Skum, Tr\u00e4material<\/li>\n<li> Tv\u00e5sitssoffa dimensioner: 114L x 70B x 67H cm<\/li>\n<li> F\u00e5t\u00f6lj dimensioner: 60L x 70B x 67H cm<\/li>\n<li> Bord dimensioner: 80L x 42B x 37H cm<\/li>\n<li> Sitsstorlek: (Soffa) 108B x 50T cm, (Stol) 54B x 50T cm<\/li>\n<li> Sitth\u00f6jd: (utan kudde) 35 cm<\/li>\n<li> Ryggh\u00f6jd: 35H cm<\/li>\n<li> Armst\u00f6d till golvh\u00f6jd: 67 cm<\/li>\n<li> Kudd dimensioner: 54B x 105T x 12H cm<\/li>\n<li> B\u00e4rkapacitet: 240 kg (Soffa), 120 kg (Stol), 30 kg (Bord)<\/li>\n<\/ul>\n<p>Leveransinneh\u00e5ll:<\/p>\n<ul>\n<li> 1 x Tv\u00e5sitssoffa<\/li>\n<li> 2 x F\u00e5t\u00f6ljer<\/li>\n<li> 1 x Soffbord<\/li>\n<li> 4 x Kuddar<\/li>\n<li> 1 x Bruksanvisning<\/li>\n<\/ul>\n","protected":false},"excerpt":{"rendered":"<p>TRUUSK tr\u00e4dg\u00e5rdsm\u00f6belset berikar din tr\u00e4dg\u00e5rd, terrassen eller andra utomhusomr\u00e5den. Tr\u00e4dg\u00e5rdsm\u00f6belsetet inneh\u00e5ller en tv\u00e5sitssoffa, tv\u00e5 f\u00e5t\u00f6ljer med armst\u00f6d och ett elegant&#8230;<\/p>\n","protected":false},"featured_media":70348,"template":"","meta":[],"product_brand":[],"product_cat":[858,450,456],"product_tag":[],"class_list":{"0":"post-70357","1":"product","2":"type-product","3":"status-publish","4":"has-post-thumbnail","6":"product_cat-tradgard-terrass","7":"product_cat-tradgardsmobler","8":"product_cat-tradgardsmobler-set","10":"first","11":"instock","12":"sale","13":"taxable","14":"shipping-taxable","15":"purchasable","16":"product-type-simple"},"yoast_head":"<!-- This site is optimized with the Yoast SEO plugin v25.4 - https:\/\/yoast.com\/wordpress\/plugins\/seo\/ -->\n<title>TRUUSK Tr\u00e4dg\u00e5rdsm\u00f6belset i St\u00e5l f\u00f6r 4 Personer - V\u00e4derbest\u00e4ndigt - Inkluderar 2-sits Soffa, 2 Stolar, Sittdynor - Sidobord - TRUUSK - Hem, Tr\u00e4dg\u00e5rd &amp; Fritid<\/title>\n<meta name=\"robots\" content=\"index, follow, max-snippet:-1, max-image-preview:large, max-video-preview:-1\" \/>\n<link rel=\"canonical\" href=\"https:\/\/truusk.store\/sv\/produkt\/truusk-tradgardsmobelset-i-stal-for-4-personer-vaderbestandigt-inkluderar-2-sits-soffa-2-stolar-sittdynor-sidobord\/\" \/>\n<meta property=\"og:locale\" content=\"sv_SE\" \/>\n<meta property=\"og:type\" content=\"article\" \/>\n<meta property=\"og:title\" content=\"TRUUSK Tr\u00e4dg\u00e5rdsm\u00f6belset i St\u00e5l f\u00f6r 4 Personer - V\u00e4derbest\u00e4ndigt - Inkluderar 2-sits Soffa, 2 Stolar, Sittdynor - Sidobord - TRUUSK - Hem, Tr\u00e4dg\u00e5rd &amp; Fritid\" \/>\n<meta property=\"og:description\" content=\"TRUUSK tr\u00e4dg\u00e5rdsm\u00f6belset berikar din tr\u00e4dg\u00e5rd, terrassen eller andra utomhusomr\u00e5den. Tr\u00e4dg\u00e5rdsm\u00f6belsetet inneh\u00e5ller en tv\u00e5sitssoffa, tv\u00e5 f\u00e5t\u00f6ljer med armst\u00f6d och ett elegant...\" \/>\n<meta property=\"og:url\" content=\"https:\/\/truusk.store\/sv\/produkt\/truusk-tradgardsmobelset-i-stal-for-4-personer-vaderbestandigt-inkluderar-2-sits-soffa-2-stolar-sittdynor-sidobord\/\" \/>\n<meta property=\"og:site_name\" content=\"TRUUSK - Hem, Tr\u00e4dg\u00e5rd &amp; Fritid\" \/>\n<meta property=\"article:modified_time\" content=\"2026-03-12T08:46:59+00:00\" \/>\n<meta property=\"og:image\" content=\"https:\/\/i0.wp.com\/truusk.se\/wp-content\/uploads\/2025\/06\/stal-tradgardsmobelset-for-4-personer-vaderbestandigt-balkongmobelset-med-2-sits-soffa-2-stolar-sittdynor-sidobord-utomhus-sittgrupp-terrassmobler-tradgardsset-for-tradgard-terrass-balkong-g-1.webp?fit=2000%2C2000&ssl=1\" \/>\n\t<meta property=\"og:image:width\" content=\"2000\" \/>\n\t<meta property=\"og:image:height\" content=\"2000\" \/>\n\t<meta property=\"og:image:type\" content=\"image\/webp\" \/>\n<meta name=\"twitter:card\" content=\"summary_large_image\" \/>\n<meta name=\"twitter:label1\" content=\"Ber\u00e4knad l\u00e4stid\" \/>\n\t<meta name=\"twitter:data1\" content=\"1 minut\" \/>\n<!-- \/ Yoast SEO plugin. -->","yoast_head_json":{"title":"TRUUSK Tr\u00e4dg\u00e5rdsm\u00f6belset i St\u00e5l f\u00f6r 4 Personer - V\u00e4derbest\u00e4ndigt - Inkluderar 2-sits Soffa, 2 Stolar, Sittdynor - Sidobord - TRUUSK - Hem, Tr\u00e4dg\u00e5rd &amp; Fritid","robots":{"index":"index","follow":"follow","max-snippet":"max-snippet:-1","max-image-preview":"max-image-preview:large","max-video-preview":"max-video-preview:-1"},"canonical":"https:\/\/truusk.store\/sv\/produkt\/truusk-tradgardsmobelset-i-stal-for-4-personer-vaderbestandigt-inkluderar-2-sits-soffa-2-stolar-sittdynor-sidobord\/","og_locale":"sv_SE","og_type":"article","og_title":"TRUUSK Tr\u00e4dg\u00e5rdsm\u00f6belset i St\u00e5l f\u00f6r 4 Personer - V\u00e4derbest\u00e4ndigt - Inkluderar 2-sits Soffa, 2 Stolar, Sittdynor - Sidobord - TRUUSK - Hem, Tr\u00e4dg\u00e5rd &amp; Fritid","og_description":"TRUUSK tr\u00e4dg\u00e5rdsm\u00f6belset berikar din tr\u00e4dg\u00e5rd, terrassen eller andra utomhusomr\u00e5den. Tr\u00e4dg\u00e5rdsm\u00f6belsetet inneh\u00e5ller en tv\u00e5sitssoffa, tv\u00e5 f\u00e5t\u00f6ljer med armst\u00f6d och ett elegant...","og_url":"https:\/\/truusk.store\/sv\/produkt\/truusk-tradgardsmobelset-i-stal-for-4-personer-vaderbestandigt-inkluderar-2-sits-soffa-2-stolar-sittdynor-sidobord\/","og_site_name":"TRUUSK - Hem, Tr\u00e4dg\u00e5rd &amp; Fritid","article_modified_time":"2026-03-12T08:46:59+00:00","og_image":[{"width":2000,"height":2000,"url":"https:\/\/i0.wp.com\/truusk.se\/wp-content\/uploads\/2025\/06\/stal-tradgardsmobelset-for-4-personer-vaderbestandigt-balkongmobelset-med-2-sits-soffa-2-stolar-sittdynor-sidobord-utomhus-sittgrupp-terrassmobler-tradgardsset-for-tradgard-terrass-balkong-g-1.webp?fit=2000%2C2000&ssl=1","type":"image\/webp"}],"twitter_card":"summary_large_image","twitter_misc":{"Ber\u00e4knad l\u00e4stid":"1 minut"},"schema":{"@context":"https:\/\/schema.org","@graph":[{"@type":"WebPage","@id":"https:\/\/truusk.store\/sv\/produkt\/truusk-tradgardsmobelset-i-stal-for-4-personer-vaderbestandigt-inkluderar-2-sits-soffa-2-stolar-sittdynor-sidobord\/","url":"https:\/\/truusk.store\/sv\/produkt\/truusk-tradgardsmobelset-i-stal-for-4-personer-vaderbestandigt-inkluderar-2-sits-soffa-2-stolar-sittdynor-sidobord\/","name":"TRUUSK Tr\u00e4dg\u00e5rdsm\u00f6belset i St\u00e5l f\u00f6r 4 Personer - V\u00e4derbest\u00e4ndigt - Inkluderar 2-sits Soffa, 2 Stolar, Sittdynor - Sidobord - TRUUSK - Hem, Tr\u00e4dg\u00e5rd &amp; Fritid","isPartOf":{"@id":"https:\/\/truusk.store\/sv\/#website"},"primaryImageOfPage":{"@id":"https:\/\/truusk.store\/sv\/produkt\/truusk-tradgardsmobelset-i-stal-for-4-personer-vaderbestandigt-inkluderar-2-sits-soffa-2-stolar-sittdynor-sidobord\/#primaryimage"},"image":{"@id":"https:\/\/truusk.store\/sv\/produkt\/truusk-tradgardsmobelset-i-stal-for-4-personer-vaderbestandigt-inkluderar-2-sits-soffa-2-stolar-sittdynor-sidobord\/#primaryimage"},"thumbnailUrl":"https:\/\/i0.wp.com\/truusk.store\/wp-content\/uploads\/2025\/06\/stal-tradgardsmobelset-for-4-personer-vaderbestandigt-balkongmobelset-med-2-sits-soffa-2-stolar-sittdynor-sidobord-utomhus-sittgrupp-terrassmobler-tradgardsset-for-tradgard-terrass-balkong-g-1.webp?fit=2000%2C2000&ssl=1","datePublished":"2025-06-05T18:19:53+00:00","dateModified":"2026-03-12T08:46:59+00:00","breadcrumb":{"@id":"https:\/\/truusk.store\/sv\/produkt\/truusk-tradgardsmobelset-i-stal-for-4-personer-vaderbestandigt-inkluderar-2-sits-soffa-2-stolar-sittdynor-sidobord\/#breadcrumb"},"inLanguage":"sv-SE","potentialAction":[{"@type":"ReadAction","target":["https:\/\/truusk.store\/sv\/produkt\/truusk-tradgardsmobelset-i-stal-for-4-personer-vaderbestandigt-inkluderar-2-sits-soffa-2-stolar-sittdynor-sidobord\/"]}]},{"@type":"ImageObject","inLanguage":"sv-SE","@id":"https:\/\/truusk.store\/sv\/produkt\/truusk-tradgardsmobelset-i-stal-for-4-personer-vaderbestandigt-inkluderar-2-sits-soffa-2-stolar-sittdynor-sidobord\/#primaryimage","url":"https:\/\/i0.wp.com\/truusk.store\/wp-content\/uploads\/2025\/06\/stal-tradgardsmobelset-for-4-personer-vaderbestandigt-balkongmobelset-med-2-sits-soffa-2-stolar-sittdynor-sidobord-utomhus-sittgrupp-terrassmobler-tradgardsset-for-tradgard-terrass-balkong-g-1.webp?fit=2000%2C2000&ssl=1","contentUrl":"https:\/\/i0.wp.com\/truusk.store\/wp-content\/uploads\/2025\/06\/stal-tradgardsmobelset-for-4-personer-vaderbestandigt-balkongmobelset-med-2-sits-soffa-2-stolar-sittdynor-sidobord-utomhus-sittgrupp-terrassmobler-tradgardsset-for-tradgard-terrass-balkong-g-1.webp?fit=2000%2C2000&ssl=1","width":2000,"height":2000},{"@type":"BreadcrumbList","@id":"https:\/\/truusk.store\/sv\/produkt\/truusk-tradgardsmobelset-i-stal-for-4-personer-vaderbestandigt-inkluderar-2-sits-soffa-2-stolar-sittdynor-sidobord\/#breadcrumb","itemListElement":[{"@type":"ListItem","position":1,"name":"Home","item":"https:\/\/truusk.store\/sv\/"},{"@type":"ListItem","position":2,"name":"Shop","item":"https:\/\/truusk.store\/shop\/"},{"@type":"ListItem","position":3,"name":"TRUUSK Tr\u00e4dg\u00e5rdsm\u00f6belset i St\u00e5l f\u00f6r 4 Personer &#8211; V\u00e4derbest\u00e4ndigt &#8211; Inkluderar 2-sits Soffa, 2 Stolar, Sittdynor &#8211; Sidobord &#8211;"}]},{"@type":"WebSite","@id":"https:\/\/truusk.store\/sv\/#website","url":"https:\/\/truusk.store\/sv\/","name":"TRUUSK - Hem, Tr\u00e4dg\u00e5rd & Fritid","description":"","publisher":{"@id":"https:\/\/truusk.store\/sv\/#organization"},"potentialAction":[{"@type":"SearchAction","target":{"@type":"EntryPoint","urlTemplate":"https:\/\/truusk.store\/sv\/?s={search_term_string}"},"query-input":{"@type":"PropertyValueSpecification","valueRequired":true,"valueName":"search_term_string"}}],"inLanguage":"sv-SE"},{"@type":"Organization","@id":"https:\/\/truusk.store\/sv\/#organization","name":"TRUUSK - Hem, Tr\u00e4dg\u00e5rd & Fritid","url":"https:\/\/truusk.store\/sv\/","logo":{"@type":"ImageObject","inLanguage":"sv-SE","@id":"https:\/\/truusk.store\/sv\/#\/schema\/logo\/image\/","url":"https:\/\/i0.wp.com\/truusk.store\/wp-content\/uploads\/2026\/03\/cropped-TRUUSK.png?fit=2032%2C917&ssl=1","contentUrl":"https:\/\/i0.wp.com\/truusk.store\/wp-content\/uploads\/2026\/03\/cropped-TRUUSK.png?fit=2032%2C917&ssl=1","width":2032,"height":917,"caption":"TRUUSK - Hem, Tr\u00e4dg\u00e5rd & Fritid"},"image":{"@id":"https:\/\/truusk.store\/sv\/#\/schema\/logo\/image\/"}}]}},"jetpack_sharing_enabled":true,"_links":{"self":[{"href":"https:\/\/truusk.store\/sv\/wp-json\/wp\/v2\/product\/70357","targetHints":{"allow":["GET"]}}],"collection":[{"href":"https:\/\/truusk.store\/sv\/wp-json\/wp\/v2\/product"}],"about":[{"href":"https:\/\/truusk.store\/sv\/wp-json\/wp\/v2\/types\/product"}],"wp:featuredmedia":[{"embeddable":true,"href":"https:\/\/truusk.store\/sv\/wp-json\/wp\/v2\/media\/70348"}],"wp:attachment":[{"href":"https:\/\/truusk.store\/sv\/wp-json\/wp\/v2\/media?parent=70357"}],"wp:term":[{"taxonomy":"product_brand","embeddable":true,"href":"https:\/\/truusk.store\/sv\/wp-json\/wp\/v2\/product_brand?post=70357"},{"taxonomy":"product_cat","embeddable":true,"href":"https:\/\/truusk.store\/sv\/wp-json\/wp\/v2\/product_cat?post=70357"},{"taxonomy":"product_tag","embeddable":true,"href":"https:\/\/truusk.store\/sv\/wp-json\/wp\/v2\/product_tag?post=70357"}],"curies":[{"name":"wp","href":"https:\/\/api.w.org\/{rel}","templated":true}]}}