{"id":70387,"date":"2025-06-05T19:22:52","date_gmt":"2025-06-05T18:22:52","guid":{"rendered":"https:\/\/truusk.store\/product\/polyrattan-utemobel-set-utomhus-lounge-balkongmobler-for-2-personer-3-delad-sittgrupp-med-2-stolar-sidobord-kuddar-vaderbestandig-tradgardslounge-for-tradgard-terrass-balkong-morkgra\/"},"modified":"2026-03-12T09:47:16","modified_gmt":"2026-03-12T08:47:16","slug":"truusk-3-delad-utemobel-set-polyrattan-lounge-for-2-personer-2-stolar-sidobord-kuddar-vaderbestandig-tradgardslounge","status":"publish","type":"product","link":"https:\/\/truusk.store\/sv\/produkt\/truusk-3-delad-utemobel-set-polyrattan-lounge-for-2-personer-2-stolar-sidobord-kuddar-vaderbestandig-tradgardslounge\/","title":{"rendered":"TRUUSK 3-delad Utem\u00f6bel Set &#8211; Polyrattan Lounge f\u00f6r 2 Personer &#8211; 2 Stolar, Sidobord, Kuddar &#8211; V\u00e4derbest\u00e4ndig Tr\u00e4dg\u00e5rdslounge &#8211;"},"content":{"rendered":"<p>Ge liv \u00e5t ditt utomhusomr\u00e5de med det charmiga TRUUSK v\u00e4derbest\u00e4ndiga Rattan-tr\u00e4dg\u00e5rdsm\u00f6belsetet, som ocks\u00e5 \u00e4r idealiskt f\u00f6r sm\u00e5 utrymmen. M\u00f6belsetet inkluderar tv\u00e5 stolar och ett bord med glastopp, st\u00f6ds av robusta, pulverlackerade st\u00e5lstommar. Inklusive mjuka sittkuddar, f\u00f6rvandlar denna sittlounge f\u00f6r balkong varje h\u00f6rn till en inbjudande m\u00f6tesplats f\u00f6r avkoppling och sm\u00e5prat.<\/p>\n<p>Beskrivning:<\/p>\n<ul>\n<li> Tredelat set: Ett bistrobord med 2 stolar<\/li>\n<li> Plast-Rattan, lindad runt st\u00e5lstomme, f\u00f6r att motst\u00e5 rost, UV-str\u00e5lning och v\u00e4der<\/li>\n<li> Varje stol med ett brett s\u00e4te, ryggst\u00f6d och sluttande armst\u00f6d<\/li>\n<li> Mjuka sittkuddar med f\u00e4stremmar av polyrattan-tr\u00e4dg\u00e5rdsm\u00f6belset f\u00f6r extra komfort<\/li>\n<li> Bordstopp av h\u00e4rdat glas, l\u00e4tt att reng\u00f6ra<\/li>\n<li> F\u00f6rst\u00e4rkta ben p\u00e5 terrassm\u00f6blerna f\u00f6r fast grepp, med justerbara fotdynor<\/li>\n<li> Montering kr\u00e4vs<\/li>\n<\/ul>\n<p> Tekniska data:<\/p>\n<ul>\n<li> F\u00e4rg: M\u00f6rkgr\u00e5<\/li>\n<li> Material: St\u00e5l, PE-Rattan, Polyester, H\u00e4rdat glas<\/li>\n<li> Stolm\u00e5tt: 63L x 65B x 76H cm<\/li>\n<li> Bordm\u00e5tt: \u00d845 x 46H cm<\/li>\n<li> Sitsstorlek: 56B x 46T cm<\/li>\n<li> Sitth\u00f6jd: (utan kudde) 42 cm<\/li>\n<li> Ryggm\u00e5tt: 44L x 56B cm<\/li>\n<li> Kuddm\u00e5tt: 45L x 45B x 5T cm<\/li>\n<li> Belastningskapacitet: 120 kg (stol), 30 kg (bord)<\/li>\n<li> Obs: Anv\u00e4nd ett skyddande h\u00f6lje f\u00f6r att skydda setet mot rost och blekning<\/li>\n<\/ul>\n<p>Leveransinneh\u00e5ll:<\/p>\n<ul>\n<li> 1 x Bord<\/li>\n<li> 2 x Stol<\/li>\n<li> 2 x Sittkudde<\/li>\n<li> 1 x Handbok<\/li>\n<\/ul>\n","protected":false},"excerpt":{"rendered":"<p>Ge liv \u00e5t ditt utomhusomr\u00e5de med det charmiga TRUUSK v\u00e4derbest\u00e4ndiga Rattan-tr\u00e4dg\u00e5rdsm\u00f6belsetet, som ocks\u00e5 \u00e4r idealiskt f\u00f6r sm\u00e5 utrymmen. M\u00f6belsetet inkluderar&#8230;<\/p>\n","protected":false},"featured_media":70378,"template":"","meta":[],"product_brand":[],"product_cat":[1035,858,450],"product_tag":[],"class_list":{"0":"post-70387","1":"product","2":"type-product","3":"status-publish","4":"has-post-thumbnail","6":"product_cat-polyrattan-tradgardsmobler","7":"product_cat-tradgard-terrass","8":"product_cat-tradgardsmobler","10":"first","11":"instock","12":"sale","13":"taxable","14":"shipping-taxable","15":"purchasable","16":"product-type-simple"},"yoast_head":"<!-- This site is optimized with the Yoast SEO plugin v25.4 - https:\/\/yoast.com\/wordpress\/plugins\/seo\/ -->\n<title>TRUUSK 3-delad Utem\u00f6bel Set - Polyrattan Lounge f\u00f6r 2 Personer - 2 Stolar, Sidobord, Kuddar - V\u00e4derbest\u00e4ndig Tr\u00e4dg\u00e5rdslounge - TRUUSK - Hem, Tr\u00e4dg\u00e5rd &amp; Fritid<\/title>\n<meta name=\"robots\" content=\"index, follow, max-snippet:-1, max-image-preview:large, max-video-preview:-1\" \/>\n<link rel=\"canonical\" href=\"https:\/\/truusk.store\/sv\/produkt\/truusk-3-delad-utemobel-set-polyrattan-lounge-for-2-personer-2-stolar-sidobord-kuddar-vaderbestandig-tradgardslounge\/\" \/>\n<meta property=\"og:locale\" content=\"sv_SE\" \/>\n<meta property=\"og:type\" content=\"article\" \/>\n<meta property=\"og:title\" content=\"TRUUSK 3-delad Utem\u00f6bel Set - Polyrattan Lounge f\u00f6r 2 Personer - 2 Stolar, Sidobord, Kuddar - V\u00e4derbest\u00e4ndig Tr\u00e4dg\u00e5rdslounge - TRUUSK - Hem, Tr\u00e4dg\u00e5rd &amp; Fritid\" \/>\n<meta property=\"og:description\" content=\"Ge liv \u00e5t ditt utomhusomr\u00e5de med det charmiga TRUUSK v\u00e4derbest\u00e4ndiga Rattan-tr\u00e4dg\u00e5rdsm\u00f6belsetet, som ocks\u00e5 \u00e4r idealiskt f\u00f6r sm\u00e5 utrymmen. M\u00f6belsetet inkluderar...\" \/>\n<meta property=\"og:url\" content=\"https:\/\/truusk.store\/sv\/produkt\/truusk-3-delad-utemobel-set-polyrattan-lounge-for-2-personer-2-stolar-sidobord-kuddar-vaderbestandig-tradgardslounge\/\" \/>\n<meta property=\"og:site_name\" content=\"TRUUSK - Hem, Tr\u00e4dg\u00e5rd &amp; Fritid\" \/>\n<meta property=\"article:modified_time\" content=\"2026-03-12T08:47:16+00:00\" \/>\n<meta property=\"og:image\" content=\"https:\/\/i0.wp.com\/truusk.se\/wp-content\/uploads\/2025\/06\/polyrattan-utemobel-set-utomhus-lounge-balkongmobler-for-2-personer-3-delad-sittgrupp-med-2-stolar-sidobord-kuddar-vaderbestandig-tradgardslounge-for-tradgard-terrass-balkong-morkgra-1.webp?fit=2000%2C2000&ssl=1\" \/>\n\t<meta property=\"og:image:width\" content=\"2000\" \/>\n\t<meta property=\"og:image:height\" content=\"2000\" \/>\n\t<meta property=\"og:image:type\" content=\"image\/webp\" \/>\n<meta name=\"twitter:card\" content=\"summary_large_image\" \/>\n<meta name=\"twitter:label1\" content=\"Ber\u00e4knad l\u00e4stid\" \/>\n\t<meta name=\"twitter:data1\" content=\"1 minut\" \/>\n<!-- \/ Yoast SEO plugin. -->","yoast_head_json":{"title":"TRUUSK 3-delad Utem\u00f6bel Set - Polyrattan Lounge f\u00f6r 2 Personer - 2 Stolar, Sidobord, Kuddar - V\u00e4derbest\u00e4ndig Tr\u00e4dg\u00e5rdslounge - TRUUSK - Hem, Tr\u00e4dg\u00e5rd &amp; Fritid","robots":{"index":"index","follow":"follow","max-snippet":"max-snippet:-1","max-image-preview":"max-image-preview:large","max-video-preview":"max-video-preview:-1"},"canonical":"https:\/\/truusk.store\/sv\/produkt\/truusk-3-delad-utemobel-set-polyrattan-lounge-for-2-personer-2-stolar-sidobord-kuddar-vaderbestandig-tradgardslounge\/","og_locale":"sv_SE","og_type":"article","og_title":"TRUUSK 3-delad Utem\u00f6bel Set - Polyrattan Lounge f\u00f6r 2 Personer - 2 Stolar, Sidobord, Kuddar - V\u00e4derbest\u00e4ndig Tr\u00e4dg\u00e5rdslounge - TRUUSK - Hem, Tr\u00e4dg\u00e5rd &amp; Fritid","og_description":"Ge liv \u00e5t ditt utomhusomr\u00e5de med det charmiga TRUUSK v\u00e4derbest\u00e4ndiga Rattan-tr\u00e4dg\u00e5rdsm\u00f6belsetet, som ocks\u00e5 \u00e4r idealiskt f\u00f6r sm\u00e5 utrymmen. M\u00f6belsetet inkluderar...","og_url":"https:\/\/truusk.store\/sv\/produkt\/truusk-3-delad-utemobel-set-polyrattan-lounge-for-2-personer-2-stolar-sidobord-kuddar-vaderbestandig-tradgardslounge\/","og_site_name":"TRUUSK - Hem, Tr\u00e4dg\u00e5rd &amp; Fritid","article_modified_time":"2026-03-12T08:47:16+00:00","og_image":[{"width":2000,"height":2000,"url":"https:\/\/i0.wp.com\/truusk.se\/wp-content\/uploads\/2025\/06\/polyrattan-utemobel-set-utomhus-lounge-balkongmobler-for-2-personer-3-delad-sittgrupp-med-2-stolar-sidobord-kuddar-vaderbestandig-tradgardslounge-for-tradgard-terrass-balkong-morkgra-1.webp?fit=2000%2C2000&ssl=1","type":"image\/webp"}],"twitter_card":"summary_large_image","twitter_misc":{"Ber\u00e4knad l\u00e4stid":"1 minut"},"schema":{"@context":"https:\/\/schema.org","@graph":[{"@type":"WebPage","@id":"https:\/\/truusk.store\/sv\/produkt\/truusk-3-delad-utemobel-set-polyrattan-lounge-for-2-personer-2-stolar-sidobord-kuddar-vaderbestandig-tradgardslounge\/","url":"https:\/\/truusk.store\/sv\/produkt\/truusk-3-delad-utemobel-set-polyrattan-lounge-for-2-personer-2-stolar-sidobord-kuddar-vaderbestandig-tradgardslounge\/","name":"TRUUSK 3-delad Utem\u00f6bel Set - Polyrattan Lounge f\u00f6r 2 Personer - 2 Stolar, Sidobord, Kuddar - V\u00e4derbest\u00e4ndig Tr\u00e4dg\u00e5rdslounge - TRUUSK - Hem, Tr\u00e4dg\u00e5rd &amp; Fritid","isPartOf":{"@id":"https:\/\/truusk.store\/sv\/#website"},"primaryImageOfPage":{"@id":"https:\/\/truusk.store\/sv\/produkt\/truusk-3-delad-utemobel-set-polyrattan-lounge-for-2-personer-2-stolar-sidobord-kuddar-vaderbestandig-tradgardslounge\/#primaryimage"},"image":{"@id":"https:\/\/truusk.store\/sv\/produkt\/truusk-3-delad-utemobel-set-polyrattan-lounge-for-2-personer-2-stolar-sidobord-kuddar-vaderbestandig-tradgardslounge\/#primaryimage"},"thumbnailUrl":"https:\/\/i0.wp.com\/truusk.store\/wp-content\/uploads\/2025\/06\/polyrattan-utemobel-set-utomhus-lounge-balkongmobler-for-2-personer-3-delad-sittgrupp-med-2-stolar-sidobord-kuddar-vaderbestandig-tradgardslounge-for-tradgard-terrass-balkong-morkgra-1.webp?fit=2000%2C2000&ssl=1","datePublished":"2025-06-05T18:22:52+00:00","dateModified":"2026-03-12T08:47:16+00:00","breadcrumb":{"@id":"https:\/\/truusk.store\/sv\/produkt\/truusk-3-delad-utemobel-set-polyrattan-lounge-for-2-personer-2-stolar-sidobord-kuddar-vaderbestandig-tradgardslounge\/#breadcrumb"},"inLanguage":"sv-SE","potentialAction":[{"@type":"ReadAction","target":["https:\/\/truusk.store\/sv\/produkt\/truusk-3-delad-utemobel-set-polyrattan-lounge-for-2-personer-2-stolar-sidobord-kuddar-vaderbestandig-tradgardslounge\/"]}]},{"@type":"ImageObject","inLanguage":"sv-SE","@id":"https:\/\/truusk.store\/sv\/produkt\/truusk-3-delad-utemobel-set-polyrattan-lounge-for-2-personer-2-stolar-sidobord-kuddar-vaderbestandig-tradgardslounge\/#primaryimage","url":"https:\/\/i0.wp.com\/truusk.store\/wp-content\/uploads\/2025\/06\/polyrattan-utemobel-set-utomhus-lounge-balkongmobler-for-2-personer-3-delad-sittgrupp-med-2-stolar-sidobord-kuddar-vaderbestandig-tradgardslounge-for-tradgard-terrass-balkong-morkgra-1.webp?fit=2000%2C2000&ssl=1","contentUrl":"https:\/\/i0.wp.com\/truusk.store\/wp-content\/uploads\/2025\/06\/polyrattan-utemobel-set-utomhus-lounge-balkongmobler-for-2-personer-3-delad-sittgrupp-med-2-stolar-sidobord-kuddar-vaderbestandig-tradgardslounge-for-tradgard-terrass-balkong-morkgra-1.webp?fit=2000%2C2000&ssl=1","width":2000,"height":2000},{"@type":"BreadcrumbList","@id":"https:\/\/truusk.store\/sv\/produkt\/truusk-3-delad-utemobel-set-polyrattan-lounge-for-2-personer-2-stolar-sidobord-kuddar-vaderbestandig-tradgardslounge\/#breadcrumb","itemListElement":[{"@type":"ListItem","position":1,"name":"Home","item":"https:\/\/truusk.store\/sv\/"},{"@type":"ListItem","position":2,"name":"Shop","item":"https:\/\/truusk.store\/shop\/"},{"@type":"ListItem","position":3,"name":"TRUUSK 3-delad Utem\u00f6bel Set &#8211; Polyrattan Lounge f\u00f6r 2 Personer &#8211; 2 Stolar, Sidobord, Kuddar &#8211; V\u00e4derbest\u00e4ndig Tr\u00e4dg\u00e5rdslounge &#8211;"}]},{"@type":"WebSite","@id":"https:\/\/truusk.store\/sv\/#website","url":"https:\/\/truusk.store\/sv\/","name":"TRUUSK - Hem, Tr\u00e4dg\u00e5rd & Fritid","description":"","publisher":{"@id":"https:\/\/truusk.store\/sv\/#organization"},"potentialAction":[{"@type":"SearchAction","target":{"@type":"EntryPoint","urlTemplate":"https:\/\/truusk.store\/sv\/?s={search_term_string}"},"query-input":{"@type":"PropertyValueSpecification","valueRequired":true,"valueName":"search_term_string"}}],"inLanguage":"sv-SE"},{"@type":"Organization","@id":"https:\/\/truusk.store\/sv\/#organization","name":"TRUUSK - Hem, Tr\u00e4dg\u00e5rd & Fritid","url":"https:\/\/truusk.store\/sv\/","logo":{"@type":"ImageObject","inLanguage":"sv-SE","@id":"https:\/\/truusk.store\/sv\/#\/schema\/logo\/image\/","url":"https:\/\/i0.wp.com\/truusk.store\/wp-content\/uploads\/2026\/03\/cropped-TRUUSK.png?fit=2032%2C917&ssl=1","contentUrl":"https:\/\/i0.wp.com\/truusk.store\/wp-content\/uploads\/2026\/03\/cropped-TRUUSK.png?fit=2032%2C917&ssl=1","width":2032,"height":917,"caption":"TRUUSK - Hem, Tr\u00e4dg\u00e5rd & Fritid"},"image":{"@id":"https:\/\/truusk.store\/sv\/#\/schema\/logo\/image\/"}}]}},"jetpack_sharing_enabled":true,"_links":{"self":[{"href":"https:\/\/truusk.store\/sv\/wp-json\/wp\/v2\/product\/70387","targetHints":{"allow":["GET"]}}],"collection":[{"href":"https:\/\/truusk.store\/sv\/wp-json\/wp\/v2\/product"}],"about":[{"href":"https:\/\/truusk.store\/sv\/wp-json\/wp\/v2\/types\/product"}],"wp:featuredmedia":[{"embeddable":true,"href":"https:\/\/truusk.store\/sv\/wp-json\/wp\/v2\/media\/70378"}],"wp:attachment":[{"href":"https:\/\/truusk.store\/sv\/wp-json\/wp\/v2\/media?parent=70387"}],"wp:term":[{"taxonomy":"product_brand","embeddable":true,"href":"https:\/\/truusk.store\/sv\/wp-json\/wp\/v2\/product_brand?post=70387"},{"taxonomy":"product_cat","embeddable":true,"href":"https:\/\/truusk.store\/sv\/wp-json\/wp\/v2\/product_cat?post=70387"},{"taxonomy":"product_tag","embeddable":true,"href":"https:\/\/truusk.store\/sv\/wp-json\/wp\/v2\/product_tag?post=70387"}],"curies":[{"name":"wp","href":"https:\/\/api.w.org\/{rel}","templated":true}]}}