{"id":7042,"date":"2024-02-13T08:41:59","date_gmt":"2024-02-13T07:41:59","guid":{"rendered":"https:\/\/truusk.store\/product\/adirondack-tradgardsstol-med-bord-och-paraplyhal-2-sits-tradgardsstol-sittgrupp-tradgardsmobler-for-balkong-massivt-tra-natur-178-x-87-x-92-cm\/"},"modified":"2026-03-12T08:55:25","modified_gmt":"2026-03-12T07:55:25","slug":"truusk-adirondack-tradgardsstol-med-bord-och-paraplyhal-2-sits-tradgardsstol-sittgrupp-tradgardsmobler-for-balkong","status":"publish","type":"product","link":"https:\/\/truusk.store\/sv\/produkt\/truusk-adirondack-tradgardsstol-med-bord-och-paraplyhal-2-sits-tradgardsstol-sittgrupp-tradgardsmobler-for-balkong\/","title":{"rendered":"TRUUSK Adirondack Tr\u00e4dg\u00e5rdsstol Med Bord Och Paraplyh\u00e5l &#8211; 2-sits Tr\u00e4dg\u00e5rdsstol &#8211; Sittgrupp Tr\u00e4dg\u00e5rdsm\u00f6bler &#8211; F\u00f6r Balkong &#8211;"},"content":{"rendered":"<p>Denna kombination av tv\u00e5 traditionella l\u00e5ga Adirondack-stolar med ett h\u00f6rnbord i mitten \u00e4r vackert m\u00e5lad och har ett karakt\u00e4rsfullt ryggst\u00f6d, breda armst\u00f6d och en l\u00e4tt sluttande sits. Med dessa stolar f\u00e5r du en idealisk syntes av form och funktion. Rymliga, bekv\u00e4ma s\u00e4ten erbjuder en h\u00f6g niv\u00e5 av sittkomfort och det praktiska mellanbordet \u00e4r idealiskt som en plats f\u00f6r att f\u00f6rvara drycker, snacks, tidningar eller en smartphone.<\/p>\n<h3>Beskrivning:<\/h3>\n<ul>\n<li>L\u00e4mplig f\u00f6r tr\u00e4dg\u00e5rden, uteplatsen, g\u00e5rden, verandan och andra utomhusomr\u00e5den<\/li>\n<li>Massivt tr\u00e4 \u00e4r milj\u00f6v\u00e4nligt<\/li>\n<li>Vattent\u00e4t f\u00e4rg skyddar stolarna fr\u00e5n regn och fukt<\/li>\n<li>Bord i mitten f\u00f6r att placera drinkar och snacks<\/li>\n<li>\u00d6ppning f\u00f6r ett parasoll eller paraply mitt p\u00e5 bordet<\/li>\n<li>Lutande ryggst\u00f6d med breda armst\u00f6d f\u00f6r h\u00f6g sittkomfort<\/li>\n<li>Montering kr\u00e4vs<\/li>\n<\/ul>\n<h3>Teknisk data:<\/h3>\n<ul>\n<li>Material: gran<\/li>\n<li>M\u00e5tt: L178 x B87 x H92 cm<\/li>\n<li>M\u00e5tt (mittbord): L40 x B48 cm<\/li>\n<li>M\u00e5tt (sits): L55 x B52 cm<\/li>\n<li>Sitth\u00f6jd: 39 cm<\/li>\n<li>Lastkapacitet (stol): 120 kg<\/li>\n<li>F\u00e4rg: Naturlig<\/li>\n<\/ul>\n<h3>Leveransens omfattning:<\/h3>\n<ul>\n<li>1 x Adirondack stolar med bordsset<\/li>\n<li>1 x Instruktioner<\/li>\n<\/ul>\n","protected":false},"excerpt":{"rendered":"<p>Denna kombination av tv\u00e5 traditionella l\u00e5ga Adirondack-stolar med ett h\u00f6rnbord i mitten \u00e4r vackert m\u00e5lad och har ett karakt\u00e4rsfullt ryggst\u00f6d,&#8230;<\/p>\n","protected":false},"featured_media":7043,"template":"","meta":[],"product_brand":[],"product_cat":[435,450,452],"product_tag":[],"class_list":{"0":"post-7042","1":"product","2":"type-product","3":"status-publish","4":"has-post-thumbnail","6":"product_cat-tradgard-och-terrass","7":"product_cat-tradgardsmobler","8":"product_cat-tradgardsstolar","10":"first","11":"instock","12":"sale","13":"taxable","14":"shipping-taxable","15":"purchasable","16":"product-type-simple"},"yoast_head":"<!-- This site is optimized with the Yoast SEO plugin v25.4 - https:\/\/yoast.com\/wordpress\/plugins\/seo\/ -->\n<title>TRUUSK Adirondack Tr\u00e4dg\u00e5rdsstol Med Bord Och Paraplyh\u00e5l - 2-sits Tr\u00e4dg\u00e5rdsstol - Sittgrupp Tr\u00e4dg\u00e5rdsm\u00f6bler - F\u00f6r Balkong - TRUUSK - Hem, Tr\u00e4dg\u00e5rd &amp; Fritid<\/title>\n<meta name=\"robots\" content=\"index, follow, max-snippet:-1, max-image-preview:large, max-video-preview:-1\" \/>\n<link rel=\"canonical\" href=\"https:\/\/truusk.store\/sv\/produkt\/truusk-adirondack-tradgardsstol-med-bord-och-paraplyhal-2-sits-tradgardsstol-sittgrupp-tradgardsmobler-for-balkong\/\" \/>\n<meta property=\"og:locale\" content=\"sv_SE\" \/>\n<meta property=\"og:type\" content=\"article\" \/>\n<meta property=\"og:title\" content=\"TRUUSK Adirondack Tr\u00e4dg\u00e5rdsstol Med Bord Och Paraplyh\u00e5l - 2-sits Tr\u00e4dg\u00e5rdsstol - Sittgrupp Tr\u00e4dg\u00e5rdsm\u00f6bler - F\u00f6r Balkong - TRUUSK - Hem, Tr\u00e4dg\u00e5rd &amp; Fritid\" \/>\n<meta property=\"og:description\" content=\"Denna kombination av tv\u00e5 traditionella l\u00e5ga Adirondack-stolar med ett h\u00f6rnbord i mitten \u00e4r vackert m\u00e5lad och har ett karakt\u00e4rsfullt ryggst\u00f6d,...\" \/>\n<meta property=\"og:url\" content=\"https:\/\/truusk.store\/sv\/produkt\/truusk-adirondack-tradgardsstol-med-bord-och-paraplyhal-2-sits-tradgardsstol-sittgrupp-tradgardsmobler-for-balkong\/\" \/>\n<meta property=\"og:site_name\" content=\"TRUUSK - Hem, Tr\u00e4dg\u00e5rd &amp; Fritid\" \/>\n<meta property=\"article:modified_time\" content=\"2026-03-12T07:55:25+00:00\" \/>\n<meta property=\"og:image\" content=\"https:\/\/i0.wp.com\/truusk.se\/wp-content\/uploads\/2024\/02\/adirondack-tradgardsstol-med-bord-och-paraplyhal-2-sits-tradgardsstol-sittgrupp-tradgardsmobler-for-balkong-massivt-tra-natur-178-x-87-x-92-cm.webp?fit=800%2C800&ssl=1\" \/>\n\t<meta property=\"og:image:width\" content=\"800\" \/>\n\t<meta property=\"og:image:height\" content=\"800\" \/>\n\t<meta property=\"og:image:type\" content=\"image\/webp\" \/>\n<meta name=\"twitter:card\" content=\"summary_large_image\" \/>\n<meta name=\"twitter:label1\" content=\"Ber\u00e4knad l\u00e4stid\" \/>\n\t<meta name=\"twitter:data1\" content=\"1 minut\" \/>\n<!-- \/ Yoast SEO plugin. -->","yoast_head_json":{"title":"TRUUSK Adirondack Tr\u00e4dg\u00e5rdsstol Med Bord Och Paraplyh\u00e5l - 2-sits Tr\u00e4dg\u00e5rdsstol - Sittgrupp Tr\u00e4dg\u00e5rdsm\u00f6bler - F\u00f6r Balkong - TRUUSK - Hem, Tr\u00e4dg\u00e5rd &amp; Fritid","robots":{"index":"index","follow":"follow","max-snippet":"max-snippet:-1","max-image-preview":"max-image-preview:large","max-video-preview":"max-video-preview:-1"},"canonical":"https:\/\/truusk.store\/sv\/produkt\/truusk-adirondack-tradgardsstol-med-bord-och-paraplyhal-2-sits-tradgardsstol-sittgrupp-tradgardsmobler-for-balkong\/","og_locale":"sv_SE","og_type":"article","og_title":"TRUUSK Adirondack Tr\u00e4dg\u00e5rdsstol Med Bord Och Paraplyh\u00e5l - 2-sits Tr\u00e4dg\u00e5rdsstol - Sittgrupp Tr\u00e4dg\u00e5rdsm\u00f6bler - F\u00f6r Balkong - TRUUSK - Hem, Tr\u00e4dg\u00e5rd &amp; Fritid","og_description":"Denna kombination av tv\u00e5 traditionella l\u00e5ga Adirondack-stolar med ett h\u00f6rnbord i mitten \u00e4r vackert m\u00e5lad och har ett karakt\u00e4rsfullt ryggst\u00f6d,...","og_url":"https:\/\/truusk.store\/sv\/produkt\/truusk-adirondack-tradgardsstol-med-bord-och-paraplyhal-2-sits-tradgardsstol-sittgrupp-tradgardsmobler-for-balkong\/","og_site_name":"TRUUSK - Hem, Tr\u00e4dg\u00e5rd &amp; Fritid","article_modified_time":"2026-03-12T07:55:25+00:00","og_image":[{"width":800,"height":800,"url":"https:\/\/i0.wp.com\/truusk.se\/wp-content\/uploads\/2024\/02\/adirondack-tradgardsstol-med-bord-och-paraplyhal-2-sits-tradgardsstol-sittgrupp-tradgardsmobler-for-balkong-massivt-tra-natur-178-x-87-x-92-cm.webp?fit=800%2C800&ssl=1","type":"image\/webp"}],"twitter_card":"summary_large_image","twitter_misc":{"Ber\u00e4knad l\u00e4stid":"1 minut"},"schema":{"@context":"https:\/\/schema.org","@graph":[{"@type":"WebPage","@id":"https:\/\/truusk.store\/sv\/produkt\/truusk-adirondack-tradgardsstol-med-bord-och-paraplyhal-2-sits-tradgardsstol-sittgrupp-tradgardsmobler-for-balkong\/","url":"https:\/\/truusk.store\/sv\/produkt\/truusk-adirondack-tradgardsstol-med-bord-och-paraplyhal-2-sits-tradgardsstol-sittgrupp-tradgardsmobler-for-balkong\/","name":"TRUUSK Adirondack Tr\u00e4dg\u00e5rdsstol Med Bord Och Paraplyh\u00e5l - 2-sits Tr\u00e4dg\u00e5rdsstol - Sittgrupp Tr\u00e4dg\u00e5rdsm\u00f6bler - F\u00f6r Balkong - TRUUSK - Hem, Tr\u00e4dg\u00e5rd &amp; Fritid","isPartOf":{"@id":"https:\/\/truusk.store\/sv\/#website"},"primaryImageOfPage":{"@id":"https:\/\/truusk.store\/sv\/produkt\/truusk-adirondack-tradgardsstol-med-bord-och-paraplyhal-2-sits-tradgardsstol-sittgrupp-tradgardsmobler-for-balkong\/#primaryimage"},"image":{"@id":"https:\/\/truusk.store\/sv\/produkt\/truusk-adirondack-tradgardsstol-med-bord-och-paraplyhal-2-sits-tradgardsstol-sittgrupp-tradgardsmobler-for-balkong\/#primaryimage"},"thumbnailUrl":"https:\/\/i0.wp.com\/truusk.store\/wp-content\/uploads\/2024\/02\/adirondack-tradgardsstol-med-bord-och-paraplyhal-2-sits-tradgardsstol-sittgrupp-tradgardsmobler-for-balkong-massivt-tra-natur-178-x-87-x-92-cm.webp?fit=800%2C800&ssl=1","datePublished":"2024-02-13T07:41:59+00:00","dateModified":"2026-03-12T07:55:25+00:00","breadcrumb":{"@id":"https:\/\/truusk.store\/sv\/produkt\/truusk-adirondack-tradgardsstol-med-bord-och-paraplyhal-2-sits-tradgardsstol-sittgrupp-tradgardsmobler-for-balkong\/#breadcrumb"},"inLanguage":"sv-SE","potentialAction":[{"@type":"ReadAction","target":["https:\/\/truusk.store\/sv\/produkt\/truusk-adirondack-tradgardsstol-med-bord-och-paraplyhal-2-sits-tradgardsstol-sittgrupp-tradgardsmobler-for-balkong\/"]}]},{"@type":"ImageObject","inLanguage":"sv-SE","@id":"https:\/\/truusk.store\/sv\/produkt\/truusk-adirondack-tradgardsstol-med-bord-och-paraplyhal-2-sits-tradgardsstol-sittgrupp-tradgardsmobler-for-balkong\/#primaryimage","url":"https:\/\/i0.wp.com\/truusk.store\/wp-content\/uploads\/2024\/02\/adirondack-tradgardsstol-med-bord-och-paraplyhal-2-sits-tradgardsstol-sittgrupp-tradgardsmobler-for-balkong-massivt-tra-natur-178-x-87-x-92-cm.webp?fit=800%2C800&ssl=1","contentUrl":"https:\/\/i0.wp.com\/truusk.store\/wp-content\/uploads\/2024\/02\/adirondack-tradgardsstol-med-bord-och-paraplyhal-2-sits-tradgardsstol-sittgrupp-tradgardsmobler-for-balkong-massivt-tra-natur-178-x-87-x-92-cm.webp?fit=800%2C800&ssl=1","width":800,"height":800,"caption":"Adirondack Tr\u00e4dg\u00e5rdsstol Med Bord Och Paraplyh\u00e5l 2-sits Tr\u00e4dg\u00e5rdsstol Sittgrupp Tr\u00e4dg\u00e5rdsm\u00f6bler F\u00f6r Balkong Massivt Tr\u00e4 Natur 178 X 87 X 92 Cm 1"},{"@type":"BreadcrumbList","@id":"https:\/\/truusk.store\/sv\/produkt\/truusk-adirondack-tradgardsstol-med-bord-och-paraplyhal-2-sits-tradgardsstol-sittgrupp-tradgardsmobler-for-balkong\/#breadcrumb","itemListElement":[{"@type":"ListItem","position":1,"name":"Home","item":"https:\/\/truusk.store\/sv\/"},{"@type":"ListItem","position":2,"name":"Shop","item":"https:\/\/truusk.store\/shop\/"},{"@type":"ListItem","position":3,"name":"TRUUSK Adirondack Tr\u00e4dg\u00e5rdsstol Med Bord Och Paraplyh\u00e5l &#8211; 2-sits Tr\u00e4dg\u00e5rdsstol &#8211; Sittgrupp Tr\u00e4dg\u00e5rdsm\u00f6bler &#8211; F\u00f6r Balkong &#8211;"}]},{"@type":"WebSite","@id":"https:\/\/truusk.store\/sv\/#website","url":"https:\/\/truusk.store\/sv\/","name":"TRUUSK - Hem, Tr\u00e4dg\u00e5rd & Fritid","description":"","publisher":{"@id":"https:\/\/truusk.store\/sv\/#organization"},"potentialAction":[{"@type":"SearchAction","target":{"@type":"EntryPoint","urlTemplate":"https:\/\/truusk.store\/sv\/?s={search_term_string}"},"query-input":{"@type":"PropertyValueSpecification","valueRequired":true,"valueName":"search_term_string"}}],"inLanguage":"sv-SE"},{"@type":"Organization","@id":"https:\/\/truusk.store\/sv\/#organization","name":"TRUUSK - Hem, Tr\u00e4dg\u00e5rd & Fritid","url":"https:\/\/truusk.store\/sv\/","logo":{"@type":"ImageObject","inLanguage":"sv-SE","@id":"https:\/\/truusk.store\/sv\/#\/schema\/logo\/image\/","url":"https:\/\/i0.wp.com\/truusk.store\/wp-content\/uploads\/2026\/03\/cropped-TRUUSK.png?fit=2032%2C917&ssl=1","contentUrl":"https:\/\/i0.wp.com\/truusk.store\/wp-content\/uploads\/2026\/03\/cropped-TRUUSK.png?fit=2032%2C917&ssl=1","width":2032,"height":917,"caption":"TRUUSK - Hem, Tr\u00e4dg\u00e5rd & Fritid"},"image":{"@id":"https:\/\/truusk.store\/sv\/#\/schema\/logo\/image\/"}}]}},"jetpack_sharing_enabled":true,"_links":{"self":[{"href":"https:\/\/truusk.store\/sv\/wp-json\/wp\/v2\/product\/7042","targetHints":{"allow":["GET"]}}],"collection":[{"href":"https:\/\/truusk.store\/sv\/wp-json\/wp\/v2\/product"}],"about":[{"href":"https:\/\/truusk.store\/sv\/wp-json\/wp\/v2\/types\/product"}],"wp:featuredmedia":[{"embeddable":true,"href":"https:\/\/truusk.store\/sv\/wp-json\/wp\/v2\/media\/7043"}],"wp:attachment":[{"href":"https:\/\/truusk.store\/sv\/wp-json\/wp\/v2\/media?parent=7042"}],"wp:term":[{"taxonomy":"product_brand","embeddable":true,"href":"https:\/\/truusk.store\/sv\/wp-json\/wp\/v2\/product_brand?post=7042"},{"taxonomy":"product_cat","embeddable":true,"href":"https:\/\/truusk.store\/sv\/wp-json\/wp\/v2\/product_cat?post=7042"},{"taxonomy":"product_tag","embeddable":true,"href":"https:\/\/truusk.store\/sv\/wp-json\/wp\/v2\/product_tag?post=7042"}],"curies":[{"name":"wp","href":"https:\/\/api.w.org\/{rel}","templated":true}]}}