{"id":70437,"date":"2025-06-05T19:27:48","date_gmt":"2025-06-05T18:27:48","guid":{"rendered":"https:\/\/truusk.store\/product\/hopfallbar-solsang-med-huvudkudde-och-sidoficka-vadderad-solstol-med-5-lages-justerbar-ryggstod-vaderbestandig-campingstol-upp-till-120-kg-belastning-for-tradgard-och-strand-morkgra\/"},"modified":"2026-03-12T08:40:20","modified_gmt":"2026-03-12T07:40:20","slug":"truusk-hopfallbar-solsang-med-huvudkudde-och-sidoficka-vadderad-solstol-med-5-lages-justerbar-ryggstod-vaderbestandig","status":"publish","type":"product","link":"https:\/\/truusk.store\/sv\/produkt\/truusk-hopfallbar-solsang-med-huvudkudde-och-sidoficka-vadderad-solstol-med-5-lages-justerbar-ryggstod-vaderbestandig\/","title":{"rendered":"TRUUSK Hopf\u00e4llbar Sols\u00e4ng Med Huvudkudde Och Sidoficka &#8211; Vadderad Solstol Med 5-l\u00e4ges Justerbar Ryggst\u00f6d &#8211; V\u00e4derbest\u00e4ndig"},"content":{"rendered":"<p>Njut av avkopplande timmar p\u00e5 den hopf\u00e4llbara sols\u00e4ngen fr\u00e5n TRUUSK. Sols\u00e4ngens andningsbara n\u00e4ttyg avlastar kroppstrycket och de snabbtorkande kuddarna \u00f6kar komforten. Den robusta st\u00e5lramen ger stabilitet och en sidoficka h\u00e5ller tidningar alltid till hands. Vid behov kan du enkelt f\u00e4lla ihop tr\u00e4dg\u00e5rdss\u00e4ngen f\u00f6r att transportera den till en valfri vacker plats och st\u00e4lla upp den d\u00e4r.<\/p>\n<p>Beskrivning:<\/p>\n<ul>\n<li> Tr\u00e4dg\u00e5rdss\u00e4ngens 5-stegs justerbara rygg ger individuellt anpassad komfort<\/li>\n<li> Maximal lutningsvinkel p\u00e5 180 grader<\/li>\n<li> L\u00e4tt att f\u00e4lla ihop f\u00f6r enkel f\u00f6rvaring. Inkluderar b\u00e4rhandtag f\u00f6r transport<\/li>\n<li> Sidoficka p\u00e5 campingb\u00e4dden f\u00f6r f\u00f6rvaring av tidningar, b\u00f6cker eller mobiltelefoner<\/li>\n<li> Andningsbart n\u00e4ttyg med elastiska band f\u00f6r tryckavlastning<\/li>\n<li> Huvudst\u00f6d och snabbtorkande kudde<\/li>\n<li> Robust st\u00e5lram med pulverlackering av balkongb\u00e4dden f\u00f6r stabil st\u00f6d<\/li>\n<li> Ingen montering kr\u00e4vs<\/li>\n<\/ul>\n<p> Tekniska data:<\/p>\n<ul>\n<li> F\u00e4rg: M\u00f6rkgr\u00e5<\/li>\n<li> Material: St\u00e5l, n\u00e4ttyg, polyeten<\/li>\n<li> Totala dimensioner: 68L x 189B x 36H cm<\/li>\n<li> Hopf\u00e4lld storlek: 76L x 68B x 15H cm<\/li>\n<li> Sitsstorlek: 68B x 130T cm<\/li>\n<li> Sitth\u00f6jd: 36 cm (utan kudde)<\/li>\n<li> Ryggstorlek: 59L x 68B cm<\/li>\n<li> Tidningsficka: 30L x 24B cm<\/li>\n<li> B\u00e4rkapacitet: 120 kg<\/li>\n<\/ul>\n<p>Leveransinneh\u00e5ll:<\/p>\n<ul>\n<li> 1 x Utomhuss\u00e4ng<\/li>\n<li> 1 x Bruksanvisning<\/li>\n<\/ul>\n","protected":false},"excerpt":{"rendered":"<p>Njut av avkopplande timmar p\u00e5 den hopf\u00e4llbara sols\u00e4ngen fr\u00e5n TRUUSK. Sols\u00e4ngens andningsbara n\u00e4ttyg avlastar kroppstrycket och de snabbtorkande kuddarna \u00f6kar&#8230;<\/p>\n","protected":false},"featured_media":70428,"template":"","meta":[],"product_brand":[],"product_cat":[451,858,450],"product_tag":[],"class_list":{"0":"post-70437","1":"product","2":"type-product","3":"status-publish","4":"has-post-thumbnail","6":"product_cat-solstolar","7":"product_cat-tradgard-terrass","8":"product_cat-tradgardsmobler","10":"first","11":"instock","12":"sale","13":"taxable","14":"shipping-taxable","15":"purchasable","16":"product-type-simple"},"yoast_head":"<!-- This site is optimized with the Yoast SEO plugin v25.4 - https:\/\/yoast.com\/wordpress\/plugins\/seo\/ -->\n<title>TRUUSK Hopf\u00e4llbar Sols\u00e4ng Med Huvudkudde Och Sidoficka - Vadderad Solstol Med 5-l\u00e4ges Justerbar Ryggst\u00f6d - V\u00e4derbest\u00e4ndig - TRUUSK - Hem, Tr\u00e4dg\u00e5rd &amp; Fritid<\/title>\n<meta name=\"robots\" content=\"index, follow, max-snippet:-1, max-image-preview:large, max-video-preview:-1\" \/>\n<link rel=\"canonical\" href=\"https:\/\/truusk.store\/sv\/produkt\/truusk-hopfallbar-solsang-med-huvudkudde-och-sidoficka-vadderad-solstol-med-5-lages-justerbar-ryggstod-vaderbestandig\/\" \/>\n<meta property=\"og:locale\" content=\"sv_SE\" \/>\n<meta property=\"og:type\" content=\"article\" \/>\n<meta property=\"og:title\" content=\"TRUUSK Hopf\u00e4llbar Sols\u00e4ng Med Huvudkudde Och Sidoficka - Vadderad Solstol Med 5-l\u00e4ges Justerbar Ryggst\u00f6d - V\u00e4derbest\u00e4ndig - TRUUSK - Hem, Tr\u00e4dg\u00e5rd &amp; Fritid\" \/>\n<meta property=\"og:description\" content=\"Njut av avkopplande timmar p\u00e5 den hopf\u00e4llbara sols\u00e4ngen fr\u00e5n TRUUSK. Sols\u00e4ngens andningsbara n\u00e4ttyg avlastar kroppstrycket och de snabbtorkande kuddarna \u00f6kar...\" \/>\n<meta property=\"og:url\" content=\"https:\/\/truusk.store\/sv\/produkt\/truusk-hopfallbar-solsang-med-huvudkudde-och-sidoficka-vadderad-solstol-med-5-lages-justerbar-ryggstod-vaderbestandig\/\" \/>\n<meta property=\"og:site_name\" content=\"TRUUSK - Hem, Tr\u00e4dg\u00e5rd &amp; Fritid\" \/>\n<meta property=\"article:modified_time\" content=\"2026-03-12T07:40:20+00:00\" \/>\n<meta property=\"og:image\" content=\"https:\/\/i0.wp.com\/truusk.se\/wp-content\/uploads\/2025\/06\/hopfallbar-solsang-med-huvudkudde-och-sidoficka-vadderad-solstol-med-5-lages-justerbar-ryggstod-vaderbestandig-campingstol-upp-till-120-kg-belastning-for-tradgard-och-strand-morkgra-1.webp?fit=2000%2C2000&ssl=1\" \/>\n\t<meta property=\"og:image:width\" content=\"2000\" \/>\n\t<meta property=\"og:image:height\" content=\"2000\" \/>\n\t<meta property=\"og:image:type\" content=\"image\/webp\" \/>\n<meta name=\"twitter:card\" content=\"summary_large_image\" \/>\n<meta name=\"twitter:label1\" content=\"Ber\u00e4knad l\u00e4stid\" \/>\n\t<meta name=\"twitter:data1\" content=\"1 minut\" \/>\n<!-- \/ Yoast SEO plugin. -->","yoast_head_json":{"title":"TRUUSK Hopf\u00e4llbar Sols\u00e4ng Med Huvudkudde Och Sidoficka - Vadderad Solstol Med 5-l\u00e4ges Justerbar Ryggst\u00f6d - V\u00e4derbest\u00e4ndig - TRUUSK - Hem, Tr\u00e4dg\u00e5rd &amp; Fritid","robots":{"index":"index","follow":"follow","max-snippet":"max-snippet:-1","max-image-preview":"max-image-preview:large","max-video-preview":"max-video-preview:-1"},"canonical":"https:\/\/truusk.store\/sv\/produkt\/truusk-hopfallbar-solsang-med-huvudkudde-och-sidoficka-vadderad-solstol-med-5-lages-justerbar-ryggstod-vaderbestandig\/","og_locale":"sv_SE","og_type":"article","og_title":"TRUUSK Hopf\u00e4llbar Sols\u00e4ng Med Huvudkudde Och Sidoficka - Vadderad Solstol Med 5-l\u00e4ges Justerbar Ryggst\u00f6d - V\u00e4derbest\u00e4ndig - TRUUSK - Hem, Tr\u00e4dg\u00e5rd &amp; Fritid","og_description":"Njut av avkopplande timmar p\u00e5 den hopf\u00e4llbara sols\u00e4ngen fr\u00e5n TRUUSK. Sols\u00e4ngens andningsbara n\u00e4ttyg avlastar kroppstrycket och de snabbtorkande kuddarna \u00f6kar...","og_url":"https:\/\/truusk.store\/sv\/produkt\/truusk-hopfallbar-solsang-med-huvudkudde-och-sidoficka-vadderad-solstol-med-5-lages-justerbar-ryggstod-vaderbestandig\/","og_site_name":"TRUUSK - Hem, Tr\u00e4dg\u00e5rd &amp; Fritid","article_modified_time":"2026-03-12T07:40:20+00:00","og_image":[{"width":2000,"height":2000,"url":"https:\/\/i0.wp.com\/truusk.se\/wp-content\/uploads\/2025\/06\/hopfallbar-solsang-med-huvudkudde-och-sidoficka-vadderad-solstol-med-5-lages-justerbar-ryggstod-vaderbestandig-campingstol-upp-till-120-kg-belastning-for-tradgard-och-strand-morkgra-1.webp?fit=2000%2C2000&ssl=1","type":"image\/webp"}],"twitter_card":"summary_large_image","twitter_misc":{"Ber\u00e4knad l\u00e4stid":"1 minut"},"schema":{"@context":"https:\/\/schema.org","@graph":[{"@type":"WebPage","@id":"https:\/\/truusk.store\/sv\/produkt\/truusk-hopfallbar-solsang-med-huvudkudde-och-sidoficka-vadderad-solstol-med-5-lages-justerbar-ryggstod-vaderbestandig\/","url":"https:\/\/truusk.store\/sv\/produkt\/truusk-hopfallbar-solsang-med-huvudkudde-och-sidoficka-vadderad-solstol-med-5-lages-justerbar-ryggstod-vaderbestandig\/","name":"TRUUSK Hopf\u00e4llbar Sols\u00e4ng Med Huvudkudde Och Sidoficka - Vadderad Solstol Med 5-l\u00e4ges Justerbar Ryggst\u00f6d - V\u00e4derbest\u00e4ndig - TRUUSK - Hem, Tr\u00e4dg\u00e5rd &amp; Fritid","isPartOf":{"@id":"https:\/\/truusk.store\/sv\/#website"},"primaryImageOfPage":{"@id":"https:\/\/truusk.store\/sv\/produkt\/truusk-hopfallbar-solsang-med-huvudkudde-och-sidoficka-vadderad-solstol-med-5-lages-justerbar-ryggstod-vaderbestandig\/#primaryimage"},"image":{"@id":"https:\/\/truusk.store\/sv\/produkt\/truusk-hopfallbar-solsang-med-huvudkudde-och-sidoficka-vadderad-solstol-med-5-lages-justerbar-ryggstod-vaderbestandig\/#primaryimage"},"thumbnailUrl":"https:\/\/i0.wp.com\/truusk.store\/wp-content\/uploads\/2025\/06\/hopfallbar-solsang-med-huvudkudde-och-sidoficka-vadderad-solstol-med-5-lages-justerbar-ryggstod-vaderbestandig-campingstol-upp-till-120-kg-belastning-for-tradgard-och-strand-morkgra-1.webp?fit=2000%2C2000&ssl=1","datePublished":"2025-06-05T18:27:48+00:00","dateModified":"2026-03-12T07:40:20+00:00","breadcrumb":{"@id":"https:\/\/truusk.store\/sv\/produkt\/truusk-hopfallbar-solsang-med-huvudkudde-och-sidoficka-vadderad-solstol-med-5-lages-justerbar-ryggstod-vaderbestandig\/#breadcrumb"},"inLanguage":"sv-SE","potentialAction":[{"@type":"ReadAction","target":["https:\/\/truusk.store\/sv\/produkt\/truusk-hopfallbar-solsang-med-huvudkudde-och-sidoficka-vadderad-solstol-med-5-lages-justerbar-ryggstod-vaderbestandig\/"]}]},{"@type":"ImageObject","inLanguage":"sv-SE","@id":"https:\/\/truusk.store\/sv\/produkt\/truusk-hopfallbar-solsang-med-huvudkudde-och-sidoficka-vadderad-solstol-med-5-lages-justerbar-ryggstod-vaderbestandig\/#primaryimage","url":"https:\/\/i0.wp.com\/truusk.store\/wp-content\/uploads\/2025\/06\/hopfallbar-solsang-med-huvudkudde-och-sidoficka-vadderad-solstol-med-5-lages-justerbar-ryggstod-vaderbestandig-campingstol-upp-till-120-kg-belastning-for-tradgard-och-strand-morkgra-1.webp?fit=2000%2C2000&ssl=1","contentUrl":"https:\/\/i0.wp.com\/truusk.store\/wp-content\/uploads\/2025\/06\/hopfallbar-solsang-med-huvudkudde-och-sidoficka-vadderad-solstol-med-5-lages-justerbar-ryggstod-vaderbestandig-campingstol-upp-till-120-kg-belastning-for-tradgard-och-strand-morkgra-1.webp?fit=2000%2C2000&ssl=1","width":2000,"height":2000},{"@type":"BreadcrumbList","@id":"https:\/\/truusk.store\/sv\/produkt\/truusk-hopfallbar-solsang-med-huvudkudde-och-sidoficka-vadderad-solstol-med-5-lages-justerbar-ryggstod-vaderbestandig\/#breadcrumb","itemListElement":[{"@type":"ListItem","position":1,"name":"Home","item":"https:\/\/truusk.store\/sv\/"},{"@type":"ListItem","position":2,"name":"Shop","item":"https:\/\/truusk.store\/shop\/"},{"@type":"ListItem","position":3,"name":"TRUUSK Hopf\u00e4llbar Sols\u00e4ng Med Huvudkudde Och Sidoficka &#8211; Vadderad Solstol Med 5-l\u00e4ges Justerbar Ryggst\u00f6d &#8211; V\u00e4derbest\u00e4ndig"}]},{"@type":"WebSite","@id":"https:\/\/truusk.store\/sv\/#website","url":"https:\/\/truusk.store\/sv\/","name":"TRUUSK - Hem, Tr\u00e4dg\u00e5rd & Fritid","description":"","publisher":{"@id":"https:\/\/truusk.store\/sv\/#organization"},"potentialAction":[{"@type":"SearchAction","target":{"@type":"EntryPoint","urlTemplate":"https:\/\/truusk.store\/sv\/?s={search_term_string}"},"query-input":{"@type":"PropertyValueSpecification","valueRequired":true,"valueName":"search_term_string"}}],"inLanguage":"sv-SE"},{"@type":"Organization","@id":"https:\/\/truusk.store\/sv\/#organization","name":"TRUUSK - Hem, Tr\u00e4dg\u00e5rd & Fritid","url":"https:\/\/truusk.store\/sv\/","logo":{"@type":"ImageObject","inLanguage":"sv-SE","@id":"https:\/\/truusk.store\/sv\/#\/schema\/logo\/image\/","url":"https:\/\/i0.wp.com\/truusk.store\/wp-content\/uploads\/2026\/03\/cropped-TRUUSK.png?fit=2032%2C917&ssl=1","contentUrl":"https:\/\/i0.wp.com\/truusk.store\/wp-content\/uploads\/2026\/03\/cropped-TRUUSK.png?fit=2032%2C917&ssl=1","width":2032,"height":917,"caption":"TRUUSK - Hem, Tr\u00e4dg\u00e5rd & Fritid"},"image":{"@id":"https:\/\/truusk.store\/sv\/#\/schema\/logo\/image\/"}}]}},"jetpack_sharing_enabled":true,"_links":{"self":[{"href":"https:\/\/truusk.store\/sv\/wp-json\/wp\/v2\/product\/70437","targetHints":{"allow":["GET"]}}],"collection":[{"href":"https:\/\/truusk.store\/sv\/wp-json\/wp\/v2\/product"}],"about":[{"href":"https:\/\/truusk.store\/sv\/wp-json\/wp\/v2\/types\/product"}],"wp:featuredmedia":[{"embeddable":true,"href":"https:\/\/truusk.store\/sv\/wp-json\/wp\/v2\/media\/70428"}],"wp:attachment":[{"href":"https:\/\/truusk.store\/sv\/wp-json\/wp\/v2\/media?parent=70437"}],"wp:term":[{"taxonomy":"product_brand","embeddable":true,"href":"https:\/\/truusk.store\/sv\/wp-json\/wp\/v2\/product_brand?post=70437"},{"taxonomy":"product_cat","embeddable":true,"href":"https:\/\/truusk.store\/sv\/wp-json\/wp\/v2\/product_cat?post=70437"},{"taxonomy":"product_tag","embeddable":true,"href":"https:\/\/truusk.store\/sv\/wp-json\/wp\/v2\/product_tag?post=70437"}],"curies":[{"name":"wp","href":"https:\/\/api.w.org\/{rel}","templated":true}]}}