{"id":70447,"date":"2025-06-05T19:28:53","date_gmt":"2025-06-05T18:28:53","guid":{"rendered":"https:\/\/truusk.store\/product\/avslappningsstol-med-fotpall-massagestol-med-liggfunktion-elektrisk-liggstol-med-fjarrkontroll-tv-stol-med-sidoficka-konstlader-gra\/"},"modified":"2026-03-12T08:40:51","modified_gmt":"2026-03-12T07:40:51","slug":"truusk-avslappningsstol-med-fotpall-massagefunktion-elektrisk-liggstol-tv-stol-med-sidoficka-konstlader-gra","status":"publish","type":"product","link":"https:\/\/truusk.store\/sv\/produkt\/truusk-avslappningsstol-med-fotpall-massagefunktion-elektrisk-liggstol-tv-stol-med-sidoficka-konstlader-gra\/","title":{"rendered":"TRUUSK Avslappningsstol med Fotpall &#8211; Massagefunktion &#8211; Elektrisk Liggstol &#8211; TV-stol med Sidoficka &#8211; Konstl\u00e4der &#8211; Gr\u00e5"},"content":{"rendered":"<p>Uppt\u00e4ck m\u00e5ngfalden av massagestolar. V\u00e5r TRUUSK massagestol erbjuder inte bara bekv\u00e4mlighet, utan ocks\u00e5 exklusiva avkopplingsstunder. Med 10 vibrationspunkter l\u00f6ser den upp dina muskler och garanterar djup avkoppling. Den ultramjuka stoppningen och de h\u00f6gkvalitativa materialen, tillsammans med massagefunktionen, ger f\u00f6rstklassig komfort.<\/p>\n<p>Beskrivning:<\/p>\n<ul>\n<li> 10 vibrationsmassagepunkter (6 i ryggst\u00f6det, 2 i s\u00e4tet, 2 i fotpallen)<\/li>\n<li> Avkoppling f\u00f6r dina rygg-, axel-, nack-, skink-, l\u00e5r- och underbenmuskler<\/li>\n<li> 10 vibrationsl\u00e4gen och 10 massageintensiteter att v\u00e4lja mellan<\/li>\n<li> Ryggst\u00f6det \u00e4r mekaniskt stegl\u00f6st justerbart<\/li>\n<li> Inkluderar praktisk sidoficka f\u00f6r tillbeh\u00f6r, tidningar och drycker<\/li>\n<li> Levereras med en fj\u00e4rrkontroll f\u00f6r enkel anv\u00e4ndning<\/li>\n<li> Obs: Massagestolen har en mikrol\u00e5sfunktion (ryggst\u00f6det kan inte l\u00e5sas helt)<\/li>\n<\/ul>\n<p> Tekniska data:<\/p>\n<ul>\n<li> F\u00e4rg: Gr\u00e5<\/li>\n<li> Material: Konstl\u00e4der, skum, tr\u00e4, metall<\/li>\n<li> Totala dimensioner: 76L x 80B x 102H cm<\/li>\n<li> M\u00e5tt i liggande position: 122L x 76B x 82H cm<\/li>\n<li> Sitsstorlek: 52,5L x 53B cm<\/li>\n<li> Sitth\u00f6jd: 46 cm<\/li>\n<li> Ryggst\u00f6d: 74L x 58B cm<\/li>\n<li> Ing\u00e5ng: 100\u2013240 V \/50\/60Hz<\/li>\n<li> Utg\u00e5ngssp\u00e4nning DC: 12V<\/li>\n<li> Lutningsvinkel: 145\u00b0<\/li>\n<li> Pall: 47L x 44B x 40H cm<\/li>\n<li> Diameter underrede: 62 cm (stol), 47 cm (pall)<\/li>\n<li> B\u00e4rkapacitet: 150 kg<\/li>\n<li> Anslutning: 220-240 V<\/li>\n<\/ul>\n<p>Leveransinneh\u00e5ll:<\/p>\n<ul>\n<li> 1 x Massagestol<\/li>\n<li> 1 x Instruktioner<\/li>\n<\/ul>\n","protected":false},"excerpt":{"rendered":"<p>Uppt\u00e4ck m\u00e5ngfalden av massagestolar. V\u00e5r TRUUSK massagestol erbjuder inte bara bekv\u00e4mlighet, utan ocks\u00e5 exklusiva avkopplingsstunder. Med 10 vibrationspunkter l\u00f6ser den&#8230;<\/p>\n","protected":false},"featured_media":70438,"template":"","meta":[],"product_brand":[],"product_cat":[521,871,912,910],"product_tag":[],"class_list":{"0":"post-70447","1":"product","2":"type-product","3":"status-publish","4":"has-post-thumbnail","6":"product_cat-fatolj","7":"product_cat-hus-hem","8":"product_cat-massagesessel","9":"product_cat-vardagsrum","11":"first","12":"instock","13":"sale","14":"taxable","15":"shipping-taxable","16":"purchasable","17":"product-type-simple"},"yoast_head":"<!-- This site is optimized with the Yoast SEO plugin v25.4 - https:\/\/yoast.com\/wordpress\/plugins\/seo\/ -->\n<title>TRUUSK Avslappningsstol med Fotpall - Massagefunktion - Elektrisk Liggstol - TV-stol med Sidoficka - Konstl\u00e4der - Gr\u00e5 - TRUUSK - Hem, Tr\u00e4dg\u00e5rd &amp; Fritid<\/title>\n<meta name=\"robots\" content=\"index, follow, max-snippet:-1, max-image-preview:large, max-video-preview:-1\" \/>\n<link rel=\"canonical\" href=\"https:\/\/truusk.store\/sv\/produkt\/truusk-avslappningsstol-med-fotpall-massagefunktion-elektrisk-liggstol-tv-stol-med-sidoficka-konstlader-gra\/\" \/>\n<meta property=\"og:locale\" content=\"sv_SE\" \/>\n<meta property=\"og:type\" content=\"article\" \/>\n<meta property=\"og:title\" content=\"TRUUSK Avslappningsstol med Fotpall - Massagefunktion - Elektrisk Liggstol - TV-stol med Sidoficka - Konstl\u00e4der - Gr\u00e5 - TRUUSK - Hem, Tr\u00e4dg\u00e5rd &amp; Fritid\" \/>\n<meta property=\"og:description\" content=\"Uppt\u00e4ck m\u00e5ngfalden av massagestolar. V\u00e5r TRUUSK massagestol erbjuder inte bara bekv\u00e4mlighet, utan ocks\u00e5 exklusiva avkopplingsstunder. Med 10 vibrationspunkter l\u00f6ser den...\" \/>\n<meta property=\"og:url\" content=\"https:\/\/truusk.store\/sv\/produkt\/truusk-avslappningsstol-med-fotpall-massagefunktion-elektrisk-liggstol-tv-stol-med-sidoficka-konstlader-gra\/\" \/>\n<meta property=\"og:site_name\" content=\"TRUUSK - Hem, Tr\u00e4dg\u00e5rd &amp; Fritid\" \/>\n<meta property=\"article:modified_time\" content=\"2026-03-12T07:40:51+00:00\" \/>\n<meta property=\"og:image\" content=\"https:\/\/i0.wp.com\/truusk.se\/wp-content\/uploads\/2025\/06\/avslappningsstol-med-fotpall-massagestol-med-liggfunktion-elektrisk-liggstol-med-fjarrkontroll-tv-stol-med-sidoficka-konstlader-gra-1.webp?fit=2000%2C2000&ssl=1\" \/>\n\t<meta property=\"og:image:width\" content=\"2000\" \/>\n\t<meta property=\"og:image:height\" content=\"2000\" \/>\n\t<meta property=\"og:image:type\" content=\"image\/webp\" \/>\n<meta name=\"twitter:card\" content=\"summary_large_image\" \/>\n<meta name=\"twitter:label1\" content=\"Ber\u00e4knad l\u00e4stid\" \/>\n\t<meta name=\"twitter:data1\" content=\"1 minut\" \/>\n<!-- \/ Yoast SEO plugin. -->","yoast_head_json":{"title":"TRUUSK Avslappningsstol med Fotpall - Massagefunktion - Elektrisk Liggstol - TV-stol med Sidoficka - Konstl\u00e4der - Gr\u00e5 - TRUUSK - Hem, Tr\u00e4dg\u00e5rd &amp; Fritid","robots":{"index":"index","follow":"follow","max-snippet":"max-snippet:-1","max-image-preview":"max-image-preview:large","max-video-preview":"max-video-preview:-1"},"canonical":"https:\/\/truusk.store\/sv\/produkt\/truusk-avslappningsstol-med-fotpall-massagefunktion-elektrisk-liggstol-tv-stol-med-sidoficka-konstlader-gra\/","og_locale":"sv_SE","og_type":"article","og_title":"TRUUSK Avslappningsstol med Fotpall - Massagefunktion - Elektrisk Liggstol - TV-stol med Sidoficka - Konstl\u00e4der - Gr\u00e5 - TRUUSK - Hem, Tr\u00e4dg\u00e5rd &amp; Fritid","og_description":"Uppt\u00e4ck m\u00e5ngfalden av massagestolar. V\u00e5r TRUUSK massagestol erbjuder inte bara bekv\u00e4mlighet, utan ocks\u00e5 exklusiva avkopplingsstunder. Med 10 vibrationspunkter l\u00f6ser den...","og_url":"https:\/\/truusk.store\/sv\/produkt\/truusk-avslappningsstol-med-fotpall-massagefunktion-elektrisk-liggstol-tv-stol-med-sidoficka-konstlader-gra\/","og_site_name":"TRUUSK - Hem, Tr\u00e4dg\u00e5rd &amp; Fritid","article_modified_time":"2026-03-12T07:40:51+00:00","og_image":[{"width":2000,"height":2000,"url":"https:\/\/i0.wp.com\/truusk.se\/wp-content\/uploads\/2025\/06\/avslappningsstol-med-fotpall-massagestol-med-liggfunktion-elektrisk-liggstol-med-fjarrkontroll-tv-stol-med-sidoficka-konstlader-gra-1.webp?fit=2000%2C2000&ssl=1","type":"image\/webp"}],"twitter_card":"summary_large_image","twitter_misc":{"Ber\u00e4knad l\u00e4stid":"1 minut"},"schema":{"@context":"https:\/\/schema.org","@graph":[{"@type":"WebPage","@id":"https:\/\/truusk.store\/sv\/produkt\/truusk-avslappningsstol-med-fotpall-massagefunktion-elektrisk-liggstol-tv-stol-med-sidoficka-konstlader-gra\/","url":"https:\/\/truusk.store\/sv\/produkt\/truusk-avslappningsstol-med-fotpall-massagefunktion-elektrisk-liggstol-tv-stol-med-sidoficka-konstlader-gra\/","name":"TRUUSK Avslappningsstol med Fotpall - Massagefunktion - Elektrisk Liggstol - TV-stol med Sidoficka - Konstl\u00e4der - Gr\u00e5 - TRUUSK - Hem, Tr\u00e4dg\u00e5rd &amp; Fritid","isPartOf":{"@id":"https:\/\/truusk.store\/sv\/#website"},"primaryImageOfPage":{"@id":"https:\/\/truusk.store\/sv\/produkt\/truusk-avslappningsstol-med-fotpall-massagefunktion-elektrisk-liggstol-tv-stol-med-sidoficka-konstlader-gra\/#primaryimage"},"image":{"@id":"https:\/\/truusk.store\/sv\/produkt\/truusk-avslappningsstol-med-fotpall-massagefunktion-elektrisk-liggstol-tv-stol-med-sidoficka-konstlader-gra\/#primaryimage"},"thumbnailUrl":"https:\/\/i0.wp.com\/truusk.store\/wp-content\/uploads\/2025\/06\/avslappningsstol-med-fotpall-massagestol-med-liggfunktion-elektrisk-liggstol-med-fjarrkontroll-tv-stol-med-sidoficka-konstlader-gra-1.webp?fit=2000%2C2000&ssl=1","datePublished":"2025-06-05T18:28:53+00:00","dateModified":"2026-03-12T07:40:51+00:00","breadcrumb":{"@id":"https:\/\/truusk.store\/sv\/produkt\/truusk-avslappningsstol-med-fotpall-massagefunktion-elektrisk-liggstol-tv-stol-med-sidoficka-konstlader-gra\/#breadcrumb"},"inLanguage":"sv-SE","potentialAction":[{"@type":"ReadAction","target":["https:\/\/truusk.store\/sv\/produkt\/truusk-avslappningsstol-med-fotpall-massagefunktion-elektrisk-liggstol-tv-stol-med-sidoficka-konstlader-gra\/"]}]},{"@type":"ImageObject","inLanguage":"sv-SE","@id":"https:\/\/truusk.store\/sv\/produkt\/truusk-avslappningsstol-med-fotpall-massagefunktion-elektrisk-liggstol-tv-stol-med-sidoficka-konstlader-gra\/#primaryimage","url":"https:\/\/i0.wp.com\/truusk.store\/wp-content\/uploads\/2025\/06\/avslappningsstol-med-fotpall-massagestol-med-liggfunktion-elektrisk-liggstol-med-fjarrkontroll-tv-stol-med-sidoficka-konstlader-gra-1.webp?fit=2000%2C2000&ssl=1","contentUrl":"https:\/\/i0.wp.com\/truusk.store\/wp-content\/uploads\/2025\/06\/avslappningsstol-med-fotpall-massagestol-med-liggfunktion-elektrisk-liggstol-med-fjarrkontroll-tv-stol-med-sidoficka-konstlader-gra-1.webp?fit=2000%2C2000&ssl=1","width":2000,"height":2000},{"@type":"BreadcrumbList","@id":"https:\/\/truusk.store\/sv\/produkt\/truusk-avslappningsstol-med-fotpall-massagefunktion-elektrisk-liggstol-tv-stol-med-sidoficka-konstlader-gra\/#breadcrumb","itemListElement":[{"@type":"ListItem","position":1,"name":"Home","item":"https:\/\/truusk.store\/sv\/"},{"@type":"ListItem","position":2,"name":"Shop","item":"https:\/\/truusk.store\/shop\/"},{"@type":"ListItem","position":3,"name":"TRUUSK Avslappningsstol med Fotpall &#8211; Massagefunktion &#8211; Elektrisk Liggstol &#8211; TV-stol med Sidoficka &#8211; Konstl\u00e4der &#8211; Gr\u00e5"}]},{"@type":"WebSite","@id":"https:\/\/truusk.store\/sv\/#website","url":"https:\/\/truusk.store\/sv\/","name":"TRUUSK - Hem, Tr\u00e4dg\u00e5rd & Fritid","description":"","publisher":{"@id":"https:\/\/truusk.store\/sv\/#organization"},"potentialAction":[{"@type":"SearchAction","target":{"@type":"EntryPoint","urlTemplate":"https:\/\/truusk.store\/sv\/?s={search_term_string}"},"query-input":{"@type":"PropertyValueSpecification","valueRequired":true,"valueName":"search_term_string"}}],"inLanguage":"sv-SE"},{"@type":"Organization","@id":"https:\/\/truusk.store\/sv\/#organization","name":"TRUUSK - Hem, Tr\u00e4dg\u00e5rd & Fritid","url":"https:\/\/truusk.store\/sv\/","logo":{"@type":"ImageObject","inLanguage":"sv-SE","@id":"https:\/\/truusk.store\/sv\/#\/schema\/logo\/image\/","url":"https:\/\/i0.wp.com\/truusk.store\/wp-content\/uploads\/2026\/03\/cropped-TRUUSK.png?fit=2032%2C917&ssl=1","contentUrl":"https:\/\/i0.wp.com\/truusk.store\/wp-content\/uploads\/2026\/03\/cropped-TRUUSK.png?fit=2032%2C917&ssl=1","width":2032,"height":917,"caption":"TRUUSK - Hem, Tr\u00e4dg\u00e5rd & Fritid"},"image":{"@id":"https:\/\/truusk.store\/sv\/#\/schema\/logo\/image\/"}}]}},"jetpack_sharing_enabled":true,"_links":{"self":[{"href":"https:\/\/truusk.store\/sv\/wp-json\/wp\/v2\/product\/70447","targetHints":{"allow":["GET"]}}],"collection":[{"href":"https:\/\/truusk.store\/sv\/wp-json\/wp\/v2\/product"}],"about":[{"href":"https:\/\/truusk.store\/sv\/wp-json\/wp\/v2\/types\/product"}],"wp:featuredmedia":[{"embeddable":true,"href":"https:\/\/truusk.store\/sv\/wp-json\/wp\/v2\/media\/70438"}],"wp:attachment":[{"href":"https:\/\/truusk.store\/sv\/wp-json\/wp\/v2\/media?parent=70447"}],"wp:term":[{"taxonomy":"product_brand","embeddable":true,"href":"https:\/\/truusk.store\/sv\/wp-json\/wp\/v2\/product_brand?post=70447"},{"taxonomy":"product_cat","embeddable":true,"href":"https:\/\/truusk.store\/sv\/wp-json\/wp\/v2\/product_cat?post=70447"},{"taxonomy":"product_tag","embeddable":true,"href":"https:\/\/truusk.store\/sv\/wp-json\/wp\/v2\/product_tag?post=70447"}],"curies":[{"name":"wp","href":"https:\/\/api.w.org\/{rel}","templated":true}]}}