{"id":70467,"date":"2025-06-05T19:30:45","date_gmt":"2025-06-05T18:30:45","guid":{"rendered":"https:\/\/truusk.store\/product\/parasollfot-av-betong-hangande-parasollfot-fyrkantig-parasollhallare-stativ-for-hangande-parasoll-113-92-mm-parasollvikt-for-balkong-terrass-tradgard-morkgra\/"},"modified":"2026-03-12T08:42:29","modified_gmt":"2026-03-12T07:42:29","slug":"truusk-parasollfot-av-betong-hangande-parasollfot-fyrkantig-parasollhallare-stativ-for-hangande-parasoll-parasollvikt-for","status":"publish","type":"product","link":"https:\/\/truusk.store\/sv\/produkt\/truusk-parasollfot-av-betong-hangande-parasollfot-fyrkantig-parasollhallare-stativ-for-hangande-parasoll-parasollvikt-for\/","title":{"rendered":"TRUUSK Parasollfot Av Betong &#8211; H\u00e4ngande Parasollfot &#8211; Fyrkantig Parasollh\u00e5llare &#8211; Stativ F\u00f6r H\u00e4ngande Parasoll &#8211; Parasollvikt F\u00f6r"},"content":{"rendered":"<p>F\u00e4st din parasoll s\u00e4kert med TRUUSK parasollst\u00e4ll, som erbjuder effektiv stabilitet p\u00e5 liten yta. Tillverkad av robust, galvaniserat metall med pulverlackering, \u00e4r parasollst\u00e4llet motst\u00e5ndskraftigt mot v\u00e4rme, fukt och korrosion och garanterar l\u00e5ngvarig anv\u00e4ndning. Kompatibel med de flesta parasoller, ger parasollst\u00e4llet fast grepp \u00e4ven p\u00e5 bl\u00e5siga dagar.<\/p>\n<p>Beskrivning:<\/p>\n<ul>\n<li> Kompatibel med de flesta parasoller, tack vare m\u00e5ngsidiga h\u00e5lavst\u00e5nd<\/li>\n<li> Galvaniserad metallram av parasollst\u00e4llet med pulverlackering f\u00f6r l\u00e5ngvarig prestanda<\/li>\n<li> V\u00e4derbest\u00e4ndig, v\u00e4rme-, fukt- och korrosionsbest\u00e4ndig, f\u00f6r \u00e5ret runt anv\u00e4ndning<\/li>\n<li> Ingen klumpig bas, d\u00e4rf\u00f6r utrymmesbesparande<\/li>\n<li> Garanterar parasollst\u00e4llet p\u00e5litligt grepp, \u00e4ven p\u00e5 bl\u00e5siga dagar<\/li>\n<li> Enkel installation: Gr\u00e4v ett h\u00e5l, h\u00e4ll i cement eller betong och s\u00e4tt parasollst\u00e4llet<\/li>\n<\/ul>\n<p> Tekniska data:<\/p>\n<ul>\n<li> F\u00e4rg: M\u00f6rkgr\u00e5<\/li>\n<li> Material: Galvaniserat metall<\/li>\n<li> Totala dimensioner: 16,5L x 16,5B x 40H cm<\/li>\n<li> H\u00e5lavst\u00e5nd f\u00f6r montering: 11,3 x 11,3 cm, 9,2 x 9,2 cm<\/li>\n<\/ul>\n<p>Leveransinneh\u00e5ll:<\/p>\n<ul>\n<li> 1 x Inbyggnad parasollst\u00e4ll;<\/li>\n<\/ul>\n","protected":false},"excerpt":{"rendered":"<p>F\u00e4st din parasoll s\u00e4kert med TRUUSK parasollst\u00e4ll, som erbjuder effektiv stabilitet p\u00e5 liten yta. Tillverkad av robust, galvaniserat metall med&#8230;<\/p>\n","protected":false},"featured_media":70458,"template":"","meta":[],"product_brand":[],"product_cat":[886,862,885,858],"product_tag":[],"class_list":{"0":"post-70467","1":"product","2":"type-product","3":"status-publish","4":"has-post-thumbnail","6":"product_cat-schirmstander","7":"product_cat-sol-insynsskydd","8":"product_cat-tillbehor-till-parasoller","9":"product_cat-tradgard-terrass","11":"first","12":"instock","13":"sale","14":"taxable","15":"shipping-taxable","16":"purchasable","17":"product-type-simple"},"yoast_head":"<!-- This site is optimized with the Yoast SEO plugin v25.4 - https:\/\/yoast.com\/wordpress\/plugins\/seo\/ -->\n<title>TRUUSK Parasollfot Av Betong - H\u00e4ngande Parasollfot - Fyrkantig Parasollh\u00e5llare - Stativ F\u00f6r H\u00e4ngande Parasoll - Parasollvikt F\u00f6r - TRUUSK - Hem, Tr\u00e4dg\u00e5rd &amp; Fritid<\/title>\n<meta name=\"robots\" content=\"index, follow, max-snippet:-1, max-image-preview:large, max-video-preview:-1\" \/>\n<link rel=\"canonical\" href=\"https:\/\/truusk.store\/sv\/produkt\/truusk-parasollfot-av-betong-hangande-parasollfot-fyrkantig-parasollhallare-stativ-for-hangande-parasoll-parasollvikt-for\/\" \/>\n<meta property=\"og:locale\" content=\"sv_SE\" \/>\n<meta property=\"og:type\" content=\"article\" \/>\n<meta property=\"og:title\" content=\"TRUUSK Parasollfot Av Betong - H\u00e4ngande Parasollfot - Fyrkantig Parasollh\u00e5llare - Stativ F\u00f6r H\u00e4ngande Parasoll - Parasollvikt F\u00f6r - TRUUSK - Hem, Tr\u00e4dg\u00e5rd &amp; Fritid\" \/>\n<meta property=\"og:description\" content=\"F\u00e4st din parasoll s\u00e4kert med TRUUSK parasollst\u00e4ll, som erbjuder effektiv stabilitet p\u00e5 liten yta. Tillverkad av robust, galvaniserat metall med...\" \/>\n<meta property=\"og:url\" content=\"https:\/\/truusk.store\/sv\/produkt\/truusk-parasollfot-av-betong-hangande-parasollfot-fyrkantig-parasollhallare-stativ-for-hangande-parasoll-parasollvikt-for\/\" \/>\n<meta property=\"og:site_name\" content=\"TRUUSK - Hem, Tr\u00e4dg\u00e5rd &amp; Fritid\" \/>\n<meta property=\"article:modified_time\" content=\"2026-03-12T07:42:29+00:00\" \/>\n<meta property=\"og:image\" content=\"https:\/\/i0.wp.com\/truusk.se\/wp-content\/uploads\/2025\/06\/parasollfot-av-betong-hangande-parasollfot-fyrkantig-parasollhallare-stativ-for-hangande-parasoll-113-92-mm-parasollvikt-for-balkong-terrass-tradgard-morkgra-1.webp?fit=2000%2C2000&ssl=1\" \/>\n\t<meta property=\"og:image:width\" content=\"2000\" \/>\n\t<meta property=\"og:image:height\" content=\"2000\" \/>\n\t<meta property=\"og:image:type\" content=\"image\/webp\" \/>\n<meta name=\"twitter:card\" content=\"summary_large_image\" \/>\n<meta name=\"twitter:label1\" content=\"Ber\u00e4knad l\u00e4stid\" \/>\n\t<meta name=\"twitter:data1\" content=\"1 minut\" \/>\n<!-- \/ Yoast SEO plugin. -->","yoast_head_json":{"title":"TRUUSK Parasollfot Av Betong - H\u00e4ngande Parasollfot - Fyrkantig Parasollh\u00e5llare - Stativ F\u00f6r H\u00e4ngande Parasoll - Parasollvikt F\u00f6r - TRUUSK - Hem, Tr\u00e4dg\u00e5rd &amp; Fritid","robots":{"index":"index","follow":"follow","max-snippet":"max-snippet:-1","max-image-preview":"max-image-preview:large","max-video-preview":"max-video-preview:-1"},"canonical":"https:\/\/truusk.store\/sv\/produkt\/truusk-parasollfot-av-betong-hangande-parasollfot-fyrkantig-parasollhallare-stativ-for-hangande-parasoll-parasollvikt-for\/","og_locale":"sv_SE","og_type":"article","og_title":"TRUUSK Parasollfot Av Betong - H\u00e4ngande Parasollfot - Fyrkantig Parasollh\u00e5llare - Stativ F\u00f6r H\u00e4ngande Parasoll - Parasollvikt F\u00f6r - TRUUSK - Hem, Tr\u00e4dg\u00e5rd &amp; Fritid","og_description":"F\u00e4st din parasoll s\u00e4kert med TRUUSK parasollst\u00e4ll, som erbjuder effektiv stabilitet p\u00e5 liten yta. Tillverkad av robust, galvaniserat metall med...","og_url":"https:\/\/truusk.store\/sv\/produkt\/truusk-parasollfot-av-betong-hangande-parasollfot-fyrkantig-parasollhallare-stativ-for-hangande-parasoll-parasollvikt-for\/","og_site_name":"TRUUSK - Hem, Tr\u00e4dg\u00e5rd &amp; Fritid","article_modified_time":"2026-03-12T07:42:29+00:00","og_image":[{"width":2000,"height":2000,"url":"https:\/\/i0.wp.com\/truusk.se\/wp-content\/uploads\/2025\/06\/parasollfot-av-betong-hangande-parasollfot-fyrkantig-parasollhallare-stativ-for-hangande-parasoll-113-92-mm-parasollvikt-for-balkong-terrass-tradgard-morkgra-1.webp?fit=2000%2C2000&ssl=1","type":"image\/webp"}],"twitter_card":"summary_large_image","twitter_misc":{"Ber\u00e4knad l\u00e4stid":"1 minut"},"schema":{"@context":"https:\/\/schema.org","@graph":[{"@type":"WebPage","@id":"https:\/\/truusk.store\/sv\/produkt\/truusk-parasollfot-av-betong-hangande-parasollfot-fyrkantig-parasollhallare-stativ-for-hangande-parasoll-parasollvikt-for\/","url":"https:\/\/truusk.store\/sv\/produkt\/truusk-parasollfot-av-betong-hangande-parasollfot-fyrkantig-parasollhallare-stativ-for-hangande-parasoll-parasollvikt-for\/","name":"TRUUSK Parasollfot Av Betong - H\u00e4ngande Parasollfot - Fyrkantig Parasollh\u00e5llare - Stativ F\u00f6r H\u00e4ngande Parasoll - Parasollvikt F\u00f6r - TRUUSK - Hem, Tr\u00e4dg\u00e5rd &amp; Fritid","isPartOf":{"@id":"https:\/\/truusk.store\/sv\/#website"},"primaryImageOfPage":{"@id":"https:\/\/truusk.store\/sv\/produkt\/truusk-parasollfot-av-betong-hangande-parasollfot-fyrkantig-parasollhallare-stativ-for-hangande-parasoll-parasollvikt-for\/#primaryimage"},"image":{"@id":"https:\/\/truusk.store\/sv\/produkt\/truusk-parasollfot-av-betong-hangande-parasollfot-fyrkantig-parasollhallare-stativ-for-hangande-parasoll-parasollvikt-for\/#primaryimage"},"thumbnailUrl":"https:\/\/i0.wp.com\/truusk.store\/wp-content\/uploads\/2025\/06\/parasollfot-av-betong-hangande-parasollfot-fyrkantig-parasollhallare-stativ-for-hangande-parasoll-113-92-mm-parasollvikt-for-balkong-terrass-tradgard-morkgra-1.webp?fit=2000%2C2000&ssl=1","datePublished":"2025-06-05T18:30:45+00:00","dateModified":"2026-03-12T07:42:29+00:00","breadcrumb":{"@id":"https:\/\/truusk.store\/sv\/produkt\/truusk-parasollfot-av-betong-hangande-parasollfot-fyrkantig-parasollhallare-stativ-for-hangande-parasoll-parasollvikt-for\/#breadcrumb"},"inLanguage":"sv-SE","potentialAction":[{"@type":"ReadAction","target":["https:\/\/truusk.store\/sv\/produkt\/truusk-parasollfot-av-betong-hangande-parasollfot-fyrkantig-parasollhallare-stativ-for-hangande-parasoll-parasollvikt-for\/"]}]},{"@type":"ImageObject","inLanguage":"sv-SE","@id":"https:\/\/truusk.store\/sv\/produkt\/truusk-parasollfot-av-betong-hangande-parasollfot-fyrkantig-parasollhallare-stativ-for-hangande-parasoll-parasollvikt-for\/#primaryimage","url":"https:\/\/i0.wp.com\/truusk.store\/wp-content\/uploads\/2025\/06\/parasollfot-av-betong-hangande-parasollfot-fyrkantig-parasollhallare-stativ-for-hangande-parasoll-113-92-mm-parasollvikt-for-balkong-terrass-tradgard-morkgra-1.webp?fit=2000%2C2000&ssl=1","contentUrl":"https:\/\/i0.wp.com\/truusk.store\/wp-content\/uploads\/2025\/06\/parasollfot-av-betong-hangande-parasollfot-fyrkantig-parasollhallare-stativ-for-hangande-parasoll-113-92-mm-parasollvikt-for-balkong-terrass-tradgard-morkgra-1.webp?fit=2000%2C2000&ssl=1","width":2000,"height":2000},{"@type":"BreadcrumbList","@id":"https:\/\/truusk.store\/sv\/produkt\/truusk-parasollfot-av-betong-hangande-parasollfot-fyrkantig-parasollhallare-stativ-for-hangande-parasoll-parasollvikt-for\/#breadcrumb","itemListElement":[{"@type":"ListItem","position":1,"name":"Home","item":"https:\/\/truusk.store\/sv\/"},{"@type":"ListItem","position":2,"name":"Shop","item":"https:\/\/truusk.store\/shop\/"},{"@type":"ListItem","position":3,"name":"TRUUSK Parasollfot Av Betong &#8211; H\u00e4ngande Parasollfot &#8211; Fyrkantig Parasollh\u00e5llare &#8211; Stativ F\u00f6r H\u00e4ngande Parasoll &#8211; Parasollvikt F\u00f6r"}]},{"@type":"WebSite","@id":"https:\/\/truusk.store\/sv\/#website","url":"https:\/\/truusk.store\/sv\/","name":"TRUUSK - Hem, Tr\u00e4dg\u00e5rd & Fritid","description":"","publisher":{"@id":"https:\/\/truusk.store\/sv\/#organization"},"potentialAction":[{"@type":"SearchAction","target":{"@type":"EntryPoint","urlTemplate":"https:\/\/truusk.store\/sv\/?s={search_term_string}"},"query-input":{"@type":"PropertyValueSpecification","valueRequired":true,"valueName":"search_term_string"}}],"inLanguage":"sv-SE"},{"@type":"Organization","@id":"https:\/\/truusk.store\/sv\/#organization","name":"TRUUSK - Hem, Tr\u00e4dg\u00e5rd & Fritid","url":"https:\/\/truusk.store\/sv\/","logo":{"@type":"ImageObject","inLanguage":"sv-SE","@id":"https:\/\/truusk.store\/sv\/#\/schema\/logo\/image\/","url":"https:\/\/i0.wp.com\/truusk.store\/wp-content\/uploads\/2026\/03\/cropped-TRUUSK.png?fit=2032%2C917&ssl=1","contentUrl":"https:\/\/i0.wp.com\/truusk.store\/wp-content\/uploads\/2026\/03\/cropped-TRUUSK.png?fit=2032%2C917&ssl=1","width":2032,"height":917,"caption":"TRUUSK - Hem, Tr\u00e4dg\u00e5rd & Fritid"},"image":{"@id":"https:\/\/truusk.store\/sv\/#\/schema\/logo\/image\/"}}]}},"jetpack_sharing_enabled":true,"_links":{"self":[{"href":"https:\/\/truusk.store\/sv\/wp-json\/wp\/v2\/product\/70467","targetHints":{"allow":["GET"]}}],"collection":[{"href":"https:\/\/truusk.store\/sv\/wp-json\/wp\/v2\/product"}],"about":[{"href":"https:\/\/truusk.store\/sv\/wp-json\/wp\/v2\/types\/product"}],"wp:featuredmedia":[{"embeddable":true,"href":"https:\/\/truusk.store\/sv\/wp-json\/wp\/v2\/media\/70458"}],"wp:attachment":[{"href":"https:\/\/truusk.store\/sv\/wp-json\/wp\/v2\/media?parent=70467"}],"wp:term":[{"taxonomy":"product_brand","embeddable":true,"href":"https:\/\/truusk.store\/sv\/wp-json\/wp\/v2\/product_brand?post=70467"},{"taxonomy":"product_cat","embeddable":true,"href":"https:\/\/truusk.store\/sv\/wp-json\/wp\/v2\/product_cat?post=70467"},{"taxonomy":"product_tag","embeddable":true,"href":"https:\/\/truusk.store\/sv\/wp-json\/wp\/v2\/product_tag?post=70467"}],"curies":[{"name":"wp","href":"https:\/\/api.w.org\/{rel}","templated":true}]}}