{"id":70477,"date":"2025-06-05T19:31:47","date_gmt":"2025-06-05T18:31:47","guid":{"rendered":"https:\/\/truusk.store\/product\/3-delat-set-med-vaxtstall-71-cm-hoga-blomstall-for-inomhus-metallvaxt-hylla-3-olika-stora-blomhyllor-blomkruka-stall-for-vardagsrum-tradgard-balkong-blavit\/"},"modified":"2026-03-12T09:47:06","modified_gmt":"2026-03-12T08:47:06","slug":"truusk-3-delat-set-med-vaxtstall-metallvaxt-hylla-3-olika-stora-blomhyllor-for-inomhus-och-utomhus-blavit","status":"publish","type":"product","link":"https:\/\/truusk.store\/sv\/produkt\/truusk-3-delat-set-med-vaxtstall-metallvaxt-hylla-3-olika-stora-blomhyllor-for-inomhus-och-utomhus-blavit\/","title":{"rendered":"TRUUSK 3-delat Set Med V\u00e4xtst\u00e4ll &#8211; Metallv\u00e4xt Hylla &#8211; 3 Olika Stora Blomhyllor &#8211; F\u00f6r Inomhus och Utomhus &#8211; Bl\u00e5+Vit"},"content":{"rendered":"<p>Ge liv \u00e5t din omgivning med TRUUSK blomsterhyllor f\u00f6r balkong, tillg\u00e4ngliga i tre storlekar f\u00f6r m\u00e5ngsidiga placeringsm\u00f6jligheter. Pryd varje rum med den tilltalande bl\u00e5-vita geometriska mosaikytan p\u00e5 blomsterpelaren. Den rostbest\u00e4ndiga metallramen och plastf\u00f6tterna p\u00e5 v\u00e4xtst\u00e4llet ger stabilitet och skydd f\u00f6r golvet.<\/p>\n<p>Beskrivning:<\/p>\n<ul>\n<li> Tre olika stora st\u00e4llningar \u00f6kar m\u00e5ngsidigheten i v\u00e4xtpresentationen<\/li>\n<li> Den bl\u00e5-vita mosaikplattytan p\u00e5 v\u00e4xtst\u00e4llet ger dekorativ charm<\/li>\n<li> Elektroforetisk metallram p\u00e5 v\u00e4xtpallen \u00e4r rostbest\u00e4ndig och garanterar h\u00e5llbarhet<\/li>\n<li> Plastfotpads p\u00e5 ramen \u00f6kar stabiliteten och skyddar golvet<\/li>\n<li> M\u00e5ngsidigt anv\u00e4ndbar som v\u00e4xtst\u00e4ll, utst\u00e4llningshylla eller sidobord<\/li>\n<li> Ingen montering kr\u00e4vs, redo att anv\u00e4ndas direkt<\/li>\n<li> Stapelbar design f\u00f6r enkel transport och platsbesparande f\u00f6rvaring<\/li>\n<\/ul>\n<p>Tekniska data:<\/p>\n<ul>\n<li> F\u00e4rg: Bl\u00e5+Vit<\/li>\n<li> Material: Metall, Kakel, Cement<\/li>\n<li> Totala dimensioner: 28L x 28B x 71H cm, 23L x 23B x 61H cm, 18L x 18B x 51H cm<\/li>\n<li> Tjocklek p\u00e5 toppen: 1,8 cm<\/li>\n<li> B\u00e4rkapacitet: 50 kg, 40 kg, 30 kg<\/li>\n<\/ul>\n<p>Leveransinneh\u00e5ll:<\/p>\n<ul>\n<li> 3 x Blomsterst\u00e4ll<\/li>\n<li> Plastfotpads<\/li>\n<\/ul>\n","protected":false},"excerpt":{"rendered":"<p>Ge liv \u00e5t din omgivning med TRUUSK blomsterhyllor f\u00f6r balkong, tillg\u00e4ngliga i tre storlekar f\u00f6r m\u00e5ngsidiga placeringsm\u00f6jligheter. Pryd varje rum&#8230;<\/p>\n","protected":false},"featured_media":70468,"template":"","meta":[],"product_brand":[],"product_cat":[976,922,858,443],"product_tag":[],"class_list":{"0":"post-70477","1":"product","2":"type-product","3":"status-publish","4":"has-post-thumbnail","6":"product_cat-blumenstander","7":"product_cat-planteringskarl","8":"product_cat-tradgard-terrass","9":"product_cat-vaxthus-tradgardsskotsel","11":"first","12":"instock","13":"sale","14":"taxable","15":"shipping-taxable","16":"purchasable","17":"product-type-simple"},"yoast_head":"<!-- This site is optimized with the Yoast SEO plugin v25.4 - https:\/\/yoast.com\/wordpress\/plugins\/seo\/ -->\n<title>TRUUSK 3-delat Set Med V\u00e4xtst\u00e4ll - Metallv\u00e4xt Hylla - 3 Olika Stora Blomhyllor - F\u00f6r Inomhus och Utomhus - Bl\u00e5+Vit - TRUUSK - Hem, Tr\u00e4dg\u00e5rd &amp; Fritid<\/title>\n<meta name=\"robots\" content=\"index, follow, max-snippet:-1, max-image-preview:large, max-video-preview:-1\" \/>\n<link rel=\"canonical\" href=\"https:\/\/truusk.store\/sv\/produkt\/truusk-3-delat-set-med-vaxtstall-metallvaxt-hylla-3-olika-stora-blomhyllor-for-inomhus-och-utomhus-blavit\/\" \/>\n<meta property=\"og:locale\" content=\"sv_SE\" \/>\n<meta property=\"og:type\" content=\"article\" \/>\n<meta property=\"og:title\" content=\"TRUUSK 3-delat Set Med V\u00e4xtst\u00e4ll - Metallv\u00e4xt Hylla - 3 Olika Stora Blomhyllor - F\u00f6r Inomhus och Utomhus - Bl\u00e5+Vit - TRUUSK - Hem, Tr\u00e4dg\u00e5rd &amp; Fritid\" \/>\n<meta property=\"og:description\" content=\"Ge liv \u00e5t din omgivning med TRUUSK blomsterhyllor f\u00f6r balkong, tillg\u00e4ngliga i tre storlekar f\u00f6r m\u00e5ngsidiga placeringsm\u00f6jligheter. Pryd varje rum...\" \/>\n<meta property=\"og:url\" content=\"https:\/\/truusk.store\/sv\/produkt\/truusk-3-delat-set-med-vaxtstall-metallvaxt-hylla-3-olika-stora-blomhyllor-for-inomhus-och-utomhus-blavit\/\" \/>\n<meta property=\"og:site_name\" content=\"TRUUSK - Hem, Tr\u00e4dg\u00e5rd &amp; Fritid\" \/>\n<meta property=\"article:modified_time\" content=\"2026-03-12T08:47:06+00:00\" \/>\n<meta property=\"og:image\" content=\"https:\/\/i0.wp.com\/truusk.se\/wp-content\/uploads\/2025\/06\/3-delat-set-med-vaxtstall-71-cm-hoga-blomstall-for-inomhus-metallvaxt-hylla-3-olika-stora-blomhyllor-blomkruka-stall-for-vardagsrum-tradgard-balkong-blavit-1.webp?fit=2000%2C2000&ssl=1\" \/>\n\t<meta property=\"og:image:width\" content=\"2000\" \/>\n\t<meta property=\"og:image:height\" content=\"2000\" \/>\n\t<meta property=\"og:image:type\" content=\"image\/webp\" \/>\n<meta name=\"twitter:card\" content=\"summary_large_image\" \/>\n<meta name=\"twitter:label1\" content=\"Ber\u00e4knad l\u00e4stid\" \/>\n\t<meta name=\"twitter:data1\" content=\"1 minut\" \/>\n<!-- \/ Yoast SEO plugin. -->","yoast_head_json":{"title":"TRUUSK 3-delat Set Med V\u00e4xtst\u00e4ll - Metallv\u00e4xt Hylla - 3 Olika Stora Blomhyllor - F\u00f6r Inomhus och Utomhus - Bl\u00e5+Vit - TRUUSK - Hem, Tr\u00e4dg\u00e5rd &amp; Fritid","robots":{"index":"index","follow":"follow","max-snippet":"max-snippet:-1","max-image-preview":"max-image-preview:large","max-video-preview":"max-video-preview:-1"},"canonical":"https:\/\/truusk.store\/sv\/produkt\/truusk-3-delat-set-med-vaxtstall-metallvaxt-hylla-3-olika-stora-blomhyllor-for-inomhus-och-utomhus-blavit\/","og_locale":"sv_SE","og_type":"article","og_title":"TRUUSK 3-delat Set Med V\u00e4xtst\u00e4ll - Metallv\u00e4xt Hylla - 3 Olika Stora Blomhyllor - F\u00f6r Inomhus och Utomhus - Bl\u00e5+Vit - TRUUSK - Hem, Tr\u00e4dg\u00e5rd &amp; Fritid","og_description":"Ge liv \u00e5t din omgivning med TRUUSK blomsterhyllor f\u00f6r balkong, tillg\u00e4ngliga i tre storlekar f\u00f6r m\u00e5ngsidiga placeringsm\u00f6jligheter. Pryd varje rum...","og_url":"https:\/\/truusk.store\/sv\/produkt\/truusk-3-delat-set-med-vaxtstall-metallvaxt-hylla-3-olika-stora-blomhyllor-for-inomhus-och-utomhus-blavit\/","og_site_name":"TRUUSK - Hem, Tr\u00e4dg\u00e5rd &amp; Fritid","article_modified_time":"2026-03-12T08:47:06+00:00","og_image":[{"width":2000,"height":2000,"url":"https:\/\/i0.wp.com\/truusk.se\/wp-content\/uploads\/2025\/06\/3-delat-set-med-vaxtstall-71-cm-hoga-blomstall-for-inomhus-metallvaxt-hylla-3-olika-stora-blomhyllor-blomkruka-stall-for-vardagsrum-tradgard-balkong-blavit-1.webp?fit=2000%2C2000&ssl=1","type":"image\/webp"}],"twitter_card":"summary_large_image","twitter_misc":{"Ber\u00e4knad l\u00e4stid":"1 minut"},"schema":{"@context":"https:\/\/schema.org","@graph":[{"@type":"WebPage","@id":"https:\/\/truusk.store\/sv\/produkt\/truusk-3-delat-set-med-vaxtstall-metallvaxt-hylla-3-olika-stora-blomhyllor-for-inomhus-och-utomhus-blavit\/","url":"https:\/\/truusk.store\/sv\/produkt\/truusk-3-delat-set-med-vaxtstall-metallvaxt-hylla-3-olika-stora-blomhyllor-for-inomhus-och-utomhus-blavit\/","name":"TRUUSK 3-delat Set Med V\u00e4xtst\u00e4ll - Metallv\u00e4xt Hylla - 3 Olika Stora Blomhyllor - F\u00f6r Inomhus och Utomhus - Bl\u00e5+Vit - TRUUSK - Hem, Tr\u00e4dg\u00e5rd &amp; Fritid","isPartOf":{"@id":"https:\/\/truusk.store\/sv\/#website"},"primaryImageOfPage":{"@id":"https:\/\/truusk.store\/sv\/produkt\/truusk-3-delat-set-med-vaxtstall-metallvaxt-hylla-3-olika-stora-blomhyllor-for-inomhus-och-utomhus-blavit\/#primaryimage"},"image":{"@id":"https:\/\/truusk.store\/sv\/produkt\/truusk-3-delat-set-med-vaxtstall-metallvaxt-hylla-3-olika-stora-blomhyllor-for-inomhus-och-utomhus-blavit\/#primaryimage"},"thumbnailUrl":"https:\/\/i0.wp.com\/truusk.store\/wp-content\/uploads\/2025\/06\/3-delat-set-med-vaxtstall-71-cm-hoga-blomstall-for-inomhus-metallvaxt-hylla-3-olika-stora-blomhyllor-blomkruka-stall-for-vardagsrum-tradgard-balkong-blavit-1.webp?fit=2000%2C2000&ssl=1","datePublished":"2025-06-05T18:31:47+00:00","dateModified":"2026-03-12T08:47:06+00:00","breadcrumb":{"@id":"https:\/\/truusk.store\/sv\/produkt\/truusk-3-delat-set-med-vaxtstall-metallvaxt-hylla-3-olika-stora-blomhyllor-for-inomhus-och-utomhus-blavit\/#breadcrumb"},"inLanguage":"sv-SE","potentialAction":[{"@type":"ReadAction","target":["https:\/\/truusk.store\/sv\/produkt\/truusk-3-delat-set-med-vaxtstall-metallvaxt-hylla-3-olika-stora-blomhyllor-for-inomhus-och-utomhus-blavit\/"]}]},{"@type":"ImageObject","inLanguage":"sv-SE","@id":"https:\/\/truusk.store\/sv\/produkt\/truusk-3-delat-set-med-vaxtstall-metallvaxt-hylla-3-olika-stora-blomhyllor-for-inomhus-och-utomhus-blavit\/#primaryimage","url":"https:\/\/i0.wp.com\/truusk.store\/wp-content\/uploads\/2025\/06\/3-delat-set-med-vaxtstall-71-cm-hoga-blomstall-for-inomhus-metallvaxt-hylla-3-olika-stora-blomhyllor-blomkruka-stall-for-vardagsrum-tradgard-balkong-blavit-1.webp?fit=2000%2C2000&ssl=1","contentUrl":"https:\/\/i0.wp.com\/truusk.store\/wp-content\/uploads\/2025\/06\/3-delat-set-med-vaxtstall-71-cm-hoga-blomstall-for-inomhus-metallvaxt-hylla-3-olika-stora-blomhyllor-blomkruka-stall-for-vardagsrum-tradgard-balkong-blavit-1.webp?fit=2000%2C2000&ssl=1","width":2000,"height":2000},{"@type":"BreadcrumbList","@id":"https:\/\/truusk.store\/sv\/produkt\/truusk-3-delat-set-med-vaxtstall-metallvaxt-hylla-3-olika-stora-blomhyllor-for-inomhus-och-utomhus-blavit\/#breadcrumb","itemListElement":[{"@type":"ListItem","position":1,"name":"Home","item":"https:\/\/truusk.store\/sv\/"},{"@type":"ListItem","position":2,"name":"Shop","item":"https:\/\/truusk.store\/shop\/"},{"@type":"ListItem","position":3,"name":"TRUUSK 3-delat Set Med V\u00e4xtst\u00e4ll &#8211; Metallv\u00e4xt Hylla &#8211; 3 Olika Stora Blomhyllor &#8211; F\u00f6r Inomhus och Utomhus &#8211; Bl\u00e5+Vit"}]},{"@type":"WebSite","@id":"https:\/\/truusk.store\/sv\/#website","url":"https:\/\/truusk.store\/sv\/","name":"TRUUSK - Hem, Tr\u00e4dg\u00e5rd & Fritid","description":"","publisher":{"@id":"https:\/\/truusk.store\/sv\/#organization"},"potentialAction":[{"@type":"SearchAction","target":{"@type":"EntryPoint","urlTemplate":"https:\/\/truusk.store\/sv\/?s={search_term_string}"},"query-input":{"@type":"PropertyValueSpecification","valueRequired":true,"valueName":"search_term_string"}}],"inLanguage":"sv-SE"},{"@type":"Organization","@id":"https:\/\/truusk.store\/sv\/#organization","name":"TRUUSK - Hem, Tr\u00e4dg\u00e5rd & Fritid","url":"https:\/\/truusk.store\/sv\/","logo":{"@type":"ImageObject","inLanguage":"sv-SE","@id":"https:\/\/truusk.store\/sv\/#\/schema\/logo\/image\/","url":"https:\/\/i0.wp.com\/truusk.store\/wp-content\/uploads\/2026\/03\/cropped-TRUUSK.png?fit=2032%2C917&ssl=1","contentUrl":"https:\/\/i0.wp.com\/truusk.store\/wp-content\/uploads\/2026\/03\/cropped-TRUUSK.png?fit=2032%2C917&ssl=1","width":2032,"height":917,"caption":"TRUUSK - Hem, Tr\u00e4dg\u00e5rd & Fritid"},"image":{"@id":"https:\/\/truusk.store\/sv\/#\/schema\/logo\/image\/"}}]}},"jetpack_sharing_enabled":true,"_links":{"self":[{"href":"https:\/\/truusk.store\/sv\/wp-json\/wp\/v2\/product\/70477","targetHints":{"allow":["GET"]}}],"collection":[{"href":"https:\/\/truusk.store\/sv\/wp-json\/wp\/v2\/product"}],"about":[{"href":"https:\/\/truusk.store\/sv\/wp-json\/wp\/v2\/types\/product"}],"wp:featuredmedia":[{"embeddable":true,"href":"https:\/\/truusk.store\/sv\/wp-json\/wp\/v2\/media\/70468"}],"wp:attachment":[{"href":"https:\/\/truusk.store\/sv\/wp-json\/wp\/v2\/media?parent=70477"}],"wp:term":[{"taxonomy":"product_brand","embeddable":true,"href":"https:\/\/truusk.store\/sv\/wp-json\/wp\/v2\/product_brand?post=70477"},{"taxonomy":"product_cat","embeddable":true,"href":"https:\/\/truusk.store\/sv\/wp-json\/wp\/v2\/product_cat?post=70477"},{"taxonomy":"product_tag","embeddable":true,"href":"https:\/\/truusk.store\/sv\/wp-json\/wp\/v2\/product_tag?post=70477"}],"curies":[{"name":"wp","href":"https:\/\/api.w.org\/{rel}","templated":true}]}}