{"id":70487,"date":"2025-06-05T19:32:46","date_gmt":"2025-06-05T18:32:46","guid":{"rendered":"https:\/\/truusk.store\/product\/parasoll-alu-o-260-cm-solparasoll-vattentat-vevparasoll-med-stativ-vev-vindskydd-lutbar-marknadsparasoll-lutbar-tradgardsparasoll-solskydd-for-balkong-tradgard-terrass-beige\/"},"modified":"2026-03-12T08:41:22","modified_gmt":"2026-03-12T07:41:22","slug":"truusk-parasoll-alu-o-260-cm-vattentat-vevparasoll-med-stativ-vindskydd-lutbar-marknadsparasoll-tradgardsparasoll","status":"publish","type":"product","link":"https:\/\/truusk.store\/sv\/produkt\/truusk-parasoll-alu-o-260-cm-vattentat-vevparasoll-med-stativ-vindskydd-lutbar-marknadsparasoll-tradgardsparasoll\/","title":{"rendered":"TRUUSK Parasoll Alu \u00d8 260 cm &#8211; Vattent\u00e4t Vevparasoll med Stativ &#8211; Vindskydd &#8211; Lutbar Marknadsparasoll &#8211; Tr\u00e4dg\u00e5rdsparasoll &#8211;"},"content":{"rendered":"<p>Upplev n\u00f6jet med avkopplande timmar utomhus under TRUUSK Patio Offset balkongparasollet. Tack vare dess frist\u00e5ende konstruktion erbjuder detta parasol mycket utrymme vid bordet och skyddar dig p\u00e5litligt med starka glasfiberribbor och en justerbar baldakinvinkel. Med det praktiska vevhandtaget kan solparasollet enkelt \u00f6ppnas och st\u00e4ngas, s\u00e5 att du kan njuta av stabil, luftig skugga hela tiden. Ett oumb\u00e4rligt tillbeh\u00f6r f\u00f6r alla tr\u00e4dg\u00e5rds- eller uteplatsinst\u00e4llningar!<\/p>\n<p>Beskrivning:<\/p>\n<ul>\n<li> \u00c5tta glasfiberribbor och en belagd metallmast p\u00e5 solparasollet \u00f6kar h\u00e5llbarheten<\/li>\n<li> Justerbar parasolvinkel anpassar skuggan efter \u00f6nskem\u00e5l<\/li>\n<li> Vevhandtag f\u00f6r enkel och snabb hantering av solparasollet<\/li>\n<li> \u00d6vre ventilationsventil fr\u00e4mjar luftfl\u00f6det och f\u00f6rb\u00e4ttrar stabiliteten<\/li>\n<li> Inklusive korsbas, vikter s\u00e4ljs separat<\/li>\n<li> Cantilever Offset p\u00e5 parasollet ger mer utrymme p\u00e5 bordet<\/li>\n<li> Montering kr\u00e4vs, monteringsanvisningar medf\u00f6ljer.<\/li>\n<\/ul>\n<p> Tekniska data:<\/p>\n<ul>\n<li> F\u00e4rg: Beige<\/li>\n<li> Material: Metall, glasfiber, polyester<\/li>\n<li> Totala dimensioner: 304L x 260B x 245H cm<\/li>\n<li> Parasoldimension: 260L x 260B, 184H cm (fr\u00e5n marken)<\/li>\n<li> Korsbasstorlek: 100L x 100B x 70H cm (totalt), 100L x 90B x 4,2H cm (enskild)<\/li>\n<li> Notera: 1, Kr\u00e4ver 60 kg vikt (ing\u00e5r ej).2, F\u00f6r att beh\u00e5lla parasollets skick, anv\u00e4nd inte parasollet vid extremt v\u00e4der (stark vind, regn, sn\u00f6)<\/li>\n<\/ul>\n<p>Leveransinneh\u00e5ll:<\/p>\n<ul>\n<li> 1 x Parasol<\/li>\n<li> 1 x Korsfot<\/li>\n<li> 1 x Bruksanvisning<\/li>\n<\/ul>\n","protected":false},"excerpt":{"rendered":"<p>Upplev n\u00f6jet med avkopplande timmar utomhus under TRUUSK Patio Offset balkongparasollet. Tack vare dess frist\u00e5ende konstruktion erbjuder detta parasol mycket&#8230;<\/p>\n","protected":false},"featured_media":70478,"template":"","meta":[],"product_brand":[],"product_cat":[472,862,858],"product_tag":[],"class_list":{"0":"post-70487","1":"product","2":"type-product","3":"status-publish","4":"has-post-thumbnail","6":"product_cat-parasoller","7":"product_cat-sol-insynsskydd","8":"product_cat-tradgard-terrass","10":"first","11":"instock","12":"sale","13":"taxable","14":"shipping-taxable","15":"purchasable","16":"product-type-simple"},"yoast_head":"<!-- This site is optimized with the Yoast SEO plugin v25.4 - https:\/\/yoast.com\/wordpress\/plugins\/seo\/ -->\n<title>TRUUSK Parasoll Alu \u00d8 260 cm - Vattent\u00e4t Vevparasoll med Stativ - Vindskydd - Lutbar Marknadsparasoll - Tr\u00e4dg\u00e5rdsparasoll - TRUUSK - Hem, Tr\u00e4dg\u00e5rd &amp; Fritid<\/title>\n<meta name=\"robots\" content=\"index, follow, max-snippet:-1, max-image-preview:large, max-video-preview:-1\" \/>\n<link rel=\"canonical\" href=\"https:\/\/truusk.store\/sv\/produkt\/truusk-parasoll-alu-o-260-cm-vattentat-vevparasoll-med-stativ-vindskydd-lutbar-marknadsparasoll-tradgardsparasoll\/\" \/>\n<meta property=\"og:locale\" content=\"sv_SE\" \/>\n<meta property=\"og:type\" content=\"article\" \/>\n<meta property=\"og:title\" content=\"TRUUSK Parasoll Alu \u00d8 260 cm - Vattent\u00e4t Vevparasoll med Stativ - Vindskydd - Lutbar Marknadsparasoll - Tr\u00e4dg\u00e5rdsparasoll - TRUUSK - Hem, Tr\u00e4dg\u00e5rd &amp; Fritid\" \/>\n<meta property=\"og:description\" content=\"Upplev n\u00f6jet med avkopplande timmar utomhus under TRUUSK Patio Offset balkongparasollet. Tack vare dess frist\u00e5ende konstruktion erbjuder detta parasol mycket...\" \/>\n<meta property=\"og:url\" content=\"https:\/\/truusk.store\/sv\/produkt\/truusk-parasoll-alu-o-260-cm-vattentat-vevparasoll-med-stativ-vindskydd-lutbar-marknadsparasoll-tradgardsparasoll\/\" \/>\n<meta property=\"og:site_name\" content=\"TRUUSK - Hem, Tr\u00e4dg\u00e5rd &amp; Fritid\" \/>\n<meta property=\"article:modified_time\" content=\"2026-03-12T07:41:22+00:00\" \/>\n<meta property=\"og:image\" content=\"https:\/\/i0.wp.com\/truusk.se\/wp-content\/uploads\/2025\/06\/parasoll-alu-o-260-cm-solparasoll-vattentat-vevparasoll-med-stativ-vev-vindskydd-lutbar-marknadsparasoll-lutbar-tradgardsparasoll-solskydd-for-balkong-tradgard-terrass-beige-1.webp?fit=2000%2C2000&ssl=1\" \/>\n\t<meta property=\"og:image:width\" content=\"2000\" \/>\n\t<meta property=\"og:image:height\" content=\"2000\" \/>\n\t<meta property=\"og:image:type\" content=\"image\/webp\" \/>\n<meta name=\"twitter:card\" content=\"summary_large_image\" \/>\n<meta name=\"twitter:label1\" content=\"Ber\u00e4knad l\u00e4stid\" \/>\n\t<meta name=\"twitter:data1\" content=\"1 minut\" \/>\n<!-- \/ Yoast SEO plugin. -->","yoast_head_json":{"title":"TRUUSK Parasoll Alu \u00d8 260 cm - Vattent\u00e4t Vevparasoll med Stativ - Vindskydd - Lutbar Marknadsparasoll - Tr\u00e4dg\u00e5rdsparasoll - TRUUSK - Hem, Tr\u00e4dg\u00e5rd &amp; Fritid","robots":{"index":"index","follow":"follow","max-snippet":"max-snippet:-1","max-image-preview":"max-image-preview:large","max-video-preview":"max-video-preview:-1"},"canonical":"https:\/\/truusk.store\/sv\/produkt\/truusk-parasoll-alu-o-260-cm-vattentat-vevparasoll-med-stativ-vindskydd-lutbar-marknadsparasoll-tradgardsparasoll\/","og_locale":"sv_SE","og_type":"article","og_title":"TRUUSK Parasoll Alu \u00d8 260 cm - Vattent\u00e4t Vevparasoll med Stativ - Vindskydd - Lutbar Marknadsparasoll - Tr\u00e4dg\u00e5rdsparasoll - TRUUSK - Hem, Tr\u00e4dg\u00e5rd &amp; Fritid","og_description":"Upplev n\u00f6jet med avkopplande timmar utomhus under TRUUSK Patio Offset balkongparasollet. Tack vare dess frist\u00e5ende konstruktion erbjuder detta parasol mycket...","og_url":"https:\/\/truusk.store\/sv\/produkt\/truusk-parasoll-alu-o-260-cm-vattentat-vevparasoll-med-stativ-vindskydd-lutbar-marknadsparasoll-tradgardsparasoll\/","og_site_name":"TRUUSK - Hem, Tr\u00e4dg\u00e5rd &amp; Fritid","article_modified_time":"2026-03-12T07:41:22+00:00","og_image":[{"width":2000,"height":2000,"url":"https:\/\/i0.wp.com\/truusk.se\/wp-content\/uploads\/2025\/06\/parasoll-alu-o-260-cm-solparasoll-vattentat-vevparasoll-med-stativ-vev-vindskydd-lutbar-marknadsparasoll-lutbar-tradgardsparasoll-solskydd-for-balkong-tradgard-terrass-beige-1.webp?fit=2000%2C2000&ssl=1","type":"image\/webp"}],"twitter_card":"summary_large_image","twitter_misc":{"Ber\u00e4knad l\u00e4stid":"1 minut"},"schema":{"@context":"https:\/\/schema.org","@graph":[{"@type":"WebPage","@id":"https:\/\/truusk.store\/sv\/produkt\/truusk-parasoll-alu-o-260-cm-vattentat-vevparasoll-med-stativ-vindskydd-lutbar-marknadsparasoll-tradgardsparasoll\/","url":"https:\/\/truusk.store\/sv\/produkt\/truusk-parasoll-alu-o-260-cm-vattentat-vevparasoll-med-stativ-vindskydd-lutbar-marknadsparasoll-tradgardsparasoll\/","name":"TRUUSK Parasoll Alu \u00d8 260 cm - Vattent\u00e4t Vevparasoll med Stativ - Vindskydd - Lutbar Marknadsparasoll - Tr\u00e4dg\u00e5rdsparasoll - TRUUSK - Hem, Tr\u00e4dg\u00e5rd &amp; Fritid","isPartOf":{"@id":"https:\/\/truusk.store\/sv\/#website"},"primaryImageOfPage":{"@id":"https:\/\/truusk.store\/sv\/produkt\/truusk-parasoll-alu-o-260-cm-vattentat-vevparasoll-med-stativ-vindskydd-lutbar-marknadsparasoll-tradgardsparasoll\/#primaryimage"},"image":{"@id":"https:\/\/truusk.store\/sv\/produkt\/truusk-parasoll-alu-o-260-cm-vattentat-vevparasoll-med-stativ-vindskydd-lutbar-marknadsparasoll-tradgardsparasoll\/#primaryimage"},"thumbnailUrl":"https:\/\/i0.wp.com\/truusk.store\/wp-content\/uploads\/2025\/06\/parasoll-alu-o-260-cm-solparasoll-vattentat-vevparasoll-med-stativ-vev-vindskydd-lutbar-marknadsparasoll-lutbar-tradgardsparasoll-solskydd-for-balkong-tradgard-terrass-beige-1.webp?fit=2000%2C2000&ssl=1","datePublished":"2025-06-05T18:32:46+00:00","dateModified":"2026-03-12T07:41:22+00:00","breadcrumb":{"@id":"https:\/\/truusk.store\/sv\/produkt\/truusk-parasoll-alu-o-260-cm-vattentat-vevparasoll-med-stativ-vindskydd-lutbar-marknadsparasoll-tradgardsparasoll\/#breadcrumb"},"inLanguage":"sv-SE","potentialAction":[{"@type":"ReadAction","target":["https:\/\/truusk.store\/sv\/produkt\/truusk-parasoll-alu-o-260-cm-vattentat-vevparasoll-med-stativ-vindskydd-lutbar-marknadsparasoll-tradgardsparasoll\/"]}]},{"@type":"ImageObject","inLanguage":"sv-SE","@id":"https:\/\/truusk.store\/sv\/produkt\/truusk-parasoll-alu-o-260-cm-vattentat-vevparasoll-med-stativ-vindskydd-lutbar-marknadsparasoll-tradgardsparasoll\/#primaryimage","url":"https:\/\/i0.wp.com\/truusk.store\/wp-content\/uploads\/2025\/06\/parasoll-alu-o-260-cm-solparasoll-vattentat-vevparasoll-med-stativ-vev-vindskydd-lutbar-marknadsparasoll-lutbar-tradgardsparasoll-solskydd-for-balkong-tradgard-terrass-beige-1.webp?fit=2000%2C2000&ssl=1","contentUrl":"https:\/\/i0.wp.com\/truusk.store\/wp-content\/uploads\/2025\/06\/parasoll-alu-o-260-cm-solparasoll-vattentat-vevparasoll-med-stativ-vev-vindskydd-lutbar-marknadsparasoll-lutbar-tradgardsparasoll-solskydd-for-balkong-tradgard-terrass-beige-1.webp?fit=2000%2C2000&ssl=1","width":2000,"height":2000},{"@type":"BreadcrumbList","@id":"https:\/\/truusk.store\/sv\/produkt\/truusk-parasoll-alu-o-260-cm-vattentat-vevparasoll-med-stativ-vindskydd-lutbar-marknadsparasoll-tradgardsparasoll\/#breadcrumb","itemListElement":[{"@type":"ListItem","position":1,"name":"Home","item":"https:\/\/truusk.store\/sv\/"},{"@type":"ListItem","position":2,"name":"Shop","item":"https:\/\/truusk.store\/shop\/"},{"@type":"ListItem","position":3,"name":"TRUUSK Parasoll Alu \u00d8 260 cm &#8211; Vattent\u00e4t Vevparasoll med Stativ &#8211; Vindskydd &#8211; Lutbar Marknadsparasoll &#8211; Tr\u00e4dg\u00e5rdsparasoll &#8211;"}]},{"@type":"WebSite","@id":"https:\/\/truusk.store\/sv\/#website","url":"https:\/\/truusk.store\/sv\/","name":"TRUUSK - Hem, Tr\u00e4dg\u00e5rd & Fritid","description":"","publisher":{"@id":"https:\/\/truusk.store\/sv\/#organization"},"potentialAction":[{"@type":"SearchAction","target":{"@type":"EntryPoint","urlTemplate":"https:\/\/truusk.store\/sv\/?s={search_term_string}"},"query-input":{"@type":"PropertyValueSpecification","valueRequired":true,"valueName":"search_term_string"}}],"inLanguage":"sv-SE"},{"@type":"Organization","@id":"https:\/\/truusk.store\/sv\/#organization","name":"TRUUSK - Hem, Tr\u00e4dg\u00e5rd & Fritid","url":"https:\/\/truusk.store\/sv\/","logo":{"@type":"ImageObject","inLanguage":"sv-SE","@id":"https:\/\/truusk.store\/sv\/#\/schema\/logo\/image\/","url":"https:\/\/i0.wp.com\/truusk.store\/wp-content\/uploads\/2026\/03\/cropped-TRUUSK.png?fit=2032%2C917&ssl=1","contentUrl":"https:\/\/i0.wp.com\/truusk.store\/wp-content\/uploads\/2026\/03\/cropped-TRUUSK.png?fit=2032%2C917&ssl=1","width":2032,"height":917,"caption":"TRUUSK - Hem, Tr\u00e4dg\u00e5rd & Fritid"},"image":{"@id":"https:\/\/truusk.store\/sv\/#\/schema\/logo\/image\/"}}]}},"jetpack_sharing_enabled":true,"_links":{"self":[{"href":"https:\/\/truusk.store\/sv\/wp-json\/wp\/v2\/product\/70487","targetHints":{"allow":["GET"]}}],"collection":[{"href":"https:\/\/truusk.store\/sv\/wp-json\/wp\/v2\/product"}],"about":[{"href":"https:\/\/truusk.store\/sv\/wp-json\/wp\/v2\/types\/product"}],"wp:featuredmedia":[{"embeddable":true,"href":"https:\/\/truusk.store\/sv\/wp-json\/wp\/v2\/media\/70478"}],"wp:attachment":[{"href":"https:\/\/truusk.store\/sv\/wp-json\/wp\/v2\/media?parent=70487"}],"wp:term":[{"taxonomy":"product_brand","embeddable":true,"href":"https:\/\/truusk.store\/sv\/wp-json\/wp\/v2\/product_brand?post=70487"},{"taxonomy":"product_cat","embeddable":true,"href":"https:\/\/truusk.store\/sv\/wp-json\/wp\/v2\/product_cat?post=70487"},{"taxonomy":"product_tag","embeddable":true,"href":"https:\/\/truusk.store\/sv\/wp-json\/wp\/v2\/product_tag?post=70487"}],"curies":[{"name":"wp","href":"https:\/\/api.w.org\/{rel}","templated":true}]}}