{"id":70508,"date":"2025-06-05T19:35:00","date_gmt":"2025-06-05T18:35:00","guid":{"rendered":"https:\/\/truusk.store\/product\/parasollfot-fyllbar-upp-till-25-kg-kvadratisk-parasollhallare-parasollvikt-stativ-for-solparasoll-med-38-48mm-rordiameter-for-balkong-terrass-tradgard-svart\/"},"modified":"2026-03-12T08:41:01","modified_gmt":"2026-03-12T07:41:01","slug":"truusk-fyllbar-parasollfot-upp-till-25-kg-kvadratisk-parasollhallare-stativ-for-solparasoll-38-48mm-diameter-svart","status":"publish","type":"product","link":"https:\/\/truusk.store\/sv\/produkt\/truusk-fyllbar-parasollfot-upp-till-25-kg-kvadratisk-parasollhallare-stativ-for-solparasoll-38-48mm-diameter-svart\/","title":{"rendered":"TRUUSK Fyllbar Parasollfot &#8211; Upp till 25 kg &#8211; Kvadratisk Parasollh\u00e5llare &#8211; Stativ f\u00f6r Solparasoll &#8211; 38\/48mm Diameter &#8211; Svart &#8211;"},"content":{"rendered":"<p>S\u00e4kra din parasoll alltid p\u00e5litligt med TRUUSK fyllbara parasollst\u00e4ll. Tillverkad av robust, h\u00e5llbar HDPE-plast, kan parasollst\u00e4llet fyllas med sand eller vatten f\u00f6r att s\u00e4kerst\u00e4lla optimal stabilitet. Montering \u00e4r en barnlek tack vare det skruvbara mastdesignet. Med v\u00e5rt viktade parasollst\u00e4ll och en terrassparasoll skapar du enkelt din egen skuggoas.<\/p>\n<p>Beskrivning:<\/p>\n<ul>\n<li> Parasollst\u00e4ll l\u00e4mplig f\u00f6r tr\u00e4dg\u00e5rdsparasoller med en diameter under 2,8 m och en maststorlek p\u00e5 38 mm, 48 mm<\/li>\n<li> V\u00e4ger upp till 25 kg n\u00e4r den \u00e4r fylld med sand, 20 kg n\u00e4r den \u00e4r fylld med vatten<\/li>\n<li> Parasollst\u00e4llet \u00e4r tillverkat av \u00e5tervinningsbar och \u00e5ldersbest\u00e4ndig HDPE-plast f\u00f6r utomhusbruk<\/li>\n<li> Inneh\u00e5ller en handdriven l\u00e5sknapp f\u00f6r att s\u00e4kra din parasoll<\/li>\n<li> Parasollst\u00e4llet \u00e4r l\u00e4mpligt f\u00f6r anv\u00e4ndning i din tr\u00e4dg\u00e5rd, p\u00e5 din terrass, vid poolkanten eller andra utomhusomr\u00e5den<\/li>\n<li> Enkel montering kr\u00e4vs<\/li>\n<\/ul>\n<p> Tekniska data:<\/p>\n<ul>\n<li> F\u00e4rg: Svart<\/li>\n<li> Material: Plast<\/li>\n<li> Totala dimensioner: 45L x 45B x 25H cm<\/li>\n<li> Storlek p\u00e5 basen: 45L x 45B x 14H cm<\/li>\n<li> Vikt efter fyllning: Sand 25 kg, Vatten 20 kg<\/li>\n<li> Passar f\u00f6r parasollst\u00e5ng: \u00d838 mm, \u00d848 mm<\/li>\n<li> Passar f\u00f6r parasolldiameter: Under 2,8 m<\/li>\n<li> Notera: L\u00e4mplig f\u00f6r TRUUSK parasoller Parent SKUs: X-84D-018, v\u00e4nligen kontakta oss f\u00f6r produktl\u00e4nkar om det beh\u00f6vs.<\/li>\n<\/ul>\n<p>Leverans inneh\u00e5ller:<\/p>\n<ul>\n<li> 1 x Parasollst\u00e4ll<\/li>\n<li> 1 x Bruksanvisning<\/li>\n<\/ul>\n","protected":false},"excerpt":{"rendered":"<p>S\u00e4kra din parasoll alltid p\u00e5litligt med TRUUSK fyllbara parasollst\u00e4ll. Tillverkad av robust, h\u00e5llbar HDPE-plast, kan parasollst\u00e4llet fyllas med sand eller&#8230;<\/p>\n","protected":false},"featured_media":70498,"template":"","meta":[],"product_brand":[],"product_cat":[886,862,885,858],"product_tag":[],"class_list":{"0":"post-70508","1":"product","2":"type-product","3":"status-publish","4":"has-post-thumbnail","6":"product_cat-schirmstander","7":"product_cat-sol-insynsskydd","8":"product_cat-tillbehor-till-parasoller","9":"product_cat-tradgard-terrass","11":"first","12":"instock","13":"sale","14":"taxable","15":"shipping-taxable","16":"purchasable","17":"product-type-simple"},"yoast_head":"<!-- This site is optimized with the Yoast SEO plugin v25.4 - https:\/\/yoast.com\/wordpress\/plugins\/seo\/ -->\n<title>TRUUSK Fyllbar Parasollfot - Upp till 25 kg - Kvadratisk Parasollh\u00e5llare - Stativ f\u00f6r Solparasoll - 38\/48mm Diameter - Svart - TRUUSK - Hem, Tr\u00e4dg\u00e5rd &amp; Fritid<\/title>\n<meta name=\"robots\" content=\"index, follow, max-snippet:-1, max-image-preview:large, max-video-preview:-1\" \/>\n<link rel=\"canonical\" href=\"https:\/\/truusk.store\/sv\/produkt\/truusk-fyllbar-parasollfot-upp-till-25-kg-kvadratisk-parasollhallare-stativ-for-solparasoll-38-48mm-diameter-svart\/\" \/>\n<meta property=\"og:locale\" content=\"sv_SE\" \/>\n<meta property=\"og:type\" content=\"article\" \/>\n<meta property=\"og:title\" content=\"TRUUSK Fyllbar Parasollfot - Upp till 25 kg - Kvadratisk Parasollh\u00e5llare - Stativ f\u00f6r Solparasoll - 38\/48mm Diameter - Svart - TRUUSK - Hem, Tr\u00e4dg\u00e5rd &amp; Fritid\" \/>\n<meta property=\"og:description\" content=\"S\u00e4kra din parasoll alltid p\u00e5litligt med TRUUSK fyllbara parasollst\u00e4ll. Tillverkad av robust, h\u00e5llbar HDPE-plast, kan parasollst\u00e4llet fyllas med sand eller...\" \/>\n<meta property=\"og:url\" content=\"https:\/\/truusk.store\/sv\/produkt\/truusk-fyllbar-parasollfot-upp-till-25-kg-kvadratisk-parasollhallare-stativ-for-solparasoll-38-48mm-diameter-svart\/\" \/>\n<meta property=\"og:site_name\" content=\"TRUUSK - Hem, Tr\u00e4dg\u00e5rd &amp; Fritid\" \/>\n<meta property=\"article:modified_time\" content=\"2026-03-12T07:41:01+00:00\" \/>\n<meta property=\"og:image\" content=\"https:\/\/i0.wp.com\/truusk.se\/wp-content\/uploads\/2025\/06\/parasollfot-fyllbar-upp-till-25-kg-kvadratisk-parasollhallare-parasollvikt-stativ-for-solparasoll-med-38-48mm-rordiameter-for-balkong-terrass-tradgard-svart-1.webp?fit=2000%2C2000&ssl=1\" \/>\n\t<meta property=\"og:image:width\" content=\"2000\" \/>\n\t<meta property=\"og:image:height\" content=\"2000\" \/>\n\t<meta property=\"og:image:type\" content=\"image\/webp\" \/>\n<meta name=\"twitter:card\" content=\"summary_large_image\" \/>\n<meta name=\"twitter:label1\" content=\"Ber\u00e4knad l\u00e4stid\" \/>\n\t<meta name=\"twitter:data1\" content=\"1 minut\" \/>\n<!-- \/ Yoast SEO plugin. -->","yoast_head_json":{"title":"TRUUSK Fyllbar Parasollfot - Upp till 25 kg - Kvadratisk Parasollh\u00e5llare - Stativ f\u00f6r Solparasoll - 38\/48mm Diameter - Svart - TRUUSK - Hem, Tr\u00e4dg\u00e5rd &amp; Fritid","robots":{"index":"index","follow":"follow","max-snippet":"max-snippet:-1","max-image-preview":"max-image-preview:large","max-video-preview":"max-video-preview:-1"},"canonical":"https:\/\/truusk.store\/sv\/produkt\/truusk-fyllbar-parasollfot-upp-till-25-kg-kvadratisk-parasollhallare-stativ-for-solparasoll-38-48mm-diameter-svart\/","og_locale":"sv_SE","og_type":"article","og_title":"TRUUSK Fyllbar Parasollfot - Upp till 25 kg - Kvadratisk Parasollh\u00e5llare - Stativ f\u00f6r Solparasoll - 38\/48mm Diameter - Svart - TRUUSK - Hem, Tr\u00e4dg\u00e5rd &amp; Fritid","og_description":"S\u00e4kra din parasoll alltid p\u00e5litligt med TRUUSK fyllbara parasollst\u00e4ll. Tillverkad av robust, h\u00e5llbar HDPE-plast, kan parasollst\u00e4llet fyllas med sand eller...","og_url":"https:\/\/truusk.store\/sv\/produkt\/truusk-fyllbar-parasollfot-upp-till-25-kg-kvadratisk-parasollhallare-stativ-for-solparasoll-38-48mm-diameter-svart\/","og_site_name":"TRUUSK - Hem, Tr\u00e4dg\u00e5rd &amp; Fritid","article_modified_time":"2026-03-12T07:41:01+00:00","og_image":[{"width":2000,"height":2000,"url":"https:\/\/i0.wp.com\/truusk.se\/wp-content\/uploads\/2025\/06\/parasollfot-fyllbar-upp-till-25-kg-kvadratisk-parasollhallare-parasollvikt-stativ-for-solparasoll-med-38-48mm-rordiameter-for-balkong-terrass-tradgard-svart-1.webp?fit=2000%2C2000&ssl=1","type":"image\/webp"}],"twitter_card":"summary_large_image","twitter_misc":{"Ber\u00e4knad l\u00e4stid":"1 minut"},"schema":{"@context":"https:\/\/schema.org","@graph":[{"@type":"WebPage","@id":"https:\/\/truusk.store\/sv\/produkt\/truusk-fyllbar-parasollfot-upp-till-25-kg-kvadratisk-parasollhallare-stativ-for-solparasoll-38-48mm-diameter-svart\/","url":"https:\/\/truusk.store\/sv\/produkt\/truusk-fyllbar-parasollfot-upp-till-25-kg-kvadratisk-parasollhallare-stativ-for-solparasoll-38-48mm-diameter-svart\/","name":"TRUUSK Fyllbar Parasollfot - Upp till 25 kg - Kvadratisk Parasollh\u00e5llare - Stativ f\u00f6r Solparasoll - 38\/48mm Diameter - Svart - TRUUSK - Hem, Tr\u00e4dg\u00e5rd &amp; Fritid","isPartOf":{"@id":"https:\/\/truusk.store\/sv\/#website"},"primaryImageOfPage":{"@id":"https:\/\/truusk.store\/sv\/produkt\/truusk-fyllbar-parasollfot-upp-till-25-kg-kvadratisk-parasollhallare-stativ-for-solparasoll-38-48mm-diameter-svart\/#primaryimage"},"image":{"@id":"https:\/\/truusk.store\/sv\/produkt\/truusk-fyllbar-parasollfot-upp-till-25-kg-kvadratisk-parasollhallare-stativ-for-solparasoll-38-48mm-diameter-svart\/#primaryimage"},"thumbnailUrl":"https:\/\/i0.wp.com\/truusk.store\/wp-content\/uploads\/2025\/06\/parasollfot-fyllbar-upp-till-25-kg-kvadratisk-parasollhallare-parasollvikt-stativ-for-solparasoll-med-38-48mm-rordiameter-for-balkong-terrass-tradgard-svart-1.webp?fit=2000%2C2000&ssl=1","datePublished":"2025-06-05T18:35:00+00:00","dateModified":"2026-03-12T07:41:01+00:00","breadcrumb":{"@id":"https:\/\/truusk.store\/sv\/produkt\/truusk-fyllbar-parasollfot-upp-till-25-kg-kvadratisk-parasollhallare-stativ-for-solparasoll-38-48mm-diameter-svart\/#breadcrumb"},"inLanguage":"sv-SE","potentialAction":[{"@type":"ReadAction","target":["https:\/\/truusk.store\/sv\/produkt\/truusk-fyllbar-parasollfot-upp-till-25-kg-kvadratisk-parasollhallare-stativ-for-solparasoll-38-48mm-diameter-svart\/"]}]},{"@type":"ImageObject","inLanguage":"sv-SE","@id":"https:\/\/truusk.store\/sv\/produkt\/truusk-fyllbar-parasollfot-upp-till-25-kg-kvadratisk-parasollhallare-stativ-for-solparasoll-38-48mm-diameter-svart\/#primaryimage","url":"https:\/\/i0.wp.com\/truusk.store\/wp-content\/uploads\/2025\/06\/parasollfot-fyllbar-upp-till-25-kg-kvadratisk-parasollhallare-parasollvikt-stativ-for-solparasoll-med-38-48mm-rordiameter-for-balkong-terrass-tradgard-svart-1.webp?fit=2000%2C2000&ssl=1","contentUrl":"https:\/\/i0.wp.com\/truusk.store\/wp-content\/uploads\/2025\/06\/parasollfot-fyllbar-upp-till-25-kg-kvadratisk-parasollhallare-parasollvikt-stativ-for-solparasoll-med-38-48mm-rordiameter-for-balkong-terrass-tradgard-svart-1.webp?fit=2000%2C2000&ssl=1","width":2000,"height":2000},{"@type":"BreadcrumbList","@id":"https:\/\/truusk.store\/sv\/produkt\/truusk-fyllbar-parasollfot-upp-till-25-kg-kvadratisk-parasollhallare-stativ-for-solparasoll-38-48mm-diameter-svart\/#breadcrumb","itemListElement":[{"@type":"ListItem","position":1,"name":"Home","item":"https:\/\/truusk.store\/sv\/"},{"@type":"ListItem","position":2,"name":"Shop","item":"https:\/\/truusk.store\/shop\/"},{"@type":"ListItem","position":3,"name":"TRUUSK Fyllbar Parasollfot &#8211; Upp till 25 kg &#8211; Kvadratisk Parasollh\u00e5llare &#8211; Stativ f\u00f6r Solparasoll &#8211; 38\/48mm Diameter &#8211; Svart &#8211;"}]},{"@type":"WebSite","@id":"https:\/\/truusk.store\/sv\/#website","url":"https:\/\/truusk.store\/sv\/","name":"TRUUSK - Hem, Tr\u00e4dg\u00e5rd & Fritid","description":"","publisher":{"@id":"https:\/\/truusk.store\/sv\/#organization"},"potentialAction":[{"@type":"SearchAction","target":{"@type":"EntryPoint","urlTemplate":"https:\/\/truusk.store\/sv\/?s={search_term_string}"},"query-input":{"@type":"PropertyValueSpecification","valueRequired":true,"valueName":"search_term_string"}}],"inLanguage":"sv-SE"},{"@type":"Organization","@id":"https:\/\/truusk.store\/sv\/#organization","name":"TRUUSK - Hem, Tr\u00e4dg\u00e5rd & Fritid","url":"https:\/\/truusk.store\/sv\/","logo":{"@type":"ImageObject","inLanguage":"sv-SE","@id":"https:\/\/truusk.store\/sv\/#\/schema\/logo\/image\/","url":"https:\/\/i0.wp.com\/truusk.store\/wp-content\/uploads\/2026\/03\/cropped-TRUUSK.png?fit=2032%2C917&ssl=1","contentUrl":"https:\/\/i0.wp.com\/truusk.store\/wp-content\/uploads\/2026\/03\/cropped-TRUUSK.png?fit=2032%2C917&ssl=1","width":2032,"height":917,"caption":"TRUUSK - Hem, Tr\u00e4dg\u00e5rd & Fritid"},"image":{"@id":"https:\/\/truusk.store\/sv\/#\/schema\/logo\/image\/"}}]}},"jetpack_sharing_enabled":true,"_links":{"self":[{"href":"https:\/\/truusk.store\/sv\/wp-json\/wp\/v2\/product\/70508","targetHints":{"allow":["GET"]}}],"collection":[{"href":"https:\/\/truusk.store\/sv\/wp-json\/wp\/v2\/product"}],"about":[{"href":"https:\/\/truusk.store\/sv\/wp-json\/wp\/v2\/types\/product"}],"wp:featuredmedia":[{"embeddable":true,"href":"https:\/\/truusk.store\/sv\/wp-json\/wp\/v2\/media\/70498"}],"wp:attachment":[{"href":"https:\/\/truusk.store\/sv\/wp-json\/wp\/v2\/media?parent=70508"}],"wp:term":[{"taxonomy":"product_brand","embeddable":true,"href":"https:\/\/truusk.store\/sv\/wp-json\/wp\/v2\/product_brand?post=70508"},{"taxonomy":"product_cat","embeddable":true,"href":"https:\/\/truusk.store\/sv\/wp-json\/wp\/v2\/product_cat?post=70508"},{"taxonomy":"product_tag","embeddable":true,"href":"https:\/\/truusk.store\/sv\/wp-json\/wp\/v2\/product_tag?post=70508"}],"curies":[{"name":"wp","href":"https:\/\/api.w.org\/{rel}","templated":true}]}}