{"id":7052,"date":"2024-02-13T08:42:13","date_gmt":"2024-02-13T07:42:13","guid":{"rendered":"https:\/\/truusk.store\/product\/parasoll-fallbart-tradgardsparaply-strandparaply-3-niva-justerbart-grantra-polyester-vinrod-200-x-150-x-235-cm\/"},"modified":"2026-03-12T08:55:25","modified_gmt":"2026-03-12T07:55:25","slug":"truusk-parasoll-fallbart-tradgardsparaply-strandparaply-3-niva-justerbart-grantra-polyester-vinrod-200-x-150-x-235","status":"publish","type":"product","link":"https:\/\/truusk.store\/sv\/produkt\/truusk-parasoll-fallbart-tradgardsparaply-strandparaply-3-niva-justerbart-grantra-polyester-vinrod-200-x-150-x-235\/","title":{"rendered":"TRUUSK Parasoll &#8211; F\u00e4llbart Tr\u00e4dg\u00e5rdsparaply &#8211; Strandparaply &#8211; 3-niv\u00e5 Justerbart &#8211; Grantr\u00e4 + Polyester &#8211; Vinr\u00f6d &#8211; 200 x 150 x 235"},"content":{"rendered":"<p>Det rektangul\u00e4ra parasollet \u00e4r perfekt f\u00f6r din balkong, tr\u00e4dg\u00e5rd, terrass eller stranden. Mittst\u00e5ngen \u00e4r gjord av kraftigt grantr\u00e4 och har en lutningsanordning. Det betyder att du alltid kan anpassa parasollet efter solens l\u00e4ge och dina behov. Med detta praktiska och vackra parasoll kan du njuta av den varma \u00e5rstiden till fullo.<\/p>\n<h3>Beskrivning:<\/h3>\n<ul>\n<li>Parasoll med tippningsanordning f\u00f6r balkonger, tr\u00e4dg\u00e5rdar och terrasser<\/li>\n<li>Paraplyst\u00e5ng av grantr\u00e4, extremt robust<\/li>\n<li>6 st bambustag f\u00f6r h\u00f6g stabilitet<\/li>\n<li>Paraplyskydd av polyester, vattenavvisande och UV-best\u00e4ndigt<\/li>\n<li>Kabeldragsystem f\u00f6r enkel \u00f6ppning och st\u00e4ngning<\/li>\n<li>Du kan uppn\u00e5 ytterligare stabilitet, till exempel genom att anv\u00e4nda ett bord med parasollh\u00e5llare, ett stativ eller ett paraplyst\u00e4ll.<\/li>\n<\/ul>\n<h3>Teknisk data:<\/h3>\n<ul>\n<li>Material: grantr\u00e4 (paraplyst\u00e5ng), bambu (stag), polyester (180 g\/m)<\/li>\n<li>Storlek: L200 x B150 x H235 cm<\/li>\n<li>R\u00f6rdiameter: 38mm<\/li>\n<li>Antal str\u00e4vor: 6<\/li>\n<li>Vikt: ca 4,5 kg<\/li>\n<li>F\u00e4rg: vinr\u00f6d<\/li>\n<\/ul>\n<h3>Leveransens omfattning:<\/h3>\n<ul>\n<li>1 x Parasoll<\/li>\n<li>Observera: Paraplyst\u00e4ll ing\u00e5r inte<\/li>\n<\/ul>\n","protected":false},"excerpt":{"rendered":"<p>Det rektangul\u00e4ra parasollet \u00e4r perfekt f\u00f6r din balkong, tr\u00e4dg\u00e5rd, terrass eller stranden. Mittst\u00e5ngen \u00e4r gjord av kraftigt grantr\u00e4 och har&#8230;<\/p>\n","protected":false},"featured_media":7053,"template":"","meta":[],"product_brand":[],"product_cat":[472,471,435],"product_tag":[],"class_list":{"0":"post-7052","1":"product","2":"type-product","3":"status-publish","4":"has-post-thumbnail","6":"product_cat-parasoller","7":"product_cat-solskydd-integritetsskydd","8":"product_cat-tradgard-och-terrass","10":"first","11":"instock","12":"sale","13":"taxable","14":"shipping-taxable","15":"purchasable","16":"product-type-simple"},"yoast_head":"<!-- This site is optimized with the Yoast SEO plugin v25.4 - https:\/\/yoast.com\/wordpress\/plugins\/seo\/ -->\n<title>TRUUSK Parasoll - F\u00e4llbart Tr\u00e4dg\u00e5rdsparaply - Strandparaply - 3-niv\u00e5 Justerbart - Grantr\u00e4 + Polyester - Vinr\u00f6d - 200 x 150 x 235 - TRUUSK - Hem, Tr\u00e4dg\u00e5rd &amp; Fritid<\/title>\n<meta name=\"robots\" content=\"index, follow, max-snippet:-1, max-image-preview:large, max-video-preview:-1\" \/>\n<link rel=\"canonical\" href=\"https:\/\/truusk.store\/sv\/produkt\/truusk-parasoll-fallbart-tradgardsparaply-strandparaply-3-niva-justerbart-grantra-polyester-vinrod-200-x-150-x-235\/\" \/>\n<meta property=\"og:locale\" content=\"sv_SE\" \/>\n<meta property=\"og:type\" content=\"article\" \/>\n<meta property=\"og:title\" content=\"TRUUSK Parasoll - F\u00e4llbart Tr\u00e4dg\u00e5rdsparaply - Strandparaply - 3-niv\u00e5 Justerbart - Grantr\u00e4 + Polyester - Vinr\u00f6d - 200 x 150 x 235 - TRUUSK - Hem, Tr\u00e4dg\u00e5rd &amp; Fritid\" \/>\n<meta property=\"og:description\" content=\"Det rektangul\u00e4ra parasollet \u00e4r perfekt f\u00f6r din balkong, tr\u00e4dg\u00e5rd, terrass eller stranden. Mittst\u00e5ngen \u00e4r gjord av kraftigt grantr\u00e4 och har...\" \/>\n<meta property=\"og:url\" content=\"https:\/\/truusk.store\/sv\/produkt\/truusk-parasoll-fallbart-tradgardsparaply-strandparaply-3-niva-justerbart-grantra-polyester-vinrod-200-x-150-x-235\/\" \/>\n<meta property=\"og:site_name\" content=\"TRUUSK - Hem, Tr\u00e4dg\u00e5rd &amp; Fritid\" \/>\n<meta property=\"article:modified_time\" content=\"2026-03-12T07:55:25+00:00\" \/>\n<meta property=\"og:image\" content=\"https:\/\/i0.wp.com\/truusk.se\/wp-content\/uploads\/2024\/02\/parasoll-fallbart-tradgardsparaply-strandparaply-3-niva-justerbart-grantra-polyester-vinrod-200-x-150-x-235-cm.webp?fit=800%2C800&ssl=1\" \/>\n\t<meta property=\"og:image:width\" content=\"800\" \/>\n\t<meta property=\"og:image:height\" content=\"800\" \/>\n\t<meta property=\"og:image:type\" content=\"image\/webp\" \/>\n<meta name=\"twitter:card\" content=\"summary_large_image\" \/>\n<meta name=\"twitter:label1\" content=\"Ber\u00e4knad l\u00e4stid\" \/>\n\t<meta name=\"twitter:data1\" content=\"1 minut\" \/>\n<!-- \/ Yoast SEO plugin. -->","yoast_head_json":{"title":"TRUUSK Parasoll - F\u00e4llbart Tr\u00e4dg\u00e5rdsparaply - Strandparaply - 3-niv\u00e5 Justerbart - Grantr\u00e4 + Polyester - Vinr\u00f6d - 200 x 150 x 235 - TRUUSK - Hem, Tr\u00e4dg\u00e5rd &amp; Fritid","robots":{"index":"index","follow":"follow","max-snippet":"max-snippet:-1","max-image-preview":"max-image-preview:large","max-video-preview":"max-video-preview:-1"},"canonical":"https:\/\/truusk.store\/sv\/produkt\/truusk-parasoll-fallbart-tradgardsparaply-strandparaply-3-niva-justerbart-grantra-polyester-vinrod-200-x-150-x-235\/","og_locale":"sv_SE","og_type":"article","og_title":"TRUUSK Parasoll - F\u00e4llbart Tr\u00e4dg\u00e5rdsparaply - Strandparaply - 3-niv\u00e5 Justerbart - Grantr\u00e4 + Polyester - Vinr\u00f6d - 200 x 150 x 235 - TRUUSK - Hem, Tr\u00e4dg\u00e5rd &amp; Fritid","og_description":"Det rektangul\u00e4ra parasollet \u00e4r perfekt f\u00f6r din balkong, tr\u00e4dg\u00e5rd, terrass eller stranden. Mittst\u00e5ngen \u00e4r gjord av kraftigt grantr\u00e4 och har...","og_url":"https:\/\/truusk.store\/sv\/produkt\/truusk-parasoll-fallbart-tradgardsparaply-strandparaply-3-niva-justerbart-grantra-polyester-vinrod-200-x-150-x-235\/","og_site_name":"TRUUSK - Hem, Tr\u00e4dg\u00e5rd &amp; Fritid","article_modified_time":"2026-03-12T07:55:25+00:00","og_image":[{"width":800,"height":800,"url":"https:\/\/i0.wp.com\/truusk.se\/wp-content\/uploads\/2024\/02\/parasoll-fallbart-tradgardsparaply-strandparaply-3-niva-justerbart-grantra-polyester-vinrod-200-x-150-x-235-cm.webp?fit=800%2C800&ssl=1","type":"image\/webp"}],"twitter_card":"summary_large_image","twitter_misc":{"Ber\u00e4knad l\u00e4stid":"1 minut"},"schema":{"@context":"https:\/\/schema.org","@graph":[{"@type":"WebPage","@id":"https:\/\/truusk.store\/sv\/produkt\/truusk-parasoll-fallbart-tradgardsparaply-strandparaply-3-niva-justerbart-grantra-polyester-vinrod-200-x-150-x-235\/","url":"https:\/\/truusk.store\/sv\/produkt\/truusk-parasoll-fallbart-tradgardsparaply-strandparaply-3-niva-justerbart-grantra-polyester-vinrod-200-x-150-x-235\/","name":"TRUUSK Parasoll - F\u00e4llbart Tr\u00e4dg\u00e5rdsparaply - Strandparaply - 3-niv\u00e5 Justerbart - Grantr\u00e4 + Polyester - Vinr\u00f6d - 200 x 150 x 235 - TRUUSK - Hem, Tr\u00e4dg\u00e5rd &amp; Fritid","isPartOf":{"@id":"https:\/\/truusk.store\/sv\/#website"},"primaryImageOfPage":{"@id":"https:\/\/truusk.store\/sv\/produkt\/truusk-parasoll-fallbart-tradgardsparaply-strandparaply-3-niva-justerbart-grantra-polyester-vinrod-200-x-150-x-235\/#primaryimage"},"image":{"@id":"https:\/\/truusk.store\/sv\/produkt\/truusk-parasoll-fallbart-tradgardsparaply-strandparaply-3-niva-justerbart-grantra-polyester-vinrod-200-x-150-x-235\/#primaryimage"},"thumbnailUrl":"https:\/\/i0.wp.com\/truusk.store\/wp-content\/uploads\/2024\/02\/parasoll-fallbart-tradgardsparaply-strandparaply-3-niva-justerbart-grantra-polyester-vinrod-200-x-150-x-235-cm.webp?fit=800%2C800&ssl=1","datePublished":"2024-02-13T07:42:13+00:00","dateModified":"2026-03-12T07:55:25+00:00","breadcrumb":{"@id":"https:\/\/truusk.store\/sv\/produkt\/truusk-parasoll-fallbart-tradgardsparaply-strandparaply-3-niva-justerbart-grantra-polyester-vinrod-200-x-150-x-235\/#breadcrumb"},"inLanguage":"sv-SE","potentialAction":[{"@type":"ReadAction","target":["https:\/\/truusk.store\/sv\/produkt\/truusk-parasoll-fallbart-tradgardsparaply-strandparaply-3-niva-justerbart-grantra-polyester-vinrod-200-x-150-x-235\/"]}]},{"@type":"ImageObject","inLanguage":"sv-SE","@id":"https:\/\/truusk.store\/sv\/produkt\/truusk-parasoll-fallbart-tradgardsparaply-strandparaply-3-niva-justerbart-grantra-polyester-vinrod-200-x-150-x-235\/#primaryimage","url":"https:\/\/i0.wp.com\/truusk.store\/wp-content\/uploads\/2024\/02\/parasoll-fallbart-tradgardsparaply-strandparaply-3-niva-justerbart-grantra-polyester-vinrod-200-x-150-x-235-cm.webp?fit=800%2C800&ssl=1","contentUrl":"https:\/\/i0.wp.com\/truusk.store\/wp-content\/uploads\/2024\/02\/parasoll-fallbart-tradgardsparaply-strandparaply-3-niva-justerbart-grantra-polyester-vinrod-200-x-150-x-235-cm.webp?fit=800%2C800&ssl=1","width":800,"height":800,"caption":"Parasoll F\u00e4llbart Tr\u00e4dg\u00e5rdsparaply Strandparaply 3-niv\u00e5 Justerbart Grantr\u00e4 + Polyester Vinr\u00f6d 200 X 150 X 235 Cm 1"},{"@type":"BreadcrumbList","@id":"https:\/\/truusk.store\/sv\/produkt\/truusk-parasoll-fallbart-tradgardsparaply-strandparaply-3-niva-justerbart-grantra-polyester-vinrod-200-x-150-x-235\/#breadcrumb","itemListElement":[{"@type":"ListItem","position":1,"name":"Home","item":"https:\/\/truusk.store\/sv\/"},{"@type":"ListItem","position":2,"name":"Shop","item":"https:\/\/truusk.store\/shop\/"},{"@type":"ListItem","position":3,"name":"TRUUSK Parasoll &#8211; F\u00e4llbart Tr\u00e4dg\u00e5rdsparaply &#8211; Strandparaply &#8211; 3-niv\u00e5 Justerbart &#8211; Grantr\u00e4 + Polyester &#8211; Vinr\u00f6d &#8211; 200 x 150 x 235"}]},{"@type":"WebSite","@id":"https:\/\/truusk.store\/sv\/#website","url":"https:\/\/truusk.store\/sv\/","name":"TRUUSK - Hem, Tr\u00e4dg\u00e5rd & Fritid","description":"","publisher":{"@id":"https:\/\/truusk.store\/sv\/#organization"},"potentialAction":[{"@type":"SearchAction","target":{"@type":"EntryPoint","urlTemplate":"https:\/\/truusk.store\/sv\/?s={search_term_string}"},"query-input":{"@type":"PropertyValueSpecification","valueRequired":true,"valueName":"search_term_string"}}],"inLanguage":"sv-SE"},{"@type":"Organization","@id":"https:\/\/truusk.store\/sv\/#organization","name":"TRUUSK - Hem, Tr\u00e4dg\u00e5rd & Fritid","url":"https:\/\/truusk.store\/sv\/","logo":{"@type":"ImageObject","inLanguage":"sv-SE","@id":"https:\/\/truusk.store\/sv\/#\/schema\/logo\/image\/","url":"https:\/\/i0.wp.com\/truusk.store\/wp-content\/uploads\/2026\/03\/cropped-TRUUSK.png?fit=2032%2C917&ssl=1","contentUrl":"https:\/\/i0.wp.com\/truusk.store\/wp-content\/uploads\/2026\/03\/cropped-TRUUSK.png?fit=2032%2C917&ssl=1","width":2032,"height":917,"caption":"TRUUSK - Hem, Tr\u00e4dg\u00e5rd & Fritid"},"image":{"@id":"https:\/\/truusk.store\/sv\/#\/schema\/logo\/image\/"}}]}},"jetpack_sharing_enabled":true,"_links":{"self":[{"href":"https:\/\/truusk.store\/sv\/wp-json\/wp\/v2\/product\/7052","targetHints":{"allow":["GET"]}}],"collection":[{"href":"https:\/\/truusk.store\/sv\/wp-json\/wp\/v2\/product"}],"about":[{"href":"https:\/\/truusk.store\/sv\/wp-json\/wp\/v2\/types\/product"}],"wp:featuredmedia":[{"embeddable":true,"href":"https:\/\/truusk.store\/sv\/wp-json\/wp\/v2\/media\/7053"}],"wp:attachment":[{"href":"https:\/\/truusk.store\/sv\/wp-json\/wp\/v2\/media?parent=7052"}],"wp:term":[{"taxonomy":"product_brand","embeddable":true,"href":"https:\/\/truusk.store\/sv\/wp-json\/wp\/v2\/product_brand?post=7052"},{"taxonomy":"product_cat","embeddable":true,"href":"https:\/\/truusk.store\/sv\/wp-json\/wp\/v2\/product_cat?post=7052"},{"taxonomy":"product_tag","embeddable":true,"href":"https:\/\/truusk.store\/sv\/wp-json\/wp\/v2\/product_tag?post=7052"}],"curies":[{"name":"wp","href":"https:\/\/api.w.org\/{rel}","templated":true}]}}