{"id":70567,"date":"2025-06-05T19:40:53","date_gmt":"2025-06-05T18:40:53","guid":{"rendered":"https:\/\/truusk.store\/product\/pergola-3x3m-tradgardspaviljong-terrasstak-av-metall-tradgardspaviljong-med-justerbart-tak-uv-skydd-30-fristaende-solskydd-for-terrass-och-tradgard-morkgra\/"},"modified":"2026-03-12T09:46:41","modified_gmt":"2026-03-12T08:46:41","slug":"truusk-pergola-3x3m-tradgardspaviljong-metallkonstruktion-justerbart-tak-uv-skydd-30-fristaende-solskydd-morkgra","status":"publish","type":"product","link":"https:\/\/truusk.store\/sv\/produkt\/truusk-pergola-3x3m-tradgardspaviljong-metallkonstruktion-justerbart-tak-uv-skydd-30-fristaende-solskydd-morkgra\/","title":{"rendered":"TRUUSK Pergola 3x3m Tr\u00e4dg\u00e5rdspaviljong &#8211; Metallkonstruktion &#8211; Justerbart Tak &#8211; UV-skydd 30+ &#8211; Frist\u00e5ende Solskydd &#8211; M\u00f6rkgr\u00e5"},"content":{"rendered":"<p>Upplev m\u00e5ngsidigheten av utomhuslivet med den utdragbara paviljongen med skjuttak fr\u00e5n TRUUSK. Denna pergola erbjuder ett retraktabelt tak som kan anpassas efter solinstr\u00e5lningen, utrustad med magneter f\u00f6r en fast f\u00f6rslutning samt avloppsh\u00e5l mot vattenansamlingar. Det UV-resistenta tyget p\u00e5 carporten med UPF30+ skydd lovar l\u00e5ngvarig utomhusgl\u00e4dje.<\/p>\n<p>Beskrivning:<\/p>\n<ul>\n<li> Det retraktabla terrasstaket kan justeras efter sol- eller skuggpreferenser<\/li>\n<li> Magnetiska f\u00e4sten h\u00e5ller terrasstaket s\u00e4kert st\u00e4ngt<\/li>\n<li> \u00d6glor m\u00f6jligg\u00f6r vattenavlopp<\/li>\n<li> Blekningsresistent, UPF30+ tyg skyddar mot UV-str\u00e5lar<\/li>\n<li> M\u00e5ngsidig design av terrasstaket passar till alla utomhusdekorationer<\/li>\n<li> Robust metall med pulverlackering garanterar h\u00e5llbarhet<\/li>\n<li> Inneh\u00e5ller t\u00e4ltspikar och skruvar f\u00f6r en stabil installation<\/li>\n<li> V\u00e4nligen dra in taket vid stormar f\u00f6r att undvika vattenansamlingar. Det rekommenderas att tv\u00e5 personer utf\u00f6r montering och installation<\/li>\n<\/ul>\n<p> Tekniska data:<\/p>\n<ul>\n<li> F\u00e4rg: M\u00f6rkgr\u00e5<\/li>\n<li> Material: Polyester, Metall<\/li>\n<li> Totala dimensioner: 300L x 300B x 227H cm<\/li>\n<li> Kolonnavst\u00e5nd: 250L x 250B cm<\/li>\n<li> Kolonnstorlek: 60L x 60B mm<\/li>\n<li> Vindt\u00e5lighet: 4-5 (med st\u00f6dstolpar), 5-6 (med ankarskruvar)<\/li>\n<li> Sn\u00f6belastning: 5 kg\/m\u00b2<\/li>\n<\/ul>\n<p>Leveransinneh\u00e5ll:<\/p>\n<ul>\n<li> 1 x Metallpergola<\/li>\n<li> 8 x Markspik<\/li>\n<li> 8 x Plugg<\/li>\n<li> 1 x Handbok<\/li>\n<\/ul>\n","protected":false},"excerpt":{"rendered":"<p>Upplev m\u00e5ngsidigheten av utomhuslivet med den utdragbara paviljongen med skjuttak fr\u00e5n TRUUSK. Denna pergola erbjuder ett retraktabelt tak som kan&#8230;<\/p>\n","protected":false},"featured_media":70558,"template":"","meta":[],"product_brand":[],"product_cat":[478,858,476],"product_tag":[],"class_list":{"0":"post-70567","1":"product","2":"type-product","3":"status-publish","4":"has-post-thumbnail","6":"product_cat-pergola","7":"product_cat-tradgard-terrass","8":"product_cat-tradgardspaviljonger","10":"first","11":"instock","12":"sale","13":"taxable","14":"shipping-taxable","15":"purchasable","16":"product-type-simple"},"yoast_head":"<!-- This site is optimized with the Yoast SEO plugin v25.4 - https:\/\/yoast.com\/wordpress\/plugins\/seo\/ -->\n<title>TRUUSK Pergola 3x3m Tr\u00e4dg\u00e5rdspaviljong - Metallkonstruktion - Justerbart Tak - UV-skydd 30+ - Frist\u00e5ende Solskydd - M\u00f6rkgr\u00e5 - TRUUSK - Hem, Tr\u00e4dg\u00e5rd &amp; Fritid<\/title>\n<meta name=\"robots\" content=\"index, follow, max-snippet:-1, max-image-preview:large, max-video-preview:-1\" \/>\n<link rel=\"canonical\" href=\"https:\/\/truusk.store\/sv\/produkt\/truusk-pergola-3x3m-tradgardspaviljong-metallkonstruktion-justerbart-tak-uv-skydd-30-fristaende-solskydd-morkgra\/\" \/>\n<meta property=\"og:locale\" content=\"sv_SE\" \/>\n<meta property=\"og:type\" content=\"article\" \/>\n<meta property=\"og:title\" content=\"TRUUSK Pergola 3x3m Tr\u00e4dg\u00e5rdspaviljong - Metallkonstruktion - Justerbart Tak - UV-skydd 30+ - Frist\u00e5ende Solskydd - M\u00f6rkgr\u00e5 - TRUUSK - Hem, Tr\u00e4dg\u00e5rd &amp; Fritid\" \/>\n<meta property=\"og:description\" content=\"Upplev m\u00e5ngsidigheten av utomhuslivet med den utdragbara paviljongen med skjuttak fr\u00e5n TRUUSK. Denna pergola erbjuder ett retraktabelt tak som kan...\" \/>\n<meta property=\"og:url\" content=\"https:\/\/truusk.store\/sv\/produkt\/truusk-pergola-3x3m-tradgardspaviljong-metallkonstruktion-justerbart-tak-uv-skydd-30-fristaende-solskydd-morkgra\/\" \/>\n<meta property=\"og:site_name\" content=\"TRUUSK - Hem, Tr\u00e4dg\u00e5rd &amp; Fritid\" \/>\n<meta property=\"article:modified_time\" content=\"2026-03-12T08:46:41+00:00\" \/>\n<meta property=\"og:image\" content=\"https:\/\/i0.wp.com\/truusk.se\/wp-content\/uploads\/2025\/06\/pergola-3x3m-tradgardspaviljong-terrasstak-av-metall-tradgardspaviljong-med-justerbart-tak-uv-skydd-30-fristaende-solskydd-for-terrass-och-tradgard-morkgra-1.webp?fit=2000%2C2000&ssl=1\" \/>\n\t<meta property=\"og:image:width\" content=\"2000\" \/>\n\t<meta property=\"og:image:height\" content=\"2000\" \/>\n\t<meta property=\"og:image:type\" content=\"image\/webp\" \/>\n<meta name=\"twitter:card\" content=\"summary_large_image\" \/>\n<meta name=\"twitter:label1\" content=\"Ber\u00e4knad l\u00e4stid\" \/>\n\t<meta name=\"twitter:data1\" content=\"1 minut\" \/>\n<!-- \/ Yoast SEO plugin. -->","yoast_head_json":{"title":"TRUUSK Pergola 3x3m Tr\u00e4dg\u00e5rdspaviljong - Metallkonstruktion - Justerbart Tak - UV-skydd 30+ - Frist\u00e5ende Solskydd - M\u00f6rkgr\u00e5 - TRUUSK - Hem, Tr\u00e4dg\u00e5rd &amp; Fritid","robots":{"index":"index","follow":"follow","max-snippet":"max-snippet:-1","max-image-preview":"max-image-preview:large","max-video-preview":"max-video-preview:-1"},"canonical":"https:\/\/truusk.store\/sv\/produkt\/truusk-pergola-3x3m-tradgardspaviljong-metallkonstruktion-justerbart-tak-uv-skydd-30-fristaende-solskydd-morkgra\/","og_locale":"sv_SE","og_type":"article","og_title":"TRUUSK Pergola 3x3m Tr\u00e4dg\u00e5rdspaviljong - Metallkonstruktion - Justerbart Tak - UV-skydd 30+ - Frist\u00e5ende Solskydd - M\u00f6rkgr\u00e5 - TRUUSK - Hem, Tr\u00e4dg\u00e5rd &amp; Fritid","og_description":"Upplev m\u00e5ngsidigheten av utomhuslivet med den utdragbara paviljongen med skjuttak fr\u00e5n TRUUSK. Denna pergola erbjuder ett retraktabelt tak som kan...","og_url":"https:\/\/truusk.store\/sv\/produkt\/truusk-pergola-3x3m-tradgardspaviljong-metallkonstruktion-justerbart-tak-uv-skydd-30-fristaende-solskydd-morkgra\/","og_site_name":"TRUUSK - Hem, Tr\u00e4dg\u00e5rd &amp; Fritid","article_modified_time":"2026-03-12T08:46:41+00:00","og_image":[{"width":2000,"height":2000,"url":"https:\/\/i0.wp.com\/truusk.se\/wp-content\/uploads\/2025\/06\/pergola-3x3m-tradgardspaviljong-terrasstak-av-metall-tradgardspaviljong-med-justerbart-tak-uv-skydd-30-fristaende-solskydd-for-terrass-och-tradgard-morkgra-1.webp?fit=2000%2C2000&ssl=1","type":"image\/webp"}],"twitter_card":"summary_large_image","twitter_misc":{"Ber\u00e4knad l\u00e4stid":"1 minut"},"schema":{"@context":"https:\/\/schema.org","@graph":[{"@type":"WebPage","@id":"https:\/\/truusk.store\/sv\/produkt\/truusk-pergola-3x3m-tradgardspaviljong-metallkonstruktion-justerbart-tak-uv-skydd-30-fristaende-solskydd-morkgra\/","url":"https:\/\/truusk.store\/sv\/produkt\/truusk-pergola-3x3m-tradgardspaviljong-metallkonstruktion-justerbart-tak-uv-skydd-30-fristaende-solskydd-morkgra\/","name":"TRUUSK Pergola 3x3m Tr\u00e4dg\u00e5rdspaviljong - Metallkonstruktion - Justerbart Tak - UV-skydd 30+ - Frist\u00e5ende Solskydd - M\u00f6rkgr\u00e5 - TRUUSK - Hem, Tr\u00e4dg\u00e5rd &amp; Fritid","isPartOf":{"@id":"https:\/\/truusk.store\/sv\/#website"},"primaryImageOfPage":{"@id":"https:\/\/truusk.store\/sv\/produkt\/truusk-pergola-3x3m-tradgardspaviljong-metallkonstruktion-justerbart-tak-uv-skydd-30-fristaende-solskydd-morkgra\/#primaryimage"},"image":{"@id":"https:\/\/truusk.store\/sv\/produkt\/truusk-pergola-3x3m-tradgardspaviljong-metallkonstruktion-justerbart-tak-uv-skydd-30-fristaende-solskydd-morkgra\/#primaryimage"},"thumbnailUrl":"https:\/\/i0.wp.com\/truusk.store\/wp-content\/uploads\/2025\/06\/pergola-3x3m-tradgardspaviljong-terrasstak-av-metall-tradgardspaviljong-med-justerbart-tak-uv-skydd-30-fristaende-solskydd-for-terrass-och-tradgard-morkgra-1.webp?fit=2000%2C2000&ssl=1","datePublished":"2025-06-05T18:40:53+00:00","dateModified":"2026-03-12T08:46:41+00:00","breadcrumb":{"@id":"https:\/\/truusk.store\/sv\/produkt\/truusk-pergola-3x3m-tradgardspaviljong-metallkonstruktion-justerbart-tak-uv-skydd-30-fristaende-solskydd-morkgra\/#breadcrumb"},"inLanguage":"sv-SE","potentialAction":[{"@type":"ReadAction","target":["https:\/\/truusk.store\/sv\/produkt\/truusk-pergola-3x3m-tradgardspaviljong-metallkonstruktion-justerbart-tak-uv-skydd-30-fristaende-solskydd-morkgra\/"]}]},{"@type":"ImageObject","inLanguage":"sv-SE","@id":"https:\/\/truusk.store\/sv\/produkt\/truusk-pergola-3x3m-tradgardspaviljong-metallkonstruktion-justerbart-tak-uv-skydd-30-fristaende-solskydd-morkgra\/#primaryimage","url":"https:\/\/i0.wp.com\/truusk.store\/wp-content\/uploads\/2025\/06\/pergola-3x3m-tradgardspaviljong-terrasstak-av-metall-tradgardspaviljong-med-justerbart-tak-uv-skydd-30-fristaende-solskydd-for-terrass-och-tradgard-morkgra-1.webp?fit=2000%2C2000&ssl=1","contentUrl":"https:\/\/i0.wp.com\/truusk.store\/wp-content\/uploads\/2025\/06\/pergola-3x3m-tradgardspaviljong-terrasstak-av-metall-tradgardspaviljong-med-justerbart-tak-uv-skydd-30-fristaende-solskydd-for-terrass-och-tradgard-morkgra-1.webp?fit=2000%2C2000&ssl=1","width":2000,"height":2000},{"@type":"BreadcrumbList","@id":"https:\/\/truusk.store\/sv\/produkt\/truusk-pergola-3x3m-tradgardspaviljong-metallkonstruktion-justerbart-tak-uv-skydd-30-fristaende-solskydd-morkgra\/#breadcrumb","itemListElement":[{"@type":"ListItem","position":1,"name":"Home","item":"https:\/\/truusk.store\/sv\/"},{"@type":"ListItem","position":2,"name":"Shop","item":"https:\/\/truusk.store\/shop\/"},{"@type":"ListItem","position":3,"name":"TRUUSK Pergola 3x3m Tr\u00e4dg\u00e5rdspaviljong &#8211; Metallkonstruktion &#8211; Justerbart Tak &#8211; UV-skydd 30+ &#8211; Frist\u00e5ende Solskydd &#8211; M\u00f6rkgr\u00e5"}]},{"@type":"WebSite","@id":"https:\/\/truusk.store\/sv\/#website","url":"https:\/\/truusk.store\/sv\/","name":"TRUUSK - Hem, Tr\u00e4dg\u00e5rd & Fritid","description":"","publisher":{"@id":"https:\/\/truusk.store\/sv\/#organization"},"potentialAction":[{"@type":"SearchAction","target":{"@type":"EntryPoint","urlTemplate":"https:\/\/truusk.store\/sv\/?s={search_term_string}"},"query-input":{"@type":"PropertyValueSpecification","valueRequired":true,"valueName":"search_term_string"}}],"inLanguage":"sv-SE"},{"@type":"Organization","@id":"https:\/\/truusk.store\/sv\/#organization","name":"TRUUSK - Hem, Tr\u00e4dg\u00e5rd & Fritid","url":"https:\/\/truusk.store\/sv\/","logo":{"@type":"ImageObject","inLanguage":"sv-SE","@id":"https:\/\/truusk.store\/sv\/#\/schema\/logo\/image\/","url":"https:\/\/i0.wp.com\/truusk.store\/wp-content\/uploads\/2026\/03\/cropped-TRUUSK.png?fit=2032%2C917&ssl=1","contentUrl":"https:\/\/i0.wp.com\/truusk.store\/wp-content\/uploads\/2026\/03\/cropped-TRUUSK.png?fit=2032%2C917&ssl=1","width":2032,"height":917,"caption":"TRUUSK - Hem, Tr\u00e4dg\u00e5rd & Fritid"},"image":{"@id":"https:\/\/truusk.store\/sv\/#\/schema\/logo\/image\/"}}]}},"jetpack_sharing_enabled":true,"_links":{"self":[{"href":"https:\/\/truusk.store\/sv\/wp-json\/wp\/v2\/product\/70567","targetHints":{"allow":["GET"]}}],"collection":[{"href":"https:\/\/truusk.store\/sv\/wp-json\/wp\/v2\/product"}],"about":[{"href":"https:\/\/truusk.store\/sv\/wp-json\/wp\/v2\/types\/product"}],"wp:featuredmedia":[{"embeddable":true,"href":"https:\/\/truusk.store\/sv\/wp-json\/wp\/v2\/media\/70558"}],"wp:attachment":[{"href":"https:\/\/truusk.store\/sv\/wp-json\/wp\/v2\/media?parent=70567"}],"wp:term":[{"taxonomy":"product_brand","embeddable":true,"href":"https:\/\/truusk.store\/sv\/wp-json\/wp\/v2\/product_brand?post=70567"},{"taxonomy":"product_cat","embeddable":true,"href":"https:\/\/truusk.store\/sv\/wp-json\/wp\/v2\/product_cat?post=70567"},{"taxonomy":"product_tag","embeddable":true,"href":"https:\/\/truusk.store\/sv\/wp-json\/wp\/v2\/product_tag?post=70567"}],"curies":[{"name":"wp","href":"https:\/\/api.w.org\/{rel}","templated":true}]}}