{"id":70577,"date":"2025-06-05T19:41:49","date_gmt":"2025-06-05T18:41:49","guid":{"rendered":"https:\/\/truusk.store\/product\/barstolar-2-pack-vadderad-barstol-med-ryggstod-chenille-look-stalram-hojdjusterbara-koksstolar-med-fotstod-360-roterande-bardiskstolar-for-kok-vardagsrum-morkgra\/"},"modified":"2026-03-12T08:42:42","modified_gmt":"2026-03-12T07:42:42","slug":"truusk-2-pack-barstolar-vadderad-med-ryggstod-chenille-look-stalram-hojdjusterbara-fotstod-360-roterande","status":"publish","type":"product","link":"https:\/\/truusk.store\/sv\/produkt\/truusk-2-pack-barstolar-vadderad-med-ryggstod-chenille-look-stalram-hojdjusterbara-fotstod-360-roterande\/","title":{"rendered":"TRUUSK 2-pack Barstolar &#8211; Vadderad Med Ryggst\u00f6d &#8211; Chenille-look &#8211; St\u00e5lram &#8211; H\u00f6jdjusterbara &#8211; Fotst\u00f6d &#8211; 360\u00b0 Roterande &#8211;"},"content":{"rendered":"<p>Upplev ultimat komfort med v\u00e5ra eleganta barstolar med ryggst\u00f6d i ett set om 2, tillverkade av mjukt, luftgenomsl\u00e4ppligt tyg och t\u00e4t skum. Dessa bardiskstolar \u00e4r speciellt designade f\u00f6r h\u00f6gsta komfort, perfekta f\u00f6r snabba snacks eller sociala kv\u00e4llar. Ge ditt hem en kombination av komfort, stil och funktionalitet med de justerbara barstolarna fr\u00e5n TRUUSK, f\u00f6r en o\u00f6vertr\u00e4ffad matupplevelse.<\/p>\n<p>Beskrivning:<\/p>\n<ul>\n<li> Mjukt tyg p\u00e5 k\u00f6ksstolen fyllt med h\u00f6gdensitetsskum f\u00f6r en bekv\u00e4m sittplats<\/li>\n<li> Sitsk\u00e5lsform i sv\u00e4ngd design omsluter din kropp och ger st\u00f6d<\/li>\n<li> Enkel justering av sitth\u00f6jden fr\u00e5n 60 cm till 81 cm med en mjuk gaslyft<\/li>\n<li> 360\u00b0 roterande sits<\/li>\n<li> Robust, pulverlackerad st\u00e5lram p\u00e5 barstolarna med rund bas f\u00f6r stabilitet<\/li>\n<li> Gummiring p\u00e5 botten skyddar ditt golv och minimerar ljud<\/li>\n<li> Diamantformade s\u00f6mmar och strama kurvor f\u00f6rh\u00f6jer din inredning<\/li>\n<li> Enkel montering kr\u00e4vs<\/li>\n<\/ul>\n<p> Tekniska data:<\/p>\n<ul>\n<li> F\u00e4rg: Gr\u00e5+Svart<\/li>\n<li> Material: Chenille (100% Polyester), St\u00e5l, Skum, Flerskiktsplatta<\/li>\n<li> Totala dimensioner: 48B x 51,5D x 91-112H cm<\/li>\n<li> Sitsstorlek: 48B x 39D x 60-81H cm<\/li>\n<li> Ryggst\u00f6dsstorlek: 33B x 43D x 30H cm<\/li>\n<li> Fotst\u00f6dsh\u00f6jd till golvet: 21 cm<\/li>\n<li> Basdiameter: \u00d838 cm<\/li>\n<li> L\u00e4mplig bordsh\u00f6jd: 89-109 cm<\/li>\n<li> Total belastningskapacitet: 120 kg<\/li>\n<\/ul>\n<p>Leveransinneh\u00e5ll:<\/p>\n<ul>\n<li> 2 x Barstolar<\/li>\n<li> 1 x Bruksanvisning<\/li>\n<\/ul>\n","protected":false},"excerpt":{"rendered":"<p>Upplev ultimat komfort med v\u00e5ra eleganta barstolar med ryggst\u00f6d i ett set om 2, tillverkade av mjukt, luftgenomsl\u00e4ppligt tyg och&#8230;<\/p>\n","protected":false},"featured_media":70568,"template":"","meta":[],"product_brand":[],"product_cat":[643,871,889],"product_tag":[],"class_list":{"0":"post-70577","1":"product","2":"type-product","3":"status-publish","4":"has-post-thumbnail","6":"product_cat-barnstolar","7":"product_cat-hus-hem","8":"product_cat-kok-matsal","10":"first","11":"instock","12":"sale","13":"taxable","14":"shipping-taxable","15":"purchasable","16":"product-type-simple"},"yoast_head":"<!-- This site is optimized with the Yoast SEO plugin v25.4 - https:\/\/yoast.com\/wordpress\/plugins\/seo\/ -->\n<title>TRUUSK 2-pack Barstolar - Vadderad Med Ryggst\u00f6d - Chenille-look - St\u00e5lram - H\u00f6jdjusterbara - Fotst\u00f6d - 360\u00b0 Roterande - TRUUSK - Hem, Tr\u00e4dg\u00e5rd &amp; Fritid<\/title>\n<meta name=\"robots\" content=\"index, follow, max-snippet:-1, max-image-preview:large, max-video-preview:-1\" \/>\n<link rel=\"canonical\" href=\"https:\/\/truusk.store\/sv\/produkt\/truusk-2-pack-barstolar-vadderad-med-ryggstod-chenille-look-stalram-hojdjusterbara-fotstod-360-roterande\/\" \/>\n<meta property=\"og:locale\" content=\"sv_SE\" \/>\n<meta property=\"og:type\" content=\"article\" \/>\n<meta property=\"og:title\" content=\"TRUUSK 2-pack Barstolar - Vadderad Med Ryggst\u00f6d - Chenille-look - St\u00e5lram - H\u00f6jdjusterbara - Fotst\u00f6d - 360\u00b0 Roterande - TRUUSK - Hem, Tr\u00e4dg\u00e5rd &amp; Fritid\" \/>\n<meta property=\"og:description\" content=\"Upplev ultimat komfort med v\u00e5ra eleganta barstolar med ryggst\u00f6d i ett set om 2, tillverkade av mjukt, luftgenomsl\u00e4ppligt tyg och...\" \/>\n<meta property=\"og:url\" content=\"https:\/\/truusk.store\/sv\/produkt\/truusk-2-pack-barstolar-vadderad-med-ryggstod-chenille-look-stalram-hojdjusterbara-fotstod-360-roterande\/\" \/>\n<meta property=\"og:site_name\" content=\"TRUUSK - Hem, Tr\u00e4dg\u00e5rd &amp; Fritid\" \/>\n<meta property=\"article:modified_time\" content=\"2026-03-12T07:42:42+00:00\" \/>\n<meta property=\"og:image\" content=\"https:\/\/i0.wp.com\/truusk.se\/wp-content\/uploads\/2025\/06\/barstolar-2-pack-vadderad-barstol-med-ryggstod-chenille-look-stalram-hojdjusterbara-koksstolar-med-fotstod-360-roterande-bardiskstolar-for-kok-vardagsrum-morkgra-1.webp?fit=2000%2C2000&ssl=1\" \/>\n\t<meta property=\"og:image:width\" content=\"2000\" \/>\n\t<meta property=\"og:image:height\" content=\"2000\" \/>\n\t<meta property=\"og:image:type\" content=\"image\/webp\" \/>\n<meta name=\"twitter:card\" content=\"summary_large_image\" \/>\n<meta name=\"twitter:label1\" content=\"Ber\u00e4knad l\u00e4stid\" \/>\n\t<meta name=\"twitter:data1\" content=\"1 minut\" \/>\n<!-- \/ Yoast SEO plugin. -->","yoast_head_json":{"title":"TRUUSK 2-pack Barstolar - Vadderad Med Ryggst\u00f6d - Chenille-look - St\u00e5lram - H\u00f6jdjusterbara - Fotst\u00f6d - 360\u00b0 Roterande - TRUUSK - Hem, Tr\u00e4dg\u00e5rd &amp; Fritid","robots":{"index":"index","follow":"follow","max-snippet":"max-snippet:-1","max-image-preview":"max-image-preview:large","max-video-preview":"max-video-preview:-1"},"canonical":"https:\/\/truusk.store\/sv\/produkt\/truusk-2-pack-barstolar-vadderad-med-ryggstod-chenille-look-stalram-hojdjusterbara-fotstod-360-roterande\/","og_locale":"sv_SE","og_type":"article","og_title":"TRUUSK 2-pack Barstolar - Vadderad Med Ryggst\u00f6d - Chenille-look - St\u00e5lram - H\u00f6jdjusterbara - Fotst\u00f6d - 360\u00b0 Roterande - TRUUSK - Hem, Tr\u00e4dg\u00e5rd &amp; Fritid","og_description":"Upplev ultimat komfort med v\u00e5ra eleganta barstolar med ryggst\u00f6d i ett set om 2, tillverkade av mjukt, luftgenomsl\u00e4ppligt tyg och...","og_url":"https:\/\/truusk.store\/sv\/produkt\/truusk-2-pack-barstolar-vadderad-med-ryggstod-chenille-look-stalram-hojdjusterbara-fotstod-360-roterande\/","og_site_name":"TRUUSK - Hem, Tr\u00e4dg\u00e5rd &amp; Fritid","article_modified_time":"2026-03-12T07:42:42+00:00","og_image":[{"width":2000,"height":2000,"url":"https:\/\/i0.wp.com\/truusk.se\/wp-content\/uploads\/2025\/06\/barstolar-2-pack-vadderad-barstol-med-ryggstod-chenille-look-stalram-hojdjusterbara-koksstolar-med-fotstod-360-roterande-bardiskstolar-for-kok-vardagsrum-morkgra-1.webp?fit=2000%2C2000&ssl=1","type":"image\/webp"}],"twitter_card":"summary_large_image","twitter_misc":{"Ber\u00e4knad l\u00e4stid":"1 minut"},"schema":{"@context":"https:\/\/schema.org","@graph":[{"@type":"WebPage","@id":"https:\/\/truusk.store\/sv\/produkt\/truusk-2-pack-barstolar-vadderad-med-ryggstod-chenille-look-stalram-hojdjusterbara-fotstod-360-roterande\/","url":"https:\/\/truusk.store\/sv\/produkt\/truusk-2-pack-barstolar-vadderad-med-ryggstod-chenille-look-stalram-hojdjusterbara-fotstod-360-roterande\/","name":"TRUUSK 2-pack Barstolar - Vadderad Med Ryggst\u00f6d - Chenille-look - St\u00e5lram - H\u00f6jdjusterbara - Fotst\u00f6d - 360\u00b0 Roterande - TRUUSK - Hem, Tr\u00e4dg\u00e5rd &amp; Fritid","isPartOf":{"@id":"https:\/\/truusk.store\/sv\/#website"},"primaryImageOfPage":{"@id":"https:\/\/truusk.store\/sv\/produkt\/truusk-2-pack-barstolar-vadderad-med-ryggstod-chenille-look-stalram-hojdjusterbara-fotstod-360-roterande\/#primaryimage"},"image":{"@id":"https:\/\/truusk.store\/sv\/produkt\/truusk-2-pack-barstolar-vadderad-med-ryggstod-chenille-look-stalram-hojdjusterbara-fotstod-360-roterande\/#primaryimage"},"thumbnailUrl":"https:\/\/i0.wp.com\/truusk.store\/wp-content\/uploads\/2025\/06\/barstolar-2-pack-vadderad-barstol-med-ryggstod-chenille-look-stalram-hojdjusterbara-koksstolar-med-fotstod-360-roterande-bardiskstolar-for-kok-vardagsrum-morkgra-1.webp?fit=2000%2C2000&ssl=1","datePublished":"2025-06-05T18:41:49+00:00","dateModified":"2026-03-12T07:42:42+00:00","breadcrumb":{"@id":"https:\/\/truusk.store\/sv\/produkt\/truusk-2-pack-barstolar-vadderad-med-ryggstod-chenille-look-stalram-hojdjusterbara-fotstod-360-roterande\/#breadcrumb"},"inLanguage":"sv-SE","potentialAction":[{"@type":"ReadAction","target":["https:\/\/truusk.store\/sv\/produkt\/truusk-2-pack-barstolar-vadderad-med-ryggstod-chenille-look-stalram-hojdjusterbara-fotstod-360-roterande\/"]}]},{"@type":"ImageObject","inLanguage":"sv-SE","@id":"https:\/\/truusk.store\/sv\/produkt\/truusk-2-pack-barstolar-vadderad-med-ryggstod-chenille-look-stalram-hojdjusterbara-fotstod-360-roterande\/#primaryimage","url":"https:\/\/i0.wp.com\/truusk.store\/wp-content\/uploads\/2025\/06\/barstolar-2-pack-vadderad-barstol-med-ryggstod-chenille-look-stalram-hojdjusterbara-koksstolar-med-fotstod-360-roterande-bardiskstolar-for-kok-vardagsrum-morkgra-1.webp?fit=2000%2C2000&ssl=1","contentUrl":"https:\/\/i0.wp.com\/truusk.store\/wp-content\/uploads\/2025\/06\/barstolar-2-pack-vadderad-barstol-med-ryggstod-chenille-look-stalram-hojdjusterbara-koksstolar-med-fotstod-360-roterande-bardiskstolar-for-kok-vardagsrum-morkgra-1.webp?fit=2000%2C2000&ssl=1","width":2000,"height":2000},{"@type":"BreadcrumbList","@id":"https:\/\/truusk.store\/sv\/produkt\/truusk-2-pack-barstolar-vadderad-med-ryggstod-chenille-look-stalram-hojdjusterbara-fotstod-360-roterande\/#breadcrumb","itemListElement":[{"@type":"ListItem","position":1,"name":"Home","item":"https:\/\/truusk.store\/sv\/"},{"@type":"ListItem","position":2,"name":"Shop","item":"https:\/\/truusk.store\/shop\/"},{"@type":"ListItem","position":3,"name":"TRUUSK 2-pack Barstolar &#8211; Vadderad Med Ryggst\u00f6d &#8211; Chenille-look &#8211; St\u00e5lram &#8211; H\u00f6jdjusterbara &#8211; Fotst\u00f6d &#8211; 360\u00b0 Roterande &#8211;"}]},{"@type":"WebSite","@id":"https:\/\/truusk.store\/sv\/#website","url":"https:\/\/truusk.store\/sv\/","name":"TRUUSK - Hem, Tr\u00e4dg\u00e5rd & Fritid","description":"","publisher":{"@id":"https:\/\/truusk.store\/sv\/#organization"},"potentialAction":[{"@type":"SearchAction","target":{"@type":"EntryPoint","urlTemplate":"https:\/\/truusk.store\/sv\/?s={search_term_string}"},"query-input":{"@type":"PropertyValueSpecification","valueRequired":true,"valueName":"search_term_string"}}],"inLanguage":"sv-SE"},{"@type":"Organization","@id":"https:\/\/truusk.store\/sv\/#organization","name":"TRUUSK - Hem, Tr\u00e4dg\u00e5rd & Fritid","url":"https:\/\/truusk.store\/sv\/","logo":{"@type":"ImageObject","inLanguage":"sv-SE","@id":"https:\/\/truusk.store\/sv\/#\/schema\/logo\/image\/","url":"https:\/\/i0.wp.com\/truusk.store\/wp-content\/uploads\/2026\/03\/cropped-TRUUSK.png?fit=2032%2C917&ssl=1","contentUrl":"https:\/\/i0.wp.com\/truusk.store\/wp-content\/uploads\/2026\/03\/cropped-TRUUSK.png?fit=2032%2C917&ssl=1","width":2032,"height":917,"caption":"TRUUSK - Hem, Tr\u00e4dg\u00e5rd & Fritid"},"image":{"@id":"https:\/\/truusk.store\/sv\/#\/schema\/logo\/image\/"}}]}},"jetpack_sharing_enabled":true,"_links":{"self":[{"href":"https:\/\/truusk.store\/sv\/wp-json\/wp\/v2\/product\/70577","targetHints":{"allow":["GET"]}}],"collection":[{"href":"https:\/\/truusk.store\/sv\/wp-json\/wp\/v2\/product"}],"about":[{"href":"https:\/\/truusk.store\/sv\/wp-json\/wp\/v2\/types\/product"}],"wp:featuredmedia":[{"embeddable":true,"href":"https:\/\/truusk.store\/sv\/wp-json\/wp\/v2\/media\/70568"}],"wp:attachment":[{"href":"https:\/\/truusk.store\/sv\/wp-json\/wp\/v2\/media?parent=70577"}],"wp:term":[{"taxonomy":"product_brand","embeddable":true,"href":"https:\/\/truusk.store\/sv\/wp-json\/wp\/v2\/product_brand?post=70577"},{"taxonomy":"product_cat","embeddable":true,"href":"https:\/\/truusk.store\/sv\/wp-json\/wp\/v2\/product_cat?post=70577"},{"taxonomy":"product_tag","embeddable":true,"href":"https:\/\/truusk.store\/sv\/wp-json\/wp\/v2\/product_tag?post=70577"}],"curies":[{"name":"wp","href":"https:\/\/api.w.org\/{rel}","templated":true}]}}