{"id":70587,"date":"2025-06-05T19:42:44","date_gmt":"2025-06-05T18:42:44","guid":{"rendered":"https:\/\/truusk.store\/product\/parasoll-o260-cm-solparaply-med-uv-skydd-50-vattenavvisande-vevparaply-med-stativ-overdrag-vev-vindskydd-lutbart-marknadsparaply-tradgardsparaply-for-balkong-terrass-gra\/"},"modified":"2026-03-12T08:42:39","modified_gmt":"2026-03-12T07:42:39","slug":"truusk-parasoll-o260-cm-solparaply-med-uv-skydd-50-vattenavvisande-vevparaply-med-stativ-overdrag-vindskydd-lutbart","status":"publish","type":"product","link":"https:\/\/truusk.store\/sv\/produkt\/truusk-parasoll-o260-cm-solparaply-med-uv-skydd-50-vattenavvisande-vevparaply-med-stativ-overdrag-vindskydd-lutbart\/","title":{"rendered":"TRUUSK Parasoll \u00d8260 cm &#8211; Solparaply med UV-skydd 50+ &#8211; Vattenavvisande &#8211; Vevparaply med Stativ &#8211; \u00d6verdrag &#8211; Vindskydd &#8211; Lutbart"},"content":{"rendered":"<p>Njut av f\u00f6rstklassig utomhusavkoppling med TRUUSK Patio Offset balkongparasoll, utrustad med vindlinor och skyddsh\u00f6lje f\u00f6r topp vindmotst\u00e5nd och UV-skydd. Tillverkad av blekningsfritt polyester och rostfri ram, garanterar parasollet UPF 50+ skydd. Solparasollet erbjuder en 360\u00b0 roterbarhet och justerbar lutning f\u00f6r optimal skugga, enkelt att anv\u00e4nda genom ett mjukt vevhandtag.<\/p>\n<p>Beskrivning:<\/p>\n<ul>\n<li> Vindlinorna p\u00e5 balkongparasollet f\u00f6rb\u00e4ttrar stabiliteten vid bl\u00e5siga f\u00f6rh\u00e5llanden<\/li>\n<li> Skyddsh\u00f6ljet skyddar mot UV-skador och f\u00f6rl\u00e4nger livsl\u00e4ngden p\u00e5 solparasollet<\/li>\n<li> F\u00e4rgbest\u00e4ndigt 180g\/m\u00b2 polyester f\u00f6r varaktig livfullhet<\/li>\n<li> Rostbest\u00e4ndig ram \u00f6kar h\u00e5llbarheten mot v\u00e4derp\u00e5verkan<\/li>\n<li> UPF 50+ skydd av balkongparasollet skyddar mot skadliga str\u00e5lar<\/li>\n<li> 360\u00b0 rotation m\u00f6jligg\u00f6r att f\u00f6lja solen hela dagen<\/li>\n<li> Vevhandtaget garanterar en smidig, snabb anv\u00e4ndning av vevparasollet<\/li>\n<li> Montering kr\u00e4vs<\/li>\n<\/ul>\n<p> Tekniska data:<\/p>\n<ul>\n<li> F\u00e4rg: Gr\u00e5<\/li>\n<li> Material: Metall, Polyester<\/li>\n<li> Totala dimensioner: 295L x 250B x 235H cm<\/li>\n<li> Korsfotsstorlek: 100L x 100B x 4,5H cm<\/li>\n<li> Vindmotst\u00e5nd: Niv\u00e5 3 till 4<\/li>\n<li> Obs: 1, Kr\u00e4ver en vikt p\u00e5 60 kg (ing\u00e5r ej).2, F\u00f6r att beh\u00e5lla parasollets skick, anv\u00e4nd inte parasollet vid extremt v\u00e4der (stark vind, regn, sn\u00f6)<\/li>\n<\/ul>\n<p>Leveransinneh\u00e5ll:<\/p>\n<ul>\n<li> 1 x Ampel parasoll<\/li>\n<li> 2 x Vindlina<\/li>\n<li> 1 x Skyddsh\u00f6lje<\/li>\n<li> 1 x Bruksanvisning<\/li>\n<\/ul>\n","protected":false},"excerpt":{"rendered":"<p>Njut av f\u00f6rstklassig utomhusavkoppling med TRUUSK Patio Offset balkongparasoll, utrustad med vindlinor och skyddsh\u00f6lje f\u00f6r topp vindmotst\u00e5nd och UV-skydd. Tillverkad&#8230;<\/p>\n","protected":false},"featured_media":70578,"template":"","meta":[],"product_brand":[],"product_cat":[472,862,858],"product_tag":[],"class_list":{"0":"post-70587","1":"product","2":"type-product","3":"status-publish","4":"has-post-thumbnail","6":"product_cat-parasoller","7":"product_cat-sol-insynsskydd","8":"product_cat-tradgard-terrass","10":"first","11":"instock","12":"sale","13":"taxable","14":"shipping-taxable","15":"purchasable","16":"product-type-simple"},"yoast_head":"<!-- This site is optimized with the Yoast SEO plugin v25.4 - https:\/\/yoast.com\/wordpress\/plugins\/seo\/ -->\n<title>TRUUSK Parasoll \u00d8260 cm - Solparaply med UV-skydd 50+ - Vattenavvisande - Vevparaply med Stativ - \u00d6verdrag - Vindskydd - Lutbart - TRUUSK - Hem, Tr\u00e4dg\u00e5rd &amp; Fritid<\/title>\n<meta name=\"robots\" content=\"index, follow, max-snippet:-1, max-image-preview:large, max-video-preview:-1\" \/>\n<link rel=\"canonical\" href=\"https:\/\/truusk.store\/sv\/produkt\/truusk-parasoll-o260-cm-solparaply-med-uv-skydd-50-vattenavvisande-vevparaply-med-stativ-overdrag-vindskydd-lutbart\/\" \/>\n<meta property=\"og:locale\" content=\"sv_SE\" \/>\n<meta property=\"og:type\" content=\"article\" \/>\n<meta property=\"og:title\" content=\"TRUUSK Parasoll \u00d8260 cm - Solparaply med UV-skydd 50+ - Vattenavvisande - Vevparaply med Stativ - \u00d6verdrag - Vindskydd - Lutbart - TRUUSK - Hem, Tr\u00e4dg\u00e5rd &amp; Fritid\" \/>\n<meta property=\"og:description\" content=\"Njut av f\u00f6rstklassig utomhusavkoppling med TRUUSK Patio Offset balkongparasoll, utrustad med vindlinor och skyddsh\u00f6lje f\u00f6r topp vindmotst\u00e5nd och UV-skydd. Tillverkad...\" \/>\n<meta property=\"og:url\" content=\"https:\/\/truusk.store\/sv\/produkt\/truusk-parasoll-o260-cm-solparaply-med-uv-skydd-50-vattenavvisande-vevparaply-med-stativ-overdrag-vindskydd-lutbart\/\" \/>\n<meta property=\"og:site_name\" content=\"TRUUSK - Hem, Tr\u00e4dg\u00e5rd &amp; Fritid\" \/>\n<meta property=\"article:modified_time\" content=\"2026-03-12T07:42:39+00:00\" \/>\n<meta property=\"og:image\" content=\"https:\/\/i0.wp.com\/truusk.se\/wp-content\/uploads\/2025\/06\/parasoll-o260-cm-solparaply-med-uv-skydd-50-vattenavvisande-vevparaply-med-stativ-overdrag-vev-vindskydd-lutbart-marknadsparaply-tradgardsparaply-for-balkong-terrass-gra-1.webp?fit=2000%2C2000&ssl=1\" \/>\n\t<meta property=\"og:image:width\" content=\"2000\" \/>\n\t<meta property=\"og:image:height\" content=\"2000\" \/>\n\t<meta property=\"og:image:type\" content=\"image\/webp\" \/>\n<meta name=\"twitter:card\" content=\"summary_large_image\" \/>\n<meta name=\"twitter:label1\" content=\"Ber\u00e4knad l\u00e4stid\" \/>\n\t<meta name=\"twitter:data1\" content=\"1 minut\" \/>\n<!-- \/ Yoast SEO plugin. -->","yoast_head_json":{"title":"TRUUSK Parasoll \u00d8260 cm - Solparaply med UV-skydd 50+ - Vattenavvisande - Vevparaply med Stativ - \u00d6verdrag - Vindskydd - Lutbart - TRUUSK - Hem, Tr\u00e4dg\u00e5rd &amp; Fritid","robots":{"index":"index","follow":"follow","max-snippet":"max-snippet:-1","max-image-preview":"max-image-preview:large","max-video-preview":"max-video-preview:-1"},"canonical":"https:\/\/truusk.store\/sv\/produkt\/truusk-parasoll-o260-cm-solparaply-med-uv-skydd-50-vattenavvisande-vevparaply-med-stativ-overdrag-vindskydd-lutbart\/","og_locale":"sv_SE","og_type":"article","og_title":"TRUUSK Parasoll \u00d8260 cm - Solparaply med UV-skydd 50+ - Vattenavvisande - Vevparaply med Stativ - \u00d6verdrag - Vindskydd - Lutbart - TRUUSK - Hem, Tr\u00e4dg\u00e5rd &amp; Fritid","og_description":"Njut av f\u00f6rstklassig utomhusavkoppling med TRUUSK Patio Offset balkongparasoll, utrustad med vindlinor och skyddsh\u00f6lje f\u00f6r topp vindmotst\u00e5nd och UV-skydd. Tillverkad...","og_url":"https:\/\/truusk.store\/sv\/produkt\/truusk-parasoll-o260-cm-solparaply-med-uv-skydd-50-vattenavvisande-vevparaply-med-stativ-overdrag-vindskydd-lutbart\/","og_site_name":"TRUUSK - Hem, Tr\u00e4dg\u00e5rd &amp; Fritid","article_modified_time":"2026-03-12T07:42:39+00:00","og_image":[{"width":2000,"height":2000,"url":"https:\/\/i0.wp.com\/truusk.se\/wp-content\/uploads\/2025\/06\/parasoll-o260-cm-solparaply-med-uv-skydd-50-vattenavvisande-vevparaply-med-stativ-overdrag-vev-vindskydd-lutbart-marknadsparaply-tradgardsparaply-for-balkong-terrass-gra-1.webp?fit=2000%2C2000&ssl=1","type":"image\/webp"}],"twitter_card":"summary_large_image","twitter_misc":{"Ber\u00e4knad l\u00e4stid":"1 minut"},"schema":{"@context":"https:\/\/schema.org","@graph":[{"@type":"WebPage","@id":"https:\/\/truusk.store\/sv\/produkt\/truusk-parasoll-o260-cm-solparaply-med-uv-skydd-50-vattenavvisande-vevparaply-med-stativ-overdrag-vindskydd-lutbart\/","url":"https:\/\/truusk.store\/sv\/produkt\/truusk-parasoll-o260-cm-solparaply-med-uv-skydd-50-vattenavvisande-vevparaply-med-stativ-overdrag-vindskydd-lutbart\/","name":"TRUUSK Parasoll \u00d8260 cm - Solparaply med UV-skydd 50+ - Vattenavvisande - Vevparaply med Stativ - \u00d6verdrag - Vindskydd - Lutbart - TRUUSK - Hem, Tr\u00e4dg\u00e5rd &amp; Fritid","isPartOf":{"@id":"https:\/\/truusk.store\/sv\/#website"},"primaryImageOfPage":{"@id":"https:\/\/truusk.store\/sv\/produkt\/truusk-parasoll-o260-cm-solparaply-med-uv-skydd-50-vattenavvisande-vevparaply-med-stativ-overdrag-vindskydd-lutbart\/#primaryimage"},"image":{"@id":"https:\/\/truusk.store\/sv\/produkt\/truusk-parasoll-o260-cm-solparaply-med-uv-skydd-50-vattenavvisande-vevparaply-med-stativ-overdrag-vindskydd-lutbart\/#primaryimage"},"thumbnailUrl":"https:\/\/i0.wp.com\/truusk.store\/wp-content\/uploads\/2025\/06\/parasoll-o260-cm-solparaply-med-uv-skydd-50-vattenavvisande-vevparaply-med-stativ-overdrag-vev-vindskydd-lutbart-marknadsparaply-tradgardsparaply-for-balkong-terrass-gra-1.webp?fit=2000%2C2000&ssl=1","datePublished":"2025-06-05T18:42:44+00:00","dateModified":"2026-03-12T07:42:39+00:00","breadcrumb":{"@id":"https:\/\/truusk.store\/sv\/produkt\/truusk-parasoll-o260-cm-solparaply-med-uv-skydd-50-vattenavvisande-vevparaply-med-stativ-overdrag-vindskydd-lutbart\/#breadcrumb"},"inLanguage":"sv-SE","potentialAction":[{"@type":"ReadAction","target":["https:\/\/truusk.store\/sv\/produkt\/truusk-parasoll-o260-cm-solparaply-med-uv-skydd-50-vattenavvisande-vevparaply-med-stativ-overdrag-vindskydd-lutbart\/"]}]},{"@type":"ImageObject","inLanguage":"sv-SE","@id":"https:\/\/truusk.store\/sv\/produkt\/truusk-parasoll-o260-cm-solparaply-med-uv-skydd-50-vattenavvisande-vevparaply-med-stativ-overdrag-vindskydd-lutbart\/#primaryimage","url":"https:\/\/i0.wp.com\/truusk.store\/wp-content\/uploads\/2025\/06\/parasoll-o260-cm-solparaply-med-uv-skydd-50-vattenavvisande-vevparaply-med-stativ-overdrag-vev-vindskydd-lutbart-marknadsparaply-tradgardsparaply-for-balkong-terrass-gra-1.webp?fit=2000%2C2000&ssl=1","contentUrl":"https:\/\/i0.wp.com\/truusk.store\/wp-content\/uploads\/2025\/06\/parasoll-o260-cm-solparaply-med-uv-skydd-50-vattenavvisande-vevparaply-med-stativ-overdrag-vev-vindskydd-lutbart-marknadsparaply-tradgardsparaply-for-balkong-terrass-gra-1.webp?fit=2000%2C2000&ssl=1","width":2000,"height":2000},{"@type":"BreadcrumbList","@id":"https:\/\/truusk.store\/sv\/produkt\/truusk-parasoll-o260-cm-solparaply-med-uv-skydd-50-vattenavvisande-vevparaply-med-stativ-overdrag-vindskydd-lutbart\/#breadcrumb","itemListElement":[{"@type":"ListItem","position":1,"name":"Home","item":"https:\/\/truusk.store\/sv\/"},{"@type":"ListItem","position":2,"name":"Shop","item":"https:\/\/truusk.store\/shop\/"},{"@type":"ListItem","position":3,"name":"TRUUSK Parasoll \u00d8260 cm &#8211; Solparaply med UV-skydd 50+ &#8211; Vattenavvisande &#8211; Vevparaply med Stativ &#8211; \u00d6verdrag &#8211; Vindskydd &#8211; Lutbart"}]},{"@type":"WebSite","@id":"https:\/\/truusk.store\/sv\/#website","url":"https:\/\/truusk.store\/sv\/","name":"TRUUSK - Hem, Tr\u00e4dg\u00e5rd & Fritid","description":"","publisher":{"@id":"https:\/\/truusk.store\/sv\/#organization"},"potentialAction":[{"@type":"SearchAction","target":{"@type":"EntryPoint","urlTemplate":"https:\/\/truusk.store\/sv\/?s={search_term_string}"},"query-input":{"@type":"PropertyValueSpecification","valueRequired":true,"valueName":"search_term_string"}}],"inLanguage":"sv-SE"},{"@type":"Organization","@id":"https:\/\/truusk.store\/sv\/#organization","name":"TRUUSK - Hem, Tr\u00e4dg\u00e5rd & Fritid","url":"https:\/\/truusk.store\/sv\/","logo":{"@type":"ImageObject","inLanguage":"sv-SE","@id":"https:\/\/truusk.store\/sv\/#\/schema\/logo\/image\/","url":"https:\/\/i0.wp.com\/truusk.store\/wp-content\/uploads\/2026\/03\/cropped-TRUUSK.png?fit=2032%2C917&ssl=1","contentUrl":"https:\/\/i0.wp.com\/truusk.store\/wp-content\/uploads\/2026\/03\/cropped-TRUUSK.png?fit=2032%2C917&ssl=1","width":2032,"height":917,"caption":"TRUUSK - Hem, Tr\u00e4dg\u00e5rd & Fritid"},"image":{"@id":"https:\/\/truusk.store\/sv\/#\/schema\/logo\/image\/"}}]}},"jetpack_sharing_enabled":true,"_links":{"self":[{"href":"https:\/\/truusk.store\/sv\/wp-json\/wp\/v2\/product\/70587","targetHints":{"allow":["GET"]}}],"collection":[{"href":"https:\/\/truusk.store\/sv\/wp-json\/wp\/v2\/product"}],"about":[{"href":"https:\/\/truusk.store\/sv\/wp-json\/wp\/v2\/types\/product"}],"wp:featuredmedia":[{"embeddable":true,"href":"https:\/\/truusk.store\/sv\/wp-json\/wp\/v2\/media\/70578"}],"wp:attachment":[{"href":"https:\/\/truusk.store\/sv\/wp-json\/wp\/v2\/media?parent=70587"}],"wp:term":[{"taxonomy":"product_brand","embeddable":true,"href":"https:\/\/truusk.store\/sv\/wp-json\/wp\/v2\/product_brand?post=70587"},{"taxonomy":"product_cat","embeddable":true,"href":"https:\/\/truusk.store\/sv\/wp-json\/wp\/v2\/product_cat?post=70587"},{"taxonomy":"product_tag","embeddable":true,"href":"https:\/\/truusk.store\/sv\/wp-json\/wp\/v2\/product_tag?post=70587"}],"curies":[{"name":"wp","href":"https:\/\/api.w.org\/{rel}","templated":true}]}}