{"id":70627,"date":"2025-06-05T19:46:52","date_gmt":"2025-06-05T18:46:52","guid":{"rendered":"https:\/\/truusk.store\/product\/grillpaviljong-med-led-240-x-150-x-258-cm-vattenavvisande-flamskyddad-tradgardspaviljong-med-dubbelskiktstak-sidohyllor-tradgardsbagar-med-uv-skydd-bbq-paviljong-for-fest-bbq-morkgra\/"},"modified":"2026-03-12T09:46:42","modified_gmt":"2026-03-12T08:46:42","slug":"truusk-grillpaviljong-med-led-240-x-150-x-258-cm-vattenavvisande-flamskyddad-dubbelskiktstak-sidohyllor-tradgardsbagar","status":"publish","type":"product","link":"https:\/\/truusk.store\/sv\/produkt\/truusk-grillpaviljong-med-led-240-x-150-x-258-cm-vattenavvisande-flamskyddad-dubbelskiktstak-sidohyllor-tradgardsbagar\/","title":{"rendered":"TRUUSK Grillpaviljong Med LED 240 X 150 X 258 Cm &#8211; Vattenavvisande &#8211; Flamskyddad &#8211; Dubbelskiktstak &#8211; Sidohyllor &#8211; Tr\u00e4dg\u00e5rdsb\u00e5gar"},"content":{"rendered":"<p>Upplev grillning p\u00e5 nytt med TRUUSK Grillpaviljong! Dubbelskiktstaket p\u00e5 grillpaviljongen fr\u00e4mjar luftcirkulation och leder effektivt bort v\u00e4rme och r\u00f6k, s\u00e5 att du h\u00e5ller dig sval n\u00e4r du grillar. Det flams\u00e4kra, st\u00e4nks\u00e4kra taket med fyra dr\u00e4neringsh\u00e5l och en stabil st\u00e5lram-grillpaviljong garanterar att din grill \u00e4r s\u00e4ker och skyddad mot v\u00e4derp\u00e5verkan. Perfekt f\u00f6r alla tr\u00e4dg\u00e5rdsbehov, passar f\u00f6r grillar upp till 180 cm breda.<\/p>\n<p>Beskrivning:<\/p>\n<ul>\n<li> Dubbelskiktstakets design p\u00e5 pergolan m\u00f6jligg\u00f6r effektiv ventilation<\/li>\n<li> Pergolans konstl\u00e4derbelagda topp \u00e4r flams\u00e4ker och st\u00e4nks\u00e4ker<\/li>\n<li> Fyra dr\u00e4neringsh\u00e5l p\u00e5 lusthuset f\u00f6rhindrar vattenansamling<\/li>\n<li> Inneh\u00e5ller tv\u00e5 sidohyllor, en metallkorg och krokar f\u00f6r extra f\u00f6rvaringsutrymme<\/li>\n<li> Fyra LED-lampor med enkel tryckknapp<\/li>\n<li> Rostresistent metallram med pulverlackering<\/li>\n<li> Jordspett och expansionspluggar \u00f6kar stabiliteten<\/li>\n<li> Montering kr\u00e4vs<\/li>\n<\/ul>\n<p> Tekniska specifikationer:<\/p>\n<ul>\n<li> F\u00e4rg: M\u00f6rkgr\u00e5<\/li>\n<li> Material: St\u00e5l, Polyester<\/li>\n<li> Totala dimensioner: 240L x 150B x 258H cm<\/li>\n<li> Takfotsh\u00f6jd: 202H cm<\/li>\n<li> Pelaravst\u00e5nd: 195L x 119B cm<\/li>\n<li> Hyllstorlek: 119L x 20B cm<\/li>\n<li> Hyllh\u00f6jd fr\u00e5n marken: 99 cm<\/li>\n<li> Vindt\u00e5lighet: 4-5 (10,6-20,8 km\/h)<\/li>\n<li> Sn\u00f6lastkapacitet: 5-10 kg<\/li>\n<li> Belastningskapacitet: 40 kg (hylla), 5 kg (krok)<\/li>\n<li> Obs: L\u00e4mplig f\u00f6r grillar upp till en bredd av 180 cm, v\u00e4nligen kontrollera m\u00e5tten innan k\u00f6p<\/li>\n<\/ul>\n<p>Leveransinneh\u00e5ll:<\/p>\n<ul>\n<li> 1 x Grillpaviljong<\/li>\n<li> 8 x Expansionskruv<\/li>\n<li> 8 x Jordspett<\/li>\n<li> 1 x Bruksanvisning<\/li>\n<\/ul>\n","protected":false},"excerpt":{"rendered":"<p>Upplev grillning p\u00e5 nytt med TRUUSK Grillpaviljong! Dubbelskiktstaket p\u00e5 grillpaviljongen fr\u00e4mjar luftcirkulation och leder effektivt bort v\u00e4rme och r\u00f6k, s\u00e5&#8230;<\/p>\n","protected":false},"featured_media":70618,"template":"","meta":[],"product_brand":[],"product_cat":[480,858,476],"product_tag":[],"class_list":{"0":"post-70627","1":"product","2":"type-product","3":"status-publish","4":"has-post-thumbnail","6":"product_cat-grillpaviljonger","7":"product_cat-tradgard-terrass","8":"product_cat-tradgardspaviljonger","10":"first","11":"instock","12":"sale","13":"taxable","14":"shipping-taxable","15":"purchasable","16":"product-type-simple"},"yoast_head":"<!-- This site is optimized with the Yoast SEO plugin v25.4 - https:\/\/yoast.com\/wordpress\/plugins\/seo\/ -->\n<title>TRUUSK Grillpaviljong Med LED 240 X 150 X 258 Cm - Vattenavvisande - Flamskyddad - Dubbelskiktstak - Sidohyllor - Tr\u00e4dg\u00e5rdsb\u00e5gar - TRUUSK - Hem, Tr\u00e4dg\u00e5rd &amp; Fritid<\/title>\n<meta name=\"robots\" content=\"index, follow, max-snippet:-1, max-image-preview:large, max-video-preview:-1\" \/>\n<link rel=\"canonical\" href=\"https:\/\/truusk.store\/sv\/produkt\/truusk-grillpaviljong-med-led-240-x-150-x-258-cm-vattenavvisande-flamskyddad-dubbelskiktstak-sidohyllor-tradgardsbagar\/\" \/>\n<meta property=\"og:locale\" content=\"sv_SE\" \/>\n<meta property=\"og:type\" content=\"article\" \/>\n<meta property=\"og:title\" content=\"TRUUSK Grillpaviljong Med LED 240 X 150 X 258 Cm - Vattenavvisande - Flamskyddad - Dubbelskiktstak - Sidohyllor - Tr\u00e4dg\u00e5rdsb\u00e5gar - TRUUSK - Hem, Tr\u00e4dg\u00e5rd &amp; Fritid\" \/>\n<meta property=\"og:description\" content=\"Upplev grillning p\u00e5 nytt med TRUUSK Grillpaviljong! Dubbelskiktstaket p\u00e5 grillpaviljongen fr\u00e4mjar luftcirkulation och leder effektivt bort v\u00e4rme och r\u00f6k, s\u00e5...\" \/>\n<meta property=\"og:url\" content=\"https:\/\/truusk.store\/sv\/produkt\/truusk-grillpaviljong-med-led-240-x-150-x-258-cm-vattenavvisande-flamskyddad-dubbelskiktstak-sidohyllor-tradgardsbagar\/\" \/>\n<meta property=\"og:site_name\" content=\"TRUUSK - Hem, Tr\u00e4dg\u00e5rd &amp; Fritid\" \/>\n<meta property=\"article:modified_time\" content=\"2026-03-12T08:46:42+00:00\" \/>\n<meta property=\"og:image\" content=\"https:\/\/i0.wp.com\/truusk.se\/wp-content\/uploads\/2025\/06\/grillpaviljong-med-led-240-x-150-x-258-cm-vattenavvisande-flamskyddad-tradgardspaviljong-med-dubbelskiktstak-sidohyllor-tradgardsbagar-med-uv-skydd-bbq-paviljong-for-fest-bbq-morkgra-1.webp?fit=2000%2C2000&ssl=1\" \/>\n\t<meta property=\"og:image:width\" content=\"2000\" \/>\n\t<meta property=\"og:image:height\" content=\"2000\" \/>\n\t<meta property=\"og:image:type\" content=\"image\/webp\" \/>\n<meta name=\"twitter:card\" content=\"summary_large_image\" \/>\n<meta name=\"twitter:label1\" content=\"Ber\u00e4knad l\u00e4stid\" \/>\n\t<meta name=\"twitter:data1\" content=\"1 minut\" \/>\n<!-- \/ Yoast SEO plugin. -->","yoast_head_json":{"title":"TRUUSK Grillpaviljong Med LED 240 X 150 X 258 Cm - Vattenavvisande - Flamskyddad - Dubbelskiktstak - Sidohyllor - Tr\u00e4dg\u00e5rdsb\u00e5gar - TRUUSK - Hem, Tr\u00e4dg\u00e5rd &amp; Fritid","robots":{"index":"index","follow":"follow","max-snippet":"max-snippet:-1","max-image-preview":"max-image-preview:large","max-video-preview":"max-video-preview:-1"},"canonical":"https:\/\/truusk.store\/sv\/produkt\/truusk-grillpaviljong-med-led-240-x-150-x-258-cm-vattenavvisande-flamskyddad-dubbelskiktstak-sidohyllor-tradgardsbagar\/","og_locale":"sv_SE","og_type":"article","og_title":"TRUUSK Grillpaviljong Med LED 240 X 150 X 258 Cm - Vattenavvisande - Flamskyddad - Dubbelskiktstak - Sidohyllor - Tr\u00e4dg\u00e5rdsb\u00e5gar - TRUUSK - Hem, Tr\u00e4dg\u00e5rd &amp; Fritid","og_description":"Upplev grillning p\u00e5 nytt med TRUUSK Grillpaviljong! Dubbelskiktstaket p\u00e5 grillpaviljongen fr\u00e4mjar luftcirkulation och leder effektivt bort v\u00e4rme och r\u00f6k, s\u00e5...","og_url":"https:\/\/truusk.store\/sv\/produkt\/truusk-grillpaviljong-med-led-240-x-150-x-258-cm-vattenavvisande-flamskyddad-dubbelskiktstak-sidohyllor-tradgardsbagar\/","og_site_name":"TRUUSK - Hem, Tr\u00e4dg\u00e5rd &amp; Fritid","article_modified_time":"2026-03-12T08:46:42+00:00","og_image":[{"width":2000,"height":2000,"url":"https:\/\/i0.wp.com\/truusk.se\/wp-content\/uploads\/2025\/06\/grillpaviljong-med-led-240-x-150-x-258-cm-vattenavvisande-flamskyddad-tradgardspaviljong-med-dubbelskiktstak-sidohyllor-tradgardsbagar-med-uv-skydd-bbq-paviljong-for-fest-bbq-morkgra-1.webp?fit=2000%2C2000&ssl=1","type":"image\/webp"}],"twitter_card":"summary_large_image","twitter_misc":{"Ber\u00e4knad l\u00e4stid":"1 minut"},"schema":{"@context":"https:\/\/schema.org","@graph":[{"@type":"WebPage","@id":"https:\/\/truusk.store\/sv\/produkt\/truusk-grillpaviljong-med-led-240-x-150-x-258-cm-vattenavvisande-flamskyddad-dubbelskiktstak-sidohyllor-tradgardsbagar\/","url":"https:\/\/truusk.store\/sv\/produkt\/truusk-grillpaviljong-med-led-240-x-150-x-258-cm-vattenavvisande-flamskyddad-dubbelskiktstak-sidohyllor-tradgardsbagar\/","name":"TRUUSK Grillpaviljong Med LED 240 X 150 X 258 Cm - Vattenavvisande - Flamskyddad - Dubbelskiktstak - Sidohyllor - Tr\u00e4dg\u00e5rdsb\u00e5gar - TRUUSK - Hem, Tr\u00e4dg\u00e5rd &amp; Fritid","isPartOf":{"@id":"https:\/\/truusk.store\/sv\/#website"},"primaryImageOfPage":{"@id":"https:\/\/truusk.store\/sv\/produkt\/truusk-grillpaviljong-med-led-240-x-150-x-258-cm-vattenavvisande-flamskyddad-dubbelskiktstak-sidohyllor-tradgardsbagar\/#primaryimage"},"image":{"@id":"https:\/\/truusk.store\/sv\/produkt\/truusk-grillpaviljong-med-led-240-x-150-x-258-cm-vattenavvisande-flamskyddad-dubbelskiktstak-sidohyllor-tradgardsbagar\/#primaryimage"},"thumbnailUrl":"https:\/\/i0.wp.com\/truusk.store\/wp-content\/uploads\/2025\/06\/grillpaviljong-med-led-240-x-150-x-258-cm-vattenavvisande-flamskyddad-tradgardspaviljong-med-dubbelskiktstak-sidohyllor-tradgardsbagar-med-uv-skydd-bbq-paviljong-for-fest-bbq-morkgra-1.webp?fit=2000%2C2000&ssl=1","datePublished":"2025-06-05T18:46:52+00:00","dateModified":"2026-03-12T08:46:42+00:00","breadcrumb":{"@id":"https:\/\/truusk.store\/sv\/produkt\/truusk-grillpaviljong-med-led-240-x-150-x-258-cm-vattenavvisande-flamskyddad-dubbelskiktstak-sidohyllor-tradgardsbagar\/#breadcrumb"},"inLanguage":"sv-SE","potentialAction":[{"@type":"ReadAction","target":["https:\/\/truusk.store\/sv\/produkt\/truusk-grillpaviljong-med-led-240-x-150-x-258-cm-vattenavvisande-flamskyddad-dubbelskiktstak-sidohyllor-tradgardsbagar\/"]}]},{"@type":"ImageObject","inLanguage":"sv-SE","@id":"https:\/\/truusk.store\/sv\/produkt\/truusk-grillpaviljong-med-led-240-x-150-x-258-cm-vattenavvisande-flamskyddad-dubbelskiktstak-sidohyllor-tradgardsbagar\/#primaryimage","url":"https:\/\/i0.wp.com\/truusk.store\/wp-content\/uploads\/2025\/06\/grillpaviljong-med-led-240-x-150-x-258-cm-vattenavvisande-flamskyddad-tradgardspaviljong-med-dubbelskiktstak-sidohyllor-tradgardsbagar-med-uv-skydd-bbq-paviljong-for-fest-bbq-morkgra-1.webp?fit=2000%2C2000&ssl=1","contentUrl":"https:\/\/i0.wp.com\/truusk.store\/wp-content\/uploads\/2025\/06\/grillpaviljong-med-led-240-x-150-x-258-cm-vattenavvisande-flamskyddad-tradgardspaviljong-med-dubbelskiktstak-sidohyllor-tradgardsbagar-med-uv-skydd-bbq-paviljong-for-fest-bbq-morkgra-1.webp?fit=2000%2C2000&ssl=1","width":2000,"height":2000},{"@type":"BreadcrumbList","@id":"https:\/\/truusk.store\/sv\/produkt\/truusk-grillpaviljong-med-led-240-x-150-x-258-cm-vattenavvisande-flamskyddad-dubbelskiktstak-sidohyllor-tradgardsbagar\/#breadcrumb","itemListElement":[{"@type":"ListItem","position":1,"name":"Home","item":"https:\/\/truusk.store\/sv\/"},{"@type":"ListItem","position":2,"name":"Shop","item":"https:\/\/truusk.store\/shop\/"},{"@type":"ListItem","position":3,"name":"TRUUSK Grillpaviljong Med LED 240 X 150 X 258 Cm &#8211; Vattenavvisande &#8211; Flamskyddad &#8211; Dubbelskiktstak &#8211; Sidohyllor &#8211; Tr\u00e4dg\u00e5rdsb\u00e5gar"}]},{"@type":"WebSite","@id":"https:\/\/truusk.store\/sv\/#website","url":"https:\/\/truusk.store\/sv\/","name":"TRUUSK - Hem, Tr\u00e4dg\u00e5rd & Fritid","description":"","publisher":{"@id":"https:\/\/truusk.store\/sv\/#organization"},"potentialAction":[{"@type":"SearchAction","target":{"@type":"EntryPoint","urlTemplate":"https:\/\/truusk.store\/sv\/?s={search_term_string}"},"query-input":{"@type":"PropertyValueSpecification","valueRequired":true,"valueName":"search_term_string"}}],"inLanguage":"sv-SE"},{"@type":"Organization","@id":"https:\/\/truusk.store\/sv\/#organization","name":"TRUUSK - Hem, Tr\u00e4dg\u00e5rd & Fritid","url":"https:\/\/truusk.store\/sv\/","logo":{"@type":"ImageObject","inLanguage":"sv-SE","@id":"https:\/\/truusk.store\/sv\/#\/schema\/logo\/image\/","url":"https:\/\/i0.wp.com\/truusk.store\/wp-content\/uploads\/2026\/03\/cropped-TRUUSK.png?fit=2032%2C917&ssl=1","contentUrl":"https:\/\/i0.wp.com\/truusk.store\/wp-content\/uploads\/2026\/03\/cropped-TRUUSK.png?fit=2032%2C917&ssl=1","width":2032,"height":917,"caption":"TRUUSK - Hem, Tr\u00e4dg\u00e5rd & Fritid"},"image":{"@id":"https:\/\/truusk.store\/sv\/#\/schema\/logo\/image\/"}}]}},"jetpack_sharing_enabled":true,"_links":{"self":[{"href":"https:\/\/truusk.store\/sv\/wp-json\/wp\/v2\/product\/70627","targetHints":{"allow":["GET"]}}],"collection":[{"href":"https:\/\/truusk.store\/sv\/wp-json\/wp\/v2\/product"}],"about":[{"href":"https:\/\/truusk.store\/sv\/wp-json\/wp\/v2\/types\/product"}],"wp:featuredmedia":[{"embeddable":true,"href":"https:\/\/truusk.store\/sv\/wp-json\/wp\/v2\/media\/70618"}],"wp:attachment":[{"href":"https:\/\/truusk.store\/sv\/wp-json\/wp\/v2\/media?parent=70627"}],"wp:term":[{"taxonomy":"product_brand","embeddable":true,"href":"https:\/\/truusk.store\/sv\/wp-json\/wp\/v2\/product_brand?post=70627"},{"taxonomy":"product_cat","embeddable":true,"href":"https:\/\/truusk.store\/sv\/wp-json\/wp\/v2\/product_cat?post=70627"},{"taxonomy":"product_tag","embeddable":true,"href":"https:\/\/truusk.store\/sv\/wp-json\/wp\/v2\/product_tag?post=70627"}],"curies":[{"name":"wp","href":"https:\/\/api.w.org\/{rel}","templated":true}]}}