{"id":70687,"date":"2025-06-05T19:52:54","date_gmt":"2025-06-05T18:52:54","guid":{"rendered":"https:\/\/truusk.store\/product\/fristaende-paviljong-med-tak-vattentalig-paviljongtak-tradgardspaviljong-terrasspaviljong-takskydd-solskydd-for-terrass-och-tradgard-ca-25x3x25-m-morkgra\/"},"modified":"2026-03-12T09:46:47","modified_gmt":"2026-03-12T08:46:47","slug":"truusk-fristaende-paviljong-med-tak-vattentaligt-terrasspaviljong-takskydd-solskydd-ca-25x3x25-m-morkgra","status":"publish","type":"product","link":"https:\/\/truusk.store\/sv\/produkt\/truusk-fristaende-paviljong-med-tak-vattentaligt-terrasspaviljong-takskydd-solskydd-ca-25x3x25-m-morkgra\/","title":{"rendered":"TRUUSK Frist\u00e5ende Paviljong Med Tak &#8211; Vattent\u00e5ligt &#8211; Terrasspaviljong &#8211; Takskydd &#8211; Solskydd &#8211; Ca 2,5x3x2,5 M &#8211; M\u00f6rkgr\u00e5"},"content":{"rendered":"<p>Forma om ditt utomhusomr\u00e5de med TRUUSK paviljong. Tillverkad av 180gsm polyester, ger denna utomhuspergola skydd mot l\u00e4tt regn och f\u00f6rhindrar vattenansamling genom 16 avloppsh\u00e5l. Den pulverlackerade ramen p\u00e5 paviljongen garanterar stabilitet, perfekt f\u00f6r din terrass eller bubbelpoolomr\u00e5de. Lutad mot en v\u00e4gg, kombinerar den smidigt komforten inomhus med den friska luften i din tr\u00e4dg\u00e5rd.<\/p>\n<p>Beskrivning:<\/p>\n<ul>\n<li> Den sv\u00e4ngda designen p\u00e5 paviljongen kompletterar utomhusdekorationen<\/li>\n<li> 180g\/m\u00b2 polyesterduk p\u00e5 paviljongen skyddar mot l\u00e4tt regn<\/li>\n<li> Avloppsh\u00e5l f\u00f6rhindrar ansamling av regnvatten p\u00e5 pergolan<\/li>\n<li> Pulverlackerad ram p\u00e5 balkongpaviljongen f\u00f6rb\u00e4ttrar h\u00e5llbarheten<\/li>\n<li> Designad f\u00f6r att f\u00e4stas p\u00e5 v\u00e4ggar, kombinerar inomhus- och utomhusomr\u00e5den<\/li>\n<li> Markankare och expanderpluggar f\u00f6r montering p\u00e5 mjukt eller h\u00e5rt underlag<\/li>\n<li> Montering kr\u00e4vs<\/li>\n<\/ul>\n<p> Tekniska data:<\/p>\n<ul>\n<li> F\u00e4rg: M\u00f6rkgr\u00e5<\/li>\n<li> Material: Metall, Polyester<\/li>\n<li> Totala dimensioner: 248L x 298B x 200\/250H cm<\/li>\n<li> Kolonnavst\u00e5nd: 238L x 287B cm<\/li>\n<li> Kolonnstorlek: 40L x 40B mm<\/li>\n<li> Vindt\u00e5lighetsniv\u00e5: 4 (28 km\/h)<\/li>\n<li> Obs: Inte l\u00e4mplig f\u00f6r extrema v\u00e4derf\u00f6rh\u00e5llanden som stormar eller stark vind\/regnskurar<\/li>\n<\/ul>\n<p>Leveransinneh\u00e5ll:<\/p>\n<ul>\n<li> 1 x Pergola<\/li>\n<li> 2 x Pumpadekoration<\/li>\n<li> 8 x Markspik<\/li>\n<li> 8 x Expanderpluggar<\/li>\n<li> 1 x Bruksanvisning<\/li>\n<\/ul>\n","protected":false},"excerpt":{"rendered":"<p>Forma om ditt utomhusomr\u00e5de med TRUUSK paviljong. Tillverkad av 180gsm polyester, ger denna utomhuspergola skydd mot l\u00e4tt regn och f\u00f6rhindrar&#8230;<\/p>\n","protected":false},"featured_media":70678,"template":"","meta":[],"product_brand":[],"product_cat":[478,858,476],"product_tag":[],"class_list":{"0":"post-70687","1":"product","2":"type-product","3":"status-publish","4":"has-post-thumbnail","6":"product_cat-pergola","7":"product_cat-tradgard-terrass","8":"product_cat-tradgardspaviljonger","10":"first","11":"instock","12":"sale","13":"taxable","14":"shipping-taxable","15":"purchasable","16":"product-type-simple"},"yoast_head":"<!-- This site is optimized with the Yoast SEO plugin v25.4 - https:\/\/yoast.com\/wordpress\/plugins\/seo\/ -->\n<title>TRUUSK Frist\u00e5ende Paviljong Med Tak - Vattent\u00e5ligt - Terrasspaviljong - Takskydd - Solskydd - Ca 2,5x3x2,5 M - M\u00f6rkgr\u00e5 - TRUUSK - Hem, Tr\u00e4dg\u00e5rd &amp; Fritid<\/title>\n<meta name=\"robots\" content=\"index, follow, max-snippet:-1, max-image-preview:large, max-video-preview:-1\" \/>\n<link rel=\"canonical\" href=\"https:\/\/truusk.store\/sv\/produkt\/truusk-fristaende-paviljong-med-tak-vattentaligt-terrasspaviljong-takskydd-solskydd-ca-25x3x25-m-morkgra\/\" \/>\n<meta property=\"og:locale\" content=\"sv_SE\" \/>\n<meta property=\"og:type\" content=\"article\" \/>\n<meta property=\"og:title\" content=\"TRUUSK Frist\u00e5ende Paviljong Med Tak - Vattent\u00e5ligt - Terrasspaviljong - Takskydd - Solskydd - Ca 2,5x3x2,5 M - M\u00f6rkgr\u00e5 - TRUUSK - Hem, Tr\u00e4dg\u00e5rd &amp; Fritid\" \/>\n<meta property=\"og:description\" content=\"Forma om ditt utomhusomr\u00e5de med TRUUSK paviljong. Tillverkad av 180gsm polyester, ger denna utomhuspergola skydd mot l\u00e4tt regn och f\u00f6rhindrar...\" \/>\n<meta property=\"og:url\" content=\"https:\/\/truusk.store\/sv\/produkt\/truusk-fristaende-paviljong-med-tak-vattentaligt-terrasspaviljong-takskydd-solskydd-ca-25x3x25-m-morkgra\/\" \/>\n<meta property=\"og:site_name\" content=\"TRUUSK - Hem, Tr\u00e4dg\u00e5rd &amp; Fritid\" \/>\n<meta property=\"article:modified_time\" content=\"2026-03-12T08:46:47+00:00\" \/>\n<meta property=\"og:image\" content=\"https:\/\/i0.wp.com\/truusk.se\/wp-content\/uploads\/2025\/06\/fristaende-paviljong-med-tak-vattentalig-paviljongtak-tradgardspaviljong-terrasspaviljong-takskydd-solskydd-for-terrass-och-tradgard-ca-25x3x25-m-morkgra-1.webp?fit=2000%2C2000&ssl=1\" \/>\n\t<meta property=\"og:image:width\" content=\"2000\" \/>\n\t<meta property=\"og:image:height\" content=\"2000\" \/>\n\t<meta property=\"og:image:type\" content=\"image\/webp\" \/>\n<meta name=\"twitter:card\" content=\"summary_large_image\" \/>\n<meta name=\"twitter:label1\" content=\"Ber\u00e4knad l\u00e4stid\" \/>\n\t<meta name=\"twitter:data1\" content=\"1 minut\" \/>\n<!-- \/ Yoast SEO plugin. -->","yoast_head_json":{"title":"TRUUSK Frist\u00e5ende Paviljong Med Tak - Vattent\u00e5ligt - Terrasspaviljong - Takskydd - Solskydd - Ca 2,5x3x2,5 M - M\u00f6rkgr\u00e5 - TRUUSK - Hem, Tr\u00e4dg\u00e5rd &amp; Fritid","robots":{"index":"index","follow":"follow","max-snippet":"max-snippet:-1","max-image-preview":"max-image-preview:large","max-video-preview":"max-video-preview:-1"},"canonical":"https:\/\/truusk.store\/sv\/produkt\/truusk-fristaende-paviljong-med-tak-vattentaligt-terrasspaviljong-takskydd-solskydd-ca-25x3x25-m-morkgra\/","og_locale":"sv_SE","og_type":"article","og_title":"TRUUSK Frist\u00e5ende Paviljong Med Tak - Vattent\u00e5ligt - Terrasspaviljong - Takskydd - Solskydd - Ca 2,5x3x2,5 M - M\u00f6rkgr\u00e5 - TRUUSK - Hem, Tr\u00e4dg\u00e5rd &amp; Fritid","og_description":"Forma om ditt utomhusomr\u00e5de med TRUUSK paviljong. Tillverkad av 180gsm polyester, ger denna utomhuspergola skydd mot l\u00e4tt regn och f\u00f6rhindrar...","og_url":"https:\/\/truusk.store\/sv\/produkt\/truusk-fristaende-paviljong-med-tak-vattentaligt-terrasspaviljong-takskydd-solskydd-ca-25x3x25-m-morkgra\/","og_site_name":"TRUUSK - Hem, Tr\u00e4dg\u00e5rd &amp; Fritid","article_modified_time":"2026-03-12T08:46:47+00:00","og_image":[{"width":2000,"height":2000,"url":"https:\/\/i0.wp.com\/truusk.se\/wp-content\/uploads\/2025\/06\/fristaende-paviljong-med-tak-vattentalig-paviljongtak-tradgardspaviljong-terrasspaviljong-takskydd-solskydd-for-terrass-och-tradgard-ca-25x3x25-m-morkgra-1.webp?fit=2000%2C2000&ssl=1","type":"image\/webp"}],"twitter_card":"summary_large_image","twitter_misc":{"Ber\u00e4knad l\u00e4stid":"1 minut"},"schema":{"@context":"https:\/\/schema.org","@graph":[{"@type":"WebPage","@id":"https:\/\/truusk.store\/sv\/produkt\/truusk-fristaende-paviljong-med-tak-vattentaligt-terrasspaviljong-takskydd-solskydd-ca-25x3x25-m-morkgra\/","url":"https:\/\/truusk.store\/sv\/produkt\/truusk-fristaende-paviljong-med-tak-vattentaligt-terrasspaviljong-takskydd-solskydd-ca-25x3x25-m-morkgra\/","name":"TRUUSK Frist\u00e5ende Paviljong Med Tak - Vattent\u00e5ligt - Terrasspaviljong - Takskydd - Solskydd - Ca 2,5x3x2,5 M - M\u00f6rkgr\u00e5 - TRUUSK - Hem, Tr\u00e4dg\u00e5rd &amp; Fritid","isPartOf":{"@id":"https:\/\/truusk.store\/sv\/#website"},"primaryImageOfPage":{"@id":"https:\/\/truusk.store\/sv\/produkt\/truusk-fristaende-paviljong-med-tak-vattentaligt-terrasspaviljong-takskydd-solskydd-ca-25x3x25-m-morkgra\/#primaryimage"},"image":{"@id":"https:\/\/truusk.store\/sv\/produkt\/truusk-fristaende-paviljong-med-tak-vattentaligt-terrasspaviljong-takskydd-solskydd-ca-25x3x25-m-morkgra\/#primaryimage"},"thumbnailUrl":"https:\/\/i0.wp.com\/truusk.store\/wp-content\/uploads\/2025\/06\/fristaende-paviljong-med-tak-vattentalig-paviljongtak-tradgardspaviljong-terrasspaviljong-takskydd-solskydd-for-terrass-och-tradgard-ca-25x3x25-m-morkgra-1.webp?fit=2000%2C2000&ssl=1","datePublished":"2025-06-05T18:52:54+00:00","dateModified":"2026-03-12T08:46:47+00:00","breadcrumb":{"@id":"https:\/\/truusk.store\/sv\/produkt\/truusk-fristaende-paviljong-med-tak-vattentaligt-terrasspaviljong-takskydd-solskydd-ca-25x3x25-m-morkgra\/#breadcrumb"},"inLanguage":"sv-SE","potentialAction":[{"@type":"ReadAction","target":["https:\/\/truusk.store\/sv\/produkt\/truusk-fristaende-paviljong-med-tak-vattentaligt-terrasspaviljong-takskydd-solskydd-ca-25x3x25-m-morkgra\/"]}]},{"@type":"ImageObject","inLanguage":"sv-SE","@id":"https:\/\/truusk.store\/sv\/produkt\/truusk-fristaende-paviljong-med-tak-vattentaligt-terrasspaviljong-takskydd-solskydd-ca-25x3x25-m-morkgra\/#primaryimage","url":"https:\/\/i0.wp.com\/truusk.store\/wp-content\/uploads\/2025\/06\/fristaende-paviljong-med-tak-vattentalig-paviljongtak-tradgardspaviljong-terrasspaviljong-takskydd-solskydd-for-terrass-och-tradgard-ca-25x3x25-m-morkgra-1.webp?fit=2000%2C2000&ssl=1","contentUrl":"https:\/\/i0.wp.com\/truusk.store\/wp-content\/uploads\/2025\/06\/fristaende-paviljong-med-tak-vattentalig-paviljongtak-tradgardspaviljong-terrasspaviljong-takskydd-solskydd-for-terrass-och-tradgard-ca-25x3x25-m-morkgra-1.webp?fit=2000%2C2000&ssl=1","width":2000,"height":2000},{"@type":"BreadcrumbList","@id":"https:\/\/truusk.store\/sv\/produkt\/truusk-fristaende-paviljong-med-tak-vattentaligt-terrasspaviljong-takskydd-solskydd-ca-25x3x25-m-morkgra\/#breadcrumb","itemListElement":[{"@type":"ListItem","position":1,"name":"Home","item":"https:\/\/truusk.store\/sv\/"},{"@type":"ListItem","position":2,"name":"Shop","item":"https:\/\/truusk.store\/shop\/"},{"@type":"ListItem","position":3,"name":"TRUUSK Frist\u00e5ende Paviljong Med Tak &#8211; Vattent\u00e5ligt &#8211; Terrasspaviljong &#8211; Takskydd &#8211; Solskydd &#8211; Ca 2,5x3x2,5 M &#8211; M\u00f6rkgr\u00e5"}]},{"@type":"WebSite","@id":"https:\/\/truusk.store\/sv\/#website","url":"https:\/\/truusk.store\/sv\/","name":"TRUUSK - Hem, Tr\u00e4dg\u00e5rd & Fritid","description":"","publisher":{"@id":"https:\/\/truusk.store\/sv\/#organization"},"potentialAction":[{"@type":"SearchAction","target":{"@type":"EntryPoint","urlTemplate":"https:\/\/truusk.store\/sv\/?s={search_term_string}"},"query-input":{"@type":"PropertyValueSpecification","valueRequired":true,"valueName":"search_term_string"}}],"inLanguage":"sv-SE"},{"@type":"Organization","@id":"https:\/\/truusk.store\/sv\/#organization","name":"TRUUSK - Hem, Tr\u00e4dg\u00e5rd & Fritid","url":"https:\/\/truusk.store\/sv\/","logo":{"@type":"ImageObject","inLanguage":"sv-SE","@id":"https:\/\/truusk.store\/sv\/#\/schema\/logo\/image\/","url":"https:\/\/i0.wp.com\/truusk.store\/wp-content\/uploads\/2026\/03\/cropped-TRUUSK.png?fit=2032%2C917&ssl=1","contentUrl":"https:\/\/i0.wp.com\/truusk.store\/wp-content\/uploads\/2026\/03\/cropped-TRUUSK.png?fit=2032%2C917&ssl=1","width":2032,"height":917,"caption":"TRUUSK - Hem, Tr\u00e4dg\u00e5rd & Fritid"},"image":{"@id":"https:\/\/truusk.store\/sv\/#\/schema\/logo\/image\/"}}]}},"jetpack_sharing_enabled":true,"_links":{"self":[{"href":"https:\/\/truusk.store\/sv\/wp-json\/wp\/v2\/product\/70687","targetHints":{"allow":["GET"]}}],"collection":[{"href":"https:\/\/truusk.store\/sv\/wp-json\/wp\/v2\/product"}],"about":[{"href":"https:\/\/truusk.store\/sv\/wp-json\/wp\/v2\/types\/product"}],"wp:featuredmedia":[{"embeddable":true,"href":"https:\/\/truusk.store\/sv\/wp-json\/wp\/v2\/media\/70678"}],"wp:attachment":[{"href":"https:\/\/truusk.store\/sv\/wp-json\/wp\/v2\/media?parent=70687"}],"wp:term":[{"taxonomy":"product_brand","embeddable":true,"href":"https:\/\/truusk.store\/sv\/wp-json\/wp\/v2\/product_brand?post=70687"},{"taxonomy":"product_cat","embeddable":true,"href":"https:\/\/truusk.store\/sv\/wp-json\/wp\/v2\/product_cat?post=70687"},{"taxonomy":"product_tag","embeddable":true,"href":"https:\/\/truusk.store\/sv\/wp-json\/wp\/v2\/product_tag?post=70687"}],"curies":[{"name":"wp","href":"https:\/\/api.w.org\/{rel}","templated":true}]}}