{"id":70737,"date":"2025-06-05T19:57:41","date_gmt":"2025-06-05T18:57:41","guid":{"rendered":"https:\/\/truusk.store\/product\/klatterstod-i-metall-2-pack-att-sticka-in-rostfritt-stod-for-klattervaxter-50x150-cm-tradgardsspalje-for-inomhusvaxter-vaxtspalje-for-tomater-gronsaker-blommor-klattervaxter-svart\/"},"modified":"2026-03-12T08:41:06","modified_gmt":"2026-03-12T07:41:06","slug":"truusk-metall-klatterstod-2-pack-rostfritt-for-klattervaxter-50x150-cm-tradgardsspalje-vaxtspalje-svart","status":"publish","type":"product","link":"https:\/\/truusk.store\/sv\/produkt\/truusk-metall-klatterstod-2-pack-rostfritt-for-klattervaxter-50x150-cm-tradgardsspalje-vaxtspalje-svart\/","title":{"rendered":"TRUUSK Metall Kl\u00e4tterst\u00f6d 2-pack &#8211; Rostfritt &#8211; F\u00f6r Kl\u00e4tterv\u00e4xter &#8211; 50&#215;150 cm &#8211; Tr\u00e4dg\u00e5rdsspalj\u00e9 &#8211; V\u00e4xtspalj\u00e9 &#8211; Svart"},"content":{"rendered":"<p>Forma om din tr\u00e4dg\u00e5rd med TRUUSK rosengitter! Denna rosenst\u00f6d erbjuder gott om utrymme f\u00f6r kl\u00e4tterv\u00e4xter och s\u00e4ker h\u00e5llning \u00e4ven i vind. Med en rostfri metallram och tilltalande oregelbundna m\u00f6nster kombinerar detta rosenkl\u00e4tterst\u00f6d funktionell v\u00e4xtst\u00f6d med dekorativ insynsskydd. Perfekt f\u00f6r att bringa elegans till din tr\u00e4dg\u00e5rd.<\/p>\n<p>Beskrivning:<\/p>\n<ul>\n<li> Tv\u00e5 kl\u00e4tterst\u00f6d erbjuder mycket utrymme f\u00f6r v\u00e4xttillv\u00e4xt<\/li>\n<li> Metallkl\u00e4tterst\u00f6den inf\u00f6rs 20 cm djupt i marken f\u00f6r stabilitet och st\u00f6d<\/li>\n<li> St\u00f6der gurkkl\u00e4tterst\u00f6d kl\u00e4tterv\u00e4xter, fungerar ocks\u00e5 som insynsskydd<\/li>\n<li> Oregelbundet m\u00f6nster f\u00f6rb\u00e4ttrar tr\u00e4dg\u00e5rdens estetik<\/li>\n<li> Metallram med pulverbel\u00e4ggning \u00e4r rostbest\u00e4ndig<\/li>\n<li> Enkel montering kr\u00e4vs<\/li>\n<\/ul>\n<p> Tekniska data:<\/p>\n<ul>\n<li> F\u00e4rg: Svart<\/li>\n<li> Material: Metall<\/li>\n<li> Totala dimensioner: 50B x 150H cm (enskild)<\/li>\n<li> Inf\u00f6ringsl\u00e4ngd i marken: 20 cm<\/li>\n<\/ul>\n<p>Leveransinneh\u00e5ll:<\/p>\n<ul>\n<li> 2 x V\u00e4xtst\u00f6d<\/li>\n<li> 1 x Bruksanvisning<\/li>\n<\/ul>\n","protected":false},"excerpt":{"rendered":"<p>Forma om din tr\u00e4dg\u00e5rd med TRUUSK rosengitter! Denna rosenst\u00f6d erbjuder gott om utrymme f\u00f6r kl\u00e4tterv\u00e4xter och s\u00e4ker h\u00e5llning \u00e4ven i&#8230;<\/p>\n","protected":false},"featured_media":70728,"template":"","meta":[],"product_brand":[],"product_cat":[924,858,443],"product_tag":[],"class_list":{"0":"post-70737","1":"product","2":"type-product","3":"status-publish","4":"has-post-thumbnail","6":"product_cat-plantkarl","7":"product_cat-tradgard-terrass","8":"product_cat-vaxthus-tradgardsskotsel","10":"first","11":"instock","12":"sale","13":"taxable","14":"shipping-taxable","15":"purchasable","16":"product-type-simple"},"yoast_head":"<!-- This site is optimized with the Yoast SEO plugin v25.4 - https:\/\/yoast.com\/wordpress\/plugins\/seo\/ -->\n<title>TRUUSK Metall Kl\u00e4tterst\u00f6d 2-pack - Rostfritt - F\u00f6r Kl\u00e4tterv\u00e4xter - 50x150 cm - Tr\u00e4dg\u00e5rdsspalj\u00e9 - V\u00e4xtspalj\u00e9 - Svart - TRUUSK - Hem, Tr\u00e4dg\u00e5rd &amp; Fritid<\/title>\n<meta name=\"robots\" content=\"index, follow, max-snippet:-1, max-image-preview:large, max-video-preview:-1\" \/>\n<link rel=\"canonical\" href=\"https:\/\/truusk.store\/sv\/produkt\/truusk-metall-klatterstod-2-pack-rostfritt-for-klattervaxter-50x150-cm-tradgardsspalje-vaxtspalje-svart\/\" \/>\n<meta property=\"og:locale\" content=\"sv_SE\" \/>\n<meta property=\"og:type\" content=\"article\" \/>\n<meta property=\"og:title\" content=\"TRUUSK Metall Kl\u00e4tterst\u00f6d 2-pack - Rostfritt - F\u00f6r Kl\u00e4tterv\u00e4xter - 50x150 cm - Tr\u00e4dg\u00e5rdsspalj\u00e9 - V\u00e4xtspalj\u00e9 - Svart - TRUUSK - Hem, Tr\u00e4dg\u00e5rd &amp; Fritid\" \/>\n<meta property=\"og:description\" content=\"Forma om din tr\u00e4dg\u00e5rd med TRUUSK rosengitter! Denna rosenst\u00f6d erbjuder gott om utrymme f\u00f6r kl\u00e4tterv\u00e4xter och s\u00e4ker h\u00e5llning \u00e4ven i...\" \/>\n<meta property=\"og:url\" content=\"https:\/\/truusk.store\/sv\/produkt\/truusk-metall-klatterstod-2-pack-rostfritt-for-klattervaxter-50x150-cm-tradgardsspalje-vaxtspalje-svart\/\" \/>\n<meta property=\"og:site_name\" content=\"TRUUSK - Hem, Tr\u00e4dg\u00e5rd &amp; Fritid\" \/>\n<meta property=\"article:modified_time\" content=\"2026-03-12T07:41:06+00:00\" \/>\n<meta property=\"og:image\" content=\"https:\/\/i0.wp.com\/truusk.se\/wp-content\/uploads\/2025\/06\/klatterstod-i-metall-2-pack-att-sticka-in-rostfritt-stod-for-klattervaxter-50x150-cm-tradgardsspalje-for-inomhusvaxter-vaxtspalje-for-tomater-gronsaker-blommor-klattervaxter-svart-1.webp?fit=2000%2C2000&ssl=1\" \/>\n\t<meta property=\"og:image:width\" content=\"2000\" \/>\n\t<meta property=\"og:image:height\" content=\"2000\" \/>\n\t<meta property=\"og:image:type\" content=\"image\/webp\" \/>\n<meta name=\"twitter:card\" content=\"summary_large_image\" \/>\n<meta name=\"twitter:label1\" content=\"Ber\u00e4knad l\u00e4stid\" \/>\n\t<meta name=\"twitter:data1\" content=\"1 minut\" \/>\n<!-- \/ Yoast SEO plugin. -->","yoast_head_json":{"title":"TRUUSK Metall Kl\u00e4tterst\u00f6d 2-pack - Rostfritt - F\u00f6r Kl\u00e4tterv\u00e4xter - 50x150 cm - Tr\u00e4dg\u00e5rdsspalj\u00e9 - V\u00e4xtspalj\u00e9 - Svart - TRUUSK - Hem, Tr\u00e4dg\u00e5rd &amp; Fritid","robots":{"index":"index","follow":"follow","max-snippet":"max-snippet:-1","max-image-preview":"max-image-preview:large","max-video-preview":"max-video-preview:-1"},"canonical":"https:\/\/truusk.store\/sv\/produkt\/truusk-metall-klatterstod-2-pack-rostfritt-for-klattervaxter-50x150-cm-tradgardsspalje-vaxtspalje-svart\/","og_locale":"sv_SE","og_type":"article","og_title":"TRUUSK Metall Kl\u00e4tterst\u00f6d 2-pack - Rostfritt - F\u00f6r Kl\u00e4tterv\u00e4xter - 50x150 cm - Tr\u00e4dg\u00e5rdsspalj\u00e9 - V\u00e4xtspalj\u00e9 - Svart - TRUUSK - Hem, Tr\u00e4dg\u00e5rd &amp; Fritid","og_description":"Forma om din tr\u00e4dg\u00e5rd med TRUUSK rosengitter! Denna rosenst\u00f6d erbjuder gott om utrymme f\u00f6r kl\u00e4tterv\u00e4xter och s\u00e4ker h\u00e5llning \u00e4ven i...","og_url":"https:\/\/truusk.store\/sv\/produkt\/truusk-metall-klatterstod-2-pack-rostfritt-for-klattervaxter-50x150-cm-tradgardsspalje-vaxtspalje-svart\/","og_site_name":"TRUUSK - Hem, Tr\u00e4dg\u00e5rd &amp; Fritid","article_modified_time":"2026-03-12T07:41:06+00:00","og_image":[{"width":2000,"height":2000,"url":"https:\/\/i0.wp.com\/truusk.se\/wp-content\/uploads\/2025\/06\/klatterstod-i-metall-2-pack-att-sticka-in-rostfritt-stod-for-klattervaxter-50x150-cm-tradgardsspalje-for-inomhusvaxter-vaxtspalje-for-tomater-gronsaker-blommor-klattervaxter-svart-1.webp?fit=2000%2C2000&ssl=1","type":"image\/webp"}],"twitter_card":"summary_large_image","twitter_misc":{"Ber\u00e4knad l\u00e4stid":"1 minut"},"schema":{"@context":"https:\/\/schema.org","@graph":[{"@type":"WebPage","@id":"https:\/\/truusk.store\/sv\/produkt\/truusk-metall-klatterstod-2-pack-rostfritt-for-klattervaxter-50x150-cm-tradgardsspalje-vaxtspalje-svart\/","url":"https:\/\/truusk.store\/sv\/produkt\/truusk-metall-klatterstod-2-pack-rostfritt-for-klattervaxter-50x150-cm-tradgardsspalje-vaxtspalje-svart\/","name":"TRUUSK Metall Kl\u00e4tterst\u00f6d 2-pack - Rostfritt - F\u00f6r Kl\u00e4tterv\u00e4xter - 50x150 cm - Tr\u00e4dg\u00e5rdsspalj\u00e9 - V\u00e4xtspalj\u00e9 - Svart - TRUUSK - Hem, Tr\u00e4dg\u00e5rd &amp; Fritid","isPartOf":{"@id":"https:\/\/truusk.store\/sv\/#website"},"primaryImageOfPage":{"@id":"https:\/\/truusk.store\/sv\/produkt\/truusk-metall-klatterstod-2-pack-rostfritt-for-klattervaxter-50x150-cm-tradgardsspalje-vaxtspalje-svart\/#primaryimage"},"image":{"@id":"https:\/\/truusk.store\/sv\/produkt\/truusk-metall-klatterstod-2-pack-rostfritt-for-klattervaxter-50x150-cm-tradgardsspalje-vaxtspalje-svart\/#primaryimage"},"thumbnailUrl":"https:\/\/i0.wp.com\/truusk.store\/wp-content\/uploads\/2025\/06\/klatterstod-i-metall-2-pack-att-sticka-in-rostfritt-stod-for-klattervaxter-50x150-cm-tradgardsspalje-for-inomhusvaxter-vaxtspalje-for-tomater-gronsaker-blommor-klattervaxter-svart-1.webp?fit=2000%2C2000&ssl=1","datePublished":"2025-06-05T18:57:41+00:00","dateModified":"2026-03-12T07:41:06+00:00","breadcrumb":{"@id":"https:\/\/truusk.store\/sv\/produkt\/truusk-metall-klatterstod-2-pack-rostfritt-for-klattervaxter-50x150-cm-tradgardsspalje-vaxtspalje-svart\/#breadcrumb"},"inLanguage":"sv-SE","potentialAction":[{"@type":"ReadAction","target":["https:\/\/truusk.store\/sv\/produkt\/truusk-metall-klatterstod-2-pack-rostfritt-for-klattervaxter-50x150-cm-tradgardsspalje-vaxtspalje-svart\/"]}]},{"@type":"ImageObject","inLanguage":"sv-SE","@id":"https:\/\/truusk.store\/sv\/produkt\/truusk-metall-klatterstod-2-pack-rostfritt-for-klattervaxter-50x150-cm-tradgardsspalje-vaxtspalje-svart\/#primaryimage","url":"https:\/\/i0.wp.com\/truusk.store\/wp-content\/uploads\/2025\/06\/klatterstod-i-metall-2-pack-att-sticka-in-rostfritt-stod-for-klattervaxter-50x150-cm-tradgardsspalje-for-inomhusvaxter-vaxtspalje-for-tomater-gronsaker-blommor-klattervaxter-svart-1.webp?fit=2000%2C2000&ssl=1","contentUrl":"https:\/\/i0.wp.com\/truusk.store\/wp-content\/uploads\/2025\/06\/klatterstod-i-metall-2-pack-att-sticka-in-rostfritt-stod-for-klattervaxter-50x150-cm-tradgardsspalje-for-inomhusvaxter-vaxtspalje-for-tomater-gronsaker-blommor-klattervaxter-svart-1.webp?fit=2000%2C2000&ssl=1","width":2000,"height":2000},{"@type":"BreadcrumbList","@id":"https:\/\/truusk.store\/sv\/produkt\/truusk-metall-klatterstod-2-pack-rostfritt-for-klattervaxter-50x150-cm-tradgardsspalje-vaxtspalje-svart\/#breadcrumb","itemListElement":[{"@type":"ListItem","position":1,"name":"Home","item":"https:\/\/truusk.store\/sv\/"},{"@type":"ListItem","position":2,"name":"Shop","item":"https:\/\/truusk.store\/shop\/"},{"@type":"ListItem","position":3,"name":"TRUUSK Metall Kl\u00e4tterst\u00f6d 2-pack &#8211; Rostfritt &#8211; F\u00f6r Kl\u00e4tterv\u00e4xter &#8211; 50&#215;150 cm &#8211; Tr\u00e4dg\u00e5rdsspalj\u00e9 &#8211; V\u00e4xtspalj\u00e9 &#8211; Svart"}]},{"@type":"WebSite","@id":"https:\/\/truusk.store\/sv\/#website","url":"https:\/\/truusk.store\/sv\/","name":"TRUUSK - Hem, Tr\u00e4dg\u00e5rd & Fritid","description":"","publisher":{"@id":"https:\/\/truusk.store\/sv\/#organization"},"potentialAction":[{"@type":"SearchAction","target":{"@type":"EntryPoint","urlTemplate":"https:\/\/truusk.store\/sv\/?s={search_term_string}"},"query-input":{"@type":"PropertyValueSpecification","valueRequired":true,"valueName":"search_term_string"}}],"inLanguage":"sv-SE"},{"@type":"Organization","@id":"https:\/\/truusk.store\/sv\/#organization","name":"TRUUSK - Hem, Tr\u00e4dg\u00e5rd & Fritid","url":"https:\/\/truusk.store\/sv\/","logo":{"@type":"ImageObject","inLanguage":"sv-SE","@id":"https:\/\/truusk.store\/sv\/#\/schema\/logo\/image\/","url":"https:\/\/i0.wp.com\/truusk.store\/wp-content\/uploads\/2026\/03\/cropped-TRUUSK.png?fit=2032%2C917&ssl=1","contentUrl":"https:\/\/i0.wp.com\/truusk.store\/wp-content\/uploads\/2026\/03\/cropped-TRUUSK.png?fit=2032%2C917&ssl=1","width":2032,"height":917,"caption":"TRUUSK - Hem, Tr\u00e4dg\u00e5rd & Fritid"},"image":{"@id":"https:\/\/truusk.store\/sv\/#\/schema\/logo\/image\/"}}]}},"jetpack_sharing_enabled":true,"_links":{"self":[{"href":"https:\/\/truusk.store\/sv\/wp-json\/wp\/v2\/product\/70737","targetHints":{"allow":["GET"]}}],"collection":[{"href":"https:\/\/truusk.store\/sv\/wp-json\/wp\/v2\/product"}],"about":[{"href":"https:\/\/truusk.store\/sv\/wp-json\/wp\/v2\/types\/product"}],"wp:featuredmedia":[{"embeddable":true,"href":"https:\/\/truusk.store\/sv\/wp-json\/wp\/v2\/media\/70728"}],"wp:attachment":[{"href":"https:\/\/truusk.store\/sv\/wp-json\/wp\/v2\/media?parent=70737"}],"wp:term":[{"taxonomy":"product_brand","embeddable":true,"href":"https:\/\/truusk.store\/sv\/wp-json\/wp\/v2\/product_brand?post=70737"},{"taxonomy":"product_cat","embeddable":true,"href":"https:\/\/truusk.store\/sv\/wp-json\/wp\/v2\/product_cat?post=70737"},{"taxonomy":"product_tag","embeddable":true,"href":"https:\/\/truusk.store\/sv\/wp-json\/wp\/v2\/product_tag?post=70737"}],"curies":[{"name":"wp","href":"https:\/\/api.w.org\/{rel}","templated":true}]}}