{"id":70747,"date":"2025-06-05T19:58:54","date_gmt":"2025-06-05T18:58:54","guid":{"rendered":"https:\/\/truusk.store\/product\/grillpaviljong-233-x-110-x-235-cm-vindtat-tradgardspaviljong-med-dubbel-tak-hyllor-tradgardsbagar-med-uv-skydd-bbq-paviljong-av-stal-tradgardstalt-grilltalt-for-fest-bbq-morkgra\/"},"modified":"2026-03-12T09:46:53","modified_gmt":"2026-03-12T08:46:53","slug":"truusk-grillpaviljong-233-x-110-x-235-cm-vindtat-tradgardspaviljong-dubbel-tak-hyllor-tradgardsbagar-med-uv-skydd-bbq","status":"publish","type":"product","link":"https:\/\/truusk.store\/sv\/produkt\/truusk-grillpaviljong-233-x-110-x-235-cm-vindtat-tradgardspaviljong-dubbel-tak-hyllor-tradgardsbagar-med-uv-skydd-bbq\/","title":{"rendered":"TRUUSK Grillpaviljong 233 x 110 x 235 cm &#8211; Vindt\u00e4t Tr\u00e4dg\u00e5rdspaviljong &#8211; Dubbel Tak &#8211; Hyllor &#8211; Tr\u00e4dg\u00e5rdsb\u00e5gar med UV-skydd &#8211; BBQ"},"content":{"rendered":"<p>L\u00e5t aldrig en obeveklig sol f\u00f6rst\u00f6ra din grillfest igen! Uppt\u00e4ck nu denna smarta grillpaviljong fr\u00e5n TRUUSK &#8211; din oumb\u00e4rliga grillhj\u00e4lp: Polyester taket p\u00e5 lusthuset skyddar dig fr\u00e5n solen, medan de tv\u00e5 sidohyllorna erbjuder gott om plats f\u00f6r tallrikar, kryddor och andra grillredskap. Tack vare de f\u00f6rskjutna takdelarna p\u00e5 lusthuset kan r\u00f6k fritt fly, medan du f\u00f6rblir skyddad fr\u00e5n UV-str\u00e5lar. S\u00e5 grillning blir en skuggig njutning!<\/p>\n<p>Beskrivning:<\/p>\n<ul>\n<li> Tv\u00e5 \u00f6verlappande takdelar p\u00e5 lusthuset ger utm\u00e4rkt luftcirkulation och v\u00e4rmereducering<\/li>\n<li> Tv\u00e5 sidohyllor p\u00e5 lusthuset erbjuder plats f\u00f6r mat och dryck<\/li>\n<li> Med 7 krokar kan du h\u00e5lla grillverktyg och -utrustning inom r\u00e4ckh\u00e5ll<\/li>\n<li> Pulverlackerat st\u00e5lram p\u00e5 grillpaviljongen ger en stabil st\u00e5nd<\/li>\n<li> 8 markspikar ing\u00e5r i leveransen<\/li>\n<li> Passar f\u00f6r grillar upp till 100 cm l\u00e5nga<\/li>\n<li> Montering kr\u00e4vs<\/li>\n<\/ul>\n<p> Tekniska data:<\/p>\n<ul>\n<li> F\u00e4rg: M\u00f6rkgr\u00e5<\/li>\n<li> Material: St\u00e5l, Polyester<\/li>\n<li> Totala dimensioner: 233L x 110B x 235H cm<\/li>\n<li> Takfotsh\u00f6jd: 195H cm<\/li>\n<li> St\u00f6davst\u00e5nd: 200L x 99B cm<\/li>\n<li> Yta sidohylla: 99L x 20B cm<\/li>\n<li> H\u00f6jd fr\u00e5n marken: 100H cm<\/li>\n<li> Notera: Passar f\u00f6r grillar upp till 100 cm l\u00e5nga<\/li>\n<li> Vindt\u00e5lighet: 5-6 (med markspikar)<\/li>\n<li> Sn\u00f6last: 7 kg\/\u33a1<\/li>\n<li> B\u00e4rkapacitet: 40 kg (hyllor), 20 kg (krokar)<\/li>\n<\/ul>\n<p>Leverans:<\/p>\n<ul>\n<li> 1 x Grillpaviljong<\/li>\n<li> 8 x Markspikar<\/li>\n<li> 1 x Instruktioner<\/li>\n<li>Viktigt: Vi levererar artikeln gratis till trottoarkanten. Var v\u00e4nlig och se till att adressen och telefonnumret \u00e4r korrekt..<\/li>\n<\/ul>\n","protected":false},"excerpt":{"rendered":"<p>L\u00e5t aldrig en obeveklig sol f\u00f6rst\u00f6ra din grillfest igen! Uppt\u00e4ck nu denna smarta grillpaviljong fr\u00e5n TRUUSK &#8211; din oumb\u00e4rliga grillhj\u00e4lp:&#8230;<\/p>\n","protected":false},"featured_media":70738,"template":"","meta":[],"product_brand":[],"product_cat":[480,858,476],"product_tag":[],"class_list":{"0":"post-70747","1":"product","2":"type-product","3":"status-publish","4":"has-post-thumbnail","6":"product_cat-grillpaviljonger","7":"product_cat-tradgard-terrass","8":"product_cat-tradgardspaviljonger","10":"first","11":"instock","12":"sale","13":"taxable","14":"shipping-taxable","15":"purchasable","16":"product-type-simple"},"yoast_head":"<!-- This site is optimized with the Yoast SEO plugin v25.4 - https:\/\/yoast.com\/wordpress\/plugins\/seo\/ -->\n<title>TRUUSK Grillpaviljong 233 x 110 x 235 cm - Vindt\u00e4t Tr\u00e4dg\u00e5rdspaviljong - Dubbel Tak - Hyllor - Tr\u00e4dg\u00e5rdsb\u00e5gar med UV-skydd - BBQ - TRUUSK - Hem, Tr\u00e4dg\u00e5rd &amp; Fritid<\/title>\n<meta name=\"robots\" content=\"index, follow, max-snippet:-1, max-image-preview:large, max-video-preview:-1\" \/>\n<link rel=\"canonical\" href=\"https:\/\/truusk.store\/sv\/produkt\/truusk-grillpaviljong-233-x-110-x-235-cm-vindtat-tradgardspaviljong-dubbel-tak-hyllor-tradgardsbagar-med-uv-skydd-bbq\/\" \/>\n<meta property=\"og:locale\" content=\"sv_SE\" \/>\n<meta property=\"og:type\" content=\"article\" \/>\n<meta property=\"og:title\" content=\"TRUUSK Grillpaviljong 233 x 110 x 235 cm - Vindt\u00e4t Tr\u00e4dg\u00e5rdspaviljong - Dubbel Tak - Hyllor - Tr\u00e4dg\u00e5rdsb\u00e5gar med UV-skydd - BBQ - TRUUSK - Hem, Tr\u00e4dg\u00e5rd &amp; Fritid\" \/>\n<meta property=\"og:description\" content=\"L\u00e5t aldrig en obeveklig sol f\u00f6rst\u00f6ra din grillfest igen! Uppt\u00e4ck nu denna smarta grillpaviljong fr\u00e5n TRUUSK &#8211; din oumb\u00e4rliga grillhj\u00e4lp:...\" \/>\n<meta property=\"og:url\" content=\"https:\/\/truusk.store\/sv\/produkt\/truusk-grillpaviljong-233-x-110-x-235-cm-vindtat-tradgardspaviljong-dubbel-tak-hyllor-tradgardsbagar-med-uv-skydd-bbq\/\" \/>\n<meta property=\"og:site_name\" content=\"TRUUSK - Hem, Tr\u00e4dg\u00e5rd &amp; Fritid\" \/>\n<meta property=\"article:modified_time\" content=\"2026-03-12T08:46:53+00:00\" \/>\n<meta property=\"og:image\" content=\"https:\/\/i0.wp.com\/truusk.se\/wp-content\/uploads\/2025\/06\/grillpaviljong-233-x-110-x-235-cm-vindtat-tradgardspaviljong-med-dubbel-tak-hyllor-tradgardsbagar-med-uv-skydd-bbq-paviljong-av-stal-tradgardstalt-grilltalt-for-fest-bbq-morkgra-1.webp?fit=2000%2C2000&ssl=1\" \/>\n\t<meta property=\"og:image:width\" content=\"2000\" \/>\n\t<meta property=\"og:image:height\" content=\"2000\" \/>\n\t<meta property=\"og:image:type\" content=\"image\/webp\" \/>\n<meta name=\"twitter:card\" content=\"summary_large_image\" \/>\n<meta name=\"twitter:label1\" content=\"Ber\u00e4knad l\u00e4stid\" \/>\n\t<meta name=\"twitter:data1\" content=\"1 minut\" \/>\n<!-- \/ Yoast SEO plugin. -->","yoast_head_json":{"title":"TRUUSK Grillpaviljong 233 x 110 x 235 cm - Vindt\u00e4t Tr\u00e4dg\u00e5rdspaviljong - Dubbel Tak - Hyllor - Tr\u00e4dg\u00e5rdsb\u00e5gar med UV-skydd - BBQ - TRUUSK - Hem, Tr\u00e4dg\u00e5rd &amp; Fritid","robots":{"index":"index","follow":"follow","max-snippet":"max-snippet:-1","max-image-preview":"max-image-preview:large","max-video-preview":"max-video-preview:-1"},"canonical":"https:\/\/truusk.store\/sv\/produkt\/truusk-grillpaviljong-233-x-110-x-235-cm-vindtat-tradgardspaviljong-dubbel-tak-hyllor-tradgardsbagar-med-uv-skydd-bbq\/","og_locale":"sv_SE","og_type":"article","og_title":"TRUUSK Grillpaviljong 233 x 110 x 235 cm - Vindt\u00e4t Tr\u00e4dg\u00e5rdspaviljong - Dubbel Tak - Hyllor - Tr\u00e4dg\u00e5rdsb\u00e5gar med UV-skydd - BBQ - TRUUSK - Hem, Tr\u00e4dg\u00e5rd &amp; Fritid","og_description":"L\u00e5t aldrig en obeveklig sol f\u00f6rst\u00f6ra din grillfest igen! Uppt\u00e4ck nu denna smarta grillpaviljong fr\u00e5n TRUUSK &#8211; din oumb\u00e4rliga grillhj\u00e4lp:...","og_url":"https:\/\/truusk.store\/sv\/produkt\/truusk-grillpaviljong-233-x-110-x-235-cm-vindtat-tradgardspaviljong-dubbel-tak-hyllor-tradgardsbagar-med-uv-skydd-bbq\/","og_site_name":"TRUUSK - Hem, Tr\u00e4dg\u00e5rd &amp; Fritid","article_modified_time":"2026-03-12T08:46:53+00:00","og_image":[{"width":2000,"height":2000,"url":"https:\/\/i0.wp.com\/truusk.se\/wp-content\/uploads\/2025\/06\/grillpaviljong-233-x-110-x-235-cm-vindtat-tradgardspaviljong-med-dubbel-tak-hyllor-tradgardsbagar-med-uv-skydd-bbq-paviljong-av-stal-tradgardstalt-grilltalt-for-fest-bbq-morkgra-1.webp?fit=2000%2C2000&ssl=1","type":"image\/webp"}],"twitter_card":"summary_large_image","twitter_misc":{"Ber\u00e4knad l\u00e4stid":"1 minut"},"schema":{"@context":"https:\/\/schema.org","@graph":[{"@type":"WebPage","@id":"https:\/\/truusk.store\/sv\/produkt\/truusk-grillpaviljong-233-x-110-x-235-cm-vindtat-tradgardspaviljong-dubbel-tak-hyllor-tradgardsbagar-med-uv-skydd-bbq\/","url":"https:\/\/truusk.store\/sv\/produkt\/truusk-grillpaviljong-233-x-110-x-235-cm-vindtat-tradgardspaviljong-dubbel-tak-hyllor-tradgardsbagar-med-uv-skydd-bbq\/","name":"TRUUSK Grillpaviljong 233 x 110 x 235 cm - Vindt\u00e4t Tr\u00e4dg\u00e5rdspaviljong - Dubbel Tak - Hyllor - Tr\u00e4dg\u00e5rdsb\u00e5gar med UV-skydd - BBQ - TRUUSK - Hem, Tr\u00e4dg\u00e5rd &amp; Fritid","isPartOf":{"@id":"https:\/\/truusk.store\/sv\/#website"},"primaryImageOfPage":{"@id":"https:\/\/truusk.store\/sv\/produkt\/truusk-grillpaviljong-233-x-110-x-235-cm-vindtat-tradgardspaviljong-dubbel-tak-hyllor-tradgardsbagar-med-uv-skydd-bbq\/#primaryimage"},"image":{"@id":"https:\/\/truusk.store\/sv\/produkt\/truusk-grillpaviljong-233-x-110-x-235-cm-vindtat-tradgardspaviljong-dubbel-tak-hyllor-tradgardsbagar-med-uv-skydd-bbq\/#primaryimage"},"thumbnailUrl":"https:\/\/i0.wp.com\/truusk.store\/wp-content\/uploads\/2025\/06\/grillpaviljong-233-x-110-x-235-cm-vindtat-tradgardspaviljong-med-dubbel-tak-hyllor-tradgardsbagar-med-uv-skydd-bbq-paviljong-av-stal-tradgardstalt-grilltalt-for-fest-bbq-morkgra-1.webp?fit=2000%2C2000&ssl=1","datePublished":"2025-06-05T18:58:54+00:00","dateModified":"2026-03-12T08:46:53+00:00","breadcrumb":{"@id":"https:\/\/truusk.store\/sv\/produkt\/truusk-grillpaviljong-233-x-110-x-235-cm-vindtat-tradgardspaviljong-dubbel-tak-hyllor-tradgardsbagar-med-uv-skydd-bbq\/#breadcrumb"},"inLanguage":"sv-SE","potentialAction":[{"@type":"ReadAction","target":["https:\/\/truusk.store\/sv\/produkt\/truusk-grillpaviljong-233-x-110-x-235-cm-vindtat-tradgardspaviljong-dubbel-tak-hyllor-tradgardsbagar-med-uv-skydd-bbq\/"]}]},{"@type":"ImageObject","inLanguage":"sv-SE","@id":"https:\/\/truusk.store\/sv\/produkt\/truusk-grillpaviljong-233-x-110-x-235-cm-vindtat-tradgardspaviljong-dubbel-tak-hyllor-tradgardsbagar-med-uv-skydd-bbq\/#primaryimage","url":"https:\/\/i0.wp.com\/truusk.store\/wp-content\/uploads\/2025\/06\/grillpaviljong-233-x-110-x-235-cm-vindtat-tradgardspaviljong-med-dubbel-tak-hyllor-tradgardsbagar-med-uv-skydd-bbq-paviljong-av-stal-tradgardstalt-grilltalt-for-fest-bbq-morkgra-1.webp?fit=2000%2C2000&ssl=1","contentUrl":"https:\/\/i0.wp.com\/truusk.store\/wp-content\/uploads\/2025\/06\/grillpaviljong-233-x-110-x-235-cm-vindtat-tradgardspaviljong-med-dubbel-tak-hyllor-tradgardsbagar-med-uv-skydd-bbq-paviljong-av-stal-tradgardstalt-grilltalt-for-fest-bbq-morkgra-1.webp?fit=2000%2C2000&ssl=1","width":2000,"height":2000},{"@type":"BreadcrumbList","@id":"https:\/\/truusk.store\/sv\/produkt\/truusk-grillpaviljong-233-x-110-x-235-cm-vindtat-tradgardspaviljong-dubbel-tak-hyllor-tradgardsbagar-med-uv-skydd-bbq\/#breadcrumb","itemListElement":[{"@type":"ListItem","position":1,"name":"Home","item":"https:\/\/truusk.store\/sv\/"},{"@type":"ListItem","position":2,"name":"Shop","item":"https:\/\/truusk.store\/shop\/"},{"@type":"ListItem","position":3,"name":"TRUUSK Grillpaviljong 233 x 110 x 235 cm &#8211; Vindt\u00e4t Tr\u00e4dg\u00e5rdspaviljong &#8211; Dubbel Tak &#8211; Hyllor &#8211; Tr\u00e4dg\u00e5rdsb\u00e5gar med UV-skydd &#8211; BBQ"}]},{"@type":"WebSite","@id":"https:\/\/truusk.store\/sv\/#website","url":"https:\/\/truusk.store\/sv\/","name":"TRUUSK - Hem, Tr\u00e4dg\u00e5rd & Fritid","description":"","publisher":{"@id":"https:\/\/truusk.store\/sv\/#organization"},"potentialAction":[{"@type":"SearchAction","target":{"@type":"EntryPoint","urlTemplate":"https:\/\/truusk.store\/sv\/?s={search_term_string}"},"query-input":{"@type":"PropertyValueSpecification","valueRequired":true,"valueName":"search_term_string"}}],"inLanguage":"sv-SE"},{"@type":"Organization","@id":"https:\/\/truusk.store\/sv\/#organization","name":"TRUUSK - Hem, Tr\u00e4dg\u00e5rd & Fritid","url":"https:\/\/truusk.store\/sv\/","logo":{"@type":"ImageObject","inLanguage":"sv-SE","@id":"https:\/\/truusk.store\/sv\/#\/schema\/logo\/image\/","url":"https:\/\/i0.wp.com\/truusk.store\/wp-content\/uploads\/2026\/03\/cropped-TRUUSK.png?fit=2032%2C917&ssl=1","contentUrl":"https:\/\/i0.wp.com\/truusk.store\/wp-content\/uploads\/2026\/03\/cropped-TRUUSK.png?fit=2032%2C917&ssl=1","width":2032,"height":917,"caption":"TRUUSK - Hem, Tr\u00e4dg\u00e5rd & Fritid"},"image":{"@id":"https:\/\/truusk.store\/sv\/#\/schema\/logo\/image\/"}}]}},"jetpack_sharing_enabled":true,"_links":{"self":[{"href":"https:\/\/truusk.store\/sv\/wp-json\/wp\/v2\/product\/70747","targetHints":{"allow":["GET"]}}],"collection":[{"href":"https:\/\/truusk.store\/sv\/wp-json\/wp\/v2\/product"}],"about":[{"href":"https:\/\/truusk.store\/sv\/wp-json\/wp\/v2\/types\/product"}],"wp:featuredmedia":[{"embeddable":true,"href":"https:\/\/truusk.store\/sv\/wp-json\/wp\/v2\/media\/70738"}],"wp:attachment":[{"href":"https:\/\/truusk.store\/sv\/wp-json\/wp\/v2\/media?parent=70747"}],"wp:term":[{"taxonomy":"product_brand","embeddable":true,"href":"https:\/\/truusk.store\/sv\/wp-json\/wp\/v2\/product_brand?post=70747"},{"taxonomy":"product_cat","embeddable":true,"href":"https:\/\/truusk.store\/sv\/wp-json\/wp\/v2\/product_cat?post=70747"},{"taxonomy":"product_tag","embeddable":true,"href":"https:\/\/truusk.store\/sv\/wp-json\/wp\/v2\/product_tag?post=70747"}],"curies":[{"name":"wp","href":"https:\/\/api.w.org\/{rel}","templated":true}]}}