{"id":70767,"date":"2025-06-05T20:00:37","date_gmt":"2025-06-05T19:00:37","guid":{"rendered":"https:\/\/truusk.store\/product\/rankgitter-metall-2-pack-att-sticka-rostfritt-stod-med-fageldesign-for-klattervaxter-50x120-cm-spalje-for-inomhusvaxter-vaxtspalje-for-tomater-blommor-klattervaxter-svart\/"},"modified":"2026-03-12T08:41:08","modified_gmt":"2026-03-12T07:41:08","slug":"truusk-rankgitter-metall-2-pack-rostfritt-stod-med-fageldesign-for-klattervaxter-50x120-cm-inomhusvaxter-tomater","status":"publish","type":"product","link":"https:\/\/truusk.store\/sv\/produkt\/truusk-rankgitter-metall-2-pack-rostfritt-stod-med-fageldesign-for-klattervaxter-50x120-cm-inomhusvaxter-tomater\/","title":{"rendered":"TRUUSK Rankgitter Metall 2-pack &#8211; Rostfritt St\u00f6d med F\u00e5geldesign &#8211; F\u00f6r Kl\u00e4tterv\u00e4xter &#8211; 50&#215;120 cm &#8211; Inomhusv\u00e4xter &#8211; Tomater"},"content":{"rendered":"<p>F\u00f6rvandla din tr\u00e4dg\u00e5rd till en f\u00f6rtrollande oas med TRUUSK rosenst\u00f6d. Tv\u00e5 rosenst\u00f6d dekorerade med fina f\u00e5gelmotiv erbjuder gott om utrymme f\u00f6r kl\u00e4tterv\u00e4xter och fungerar som stilfulla insynsskydd. Rosenst\u00f6den \u00e4r tillverkade av v\u00e4derbest\u00e4ndigt, pulverlackerat metall och garanterar l\u00e5ngvarig stabilitet och kan enkelt f\u00f6rankras i marken. Dessa v\u00e4xtst\u00f6d \u00e4r perfekta f\u00f6r tr\u00e4dg\u00e5rdsm\u00e4stare som vill kombinera elegans med funktionalitet.<\/p>\n<p>Beskrivning:<\/p>\n<ul>\n<li> Tv\u00e5 kl\u00e4tterst\u00f6d erbjuder gott om utrymme f\u00f6r v\u00e4xttillv\u00e4xt<\/li>\n<li> F\u00f6rtrollande snirkelarbeten med f\u00e5geldesign p\u00e5 rosenst\u00f6det f\u00f6rb\u00e4ttrar tr\u00e4dg\u00e5rdens estetik<\/li>\n<li> St\u00f6djer kl\u00e4tterv\u00e4xter eller fungerar som insynsskydd<\/li>\n<li> Pulverlackerad metallram p\u00e5 rosenst\u00f6det \u00e4r rostbest\u00e4ndig och deformeras inte<\/li>\n<li> Kan s\u00e4ttas i marken eller anv\u00e4ndas p\u00e5 en v\u00e4gg<\/li>\n<li> Montering kr\u00e4vs<\/li>\n<\/ul>\n<p> Tekniska data:<\/p>\n<ul>\n<li> F\u00e4rg: Svart<\/li>\n<li> Material: Metall<\/li>\n<li> Totala dimensioner: 50B x 120H cm (individuellt)<\/li>\n<li> L\u00e4ngd f\u00f6r markinf\u00e4stning: 15 cm<\/li>\n<\/ul>\n<p>Inneh\u00e5ll:<\/p>\n<ul>\n<li> 2 x v\u00e4xtst\u00f6d<\/li>\n<li> 1 x handbok<\/li>\n<\/ul>\n","protected":false},"excerpt":{"rendered":"<p>F\u00f6rvandla din tr\u00e4dg\u00e5rd till en f\u00f6rtrollande oas med TRUUSK rosenst\u00f6d. Tv\u00e5 rosenst\u00f6d dekorerade med fina f\u00e5gelmotiv erbjuder gott om utrymme&#8230;<\/p>\n","protected":false},"featured_media":70758,"template":"","meta":[],"product_brand":[],"product_cat":[924,858,443],"product_tag":[],"class_list":{"0":"post-70767","1":"product","2":"type-product","3":"status-publish","4":"has-post-thumbnail","6":"product_cat-plantkarl","7":"product_cat-tradgard-terrass","8":"product_cat-vaxthus-tradgardsskotsel","10":"first","11":"instock","12":"sale","13":"taxable","14":"shipping-taxable","15":"purchasable","16":"product-type-simple"},"yoast_head":"<!-- This site is optimized with the Yoast SEO plugin v25.4 - https:\/\/yoast.com\/wordpress\/plugins\/seo\/ -->\n<title>TRUUSK Rankgitter Metall 2-pack - Rostfritt St\u00f6d med F\u00e5geldesign - F\u00f6r Kl\u00e4tterv\u00e4xter - 50x120 cm - Inomhusv\u00e4xter - Tomater - TRUUSK - Hem, Tr\u00e4dg\u00e5rd &amp; Fritid<\/title>\n<meta name=\"robots\" content=\"index, follow, max-snippet:-1, max-image-preview:large, max-video-preview:-1\" \/>\n<link rel=\"canonical\" href=\"https:\/\/truusk.store\/sv\/produkt\/truusk-rankgitter-metall-2-pack-rostfritt-stod-med-fageldesign-for-klattervaxter-50x120-cm-inomhusvaxter-tomater\/\" \/>\n<meta property=\"og:locale\" content=\"sv_SE\" \/>\n<meta property=\"og:type\" content=\"article\" \/>\n<meta property=\"og:title\" content=\"TRUUSK Rankgitter Metall 2-pack - Rostfritt St\u00f6d med F\u00e5geldesign - F\u00f6r Kl\u00e4tterv\u00e4xter - 50x120 cm - Inomhusv\u00e4xter - Tomater - TRUUSK - Hem, Tr\u00e4dg\u00e5rd &amp; Fritid\" \/>\n<meta property=\"og:description\" content=\"F\u00f6rvandla din tr\u00e4dg\u00e5rd till en f\u00f6rtrollande oas med TRUUSK rosenst\u00f6d. Tv\u00e5 rosenst\u00f6d dekorerade med fina f\u00e5gelmotiv erbjuder gott om utrymme...\" \/>\n<meta property=\"og:url\" content=\"https:\/\/truusk.store\/sv\/produkt\/truusk-rankgitter-metall-2-pack-rostfritt-stod-med-fageldesign-for-klattervaxter-50x120-cm-inomhusvaxter-tomater\/\" \/>\n<meta property=\"og:site_name\" content=\"TRUUSK - Hem, Tr\u00e4dg\u00e5rd &amp; Fritid\" \/>\n<meta property=\"article:modified_time\" content=\"2026-03-12T07:41:08+00:00\" \/>\n<meta property=\"og:image\" content=\"https:\/\/i0.wp.com\/truusk.se\/wp-content\/uploads\/2025\/06\/rankgitter-metall-2-pack-att-sticka-rostfritt-stod-med-fageldesign-for-klattervaxter-50x120-cm-spalje-for-inomhusvaxter-vaxtspalje-for-tomater-blommor-klattervaxter-svart-1.webp?fit=2000%2C2000&ssl=1\" \/>\n\t<meta property=\"og:image:width\" content=\"2000\" \/>\n\t<meta property=\"og:image:height\" content=\"2000\" \/>\n\t<meta property=\"og:image:type\" content=\"image\/webp\" \/>\n<meta name=\"twitter:card\" content=\"summary_large_image\" \/>\n<meta name=\"twitter:label1\" content=\"Ber\u00e4knad l\u00e4stid\" \/>\n\t<meta name=\"twitter:data1\" content=\"1 minut\" \/>\n<!-- \/ Yoast SEO plugin. -->","yoast_head_json":{"title":"TRUUSK Rankgitter Metall 2-pack - Rostfritt St\u00f6d med F\u00e5geldesign - F\u00f6r Kl\u00e4tterv\u00e4xter - 50x120 cm - Inomhusv\u00e4xter - Tomater - TRUUSK - Hem, Tr\u00e4dg\u00e5rd &amp; Fritid","robots":{"index":"index","follow":"follow","max-snippet":"max-snippet:-1","max-image-preview":"max-image-preview:large","max-video-preview":"max-video-preview:-1"},"canonical":"https:\/\/truusk.store\/sv\/produkt\/truusk-rankgitter-metall-2-pack-rostfritt-stod-med-fageldesign-for-klattervaxter-50x120-cm-inomhusvaxter-tomater\/","og_locale":"sv_SE","og_type":"article","og_title":"TRUUSK Rankgitter Metall 2-pack - Rostfritt St\u00f6d med F\u00e5geldesign - F\u00f6r Kl\u00e4tterv\u00e4xter - 50x120 cm - Inomhusv\u00e4xter - Tomater - TRUUSK - Hem, Tr\u00e4dg\u00e5rd &amp; Fritid","og_description":"F\u00f6rvandla din tr\u00e4dg\u00e5rd till en f\u00f6rtrollande oas med TRUUSK rosenst\u00f6d. Tv\u00e5 rosenst\u00f6d dekorerade med fina f\u00e5gelmotiv erbjuder gott om utrymme...","og_url":"https:\/\/truusk.store\/sv\/produkt\/truusk-rankgitter-metall-2-pack-rostfritt-stod-med-fageldesign-for-klattervaxter-50x120-cm-inomhusvaxter-tomater\/","og_site_name":"TRUUSK - Hem, Tr\u00e4dg\u00e5rd &amp; Fritid","article_modified_time":"2026-03-12T07:41:08+00:00","og_image":[{"width":2000,"height":2000,"url":"https:\/\/i0.wp.com\/truusk.se\/wp-content\/uploads\/2025\/06\/rankgitter-metall-2-pack-att-sticka-rostfritt-stod-med-fageldesign-for-klattervaxter-50x120-cm-spalje-for-inomhusvaxter-vaxtspalje-for-tomater-blommor-klattervaxter-svart-1.webp?fit=2000%2C2000&ssl=1","type":"image\/webp"}],"twitter_card":"summary_large_image","twitter_misc":{"Ber\u00e4knad l\u00e4stid":"1 minut"},"schema":{"@context":"https:\/\/schema.org","@graph":[{"@type":"WebPage","@id":"https:\/\/truusk.store\/sv\/produkt\/truusk-rankgitter-metall-2-pack-rostfritt-stod-med-fageldesign-for-klattervaxter-50x120-cm-inomhusvaxter-tomater\/","url":"https:\/\/truusk.store\/sv\/produkt\/truusk-rankgitter-metall-2-pack-rostfritt-stod-med-fageldesign-for-klattervaxter-50x120-cm-inomhusvaxter-tomater\/","name":"TRUUSK Rankgitter Metall 2-pack - Rostfritt St\u00f6d med F\u00e5geldesign - F\u00f6r Kl\u00e4tterv\u00e4xter - 50x120 cm - Inomhusv\u00e4xter - Tomater - TRUUSK - Hem, Tr\u00e4dg\u00e5rd &amp; Fritid","isPartOf":{"@id":"https:\/\/truusk.store\/sv\/#website"},"primaryImageOfPage":{"@id":"https:\/\/truusk.store\/sv\/produkt\/truusk-rankgitter-metall-2-pack-rostfritt-stod-med-fageldesign-for-klattervaxter-50x120-cm-inomhusvaxter-tomater\/#primaryimage"},"image":{"@id":"https:\/\/truusk.store\/sv\/produkt\/truusk-rankgitter-metall-2-pack-rostfritt-stod-med-fageldesign-for-klattervaxter-50x120-cm-inomhusvaxter-tomater\/#primaryimage"},"thumbnailUrl":"https:\/\/i0.wp.com\/truusk.store\/wp-content\/uploads\/2025\/06\/rankgitter-metall-2-pack-att-sticka-rostfritt-stod-med-fageldesign-for-klattervaxter-50x120-cm-spalje-for-inomhusvaxter-vaxtspalje-for-tomater-blommor-klattervaxter-svart-1.webp?fit=2000%2C2000&ssl=1","datePublished":"2025-06-05T19:00:37+00:00","dateModified":"2026-03-12T07:41:08+00:00","breadcrumb":{"@id":"https:\/\/truusk.store\/sv\/produkt\/truusk-rankgitter-metall-2-pack-rostfritt-stod-med-fageldesign-for-klattervaxter-50x120-cm-inomhusvaxter-tomater\/#breadcrumb"},"inLanguage":"sv-SE","potentialAction":[{"@type":"ReadAction","target":["https:\/\/truusk.store\/sv\/produkt\/truusk-rankgitter-metall-2-pack-rostfritt-stod-med-fageldesign-for-klattervaxter-50x120-cm-inomhusvaxter-tomater\/"]}]},{"@type":"ImageObject","inLanguage":"sv-SE","@id":"https:\/\/truusk.store\/sv\/produkt\/truusk-rankgitter-metall-2-pack-rostfritt-stod-med-fageldesign-for-klattervaxter-50x120-cm-inomhusvaxter-tomater\/#primaryimage","url":"https:\/\/i0.wp.com\/truusk.store\/wp-content\/uploads\/2025\/06\/rankgitter-metall-2-pack-att-sticka-rostfritt-stod-med-fageldesign-for-klattervaxter-50x120-cm-spalje-for-inomhusvaxter-vaxtspalje-for-tomater-blommor-klattervaxter-svart-1.webp?fit=2000%2C2000&ssl=1","contentUrl":"https:\/\/i0.wp.com\/truusk.store\/wp-content\/uploads\/2025\/06\/rankgitter-metall-2-pack-att-sticka-rostfritt-stod-med-fageldesign-for-klattervaxter-50x120-cm-spalje-for-inomhusvaxter-vaxtspalje-for-tomater-blommor-klattervaxter-svart-1.webp?fit=2000%2C2000&ssl=1","width":2000,"height":2000},{"@type":"BreadcrumbList","@id":"https:\/\/truusk.store\/sv\/produkt\/truusk-rankgitter-metall-2-pack-rostfritt-stod-med-fageldesign-for-klattervaxter-50x120-cm-inomhusvaxter-tomater\/#breadcrumb","itemListElement":[{"@type":"ListItem","position":1,"name":"Home","item":"https:\/\/truusk.store\/sv\/"},{"@type":"ListItem","position":2,"name":"Shop","item":"https:\/\/truusk.store\/shop\/"},{"@type":"ListItem","position":3,"name":"TRUUSK Rankgitter Metall 2-pack &#8211; Rostfritt St\u00f6d med F\u00e5geldesign &#8211; F\u00f6r Kl\u00e4tterv\u00e4xter &#8211; 50&#215;120 cm &#8211; Inomhusv\u00e4xter &#8211; Tomater"}]},{"@type":"WebSite","@id":"https:\/\/truusk.store\/sv\/#website","url":"https:\/\/truusk.store\/sv\/","name":"TRUUSK - Hem, Tr\u00e4dg\u00e5rd & Fritid","description":"","publisher":{"@id":"https:\/\/truusk.store\/sv\/#organization"},"potentialAction":[{"@type":"SearchAction","target":{"@type":"EntryPoint","urlTemplate":"https:\/\/truusk.store\/sv\/?s={search_term_string}"},"query-input":{"@type":"PropertyValueSpecification","valueRequired":true,"valueName":"search_term_string"}}],"inLanguage":"sv-SE"},{"@type":"Organization","@id":"https:\/\/truusk.store\/sv\/#organization","name":"TRUUSK - Hem, Tr\u00e4dg\u00e5rd & Fritid","url":"https:\/\/truusk.store\/sv\/","logo":{"@type":"ImageObject","inLanguage":"sv-SE","@id":"https:\/\/truusk.store\/sv\/#\/schema\/logo\/image\/","url":"https:\/\/i0.wp.com\/truusk.store\/wp-content\/uploads\/2026\/03\/cropped-TRUUSK.png?fit=2032%2C917&ssl=1","contentUrl":"https:\/\/i0.wp.com\/truusk.store\/wp-content\/uploads\/2026\/03\/cropped-TRUUSK.png?fit=2032%2C917&ssl=1","width":2032,"height":917,"caption":"TRUUSK - Hem, Tr\u00e4dg\u00e5rd & Fritid"},"image":{"@id":"https:\/\/truusk.store\/sv\/#\/schema\/logo\/image\/"}}]}},"jetpack_sharing_enabled":true,"_links":{"self":[{"href":"https:\/\/truusk.store\/sv\/wp-json\/wp\/v2\/product\/70767","targetHints":{"allow":["GET"]}}],"collection":[{"href":"https:\/\/truusk.store\/sv\/wp-json\/wp\/v2\/product"}],"about":[{"href":"https:\/\/truusk.store\/sv\/wp-json\/wp\/v2\/types\/product"}],"wp:featuredmedia":[{"embeddable":true,"href":"https:\/\/truusk.store\/sv\/wp-json\/wp\/v2\/media\/70758"}],"wp:attachment":[{"href":"https:\/\/truusk.store\/sv\/wp-json\/wp\/v2\/media?parent=70767"}],"wp:term":[{"taxonomy":"product_brand","embeddable":true,"href":"https:\/\/truusk.store\/sv\/wp-json\/wp\/v2\/product_brand?post=70767"},{"taxonomy":"product_cat","embeddable":true,"href":"https:\/\/truusk.store\/sv\/wp-json\/wp\/v2\/product_cat?post=70767"},{"taxonomy":"product_tag","embeddable":true,"href":"https:\/\/truusk.store\/sv\/wp-json\/wp\/v2\/product_tag?post=70767"}],"curies":[{"name":"wp","href":"https:\/\/api.w.org\/{rel}","templated":true}]}}