{"id":70807,"date":"2025-06-05T20:04:50","date_gmt":"2025-06-05T19:04:50","guid":{"rendered":"https:\/\/truusk.store\/product\/klatterstod-i-metall-2-pack-att-sticka-in-rostfritt-klatterhjalp-med-fageldesign-for-klattervaxter-50x120-cm-spalje-for-inomhusvaxter-vaxtspalje-for-tomater-blommor-klattervaxter-svart\/"},"modified":"2026-03-12T08:41:11","modified_gmt":"2026-03-12T07:41:11","slug":"truusk-metall-klatterstod-2-pack-rostfritt-fageldesign-for-klattervaxter-50x120-cm-spalje-inomhusvaxter-tomater","status":"publish","type":"product","link":"https:\/\/truusk.store\/sv\/produkt\/truusk-metall-klatterstod-2-pack-rostfritt-fageldesign-for-klattervaxter-50x120-cm-spalje-inomhusvaxter-tomater\/","title":{"rendered":"TRUUSK Metall Kl\u00e4tterst\u00f6d 2-pack &#8211; Rostfritt &#8211; F\u00e5geldesign &#8211; F\u00f6r Kl\u00e4tterv\u00e4xter 50&#215;120 cm &#8211; Spalj\u00e9 Inomhusv\u00e4xter &#8211; Tomater,"},"content":{"rendered":"<p>F\u00f6rvandla din tr\u00e4dg\u00e5rd till en f\u00f6rtrollande oas med TRUUSK rosentr\u00e4dg\u00e5rd. Tv\u00e5 rosentr\u00e4dg\u00e5rdar dekorerade med filigrana f\u00e5gelmotiv erbjuder gott om utrymme f\u00f6r kl\u00e4tterv\u00e4xter och fungerar som dekorativa insynsskydd. Tillverkade av v\u00e4derbest\u00e4ndigt, pulverlackerat metall, garanterar rosentr\u00e4dg\u00e5rdarna l\u00e5ngvarig stabilitet och enkel installation i marken. Dessa tr\u00e4dg\u00e5rdsst\u00f6d \u00e4r perfekta f\u00f6r tr\u00e4dg\u00e5rdsm\u00e4stare som vill kombinera elegans och funktionalitet.<\/p>\n<p>Beskrivning:<\/p>\n<ul>\n<li> Tv\u00e5 kl\u00e4tterst\u00f6d erbjuder gott om utrymme f\u00f6r v\u00e4xttillv\u00e4xt<\/li>\n<li> F\u00f6rtrollande f\u00e5geldesigner p\u00e5 metallkl\u00e4tterst\u00f6det f\u00f6rb\u00e4ttrar tr\u00e4dg\u00e5rdens estetik<\/li>\n<li> Detta metallkl\u00e4tterst\u00f6d st\u00f6der kl\u00e4tterv\u00e4xter eller fungerar som insynsskydd<\/li>\n<li> Pulverlackerad metallram \u00e4r rostbest\u00e4ndig och deformeras inte<\/li>\n<li> Kan stickas i marken eller anv\u00e4ndas p\u00e5 en v\u00e4gg<\/li>\n<li> Montering kr\u00e4vs<\/li>\n<\/ul>\n<p> Tekniska data:<\/p>\n<ul>\n<li> F\u00e4rg: Svart<\/li>\n<li> Material: Metall<\/li>\n<li> Totala dimensioner: 50B x 120H cm (enskilt)<\/li>\n<li> Inf\u00f6ringsl\u00e4ngd i marken: 15 cm<\/li>\n<\/ul>\n<p>Leveransinneh\u00e5ll:<\/p>\n<ul>\n<li> 2 x V\u00e4xtst\u00f6d<\/li>\n<li> 1 x Handbok<\/li>\n<\/ul>\n","protected":false},"excerpt":{"rendered":"<p>F\u00f6rvandla din tr\u00e4dg\u00e5rd till en f\u00f6rtrollande oas med TRUUSK rosentr\u00e4dg\u00e5rd. Tv\u00e5 rosentr\u00e4dg\u00e5rdar dekorerade med filigrana f\u00e5gelmotiv erbjuder gott om utrymme&#8230;<\/p>\n","protected":false},"featured_media":70798,"template":"","meta":[],"product_brand":[],"product_cat":[922,858,443],"product_tag":[],"class_list":{"0":"post-70807","1":"product","2":"type-product","3":"status-publish","4":"has-post-thumbnail","6":"product_cat-planteringskarl","7":"product_cat-tradgard-terrass","8":"product_cat-vaxthus-tradgardsskotsel","10":"first","11":"instock","12":"sale","13":"taxable","14":"shipping-taxable","15":"purchasable","16":"product-type-simple"},"yoast_head":"<!-- This site is optimized with the Yoast SEO plugin v25.4 - https:\/\/yoast.com\/wordpress\/plugins\/seo\/ -->\n<title>TRUUSK Metall Kl\u00e4tterst\u00f6d 2-pack - Rostfritt - F\u00e5geldesign - F\u00f6r Kl\u00e4tterv\u00e4xter 50x120 cm - Spalj\u00e9 Inomhusv\u00e4xter - Tomater, - TRUUSK - Hem, Tr\u00e4dg\u00e5rd &amp; Fritid<\/title>\n<meta name=\"robots\" content=\"index, follow, max-snippet:-1, max-image-preview:large, max-video-preview:-1\" \/>\n<link rel=\"canonical\" href=\"https:\/\/truusk.store\/sv\/produkt\/truusk-metall-klatterstod-2-pack-rostfritt-fageldesign-for-klattervaxter-50x120-cm-spalje-inomhusvaxter-tomater\/\" \/>\n<meta property=\"og:locale\" content=\"sv_SE\" \/>\n<meta property=\"og:type\" content=\"article\" \/>\n<meta property=\"og:title\" content=\"TRUUSK Metall Kl\u00e4tterst\u00f6d 2-pack - Rostfritt - F\u00e5geldesign - F\u00f6r Kl\u00e4tterv\u00e4xter 50x120 cm - Spalj\u00e9 Inomhusv\u00e4xter - Tomater, - TRUUSK - Hem, Tr\u00e4dg\u00e5rd &amp; Fritid\" \/>\n<meta property=\"og:description\" content=\"F\u00f6rvandla din tr\u00e4dg\u00e5rd till en f\u00f6rtrollande oas med TRUUSK rosentr\u00e4dg\u00e5rd. Tv\u00e5 rosentr\u00e4dg\u00e5rdar dekorerade med filigrana f\u00e5gelmotiv erbjuder gott om utrymme...\" \/>\n<meta property=\"og:url\" content=\"https:\/\/truusk.store\/sv\/produkt\/truusk-metall-klatterstod-2-pack-rostfritt-fageldesign-for-klattervaxter-50x120-cm-spalje-inomhusvaxter-tomater\/\" \/>\n<meta property=\"og:site_name\" content=\"TRUUSK - Hem, Tr\u00e4dg\u00e5rd &amp; Fritid\" \/>\n<meta property=\"article:modified_time\" content=\"2026-03-12T07:41:11+00:00\" \/>\n<meta property=\"og:image\" content=\"https:\/\/i0.wp.com\/truusk.se\/wp-content\/uploads\/2025\/06\/klatterstod-i-metall-2-pack-att-sticka-in-rostfritt-klatterhjalp-med-fageldesign-for-klattervaxter-50x120-cm-spalje-for-inomhusvaxter-vaxtspalje-for-tomater-blommor-klattervaxter-svart-1.webp?fit=2000%2C2000&ssl=1\" \/>\n\t<meta property=\"og:image:width\" content=\"2000\" \/>\n\t<meta property=\"og:image:height\" content=\"2000\" \/>\n\t<meta property=\"og:image:type\" content=\"image\/webp\" \/>\n<meta name=\"twitter:card\" content=\"summary_large_image\" \/>\n<meta name=\"twitter:label1\" content=\"Ber\u00e4knad l\u00e4stid\" \/>\n\t<meta name=\"twitter:data1\" content=\"1 minut\" \/>\n<!-- \/ Yoast SEO plugin. -->","yoast_head_json":{"title":"TRUUSK Metall Kl\u00e4tterst\u00f6d 2-pack - Rostfritt - F\u00e5geldesign - F\u00f6r Kl\u00e4tterv\u00e4xter 50x120 cm - Spalj\u00e9 Inomhusv\u00e4xter - Tomater, - TRUUSK - Hem, Tr\u00e4dg\u00e5rd &amp; Fritid","robots":{"index":"index","follow":"follow","max-snippet":"max-snippet:-1","max-image-preview":"max-image-preview:large","max-video-preview":"max-video-preview:-1"},"canonical":"https:\/\/truusk.store\/sv\/produkt\/truusk-metall-klatterstod-2-pack-rostfritt-fageldesign-for-klattervaxter-50x120-cm-spalje-inomhusvaxter-tomater\/","og_locale":"sv_SE","og_type":"article","og_title":"TRUUSK Metall Kl\u00e4tterst\u00f6d 2-pack - Rostfritt - F\u00e5geldesign - F\u00f6r Kl\u00e4tterv\u00e4xter 50x120 cm - Spalj\u00e9 Inomhusv\u00e4xter - Tomater, - TRUUSK - Hem, Tr\u00e4dg\u00e5rd &amp; Fritid","og_description":"F\u00f6rvandla din tr\u00e4dg\u00e5rd till en f\u00f6rtrollande oas med TRUUSK rosentr\u00e4dg\u00e5rd. Tv\u00e5 rosentr\u00e4dg\u00e5rdar dekorerade med filigrana f\u00e5gelmotiv erbjuder gott om utrymme...","og_url":"https:\/\/truusk.store\/sv\/produkt\/truusk-metall-klatterstod-2-pack-rostfritt-fageldesign-for-klattervaxter-50x120-cm-spalje-inomhusvaxter-tomater\/","og_site_name":"TRUUSK - Hem, Tr\u00e4dg\u00e5rd &amp; Fritid","article_modified_time":"2026-03-12T07:41:11+00:00","og_image":[{"width":2000,"height":2000,"url":"https:\/\/i0.wp.com\/truusk.se\/wp-content\/uploads\/2025\/06\/klatterstod-i-metall-2-pack-att-sticka-in-rostfritt-klatterhjalp-med-fageldesign-for-klattervaxter-50x120-cm-spalje-for-inomhusvaxter-vaxtspalje-for-tomater-blommor-klattervaxter-svart-1.webp?fit=2000%2C2000&ssl=1","type":"image\/webp"}],"twitter_card":"summary_large_image","twitter_misc":{"Ber\u00e4knad l\u00e4stid":"1 minut"},"schema":{"@context":"https:\/\/schema.org","@graph":[{"@type":"WebPage","@id":"https:\/\/truusk.store\/sv\/produkt\/truusk-metall-klatterstod-2-pack-rostfritt-fageldesign-for-klattervaxter-50x120-cm-spalje-inomhusvaxter-tomater\/","url":"https:\/\/truusk.store\/sv\/produkt\/truusk-metall-klatterstod-2-pack-rostfritt-fageldesign-for-klattervaxter-50x120-cm-spalje-inomhusvaxter-tomater\/","name":"TRUUSK Metall Kl\u00e4tterst\u00f6d 2-pack - Rostfritt - F\u00e5geldesign - F\u00f6r Kl\u00e4tterv\u00e4xter 50x120 cm - Spalj\u00e9 Inomhusv\u00e4xter - Tomater, - TRUUSK - Hem, Tr\u00e4dg\u00e5rd &amp; Fritid","isPartOf":{"@id":"https:\/\/truusk.store\/sv\/#website"},"primaryImageOfPage":{"@id":"https:\/\/truusk.store\/sv\/produkt\/truusk-metall-klatterstod-2-pack-rostfritt-fageldesign-for-klattervaxter-50x120-cm-spalje-inomhusvaxter-tomater\/#primaryimage"},"image":{"@id":"https:\/\/truusk.store\/sv\/produkt\/truusk-metall-klatterstod-2-pack-rostfritt-fageldesign-for-klattervaxter-50x120-cm-spalje-inomhusvaxter-tomater\/#primaryimage"},"thumbnailUrl":"https:\/\/i0.wp.com\/truusk.store\/wp-content\/uploads\/2025\/06\/klatterstod-i-metall-2-pack-att-sticka-in-rostfritt-klatterhjalp-med-fageldesign-for-klattervaxter-50x120-cm-spalje-for-inomhusvaxter-vaxtspalje-for-tomater-blommor-klattervaxter-svart-1.webp?fit=2000%2C2000&ssl=1","datePublished":"2025-06-05T19:04:50+00:00","dateModified":"2026-03-12T07:41:11+00:00","breadcrumb":{"@id":"https:\/\/truusk.store\/sv\/produkt\/truusk-metall-klatterstod-2-pack-rostfritt-fageldesign-for-klattervaxter-50x120-cm-spalje-inomhusvaxter-tomater\/#breadcrumb"},"inLanguage":"sv-SE","potentialAction":[{"@type":"ReadAction","target":["https:\/\/truusk.store\/sv\/produkt\/truusk-metall-klatterstod-2-pack-rostfritt-fageldesign-for-klattervaxter-50x120-cm-spalje-inomhusvaxter-tomater\/"]}]},{"@type":"ImageObject","inLanguage":"sv-SE","@id":"https:\/\/truusk.store\/sv\/produkt\/truusk-metall-klatterstod-2-pack-rostfritt-fageldesign-for-klattervaxter-50x120-cm-spalje-inomhusvaxter-tomater\/#primaryimage","url":"https:\/\/i0.wp.com\/truusk.store\/wp-content\/uploads\/2025\/06\/klatterstod-i-metall-2-pack-att-sticka-in-rostfritt-klatterhjalp-med-fageldesign-for-klattervaxter-50x120-cm-spalje-for-inomhusvaxter-vaxtspalje-for-tomater-blommor-klattervaxter-svart-1.webp?fit=2000%2C2000&ssl=1","contentUrl":"https:\/\/i0.wp.com\/truusk.store\/wp-content\/uploads\/2025\/06\/klatterstod-i-metall-2-pack-att-sticka-in-rostfritt-klatterhjalp-med-fageldesign-for-klattervaxter-50x120-cm-spalje-for-inomhusvaxter-vaxtspalje-for-tomater-blommor-klattervaxter-svart-1.webp?fit=2000%2C2000&ssl=1","width":2000,"height":2000},{"@type":"BreadcrumbList","@id":"https:\/\/truusk.store\/sv\/produkt\/truusk-metall-klatterstod-2-pack-rostfritt-fageldesign-for-klattervaxter-50x120-cm-spalje-inomhusvaxter-tomater\/#breadcrumb","itemListElement":[{"@type":"ListItem","position":1,"name":"Home","item":"https:\/\/truusk.store\/sv\/"},{"@type":"ListItem","position":2,"name":"Shop","item":"https:\/\/truusk.store\/shop\/"},{"@type":"ListItem","position":3,"name":"TRUUSK Metall Kl\u00e4tterst\u00f6d 2-pack &#8211; Rostfritt &#8211; F\u00e5geldesign &#8211; F\u00f6r Kl\u00e4tterv\u00e4xter 50&#215;120 cm &#8211; Spalj\u00e9 Inomhusv\u00e4xter &#8211; Tomater,"}]},{"@type":"WebSite","@id":"https:\/\/truusk.store\/sv\/#website","url":"https:\/\/truusk.store\/sv\/","name":"TRUUSK - Hem, Tr\u00e4dg\u00e5rd & Fritid","description":"","publisher":{"@id":"https:\/\/truusk.store\/sv\/#organization"},"potentialAction":[{"@type":"SearchAction","target":{"@type":"EntryPoint","urlTemplate":"https:\/\/truusk.store\/sv\/?s={search_term_string}"},"query-input":{"@type":"PropertyValueSpecification","valueRequired":true,"valueName":"search_term_string"}}],"inLanguage":"sv-SE"},{"@type":"Organization","@id":"https:\/\/truusk.store\/sv\/#organization","name":"TRUUSK - Hem, Tr\u00e4dg\u00e5rd & Fritid","url":"https:\/\/truusk.store\/sv\/","logo":{"@type":"ImageObject","inLanguage":"sv-SE","@id":"https:\/\/truusk.store\/sv\/#\/schema\/logo\/image\/","url":"https:\/\/i0.wp.com\/truusk.store\/wp-content\/uploads\/2026\/03\/cropped-TRUUSK.png?fit=2032%2C917&ssl=1","contentUrl":"https:\/\/i0.wp.com\/truusk.store\/wp-content\/uploads\/2026\/03\/cropped-TRUUSK.png?fit=2032%2C917&ssl=1","width":2032,"height":917,"caption":"TRUUSK - Hem, Tr\u00e4dg\u00e5rd & Fritid"},"image":{"@id":"https:\/\/truusk.store\/sv\/#\/schema\/logo\/image\/"}}]}},"jetpack_sharing_enabled":true,"_links":{"self":[{"href":"https:\/\/truusk.store\/sv\/wp-json\/wp\/v2\/product\/70807","targetHints":{"allow":["GET"]}}],"collection":[{"href":"https:\/\/truusk.store\/sv\/wp-json\/wp\/v2\/product"}],"about":[{"href":"https:\/\/truusk.store\/sv\/wp-json\/wp\/v2\/types\/product"}],"wp:featuredmedia":[{"embeddable":true,"href":"https:\/\/truusk.store\/sv\/wp-json\/wp\/v2\/media\/70798"}],"wp:attachment":[{"href":"https:\/\/truusk.store\/sv\/wp-json\/wp\/v2\/media?parent=70807"}],"wp:term":[{"taxonomy":"product_brand","embeddable":true,"href":"https:\/\/truusk.store\/sv\/wp-json\/wp\/v2\/product_brand?post=70807"},{"taxonomy":"product_cat","embeddable":true,"href":"https:\/\/truusk.store\/sv\/wp-json\/wp\/v2\/product_cat?post=70807"},{"taxonomy":"product_tag","embeddable":true,"href":"https:\/\/truusk.store\/sv\/wp-json\/wp\/v2\/product_tag?post=70807"}],"curies":[{"name":"wp","href":"https:\/\/api.w.org\/{rel}","templated":true}]}}