{"id":7086,"date":"2024-02-13T08:42:59","date_gmt":"2024-02-13T07:42:59","guid":{"rendered":"https:\/\/truusk.store\/product\/upphojd-badd-ortbadd-vaxtlada-med-3-draneringshal-blomlada-med-fen-metall-100-x-30-x-80-cm\/"},"modified":"2026-03-12T08:55:25","modified_gmt":"2026-03-12T07:55:25","slug":"truusk-upphojd-badd-for-orter-och-blommor-metallkonstruktion-3-draneringshal-fen-100x30x80-cm","status":"publish","type":"product","link":"https:\/\/truusk.store\/sv\/produkt\/truusk-upphojd-badd-for-orter-och-blommor-metallkonstruktion-3-draneringshal-fen-100x30x80-cm\/","title":{"rendered":"TRUUSK Upph\u00f6jd B\u00e4dd f\u00f6r \u00d6rter och Blommor &#8211; Metallkonstruktion &#8211; 3 Dr\u00e4neringsh\u00e5l &#8211; Fen &#8211; 100x30x80 cm"},"content":{"rendered":"<p>Med h\u00f6jdb\u00e4dden beh\u00f6ver du aldrig b\u00f6ja dig f\u00f6r att ta hand om dina tr\u00e4dg\u00e5rds\u00f6rter eller blommor igen. Den praktiska arbetsh\u00f6jden p\u00e5 80 cm g\u00f6r att du kan plantera och v\u00e5rda v\u00e4xter p\u00e5 ett enkelt och ryggv\u00e4nligt s\u00e4tt. Dessutom g\u00f6r en h\u00f6gb\u00e4dd det l\u00e4ttare att h\u00e5lla skadedjur och ogr\u00e4s borta fr\u00e5n dina v\u00e4xter. H\u00f6jb\u00e4dden \u00e4r s\u00e4rskilt l\u00e4mplig f\u00f6r terrasser och balkonger.<\/p>\n<h3>Beskrivning:<\/h3>\n<ul>\n<li>Robust och stilren metalldesign<\/li>\n<li>Ryggv\u00e4nlig tack vare en arbetsh\u00f6jd p\u00e5 80 cm<\/li>\n<li>Tillverkad av m\u00e5lat st\u00e5l<\/li>\n<li>Rost- och v\u00e4derbest\u00e4ndig<\/li>\n<li>F\u00e4rre skadedjur och ogr\u00e4s \u00e4n i den markn\u00e4ra b\u00e4dden<\/li>\n<li>Enkel montering<\/li>\n<\/ul>\n<h3>Teknisk data:<\/h3>\n<ul>\n<li>Material: metall<\/li>\n<li>\u00d6vergripande m\u00e5tt: L100 x B30 x H80 cm<\/li>\n<li>V\u00e4xtl\u00e5dans storlek: L100 x B30 x H18,5 cm<\/li>\n<li>Planteringskapacitet: 0,3<\/li>\n<li>Dr\u00e4neringsh\u00e5l: 3<\/li>\n<li>Vikt: 8,5 kg<\/li>\n<li>F\u00e4rg: M\u00f6rkgr\u00e5<\/li>\n<\/ul>\n<h3>Leveransens omfattning:<\/h3>\n<ul>\n<li>1 x upph\u00f6jd s\u00e4ng<\/li>\n<li>1 x Monteringsanvisning<\/li>\n<\/ul>\n","protected":false},"excerpt":{"rendered":"<p>Med h\u00f6jdb\u00e4dden beh\u00f6ver du aldrig b\u00f6ja dig f\u00f6r att ta hand om dina tr\u00e4dg\u00e5rds\u00f6rter eller blommor igen. Den praktiska arbetsh\u00f6jden&#8230;<\/p>\n","protected":false},"featured_media":7087,"template":"","meta":[],"product_brand":[],"product_cat":[447,435,443],"product_tag":[],"class_list":{"0":"post-7086","1":"product","2":"type-product","3":"status-publish","4":"has-post-thumbnail","6":"product_cat-planteringsmaskiner","7":"product_cat-tradgard-och-terrass","8":"product_cat-vaxthus-tradgardsskotsel","10":"first","11":"instock","12":"sale","13":"taxable","14":"shipping-taxable","15":"purchasable","16":"product-type-simple"},"yoast_head":"<!-- This site is optimized with the Yoast SEO plugin v25.4 - https:\/\/yoast.com\/wordpress\/plugins\/seo\/ -->\n<title>TRUUSK Upph\u00f6jd B\u00e4dd f\u00f6r \u00d6rter och Blommor - Metallkonstruktion - 3 Dr\u00e4neringsh\u00e5l - Fen - 100x30x80 cm - TRUUSK - Hem, Tr\u00e4dg\u00e5rd &amp; Fritid<\/title>\n<meta name=\"robots\" content=\"index, follow, max-snippet:-1, max-image-preview:large, max-video-preview:-1\" \/>\n<link rel=\"canonical\" href=\"https:\/\/truusk.store\/sv\/produkt\/truusk-upphojd-badd-for-orter-och-blommor-metallkonstruktion-3-draneringshal-fen-100x30x80-cm\/\" \/>\n<meta property=\"og:locale\" content=\"sv_SE\" \/>\n<meta property=\"og:type\" content=\"article\" \/>\n<meta property=\"og:title\" content=\"TRUUSK Upph\u00f6jd B\u00e4dd f\u00f6r \u00d6rter och Blommor - Metallkonstruktion - 3 Dr\u00e4neringsh\u00e5l - Fen - 100x30x80 cm - TRUUSK - Hem, Tr\u00e4dg\u00e5rd &amp; Fritid\" \/>\n<meta property=\"og:description\" content=\"Med h\u00f6jdb\u00e4dden beh\u00f6ver du aldrig b\u00f6ja dig f\u00f6r att ta hand om dina tr\u00e4dg\u00e5rds\u00f6rter eller blommor igen. Den praktiska arbetsh\u00f6jden...\" \/>\n<meta property=\"og:url\" content=\"https:\/\/truusk.store\/sv\/produkt\/truusk-upphojd-badd-for-orter-och-blommor-metallkonstruktion-3-draneringshal-fen-100x30x80-cm\/\" \/>\n<meta property=\"og:site_name\" content=\"TRUUSK - Hem, Tr\u00e4dg\u00e5rd &amp; Fritid\" \/>\n<meta property=\"article:modified_time\" content=\"2026-03-12T07:55:25+00:00\" \/>\n<meta property=\"og:image\" content=\"https:\/\/i0.wp.com\/truusk.se\/wp-content\/uploads\/2024\/02\/upphojd-badd-ortbadd-vaxtlada-med-3-draneringshal-blomlada-med-fen-metall-100-x-30-x-80-cm.webp?fit=800%2C800&ssl=1\" \/>\n\t<meta property=\"og:image:width\" content=\"800\" \/>\n\t<meta property=\"og:image:height\" content=\"800\" \/>\n\t<meta property=\"og:image:type\" content=\"image\/webp\" \/>\n<meta name=\"twitter:card\" content=\"summary_large_image\" \/>\n<meta name=\"twitter:label1\" content=\"Ber\u00e4knad l\u00e4stid\" \/>\n\t<meta name=\"twitter:data1\" content=\"1 minut\" \/>\n<!-- \/ Yoast SEO plugin. -->","yoast_head_json":{"title":"TRUUSK Upph\u00f6jd B\u00e4dd f\u00f6r \u00d6rter och Blommor - Metallkonstruktion - 3 Dr\u00e4neringsh\u00e5l - Fen - 100x30x80 cm - TRUUSK - Hem, Tr\u00e4dg\u00e5rd &amp; Fritid","robots":{"index":"index","follow":"follow","max-snippet":"max-snippet:-1","max-image-preview":"max-image-preview:large","max-video-preview":"max-video-preview:-1"},"canonical":"https:\/\/truusk.store\/sv\/produkt\/truusk-upphojd-badd-for-orter-och-blommor-metallkonstruktion-3-draneringshal-fen-100x30x80-cm\/","og_locale":"sv_SE","og_type":"article","og_title":"TRUUSK Upph\u00f6jd B\u00e4dd f\u00f6r \u00d6rter och Blommor - Metallkonstruktion - 3 Dr\u00e4neringsh\u00e5l - Fen - 100x30x80 cm - TRUUSK - Hem, Tr\u00e4dg\u00e5rd &amp; Fritid","og_description":"Med h\u00f6jdb\u00e4dden beh\u00f6ver du aldrig b\u00f6ja dig f\u00f6r att ta hand om dina tr\u00e4dg\u00e5rds\u00f6rter eller blommor igen. Den praktiska arbetsh\u00f6jden...","og_url":"https:\/\/truusk.store\/sv\/produkt\/truusk-upphojd-badd-for-orter-och-blommor-metallkonstruktion-3-draneringshal-fen-100x30x80-cm\/","og_site_name":"TRUUSK - Hem, Tr\u00e4dg\u00e5rd &amp; Fritid","article_modified_time":"2026-03-12T07:55:25+00:00","og_image":[{"width":800,"height":800,"url":"https:\/\/i0.wp.com\/truusk.se\/wp-content\/uploads\/2024\/02\/upphojd-badd-ortbadd-vaxtlada-med-3-draneringshal-blomlada-med-fen-metall-100-x-30-x-80-cm.webp?fit=800%2C800&ssl=1","type":"image\/webp"}],"twitter_card":"summary_large_image","twitter_misc":{"Ber\u00e4knad l\u00e4stid":"1 minut"},"schema":{"@context":"https:\/\/schema.org","@graph":[{"@type":"WebPage","@id":"https:\/\/truusk.store\/sv\/produkt\/truusk-upphojd-badd-for-orter-och-blommor-metallkonstruktion-3-draneringshal-fen-100x30x80-cm\/","url":"https:\/\/truusk.store\/sv\/produkt\/truusk-upphojd-badd-for-orter-och-blommor-metallkonstruktion-3-draneringshal-fen-100x30x80-cm\/","name":"TRUUSK Upph\u00f6jd B\u00e4dd f\u00f6r \u00d6rter och Blommor - Metallkonstruktion - 3 Dr\u00e4neringsh\u00e5l - Fen - 100x30x80 cm - TRUUSK - Hem, Tr\u00e4dg\u00e5rd &amp; Fritid","isPartOf":{"@id":"https:\/\/truusk.store\/sv\/#website"},"primaryImageOfPage":{"@id":"https:\/\/truusk.store\/sv\/produkt\/truusk-upphojd-badd-for-orter-och-blommor-metallkonstruktion-3-draneringshal-fen-100x30x80-cm\/#primaryimage"},"image":{"@id":"https:\/\/truusk.store\/sv\/produkt\/truusk-upphojd-badd-for-orter-och-blommor-metallkonstruktion-3-draneringshal-fen-100x30x80-cm\/#primaryimage"},"thumbnailUrl":"https:\/\/i0.wp.com\/truusk.store\/wp-content\/uploads\/2024\/02\/upphojd-badd-ortbadd-vaxtlada-med-3-draneringshal-blomlada-med-fen-metall-100-x-30-x-80-cm.webp?fit=800%2C800&ssl=1","datePublished":"2024-02-13T07:42:59+00:00","dateModified":"2026-03-12T07:55:25+00:00","breadcrumb":{"@id":"https:\/\/truusk.store\/sv\/produkt\/truusk-upphojd-badd-for-orter-och-blommor-metallkonstruktion-3-draneringshal-fen-100x30x80-cm\/#breadcrumb"},"inLanguage":"sv-SE","potentialAction":[{"@type":"ReadAction","target":["https:\/\/truusk.store\/sv\/produkt\/truusk-upphojd-badd-for-orter-och-blommor-metallkonstruktion-3-draneringshal-fen-100x30x80-cm\/"]}]},{"@type":"ImageObject","inLanguage":"sv-SE","@id":"https:\/\/truusk.store\/sv\/produkt\/truusk-upphojd-badd-for-orter-och-blommor-metallkonstruktion-3-draneringshal-fen-100x30x80-cm\/#primaryimage","url":"https:\/\/i0.wp.com\/truusk.store\/wp-content\/uploads\/2024\/02\/upphojd-badd-ortbadd-vaxtlada-med-3-draneringshal-blomlada-med-fen-metall-100-x-30-x-80-cm.webp?fit=800%2C800&ssl=1","contentUrl":"https:\/\/i0.wp.com\/truusk.store\/wp-content\/uploads\/2024\/02\/upphojd-badd-ortbadd-vaxtlada-med-3-draneringshal-blomlada-med-fen-metall-100-x-30-x-80-cm.webp?fit=800%2C800&ssl=1","width":800,"height":800,"caption":"Upph\u00f6jd B\u00e4dd, \u00f6rtb\u00e4dd, V\u00e4xtl\u00e5da Med 3 Dr\u00e4neringsh\u00e5l, Bloml\u00e5da Med Fen, Metall, 100 X 30 X 80 Cm 1"},{"@type":"BreadcrumbList","@id":"https:\/\/truusk.store\/sv\/produkt\/truusk-upphojd-badd-for-orter-och-blommor-metallkonstruktion-3-draneringshal-fen-100x30x80-cm\/#breadcrumb","itemListElement":[{"@type":"ListItem","position":1,"name":"Home","item":"https:\/\/truusk.store\/sv\/"},{"@type":"ListItem","position":2,"name":"Shop","item":"https:\/\/truusk.store\/shop\/"},{"@type":"ListItem","position":3,"name":"TRUUSK Upph\u00f6jd B\u00e4dd f\u00f6r \u00d6rter och Blommor &#8211; Metallkonstruktion &#8211; 3 Dr\u00e4neringsh\u00e5l &#8211; Fen &#8211; 100x30x80 cm"}]},{"@type":"WebSite","@id":"https:\/\/truusk.store\/sv\/#website","url":"https:\/\/truusk.store\/sv\/","name":"TRUUSK - Hem, Tr\u00e4dg\u00e5rd & Fritid","description":"","publisher":{"@id":"https:\/\/truusk.store\/sv\/#organization"},"potentialAction":[{"@type":"SearchAction","target":{"@type":"EntryPoint","urlTemplate":"https:\/\/truusk.store\/sv\/?s={search_term_string}"},"query-input":{"@type":"PropertyValueSpecification","valueRequired":true,"valueName":"search_term_string"}}],"inLanguage":"sv-SE"},{"@type":"Organization","@id":"https:\/\/truusk.store\/sv\/#organization","name":"TRUUSK - Hem, Tr\u00e4dg\u00e5rd & Fritid","url":"https:\/\/truusk.store\/sv\/","logo":{"@type":"ImageObject","inLanguage":"sv-SE","@id":"https:\/\/truusk.store\/sv\/#\/schema\/logo\/image\/","url":"https:\/\/i0.wp.com\/truusk.store\/wp-content\/uploads\/2026\/03\/cropped-TRUUSK.png?fit=2032%2C917&ssl=1","contentUrl":"https:\/\/i0.wp.com\/truusk.store\/wp-content\/uploads\/2026\/03\/cropped-TRUUSK.png?fit=2032%2C917&ssl=1","width":2032,"height":917,"caption":"TRUUSK - Hem, Tr\u00e4dg\u00e5rd & Fritid"},"image":{"@id":"https:\/\/truusk.store\/sv\/#\/schema\/logo\/image\/"}}]}},"jetpack_sharing_enabled":true,"_links":{"self":[{"href":"https:\/\/truusk.store\/sv\/wp-json\/wp\/v2\/product\/7086","targetHints":{"allow":["GET"]}}],"collection":[{"href":"https:\/\/truusk.store\/sv\/wp-json\/wp\/v2\/product"}],"about":[{"href":"https:\/\/truusk.store\/sv\/wp-json\/wp\/v2\/types\/product"}],"wp:featuredmedia":[{"embeddable":true,"href":"https:\/\/truusk.store\/sv\/wp-json\/wp\/v2\/media\/7087"}],"wp:attachment":[{"href":"https:\/\/truusk.store\/sv\/wp-json\/wp\/v2\/media?parent=7086"}],"wp:term":[{"taxonomy":"product_brand","embeddable":true,"href":"https:\/\/truusk.store\/sv\/wp-json\/wp\/v2\/product_brand?post=7086"},{"taxonomy":"product_cat","embeddable":true,"href":"https:\/\/truusk.store\/sv\/wp-json\/wp\/v2\/product_cat?post=7086"},{"taxonomy":"product_tag","embeddable":true,"href":"https:\/\/truusk.store\/sv\/wp-json\/wp\/v2\/product_tag?post=7086"}],"curies":[{"name":"wp","href":"https:\/\/api.w.org\/{rel}","templated":true}]}}