{"id":70887,"date":"2025-06-05T20:12:50","date_gmt":"2025-06-05T19:12:50","guid":{"rendered":"https:\/\/truusk.store\/product\/3-delat-set-blomkrukor-med-hal-56x42-cm-planteringskrukor-fyrkantig-planteringskruka-plast-blomkrukor-for-tomater-och-blommor-planteringskruka-for-tradgard-balkong-morkgra\/"},"modified":"2026-03-12T08:40:45","modified_gmt":"2026-03-12T07:40:45","slug":"truusk-3-delat-set-blomkrukor-med-hal-56x42-cm-fyrkantig-planteringskruka-plast-blomkrukor-for-tomater-och-blommor-for","status":"publish","type":"product","link":"https:\/\/truusk.store\/sv\/produkt\/truusk-3-delat-set-blomkrukor-med-hal-56x42-cm-fyrkantig-planteringskruka-plast-blomkrukor-for-tomater-och-blommor-for\/","title":{"rendered":"TRUUSK 3-delat Set Blomkrukor Med H\u00e5l, 56&#215;42 Cm &#8211; Fyrkantig Planteringskruka &#8211; Plast Blomkrukor F\u00f6r Tomater Och Blommor &#8211; F\u00f6r"},"content":{"rendered":"<p>G\u00f6r om din terrass till en blomstrande tr\u00e4dg\u00e5rd med TRUUSK Outdoor-blomkruka! Denna trestegs vertikala planterare med 10-liters beh\u00e5llare m\u00f6jligg\u00f6r plantering av en f\u00e4rgstark variation av blommor, gr\u00f6nsaker eller \u00f6rter. Genomt\u00e4nkt designad med flera dr\u00e4neringsh\u00e5l f\u00f6rhindrar den stora blomkrukan vattenstagnation och fr\u00e4mjar dina plantors tillv\u00e4xt. Olika upph\u00e4ngningsalternativ f\u00f6r blomkrukan g\u00f6r att staket, v\u00e4gg eller r\u00e4cke lyser upp.<\/p>\n<p>Beskrivning:<\/p>\n<ul>\n<li> Den 3-stegs vertikala planteraren optimerar utrymmet f\u00f6r olika v\u00e4xtarter<\/li>\n<li> Varje fack rymmer 10L, idealiskt f\u00f6r frodig v\u00e4xttillv\u00e4xt<\/li>\n<li> Flera dr\u00e4neringsh\u00e5l i planteraren f\u00f6rhindrar vattenstagnation och fr\u00e4mjar plantors h\u00e4lsa<\/li>\n<li> Installationsalternativ inkluderar upph\u00e4ngning eller montering f\u00f6r flexibilitet<\/li>\n<li> Justerbara bredder och h\u00f6jder p\u00e5 blomkrukan motsvarar olika installationskrav<\/li>\n<li> H\u00f6gkvalitativt plastmaterial och pulverlackerad st\u00e5lram st\u00e5r emot utomhusf\u00f6rh\u00e5llanden<\/li>\n<li> Montering kr\u00e4vs<\/li>\n<\/ul>\n<p> Tekniska data:<\/p>\n<ul>\n<li> F\u00e4rg: M\u00f6rkgr\u00e5<\/li>\n<li> Material: St\u00e5l, plast<\/li>\n<li> Totala dimensioner: 56L x 42B x 100H cm<\/li>\n<li> Kapacitet: 10 L (varje kruka)<\/li>\n<li> H\u00f6jd p\u00e5 den nedre krukan: 27 cm, 61 cm, 95 cm (till golvet)<\/li>\n<li> Blomkruka dimensioner: 49,7L x 19,3B x 15,5H cm<\/li>\n<li> Belastningskapacitet: 10 kg (varje kruka)<\/li>\n<\/ul>\n<p>Leverans inneh\u00e5ller:<\/p>\n<ul>\n<li> 1 x Utomhus planterare<\/li>\n<li> 1 x Bruksanvisning<\/li>\n<\/ul>\n","protected":false},"excerpt":{"rendered":"<p>G\u00f6r om din terrass till en blomstrande tr\u00e4dg\u00e5rd med TRUUSK Outdoor-blomkruka! Denna trestegs vertikala planterare med 10-liters beh\u00e5llare m\u00f6jligg\u00f6r plantering&#8230;<\/p>\n","protected":false},"featured_media":70878,"template":"","meta":[],"product_brand":[],"product_cat":[976,924,858,443],"product_tag":[],"class_list":{"0":"post-70887","1":"product","2":"type-product","3":"status-publish","4":"has-post-thumbnail","6":"product_cat-blumenstander","7":"product_cat-plantkarl","8":"product_cat-tradgard-terrass","9":"product_cat-vaxthus-tradgardsskotsel","11":"first","12":"instock","13":"sale","14":"taxable","15":"shipping-taxable","16":"purchasable","17":"product-type-simple"},"yoast_head":"<!-- This site is optimized with the Yoast SEO plugin v25.4 - https:\/\/yoast.com\/wordpress\/plugins\/seo\/ -->\n<title>TRUUSK 3-delat Set Blomkrukor Med H\u00e5l, 56x42 Cm - Fyrkantig Planteringskruka - Plast Blomkrukor F\u00f6r Tomater Och Blommor - F\u00f6r - TRUUSK - Hem, Tr\u00e4dg\u00e5rd &amp; Fritid<\/title>\n<meta name=\"robots\" content=\"index, follow, max-snippet:-1, max-image-preview:large, max-video-preview:-1\" \/>\n<link rel=\"canonical\" href=\"https:\/\/truusk.store\/sv\/produkt\/truusk-3-delat-set-blomkrukor-med-hal-56x42-cm-fyrkantig-planteringskruka-plast-blomkrukor-for-tomater-och-blommor-for\/\" \/>\n<meta property=\"og:locale\" content=\"sv_SE\" \/>\n<meta property=\"og:type\" content=\"article\" \/>\n<meta property=\"og:title\" content=\"TRUUSK 3-delat Set Blomkrukor Med H\u00e5l, 56x42 Cm - Fyrkantig Planteringskruka - Plast Blomkrukor F\u00f6r Tomater Och Blommor - F\u00f6r - TRUUSK - Hem, Tr\u00e4dg\u00e5rd &amp; Fritid\" \/>\n<meta property=\"og:description\" content=\"G\u00f6r om din terrass till en blomstrande tr\u00e4dg\u00e5rd med TRUUSK Outdoor-blomkruka! Denna trestegs vertikala planterare med 10-liters beh\u00e5llare m\u00f6jligg\u00f6r plantering...\" \/>\n<meta property=\"og:url\" content=\"https:\/\/truusk.store\/sv\/produkt\/truusk-3-delat-set-blomkrukor-med-hal-56x42-cm-fyrkantig-planteringskruka-plast-blomkrukor-for-tomater-och-blommor-for\/\" \/>\n<meta property=\"og:site_name\" content=\"TRUUSK - Hem, Tr\u00e4dg\u00e5rd &amp; Fritid\" \/>\n<meta property=\"article:modified_time\" content=\"2026-03-12T07:40:45+00:00\" \/>\n<meta property=\"og:image\" content=\"https:\/\/i0.wp.com\/truusk.se\/wp-content\/uploads\/2025\/06\/3-delat-set-blomkrukor-med-hal-56x42-cm-planteringskrukor-fyrkantig-planteringskruka-plast-blomkrukor-for-tomater-och-blommor-planteringskruka-for-tradgard-balkong-morkgra-1.webp?fit=2000%2C2000&ssl=1\" \/>\n\t<meta property=\"og:image:width\" content=\"2000\" \/>\n\t<meta property=\"og:image:height\" content=\"2000\" \/>\n\t<meta property=\"og:image:type\" content=\"image\/webp\" \/>\n<meta name=\"twitter:card\" content=\"summary_large_image\" \/>\n<meta name=\"twitter:label1\" content=\"Ber\u00e4knad l\u00e4stid\" \/>\n\t<meta name=\"twitter:data1\" content=\"1 minut\" \/>\n<!-- \/ Yoast SEO plugin. -->","yoast_head_json":{"title":"TRUUSK 3-delat Set Blomkrukor Med H\u00e5l, 56x42 Cm - Fyrkantig Planteringskruka - Plast Blomkrukor F\u00f6r Tomater Och Blommor - F\u00f6r - TRUUSK - Hem, Tr\u00e4dg\u00e5rd &amp; Fritid","robots":{"index":"index","follow":"follow","max-snippet":"max-snippet:-1","max-image-preview":"max-image-preview:large","max-video-preview":"max-video-preview:-1"},"canonical":"https:\/\/truusk.store\/sv\/produkt\/truusk-3-delat-set-blomkrukor-med-hal-56x42-cm-fyrkantig-planteringskruka-plast-blomkrukor-for-tomater-och-blommor-for\/","og_locale":"sv_SE","og_type":"article","og_title":"TRUUSK 3-delat Set Blomkrukor Med H\u00e5l, 56x42 Cm - Fyrkantig Planteringskruka - Plast Blomkrukor F\u00f6r Tomater Och Blommor - F\u00f6r - TRUUSK - Hem, Tr\u00e4dg\u00e5rd &amp; Fritid","og_description":"G\u00f6r om din terrass till en blomstrande tr\u00e4dg\u00e5rd med TRUUSK Outdoor-blomkruka! Denna trestegs vertikala planterare med 10-liters beh\u00e5llare m\u00f6jligg\u00f6r plantering...","og_url":"https:\/\/truusk.store\/sv\/produkt\/truusk-3-delat-set-blomkrukor-med-hal-56x42-cm-fyrkantig-planteringskruka-plast-blomkrukor-for-tomater-och-blommor-for\/","og_site_name":"TRUUSK - Hem, Tr\u00e4dg\u00e5rd &amp; Fritid","article_modified_time":"2026-03-12T07:40:45+00:00","og_image":[{"width":2000,"height":2000,"url":"https:\/\/i0.wp.com\/truusk.se\/wp-content\/uploads\/2025\/06\/3-delat-set-blomkrukor-med-hal-56x42-cm-planteringskrukor-fyrkantig-planteringskruka-plast-blomkrukor-for-tomater-och-blommor-planteringskruka-for-tradgard-balkong-morkgra-1.webp?fit=2000%2C2000&ssl=1","type":"image\/webp"}],"twitter_card":"summary_large_image","twitter_misc":{"Ber\u00e4knad l\u00e4stid":"1 minut"},"schema":{"@context":"https:\/\/schema.org","@graph":[{"@type":"WebPage","@id":"https:\/\/truusk.store\/sv\/produkt\/truusk-3-delat-set-blomkrukor-med-hal-56x42-cm-fyrkantig-planteringskruka-plast-blomkrukor-for-tomater-och-blommor-for\/","url":"https:\/\/truusk.store\/sv\/produkt\/truusk-3-delat-set-blomkrukor-med-hal-56x42-cm-fyrkantig-planteringskruka-plast-blomkrukor-for-tomater-och-blommor-for\/","name":"TRUUSK 3-delat Set Blomkrukor Med H\u00e5l, 56x42 Cm - Fyrkantig Planteringskruka - Plast Blomkrukor F\u00f6r Tomater Och Blommor - F\u00f6r - TRUUSK - Hem, Tr\u00e4dg\u00e5rd &amp; Fritid","isPartOf":{"@id":"https:\/\/truusk.store\/sv\/#website"},"primaryImageOfPage":{"@id":"https:\/\/truusk.store\/sv\/produkt\/truusk-3-delat-set-blomkrukor-med-hal-56x42-cm-fyrkantig-planteringskruka-plast-blomkrukor-for-tomater-och-blommor-for\/#primaryimage"},"image":{"@id":"https:\/\/truusk.store\/sv\/produkt\/truusk-3-delat-set-blomkrukor-med-hal-56x42-cm-fyrkantig-planteringskruka-plast-blomkrukor-for-tomater-och-blommor-for\/#primaryimage"},"thumbnailUrl":"https:\/\/i0.wp.com\/truusk.store\/wp-content\/uploads\/2025\/06\/3-delat-set-blomkrukor-med-hal-56x42-cm-planteringskrukor-fyrkantig-planteringskruka-plast-blomkrukor-for-tomater-och-blommor-planteringskruka-for-tradgard-balkong-morkgra-1.webp?fit=2000%2C2000&ssl=1","datePublished":"2025-06-05T19:12:50+00:00","dateModified":"2026-03-12T07:40:45+00:00","breadcrumb":{"@id":"https:\/\/truusk.store\/sv\/produkt\/truusk-3-delat-set-blomkrukor-med-hal-56x42-cm-fyrkantig-planteringskruka-plast-blomkrukor-for-tomater-och-blommor-for\/#breadcrumb"},"inLanguage":"sv-SE","potentialAction":[{"@type":"ReadAction","target":["https:\/\/truusk.store\/sv\/produkt\/truusk-3-delat-set-blomkrukor-med-hal-56x42-cm-fyrkantig-planteringskruka-plast-blomkrukor-for-tomater-och-blommor-for\/"]}]},{"@type":"ImageObject","inLanguage":"sv-SE","@id":"https:\/\/truusk.store\/sv\/produkt\/truusk-3-delat-set-blomkrukor-med-hal-56x42-cm-fyrkantig-planteringskruka-plast-blomkrukor-for-tomater-och-blommor-for\/#primaryimage","url":"https:\/\/i0.wp.com\/truusk.store\/wp-content\/uploads\/2025\/06\/3-delat-set-blomkrukor-med-hal-56x42-cm-planteringskrukor-fyrkantig-planteringskruka-plast-blomkrukor-for-tomater-och-blommor-planteringskruka-for-tradgard-balkong-morkgra-1.webp?fit=2000%2C2000&ssl=1","contentUrl":"https:\/\/i0.wp.com\/truusk.store\/wp-content\/uploads\/2025\/06\/3-delat-set-blomkrukor-med-hal-56x42-cm-planteringskrukor-fyrkantig-planteringskruka-plast-blomkrukor-for-tomater-och-blommor-planteringskruka-for-tradgard-balkong-morkgra-1.webp?fit=2000%2C2000&ssl=1","width":2000,"height":2000},{"@type":"BreadcrumbList","@id":"https:\/\/truusk.store\/sv\/produkt\/truusk-3-delat-set-blomkrukor-med-hal-56x42-cm-fyrkantig-planteringskruka-plast-blomkrukor-for-tomater-och-blommor-for\/#breadcrumb","itemListElement":[{"@type":"ListItem","position":1,"name":"Home","item":"https:\/\/truusk.store\/sv\/"},{"@type":"ListItem","position":2,"name":"Shop","item":"https:\/\/truusk.store\/shop\/"},{"@type":"ListItem","position":3,"name":"TRUUSK 3-delat Set Blomkrukor Med H\u00e5l, 56&#215;42 Cm &#8211; Fyrkantig Planteringskruka &#8211; Plast Blomkrukor F\u00f6r Tomater Och Blommor &#8211; F\u00f6r"}]},{"@type":"WebSite","@id":"https:\/\/truusk.store\/sv\/#website","url":"https:\/\/truusk.store\/sv\/","name":"TRUUSK - Hem, Tr\u00e4dg\u00e5rd & Fritid","description":"","publisher":{"@id":"https:\/\/truusk.store\/sv\/#organization"},"potentialAction":[{"@type":"SearchAction","target":{"@type":"EntryPoint","urlTemplate":"https:\/\/truusk.store\/sv\/?s={search_term_string}"},"query-input":{"@type":"PropertyValueSpecification","valueRequired":true,"valueName":"search_term_string"}}],"inLanguage":"sv-SE"},{"@type":"Organization","@id":"https:\/\/truusk.store\/sv\/#organization","name":"TRUUSK - Hem, Tr\u00e4dg\u00e5rd & Fritid","url":"https:\/\/truusk.store\/sv\/","logo":{"@type":"ImageObject","inLanguage":"sv-SE","@id":"https:\/\/truusk.store\/sv\/#\/schema\/logo\/image\/","url":"https:\/\/i0.wp.com\/truusk.store\/wp-content\/uploads\/2026\/03\/cropped-TRUUSK.png?fit=2032%2C917&ssl=1","contentUrl":"https:\/\/i0.wp.com\/truusk.store\/wp-content\/uploads\/2026\/03\/cropped-TRUUSK.png?fit=2032%2C917&ssl=1","width":2032,"height":917,"caption":"TRUUSK - Hem, Tr\u00e4dg\u00e5rd & Fritid"},"image":{"@id":"https:\/\/truusk.store\/sv\/#\/schema\/logo\/image\/"}}]}},"jetpack_sharing_enabled":true,"_links":{"self":[{"href":"https:\/\/truusk.store\/sv\/wp-json\/wp\/v2\/product\/70887","targetHints":{"allow":["GET"]}}],"collection":[{"href":"https:\/\/truusk.store\/sv\/wp-json\/wp\/v2\/product"}],"about":[{"href":"https:\/\/truusk.store\/sv\/wp-json\/wp\/v2\/types\/product"}],"wp:featuredmedia":[{"embeddable":true,"href":"https:\/\/truusk.store\/sv\/wp-json\/wp\/v2\/media\/70878"}],"wp:attachment":[{"href":"https:\/\/truusk.store\/sv\/wp-json\/wp\/v2\/media?parent=70887"}],"wp:term":[{"taxonomy":"product_brand","embeddable":true,"href":"https:\/\/truusk.store\/sv\/wp-json\/wp\/v2\/product_brand?post=70887"},{"taxonomy":"product_cat","embeddable":true,"href":"https:\/\/truusk.store\/sv\/wp-json\/wp\/v2\/product_cat?post=70887"},{"taxonomy":"product_tag","embeddable":true,"href":"https:\/\/truusk.store\/sv\/wp-json\/wp\/v2\/product_tag?post=70887"}],"curies":[{"name":"wp","href":"https:\/\/api.w.org\/{rel}","templated":true}]}}