{"id":70897,"date":"2025-06-05T20:13:52","date_gmt":"2025-06-05T19:13:52","guid":{"rendered":"https:\/\/truusk.store\/product\/parasoll-o196-cm-roterbart-parasoll-med-knackfunktion-sexkantig-balkongparasoll-strandparasoll-vindfast-stabil-marknadsparasoll-vevparasoll-solskydd-for-strand-balkong-tradgard-morkgra\/"},"modified":"2026-03-12T09:12:36","modified_gmt":"2026-03-12T08:12:36","slug":"truusk-roterbart-parasoll-o196-cm-sexkantig-balkongparasoll-vindfast-och-stabil-solskydd-for-strand-balkong-och-tradgard","status":"publish","type":"product","link":"https:\/\/truusk.store\/sv\/produkt\/truusk-roterbart-parasoll-o196-cm-sexkantig-balkongparasoll-vindfast-och-stabil-solskydd-for-strand-balkong-och-tradgard\/","title":{"rendered":"TRUUSK Roterbart Parasoll \u00d8196 cm &#8211; Sexkantig Balkongparasoll &#8211; Vindfast och Stabil &#8211; Solskydd f\u00f6r Strand, Balkong och Tr\u00e4dg\u00e5rd &#8211;"},"content":{"rendered":"<p>Den eleganta TRUUSK tr\u00e4dg\u00e5rdsbordssolenparasollen i klassisk design f\u00f6rsk\u00f6nar ditt utomhusomr\u00e5de och erbjuder skyddande skugga. Aluminiumramen med sex anslutna revben av strandparasollen garanterar stabilitet och skydd mot vind. Tack vare den enkla push-open-funktionen kan solparasollen snabbt \u00f6ppnas och lika l\u00e4tt st\u00e4ngas igen. Perfekt i kombination med v\u00e5ra TRUUSK paraplyst\u00e4ll f\u00f6r en helt lyckad sommarupplevelse.<\/p>\n<p>Beskrivning:<\/p>\n<ul>\n<li> Den \u00d81,96 m stora solparasollen erbjuder tillr\u00e4ckligt med skugga och skydd mot solen<\/li>\n<li> Aluminiumramen h\u00e5ller solparasollen uppr\u00e4tt, ansluten till parasolltaket via sex st\u00e5lst\u00e4nger<\/li>\n<li> Perfekt f\u00f6r varje tr\u00e4dg\u00e5rd, varje terrass och varje utomhusomr\u00e5de<\/li>\n<li> Kan bekv\u00e4mt \u00f6ppnas och l\u00e5sas med metallpinnen<\/li>\n<li> B\u00e4rbar och l\u00e4tt<\/li>\n<li> Basen ing\u00e5r inte i tr\u00e4dg\u00e5rdsparasollen, b\u00f6r inte l\u00e4mnas \u00f6ppen vid extremt v\u00e4der<\/li>\n<\/ul>\n<p> Tekniska data:<\/p>\n<ul>\n<li> F\u00e4rg: M\u00f6rkgr\u00e5<\/li>\n<li> Material: Aluminium, Metall, Polyester<\/li>\n<li> Totalstorlek: \u00d81,96 x 2,04H m<\/li>\n<li> Parasollst\u00e5ng: \u00d832 mm<\/li>\n<li> Notera: 1, Basen ing\u00e5r inte, l\u00e4mnas inte \u00f6ppen vid extremt v\u00e4der.2, Endast solparasoll. F\u00f6r optimal stabilitet rekommenderas ett 15 kg tungt parasollst\u00e4ll<\/li>\n<\/ul>\n<p>Leveransinneh\u00e5ll:<\/p>\n<ul>\n<li> 1 x Terrassparasoll<\/li>\n<li> 1 x Bruksanvisning<\/li>\n<\/ul>\n","protected":false},"excerpt":{"rendered":"<p>Den eleganta TRUUSK tr\u00e4dg\u00e5rdsbordssolenparasollen i klassisk design f\u00f6rsk\u00f6nar ditt utomhusomr\u00e5de och erbjuder skyddande skugga. Aluminiumramen med sex anslutna revben av&#8230;<\/p>\n","protected":false},"featured_media":70888,"template":"","meta":[],"product_brand":[],"product_cat":[472,862,858],"product_tag":[],"class_list":{"0":"post-70897","1":"product","2":"type-product","3":"status-publish","4":"has-post-thumbnail","6":"product_cat-parasoller","7":"product_cat-sol-insynsskydd","8":"product_cat-tradgard-terrass","10":"first","11":"instock","12":"sale","13":"taxable","14":"shipping-taxable","15":"purchasable","16":"product-type-simple"},"yoast_head":"<!-- This site is optimized with the Yoast SEO plugin v25.4 - https:\/\/yoast.com\/wordpress\/plugins\/seo\/ -->\n<title>TRUUSK Roterbart Parasoll \u00d8196 cm - Sexkantig Balkongparasoll - Vindfast och Stabil - Solskydd f\u00f6r Strand, Balkong och Tr\u00e4dg\u00e5rd - TRUUSK - Hem, Tr\u00e4dg\u00e5rd &amp; Fritid<\/title>\n<meta name=\"robots\" content=\"index, follow, max-snippet:-1, max-image-preview:large, max-video-preview:-1\" \/>\n<link rel=\"canonical\" href=\"https:\/\/truusk.store\/sv\/produkt\/truusk-roterbart-parasoll-o196-cm-sexkantig-balkongparasoll-vindfast-och-stabil-solskydd-for-strand-balkong-och-tradgard\/\" \/>\n<meta property=\"og:locale\" content=\"sv_SE\" \/>\n<meta property=\"og:type\" content=\"article\" \/>\n<meta property=\"og:title\" content=\"TRUUSK Roterbart Parasoll \u00d8196 cm - Sexkantig Balkongparasoll - Vindfast och Stabil - Solskydd f\u00f6r Strand, Balkong och Tr\u00e4dg\u00e5rd - TRUUSK - Hem, Tr\u00e4dg\u00e5rd &amp; Fritid\" \/>\n<meta property=\"og:description\" content=\"Den eleganta TRUUSK tr\u00e4dg\u00e5rdsbordssolenparasollen i klassisk design f\u00f6rsk\u00f6nar ditt utomhusomr\u00e5de och erbjuder skyddande skugga. Aluminiumramen med sex anslutna revben av...\" \/>\n<meta property=\"og:url\" content=\"https:\/\/truusk.store\/sv\/produkt\/truusk-roterbart-parasoll-o196-cm-sexkantig-balkongparasoll-vindfast-och-stabil-solskydd-for-strand-balkong-och-tradgard\/\" \/>\n<meta property=\"og:site_name\" content=\"TRUUSK - Hem, Tr\u00e4dg\u00e5rd &amp; Fritid\" \/>\n<meta property=\"article:modified_time\" content=\"2026-03-12T08:12:36+00:00\" \/>\n<meta property=\"og:image\" content=\"https:\/\/i0.wp.com\/truusk.se\/wp-content\/uploads\/2025\/06\/parasoll-o196-cm-roterbart-parasoll-med-knackfunktion-sexkantig-balkongparasoll-strandparasoll-vindfast-stabil-marknadsparasoll-vevparasoll-solskydd-for-strand-balkong-tradgard-morkgra-1.webp?fit=2000%2C2000&ssl=1\" \/>\n\t<meta property=\"og:image:width\" content=\"2000\" \/>\n\t<meta property=\"og:image:height\" content=\"2000\" \/>\n\t<meta property=\"og:image:type\" content=\"image\/webp\" \/>\n<meta name=\"twitter:card\" content=\"summary_large_image\" \/>\n<meta name=\"twitter:label1\" content=\"Ber\u00e4knad l\u00e4stid\" \/>\n\t<meta name=\"twitter:data1\" content=\"1 minut\" \/>\n<!-- \/ Yoast SEO plugin. -->","yoast_head_json":{"title":"TRUUSK Roterbart Parasoll \u00d8196 cm - Sexkantig Balkongparasoll - Vindfast och Stabil - Solskydd f\u00f6r Strand, Balkong och Tr\u00e4dg\u00e5rd - TRUUSK - Hem, Tr\u00e4dg\u00e5rd &amp; Fritid","robots":{"index":"index","follow":"follow","max-snippet":"max-snippet:-1","max-image-preview":"max-image-preview:large","max-video-preview":"max-video-preview:-1"},"canonical":"https:\/\/truusk.store\/sv\/produkt\/truusk-roterbart-parasoll-o196-cm-sexkantig-balkongparasoll-vindfast-och-stabil-solskydd-for-strand-balkong-och-tradgard\/","og_locale":"sv_SE","og_type":"article","og_title":"TRUUSK Roterbart Parasoll \u00d8196 cm - Sexkantig Balkongparasoll - Vindfast och Stabil - Solskydd f\u00f6r Strand, Balkong och Tr\u00e4dg\u00e5rd - TRUUSK - Hem, Tr\u00e4dg\u00e5rd &amp; Fritid","og_description":"Den eleganta TRUUSK tr\u00e4dg\u00e5rdsbordssolenparasollen i klassisk design f\u00f6rsk\u00f6nar ditt utomhusomr\u00e5de och erbjuder skyddande skugga. Aluminiumramen med sex anslutna revben av...","og_url":"https:\/\/truusk.store\/sv\/produkt\/truusk-roterbart-parasoll-o196-cm-sexkantig-balkongparasoll-vindfast-och-stabil-solskydd-for-strand-balkong-och-tradgard\/","og_site_name":"TRUUSK - Hem, Tr\u00e4dg\u00e5rd &amp; Fritid","article_modified_time":"2026-03-12T08:12:36+00:00","og_image":[{"width":2000,"height":2000,"url":"https:\/\/i0.wp.com\/truusk.se\/wp-content\/uploads\/2025\/06\/parasoll-o196-cm-roterbart-parasoll-med-knackfunktion-sexkantig-balkongparasoll-strandparasoll-vindfast-stabil-marknadsparasoll-vevparasoll-solskydd-for-strand-balkong-tradgard-morkgra-1.webp?fit=2000%2C2000&ssl=1","type":"image\/webp"}],"twitter_card":"summary_large_image","twitter_misc":{"Ber\u00e4knad l\u00e4stid":"1 minut"},"schema":{"@context":"https:\/\/schema.org","@graph":[{"@type":"WebPage","@id":"https:\/\/truusk.store\/sv\/produkt\/truusk-roterbart-parasoll-o196-cm-sexkantig-balkongparasoll-vindfast-och-stabil-solskydd-for-strand-balkong-och-tradgard\/","url":"https:\/\/truusk.store\/sv\/produkt\/truusk-roterbart-parasoll-o196-cm-sexkantig-balkongparasoll-vindfast-och-stabil-solskydd-for-strand-balkong-och-tradgard\/","name":"TRUUSK Roterbart Parasoll \u00d8196 cm - Sexkantig Balkongparasoll - Vindfast och Stabil - Solskydd f\u00f6r Strand, Balkong och Tr\u00e4dg\u00e5rd - TRUUSK - Hem, Tr\u00e4dg\u00e5rd &amp; Fritid","isPartOf":{"@id":"https:\/\/truusk.store\/sv\/#website"},"primaryImageOfPage":{"@id":"https:\/\/truusk.store\/sv\/produkt\/truusk-roterbart-parasoll-o196-cm-sexkantig-balkongparasoll-vindfast-och-stabil-solskydd-for-strand-balkong-och-tradgard\/#primaryimage"},"image":{"@id":"https:\/\/truusk.store\/sv\/produkt\/truusk-roterbart-parasoll-o196-cm-sexkantig-balkongparasoll-vindfast-och-stabil-solskydd-for-strand-balkong-och-tradgard\/#primaryimage"},"thumbnailUrl":"https:\/\/i0.wp.com\/truusk.store\/wp-content\/uploads\/2025\/06\/parasoll-o196-cm-roterbart-parasoll-med-knackfunktion-sexkantig-balkongparasoll-strandparasoll-vindfast-stabil-marknadsparasoll-vevparasoll-solskydd-for-strand-balkong-tradgard-morkgra-1.webp?fit=2000%2C2000&ssl=1","datePublished":"2025-06-05T19:13:52+00:00","dateModified":"2026-03-12T08:12:36+00:00","breadcrumb":{"@id":"https:\/\/truusk.store\/sv\/produkt\/truusk-roterbart-parasoll-o196-cm-sexkantig-balkongparasoll-vindfast-och-stabil-solskydd-for-strand-balkong-och-tradgard\/#breadcrumb"},"inLanguage":"sv-SE","potentialAction":[{"@type":"ReadAction","target":["https:\/\/truusk.store\/sv\/produkt\/truusk-roterbart-parasoll-o196-cm-sexkantig-balkongparasoll-vindfast-och-stabil-solskydd-for-strand-balkong-och-tradgard\/"]}]},{"@type":"ImageObject","inLanguage":"sv-SE","@id":"https:\/\/truusk.store\/sv\/produkt\/truusk-roterbart-parasoll-o196-cm-sexkantig-balkongparasoll-vindfast-och-stabil-solskydd-for-strand-balkong-och-tradgard\/#primaryimage","url":"https:\/\/i0.wp.com\/truusk.store\/wp-content\/uploads\/2025\/06\/parasoll-o196-cm-roterbart-parasoll-med-knackfunktion-sexkantig-balkongparasoll-strandparasoll-vindfast-stabil-marknadsparasoll-vevparasoll-solskydd-for-strand-balkong-tradgard-morkgra-1.webp?fit=2000%2C2000&ssl=1","contentUrl":"https:\/\/i0.wp.com\/truusk.store\/wp-content\/uploads\/2025\/06\/parasoll-o196-cm-roterbart-parasoll-med-knackfunktion-sexkantig-balkongparasoll-strandparasoll-vindfast-stabil-marknadsparasoll-vevparasoll-solskydd-for-strand-balkong-tradgard-morkgra-1.webp?fit=2000%2C2000&ssl=1","width":2000,"height":2000},{"@type":"BreadcrumbList","@id":"https:\/\/truusk.store\/sv\/produkt\/truusk-roterbart-parasoll-o196-cm-sexkantig-balkongparasoll-vindfast-och-stabil-solskydd-for-strand-balkong-och-tradgard\/#breadcrumb","itemListElement":[{"@type":"ListItem","position":1,"name":"Home","item":"https:\/\/truusk.store\/sv\/"},{"@type":"ListItem","position":2,"name":"Shop","item":"https:\/\/truusk.store\/shop\/"},{"@type":"ListItem","position":3,"name":"TRUUSK Roterbart Parasoll \u00d8196 cm &#8211; Sexkantig Balkongparasoll &#8211; Vindfast och Stabil &#8211; Solskydd f\u00f6r Strand, Balkong och Tr\u00e4dg\u00e5rd &#8211;"}]},{"@type":"WebSite","@id":"https:\/\/truusk.store\/sv\/#website","url":"https:\/\/truusk.store\/sv\/","name":"TRUUSK - Hem, Tr\u00e4dg\u00e5rd & Fritid","description":"","publisher":{"@id":"https:\/\/truusk.store\/sv\/#organization"},"potentialAction":[{"@type":"SearchAction","target":{"@type":"EntryPoint","urlTemplate":"https:\/\/truusk.store\/sv\/?s={search_term_string}"},"query-input":{"@type":"PropertyValueSpecification","valueRequired":true,"valueName":"search_term_string"}}],"inLanguage":"sv-SE"},{"@type":"Organization","@id":"https:\/\/truusk.store\/sv\/#organization","name":"TRUUSK - Hem, Tr\u00e4dg\u00e5rd & Fritid","url":"https:\/\/truusk.store\/sv\/","logo":{"@type":"ImageObject","inLanguage":"sv-SE","@id":"https:\/\/truusk.store\/sv\/#\/schema\/logo\/image\/","url":"https:\/\/i0.wp.com\/truusk.store\/wp-content\/uploads\/2026\/03\/cropped-TRUUSK.png?fit=2032%2C917&ssl=1","contentUrl":"https:\/\/i0.wp.com\/truusk.store\/wp-content\/uploads\/2026\/03\/cropped-TRUUSK.png?fit=2032%2C917&ssl=1","width":2032,"height":917,"caption":"TRUUSK - Hem, Tr\u00e4dg\u00e5rd & Fritid"},"image":{"@id":"https:\/\/truusk.store\/sv\/#\/schema\/logo\/image\/"}}]}},"jetpack_sharing_enabled":true,"_links":{"self":[{"href":"https:\/\/truusk.store\/sv\/wp-json\/wp\/v2\/product\/70897","targetHints":{"allow":["GET"]}}],"collection":[{"href":"https:\/\/truusk.store\/sv\/wp-json\/wp\/v2\/product"}],"about":[{"href":"https:\/\/truusk.store\/sv\/wp-json\/wp\/v2\/types\/product"}],"wp:featuredmedia":[{"embeddable":true,"href":"https:\/\/truusk.store\/sv\/wp-json\/wp\/v2\/media\/70888"}],"wp:attachment":[{"href":"https:\/\/truusk.store\/sv\/wp-json\/wp\/v2\/media?parent=70897"}],"wp:term":[{"taxonomy":"product_brand","embeddable":true,"href":"https:\/\/truusk.store\/sv\/wp-json\/wp\/v2\/product_brand?post=70897"},{"taxonomy":"product_cat","embeddable":true,"href":"https:\/\/truusk.store\/sv\/wp-json\/wp\/v2\/product_cat?post=70897"},{"taxonomy":"product_tag","embeddable":true,"href":"https:\/\/truusk.store\/sv\/wp-json\/wp\/v2\/product_tag?post=70897"}],"curies":[{"name":"wp","href":"https:\/\/api.w.org\/{rel}","templated":true}]}}