{"id":70907,"date":"2025-06-05T20:14:50","date_gmt":"2025-06-05T19:14:50","guid":{"rendered":"https:\/\/truusk.store\/product\/klatterstallning-i-rostfritt-stal-for-att-sticka-in-a-formad-stod-for-klattervaxter-spalje-101x133x227-cm-tradgardsspalje-vaxtspalje-for-gronsaker-blommor-klattervaxter-gron\/"},"modified":"2026-03-12T08:41:10","modified_gmt":"2026-03-12T07:41:10","slug":"truusk-klatterstallning-i-rostfritt-stal-a-formad-stod-for-klattervaxter-spalje-101x133x227-cm-tradgardsspalje-vaxtspalje","status":"publish","type":"product","link":"https:\/\/truusk.store\/sv\/produkt\/truusk-klatterstallning-i-rostfritt-stal-a-formad-stod-for-klattervaxter-spalje-101x133x227-cm-tradgardsspalje-vaxtspalje\/","title":{"rendered":"TRUUSK Kl\u00e4tterst\u00e4llning i Rostfritt St\u00e5l &#8211; A-formad St\u00f6d f\u00f6r Kl\u00e4tterv\u00e4xter &#8211; Spalj\u00e9 101x133x227 cm &#8211; Tr\u00e4dg\u00e5rdsspalj\u00e9 &#8211; V\u00e4xtspalj\u00e9"},"content":{"rendered":"<p>Forma om din tr\u00e4dg\u00e5rd med TRUUSK A-formade rosenst\u00f6d, som ger perfekt st\u00f6d f\u00f6r dina kl\u00e4ttrande gr\u00f6nsaker och v\u00e4xter. Oavsett om det \u00e4r gurkor eller andra kl\u00e4tterv\u00e4xter, justera stegen enligt deras tillv\u00e4xt och anv\u00e4nd det medf\u00f6ljande n\u00e4tet f\u00f6r b\u00e4sta stabilitet. Tillverkad av v\u00e4derbest\u00e4ndigt, rostfritt metall, garanterar detta st\u00f6d att dina v\u00e4xter blommar stilfullt!<\/p>\n<p>Beskrivning:<\/p>\n<ul>\n<li> Det A-formade designen av rosenst\u00f6det maximerar stabiliteten f\u00f6r kl\u00e4tterv\u00e4xter<\/li>\n<li> Justerbara niv\u00e5er av rosenst\u00f6det anpassar sig till de olika tillv\u00e4xtfaserna av v\u00e4xterna<\/li>\n<li> Tr\u00e4dg\u00e5rdsst\u00f6dn\u00e4tet st\u00f6der och leder kl\u00e4tterv\u00e4xter<\/li>\n<li> Enkel n\u00e4tmontering med de medf\u00f6ljande n\u00e4tbanden<\/li>\n<li> Metallr\u00f6r med PE-bel\u00e4ggning \u00e4r rostfria<\/li>\n<li> St\u00e4nger kan enkelt kopplas samman med praktiska kopplingar<\/li>\n<li> S\u00e4kra Sure-Clips garanterar stabiliteten av st\u00e4ngerna<\/li>\n<li> Montering kr\u00e4vs<\/li>\n<\/ul>\n<p> Tekniska data:<\/p>\n<ul>\n<li> F\u00e4rg: Gr\u00f6n<\/li>\n<li> Material: St\u00e5l, Plast<\/li>\n<li> Totala dimensioner: 101L x 133B x 227H cm<\/li>\n<\/ul>\n<p>Inneh\u00e5ll:<\/p>\n<ul>\n<li> 1 x Tomatk\u00e4pp<\/li>\n<li> 1 x Kl\u00e4ttern\u00e4t<\/li>\n<li> 20 x Metalls\u00e4kerhetsklipp<\/li>\n<li> 4 x N\u00e4tband<\/li>\n<li> 1 x Handbok<\/li>\n<\/ul>\n","protected":false},"excerpt":{"rendered":"<p>Forma om din tr\u00e4dg\u00e5rd med TRUUSK A-formade rosenst\u00f6d, som ger perfekt st\u00f6d f\u00f6r dina kl\u00e4ttrande gr\u00f6nsaker och v\u00e4xter. Oavsett om&#8230;<\/p>\n","protected":false},"featured_media":70898,"template":"","meta":[],"product_brand":[],"product_cat":[922,858,443],"product_tag":[],"class_list":{"0":"post-70907","1":"product","2":"type-product","3":"status-publish","4":"has-post-thumbnail","6":"product_cat-planteringskarl","7":"product_cat-tradgard-terrass","8":"product_cat-vaxthus-tradgardsskotsel","10":"first","11":"instock","12":"sale","13":"taxable","14":"shipping-taxable","15":"purchasable","16":"product-type-simple"},"yoast_head":"<!-- This site is optimized with the Yoast SEO plugin v25.4 - https:\/\/yoast.com\/wordpress\/plugins\/seo\/ -->\n<title>TRUUSK Kl\u00e4tterst\u00e4llning i Rostfritt St\u00e5l - A-formad St\u00f6d f\u00f6r Kl\u00e4tterv\u00e4xter - Spalj\u00e9 101x133x227 cm - Tr\u00e4dg\u00e5rdsspalj\u00e9 - V\u00e4xtspalj\u00e9 - TRUUSK - Hem, Tr\u00e4dg\u00e5rd &amp; Fritid<\/title>\n<meta name=\"robots\" content=\"index, follow, max-snippet:-1, max-image-preview:large, max-video-preview:-1\" \/>\n<link rel=\"canonical\" href=\"https:\/\/truusk.store\/sv\/produkt\/truusk-klatterstallning-i-rostfritt-stal-a-formad-stod-for-klattervaxter-spalje-101x133x227-cm-tradgardsspalje-vaxtspalje\/\" \/>\n<meta property=\"og:locale\" content=\"sv_SE\" \/>\n<meta property=\"og:type\" content=\"article\" \/>\n<meta property=\"og:title\" content=\"TRUUSK Kl\u00e4tterst\u00e4llning i Rostfritt St\u00e5l - A-formad St\u00f6d f\u00f6r Kl\u00e4tterv\u00e4xter - Spalj\u00e9 101x133x227 cm - Tr\u00e4dg\u00e5rdsspalj\u00e9 - V\u00e4xtspalj\u00e9 - TRUUSK - Hem, Tr\u00e4dg\u00e5rd &amp; Fritid\" \/>\n<meta property=\"og:description\" content=\"Forma om din tr\u00e4dg\u00e5rd med TRUUSK A-formade rosenst\u00f6d, som ger perfekt st\u00f6d f\u00f6r dina kl\u00e4ttrande gr\u00f6nsaker och v\u00e4xter. Oavsett om...\" \/>\n<meta property=\"og:url\" content=\"https:\/\/truusk.store\/sv\/produkt\/truusk-klatterstallning-i-rostfritt-stal-a-formad-stod-for-klattervaxter-spalje-101x133x227-cm-tradgardsspalje-vaxtspalje\/\" \/>\n<meta property=\"og:site_name\" content=\"TRUUSK - Hem, Tr\u00e4dg\u00e5rd &amp; Fritid\" \/>\n<meta property=\"article:modified_time\" content=\"2026-03-12T07:41:10+00:00\" \/>\n<meta property=\"og:image\" content=\"https:\/\/i0.wp.com\/truusk.se\/wp-content\/uploads\/2025\/06\/klatterstallning-i-rostfritt-stal-for-att-sticka-in-a-formad-stod-for-klattervaxter-spalje-101x133x227-cm-tradgardsspalje-vaxtspalje-for-gronsaker-blommor-klattervaxter-gron-1.webp?fit=2000%2C2000&ssl=1\" \/>\n\t<meta property=\"og:image:width\" content=\"2000\" \/>\n\t<meta property=\"og:image:height\" content=\"2000\" \/>\n\t<meta property=\"og:image:type\" content=\"image\/webp\" \/>\n<meta name=\"twitter:card\" content=\"summary_large_image\" \/>\n<meta name=\"twitter:label1\" content=\"Ber\u00e4knad l\u00e4stid\" \/>\n\t<meta name=\"twitter:data1\" content=\"1 minut\" \/>\n<!-- \/ Yoast SEO plugin. -->","yoast_head_json":{"title":"TRUUSK Kl\u00e4tterst\u00e4llning i Rostfritt St\u00e5l - A-formad St\u00f6d f\u00f6r Kl\u00e4tterv\u00e4xter - Spalj\u00e9 101x133x227 cm - Tr\u00e4dg\u00e5rdsspalj\u00e9 - V\u00e4xtspalj\u00e9 - TRUUSK - Hem, Tr\u00e4dg\u00e5rd &amp; Fritid","robots":{"index":"index","follow":"follow","max-snippet":"max-snippet:-1","max-image-preview":"max-image-preview:large","max-video-preview":"max-video-preview:-1"},"canonical":"https:\/\/truusk.store\/sv\/produkt\/truusk-klatterstallning-i-rostfritt-stal-a-formad-stod-for-klattervaxter-spalje-101x133x227-cm-tradgardsspalje-vaxtspalje\/","og_locale":"sv_SE","og_type":"article","og_title":"TRUUSK Kl\u00e4tterst\u00e4llning i Rostfritt St\u00e5l - A-formad St\u00f6d f\u00f6r Kl\u00e4tterv\u00e4xter - Spalj\u00e9 101x133x227 cm - Tr\u00e4dg\u00e5rdsspalj\u00e9 - V\u00e4xtspalj\u00e9 - TRUUSK - Hem, Tr\u00e4dg\u00e5rd &amp; Fritid","og_description":"Forma om din tr\u00e4dg\u00e5rd med TRUUSK A-formade rosenst\u00f6d, som ger perfekt st\u00f6d f\u00f6r dina kl\u00e4ttrande gr\u00f6nsaker och v\u00e4xter. Oavsett om...","og_url":"https:\/\/truusk.store\/sv\/produkt\/truusk-klatterstallning-i-rostfritt-stal-a-formad-stod-for-klattervaxter-spalje-101x133x227-cm-tradgardsspalje-vaxtspalje\/","og_site_name":"TRUUSK - Hem, Tr\u00e4dg\u00e5rd &amp; Fritid","article_modified_time":"2026-03-12T07:41:10+00:00","og_image":[{"width":2000,"height":2000,"url":"https:\/\/i0.wp.com\/truusk.se\/wp-content\/uploads\/2025\/06\/klatterstallning-i-rostfritt-stal-for-att-sticka-in-a-formad-stod-for-klattervaxter-spalje-101x133x227-cm-tradgardsspalje-vaxtspalje-for-gronsaker-blommor-klattervaxter-gron-1.webp?fit=2000%2C2000&ssl=1","type":"image\/webp"}],"twitter_card":"summary_large_image","twitter_misc":{"Ber\u00e4knad l\u00e4stid":"1 minut"},"schema":{"@context":"https:\/\/schema.org","@graph":[{"@type":"WebPage","@id":"https:\/\/truusk.store\/sv\/produkt\/truusk-klatterstallning-i-rostfritt-stal-a-formad-stod-for-klattervaxter-spalje-101x133x227-cm-tradgardsspalje-vaxtspalje\/","url":"https:\/\/truusk.store\/sv\/produkt\/truusk-klatterstallning-i-rostfritt-stal-a-formad-stod-for-klattervaxter-spalje-101x133x227-cm-tradgardsspalje-vaxtspalje\/","name":"TRUUSK Kl\u00e4tterst\u00e4llning i Rostfritt St\u00e5l - A-formad St\u00f6d f\u00f6r Kl\u00e4tterv\u00e4xter - Spalj\u00e9 101x133x227 cm - Tr\u00e4dg\u00e5rdsspalj\u00e9 - V\u00e4xtspalj\u00e9 - TRUUSK - Hem, Tr\u00e4dg\u00e5rd &amp; Fritid","isPartOf":{"@id":"https:\/\/truusk.store\/sv\/#website"},"primaryImageOfPage":{"@id":"https:\/\/truusk.store\/sv\/produkt\/truusk-klatterstallning-i-rostfritt-stal-a-formad-stod-for-klattervaxter-spalje-101x133x227-cm-tradgardsspalje-vaxtspalje\/#primaryimage"},"image":{"@id":"https:\/\/truusk.store\/sv\/produkt\/truusk-klatterstallning-i-rostfritt-stal-a-formad-stod-for-klattervaxter-spalje-101x133x227-cm-tradgardsspalje-vaxtspalje\/#primaryimage"},"thumbnailUrl":"https:\/\/i0.wp.com\/truusk.store\/wp-content\/uploads\/2025\/06\/klatterstallning-i-rostfritt-stal-for-att-sticka-in-a-formad-stod-for-klattervaxter-spalje-101x133x227-cm-tradgardsspalje-vaxtspalje-for-gronsaker-blommor-klattervaxter-gron-1.webp?fit=2000%2C2000&ssl=1","datePublished":"2025-06-05T19:14:50+00:00","dateModified":"2026-03-12T07:41:10+00:00","breadcrumb":{"@id":"https:\/\/truusk.store\/sv\/produkt\/truusk-klatterstallning-i-rostfritt-stal-a-formad-stod-for-klattervaxter-spalje-101x133x227-cm-tradgardsspalje-vaxtspalje\/#breadcrumb"},"inLanguage":"sv-SE","potentialAction":[{"@type":"ReadAction","target":["https:\/\/truusk.store\/sv\/produkt\/truusk-klatterstallning-i-rostfritt-stal-a-formad-stod-for-klattervaxter-spalje-101x133x227-cm-tradgardsspalje-vaxtspalje\/"]}]},{"@type":"ImageObject","inLanguage":"sv-SE","@id":"https:\/\/truusk.store\/sv\/produkt\/truusk-klatterstallning-i-rostfritt-stal-a-formad-stod-for-klattervaxter-spalje-101x133x227-cm-tradgardsspalje-vaxtspalje\/#primaryimage","url":"https:\/\/i0.wp.com\/truusk.store\/wp-content\/uploads\/2025\/06\/klatterstallning-i-rostfritt-stal-for-att-sticka-in-a-formad-stod-for-klattervaxter-spalje-101x133x227-cm-tradgardsspalje-vaxtspalje-for-gronsaker-blommor-klattervaxter-gron-1.webp?fit=2000%2C2000&ssl=1","contentUrl":"https:\/\/i0.wp.com\/truusk.store\/wp-content\/uploads\/2025\/06\/klatterstallning-i-rostfritt-stal-for-att-sticka-in-a-formad-stod-for-klattervaxter-spalje-101x133x227-cm-tradgardsspalje-vaxtspalje-for-gronsaker-blommor-klattervaxter-gron-1.webp?fit=2000%2C2000&ssl=1","width":2000,"height":2000},{"@type":"BreadcrumbList","@id":"https:\/\/truusk.store\/sv\/produkt\/truusk-klatterstallning-i-rostfritt-stal-a-formad-stod-for-klattervaxter-spalje-101x133x227-cm-tradgardsspalje-vaxtspalje\/#breadcrumb","itemListElement":[{"@type":"ListItem","position":1,"name":"Home","item":"https:\/\/truusk.store\/sv\/"},{"@type":"ListItem","position":2,"name":"Shop","item":"https:\/\/truusk.store\/shop\/"},{"@type":"ListItem","position":3,"name":"TRUUSK Kl\u00e4tterst\u00e4llning i Rostfritt St\u00e5l &#8211; A-formad St\u00f6d f\u00f6r Kl\u00e4tterv\u00e4xter &#8211; Spalj\u00e9 101x133x227 cm &#8211; Tr\u00e4dg\u00e5rdsspalj\u00e9 &#8211; V\u00e4xtspalj\u00e9"}]},{"@type":"WebSite","@id":"https:\/\/truusk.store\/sv\/#website","url":"https:\/\/truusk.store\/sv\/","name":"TRUUSK - Hem, Tr\u00e4dg\u00e5rd & Fritid","description":"","publisher":{"@id":"https:\/\/truusk.store\/sv\/#organization"},"potentialAction":[{"@type":"SearchAction","target":{"@type":"EntryPoint","urlTemplate":"https:\/\/truusk.store\/sv\/?s={search_term_string}"},"query-input":{"@type":"PropertyValueSpecification","valueRequired":true,"valueName":"search_term_string"}}],"inLanguage":"sv-SE"},{"@type":"Organization","@id":"https:\/\/truusk.store\/sv\/#organization","name":"TRUUSK - Hem, Tr\u00e4dg\u00e5rd & Fritid","url":"https:\/\/truusk.store\/sv\/","logo":{"@type":"ImageObject","inLanguage":"sv-SE","@id":"https:\/\/truusk.store\/sv\/#\/schema\/logo\/image\/","url":"https:\/\/i0.wp.com\/truusk.store\/wp-content\/uploads\/2026\/03\/cropped-TRUUSK.png?fit=2032%2C917&ssl=1","contentUrl":"https:\/\/i0.wp.com\/truusk.store\/wp-content\/uploads\/2026\/03\/cropped-TRUUSK.png?fit=2032%2C917&ssl=1","width":2032,"height":917,"caption":"TRUUSK - Hem, Tr\u00e4dg\u00e5rd & Fritid"},"image":{"@id":"https:\/\/truusk.store\/sv\/#\/schema\/logo\/image\/"}}]}},"jetpack_sharing_enabled":true,"_links":{"self":[{"href":"https:\/\/truusk.store\/sv\/wp-json\/wp\/v2\/product\/70907","targetHints":{"allow":["GET"]}}],"collection":[{"href":"https:\/\/truusk.store\/sv\/wp-json\/wp\/v2\/product"}],"about":[{"href":"https:\/\/truusk.store\/sv\/wp-json\/wp\/v2\/types\/product"}],"wp:featuredmedia":[{"embeddable":true,"href":"https:\/\/truusk.store\/sv\/wp-json\/wp\/v2\/media\/70898"}],"wp:attachment":[{"href":"https:\/\/truusk.store\/sv\/wp-json\/wp\/v2\/media?parent=70907"}],"wp:term":[{"taxonomy":"product_brand","embeddable":true,"href":"https:\/\/truusk.store\/sv\/wp-json\/wp\/v2\/product_brand?post=70907"},{"taxonomy":"product_cat","embeddable":true,"href":"https:\/\/truusk.store\/sv\/wp-json\/wp\/v2\/product_cat?post=70907"},{"taxonomy":"product_tag","embeddable":true,"href":"https:\/\/truusk.store\/sv\/wp-json\/wp\/v2\/product_tag?post=70907"}],"curies":[{"name":"wp","href":"https:\/\/api.w.org\/{rel}","templated":true}]}}