{"id":70957,"date":"2025-06-05T20:19:49","date_gmt":"2025-06-05T19:19:49","guid":{"rendered":"https:\/\/truusk.store\/product\/hogbadd-med-hylla-upphojd-ortbadd-med-avloppshal-planteringslada-i-tra-vaderbestandig-gronsaksbadd-tradgardsbadd-planteringsbadd-for-tradgard-balkong-100-x-30-x-705-cm-naturligt-tra\/"},"modified":"2026-03-12T09:46:30","modified_gmt":"2026-03-12T08:46:30","slug":"truusk-hogbadd-med-hylla-upphojd-ortbadd-med-avloppshal-vaderbestandig-tradgardsbadd-100x30x705-cm-naturligt-tra","status":"publish","type":"product","link":"https:\/\/truusk.store\/sv\/produkt\/truusk-hogbadd-med-hylla-upphojd-ortbadd-med-avloppshal-vaderbestandig-tradgardsbadd-100x30x705-cm-naturligt-tra\/","title":{"rendered":"TRUUSK H\u00f6gb\u00e4dd Med Hylla &#8211; Upph\u00f6jd \u00f6rtb\u00e4dd Med Avloppsh\u00e5l &#8211; V\u00e4derbest\u00e4ndig &#8211; Tr\u00e4dg\u00e5rdsb\u00e4dd 100x30x70,5 cm &#8211; Naturligt Tr\u00e4"},"content":{"rendered":"<p>F\u00f6rsk\u00f6na din tr\u00e4dg\u00e5rd med TRUUSK h\u00f6gkvarter! Denna stiliga tr\u00e4dg\u00e5rdsh\u00f6jd erbjuder en stor bloml\u00e5da uppe och ett nedre fack f\u00f6r tr\u00e4dg\u00e5rdsverktyg. Med tv\u00e5 vattenavloppsh\u00e5l och en smart fleecefodring ger denna balkongh\u00f6jd idealiska jordf\u00f6rh\u00e5llanden och friska v\u00e4xter.<\/p>\n<p>Beskrivning:<\/p>\n<ul>\n<li> H\u00f6jd planteringsl\u00e5da<\/li>\n<li> Det nedre hyllan p\u00e5 tr\u00e4 h\u00f6gkvarter ger utrymme f\u00f6r extra tr\u00e4dg\u00e5rdsverktyg<\/li>\n<li> Fleecefodringen av bloml\u00e5dan ger god luftgenomsl\u00e4pplighet och f\u00f6rhindrar jorderosion<\/li>\n<li> Dr\u00e4neringsh\u00e5len i tr\u00e4 h\u00f6gkvarter f\u00f6rhindrar att tr\u00e4dg\u00e5rdsb\u00e4dden blir en damm vid kraftigt regn<\/li>\n<li> Tillverkad av massivt grantr\u00e4<\/li>\n<li> Vattenavvisande f\u00e4rg garanterar h\u00e5llbarhet<\/li>\n<li> Montering kr\u00e4vs<\/li>\n<\/ul>\n<p> Tekniska data:<\/p>\n<ul>\n<li> F\u00e4rg: Naturtr\u00e4<\/li>\n<li> Material: Grantr\u00e4<\/li>\n<li> Totala dimensioner: 100L x 30B x 70,5H cm<\/li>\n<li> Inre dimensioner av planteringsomr\u00e5det: 97B x 18,5T x 19,5H cm<\/li>\n<li> Bottenkapacitet: 35 L<\/li>\n<li> H\u00f6jd p\u00e5 bloml\u00e5dans botten: 48 cm (till marken)<\/li>\n<li> Hyllstorlek: 73B x 30T cm<\/li>\n<li> Belastningskapacitet: 50 kg (planteringsk\u00e4rl), 25 kg (hylla)<\/li>\n<\/ul>\n<p>Leveransinneh\u00e5ll:<\/p>\n<ul>\n<li> 1 x H\u00f6gkvarter<\/li>\n<li> 1 x Bruksanvisning<\/li>\n<\/ul>\n","protected":false},"excerpt":{"rendered":"<p>F\u00f6rsk\u00f6na din tr\u00e4dg\u00e5rd med TRUUSK h\u00f6gkvarter! Denna stiliga tr\u00e4dg\u00e5rdsh\u00f6jd erbjuder en stor bloml\u00e5da uppe och ett nedre fack f\u00f6r tr\u00e4dg\u00e5rdsverktyg&#8230;.<\/p>\n","protected":false},"featured_media":70948,"template":"","meta":[],"product_brand":[],"product_cat":[924,858,443],"product_tag":[],"class_list":{"0":"post-70957","1":"product","2":"type-product","3":"status-publish","4":"has-post-thumbnail","6":"product_cat-plantkarl","7":"product_cat-tradgard-terrass","8":"product_cat-vaxthus-tradgardsskotsel","10":"first","11":"instock","12":"sale","13":"taxable","14":"shipping-taxable","15":"purchasable","16":"product-type-simple"},"yoast_head":"<!-- This site is optimized with the Yoast SEO plugin v25.4 - https:\/\/yoast.com\/wordpress\/plugins\/seo\/ -->\n<title>TRUUSK H\u00f6gb\u00e4dd Med Hylla - Upph\u00f6jd \u00f6rtb\u00e4dd Med Avloppsh\u00e5l - V\u00e4derbest\u00e4ndig - Tr\u00e4dg\u00e5rdsb\u00e4dd 100x30x70,5 cm - Naturligt Tr\u00e4 - TRUUSK - Hem, Tr\u00e4dg\u00e5rd &amp; Fritid<\/title>\n<meta name=\"robots\" content=\"index, follow, max-snippet:-1, max-image-preview:large, max-video-preview:-1\" \/>\n<link rel=\"canonical\" href=\"https:\/\/truusk.store\/sv\/produkt\/truusk-hogbadd-med-hylla-upphojd-ortbadd-med-avloppshal-vaderbestandig-tradgardsbadd-100x30x705-cm-naturligt-tra\/\" \/>\n<meta property=\"og:locale\" content=\"sv_SE\" \/>\n<meta property=\"og:type\" content=\"article\" \/>\n<meta property=\"og:title\" content=\"TRUUSK H\u00f6gb\u00e4dd Med Hylla - Upph\u00f6jd \u00f6rtb\u00e4dd Med Avloppsh\u00e5l - V\u00e4derbest\u00e4ndig - Tr\u00e4dg\u00e5rdsb\u00e4dd 100x30x70,5 cm - Naturligt Tr\u00e4 - TRUUSK - Hem, Tr\u00e4dg\u00e5rd &amp; Fritid\" \/>\n<meta property=\"og:description\" content=\"F\u00f6rsk\u00f6na din tr\u00e4dg\u00e5rd med TRUUSK h\u00f6gkvarter! Denna stiliga tr\u00e4dg\u00e5rdsh\u00f6jd erbjuder en stor bloml\u00e5da uppe och ett nedre fack f\u00f6r tr\u00e4dg\u00e5rdsverktyg....\" \/>\n<meta property=\"og:url\" content=\"https:\/\/truusk.store\/sv\/produkt\/truusk-hogbadd-med-hylla-upphojd-ortbadd-med-avloppshal-vaderbestandig-tradgardsbadd-100x30x705-cm-naturligt-tra\/\" \/>\n<meta property=\"og:site_name\" content=\"TRUUSK - Hem, Tr\u00e4dg\u00e5rd &amp; Fritid\" \/>\n<meta property=\"article:modified_time\" content=\"2026-03-12T08:46:30+00:00\" \/>\n<meta property=\"og:image\" content=\"https:\/\/i0.wp.com\/truusk.se\/wp-content\/uploads\/2025\/06\/hogbadd-med-hylla-upphojd-ortbadd-med-avloppshal-planteringslada-i-tra-vaderbestandig-gronsaksbadd-tradgardsbadd-planteringsbadd-for-tradgard-balkong-100-x-30-x-705-cm-naturligt-tra-1.webp?fit=2000%2C2000&ssl=1\" \/>\n\t<meta property=\"og:image:width\" content=\"2000\" \/>\n\t<meta property=\"og:image:height\" content=\"2000\" \/>\n\t<meta property=\"og:image:type\" content=\"image\/webp\" \/>\n<meta name=\"twitter:card\" content=\"summary_large_image\" \/>\n<meta name=\"twitter:label1\" content=\"Ber\u00e4knad l\u00e4stid\" \/>\n\t<meta name=\"twitter:data1\" content=\"1 minut\" \/>\n<!-- \/ Yoast SEO plugin. -->","yoast_head_json":{"title":"TRUUSK H\u00f6gb\u00e4dd Med Hylla - Upph\u00f6jd \u00f6rtb\u00e4dd Med Avloppsh\u00e5l - V\u00e4derbest\u00e4ndig - Tr\u00e4dg\u00e5rdsb\u00e4dd 100x30x70,5 cm - Naturligt Tr\u00e4 - TRUUSK - Hem, Tr\u00e4dg\u00e5rd &amp; Fritid","robots":{"index":"index","follow":"follow","max-snippet":"max-snippet:-1","max-image-preview":"max-image-preview:large","max-video-preview":"max-video-preview:-1"},"canonical":"https:\/\/truusk.store\/sv\/produkt\/truusk-hogbadd-med-hylla-upphojd-ortbadd-med-avloppshal-vaderbestandig-tradgardsbadd-100x30x705-cm-naturligt-tra\/","og_locale":"sv_SE","og_type":"article","og_title":"TRUUSK H\u00f6gb\u00e4dd Med Hylla - Upph\u00f6jd \u00f6rtb\u00e4dd Med Avloppsh\u00e5l - V\u00e4derbest\u00e4ndig - Tr\u00e4dg\u00e5rdsb\u00e4dd 100x30x70,5 cm - Naturligt Tr\u00e4 - TRUUSK - Hem, Tr\u00e4dg\u00e5rd &amp; Fritid","og_description":"F\u00f6rsk\u00f6na din tr\u00e4dg\u00e5rd med TRUUSK h\u00f6gkvarter! Denna stiliga tr\u00e4dg\u00e5rdsh\u00f6jd erbjuder en stor bloml\u00e5da uppe och ett nedre fack f\u00f6r tr\u00e4dg\u00e5rdsverktyg....","og_url":"https:\/\/truusk.store\/sv\/produkt\/truusk-hogbadd-med-hylla-upphojd-ortbadd-med-avloppshal-vaderbestandig-tradgardsbadd-100x30x705-cm-naturligt-tra\/","og_site_name":"TRUUSK - Hem, Tr\u00e4dg\u00e5rd &amp; Fritid","article_modified_time":"2026-03-12T08:46:30+00:00","og_image":[{"width":2000,"height":2000,"url":"https:\/\/i0.wp.com\/truusk.se\/wp-content\/uploads\/2025\/06\/hogbadd-med-hylla-upphojd-ortbadd-med-avloppshal-planteringslada-i-tra-vaderbestandig-gronsaksbadd-tradgardsbadd-planteringsbadd-for-tradgard-balkong-100-x-30-x-705-cm-naturligt-tra-1.webp?fit=2000%2C2000&ssl=1","type":"image\/webp"}],"twitter_card":"summary_large_image","twitter_misc":{"Ber\u00e4knad l\u00e4stid":"1 minut"},"schema":{"@context":"https:\/\/schema.org","@graph":[{"@type":"WebPage","@id":"https:\/\/truusk.store\/sv\/produkt\/truusk-hogbadd-med-hylla-upphojd-ortbadd-med-avloppshal-vaderbestandig-tradgardsbadd-100x30x705-cm-naturligt-tra\/","url":"https:\/\/truusk.store\/sv\/produkt\/truusk-hogbadd-med-hylla-upphojd-ortbadd-med-avloppshal-vaderbestandig-tradgardsbadd-100x30x705-cm-naturligt-tra\/","name":"TRUUSK H\u00f6gb\u00e4dd Med Hylla - Upph\u00f6jd \u00f6rtb\u00e4dd Med Avloppsh\u00e5l - V\u00e4derbest\u00e4ndig - Tr\u00e4dg\u00e5rdsb\u00e4dd 100x30x70,5 cm - Naturligt Tr\u00e4 - TRUUSK - Hem, Tr\u00e4dg\u00e5rd &amp; Fritid","isPartOf":{"@id":"https:\/\/truusk.store\/sv\/#website"},"primaryImageOfPage":{"@id":"https:\/\/truusk.store\/sv\/produkt\/truusk-hogbadd-med-hylla-upphojd-ortbadd-med-avloppshal-vaderbestandig-tradgardsbadd-100x30x705-cm-naturligt-tra\/#primaryimage"},"image":{"@id":"https:\/\/truusk.store\/sv\/produkt\/truusk-hogbadd-med-hylla-upphojd-ortbadd-med-avloppshal-vaderbestandig-tradgardsbadd-100x30x705-cm-naturligt-tra\/#primaryimage"},"thumbnailUrl":"https:\/\/i0.wp.com\/truusk.store\/wp-content\/uploads\/2025\/06\/hogbadd-med-hylla-upphojd-ortbadd-med-avloppshal-planteringslada-i-tra-vaderbestandig-gronsaksbadd-tradgardsbadd-planteringsbadd-for-tradgard-balkong-100-x-30-x-705-cm-naturligt-tra-1.webp?fit=2000%2C2000&ssl=1","datePublished":"2025-06-05T19:19:49+00:00","dateModified":"2026-03-12T08:46:30+00:00","breadcrumb":{"@id":"https:\/\/truusk.store\/sv\/produkt\/truusk-hogbadd-med-hylla-upphojd-ortbadd-med-avloppshal-vaderbestandig-tradgardsbadd-100x30x705-cm-naturligt-tra\/#breadcrumb"},"inLanguage":"sv-SE","potentialAction":[{"@type":"ReadAction","target":["https:\/\/truusk.store\/sv\/produkt\/truusk-hogbadd-med-hylla-upphojd-ortbadd-med-avloppshal-vaderbestandig-tradgardsbadd-100x30x705-cm-naturligt-tra\/"]}]},{"@type":"ImageObject","inLanguage":"sv-SE","@id":"https:\/\/truusk.store\/sv\/produkt\/truusk-hogbadd-med-hylla-upphojd-ortbadd-med-avloppshal-vaderbestandig-tradgardsbadd-100x30x705-cm-naturligt-tra\/#primaryimage","url":"https:\/\/i0.wp.com\/truusk.store\/wp-content\/uploads\/2025\/06\/hogbadd-med-hylla-upphojd-ortbadd-med-avloppshal-planteringslada-i-tra-vaderbestandig-gronsaksbadd-tradgardsbadd-planteringsbadd-for-tradgard-balkong-100-x-30-x-705-cm-naturligt-tra-1.webp?fit=2000%2C2000&ssl=1","contentUrl":"https:\/\/i0.wp.com\/truusk.store\/wp-content\/uploads\/2025\/06\/hogbadd-med-hylla-upphojd-ortbadd-med-avloppshal-planteringslada-i-tra-vaderbestandig-gronsaksbadd-tradgardsbadd-planteringsbadd-for-tradgard-balkong-100-x-30-x-705-cm-naturligt-tra-1.webp?fit=2000%2C2000&ssl=1","width":2000,"height":2000},{"@type":"BreadcrumbList","@id":"https:\/\/truusk.store\/sv\/produkt\/truusk-hogbadd-med-hylla-upphojd-ortbadd-med-avloppshal-vaderbestandig-tradgardsbadd-100x30x705-cm-naturligt-tra\/#breadcrumb","itemListElement":[{"@type":"ListItem","position":1,"name":"Home","item":"https:\/\/truusk.store\/sv\/"},{"@type":"ListItem","position":2,"name":"Shop","item":"https:\/\/truusk.store\/shop\/"},{"@type":"ListItem","position":3,"name":"TRUUSK H\u00f6gb\u00e4dd Med Hylla &#8211; Upph\u00f6jd \u00f6rtb\u00e4dd Med Avloppsh\u00e5l &#8211; V\u00e4derbest\u00e4ndig &#8211; Tr\u00e4dg\u00e5rdsb\u00e4dd 100x30x70,5 cm &#8211; Naturligt Tr\u00e4"}]},{"@type":"WebSite","@id":"https:\/\/truusk.store\/sv\/#website","url":"https:\/\/truusk.store\/sv\/","name":"TRUUSK - Hem, Tr\u00e4dg\u00e5rd & Fritid","description":"","publisher":{"@id":"https:\/\/truusk.store\/sv\/#organization"},"potentialAction":[{"@type":"SearchAction","target":{"@type":"EntryPoint","urlTemplate":"https:\/\/truusk.store\/sv\/?s={search_term_string}"},"query-input":{"@type":"PropertyValueSpecification","valueRequired":true,"valueName":"search_term_string"}}],"inLanguage":"sv-SE"},{"@type":"Organization","@id":"https:\/\/truusk.store\/sv\/#organization","name":"TRUUSK - Hem, Tr\u00e4dg\u00e5rd & Fritid","url":"https:\/\/truusk.store\/sv\/","logo":{"@type":"ImageObject","inLanguage":"sv-SE","@id":"https:\/\/truusk.store\/sv\/#\/schema\/logo\/image\/","url":"https:\/\/i0.wp.com\/truusk.store\/wp-content\/uploads\/2026\/03\/cropped-TRUUSK.png?fit=2032%2C917&ssl=1","contentUrl":"https:\/\/i0.wp.com\/truusk.store\/wp-content\/uploads\/2026\/03\/cropped-TRUUSK.png?fit=2032%2C917&ssl=1","width":2032,"height":917,"caption":"TRUUSK - Hem, Tr\u00e4dg\u00e5rd & Fritid"},"image":{"@id":"https:\/\/truusk.store\/sv\/#\/schema\/logo\/image\/"}}]}},"jetpack_sharing_enabled":true,"_links":{"self":[{"href":"https:\/\/truusk.store\/sv\/wp-json\/wp\/v2\/product\/70957","targetHints":{"allow":["GET"]}}],"collection":[{"href":"https:\/\/truusk.store\/sv\/wp-json\/wp\/v2\/product"}],"about":[{"href":"https:\/\/truusk.store\/sv\/wp-json\/wp\/v2\/types\/product"}],"wp:featuredmedia":[{"embeddable":true,"href":"https:\/\/truusk.store\/sv\/wp-json\/wp\/v2\/media\/70948"}],"wp:attachment":[{"href":"https:\/\/truusk.store\/sv\/wp-json\/wp\/v2\/media?parent=70957"}],"wp:term":[{"taxonomy":"product_brand","embeddable":true,"href":"https:\/\/truusk.store\/sv\/wp-json\/wp\/v2\/product_brand?post=70957"},{"taxonomy":"product_cat","embeddable":true,"href":"https:\/\/truusk.store\/sv\/wp-json\/wp\/v2\/product_cat?post=70957"},{"taxonomy":"product_tag","embeddable":true,"href":"https:\/\/truusk.store\/sv\/wp-json\/wp\/v2\/product_tag?post=70957"}],"curies":[{"name":"wp","href":"https:\/\/api.w.org\/{rel}","templated":true}]}}