{"id":7097,"date":"2024-02-13T08:43:14","date_gmt":"2024-02-13T07:43:14","guid":{"rendered":"https:\/\/truusk.store\/product\/myggnat-for-3x3-paviljong-4-sidodelar-flugnat-med-krokar-dragkedja-myggnat-insektsskydd-flugnat-nylonnat-svart\/"},"modified":"2026-03-12T08:55:26","modified_gmt":"2026-03-12T07:55:26","slug":"truusk-myggnat-for-3x3-paviljong-4-sidodelar-flugnat-med-krokar-dragkedja-insektsskydd-nylonnat-svart","status":"publish","type":"product","link":"https:\/\/truusk.store\/sv\/produkt\/truusk-myggnat-for-3x3-paviljong-4-sidodelar-flugnat-med-krokar-dragkedja-insektsskydd-nylonnat-svart\/","title":{"rendered":"TRUUSK Myggn\u00e4t f\u00f6r 3&#215;3 Paviljong &#8211; 4 Sidodelar &#8211; Flugn\u00e4t med Krokar &#8211; Dragkedja &#8211; Insektsskydd &#8211; Nylonn\u00e4t &#8211; Svart"},"content":{"rendered":"<p>V\u00e5rt myggn\u00e4t passar perfekt med alla vanliga 4-panels lusthus. En stor uteplats f\u00f6r gemensamma m\u00e5ltider och sammankomster g\u00f6r ett m\u00f6te till ett sant n\u00f6je. Myggn\u00e4tet skyddar dig fr\u00e5n insekter. Nylonn\u00e4tmaterialet hj\u00e4lper dig att njuta av din utomhustid ost\u00f6rt. Kolla in detta myggn\u00e4t och njut av din tid utomhus.<\/p>\n<h3>Beskrivning:<\/h3>\n<ul>\n<li>Fyra separata paneler med dragkedja p\u00e5 varje panel f\u00f6r att ansluta till den intilliggande delen<\/li>\n<li>Ett n\u00e4tn\u00e4t h\u00e5ller irriterande insekter borta<\/li>\n<li>L\u00e4mplig f\u00f6r 3&#215;3 lusthus<\/li>\n<li>Den levereras snyggt ihopvikt. N\u00e4tet g\u00e5r snabbt att installera och demontera<\/li>\n<li>Delarna \u00e4r m\u00e4rkta och instruktioner medf\u00f6ljer<\/li>\n<li>Om den \u00e4r smutsig kan du alltid ta av den och reng\u00f6ra den<\/li>\n<li>Montering kr\u00e4vs<\/li>\n<\/ul>\n<h3>Teknisk data:<\/h3>\n<ul>\n<li>F\u00e4rg: Svart+Beige<\/li>\n<li>Material: polyester, nylonn\u00e4t<\/li>\n<li>\u00d6vergripande m\u00e5tt: 302L x 207H cm<\/li>\n<li>Antal paneler: 4<\/li>\n<\/ul>\n<h3>Leveransens omfattning:<\/h3>\n<ul>\n<li>1 x Gazebo myggn\u00e4t<\/li>\n<li>48 x plastkl\u00e4mmor f\u00f6r gardinst\u00e5ng<\/li>\n<li>48 x glidkrokar i plast f\u00f6r slitsr\u00f6r<\/li>\n<li>1 x Instruktioner<\/li>\n<\/ul>\n","protected":false},"excerpt":{"rendered":"<p>V\u00e5rt myggn\u00e4t passar perfekt med alla vanliga 4-panels lusthus. En stor uteplats f\u00f6r gemensamma m\u00e5ltider och sammankomster g\u00f6r ett m\u00f6te&#8230;<\/p>\n","protected":false},"featured_media":7098,"template":"","meta":[],"product_brand":[],"product_cat":[477,435,476],"product_tag":[],"class_list":{"0":"post-7097","1":"product","2":"type-product","3":"status-publish","4":"has-post-thumbnail","6":"product_cat-paviljonger-partytalt","7":"product_cat-tradgard-och-terrass","8":"product_cat-tradgardspaviljonger","10":"first","11":"instock","12":"sale","13":"taxable","14":"shipping-taxable","15":"purchasable","16":"product-type-simple"},"yoast_head":"<!-- This site is optimized with the Yoast SEO plugin v25.4 - https:\/\/yoast.com\/wordpress\/plugins\/seo\/ -->\n<title>TRUUSK Myggn\u00e4t f\u00f6r 3x3 Paviljong - 4 Sidodelar - Flugn\u00e4t med Krokar - Dragkedja - Insektsskydd - Nylonn\u00e4t - Svart - TRUUSK - Hem, Tr\u00e4dg\u00e5rd &amp; Fritid<\/title>\n<meta name=\"robots\" content=\"index, follow, max-snippet:-1, max-image-preview:large, max-video-preview:-1\" \/>\n<link rel=\"canonical\" href=\"https:\/\/truusk.store\/sv\/produkt\/truusk-myggnat-for-3x3-paviljong-4-sidodelar-flugnat-med-krokar-dragkedja-insektsskydd-nylonnat-svart\/\" \/>\n<meta property=\"og:locale\" content=\"sv_SE\" \/>\n<meta property=\"og:type\" content=\"article\" \/>\n<meta property=\"og:title\" content=\"TRUUSK Myggn\u00e4t f\u00f6r 3x3 Paviljong - 4 Sidodelar - Flugn\u00e4t med Krokar - Dragkedja - Insektsskydd - Nylonn\u00e4t - Svart - TRUUSK - Hem, Tr\u00e4dg\u00e5rd &amp; Fritid\" \/>\n<meta property=\"og:description\" content=\"V\u00e5rt myggn\u00e4t passar perfekt med alla vanliga 4-panels lusthus. En stor uteplats f\u00f6r gemensamma m\u00e5ltider och sammankomster g\u00f6r ett m\u00f6te...\" \/>\n<meta property=\"og:url\" content=\"https:\/\/truusk.store\/sv\/produkt\/truusk-myggnat-for-3x3-paviljong-4-sidodelar-flugnat-med-krokar-dragkedja-insektsskydd-nylonnat-svart\/\" \/>\n<meta property=\"og:site_name\" content=\"TRUUSK - Hem, Tr\u00e4dg\u00e5rd &amp; Fritid\" \/>\n<meta property=\"article:modified_time\" content=\"2026-03-12T07:55:26+00:00\" \/>\n<meta property=\"og:image\" content=\"https:\/\/i0.wp.com\/truusk.se\/wp-content\/uploads\/2024\/02\/myggnat-for-3x3-paviljong-4-sidodelar-flugnat-med-krokar-dragkedja-myggnat-insektsskydd-flugnat-nylonnat-svart.webp?fit=800%2C800&ssl=1\" \/>\n\t<meta property=\"og:image:width\" content=\"800\" \/>\n\t<meta property=\"og:image:height\" content=\"800\" \/>\n\t<meta property=\"og:image:type\" content=\"image\/webp\" \/>\n<meta name=\"twitter:card\" content=\"summary_large_image\" \/>\n<meta name=\"twitter:label1\" content=\"Ber\u00e4knad l\u00e4stid\" \/>\n\t<meta name=\"twitter:data1\" content=\"1 minut\" \/>\n<!-- \/ Yoast SEO plugin. -->","yoast_head_json":{"title":"TRUUSK Myggn\u00e4t f\u00f6r 3x3 Paviljong - 4 Sidodelar - Flugn\u00e4t med Krokar - Dragkedja - Insektsskydd - Nylonn\u00e4t - Svart - TRUUSK - Hem, Tr\u00e4dg\u00e5rd &amp; Fritid","robots":{"index":"index","follow":"follow","max-snippet":"max-snippet:-1","max-image-preview":"max-image-preview:large","max-video-preview":"max-video-preview:-1"},"canonical":"https:\/\/truusk.store\/sv\/produkt\/truusk-myggnat-for-3x3-paviljong-4-sidodelar-flugnat-med-krokar-dragkedja-insektsskydd-nylonnat-svart\/","og_locale":"sv_SE","og_type":"article","og_title":"TRUUSK Myggn\u00e4t f\u00f6r 3x3 Paviljong - 4 Sidodelar - Flugn\u00e4t med Krokar - Dragkedja - Insektsskydd - Nylonn\u00e4t - Svart - TRUUSK - Hem, Tr\u00e4dg\u00e5rd &amp; Fritid","og_description":"V\u00e5rt myggn\u00e4t passar perfekt med alla vanliga 4-panels lusthus. En stor uteplats f\u00f6r gemensamma m\u00e5ltider och sammankomster g\u00f6r ett m\u00f6te...","og_url":"https:\/\/truusk.store\/sv\/produkt\/truusk-myggnat-for-3x3-paviljong-4-sidodelar-flugnat-med-krokar-dragkedja-insektsskydd-nylonnat-svart\/","og_site_name":"TRUUSK - Hem, Tr\u00e4dg\u00e5rd &amp; Fritid","article_modified_time":"2026-03-12T07:55:26+00:00","og_image":[{"width":800,"height":800,"url":"https:\/\/i0.wp.com\/truusk.se\/wp-content\/uploads\/2024\/02\/myggnat-for-3x3-paviljong-4-sidodelar-flugnat-med-krokar-dragkedja-myggnat-insektsskydd-flugnat-nylonnat-svart.webp?fit=800%2C800&ssl=1","type":"image\/webp"}],"twitter_card":"summary_large_image","twitter_misc":{"Ber\u00e4knad l\u00e4stid":"1 minut"},"schema":{"@context":"https:\/\/schema.org","@graph":[{"@type":"WebPage","@id":"https:\/\/truusk.store\/sv\/produkt\/truusk-myggnat-for-3x3-paviljong-4-sidodelar-flugnat-med-krokar-dragkedja-insektsskydd-nylonnat-svart\/","url":"https:\/\/truusk.store\/sv\/produkt\/truusk-myggnat-for-3x3-paviljong-4-sidodelar-flugnat-med-krokar-dragkedja-insektsskydd-nylonnat-svart\/","name":"TRUUSK Myggn\u00e4t f\u00f6r 3x3 Paviljong - 4 Sidodelar - Flugn\u00e4t med Krokar - Dragkedja - Insektsskydd - Nylonn\u00e4t - Svart - TRUUSK - Hem, Tr\u00e4dg\u00e5rd &amp; Fritid","isPartOf":{"@id":"https:\/\/truusk.store\/sv\/#website"},"primaryImageOfPage":{"@id":"https:\/\/truusk.store\/sv\/produkt\/truusk-myggnat-for-3x3-paviljong-4-sidodelar-flugnat-med-krokar-dragkedja-insektsskydd-nylonnat-svart\/#primaryimage"},"image":{"@id":"https:\/\/truusk.store\/sv\/produkt\/truusk-myggnat-for-3x3-paviljong-4-sidodelar-flugnat-med-krokar-dragkedja-insektsskydd-nylonnat-svart\/#primaryimage"},"thumbnailUrl":"https:\/\/i0.wp.com\/truusk.store\/wp-content\/uploads\/2024\/02\/myggnat-for-3x3-paviljong-4-sidodelar-flugnat-med-krokar-dragkedja-myggnat-insektsskydd-flugnat-nylonnat-svart.webp?fit=800%2C800&ssl=1","datePublished":"2024-02-13T07:43:14+00:00","dateModified":"2026-03-12T07:55:26+00:00","breadcrumb":{"@id":"https:\/\/truusk.store\/sv\/produkt\/truusk-myggnat-for-3x3-paviljong-4-sidodelar-flugnat-med-krokar-dragkedja-insektsskydd-nylonnat-svart\/#breadcrumb"},"inLanguage":"sv-SE","potentialAction":[{"@type":"ReadAction","target":["https:\/\/truusk.store\/sv\/produkt\/truusk-myggnat-for-3x3-paviljong-4-sidodelar-flugnat-med-krokar-dragkedja-insektsskydd-nylonnat-svart\/"]}]},{"@type":"ImageObject","inLanguage":"sv-SE","@id":"https:\/\/truusk.store\/sv\/produkt\/truusk-myggnat-for-3x3-paviljong-4-sidodelar-flugnat-med-krokar-dragkedja-insektsskydd-nylonnat-svart\/#primaryimage","url":"https:\/\/i0.wp.com\/truusk.store\/wp-content\/uploads\/2024\/02\/myggnat-for-3x3-paviljong-4-sidodelar-flugnat-med-krokar-dragkedja-myggnat-insektsskydd-flugnat-nylonnat-svart.webp?fit=800%2C800&ssl=1","contentUrl":"https:\/\/i0.wp.com\/truusk.store\/wp-content\/uploads\/2024\/02\/myggnat-for-3x3-paviljong-4-sidodelar-flugnat-med-krokar-dragkedja-myggnat-insektsskydd-flugnat-nylonnat-svart.webp?fit=800%2C800&ssl=1","width":800,"height":800,"caption":"Myggn\u00e4t F\u00f6r 3x3 Paviljong 4 Sidodelar Flugn\u00e4t Med Krokar Dragkedja Myggn\u00e4t Insektsskydd Flugn\u00e4t Nylonn\u00e4t Svart 1"},{"@type":"BreadcrumbList","@id":"https:\/\/truusk.store\/sv\/produkt\/truusk-myggnat-for-3x3-paviljong-4-sidodelar-flugnat-med-krokar-dragkedja-insektsskydd-nylonnat-svart\/#breadcrumb","itemListElement":[{"@type":"ListItem","position":1,"name":"Home","item":"https:\/\/truusk.store\/sv\/"},{"@type":"ListItem","position":2,"name":"Shop","item":"https:\/\/truusk.store\/shop\/"},{"@type":"ListItem","position":3,"name":"TRUUSK Myggn\u00e4t f\u00f6r 3&#215;3 Paviljong &#8211; 4 Sidodelar &#8211; Flugn\u00e4t med Krokar &#8211; Dragkedja &#8211; Insektsskydd &#8211; Nylonn\u00e4t &#8211; Svart"}]},{"@type":"WebSite","@id":"https:\/\/truusk.store\/sv\/#website","url":"https:\/\/truusk.store\/sv\/","name":"TRUUSK - Hem, Tr\u00e4dg\u00e5rd & Fritid","description":"","publisher":{"@id":"https:\/\/truusk.store\/sv\/#organization"},"potentialAction":[{"@type":"SearchAction","target":{"@type":"EntryPoint","urlTemplate":"https:\/\/truusk.store\/sv\/?s={search_term_string}"},"query-input":{"@type":"PropertyValueSpecification","valueRequired":true,"valueName":"search_term_string"}}],"inLanguage":"sv-SE"},{"@type":"Organization","@id":"https:\/\/truusk.store\/sv\/#organization","name":"TRUUSK - Hem, Tr\u00e4dg\u00e5rd & Fritid","url":"https:\/\/truusk.store\/sv\/","logo":{"@type":"ImageObject","inLanguage":"sv-SE","@id":"https:\/\/truusk.store\/sv\/#\/schema\/logo\/image\/","url":"https:\/\/i0.wp.com\/truusk.store\/wp-content\/uploads\/2026\/03\/cropped-TRUUSK.png?fit=2032%2C917&ssl=1","contentUrl":"https:\/\/i0.wp.com\/truusk.store\/wp-content\/uploads\/2026\/03\/cropped-TRUUSK.png?fit=2032%2C917&ssl=1","width":2032,"height":917,"caption":"TRUUSK - Hem, Tr\u00e4dg\u00e5rd & Fritid"},"image":{"@id":"https:\/\/truusk.store\/sv\/#\/schema\/logo\/image\/"}}]}},"jetpack_sharing_enabled":true,"_links":{"self":[{"href":"https:\/\/truusk.store\/sv\/wp-json\/wp\/v2\/product\/7097","targetHints":{"allow":["GET"]}}],"collection":[{"href":"https:\/\/truusk.store\/sv\/wp-json\/wp\/v2\/product"}],"about":[{"href":"https:\/\/truusk.store\/sv\/wp-json\/wp\/v2\/types\/product"}],"wp:featuredmedia":[{"embeddable":true,"href":"https:\/\/truusk.store\/sv\/wp-json\/wp\/v2\/media\/7098"}],"wp:attachment":[{"href":"https:\/\/truusk.store\/sv\/wp-json\/wp\/v2\/media?parent=7097"}],"wp:term":[{"taxonomy":"product_brand","embeddable":true,"href":"https:\/\/truusk.store\/sv\/wp-json\/wp\/v2\/product_brand?post=7097"},{"taxonomy":"product_cat","embeddable":true,"href":"https:\/\/truusk.store\/sv\/wp-json\/wp\/v2\/product_cat?post=7097"},{"taxonomy":"product_tag","embeddable":true,"href":"https:\/\/truusk.store\/sv\/wp-json\/wp\/v2\/product_tag?post=7097"}],"curies":[{"name":"wp","href":"https:\/\/api.w.org\/{rel}","templated":true}]}}