{"id":70977,"date":"2025-06-05T20:21:42","date_gmt":"2025-06-05T19:21:42","guid":{"rendered":"https:\/\/truusk.store\/product\/stativ-for-hangstol-i-c-form-metallstallning-med-bas-for-hangsate-hangstol-hanggunga-hangmattestativ-upp-till-150kg-hangstolsstativ-for-inomhus-utomhus-balkong-terrass-svart\/"},"modified":"2026-03-12T08:40:28","modified_gmt":"2026-03-12T07:40:28","slug":"truusk-stativ-for-hangstol-i-c-form-metallstallning-med-bas-upp-till-150kg-for-inomhus-och-utomhus-svart","status":"publish","type":"product","link":"https:\/\/truusk.store\/sv\/produkt\/truusk-stativ-for-hangstol-i-c-form-metallstallning-med-bas-upp-till-150kg-for-inomhus-och-utomhus-svart\/","title":{"rendered":"TRUUSK Stativ f\u00f6r H\u00e4ngstol i C-form &#8211; Metallst\u00e4llning med Bas &#8211; Upp till 150kg &#8211; F\u00f6r Inomhus och Utomhus &#8211; Svart"},"content":{"rendered":"<p>Med TRUUSK h\u00e4ngstolsram kan du bekv\u00e4mt slappna av var som helst. De pulverlackerade metallr\u00f6ren och den stora, stabila basen med f\u00f6rst\u00e4rkt ram p\u00e5 h\u00e4ngstolsramen ger optimal stabilitet. Denna l\u00e4ttmonterade h\u00e4ngstolsram m\u00f6jligg\u00f6r okomplicerad njutning av din fritid, b\u00e5de inomhus och utomhus.<\/p>\n<p>Beskrivning:<\/p>\n<ul>\n<li> Denna h\u00e4ngstolsram passar f\u00f6r de flesta h\u00e4ngstolar. Sits ing\u00e5r inte<\/li>\n<li> Extra stor robust bas och en f\u00f6rst\u00e4rkt struktur p\u00e5 h\u00e4ngstolsramen f\u00f6r stor stabilitet<\/li>\n<li> Solid metallram med slitstark pulverlackerad yta<\/li>\n<li> En S-formad krok p\u00e5 h\u00e4ngstolsramen f\u00f6r enkel upph\u00e4ngning<\/li>\n<li> Halkfria fotdynor skyddar mot repor p\u00e5 golvet<\/li>\n<li> Enkel montering kr\u00e4vs<\/li>\n<\/ul>\n<p> Tekniska data:<\/p>\n<ul>\n<li> F\u00e4rg: Svart<\/li>\n<li> Material: Metall<\/li>\n<li> Totala dimensioner: 154L x 134B x 221H cm<\/li>\n<li> Basomr\u00e5de: 154L x 134B cm<\/li>\n<li> B\u00e4rf\u00f6rm\u00e5ga: 150 kg<\/li>\n<\/ul>\n<p> Leveransinneh\u00e5ll:<\/p>\n<ul>\n<li> 1 x h\u00e4ngstolsram<\/li>\n<li> 1 x bruksanvisning<\/li>\n<\/ul>\n","protected":false},"excerpt":{"rendered":"<p>Med TRUUSK h\u00e4ngstolsram kan du bekv\u00e4mt slappna av var som helst. De pulverlackerade metallr\u00f6ren och den stora, stabila basen med&#8230;<\/p>\n","protected":false},"featured_media":70967,"template":"","meta":[],"product_brand":[],"product_cat":[460,858,450],"product_tag":[],"class_list":{"0":"post-70977","1":"product","2":"type-product","3":"status-publish","4":"has-post-thumbnail","6":"product_cat-hangmattor-hangstolar","7":"product_cat-tradgard-terrass","8":"product_cat-tradgardsmobler","10":"first","11":"instock","12":"sale","13":"taxable","14":"shipping-taxable","15":"purchasable","16":"product-type-simple"},"yoast_head":"<!-- This site is optimized with the Yoast SEO plugin v25.4 - https:\/\/yoast.com\/wordpress\/plugins\/seo\/ -->\n<title>TRUUSK Stativ f\u00f6r H\u00e4ngstol i C-form - Metallst\u00e4llning med Bas - Upp till 150kg - F\u00f6r Inomhus och Utomhus - Svart - TRUUSK - Hem, Tr\u00e4dg\u00e5rd &amp; Fritid<\/title>\n<meta name=\"robots\" content=\"index, follow, max-snippet:-1, max-image-preview:large, max-video-preview:-1\" \/>\n<link rel=\"canonical\" href=\"https:\/\/truusk.store\/sv\/produkt\/truusk-stativ-for-hangstol-i-c-form-metallstallning-med-bas-upp-till-150kg-for-inomhus-och-utomhus-svart\/\" \/>\n<meta property=\"og:locale\" content=\"sv_SE\" \/>\n<meta property=\"og:type\" content=\"article\" \/>\n<meta property=\"og:title\" content=\"TRUUSK Stativ f\u00f6r H\u00e4ngstol i C-form - Metallst\u00e4llning med Bas - Upp till 150kg - F\u00f6r Inomhus och Utomhus - Svart - TRUUSK - Hem, Tr\u00e4dg\u00e5rd &amp; Fritid\" \/>\n<meta property=\"og:description\" content=\"Med TRUUSK h\u00e4ngstolsram kan du bekv\u00e4mt slappna av var som helst. De pulverlackerade metallr\u00f6ren och den stora, stabila basen med...\" \/>\n<meta property=\"og:url\" content=\"https:\/\/truusk.store\/sv\/produkt\/truusk-stativ-for-hangstol-i-c-form-metallstallning-med-bas-upp-till-150kg-for-inomhus-och-utomhus-svart\/\" \/>\n<meta property=\"og:site_name\" content=\"TRUUSK - Hem, Tr\u00e4dg\u00e5rd &amp; Fritid\" \/>\n<meta property=\"article:modified_time\" content=\"2026-03-12T07:40:28+00:00\" \/>\n<meta property=\"og:image\" content=\"https:\/\/i0.wp.com\/truusk.se\/wp-content\/uploads\/2025\/06\/stativ-for-hangstol-i-c-form-metallstallning-med-bas-for-hangsate-hangstol-hanggunga-hangmattestativ-upp-till-150kg-hangstolsstativ-for-inomhus-utomhus-balkong-terrass-svart-1.webp?fit=2000%2C2000&ssl=1\" \/>\n\t<meta property=\"og:image:width\" content=\"2000\" \/>\n\t<meta property=\"og:image:height\" content=\"2000\" \/>\n\t<meta property=\"og:image:type\" content=\"image\/webp\" \/>\n<meta name=\"twitter:card\" content=\"summary_large_image\" \/>\n<meta name=\"twitter:label1\" content=\"Ber\u00e4knad l\u00e4stid\" \/>\n\t<meta name=\"twitter:data1\" content=\"1 minut\" \/>\n<!-- \/ Yoast SEO plugin. -->","yoast_head_json":{"title":"TRUUSK Stativ f\u00f6r H\u00e4ngstol i C-form - Metallst\u00e4llning med Bas - Upp till 150kg - F\u00f6r Inomhus och Utomhus - Svart - TRUUSK - Hem, Tr\u00e4dg\u00e5rd &amp; Fritid","robots":{"index":"index","follow":"follow","max-snippet":"max-snippet:-1","max-image-preview":"max-image-preview:large","max-video-preview":"max-video-preview:-1"},"canonical":"https:\/\/truusk.store\/sv\/produkt\/truusk-stativ-for-hangstol-i-c-form-metallstallning-med-bas-upp-till-150kg-for-inomhus-och-utomhus-svart\/","og_locale":"sv_SE","og_type":"article","og_title":"TRUUSK Stativ f\u00f6r H\u00e4ngstol i C-form - Metallst\u00e4llning med Bas - Upp till 150kg - F\u00f6r Inomhus och Utomhus - Svart - TRUUSK - Hem, Tr\u00e4dg\u00e5rd &amp; Fritid","og_description":"Med TRUUSK h\u00e4ngstolsram kan du bekv\u00e4mt slappna av var som helst. De pulverlackerade metallr\u00f6ren och den stora, stabila basen med...","og_url":"https:\/\/truusk.store\/sv\/produkt\/truusk-stativ-for-hangstol-i-c-form-metallstallning-med-bas-upp-till-150kg-for-inomhus-och-utomhus-svart\/","og_site_name":"TRUUSK - Hem, Tr\u00e4dg\u00e5rd &amp; Fritid","article_modified_time":"2026-03-12T07:40:28+00:00","og_image":[{"width":2000,"height":2000,"url":"https:\/\/i0.wp.com\/truusk.se\/wp-content\/uploads\/2025\/06\/stativ-for-hangstol-i-c-form-metallstallning-med-bas-for-hangsate-hangstol-hanggunga-hangmattestativ-upp-till-150kg-hangstolsstativ-for-inomhus-utomhus-balkong-terrass-svart-1.webp?fit=2000%2C2000&ssl=1","type":"image\/webp"}],"twitter_card":"summary_large_image","twitter_misc":{"Ber\u00e4knad l\u00e4stid":"1 minut"},"schema":{"@context":"https:\/\/schema.org","@graph":[{"@type":"WebPage","@id":"https:\/\/truusk.store\/sv\/produkt\/truusk-stativ-for-hangstol-i-c-form-metallstallning-med-bas-upp-till-150kg-for-inomhus-och-utomhus-svart\/","url":"https:\/\/truusk.store\/sv\/produkt\/truusk-stativ-for-hangstol-i-c-form-metallstallning-med-bas-upp-till-150kg-for-inomhus-och-utomhus-svart\/","name":"TRUUSK Stativ f\u00f6r H\u00e4ngstol i C-form - Metallst\u00e4llning med Bas - Upp till 150kg - F\u00f6r Inomhus och Utomhus - Svart - TRUUSK - Hem, Tr\u00e4dg\u00e5rd &amp; Fritid","isPartOf":{"@id":"https:\/\/truusk.store\/sv\/#website"},"primaryImageOfPage":{"@id":"https:\/\/truusk.store\/sv\/produkt\/truusk-stativ-for-hangstol-i-c-form-metallstallning-med-bas-upp-till-150kg-for-inomhus-och-utomhus-svart\/#primaryimage"},"image":{"@id":"https:\/\/truusk.store\/sv\/produkt\/truusk-stativ-for-hangstol-i-c-form-metallstallning-med-bas-upp-till-150kg-for-inomhus-och-utomhus-svart\/#primaryimage"},"thumbnailUrl":"https:\/\/i0.wp.com\/truusk.store\/wp-content\/uploads\/2025\/06\/stativ-for-hangstol-i-c-form-metallstallning-med-bas-for-hangsate-hangstol-hanggunga-hangmattestativ-upp-till-150kg-hangstolsstativ-for-inomhus-utomhus-balkong-terrass-svart-1.webp?fit=2000%2C2000&ssl=1","datePublished":"2025-06-05T19:21:42+00:00","dateModified":"2026-03-12T07:40:28+00:00","breadcrumb":{"@id":"https:\/\/truusk.store\/sv\/produkt\/truusk-stativ-for-hangstol-i-c-form-metallstallning-med-bas-upp-till-150kg-for-inomhus-och-utomhus-svart\/#breadcrumb"},"inLanguage":"sv-SE","potentialAction":[{"@type":"ReadAction","target":["https:\/\/truusk.store\/sv\/produkt\/truusk-stativ-for-hangstol-i-c-form-metallstallning-med-bas-upp-till-150kg-for-inomhus-och-utomhus-svart\/"]}]},{"@type":"ImageObject","inLanguage":"sv-SE","@id":"https:\/\/truusk.store\/sv\/produkt\/truusk-stativ-for-hangstol-i-c-form-metallstallning-med-bas-upp-till-150kg-for-inomhus-och-utomhus-svart\/#primaryimage","url":"https:\/\/i0.wp.com\/truusk.store\/wp-content\/uploads\/2025\/06\/stativ-for-hangstol-i-c-form-metallstallning-med-bas-for-hangsate-hangstol-hanggunga-hangmattestativ-upp-till-150kg-hangstolsstativ-for-inomhus-utomhus-balkong-terrass-svart-1.webp?fit=2000%2C2000&ssl=1","contentUrl":"https:\/\/i0.wp.com\/truusk.store\/wp-content\/uploads\/2025\/06\/stativ-for-hangstol-i-c-form-metallstallning-med-bas-for-hangsate-hangstol-hanggunga-hangmattestativ-upp-till-150kg-hangstolsstativ-for-inomhus-utomhus-balkong-terrass-svart-1.webp?fit=2000%2C2000&ssl=1","width":2000,"height":2000},{"@type":"BreadcrumbList","@id":"https:\/\/truusk.store\/sv\/produkt\/truusk-stativ-for-hangstol-i-c-form-metallstallning-med-bas-upp-till-150kg-for-inomhus-och-utomhus-svart\/#breadcrumb","itemListElement":[{"@type":"ListItem","position":1,"name":"Home","item":"https:\/\/truusk.store\/sv\/"},{"@type":"ListItem","position":2,"name":"Shop","item":"https:\/\/truusk.store\/shop\/"},{"@type":"ListItem","position":3,"name":"TRUUSK Stativ f\u00f6r H\u00e4ngstol i C-form &#8211; Metallst\u00e4llning med Bas &#8211; Upp till 150kg &#8211; F\u00f6r Inomhus och Utomhus &#8211; Svart"}]},{"@type":"WebSite","@id":"https:\/\/truusk.store\/sv\/#website","url":"https:\/\/truusk.store\/sv\/","name":"TRUUSK - Hem, Tr\u00e4dg\u00e5rd & Fritid","description":"","publisher":{"@id":"https:\/\/truusk.store\/sv\/#organization"},"potentialAction":[{"@type":"SearchAction","target":{"@type":"EntryPoint","urlTemplate":"https:\/\/truusk.store\/sv\/?s={search_term_string}"},"query-input":{"@type":"PropertyValueSpecification","valueRequired":true,"valueName":"search_term_string"}}],"inLanguage":"sv-SE"},{"@type":"Organization","@id":"https:\/\/truusk.store\/sv\/#organization","name":"TRUUSK - Hem, Tr\u00e4dg\u00e5rd & Fritid","url":"https:\/\/truusk.store\/sv\/","logo":{"@type":"ImageObject","inLanguage":"sv-SE","@id":"https:\/\/truusk.store\/sv\/#\/schema\/logo\/image\/","url":"https:\/\/i0.wp.com\/truusk.store\/wp-content\/uploads\/2026\/03\/cropped-TRUUSK.png?fit=2032%2C917&ssl=1","contentUrl":"https:\/\/i0.wp.com\/truusk.store\/wp-content\/uploads\/2026\/03\/cropped-TRUUSK.png?fit=2032%2C917&ssl=1","width":2032,"height":917,"caption":"TRUUSK - Hem, Tr\u00e4dg\u00e5rd & Fritid"},"image":{"@id":"https:\/\/truusk.store\/sv\/#\/schema\/logo\/image\/"}}]}},"jetpack_sharing_enabled":true,"_links":{"self":[{"href":"https:\/\/truusk.store\/sv\/wp-json\/wp\/v2\/product\/70977","targetHints":{"allow":["GET"]}}],"collection":[{"href":"https:\/\/truusk.store\/sv\/wp-json\/wp\/v2\/product"}],"about":[{"href":"https:\/\/truusk.store\/sv\/wp-json\/wp\/v2\/types\/product"}],"wp:featuredmedia":[{"embeddable":true,"href":"https:\/\/truusk.store\/sv\/wp-json\/wp\/v2\/media\/70967"}],"wp:attachment":[{"href":"https:\/\/truusk.store\/sv\/wp-json\/wp\/v2\/media?parent=70977"}],"wp:term":[{"taxonomy":"product_brand","embeddable":true,"href":"https:\/\/truusk.store\/sv\/wp-json\/wp\/v2\/product_brand?post=70977"},{"taxonomy":"product_cat","embeddable":true,"href":"https:\/\/truusk.store\/sv\/wp-json\/wp\/v2\/product_cat?post=70977"},{"taxonomy":"product_tag","embeddable":true,"href":"https:\/\/truusk.store\/sv\/wp-json\/wp\/v2\/product_tag?post=70977"}],"curies":[{"name":"wp","href":"https:\/\/api.w.org\/{rel}","templated":true}]}}