{"id":70997,"date":"2025-06-05T20:23:52","date_gmt":"2025-06-05T19:23:52","guid":{"rendered":"https:\/\/truusk.store\/product\/klatterstod-av-rostfritt-stal-med-triangulart-stoddesign-223x223x223-cm-rosbage-for-klattervaxter-tradgard-spalje-for-inomhusvaxter-vaxtspalje-for-gronsaker-blommor-gron\/"},"modified":"2026-03-12T08:42:15","modified_gmt":"2026-03-12T07:42:15","slug":"truusk-klatterstod-av-rostfritt-stal-triangulart-stoddesign-223x223x223-cm-rosbage-for-klattervaxter-tradgard-spalje","status":"publish","type":"product","link":"https:\/\/truusk.store\/sv\/produkt\/truusk-klatterstod-av-rostfritt-stal-triangulart-stoddesign-223x223x223-cm-rosbage-for-klattervaxter-tradgard-spalje\/","title":{"rendered":"TRUUSK Kl\u00e4tterst\u00f6d av Rostfritt St\u00e5l &#8211; Triangul\u00e4rt St\u00f6ddesign &#8211; 223x223x223 cm &#8211; Rosb\u00e5ge f\u00f6r Kl\u00e4tterv\u00e4xter &#8211; Tr\u00e4dg\u00e5rd Spalj\u00e9 &#8211;"},"content":{"rendered":"<p>F\u00f6rvandla din tr\u00e4dg\u00e5rd till ett gr\u00f6nt paradis med TRUUSK tr\u00e4dg\u00e5rdsrosengallret. M\u00e5tten 223 x 223 x 223 cm erbjuder gott om utrymme f\u00f6r kl\u00e4tterv\u00e4xter och gr\u00f6nsaker. De justerbara r\u00f6ravst\u00e5nden p\u00e5 rosgallret st\u00f6djer v\u00e4xttillv\u00e4xten, och det polyetenbelagda st\u00e5lramen samt den triangul\u00e4ra formen garanterar stabilitet. Perfekt f\u00f6r gurkgaller till kl\u00e4tterb\u00e5gar.<\/p>\n<p>Beskrivning:<\/p>\n<ul>\n<li> Rymlig tillv\u00e4xtomr\u00e5de f\u00f6r kl\u00e4tterv\u00e4xter och gr\u00f6nsaker p\u00e5 rosgallret<\/li>\n<li> Inkluderar gr\u00f6nt kl\u00e4ttern\u00e4t som f\u00f6rb\u00e4ttrar v\u00e4xtst\u00f6d och tillv\u00e4xt<\/li>\n<li> Justerbara r\u00f6ravst\u00e5nd p\u00e5 rosgallret anpassar sig till v\u00e4xternas olika tillv\u00e4xtfaser<\/li>\n<li> Rekommenderad skikth\u00f6jd p\u00e5 60 cm optimerar v\u00e4xtutvecklingen<\/li>\n<li> Polyetenbelagd st\u00e5lram p\u00e5 gurkgallret \u00e4r rost- och slitstark<\/li>\n<li> Triangul\u00e4rt st\u00f6ddesign och metall s\u00e4kerhetsclips f\u00f6r \u00f6kad stabilitet<\/li>\n<li> L\u00e4mplig f\u00f6r kl\u00e4tterflora eller dekorativa h\u00e4nganordningar<\/li>\n<li> Montering kr\u00e4vs<\/li>\n<\/ul>\n<p> Tekniska data:<\/p>\n<ul>\n<li> F\u00e4rg: Gr\u00f6n<\/li>\n<li> Material: St\u00e5l, PE<\/li>\n<li> Totala dimensioner: 223B x 223D x 223H cm<\/li>\n<\/ul>\n<p>Leveransinneh\u00e5ll:<\/p>\n<ul>\n<li> 1 x Tomatkage<\/li>\n<li> 53 x Metall s\u00e4kerhetsclips<\/li>\n<li> 30 x Plastclips<\/li>\n<li> 1 x Handbok<\/li>\n<\/ul>\n","protected":false},"excerpt":{"rendered":"<p>F\u00f6rvandla din tr\u00e4dg\u00e5rd till ett gr\u00f6nt paradis med TRUUSK tr\u00e4dg\u00e5rdsrosengallret. M\u00e5tten 223 x 223 x 223 cm erbjuder gott om&#8230;<\/p>\n","protected":false},"featured_media":70988,"template":"","meta":[],"product_brand":[],"product_cat":[922,858,443],"product_tag":[],"class_list":{"0":"post-70997","1":"product","2":"type-product","3":"status-publish","4":"has-post-thumbnail","6":"product_cat-planteringskarl","7":"product_cat-tradgard-terrass","8":"product_cat-vaxthus-tradgardsskotsel","10":"first","11":"instock","12":"sale","13":"taxable","14":"shipping-taxable","15":"purchasable","16":"product-type-simple"},"yoast_head":"<!-- This site is optimized with the Yoast SEO plugin v25.4 - https:\/\/yoast.com\/wordpress\/plugins\/seo\/ -->\n<title>TRUUSK Kl\u00e4tterst\u00f6d av Rostfritt St\u00e5l - Triangul\u00e4rt St\u00f6ddesign - 223x223x223 cm - Rosb\u00e5ge f\u00f6r Kl\u00e4tterv\u00e4xter - Tr\u00e4dg\u00e5rd Spalj\u00e9 - TRUUSK - Hem, Tr\u00e4dg\u00e5rd &amp; Fritid<\/title>\n<meta name=\"robots\" content=\"index, follow, max-snippet:-1, max-image-preview:large, max-video-preview:-1\" \/>\n<link rel=\"canonical\" href=\"https:\/\/truusk.store\/sv\/produkt\/truusk-klatterstod-av-rostfritt-stal-triangulart-stoddesign-223x223x223-cm-rosbage-for-klattervaxter-tradgard-spalje\/\" \/>\n<meta property=\"og:locale\" content=\"sv_SE\" \/>\n<meta property=\"og:type\" content=\"article\" \/>\n<meta property=\"og:title\" content=\"TRUUSK Kl\u00e4tterst\u00f6d av Rostfritt St\u00e5l - Triangul\u00e4rt St\u00f6ddesign - 223x223x223 cm - Rosb\u00e5ge f\u00f6r Kl\u00e4tterv\u00e4xter - Tr\u00e4dg\u00e5rd Spalj\u00e9 - TRUUSK - Hem, Tr\u00e4dg\u00e5rd &amp; Fritid\" \/>\n<meta property=\"og:description\" content=\"F\u00f6rvandla din tr\u00e4dg\u00e5rd till ett gr\u00f6nt paradis med TRUUSK tr\u00e4dg\u00e5rdsrosengallret. M\u00e5tten 223 x 223 x 223 cm erbjuder gott om...\" \/>\n<meta property=\"og:url\" content=\"https:\/\/truusk.store\/sv\/produkt\/truusk-klatterstod-av-rostfritt-stal-triangulart-stoddesign-223x223x223-cm-rosbage-for-klattervaxter-tradgard-spalje\/\" \/>\n<meta property=\"og:site_name\" content=\"TRUUSK - Hem, Tr\u00e4dg\u00e5rd &amp; Fritid\" \/>\n<meta property=\"article:modified_time\" content=\"2026-03-12T07:42:15+00:00\" \/>\n<meta property=\"og:image\" content=\"https:\/\/i0.wp.com\/truusk.se\/wp-content\/uploads\/2025\/06\/klatterstod-av-rostfritt-stal-med-triangulart-stoddesign-223x223x223-cm-rosbage-for-klattervaxter-tradgard-spalje-for-inomhusvaxter-vaxtspalje-for-gronsaker-blommor-gron-1.webp?fit=2000%2C2000&ssl=1\" \/>\n\t<meta property=\"og:image:width\" content=\"2000\" \/>\n\t<meta property=\"og:image:height\" content=\"2000\" \/>\n\t<meta property=\"og:image:type\" content=\"image\/webp\" \/>\n<meta name=\"twitter:card\" content=\"summary_large_image\" \/>\n<meta name=\"twitter:label1\" content=\"Ber\u00e4knad l\u00e4stid\" \/>\n\t<meta name=\"twitter:data1\" content=\"1 minut\" \/>\n<!-- \/ Yoast SEO plugin. -->","yoast_head_json":{"title":"TRUUSK Kl\u00e4tterst\u00f6d av Rostfritt St\u00e5l - Triangul\u00e4rt St\u00f6ddesign - 223x223x223 cm - Rosb\u00e5ge f\u00f6r Kl\u00e4tterv\u00e4xter - Tr\u00e4dg\u00e5rd Spalj\u00e9 - TRUUSK - Hem, Tr\u00e4dg\u00e5rd &amp; Fritid","robots":{"index":"index","follow":"follow","max-snippet":"max-snippet:-1","max-image-preview":"max-image-preview:large","max-video-preview":"max-video-preview:-1"},"canonical":"https:\/\/truusk.store\/sv\/produkt\/truusk-klatterstod-av-rostfritt-stal-triangulart-stoddesign-223x223x223-cm-rosbage-for-klattervaxter-tradgard-spalje\/","og_locale":"sv_SE","og_type":"article","og_title":"TRUUSK Kl\u00e4tterst\u00f6d av Rostfritt St\u00e5l - Triangul\u00e4rt St\u00f6ddesign - 223x223x223 cm - Rosb\u00e5ge f\u00f6r Kl\u00e4tterv\u00e4xter - Tr\u00e4dg\u00e5rd Spalj\u00e9 - TRUUSK - Hem, Tr\u00e4dg\u00e5rd &amp; Fritid","og_description":"F\u00f6rvandla din tr\u00e4dg\u00e5rd till ett gr\u00f6nt paradis med TRUUSK tr\u00e4dg\u00e5rdsrosengallret. M\u00e5tten 223 x 223 x 223 cm erbjuder gott om...","og_url":"https:\/\/truusk.store\/sv\/produkt\/truusk-klatterstod-av-rostfritt-stal-triangulart-stoddesign-223x223x223-cm-rosbage-for-klattervaxter-tradgard-spalje\/","og_site_name":"TRUUSK - Hem, Tr\u00e4dg\u00e5rd &amp; Fritid","article_modified_time":"2026-03-12T07:42:15+00:00","og_image":[{"width":2000,"height":2000,"url":"https:\/\/i0.wp.com\/truusk.se\/wp-content\/uploads\/2025\/06\/klatterstod-av-rostfritt-stal-med-triangulart-stoddesign-223x223x223-cm-rosbage-for-klattervaxter-tradgard-spalje-for-inomhusvaxter-vaxtspalje-for-gronsaker-blommor-gron-1.webp?fit=2000%2C2000&ssl=1","type":"image\/webp"}],"twitter_card":"summary_large_image","twitter_misc":{"Ber\u00e4knad l\u00e4stid":"1 minut"},"schema":{"@context":"https:\/\/schema.org","@graph":[{"@type":"WebPage","@id":"https:\/\/truusk.store\/sv\/produkt\/truusk-klatterstod-av-rostfritt-stal-triangulart-stoddesign-223x223x223-cm-rosbage-for-klattervaxter-tradgard-spalje\/","url":"https:\/\/truusk.store\/sv\/produkt\/truusk-klatterstod-av-rostfritt-stal-triangulart-stoddesign-223x223x223-cm-rosbage-for-klattervaxter-tradgard-spalje\/","name":"TRUUSK Kl\u00e4tterst\u00f6d av Rostfritt St\u00e5l - Triangul\u00e4rt St\u00f6ddesign - 223x223x223 cm - Rosb\u00e5ge f\u00f6r Kl\u00e4tterv\u00e4xter - Tr\u00e4dg\u00e5rd Spalj\u00e9 - TRUUSK - Hem, Tr\u00e4dg\u00e5rd &amp; Fritid","isPartOf":{"@id":"https:\/\/truusk.store\/sv\/#website"},"primaryImageOfPage":{"@id":"https:\/\/truusk.store\/sv\/produkt\/truusk-klatterstod-av-rostfritt-stal-triangulart-stoddesign-223x223x223-cm-rosbage-for-klattervaxter-tradgard-spalje\/#primaryimage"},"image":{"@id":"https:\/\/truusk.store\/sv\/produkt\/truusk-klatterstod-av-rostfritt-stal-triangulart-stoddesign-223x223x223-cm-rosbage-for-klattervaxter-tradgard-spalje\/#primaryimage"},"thumbnailUrl":"https:\/\/i0.wp.com\/truusk.store\/wp-content\/uploads\/2025\/06\/klatterstod-av-rostfritt-stal-med-triangulart-stoddesign-223x223x223-cm-rosbage-for-klattervaxter-tradgard-spalje-for-inomhusvaxter-vaxtspalje-for-gronsaker-blommor-gron-1.webp?fit=2000%2C2000&ssl=1","datePublished":"2025-06-05T19:23:52+00:00","dateModified":"2026-03-12T07:42:15+00:00","breadcrumb":{"@id":"https:\/\/truusk.store\/sv\/produkt\/truusk-klatterstod-av-rostfritt-stal-triangulart-stoddesign-223x223x223-cm-rosbage-for-klattervaxter-tradgard-spalje\/#breadcrumb"},"inLanguage":"sv-SE","potentialAction":[{"@type":"ReadAction","target":["https:\/\/truusk.store\/sv\/produkt\/truusk-klatterstod-av-rostfritt-stal-triangulart-stoddesign-223x223x223-cm-rosbage-for-klattervaxter-tradgard-spalje\/"]}]},{"@type":"ImageObject","inLanguage":"sv-SE","@id":"https:\/\/truusk.store\/sv\/produkt\/truusk-klatterstod-av-rostfritt-stal-triangulart-stoddesign-223x223x223-cm-rosbage-for-klattervaxter-tradgard-spalje\/#primaryimage","url":"https:\/\/i0.wp.com\/truusk.store\/wp-content\/uploads\/2025\/06\/klatterstod-av-rostfritt-stal-med-triangulart-stoddesign-223x223x223-cm-rosbage-for-klattervaxter-tradgard-spalje-for-inomhusvaxter-vaxtspalje-for-gronsaker-blommor-gron-1.webp?fit=2000%2C2000&ssl=1","contentUrl":"https:\/\/i0.wp.com\/truusk.store\/wp-content\/uploads\/2025\/06\/klatterstod-av-rostfritt-stal-med-triangulart-stoddesign-223x223x223-cm-rosbage-for-klattervaxter-tradgard-spalje-for-inomhusvaxter-vaxtspalje-for-gronsaker-blommor-gron-1.webp?fit=2000%2C2000&ssl=1","width":2000,"height":2000},{"@type":"BreadcrumbList","@id":"https:\/\/truusk.store\/sv\/produkt\/truusk-klatterstod-av-rostfritt-stal-triangulart-stoddesign-223x223x223-cm-rosbage-for-klattervaxter-tradgard-spalje\/#breadcrumb","itemListElement":[{"@type":"ListItem","position":1,"name":"Home","item":"https:\/\/truusk.store\/sv\/"},{"@type":"ListItem","position":2,"name":"Shop","item":"https:\/\/truusk.store\/shop\/"},{"@type":"ListItem","position":3,"name":"TRUUSK Kl\u00e4tterst\u00f6d av Rostfritt St\u00e5l &#8211; Triangul\u00e4rt St\u00f6ddesign &#8211; 223x223x223 cm &#8211; Rosb\u00e5ge f\u00f6r Kl\u00e4tterv\u00e4xter &#8211; Tr\u00e4dg\u00e5rd Spalj\u00e9 &#8211;"}]},{"@type":"WebSite","@id":"https:\/\/truusk.store\/sv\/#website","url":"https:\/\/truusk.store\/sv\/","name":"TRUUSK - Hem, Tr\u00e4dg\u00e5rd & Fritid","description":"","publisher":{"@id":"https:\/\/truusk.store\/sv\/#organization"},"potentialAction":[{"@type":"SearchAction","target":{"@type":"EntryPoint","urlTemplate":"https:\/\/truusk.store\/sv\/?s={search_term_string}"},"query-input":{"@type":"PropertyValueSpecification","valueRequired":true,"valueName":"search_term_string"}}],"inLanguage":"sv-SE"},{"@type":"Organization","@id":"https:\/\/truusk.store\/sv\/#organization","name":"TRUUSK - Hem, Tr\u00e4dg\u00e5rd & Fritid","url":"https:\/\/truusk.store\/sv\/","logo":{"@type":"ImageObject","inLanguage":"sv-SE","@id":"https:\/\/truusk.store\/sv\/#\/schema\/logo\/image\/","url":"https:\/\/i0.wp.com\/truusk.store\/wp-content\/uploads\/2026\/03\/cropped-TRUUSK.png?fit=2032%2C917&ssl=1","contentUrl":"https:\/\/i0.wp.com\/truusk.store\/wp-content\/uploads\/2026\/03\/cropped-TRUUSK.png?fit=2032%2C917&ssl=1","width":2032,"height":917,"caption":"TRUUSK - Hem, Tr\u00e4dg\u00e5rd & Fritid"},"image":{"@id":"https:\/\/truusk.store\/sv\/#\/schema\/logo\/image\/"}}]}},"jetpack_sharing_enabled":true,"_links":{"self":[{"href":"https:\/\/truusk.store\/sv\/wp-json\/wp\/v2\/product\/70997","targetHints":{"allow":["GET"]}}],"collection":[{"href":"https:\/\/truusk.store\/sv\/wp-json\/wp\/v2\/product"}],"about":[{"href":"https:\/\/truusk.store\/sv\/wp-json\/wp\/v2\/types\/product"}],"wp:featuredmedia":[{"embeddable":true,"href":"https:\/\/truusk.store\/sv\/wp-json\/wp\/v2\/media\/70988"}],"wp:attachment":[{"href":"https:\/\/truusk.store\/sv\/wp-json\/wp\/v2\/media?parent=70997"}],"wp:term":[{"taxonomy":"product_brand","embeddable":true,"href":"https:\/\/truusk.store\/sv\/wp-json\/wp\/v2\/product_brand?post=70997"},{"taxonomy":"product_cat","embeddable":true,"href":"https:\/\/truusk.store\/sv\/wp-json\/wp\/v2\/product_cat?post=70997"},{"taxonomy":"product_tag","embeddable":true,"href":"https:\/\/truusk.store\/sv\/wp-json\/wp\/v2\/product_tag?post=70997"}],"curies":[{"name":"wp","href":"https:\/\/api.w.org\/{rel}","templated":true}]}}