{"id":71017,"date":"2025-06-05T20:25:50","date_gmt":"2025-06-05T19:25:50","guid":{"rendered":"https:\/\/truusk.store\/product\/tradgardsstol-4-delat-set-vaderbestandiga-tradgardsstolar-av-plast-stapelstol-med-armstod-ryggstod-stapelbar-terrassstol-upp-till-120-kg-belastbar-tradgardsmobler-for-bakgard-tradgard-balkong-rod\/"},"modified":"2026-03-12T08:42:35","modified_gmt":"2026-03-12T07:42:35","slug":"truusk-4-delat-tradgardsstol-set-vaderbestandiga-plaststolar-stapelbara-med-armstod-upp-till-120-kg-rod","status":"publish","type":"product","link":"https:\/\/truusk.store\/sv\/produkt\/truusk-4-delat-tradgardsstol-set-vaderbestandiga-plaststolar-stapelbara-med-armstod-upp-till-120-kg-rod\/","title":{"rendered":"TRUUSK 4-delat Tr\u00e4dg\u00e5rdsstol Set &#8211; V\u00e4derbest\u00e4ndiga Plaststolar &#8211; Stapelbara med Armst\u00f6d &#8211; Upp Till 120 Kg &#8211; R\u00f6d"},"content":{"rendered":"<p>Upplev f\u00f6rstklassig utomhusmiddag med dessa l\u00e4tta men stabila stapelbara balkongstolar. Detta utomhus tr\u00e4dg\u00e5rdsstolset \u00e4r idealiskt f\u00f6r b\u00e5de inomhus och utomhus och erbjuder komfort och praktiskhet. Perfekt f\u00f6r grillfester, avslappnade morgonkaffepauser eller f\u00f6r att f\u00f6rsk\u00f6na din uteplats &#8211; dessa UV- och vattenresistenta balkongstolar kr\u00e4ver lite underh\u00e5ll. Fokusera p\u00e5 det viktigaste: of\u00f6rgl\u00f6mliga stunder i ditt tr\u00e4dg\u00e5rdsparadis.<\/p>\n<p>Beskrivning:<\/p>\n<ul>\n<li> Det fyrdelade utomhus tr\u00e4dg\u00e5rdsstolsetet m\u00f6jligg\u00f6r en m\u00e5ngsidig arrangemang i tr\u00e4dg\u00e5rdsomr\u00e5den<\/li>\n<li> Stapelbar design av balkongstolarna sparar utrymme n\u00e4r de inte anv\u00e4nds<\/li>\n<li> Tillverkad av plast, vilket garanterar h\u00e5llbarhet och robusthet<\/li>\n<li> UV- och vattenresistent, d\u00e4rf\u00f6r l\u00e4mplig f\u00f6r alla v\u00e4der<\/li>\n<li> Armst\u00f6d och ryggst\u00f6d p\u00e5 balkongstolarna st\u00f6der en bekv\u00e4m sittupplevelse<\/li>\n<li> Sitsdjup p\u00e5 46 cm, st\u00f6der bekv\u00e4mt sittande<\/li>\n<li> L\u00e4tt att reng\u00f6ra, m\u00f6jligg\u00f6r enkel underh\u00e5ll<\/li>\n<li> Underh\u00e5llsfri och ingen montering kr\u00e4vs<\/li>\n<\/ul>\n<p> Tekniska data:<\/p>\n<ul>\n<li> F\u00e4rg: R\u00f6d<\/li>\n<li> Material: Plast<\/li>\n<li> Totala dimensioner: 57L x 54B x 78H cm<\/li>\n<li> Sitsstorlek: 45B x 43,5T x 46H cm<\/li>\n<li> Armst\u00f6d: 3B x 30T cm<\/li>\n<li> Ryggst\u00f6d: 34L x 44B cm<\/li>\n<li> Maximal belastning: 120 kg<\/li>\n<\/ul>\n<p>Leveransinneh\u00e5ll:<\/p>\n<ul>\n<li> 4 x stolar;<\/li>\n<\/ul>\n","protected":false},"excerpt":{"rendered":"<p>Upplev f\u00f6rstklassig utomhusmiddag med dessa l\u00e4tta men stabila stapelbara balkongstolar. Detta utomhus tr\u00e4dg\u00e5rdsstolset \u00e4r idealiskt f\u00f6r b\u00e5de inomhus och utomhus&#8230;<\/p>\n","protected":false},"featured_media":71008,"template":"","meta":[],"product_brand":[],"product_cat":[858,450,452],"product_tag":[],"class_list":{"0":"post-71017","1":"product","2":"type-product","3":"status-publish","4":"has-post-thumbnail","6":"product_cat-tradgard-terrass","7":"product_cat-tradgardsmobler","8":"product_cat-tradgardsstolar","10":"first","11":"instock","12":"sale","13":"taxable","14":"shipping-taxable","15":"purchasable","16":"product-type-simple"},"yoast_head":"<!-- This site is optimized with the Yoast SEO plugin v25.4 - https:\/\/yoast.com\/wordpress\/plugins\/seo\/ -->\n<title>TRUUSK 4-delat Tr\u00e4dg\u00e5rdsstol Set - V\u00e4derbest\u00e4ndiga Plaststolar - Stapelbara med Armst\u00f6d - Upp Till 120 Kg - R\u00f6d - TRUUSK - Hem, Tr\u00e4dg\u00e5rd &amp; Fritid<\/title>\n<meta name=\"robots\" content=\"index, follow, max-snippet:-1, max-image-preview:large, max-video-preview:-1\" \/>\n<link rel=\"canonical\" href=\"https:\/\/truusk.store\/sv\/produkt\/truusk-4-delat-tradgardsstol-set-vaderbestandiga-plaststolar-stapelbara-med-armstod-upp-till-120-kg-rod\/\" \/>\n<meta property=\"og:locale\" content=\"sv_SE\" \/>\n<meta property=\"og:type\" content=\"article\" \/>\n<meta property=\"og:title\" content=\"TRUUSK 4-delat Tr\u00e4dg\u00e5rdsstol Set - V\u00e4derbest\u00e4ndiga Plaststolar - Stapelbara med Armst\u00f6d - Upp Till 120 Kg - R\u00f6d - TRUUSK - Hem, Tr\u00e4dg\u00e5rd &amp; Fritid\" \/>\n<meta property=\"og:description\" content=\"Upplev f\u00f6rstklassig utomhusmiddag med dessa l\u00e4tta men stabila stapelbara balkongstolar. Detta utomhus tr\u00e4dg\u00e5rdsstolset \u00e4r idealiskt f\u00f6r b\u00e5de inomhus och utomhus...\" \/>\n<meta property=\"og:url\" content=\"https:\/\/truusk.store\/sv\/produkt\/truusk-4-delat-tradgardsstol-set-vaderbestandiga-plaststolar-stapelbara-med-armstod-upp-till-120-kg-rod\/\" \/>\n<meta property=\"og:site_name\" content=\"TRUUSK - Hem, Tr\u00e4dg\u00e5rd &amp; Fritid\" \/>\n<meta property=\"article:modified_time\" content=\"2026-03-12T07:42:35+00:00\" \/>\n<meta property=\"og:image\" content=\"https:\/\/i0.wp.com\/truusk.se\/wp-content\/uploads\/2025\/06\/tradgardsstol-4-delat-set-vaderbestandiga-tradgardsstolar-av-plast-stapelstol-med-armstod-ryggstod-stapelbar-terrassstol-upp-till-120-kg-belastbar-tradgardsmobler-for-bakgard-tradgard-balkong-rod-1.webp?fit=2000%2C2000&ssl=1\" \/>\n\t<meta property=\"og:image:width\" content=\"2000\" \/>\n\t<meta property=\"og:image:height\" content=\"2000\" \/>\n\t<meta property=\"og:image:type\" content=\"image\/webp\" \/>\n<meta name=\"twitter:card\" content=\"summary_large_image\" \/>\n<meta name=\"twitter:label1\" content=\"Ber\u00e4knad l\u00e4stid\" \/>\n\t<meta name=\"twitter:data1\" content=\"1 minut\" \/>\n<!-- \/ Yoast SEO plugin. -->","yoast_head_json":{"title":"TRUUSK 4-delat Tr\u00e4dg\u00e5rdsstol Set - V\u00e4derbest\u00e4ndiga Plaststolar - Stapelbara med Armst\u00f6d - Upp Till 120 Kg - R\u00f6d - TRUUSK - Hem, Tr\u00e4dg\u00e5rd &amp; Fritid","robots":{"index":"index","follow":"follow","max-snippet":"max-snippet:-1","max-image-preview":"max-image-preview:large","max-video-preview":"max-video-preview:-1"},"canonical":"https:\/\/truusk.store\/sv\/produkt\/truusk-4-delat-tradgardsstol-set-vaderbestandiga-plaststolar-stapelbara-med-armstod-upp-till-120-kg-rod\/","og_locale":"sv_SE","og_type":"article","og_title":"TRUUSK 4-delat Tr\u00e4dg\u00e5rdsstol Set - V\u00e4derbest\u00e4ndiga Plaststolar - Stapelbara med Armst\u00f6d - Upp Till 120 Kg - R\u00f6d - TRUUSK - Hem, Tr\u00e4dg\u00e5rd &amp; Fritid","og_description":"Upplev f\u00f6rstklassig utomhusmiddag med dessa l\u00e4tta men stabila stapelbara balkongstolar. Detta utomhus tr\u00e4dg\u00e5rdsstolset \u00e4r idealiskt f\u00f6r b\u00e5de inomhus och utomhus...","og_url":"https:\/\/truusk.store\/sv\/produkt\/truusk-4-delat-tradgardsstol-set-vaderbestandiga-plaststolar-stapelbara-med-armstod-upp-till-120-kg-rod\/","og_site_name":"TRUUSK - Hem, Tr\u00e4dg\u00e5rd &amp; Fritid","article_modified_time":"2026-03-12T07:42:35+00:00","og_image":[{"width":2000,"height":2000,"url":"https:\/\/i0.wp.com\/truusk.se\/wp-content\/uploads\/2025\/06\/tradgardsstol-4-delat-set-vaderbestandiga-tradgardsstolar-av-plast-stapelstol-med-armstod-ryggstod-stapelbar-terrassstol-upp-till-120-kg-belastbar-tradgardsmobler-for-bakgard-tradgard-balkong-rod-1.webp?fit=2000%2C2000&ssl=1","type":"image\/webp"}],"twitter_card":"summary_large_image","twitter_misc":{"Ber\u00e4knad l\u00e4stid":"1 minut"},"schema":{"@context":"https:\/\/schema.org","@graph":[{"@type":"WebPage","@id":"https:\/\/truusk.store\/sv\/produkt\/truusk-4-delat-tradgardsstol-set-vaderbestandiga-plaststolar-stapelbara-med-armstod-upp-till-120-kg-rod\/","url":"https:\/\/truusk.store\/sv\/produkt\/truusk-4-delat-tradgardsstol-set-vaderbestandiga-plaststolar-stapelbara-med-armstod-upp-till-120-kg-rod\/","name":"TRUUSK 4-delat Tr\u00e4dg\u00e5rdsstol Set - V\u00e4derbest\u00e4ndiga Plaststolar - Stapelbara med Armst\u00f6d - Upp Till 120 Kg - R\u00f6d - TRUUSK - Hem, Tr\u00e4dg\u00e5rd &amp; Fritid","isPartOf":{"@id":"https:\/\/truusk.store\/sv\/#website"},"primaryImageOfPage":{"@id":"https:\/\/truusk.store\/sv\/produkt\/truusk-4-delat-tradgardsstol-set-vaderbestandiga-plaststolar-stapelbara-med-armstod-upp-till-120-kg-rod\/#primaryimage"},"image":{"@id":"https:\/\/truusk.store\/sv\/produkt\/truusk-4-delat-tradgardsstol-set-vaderbestandiga-plaststolar-stapelbara-med-armstod-upp-till-120-kg-rod\/#primaryimage"},"thumbnailUrl":"https:\/\/i0.wp.com\/truusk.store\/wp-content\/uploads\/2025\/06\/tradgardsstol-4-delat-set-vaderbestandiga-tradgardsstolar-av-plast-stapelstol-med-armstod-ryggstod-stapelbar-terrassstol-upp-till-120-kg-belastbar-tradgardsmobler-for-bakgard-tradgard-balkong-rod-1.webp?fit=2000%2C2000&ssl=1","datePublished":"2025-06-05T19:25:50+00:00","dateModified":"2026-03-12T07:42:35+00:00","breadcrumb":{"@id":"https:\/\/truusk.store\/sv\/produkt\/truusk-4-delat-tradgardsstol-set-vaderbestandiga-plaststolar-stapelbara-med-armstod-upp-till-120-kg-rod\/#breadcrumb"},"inLanguage":"sv-SE","potentialAction":[{"@type":"ReadAction","target":["https:\/\/truusk.store\/sv\/produkt\/truusk-4-delat-tradgardsstol-set-vaderbestandiga-plaststolar-stapelbara-med-armstod-upp-till-120-kg-rod\/"]}]},{"@type":"ImageObject","inLanguage":"sv-SE","@id":"https:\/\/truusk.store\/sv\/produkt\/truusk-4-delat-tradgardsstol-set-vaderbestandiga-plaststolar-stapelbara-med-armstod-upp-till-120-kg-rod\/#primaryimage","url":"https:\/\/i0.wp.com\/truusk.store\/wp-content\/uploads\/2025\/06\/tradgardsstol-4-delat-set-vaderbestandiga-tradgardsstolar-av-plast-stapelstol-med-armstod-ryggstod-stapelbar-terrassstol-upp-till-120-kg-belastbar-tradgardsmobler-for-bakgard-tradgard-balkong-rod-1.webp?fit=2000%2C2000&ssl=1","contentUrl":"https:\/\/i0.wp.com\/truusk.store\/wp-content\/uploads\/2025\/06\/tradgardsstol-4-delat-set-vaderbestandiga-tradgardsstolar-av-plast-stapelstol-med-armstod-ryggstod-stapelbar-terrassstol-upp-till-120-kg-belastbar-tradgardsmobler-for-bakgard-tradgard-balkong-rod-1.webp?fit=2000%2C2000&ssl=1","width":2000,"height":2000},{"@type":"BreadcrumbList","@id":"https:\/\/truusk.store\/sv\/produkt\/truusk-4-delat-tradgardsstol-set-vaderbestandiga-plaststolar-stapelbara-med-armstod-upp-till-120-kg-rod\/#breadcrumb","itemListElement":[{"@type":"ListItem","position":1,"name":"Home","item":"https:\/\/truusk.store\/sv\/"},{"@type":"ListItem","position":2,"name":"Shop","item":"https:\/\/truusk.store\/shop\/"},{"@type":"ListItem","position":3,"name":"TRUUSK 4-delat Tr\u00e4dg\u00e5rdsstol Set &#8211; V\u00e4derbest\u00e4ndiga Plaststolar &#8211; Stapelbara med Armst\u00f6d &#8211; Upp Till 120 Kg &#8211; R\u00f6d"}]},{"@type":"WebSite","@id":"https:\/\/truusk.store\/sv\/#website","url":"https:\/\/truusk.store\/sv\/","name":"TRUUSK - Hem, Tr\u00e4dg\u00e5rd & Fritid","description":"","publisher":{"@id":"https:\/\/truusk.store\/sv\/#organization"},"potentialAction":[{"@type":"SearchAction","target":{"@type":"EntryPoint","urlTemplate":"https:\/\/truusk.store\/sv\/?s={search_term_string}"},"query-input":{"@type":"PropertyValueSpecification","valueRequired":true,"valueName":"search_term_string"}}],"inLanguage":"sv-SE"},{"@type":"Organization","@id":"https:\/\/truusk.store\/sv\/#organization","name":"TRUUSK - Hem, Tr\u00e4dg\u00e5rd & Fritid","url":"https:\/\/truusk.store\/sv\/","logo":{"@type":"ImageObject","inLanguage":"sv-SE","@id":"https:\/\/truusk.store\/sv\/#\/schema\/logo\/image\/","url":"https:\/\/i0.wp.com\/truusk.store\/wp-content\/uploads\/2026\/03\/cropped-TRUUSK.png?fit=2032%2C917&ssl=1","contentUrl":"https:\/\/i0.wp.com\/truusk.store\/wp-content\/uploads\/2026\/03\/cropped-TRUUSK.png?fit=2032%2C917&ssl=1","width":2032,"height":917,"caption":"TRUUSK - Hem, Tr\u00e4dg\u00e5rd & Fritid"},"image":{"@id":"https:\/\/truusk.store\/sv\/#\/schema\/logo\/image\/"}}]}},"jetpack_sharing_enabled":true,"_links":{"self":[{"href":"https:\/\/truusk.store\/sv\/wp-json\/wp\/v2\/product\/71017","targetHints":{"allow":["GET"]}}],"collection":[{"href":"https:\/\/truusk.store\/sv\/wp-json\/wp\/v2\/product"}],"about":[{"href":"https:\/\/truusk.store\/sv\/wp-json\/wp\/v2\/types\/product"}],"wp:featuredmedia":[{"embeddable":true,"href":"https:\/\/truusk.store\/sv\/wp-json\/wp\/v2\/media\/71008"}],"wp:attachment":[{"href":"https:\/\/truusk.store\/sv\/wp-json\/wp\/v2\/media?parent=71017"}],"wp:term":[{"taxonomy":"product_brand","embeddable":true,"href":"https:\/\/truusk.store\/sv\/wp-json\/wp\/v2\/product_brand?post=71017"},{"taxonomy":"product_cat","embeddable":true,"href":"https:\/\/truusk.store\/sv\/wp-json\/wp\/v2\/product_cat?post=71017"},{"taxonomy":"product_tag","embeddable":true,"href":"https:\/\/truusk.store\/sv\/wp-json\/wp\/v2\/product_tag?post=71017"}],"curies":[{"name":"wp","href":"https:\/\/api.w.org\/{rel}","templated":true}]}}