{"id":71027,"date":"2025-06-05T20:26:43","date_gmt":"2025-06-05T19:26:43","guid":{"rendered":"https:\/\/truusk.store\/product\/2-delars-set-utbyggnad-2-hundstangselpaneler-for-utomhushagn-80-x-100-cm-valpstangsel-av-stal-for-sma-till-stora-hundar-svart\/"},"modified":"2026-03-12T08:41:20","modified_gmt":"2026-03-12T07:41:20","slug":"truusk-2-delars-set-hundstangselpaneler-for-utomhushagn-80-x-100-cm-stal-svart-for-sma-till-stora-hundar","status":"publish","type":"product","link":"https:\/\/truusk.store\/sv\/produkt\/truusk-2-delars-set-hundstangselpaneler-for-utomhushagn-80-x-100-cm-stal-svart-for-sma-till-stora-hundar\/","title":{"rendered":"TRUUSK 2-delars Set Hundst\u00e4ngselpaneler &#8211; F\u00f6r Utomhush\u00e4gn &#8211; 80 x 100 cm &#8211; St\u00e5l &#8211; Svart &#8211; F\u00f6r Sm\u00e5 Till Stora Hundar"},"content":{"rendered":"<p>Ut\u00f6ka din fyrbenta v\u00e4nns omr\u00e5de p\u00e5 ett lekfullt s\u00e4tt med TRUUSK hundlekplats! Med detta 2-delade set kan du s\u00f6ml\u00f6st ut\u00f6ka lekomr\u00e5det f\u00f6r ditt befintliga valph\u00e4gn och skapa mer utrymme f\u00f6r lek. Tillverkat av robust st\u00e5l, det \u00e4r enkelt att f\u00e4lla ihop och f\u00f6rvara och \u00e4r ett idealiskt till\u00e4gg till alla hund-, kanin- eller valph\u00e4gn. Passar f\u00f6r sm\u00e5 till stora hundar upp till 60 cm i skulderh\u00f6jd.<\/p>\n<p>Beskrivning:<\/p>\n<ul>\n<li> Tv\u00e5delad expansion ut\u00f6kar det befintliga lekomr\u00e5det<\/li>\n<li> Enkel montering: rikta in panelerna och s\u00e4tt in stolpen<\/li>\n<li> St\u00e5lkonstruktion st\u00e5r emot daglig anv\u00e4ndning<\/li>\n<li> F\u00e4llbart design g\u00f6r det enkelt att f\u00f6rvara<\/li>\n<li> L\u00e4mplig f\u00f6r sm\u00e5 till stora hundar under 60 cm i skulderh\u00f6jd<\/li>\n<li> L\u00e4mplig f\u00f6r inomhus eller utomhus anv\u00e4ndning<\/li>\n<\/ul>\n<p> Tekniska data:<\/p>\n<ul>\n<li> F\u00e4rg: Svart<\/li>\n<li> Material: St\u00e5l<\/li>\n<li> Enskild panel: 80L x 100B x 1,5T cm<\/li>\n<li> Anslutningsst\u00e5ng: \u00d84,8 mm x 110L cm<\/li>\n<li> F\u00e4llbar storlek: 102L x 80B x 3T cm<\/li>\n<li> St\u00e5ngavst\u00e5nd: 5B x 19H cm<\/li>\n<\/ul>\n<p>Leverans inneh\u00e5ller:<\/p>\n<ul>\n<li> 2 x hundlekplats-expansion<\/li>\n<li> 3 x anslutningsst\u00e4nger<\/li>\n<li> 1 x bruksanvisning<\/li>\n<\/ul>\n","protected":false},"excerpt":{"rendered":"<p>Ut\u00f6ka din fyrbenta v\u00e4nns omr\u00e5de p\u00e5 ett lekfullt s\u00e4tt med TRUUSK hundlekplats! Med detta 2-delade set kan du s\u00f6ml\u00f6st ut\u00f6ka&#8230;<\/p>\n","protected":false},"featured_media":71018,"template":"","meta":[],"product_brand":[],"product_cat":[947,948,574],"product_tag":[],"class_list":{"0":"post-71027","1":"product","2":"type-product","3":"status-publish","4":"has-post-thumbnail","6":"product_cat-djurtillbehor","7":"product_cat-hundgaller-skiljevaggar","8":"product_cat-hundtillbehor","10":"first","11":"instock","12":"sale","13":"taxable","14":"shipping-taxable","15":"purchasable","16":"product-type-simple"},"yoast_head":"<!-- This site is optimized with the Yoast SEO plugin v25.4 - https:\/\/yoast.com\/wordpress\/plugins\/seo\/ -->\n<title>TRUUSK 2-delars Set Hundst\u00e4ngselpaneler - F\u00f6r Utomhush\u00e4gn - 80 x 100 cm - St\u00e5l - Svart - F\u00f6r Sm\u00e5 Till Stora Hundar - TRUUSK - Hem, Tr\u00e4dg\u00e5rd &amp; Fritid<\/title>\n<meta name=\"robots\" content=\"index, follow, max-snippet:-1, max-image-preview:large, max-video-preview:-1\" \/>\n<link rel=\"canonical\" href=\"https:\/\/truusk.store\/sv\/produkt\/truusk-2-delars-set-hundstangselpaneler-for-utomhushagn-80-x-100-cm-stal-svart-for-sma-till-stora-hundar\/\" \/>\n<meta property=\"og:locale\" content=\"sv_SE\" \/>\n<meta property=\"og:type\" content=\"article\" \/>\n<meta property=\"og:title\" content=\"TRUUSK 2-delars Set Hundst\u00e4ngselpaneler - F\u00f6r Utomhush\u00e4gn - 80 x 100 cm - St\u00e5l - Svart - F\u00f6r Sm\u00e5 Till Stora Hundar - TRUUSK - Hem, Tr\u00e4dg\u00e5rd &amp; Fritid\" \/>\n<meta property=\"og:description\" content=\"Ut\u00f6ka din fyrbenta v\u00e4nns omr\u00e5de p\u00e5 ett lekfullt s\u00e4tt med TRUUSK hundlekplats! Med detta 2-delade set kan du s\u00f6ml\u00f6st ut\u00f6ka...\" \/>\n<meta property=\"og:url\" content=\"https:\/\/truusk.store\/sv\/produkt\/truusk-2-delars-set-hundstangselpaneler-for-utomhushagn-80-x-100-cm-stal-svart-for-sma-till-stora-hundar\/\" \/>\n<meta property=\"og:site_name\" content=\"TRUUSK - Hem, Tr\u00e4dg\u00e5rd &amp; Fritid\" \/>\n<meta property=\"article:modified_time\" content=\"2026-03-12T07:41:20+00:00\" \/>\n<meta property=\"og:image\" content=\"https:\/\/i0.wp.com\/truusk.se\/wp-content\/uploads\/2025\/06\/2-delars-set-utbyggnad-2-hundstangselpaneler-for-utomhushagn-80-x-100-cm-valpstangsel-av-stal-for-sma-till-stora-hundar-svart-1.webp?fit=2000%2C2000&ssl=1\" \/>\n\t<meta property=\"og:image:width\" content=\"2000\" \/>\n\t<meta property=\"og:image:height\" content=\"2000\" \/>\n\t<meta property=\"og:image:type\" content=\"image\/webp\" \/>\n<meta name=\"twitter:card\" content=\"summary_large_image\" \/>\n<meta name=\"twitter:label1\" content=\"Ber\u00e4knad l\u00e4stid\" \/>\n\t<meta name=\"twitter:data1\" content=\"1 minut\" \/>\n<!-- \/ Yoast SEO plugin. -->","yoast_head_json":{"title":"TRUUSK 2-delars Set Hundst\u00e4ngselpaneler - F\u00f6r Utomhush\u00e4gn - 80 x 100 cm - St\u00e5l - Svart - F\u00f6r Sm\u00e5 Till Stora Hundar - TRUUSK - Hem, Tr\u00e4dg\u00e5rd &amp; Fritid","robots":{"index":"index","follow":"follow","max-snippet":"max-snippet:-1","max-image-preview":"max-image-preview:large","max-video-preview":"max-video-preview:-1"},"canonical":"https:\/\/truusk.store\/sv\/produkt\/truusk-2-delars-set-hundstangselpaneler-for-utomhushagn-80-x-100-cm-stal-svart-for-sma-till-stora-hundar\/","og_locale":"sv_SE","og_type":"article","og_title":"TRUUSK 2-delars Set Hundst\u00e4ngselpaneler - F\u00f6r Utomhush\u00e4gn - 80 x 100 cm - St\u00e5l - Svart - F\u00f6r Sm\u00e5 Till Stora Hundar - TRUUSK - Hem, Tr\u00e4dg\u00e5rd &amp; Fritid","og_description":"Ut\u00f6ka din fyrbenta v\u00e4nns omr\u00e5de p\u00e5 ett lekfullt s\u00e4tt med TRUUSK hundlekplats! Med detta 2-delade set kan du s\u00f6ml\u00f6st ut\u00f6ka...","og_url":"https:\/\/truusk.store\/sv\/produkt\/truusk-2-delars-set-hundstangselpaneler-for-utomhushagn-80-x-100-cm-stal-svart-for-sma-till-stora-hundar\/","og_site_name":"TRUUSK - Hem, Tr\u00e4dg\u00e5rd &amp; Fritid","article_modified_time":"2026-03-12T07:41:20+00:00","og_image":[{"width":2000,"height":2000,"url":"https:\/\/i0.wp.com\/truusk.se\/wp-content\/uploads\/2025\/06\/2-delars-set-utbyggnad-2-hundstangselpaneler-for-utomhushagn-80-x-100-cm-valpstangsel-av-stal-for-sma-till-stora-hundar-svart-1.webp?fit=2000%2C2000&ssl=1","type":"image\/webp"}],"twitter_card":"summary_large_image","twitter_misc":{"Ber\u00e4knad l\u00e4stid":"1 minut"},"schema":{"@context":"https:\/\/schema.org","@graph":[{"@type":"WebPage","@id":"https:\/\/truusk.store\/sv\/produkt\/truusk-2-delars-set-hundstangselpaneler-for-utomhushagn-80-x-100-cm-stal-svart-for-sma-till-stora-hundar\/","url":"https:\/\/truusk.store\/sv\/produkt\/truusk-2-delars-set-hundstangselpaneler-for-utomhushagn-80-x-100-cm-stal-svart-for-sma-till-stora-hundar\/","name":"TRUUSK 2-delars Set Hundst\u00e4ngselpaneler - F\u00f6r Utomhush\u00e4gn - 80 x 100 cm - St\u00e5l - Svart - F\u00f6r Sm\u00e5 Till Stora Hundar - TRUUSK - Hem, Tr\u00e4dg\u00e5rd &amp; Fritid","isPartOf":{"@id":"https:\/\/truusk.store\/sv\/#website"},"primaryImageOfPage":{"@id":"https:\/\/truusk.store\/sv\/produkt\/truusk-2-delars-set-hundstangselpaneler-for-utomhushagn-80-x-100-cm-stal-svart-for-sma-till-stora-hundar\/#primaryimage"},"image":{"@id":"https:\/\/truusk.store\/sv\/produkt\/truusk-2-delars-set-hundstangselpaneler-for-utomhushagn-80-x-100-cm-stal-svart-for-sma-till-stora-hundar\/#primaryimage"},"thumbnailUrl":"https:\/\/i0.wp.com\/truusk.store\/wp-content\/uploads\/2025\/06\/2-delars-set-utbyggnad-2-hundstangselpaneler-for-utomhushagn-80-x-100-cm-valpstangsel-av-stal-for-sma-till-stora-hundar-svart-1.webp?fit=2000%2C2000&ssl=1","datePublished":"2025-06-05T19:26:43+00:00","dateModified":"2026-03-12T07:41:20+00:00","breadcrumb":{"@id":"https:\/\/truusk.store\/sv\/produkt\/truusk-2-delars-set-hundstangselpaneler-for-utomhushagn-80-x-100-cm-stal-svart-for-sma-till-stora-hundar\/#breadcrumb"},"inLanguage":"sv-SE","potentialAction":[{"@type":"ReadAction","target":["https:\/\/truusk.store\/sv\/produkt\/truusk-2-delars-set-hundstangselpaneler-for-utomhushagn-80-x-100-cm-stal-svart-for-sma-till-stora-hundar\/"]}]},{"@type":"ImageObject","inLanguage":"sv-SE","@id":"https:\/\/truusk.store\/sv\/produkt\/truusk-2-delars-set-hundstangselpaneler-for-utomhushagn-80-x-100-cm-stal-svart-for-sma-till-stora-hundar\/#primaryimage","url":"https:\/\/i0.wp.com\/truusk.store\/wp-content\/uploads\/2025\/06\/2-delars-set-utbyggnad-2-hundstangselpaneler-for-utomhushagn-80-x-100-cm-valpstangsel-av-stal-for-sma-till-stora-hundar-svart-1.webp?fit=2000%2C2000&ssl=1","contentUrl":"https:\/\/i0.wp.com\/truusk.store\/wp-content\/uploads\/2025\/06\/2-delars-set-utbyggnad-2-hundstangselpaneler-for-utomhushagn-80-x-100-cm-valpstangsel-av-stal-for-sma-till-stora-hundar-svart-1.webp?fit=2000%2C2000&ssl=1","width":2000,"height":2000},{"@type":"BreadcrumbList","@id":"https:\/\/truusk.store\/sv\/produkt\/truusk-2-delars-set-hundstangselpaneler-for-utomhushagn-80-x-100-cm-stal-svart-for-sma-till-stora-hundar\/#breadcrumb","itemListElement":[{"@type":"ListItem","position":1,"name":"Home","item":"https:\/\/truusk.store\/sv\/"},{"@type":"ListItem","position":2,"name":"Shop","item":"https:\/\/truusk.store\/shop\/"},{"@type":"ListItem","position":3,"name":"TRUUSK 2-delars Set Hundst\u00e4ngselpaneler &#8211; F\u00f6r Utomhush\u00e4gn &#8211; 80 x 100 cm &#8211; St\u00e5l &#8211; Svart &#8211; F\u00f6r Sm\u00e5 Till Stora Hundar"}]},{"@type":"WebSite","@id":"https:\/\/truusk.store\/sv\/#website","url":"https:\/\/truusk.store\/sv\/","name":"TRUUSK - Hem, Tr\u00e4dg\u00e5rd & Fritid","description":"","publisher":{"@id":"https:\/\/truusk.store\/sv\/#organization"},"potentialAction":[{"@type":"SearchAction","target":{"@type":"EntryPoint","urlTemplate":"https:\/\/truusk.store\/sv\/?s={search_term_string}"},"query-input":{"@type":"PropertyValueSpecification","valueRequired":true,"valueName":"search_term_string"}}],"inLanguage":"sv-SE"},{"@type":"Organization","@id":"https:\/\/truusk.store\/sv\/#organization","name":"TRUUSK - Hem, Tr\u00e4dg\u00e5rd & Fritid","url":"https:\/\/truusk.store\/sv\/","logo":{"@type":"ImageObject","inLanguage":"sv-SE","@id":"https:\/\/truusk.store\/sv\/#\/schema\/logo\/image\/","url":"https:\/\/i0.wp.com\/truusk.store\/wp-content\/uploads\/2026\/03\/cropped-TRUUSK.png?fit=2032%2C917&ssl=1","contentUrl":"https:\/\/i0.wp.com\/truusk.store\/wp-content\/uploads\/2026\/03\/cropped-TRUUSK.png?fit=2032%2C917&ssl=1","width":2032,"height":917,"caption":"TRUUSK - Hem, Tr\u00e4dg\u00e5rd & Fritid"},"image":{"@id":"https:\/\/truusk.store\/sv\/#\/schema\/logo\/image\/"}}]}},"jetpack_sharing_enabled":true,"_links":{"self":[{"href":"https:\/\/truusk.store\/sv\/wp-json\/wp\/v2\/product\/71027","targetHints":{"allow":["GET"]}}],"collection":[{"href":"https:\/\/truusk.store\/sv\/wp-json\/wp\/v2\/product"}],"about":[{"href":"https:\/\/truusk.store\/sv\/wp-json\/wp\/v2\/types\/product"}],"wp:featuredmedia":[{"embeddable":true,"href":"https:\/\/truusk.store\/sv\/wp-json\/wp\/v2\/media\/71018"}],"wp:attachment":[{"href":"https:\/\/truusk.store\/sv\/wp-json\/wp\/v2\/media?parent=71027"}],"wp:term":[{"taxonomy":"product_brand","embeddable":true,"href":"https:\/\/truusk.store\/sv\/wp-json\/wp\/v2\/product_brand?post=71027"},{"taxonomy":"product_cat","embeddable":true,"href":"https:\/\/truusk.store\/sv\/wp-json\/wp\/v2\/product_cat?post=71027"},{"taxonomy":"product_tag","embeddable":true,"href":"https:\/\/truusk.store\/sv\/wp-json\/wp\/v2\/product_tag?post=71027"}],"curies":[{"name":"wp","href":"https:\/\/api.w.org\/{rel}","templated":true}]}}