{"id":71038,"date":"2025-06-05T20:27:58","date_gmt":"2025-06-05T19:27:58","guid":{"rendered":"https:\/\/truusk.store\/product\/2-sits-tradgardsbank-i-tra-vaderbestandig-sittbank-uv-resistent-tradgardsmobel-med-omvandlingsbara-ryggstod-parkbank-med-240kg-kapacitet-trabank-for-balkong-terrass-tradgard-110x61x89cm-teak\/"},"modified":"2026-03-12T09:47:00","modified_gmt":"2026-03-12T08:47:00","slug":"truusk-tradgardsbank-i-teak-vaderbestandig-uv-resistent-omvandlingsbara-ryggstod-240kg-kapacitet-for-balkong-terrass","status":"publish","type":"product","link":"https:\/\/truusk.store\/sv\/produkt\/truusk-tradgardsbank-i-teak-vaderbestandig-uv-resistent-omvandlingsbara-ryggstod-240kg-kapacitet-for-balkong-terrass\/","title":{"rendered":"TRUUSK Tr\u00e4dg\u00e5rdsb\u00e4nk i Teak &#8211; V\u00e4derbest\u00e4ndig &#8211; UV-resistent &#8211; Omvandlingsbara ryggst\u00f6d &#8211; 240kg Kapacitet &#8211; F\u00f6r Balkong Terrass &#8211;"},"content":{"rendered":"<p>Slappna av med en v\u00e4n och TRUUSK p\u00e5 denna m\u00e5ngsidiga utomhusb\u00e4nk, som snabbt kan omvandlas till ett picknickbord. Den breda s\u00e4tet p\u00e5 Friesenb\u00e4nken liknar en k\u00e4rleksstol, idealisk f\u00f6r att njuta av gemensamma stunder. Den robusta tr\u00e4b\u00e4nken med lackering passar naturligt och h\u00e5llbart in i alla tr\u00e4dg\u00e5rdslandskap. Dess lattadesign framh\u00e4ver inte bara utomhusomr\u00e5det, utan fr\u00e4mjar ocks\u00e5 en behaglig kyla genom luftcirkulation.<\/p>\n<p>Beskrivning:<\/p>\n<ul>\n<li> Omvandlingsbart design f\u00f6r enkel v\u00e4xling fr\u00e5n Friesenb\u00e4nken till bordet<\/li>\n<li> Ryggst\u00f6det p\u00e5 tr\u00e4dg\u00e5rdsb\u00e4nken \u00e4r omvandlingsbart och s\u00e4krat med ett s\u00e4kerhetsl\u00e5s<\/li>\n<li> Bred sittplats p\u00e5 tr\u00e4dg\u00e5rdsb\u00e4nken f\u00f6r tv\u00e5 personer, belastningsbar upp till 240 kg<\/li>\n<li> Lackat furutr\u00e4 f\u00f6r h\u00e5llbarhet och klassisk stil<\/li>\n<li> Ribbotten p\u00e5 sittplats och ryggst\u00f6d f\u00f6r sval sittning och snabb torkning<\/li>\n<li> L\u00e4mplig f\u00f6r tr\u00e4dg\u00e5rd, park, veranda, terrass etc.<\/li>\n<li> Enkel montering<\/li>\n<\/ul>\n<p> Tekniska data:<\/p>\n<ul>\n<li> F\u00e4rg: Teak<\/li>\n<li> Material: Furutr\u00e4<\/li>\n<li> Totala dimensioner: 110L x 61B x 89H cm<\/li>\n<li> Bordstorlek: (efter omvandling av ryggst\u00f6d) 110B x 33T cm<\/li>\n<li> Bordsh\u00f6jd fr\u00e5n marken: 78 cm<\/li>\n<li> Sittstorlek: 110B x 33T cm<\/li>\n<li> Sitt h\u00f6jd: 41 cm<\/li>\n<li> Belastningskapacitet: 240 kg<\/li>\n<\/ul>\n<p>Leveransinneh\u00e5ll:<\/p>\n<ul>\n<li> 1 x Tr\u00e4dg\u00e5rdsb\u00e4nk<\/li>\n<li> 1 x Bruksanvisning<\/li>\n<\/ul>\n","protected":false},"excerpt":{"rendered":"<p>Slappna av med en v\u00e4n och TRUUSK p\u00e5 denna m\u00e5ngsidiga utomhusb\u00e4nk, som snabbt kan omvandlas till ett picknickbord. Den breda&#8230;<\/p>\n","protected":false},"featured_media":71028,"template":"","meta":[],"product_brand":[],"product_cat":[858,454,450],"product_tag":[],"class_list":{"0":"post-71038","1":"product","2":"type-product","3":"status-publish","4":"has-post-thumbnail","6":"product_cat-tradgard-terrass","7":"product_cat-tradgardsbankar","8":"product_cat-tradgardsmobler","10":"first","11":"instock","12":"sale","13":"taxable","14":"shipping-taxable","15":"purchasable","16":"product-type-simple"},"yoast_head":"<!-- This site is optimized with the Yoast SEO plugin v25.4 - https:\/\/yoast.com\/wordpress\/plugins\/seo\/ -->\n<title>TRUUSK Tr\u00e4dg\u00e5rdsb\u00e4nk i Teak - V\u00e4derbest\u00e4ndig - UV-resistent - Omvandlingsbara ryggst\u00f6d - 240kg Kapacitet - F\u00f6r Balkong Terrass - TRUUSK - Hem, Tr\u00e4dg\u00e5rd &amp; Fritid<\/title>\n<meta name=\"robots\" content=\"index, follow, max-snippet:-1, max-image-preview:large, max-video-preview:-1\" \/>\n<link rel=\"canonical\" href=\"https:\/\/truusk.store\/sv\/produkt\/truusk-tradgardsbank-i-teak-vaderbestandig-uv-resistent-omvandlingsbara-ryggstod-240kg-kapacitet-for-balkong-terrass\/\" \/>\n<meta property=\"og:locale\" content=\"sv_SE\" \/>\n<meta property=\"og:type\" content=\"article\" \/>\n<meta property=\"og:title\" content=\"TRUUSK Tr\u00e4dg\u00e5rdsb\u00e4nk i Teak - V\u00e4derbest\u00e4ndig - UV-resistent - Omvandlingsbara ryggst\u00f6d - 240kg Kapacitet - F\u00f6r Balkong Terrass - TRUUSK - Hem, Tr\u00e4dg\u00e5rd &amp; Fritid\" \/>\n<meta property=\"og:description\" content=\"Slappna av med en v\u00e4n och TRUUSK p\u00e5 denna m\u00e5ngsidiga utomhusb\u00e4nk, som snabbt kan omvandlas till ett picknickbord. Den breda...\" \/>\n<meta property=\"og:url\" content=\"https:\/\/truusk.store\/sv\/produkt\/truusk-tradgardsbank-i-teak-vaderbestandig-uv-resistent-omvandlingsbara-ryggstod-240kg-kapacitet-for-balkong-terrass\/\" \/>\n<meta property=\"og:site_name\" content=\"TRUUSK - Hem, Tr\u00e4dg\u00e5rd &amp; Fritid\" \/>\n<meta property=\"article:modified_time\" content=\"2026-03-12T08:47:00+00:00\" \/>\n<meta property=\"og:image\" content=\"https:\/\/i0.wp.com\/truusk.se\/wp-content\/uploads\/2025\/06\/2-sits-tradgardsbank-i-tra-vaderbestandig-sittbank-uv-resistent-tradgardsmobel-med-omvandlingsbara-ryggstod-parkbank-med-240kg-kapacitet-trabank-for-balkong-terrass-tradgard-110x61x89cm-teak-1.webp?fit=2000%2C2000&ssl=1\" \/>\n\t<meta property=\"og:image:width\" content=\"2000\" \/>\n\t<meta property=\"og:image:height\" content=\"2000\" \/>\n\t<meta property=\"og:image:type\" content=\"image\/webp\" \/>\n<meta name=\"twitter:card\" content=\"summary_large_image\" \/>\n<meta name=\"twitter:label1\" content=\"Ber\u00e4knad l\u00e4stid\" \/>\n\t<meta name=\"twitter:data1\" content=\"1 minut\" \/>\n<!-- \/ Yoast SEO plugin. -->","yoast_head_json":{"title":"TRUUSK Tr\u00e4dg\u00e5rdsb\u00e4nk i Teak - V\u00e4derbest\u00e4ndig - UV-resistent - Omvandlingsbara ryggst\u00f6d - 240kg Kapacitet - F\u00f6r Balkong Terrass - TRUUSK - Hem, Tr\u00e4dg\u00e5rd &amp; Fritid","robots":{"index":"index","follow":"follow","max-snippet":"max-snippet:-1","max-image-preview":"max-image-preview:large","max-video-preview":"max-video-preview:-1"},"canonical":"https:\/\/truusk.store\/sv\/produkt\/truusk-tradgardsbank-i-teak-vaderbestandig-uv-resistent-omvandlingsbara-ryggstod-240kg-kapacitet-for-balkong-terrass\/","og_locale":"sv_SE","og_type":"article","og_title":"TRUUSK Tr\u00e4dg\u00e5rdsb\u00e4nk i Teak - V\u00e4derbest\u00e4ndig - UV-resistent - Omvandlingsbara ryggst\u00f6d - 240kg Kapacitet - F\u00f6r Balkong Terrass - TRUUSK - Hem, Tr\u00e4dg\u00e5rd &amp; Fritid","og_description":"Slappna av med en v\u00e4n och TRUUSK p\u00e5 denna m\u00e5ngsidiga utomhusb\u00e4nk, som snabbt kan omvandlas till ett picknickbord. Den breda...","og_url":"https:\/\/truusk.store\/sv\/produkt\/truusk-tradgardsbank-i-teak-vaderbestandig-uv-resistent-omvandlingsbara-ryggstod-240kg-kapacitet-for-balkong-terrass\/","og_site_name":"TRUUSK - Hem, Tr\u00e4dg\u00e5rd &amp; Fritid","article_modified_time":"2026-03-12T08:47:00+00:00","og_image":[{"width":2000,"height":2000,"url":"https:\/\/i0.wp.com\/truusk.se\/wp-content\/uploads\/2025\/06\/2-sits-tradgardsbank-i-tra-vaderbestandig-sittbank-uv-resistent-tradgardsmobel-med-omvandlingsbara-ryggstod-parkbank-med-240kg-kapacitet-trabank-for-balkong-terrass-tradgard-110x61x89cm-teak-1.webp?fit=2000%2C2000&ssl=1","type":"image\/webp"}],"twitter_card":"summary_large_image","twitter_misc":{"Ber\u00e4knad l\u00e4stid":"1 minut"},"schema":{"@context":"https:\/\/schema.org","@graph":[{"@type":"WebPage","@id":"https:\/\/truusk.store\/sv\/produkt\/truusk-tradgardsbank-i-teak-vaderbestandig-uv-resistent-omvandlingsbara-ryggstod-240kg-kapacitet-for-balkong-terrass\/","url":"https:\/\/truusk.store\/sv\/produkt\/truusk-tradgardsbank-i-teak-vaderbestandig-uv-resistent-omvandlingsbara-ryggstod-240kg-kapacitet-for-balkong-terrass\/","name":"TRUUSK Tr\u00e4dg\u00e5rdsb\u00e4nk i Teak - V\u00e4derbest\u00e4ndig - UV-resistent - Omvandlingsbara ryggst\u00f6d - 240kg Kapacitet - F\u00f6r Balkong Terrass - TRUUSK - Hem, Tr\u00e4dg\u00e5rd &amp; Fritid","isPartOf":{"@id":"https:\/\/truusk.store\/sv\/#website"},"primaryImageOfPage":{"@id":"https:\/\/truusk.store\/sv\/produkt\/truusk-tradgardsbank-i-teak-vaderbestandig-uv-resistent-omvandlingsbara-ryggstod-240kg-kapacitet-for-balkong-terrass\/#primaryimage"},"image":{"@id":"https:\/\/truusk.store\/sv\/produkt\/truusk-tradgardsbank-i-teak-vaderbestandig-uv-resistent-omvandlingsbara-ryggstod-240kg-kapacitet-for-balkong-terrass\/#primaryimage"},"thumbnailUrl":"https:\/\/i0.wp.com\/truusk.store\/wp-content\/uploads\/2025\/06\/2-sits-tradgardsbank-i-tra-vaderbestandig-sittbank-uv-resistent-tradgardsmobel-med-omvandlingsbara-ryggstod-parkbank-med-240kg-kapacitet-trabank-for-balkong-terrass-tradgard-110x61x89cm-teak-1.webp?fit=2000%2C2000&ssl=1","datePublished":"2025-06-05T19:27:58+00:00","dateModified":"2026-03-12T08:47:00+00:00","breadcrumb":{"@id":"https:\/\/truusk.store\/sv\/produkt\/truusk-tradgardsbank-i-teak-vaderbestandig-uv-resistent-omvandlingsbara-ryggstod-240kg-kapacitet-for-balkong-terrass\/#breadcrumb"},"inLanguage":"sv-SE","potentialAction":[{"@type":"ReadAction","target":["https:\/\/truusk.store\/sv\/produkt\/truusk-tradgardsbank-i-teak-vaderbestandig-uv-resistent-omvandlingsbara-ryggstod-240kg-kapacitet-for-balkong-terrass\/"]}]},{"@type":"ImageObject","inLanguage":"sv-SE","@id":"https:\/\/truusk.store\/sv\/produkt\/truusk-tradgardsbank-i-teak-vaderbestandig-uv-resistent-omvandlingsbara-ryggstod-240kg-kapacitet-for-balkong-terrass\/#primaryimage","url":"https:\/\/i0.wp.com\/truusk.store\/wp-content\/uploads\/2025\/06\/2-sits-tradgardsbank-i-tra-vaderbestandig-sittbank-uv-resistent-tradgardsmobel-med-omvandlingsbara-ryggstod-parkbank-med-240kg-kapacitet-trabank-for-balkong-terrass-tradgard-110x61x89cm-teak-1.webp?fit=2000%2C2000&ssl=1","contentUrl":"https:\/\/i0.wp.com\/truusk.store\/wp-content\/uploads\/2025\/06\/2-sits-tradgardsbank-i-tra-vaderbestandig-sittbank-uv-resistent-tradgardsmobel-med-omvandlingsbara-ryggstod-parkbank-med-240kg-kapacitet-trabank-for-balkong-terrass-tradgard-110x61x89cm-teak-1.webp?fit=2000%2C2000&ssl=1","width":2000,"height":2000},{"@type":"BreadcrumbList","@id":"https:\/\/truusk.store\/sv\/produkt\/truusk-tradgardsbank-i-teak-vaderbestandig-uv-resistent-omvandlingsbara-ryggstod-240kg-kapacitet-for-balkong-terrass\/#breadcrumb","itemListElement":[{"@type":"ListItem","position":1,"name":"Home","item":"https:\/\/truusk.store\/sv\/"},{"@type":"ListItem","position":2,"name":"Shop","item":"https:\/\/truusk.store\/shop\/"},{"@type":"ListItem","position":3,"name":"TRUUSK Tr\u00e4dg\u00e5rdsb\u00e4nk i Teak &#8211; V\u00e4derbest\u00e4ndig &#8211; UV-resistent &#8211; Omvandlingsbara ryggst\u00f6d &#8211; 240kg Kapacitet &#8211; F\u00f6r Balkong Terrass &#8211;"}]},{"@type":"WebSite","@id":"https:\/\/truusk.store\/sv\/#website","url":"https:\/\/truusk.store\/sv\/","name":"TRUUSK - Hem, Tr\u00e4dg\u00e5rd & Fritid","description":"","publisher":{"@id":"https:\/\/truusk.store\/sv\/#organization"},"potentialAction":[{"@type":"SearchAction","target":{"@type":"EntryPoint","urlTemplate":"https:\/\/truusk.store\/sv\/?s={search_term_string}"},"query-input":{"@type":"PropertyValueSpecification","valueRequired":true,"valueName":"search_term_string"}}],"inLanguage":"sv-SE"},{"@type":"Organization","@id":"https:\/\/truusk.store\/sv\/#organization","name":"TRUUSK - Hem, Tr\u00e4dg\u00e5rd & Fritid","url":"https:\/\/truusk.store\/sv\/","logo":{"@type":"ImageObject","inLanguage":"sv-SE","@id":"https:\/\/truusk.store\/sv\/#\/schema\/logo\/image\/","url":"https:\/\/i0.wp.com\/truusk.store\/wp-content\/uploads\/2026\/03\/cropped-TRUUSK.png?fit=2032%2C917&ssl=1","contentUrl":"https:\/\/i0.wp.com\/truusk.store\/wp-content\/uploads\/2026\/03\/cropped-TRUUSK.png?fit=2032%2C917&ssl=1","width":2032,"height":917,"caption":"TRUUSK - Hem, Tr\u00e4dg\u00e5rd & Fritid"},"image":{"@id":"https:\/\/truusk.store\/sv\/#\/schema\/logo\/image\/"}}]}},"jetpack_sharing_enabled":true,"_links":{"self":[{"href":"https:\/\/truusk.store\/sv\/wp-json\/wp\/v2\/product\/71038","targetHints":{"allow":["GET"]}}],"collection":[{"href":"https:\/\/truusk.store\/sv\/wp-json\/wp\/v2\/product"}],"about":[{"href":"https:\/\/truusk.store\/sv\/wp-json\/wp\/v2\/types\/product"}],"wp:featuredmedia":[{"embeddable":true,"href":"https:\/\/truusk.store\/sv\/wp-json\/wp\/v2\/media\/71028"}],"wp:attachment":[{"href":"https:\/\/truusk.store\/sv\/wp-json\/wp\/v2\/media?parent=71038"}],"wp:term":[{"taxonomy":"product_brand","embeddable":true,"href":"https:\/\/truusk.store\/sv\/wp-json\/wp\/v2\/product_brand?post=71038"},{"taxonomy":"product_cat","embeddable":true,"href":"https:\/\/truusk.store\/sv\/wp-json\/wp\/v2\/product_cat?post=71038"},{"taxonomy":"product_tag","embeddable":true,"href":"https:\/\/truusk.store\/sv\/wp-json\/wp\/v2\/product_tag?post=71038"}],"curies":[{"name":"wp","href":"https:\/\/api.w.org\/{rel}","templated":true}]}}