{"id":71067,"date":"2025-06-05T20:30:47","date_gmt":"2025-06-05T19:30:47","guid":{"rendered":"https:\/\/truusk.store\/product\/forzinkat-stalverktygshus-243%e3%8e%a1-213x131x192cm-verktygsskjul-med-sadeltak-lasbar-skjutdorr-vaderbestandigt-tradgardshus-utomhus-tradgardsskjul-for-bakgard-utomhusomrade-gra\/"},"modified":"2026-03-12T08:42:21","modified_gmt":"2026-03-12T07:42:21","slug":"truusk-forzinkat-stalverktygshus-243%e3%8e%a1-213x131x192cm-verktygsskjul-med-sadeltak-lasbar-skjutdorr-vaderbestandigt","status":"publish","type":"product","link":"https:\/\/truusk.store\/sv\/produkt\/truusk-forzinkat-stalverktygshus-243%e3%8e%a1-213x131x192cm-verktygsskjul-med-sadeltak-lasbar-skjutdorr-vaderbestandigt\/","title":{"rendered":"TRUUSK F\u00f6rzinkat St\u00e5lverktygshus 2,43\u33a1 &#8211; 213x131x192cm &#8211; Verktygsskjul Med Sadeltak &#8211; L\u00e5sbar Skjutd\u00f6rr &#8211; V\u00e4derbest\u00e4ndigt &#8211;"},"content":{"rendered":"<p>S\u00e4kra dina tr\u00e4dg\u00e5rdsverktyg och utomhusredskap i TRUUSK verktygsskjul! Det rymliga tr\u00e4dg\u00e5rdsskjulet \u00e4r robust, vattent\u00e4tt och har dubbla d\u00f6rrar f\u00f6r enkel \u00e5tkomst. Utrustad med fyra ventilations\u00f6ppningar, erbjuder detta tr\u00e4dg\u00e5rdshus perfekt skydd och hj\u00e4lper till att h\u00e5lla ditt utomhusomr\u00e5de \u00f6versk\u00e5dligt.<\/p>\n<p>Beskrivning:<\/p>\n<ul>\n<li> Rymligt tr\u00e4dg\u00e5rdsverktygshus erbjuder plats f\u00f6r tr\u00e4dg\u00e5rdsverktyg och utrustning<\/li>\n<li> F\u00f6rzinkad st\u00e5lkonstruktion av verktygsskjulet garanterar h\u00e5llbarhet och vattent\u00e4thet<\/li>\n<li> Dubbeld\u00f6rrarna p\u00e5 det lilla tr\u00e4dg\u00e5rdshuset underl\u00e4ttar \u00e5tkomsten och kan l\u00e5sas f\u00f6r extra s\u00e4kerhet<\/li>\n<li> Fyra ventilations\u00f6ppningar fr\u00e4mjar luftcirkulation och f\u00f6rhindrar m\u00f6gel och lukter<\/li>\n<li> Internt fundamentkit f\u00f6rb\u00e4ttrar stabiliteten och h\u00e5ller insidan renare<\/li>\n<li> Montering kr\u00e4vs av ett team p\u00e5 2-3 personer<\/li>\n<\/ul>\n<p> Tekniska data:<\/p>\n<ul>\n<li> F\u00e4rg: Gr\u00e5<\/li>\n<li> Material: F\u00f6rzinkat st\u00e5l<\/li>\n<li> Totala dimensioner: 213L x 131B x 192H cm<\/li>\n<li> Takfotsh\u00f6jd: 160 cm<\/li>\n<li> Golvstorlek: 205L x 119B cm, 2,43 m\u00b2<\/li>\n<li> Inre dimensioner: 203B x 114T cm<\/li>\n<li> D\u00f6rrdimensioner: 96B x 156H cm<\/li>\n<li> Ventilationsdimensioner: 22B x 7,5H cm<\/li>\n<li> Grundkitstorlek: 199B x 52T cm<\/li>\n<li> Sn\u00f6last: 20 kg\/m\u00b2<\/li>\n<\/ul>\n<p>Leveransinneh\u00e5ll:<\/p>\n<ul>\n<li> 1 x Tr\u00e4dg\u00e5rdsskjul<\/li>\n<li> 1 x Par handskar<\/li>\n<li> 1 x Handbok<\/li>\n<\/ul>\n","protected":false},"excerpt":{"rendered":"<p>S\u00e4kra dina tr\u00e4dg\u00e5rdsverktyg och utomhusredskap i TRUUSK verktygsskjul! Det rymliga tr\u00e4dg\u00e5rdsskjulet \u00e4r robust, vattent\u00e4tt och har dubbla d\u00f6rrar f\u00f6r enkel&#8230;<\/p>\n","protected":false},"featured_media":71058,"template":"","meta":[],"product_brand":[],"product_cat":[901,902,858],"product_tag":[],"class_list":{"0":"post-71067","1":"product","2":"type-product","3":"status-publish","4":"has-post-thumbnail","6":"product_cat-ordning-i-tradgarden","7":"product_cat-redskapsskjul-och-redskapshus","8":"product_cat-tradgard-terrass","10":"first","11":"instock","12":"sale","13":"taxable","14":"shipping-taxable","15":"purchasable","16":"product-type-simple"},"yoast_head":"<!-- This site is optimized with the Yoast SEO plugin v25.4 - https:\/\/yoast.com\/wordpress\/plugins\/seo\/ -->\n<title>TRUUSK F\u00f6rzinkat St\u00e5lverktygshus 2,43\u33a1 - 213x131x192cm - Verktygsskjul Med Sadeltak - L\u00e5sbar Skjutd\u00f6rr - V\u00e4derbest\u00e4ndigt - TRUUSK - Hem, Tr\u00e4dg\u00e5rd &amp; Fritid<\/title>\n<meta name=\"robots\" content=\"index, follow, max-snippet:-1, max-image-preview:large, max-video-preview:-1\" \/>\n<link rel=\"canonical\" href=\"https:\/\/truusk.store\/sv\/produkt\/truusk-forzinkat-stalverktygshus-243%e3%8e%a1-213x131x192cm-verktygsskjul-med-sadeltak-lasbar-skjutdorr-vaderbestandigt\/\" \/>\n<meta property=\"og:locale\" content=\"sv_SE\" \/>\n<meta property=\"og:type\" content=\"article\" \/>\n<meta property=\"og:title\" content=\"TRUUSK F\u00f6rzinkat St\u00e5lverktygshus 2,43\u33a1 - 213x131x192cm - Verktygsskjul Med Sadeltak - L\u00e5sbar Skjutd\u00f6rr - V\u00e4derbest\u00e4ndigt - TRUUSK - Hem, Tr\u00e4dg\u00e5rd &amp; Fritid\" \/>\n<meta property=\"og:description\" content=\"S\u00e4kra dina tr\u00e4dg\u00e5rdsverktyg och utomhusredskap i TRUUSK verktygsskjul! Det rymliga tr\u00e4dg\u00e5rdsskjulet \u00e4r robust, vattent\u00e4tt och har dubbla d\u00f6rrar f\u00f6r enkel...\" \/>\n<meta property=\"og:url\" content=\"https:\/\/truusk.store\/sv\/produkt\/truusk-forzinkat-stalverktygshus-243%e3%8e%a1-213x131x192cm-verktygsskjul-med-sadeltak-lasbar-skjutdorr-vaderbestandigt\/\" \/>\n<meta property=\"og:site_name\" content=\"TRUUSK - Hem, Tr\u00e4dg\u00e5rd &amp; Fritid\" \/>\n<meta property=\"article:modified_time\" content=\"2026-03-12T07:42:21+00:00\" \/>\n<meta property=\"og:image\" content=\"https:\/\/i0.wp.com\/truusk.se\/wp-content\/uploads\/2025\/06\/forzinkat-stalverktygshus-243e38ea1-213x131x192cm-verktygsskjul-med-sadeltak-lasbar-skjutdorr-vaderbestandigt-tradgardshus-utomhus-tradgardsskjul-for-bakgard-utomhusomrade-gra-1.webp?fit=2000%2C2000&ssl=1\" \/>\n\t<meta property=\"og:image:width\" content=\"2000\" \/>\n\t<meta property=\"og:image:height\" content=\"2000\" \/>\n\t<meta property=\"og:image:type\" content=\"image\/webp\" \/>\n<meta name=\"twitter:card\" content=\"summary_large_image\" \/>\n<meta name=\"twitter:label1\" content=\"Ber\u00e4knad l\u00e4stid\" \/>\n\t<meta name=\"twitter:data1\" content=\"1 minut\" \/>\n<!-- \/ Yoast SEO plugin. -->","yoast_head_json":{"title":"TRUUSK F\u00f6rzinkat St\u00e5lverktygshus 2,43\u33a1 - 213x131x192cm - Verktygsskjul Med Sadeltak - L\u00e5sbar Skjutd\u00f6rr - V\u00e4derbest\u00e4ndigt - TRUUSK - Hem, Tr\u00e4dg\u00e5rd &amp; Fritid","robots":{"index":"index","follow":"follow","max-snippet":"max-snippet:-1","max-image-preview":"max-image-preview:large","max-video-preview":"max-video-preview:-1"},"canonical":"https:\/\/truusk.store\/sv\/produkt\/truusk-forzinkat-stalverktygshus-243%e3%8e%a1-213x131x192cm-verktygsskjul-med-sadeltak-lasbar-skjutdorr-vaderbestandigt\/","og_locale":"sv_SE","og_type":"article","og_title":"TRUUSK F\u00f6rzinkat St\u00e5lverktygshus 2,43\u33a1 - 213x131x192cm - Verktygsskjul Med Sadeltak - L\u00e5sbar Skjutd\u00f6rr - V\u00e4derbest\u00e4ndigt - TRUUSK - Hem, Tr\u00e4dg\u00e5rd &amp; Fritid","og_description":"S\u00e4kra dina tr\u00e4dg\u00e5rdsverktyg och utomhusredskap i TRUUSK verktygsskjul! Det rymliga tr\u00e4dg\u00e5rdsskjulet \u00e4r robust, vattent\u00e4tt och har dubbla d\u00f6rrar f\u00f6r enkel...","og_url":"https:\/\/truusk.store\/sv\/produkt\/truusk-forzinkat-stalverktygshus-243%e3%8e%a1-213x131x192cm-verktygsskjul-med-sadeltak-lasbar-skjutdorr-vaderbestandigt\/","og_site_name":"TRUUSK - Hem, Tr\u00e4dg\u00e5rd &amp; Fritid","article_modified_time":"2026-03-12T07:42:21+00:00","og_image":[{"width":2000,"height":2000,"url":"https:\/\/i0.wp.com\/truusk.se\/wp-content\/uploads\/2025\/06\/forzinkat-stalverktygshus-243e38ea1-213x131x192cm-verktygsskjul-med-sadeltak-lasbar-skjutdorr-vaderbestandigt-tradgardshus-utomhus-tradgardsskjul-for-bakgard-utomhusomrade-gra-1.webp?fit=2000%2C2000&ssl=1","type":"image\/webp"}],"twitter_card":"summary_large_image","twitter_misc":{"Ber\u00e4knad l\u00e4stid":"1 minut"},"schema":{"@context":"https:\/\/schema.org","@graph":[{"@type":"WebPage","@id":"https:\/\/truusk.store\/sv\/produkt\/truusk-forzinkat-stalverktygshus-243%e3%8e%a1-213x131x192cm-verktygsskjul-med-sadeltak-lasbar-skjutdorr-vaderbestandigt\/","url":"https:\/\/truusk.store\/sv\/produkt\/truusk-forzinkat-stalverktygshus-243%e3%8e%a1-213x131x192cm-verktygsskjul-med-sadeltak-lasbar-skjutdorr-vaderbestandigt\/","name":"TRUUSK F\u00f6rzinkat St\u00e5lverktygshus 2,43\u33a1 - 213x131x192cm - Verktygsskjul Med Sadeltak - L\u00e5sbar Skjutd\u00f6rr - V\u00e4derbest\u00e4ndigt - TRUUSK - Hem, Tr\u00e4dg\u00e5rd &amp; Fritid","isPartOf":{"@id":"https:\/\/truusk.store\/sv\/#website"},"primaryImageOfPage":{"@id":"https:\/\/truusk.store\/sv\/produkt\/truusk-forzinkat-stalverktygshus-243%e3%8e%a1-213x131x192cm-verktygsskjul-med-sadeltak-lasbar-skjutdorr-vaderbestandigt\/#primaryimage"},"image":{"@id":"https:\/\/truusk.store\/sv\/produkt\/truusk-forzinkat-stalverktygshus-243%e3%8e%a1-213x131x192cm-verktygsskjul-med-sadeltak-lasbar-skjutdorr-vaderbestandigt\/#primaryimage"},"thumbnailUrl":"https:\/\/i0.wp.com\/truusk.store\/wp-content\/uploads\/2025\/06\/forzinkat-stalverktygshus-243e38ea1-213x131x192cm-verktygsskjul-med-sadeltak-lasbar-skjutdorr-vaderbestandigt-tradgardshus-utomhus-tradgardsskjul-for-bakgard-utomhusomrade-gra-1.webp?fit=2000%2C2000&ssl=1","datePublished":"2025-06-05T19:30:47+00:00","dateModified":"2026-03-12T07:42:21+00:00","breadcrumb":{"@id":"https:\/\/truusk.store\/sv\/produkt\/truusk-forzinkat-stalverktygshus-243%e3%8e%a1-213x131x192cm-verktygsskjul-med-sadeltak-lasbar-skjutdorr-vaderbestandigt\/#breadcrumb"},"inLanguage":"sv-SE","potentialAction":[{"@type":"ReadAction","target":["https:\/\/truusk.store\/sv\/produkt\/truusk-forzinkat-stalverktygshus-243%e3%8e%a1-213x131x192cm-verktygsskjul-med-sadeltak-lasbar-skjutdorr-vaderbestandigt\/"]}]},{"@type":"ImageObject","inLanguage":"sv-SE","@id":"https:\/\/truusk.store\/sv\/produkt\/truusk-forzinkat-stalverktygshus-243%e3%8e%a1-213x131x192cm-verktygsskjul-med-sadeltak-lasbar-skjutdorr-vaderbestandigt\/#primaryimage","url":"https:\/\/i0.wp.com\/truusk.store\/wp-content\/uploads\/2025\/06\/forzinkat-stalverktygshus-243e38ea1-213x131x192cm-verktygsskjul-med-sadeltak-lasbar-skjutdorr-vaderbestandigt-tradgardshus-utomhus-tradgardsskjul-for-bakgard-utomhusomrade-gra-1.webp?fit=2000%2C2000&ssl=1","contentUrl":"https:\/\/i0.wp.com\/truusk.store\/wp-content\/uploads\/2025\/06\/forzinkat-stalverktygshus-243e38ea1-213x131x192cm-verktygsskjul-med-sadeltak-lasbar-skjutdorr-vaderbestandigt-tradgardshus-utomhus-tradgardsskjul-for-bakgard-utomhusomrade-gra-1.webp?fit=2000%2C2000&ssl=1","width":2000,"height":2000},{"@type":"BreadcrumbList","@id":"https:\/\/truusk.store\/sv\/produkt\/truusk-forzinkat-stalverktygshus-243%e3%8e%a1-213x131x192cm-verktygsskjul-med-sadeltak-lasbar-skjutdorr-vaderbestandigt\/#breadcrumb","itemListElement":[{"@type":"ListItem","position":1,"name":"Home","item":"https:\/\/truusk.store\/sv\/"},{"@type":"ListItem","position":2,"name":"Shop","item":"https:\/\/truusk.store\/shop\/"},{"@type":"ListItem","position":3,"name":"TRUUSK F\u00f6rzinkat St\u00e5lverktygshus 2,43\u33a1 &#8211; 213x131x192cm &#8211; Verktygsskjul Med Sadeltak &#8211; L\u00e5sbar Skjutd\u00f6rr &#8211; V\u00e4derbest\u00e4ndigt &#8211;"}]},{"@type":"WebSite","@id":"https:\/\/truusk.store\/sv\/#website","url":"https:\/\/truusk.store\/sv\/","name":"TRUUSK - Hem, Tr\u00e4dg\u00e5rd & Fritid","description":"","publisher":{"@id":"https:\/\/truusk.store\/sv\/#organization"},"potentialAction":[{"@type":"SearchAction","target":{"@type":"EntryPoint","urlTemplate":"https:\/\/truusk.store\/sv\/?s={search_term_string}"},"query-input":{"@type":"PropertyValueSpecification","valueRequired":true,"valueName":"search_term_string"}}],"inLanguage":"sv-SE"},{"@type":"Organization","@id":"https:\/\/truusk.store\/sv\/#organization","name":"TRUUSK - Hem, Tr\u00e4dg\u00e5rd & Fritid","url":"https:\/\/truusk.store\/sv\/","logo":{"@type":"ImageObject","inLanguage":"sv-SE","@id":"https:\/\/truusk.store\/sv\/#\/schema\/logo\/image\/","url":"https:\/\/i0.wp.com\/truusk.store\/wp-content\/uploads\/2026\/03\/cropped-TRUUSK.png?fit=2032%2C917&ssl=1","contentUrl":"https:\/\/i0.wp.com\/truusk.store\/wp-content\/uploads\/2026\/03\/cropped-TRUUSK.png?fit=2032%2C917&ssl=1","width":2032,"height":917,"caption":"TRUUSK - Hem, Tr\u00e4dg\u00e5rd & Fritid"},"image":{"@id":"https:\/\/truusk.store\/sv\/#\/schema\/logo\/image\/"}}]}},"jetpack_sharing_enabled":true,"_links":{"self":[{"href":"https:\/\/truusk.store\/sv\/wp-json\/wp\/v2\/product\/71067","targetHints":{"allow":["GET"]}}],"collection":[{"href":"https:\/\/truusk.store\/sv\/wp-json\/wp\/v2\/product"}],"about":[{"href":"https:\/\/truusk.store\/sv\/wp-json\/wp\/v2\/types\/product"}],"wp:featuredmedia":[{"embeddable":true,"href":"https:\/\/truusk.store\/sv\/wp-json\/wp\/v2\/media\/71058"}],"wp:attachment":[{"href":"https:\/\/truusk.store\/sv\/wp-json\/wp\/v2\/media?parent=71067"}],"wp:term":[{"taxonomy":"product_brand","embeddable":true,"href":"https:\/\/truusk.store\/sv\/wp-json\/wp\/v2\/product_brand?post=71067"},{"taxonomy":"product_cat","embeddable":true,"href":"https:\/\/truusk.store\/sv\/wp-json\/wp\/v2\/product_cat?post=71067"},{"taxonomy":"product_tag","embeddable":true,"href":"https:\/\/truusk.store\/sv\/wp-json\/wp\/v2\/product_tag?post=71067"}],"curies":[{"name":"wp","href":"https:\/\/api.w.org\/{rel}","templated":true}]}}