{"id":71117,"date":"2025-06-05T20:35:46","date_gmt":"2025-06-05T19:35:46","guid":{"rendered":"https:\/\/truusk.store\/product\/2-delat-set-dynor-for-solsang-vattentalig-dyna-for-tradgardssang-dyna-for-strandstol-solstolskudde-dyna-for-tradgardsmobler-dynor-50x116x5-cm-beige\/"},"modified":"2026-03-12T08:40:26","modified_gmt":"2026-03-12T07:40:26","slug":"truusk-vattentat-dyna-set-for-solstolar-och-tradgardsmobler-for-strandstolar-matt-50x116x5-cm-beige","status":"publish","type":"product","link":"https:\/\/truusk.store\/sv\/produkt\/truusk-vattentat-dyna-set-for-solstolar-och-tradgardsmobler-for-strandstolar-matt-50x116x5-cm-beige\/","title":{"rendered":"TRUUSK Vattent\u00e4t Dyna Set f\u00f6r Solstolar och Tr\u00e4dg\u00e5rdsm\u00f6bler &#8211; F\u00f6r Strandstolar &#8211; M\u00e5tt 50x116x5 cm &#8211; Beige"},"content":{"rendered":"<p>Leter du efter komfort i din solstol? V\u00e5r dyna f\u00f6r tr\u00e4dg\u00e5rdsstol ger en behaglig sittk\u00e4nsla. Fylld med mjuk, kviltad bomull, erbjuder den varaktig komfort, \u00e4ven vid l\u00e4ngre anv\u00e4ndning. Solstolsdynan, tillverkad av t\u00e4t, sl\u00e4t polyester med h\u00f6g blekningsresistens, \u00e4r s\u00e4rskilt robust. F\u00e4stband h\u00e5ller tr\u00e4dg\u00e5rdsstolsdynan fast p\u00e5 din solstol, utan att glida.<\/p>\n<p>Beskrivning:<\/p>\n<ul>\n<li> Tv\u00e5delad tr\u00e4dg\u00e5rdsstolsdyna, var och en med ett ryggkudde, ett sittkudde och ett avtagbart kudde<\/li>\n<li> 180 g\/m\u00b2 polyesterduk av tr\u00e4dg\u00e5rdsstolsdynan \u00e4r motst\u00e5ndskraftig mot blekning, l\u00e4tta fl\u00e4ckar och vattensprut<\/li>\n<li> Mjuk fyllning f\u00f6r f\u00f6rb\u00e4ttrad komfort och st\u00f6d<\/li>\n<li> Kviltad design h\u00e5ller solstolsdynorna i form<\/li>\n<li> Inbyggda band \u00f6kar stabiliteten<\/li>\n<\/ul>\n<p> Tekniska data:<\/p>\n<ul>\n<li> F\u00e4rg: Beige<\/li>\n<li> Material: Polyester<\/li>\n<li> Totala dimensioner: 50L x 116B x 5H cm<\/li>\n<li> Sittkuddstorlek: 50B x 45T cm<\/li>\n<li> Ryggkuddstorlek: 50B x 72T cm<\/li>\n<li> L\u00e4mplig sittstorlek: 50B x 47T cm<\/li>\n<li> Obs: Var v\u00e4nlig m\u00e4t storleken p\u00e5 dina m\u00f6bler noggrant innan du k\u00f6per, f\u00f6r att s\u00e4kerst\u00e4lla att v\u00e5r kudde passar bra<\/li>\n<\/ul>\n<p>Leveransinneh\u00e5ll:<\/p>\n<ul>\n<li> 2 x utomhussittkuddar;<\/li>\n<\/ul>\n","protected":false},"excerpt":{"rendered":"<p>Leter du efter komfort i din solstol? V\u00e5r dyna f\u00f6r tr\u00e4dg\u00e5rdsstol ger en behaglig sittk\u00e4nsla. Fylld med mjuk, kviltad bomull,&#8230;<\/p>\n","protected":false},"featured_media":71108,"template":"","meta":[],"product_brand":[],"product_cat":[858,450,1021],"product_tag":[],"class_list":{"0":"post-71117","1":"product","2":"type-product","3":"status-publish","4":"has-post-thumbnail","6":"product_cat-tradgard-terrass","7":"product_cat-tradgardsmobler","8":"product_cat-tradgardssitskuddar","10":"first","11":"instock","12":"sale","13":"taxable","14":"shipping-taxable","15":"purchasable","16":"product-type-simple"},"yoast_head":"<!-- This site is optimized with the Yoast SEO plugin v25.4 - https:\/\/yoast.com\/wordpress\/plugins\/seo\/ -->\n<title>TRUUSK Vattent\u00e4t Dyna Set f\u00f6r Solstolar och Tr\u00e4dg\u00e5rdsm\u00f6bler - F\u00f6r Strandstolar - M\u00e5tt 50x116x5 cm - Beige - TRUUSK - Hem, Tr\u00e4dg\u00e5rd &amp; Fritid<\/title>\n<meta name=\"robots\" content=\"index, follow, max-snippet:-1, max-image-preview:large, max-video-preview:-1\" \/>\n<link rel=\"canonical\" href=\"https:\/\/truusk.store\/sv\/produkt\/truusk-vattentat-dyna-set-for-solstolar-och-tradgardsmobler-for-strandstolar-matt-50x116x5-cm-beige\/\" \/>\n<meta property=\"og:locale\" content=\"sv_SE\" \/>\n<meta property=\"og:type\" content=\"article\" \/>\n<meta property=\"og:title\" content=\"TRUUSK Vattent\u00e4t Dyna Set f\u00f6r Solstolar och Tr\u00e4dg\u00e5rdsm\u00f6bler - F\u00f6r Strandstolar - M\u00e5tt 50x116x5 cm - Beige - TRUUSK - Hem, Tr\u00e4dg\u00e5rd &amp; Fritid\" \/>\n<meta property=\"og:description\" content=\"Leter du efter komfort i din solstol? V\u00e5r dyna f\u00f6r tr\u00e4dg\u00e5rdsstol ger en behaglig sittk\u00e4nsla. Fylld med mjuk, kviltad bomull,...\" \/>\n<meta property=\"og:url\" content=\"https:\/\/truusk.store\/sv\/produkt\/truusk-vattentat-dyna-set-for-solstolar-och-tradgardsmobler-for-strandstolar-matt-50x116x5-cm-beige\/\" \/>\n<meta property=\"og:site_name\" content=\"TRUUSK - Hem, Tr\u00e4dg\u00e5rd &amp; Fritid\" \/>\n<meta property=\"article:modified_time\" content=\"2026-03-12T07:40:26+00:00\" \/>\n<meta property=\"og:image\" content=\"https:\/\/i0.wp.com\/truusk.se\/wp-content\/uploads\/2025\/06\/2-delat-set-dynor-for-solsang-vattentalig-dyna-for-tradgardssang-dyna-for-strandstol-solstolskudde-dyna-for-tradgardsmobler-dynor-50x116x5-cm-beige-1.webp?fit=2000%2C2000&ssl=1\" \/>\n\t<meta property=\"og:image:width\" content=\"2000\" \/>\n\t<meta property=\"og:image:height\" content=\"2000\" \/>\n\t<meta property=\"og:image:type\" content=\"image\/webp\" \/>\n<meta name=\"twitter:card\" content=\"summary_large_image\" \/>\n<meta name=\"twitter:label1\" content=\"Ber\u00e4knad l\u00e4stid\" \/>\n\t<meta name=\"twitter:data1\" content=\"1 minut\" \/>\n<!-- \/ Yoast SEO plugin. -->","yoast_head_json":{"title":"TRUUSK Vattent\u00e4t Dyna Set f\u00f6r Solstolar och Tr\u00e4dg\u00e5rdsm\u00f6bler - F\u00f6r Strandstolar - M\u00e5tt 50x116x5 cm - Beige - TRUUSK - Hem, Tr\u00e4dg\u00e5rd &amp; Fritid","robots":{"index":"index","follow":"follow","max-snippet":"max-snippet:-1","max-image-preview":"max-image-preview:large","max-video-preview":"max-video-preview:-1"},"canonical":"https:\/\/truusk.store\/sv\/produkt\/truusk-vattentat-dyna-set-for-solstolar-och-tradgardsmobler-for-strandstolar-matt-50x116x5-cm-beige\/","og_locale":"sv_SE","og_type":"article","og_title":"TRUUSK Vattent\u00e4t Dyna Set f\u00f6r Solstolar och Tr\u00e4dg\u00e5rdsm\u00f6bler - F\u00f6r Strandstolar - M\u00e5tt 50x116x5 cm - Beige - TRUUSK - Hem, Tr\u00e4dg\u00e5rd &amp; Fritid","og_description":"Leter du efter komfort i din solstol? V\u00e5r dyna f\u00f6r tr\u00e4dg\u00e5rdsstol ger en behaglig sittk\u00e4nsla. Fylld med mjuk, kviltad bomull,...","og_url":"https:\/\/truusk.store\/sv\/produkt\/truusk-vattentat-dyna-set-for-solstolar-och-tradgardsmobler-for-strandstolar-matt-50x116x5-cm-beige\/","og_site_name":"TRUUSK - Hem, Tr\u00e4dg\u00e5rd &amp; Fritid","article_modified_time":"2026-03-12T07:40:26+00:00","og_image":[{"width":2000,"height":2000,"url":"https:\/\/i0.wp.com\/truusk.se\/wp-content\/uploads\/2025\/06\/2-delat-set-dynor-for-solsang-vattentalig-dyna-for-tradgardssang-dyna-for-strandstol-solstolskudde-dyna-for-tradgardsmobler-dynor-50x116x5-cm-beige-1.webp?fit=2000%2C2000&ssl=1","type":"image\/webp"}],"twitter_card":"summary_large_image","twitter_misc":{"Ber\u00e4knad l\u00e4stid":"1 minut"},"schema":{"@context":"https:\/\/schema.org","@graph":[{"@type":"WebPage","@id":"https:\/\/truusk.store\/sv\/produkt\/truusk-vattentat-dyna-set-for-solstolar-och-tradgardsmobler-for-strandstolar-matt-50x116x5-cm-beige\/","url":"https:\/\/truusk.store\/sv\/produkt\/truusk-vattentat-dyna-set-for-solstolar-och-tradgardsmobler-for-strandstolar-matt-50x116x5-cm-beige\/","name":"TRUUSK Vattent\u00e4t Dyna Set f\u00f6r Solstolar och Tr\u00e4dg\u00e5rdsm\u00f6bler - F\u00f6r Strandstolar - M\u00e5tt 50x116x5 cm - Beige - TRUUSK - Hem, Tr\u00e4dg\u00e5rd &amp; Fritid","isPartOf":{"@id":"https:\/\/truusk.store\/sv\/#website"},"primaryImageOfPage":{"@id":"https:\/\/truusk.store\/sv\/produkt\/truusk-vattentat-dyna-set-for-solstolar-och-tradgardsmobler-for-strandstolar-matt-50x116x5-cm-beige\/#primaryimage"},"image":{"@id":"https:\/\/truusk.store\/sv\/produkt\/truusk-vattentat-dyna-set-for-solstolar-och-tradgardsmobler-for-strandstolar-matt-50x116x5-cm-beige\/#primaryimage"},"thumbnailUrl":"https:\/\/i0.wp.com\/truusk.store\/wp-content\/uploads\/2025\/06\/2-delat-set-dynor-for-solsang-vattentalig-dyna-for-tradgardssang-dyna-for-strandstol-solstolskudde-dyna-for-tradgardsmobler-dynor-50x116x5-cm-beige-1.webp?fit=2000%2C2000&ssl=1","datePublished":"2025-06-05T19:35:46+00:00","dateModified":"2026-03-12T07:40:26+00:00","breadcrumb":{"@id":"https:\/\/truusk.store\/sv\/produkt\/truusk-vattentat-dyna-set-for-solstolar-och-tradgardsmobler-for-strandstolar-matt-50x116x5-cm-beige\/#breadcrumb"},"inLanguage":"sv-SE","potentialAction":[{"@type":"ReadAction","target":["https:\/\/truusk.store\/sv\/produkt\/truusk-vattentat-dyna-set-for-solstolar-och-tradgardsmobler-for-strandstolar-matt-50x116x5-cm-beige\/"]}]},{"@type":"ImageObject","inLanguage":"sv-SE","@id":"https:\/\/truusk.store\/sv\/produkt\/truusk-vattentat-dyna-set-for-solstolar-och-tradgardsmobler-for-strandstolar-matt-50x116x5-cm-beige\/#primaryimage","url":"https:\/\/i0.wp.com\/truusk.store\/wp-content\/uploads\/2025\/06\/2-delat-set-dynor-for-solsang-vattentalig-dyna-for-tradgardssang-dyna-for-strandstol-solstolskudde-dyna-for-tradgardsmobler-dynor-50x116x5-cm-beige-1.webp?fit=2000%2C2000&ssl=1","contentUrl":"https:\/\/i0.wp.com\/truusk.store\/wp-content\/uploads\/2025\/06\/2-delat-set-dynor-for-solsang-vattentalig-dyna-for-tradgardssang-dyna-for-strandstol-solstolskudde-dyna-for-tradgardsmobler-dynor-50x116x5-cm-beige-1.webp?fit=2000%2C2000&ssl=1","width":2000,"height":2000},{"@type":"BreadcrumbList","@id":"https:\/\/truusk.store\/sv\/produkt\/truusk-vattentat-dyna-set-for-solstolar-och-tradgardsmobler-for-strandstolar-matt-50x116x5-cm-beige\/#breadcrumb","itemListElement":[{"@type":"ListItem","position":1,"name":"Home","item":"https:\/\/truusk.store\/sv\/"},{"@type":"ListItem","position":2,"name":"Shop","item":"https:\/\/truusk.store\/shop\/"},{"@type":"ListItem","position":3,"name":"TRUUSK Vattent\u00e4t Dyna Set f\u00f6r Solstolar och Tr\u00e4dg\u00e5rdsm\u00f6bler &#8211; F\u00f6r Strandstolar &#8211; M\u00e5tt 50x116x5 cm &#8211; Beige"}]},{"@type":"WebSite","@id":"https:\/\/truusk.store\/sv\/#website","url":"https:\/\/truusk.store\/sv\/","name":"TRUUSK - Hem, Tr\u00e4dg\u00e5rd & Fritid","description":"","publisher":{"@id":"https:\/\/truusk.store\/sv\/#organization"},"potentialAction":[{"@type":"SearchAction","target":{"@type":"EntryPoint","urlTemplate":"https:\/\/truusk.store\/sv\/?s={search_term_string}"},"query-input":{"@type":"PropertyValueSpecification","valueRequired":true,"valueName":"search_term_string"}}],"inLanguage":"sv-SE"},{"@type":"Organization","@id":"https:\/\/truusk.store\/sv\/#organization","name":"TRUUSK - Hem, Tr\u00e4dg\u00e5rd & Fritid","url":"https:\/\/truusk.store\/sv\/","logo":{"@type":"ImageObject","inLanguage":"sv-SE","@id":"https:\/\/truusk.store\/sv\/#\/schema\/logo\/image\/","url":"https:\/\/i0.wp.com\/truusk.store\/wp-content\/uploads\/2026\/03\/cropped-TRUUSK.png?fit=2032%2C917&ssl=1","contentUrl":"https:\/\/i0.wp.com\/truusk.store\/wp-content\/uploads\/2026\/03\/cropped-TRUUSK.png?fit=2032%2C917&ssl=1","width":2032,"height":917,"caption":"TRUUSK - Hem, Tr\u00e4dg\u00e5rd & Fritid"},"image":{"@id":"https:\/\/truusk.store\/sv\/#\/schema\/logo\/image\/"}}]}},"jetpack_sharing_enabled":true,"_links":{"self":[{"href":"https:\/\/truusk.store\/sv\/wp-json\/wp\/v2\/product\/71117","targetHints":{"allow":["GET"]}}],"collection":[{"href":"https:\/\/truusk.store\/sv\/wp-json\/wp\/v2\/product"}],"about":[{"href":"https:\/\/truusk.store\/sv\/wp-json\/wp\/v2\/types\/product"}],"wp:featuredmedia":[{"embeddable":true,"href":"https:\/\/truusk.store\/sv\/wp-json\/wp\/v2\/media\/71108"}],"wp:attachment":[{"href":"https:\/\/truusk.store\/sv\/wp-json\/wp\/v2\/media?parent=71117"}],"wp:term":[{"taxonomy":"product_brand","embeddable":true,"href":"https:\/\/truusk.store\/sv\/wp-json\/wp\/v2\/product_brand?post=71117"},{"taxonomy":"product_cat","embeddable":true,"href":"https:\/\/truusk.store\/sv\/wp-json\/wp\/v2\/product_cat?post=71117"},{"taxonomy":"product_tag","embeddable":true,"href":"https:\/\/truusk.store\/sv\/wp-json\/wp\/v2\/product_tag?post=71117"}],"curies":[{"name":"wp","href":"https:\/\/api.w.org\/{rel}","templated":true}]}}