{"id":71147,"date":"2025-06-05T20:38:47","date_gmt":"2025-06-05T19:38:47","guid":{"rendered":"https:\/\/truusk.store\/product\/talt-for-2-personer-190t-campingtalt-med-taltpinnar-kupoltalt-glasfiber-polyester-gra-325-x-183-x-130-cm\/"},"modified":"2026-03-12T08:55:46","modified_gmt":"2026-03-12T07:55:46","slug":"truusk-2-personers-campingtalt-190t-kupoltalt-med-taltstanger-glasfiber-polyester-gra-325-x-183-x-130-cm","status":"publish","type":"product","link":"https:\/\/truusk.store\/sv\/produkt\/truusk-2-personers-campingtalt-190t-kupoltalt-med-taltstanger-glasfiber-polyester-gra-325-x-183-x-130-cm\/","title":{"rendered":"TRUUSK 2-Personers Campingt\u00e4lt 190T &#8211; Kupolt\u00e4lt med T\u00e4ltst\u00e4nger &#8211; Glasfiber &#8211; Polyester &#8211; Gr\u00e5 &#8211; 325 x 183 x 130 cm"},"content":{"rendered":"<p>V\u00e5rt 2-personers pop-up-t\u00e4lt fr\u00e5n Otusunny \u00e4r idealiskt f\u00f6r campingresor, \u00f6vernattningar eller vandringar. Det rymliga kupolt\u00e4ltet erbjuder tillr\u00e4ckligt med utrymme f\u00f6r par eller familjer och det v\u00e4derbest\u00e4ndiga \u00f6verdraget skyddar dem p\u00e5 din resa mot elementen och farlig UV-str\u00e5lning. Leveransen inkluderar t\u00e4ltspikar och en transportv\u00e4ska f\u00f6r enkel transport.<\/p>\n<p>Beskrivning:<\/p>\n<ul>\n<li> 2-personers campingt\u00e4lt, det stora utrymmet g\u00f6r det l\u00e4mpligt f\u00f6r en familjeresa<\/li>\n<li>F\u00f6rrum som erbjuder mycket utrymme f\u00f6r ditt bagage eller din utrustning<\/li>\n<li>Den fr\u00e4mre d\u00f6rren till det fr\u00e4mre facket har en dragkedja och kardborreband f\u00f6r att s\u00e4kert st\u00e4nga d\u00f6rren<\/li>\n<li> Meshventilations\u00f6ppningarna \u00f6kar luftcirkulationen och ger en bekv\u00e4m upplevelse<\/li>\n<li> Lampkroken p\u00e5 insidan av toppen f\u00f6r att h\u00e4nga upp lampor f\u00f6r att lysa upp din natt utomhus<\/li>\n<li> 4 sidofickor f\u00f6r f\u00f6rvaring av dina mobiltelefoner eller andra sm\u00e5 f\u00f6rem\u00e5l<\/li>\n<li> Med en vattent\u00e4t b\u00e4rv\u00e4ska<\/li>\n<li> Den vattent\u00e4ta polyesterregnflygningen och markspiken g\u00f6r den idealisk f\u00f6r utomhusbruk<\/li>\n<\/ul>\n<p> Tekniska specifikationer:<\/p>\n<ul>\n<li> F\u00e4rg: Gr\u00f6n+Gr\u00e5<\/li>\n<li> Material: Polyester, PE, B3 mesh-tyg, glasfiber<\/li>\n<li> Total storlek: 325L x 183B x 130H cm<\/li>\n<li> Vikt storlek: 60L x 15B x 16H cm<\/li>\n<li> Storlek p\u00e5 innert\u00e4lt: 210L x 173B x 125H cm<\/li>\n<li> Storlek p\u00e5 f\u00f6rrum: 164L x 98B cm<\/li>\n<li> D\u00f6rrstorlek: 100L x 89B cm<\/li>\n<li> Storlek p\u00e5 f\u00f6rvaringsficka: 26L x 18B cm<\/li>\n<li> F\u00f6nsterstorlek: 123L x 60B cm<\/li>\n<\/ul>\n<p>Leveransinneh\u00e5ll:<\/p>\n<ul>\n<li> 1 x Campingt\u00e4lt<\/li>\n<li> 12 x Markspik<\/li>\n<li> 6 x Draglina<\/li>\n<li> 1 x B\u00e4rp\u00e5se<\/li>\n<li> 1 x Instruktioner<\/li>\n<\/ul>\n","protected":false},"excerpt":{"rendered":"<p>V\u00e5rt 2-personers pop-up-t\u00e4lt fr\u00e5n Otusunny \u00e4r idealiskt f\u00f6r campingresor, \u00f6vernattningar eller vandringar. Det rymliga kupolt\u00e4ltet erbjuder tillr\u00e4ckligt med utrymme f\u00f6r&#8230;<\/p>\n","protected":false},"featured_media":71138,"template":"","meta":[],"product_brand":[],"product_cat":[648,647,650],"product_tag":[],"class_list":{"0":"post-71147","1":"product","2":"type-product","3":"status-publish","4":"has-post-thumbnail","6":"product_cat-camping-tillbehor","7":"product_cat-sport-fritid","8":"product_cat-talt","10":"first","11":"instock","12":"sale","13":"taxable","14":"shipping-taxable","15":"purchasable","16":"product-type-simple"},"yoast_head":"<!-- This site is optimized with the Yoast SEO plugin v25.4 - https:\/\/yoast.com\/wordpress\/plugins\/seo\/ -->\n<title>TRUUSK 2-Personers Campingt\u00e4lt 190T - Kupolt\u00e4lt med T\u00e4ltst\u00e4nger - Glasfiber - Polyester - Gr\u00e5 - 325 x 183 x 130 cm - TRUUSK - Hem, Tr\u00e4dg\u00e5rd &amp; Fritid<\/title>\n<meta name=\"robots\" content=\"index, follow, max-snippet:-1, max-image-preview:large, max-video-preview:-1\" \/>\n<link rel=\"canonical\" href=\"https:\/\/truusk.store\/sv\/produkt\/truusk-2-personers-campingtalt-190t-kupoltalt-med-taltstanger-glasfiber-polyester-gra-325-x-183-x-130-cm\/\" \/>\n<meta property=\"og:locale\" content=\"sv_SE\" \/>\n<meta property=\"og:type\" content=\"article\" \/>\n<meta property=\"og:title\" content=\"TRUUSK 2-Personers Campingt\u00e4lt 190T - Kupolt\u00e4lt med T\u00e4ltst\u00e4nger - Glasfiber - Polyester - Gr\u00e5 - 325 x 183 x 130 cm - TRUUSK - Hem, Tr\u00e4dg\u00e5rd &amp; Fritid\" \/>\n<meta property=\"og:description\" content=\"V\u00e5rt 2-personers pop-up-t\u00e4lt fr\u00e5n Otusunny \u00e4r idealiskt f\u00f6r campingresor, \u00f6vernattningar eller vandringar. Det rymliga kupolt\u00e4ltet erbjuder tillr\u00e4ckligt med utrymme f\u00f6r...\" \/>\n<meta property=\"og:url\" content=\"https:\/\/truusk.store\/sv\/produkt\/truusk-2-personers-campingtalt-190t-kupoltalt-med-taltstanger-glasfiber-polyester-gra-325-x-183-x-130-cm\/\" \/>\n<meta property=\"og:site_name\" content=\"TRUUSK - Hem, Tr\u00e4dg\u00e5rd &amp; Fritid\" \/>\n<meta property=\"article:modified_time\" content=\"2026-03-12T07:55:46+00:00\" \/>\n<meta property=\"og:image\" content=\"https:\/\/i0.wp.com\/truusk.se\/wp-content\/uploads\/2025\/06\/talt-for-2-personer-190t-campingtalt-med-taltpinnar-kupoltalt-glasfiber-polyester-gra-325-x-183-x-130-cm-1.webp?fit=2000%2C2000&ssl=1\" \/>\n\t<meta property=\"og:image:width\" content=\"2000\" \/>\n\t<meta property=\"og:image:height\" content=\"2000\" \/>\n\t<meta property=\"og:image:type\" content=\"image\/webp\" \/>\n<meta name=\"twitter:card\" content=\"summary_large_image\" \/>\n<meta name=\"twitter:label1\" content=\"Ber\u00e4knad l\u00e4stid\" \/>\n\t<meta name=\"twitter:data1\" content=\"1 minut\" \/>\n<!-- \/ Yoast SEO plugin. -->","yoast_head_json":{"title":"TRUUSK 2-Personers Campingt\u00e4lt 190T - Kupolt\u00e4lt med T\u00e4ltst\u00e4nger - Glasfiber - Polyester - Gr\u00e5 - 325 x 183 x 130 cm - TRUUSK - Hem, Tr\u00e4dg\u00e5rd &amp; Fritid","robots":{"index":"index","follow":"follow","max-snippet":"max-snippet:-1","max-image-preview":"max-image-preview:large","max-video-preview":"max-video-preview:-1"},"canonical":"https:\/\/truusk.store\/sv\/produkt\/truusk-2-personers-campingtalt-190t-kupoltalt-med-taltstanger-glasfiber-polyester-gra-325-x-183-x-130-cm\/","og_locale":"sv_SE","og_type":"article","og_title":"TRUUSK 2-Personers Campingt\u00e4lt 190T - Kupolt\u00e4lt med T\u00e4ltst\u00e4nger - Glasfiber - Polyester - Gr\u00e5 - 325 x 183 x 130 cm - TRUUSK - Hem, Tr\u00e4dg\u00e5rd &amp; Fritid","og_description":"V\u00e5rt 2-personers pop-up-t\u00e4lt fr\u00e5n Otusunny \u00e4r idealiskt f\u00f6r campingresor, \u00f6vernattningar eller vandringar. Det rymliga kupolt\u00e4ltet erbjuder tillr\u00e4ckligt med utrymme f\u00f6r...","og_url":"https:\/\/truusk.store\/sv\/produkt\/truusk-2-personers-campingtalt-190t-kupoltalt-med-taltstanger-glasfiber-polyester-gra-325-x-183-x-130-cm\/","og_site_name":"TRUUSK - Hem, Tr\u00e4dg\u00e5rd &amp; Fritid","article_modified_time":"2026-03-12T07:55:46+00:00","og_image":[{"width":2000,"height":2000,"url":"https:\/\/i0.wp.com\/truusk.se\/wp-content\/uploads\/2025\/06\/talt-for-2-personer-190t-campingtalt-med-taltpinnar-kupoltalt-glasfiber-polyester-gra-325-x-183-x-130-cm-1.webp?fit=2000%2C2000&ssl=1","type":"image\/webp"}],"twitter_card":"summary_large_image","twitter_misc":{"Ber\u00e4knad l\u00e4stid":"1 minut"},"schema":{"@context":"https:\/\/schema.org","@graph":[{"@type":"WebPage","@id":"https:\/\/truusk.store\/sv\/produkt\/truusk-2-personers-campingtalt-190t-kupoltalt-med-taltstanger-glasfiber-polyester-gra-325-x-183-x-130-cm\/","url":"https:\/\/truusk.store\/sv\/produkt\/truusk-2-personers-campingtalt-190t-kupoltalt-med-taltstanger-glasfiber-polyester-gra-325-x-183-x-130-cm\/","name":"TRUUSK 2-Personers Campingt\u00e4lt 190T - Kupolt\u00e4lt med T\u00e4ltst\u00e4nger - Glasfiber - Polyester - Gr\u00e5 - 325 x 183 x 130 cm - TRUUSK - Hem, Tr\u00e4dg\u00e5rd &amp; Fritid","isPartOf":{"@id":"https:\/\/truusk.store\/sv\/#website"},"primaryImageOfPage":{"@id":"https:\/\/truusk.store\/sv\/produkt\/truusk-2-personers-campingtalt-190t-kupoltalt-med-taltstanger-glasfiber-polyester-gra-325-x-183-x-130-cm\/#primaryimage"},"image":{"@id":"https:\/\/truusk.store\/sv\/produkt\/truusk-2-personers-campingtalt-190t-kupoltalt-med-taltstanger-glasfiber-polyester-gra-325-x-183-x-130-cm\/#primaryimage"},"thumbnailUrl":"https:\/\/i0.wp.com\/truusk.store\/wp-content\/uploads\/2025\/06\/talt-for-2-personer-190t-campingtalt-med-taltpinnar-kupoltalt-glasfiber-polyester-gra-325-x-183-x-130-cm-1.webp?fit=2000%2C2000&ssl=1","datePublished":"2025-06-05T19:38:47+00:00","dateModified":"2026-03-12T07:55:46+00:00","breadcrumb":{"@id":"https:\/\/truusk.store\/sv\/produkt\/truusk-2-personers-campingtalt-190t-kupoltalt-med-taltstanger-glasfiber-polyester-gra-325-x-183-x-130-cm\/#breadcrumb"},"inLanguage":"sv-SE","potentialAction":[{"@type":"ReadAction","target":["https:\/\/truusk.store\/sv\/produkt\/truusk-2-personers-campingtalt-190t-kupoltalt-med-taltstanger-glasfiber-polyester-gra-325-x-183-x-130-cm\/"]}]},{"@type":"ImageObject","inLanguage":"sv-SE","@id":"https:\/\/truusk.store\/sv\/produkt\/truusk-2-personers-campingtalt-190t-kupoltalt-med-taltstanger-glasfiber-polyester-gra-325-x-183-x-130-cm\/#primaryimage","url":"https:\/\/i0.wp.com\/truusk.store\/wp-content\/uploads\/2025\/06\/talt-for-2-personer-190t-campingtalt-med-taltpinnar-kupoltalt-glasfiber-polyester-gra-325-x-183-x-130-cm-1.webp?fit=2000%2C2000&ssl=1","contentUrl":"https:\/\/i0.wp.com\/truusk.store\/wp-content\/uploads\/2025\/06\/talt-for-2-personer-190t-campingtalt-med-taltpinnar-kupoltalt-glasfiber-polyester-gra-325-x-183-x-130-cm-1.webp?fit=2000%2C2000&ssl=1","width":2000,"height":2000},{"@type":"BreadcrumbList","@id":"https:\/\/truusk.store\/sv\/produkt\/truusk-2-personers-campingtalt-190t-kupoltalt-med-taltstanger-glasfiber-polyester-gra-325-x-183-x-130-cm\/#breadcrumb","itemListElement":[{"@type":"ListItem","position":1,"name":"Home","item":"https:\/\/truusk.store\/sv\/"},{"@type":"ListItem","position":2,"name":"Shop","item":"https:\/\/truusk.store\/shop\/"},{"@type":"ListItem","position":3,"name":"TRUUSK 2-Personers Campingt\u00e4lt 190T &#8211; Kupolt\u00e4lt med T\u00e4ltst\u00e4nger &#8211; Glasfiber &#8211; Polyester &#8211; Gr\u00e5 &#8211; 325 x 183 x 130 cm"}]},{"@type":"WebSite","@id":"https:\/\/truusk.store\/sv\/#website","url":"https:\/\/truusk.store\/sv\/","name":"TRUUSK - Hem, Tr\u00e4dg\u00e5rd & Fritid","description":"","publisher":{"@id":"https:\/\/truusk.store\/sv\/#organization"},"potentialAction":[{"@type":"SearchAction","target":{"@type":"EntryPoint","urlTemplate":"https:\/\/truusk.store\/sv\/?s={search_term_string}"},"query-input":{"@type":"PropertyValueSpecification","valueRequired":true,"valueName":"search_term_string"}}],"inLanguage":"sv-SE"},{"@type":"Organization","@id":"https:\/\/truusk.store\/sv\/#organization","name":"TRUUSK - Hem, Tr\u00e4dg\u00e5rd & Fritid","url":"https:\/\/truusk.store\/sv\/","logo":{"@type":"ImageObject","inLanguage":"sv-SE","@id":"https:\/\/truusk.store\/sv\/#\/schema\/logo\/image\/","url":"https:\/\/i0.wp.com\/truusk.store\/wp-content\/uploads\/2026\/03\/cropped-TRUUSK.png?fit=2032%2C917&ssl=1","contentUrl":"https:\/\/i0.wp.com\/truusk.store\/wp-content\/uploads\/2026\/03\/cropped-TRUUSK.png?fit=2032%2C917&ssl=1","width":2032,"height":917,"caption":"TRUUSK - Hem, Tr\u00e4dg\u00e5rd & Fritid"},"image":{"@id":"https:\/\/truusk.store\/sv\/#\/schema\/logo\/image\/"}}]}},"jetpack_sharing_enabled":true,"_links":{"self":[{"href":"https:\/\/truusk.store\/sv\/wp-json\/wp\/v2\/product\/71147","targetHints":{"allow":["GET"]}}],"collection":[{"href":"https:\/\/truusk.store\/sv\/wp-json\/wp\/v2\/product"}],"about":[{"href":"https:\/\/truusk.store\/sv\/wp-json\/wp\/v2\/types\/product"}],"wp:featuredmedia":[{"embeddable":true,"href":"https:\/\/truusk.store\/sv\/wp-json\/wp\/v2\/media\/71138"}],"wp:attachment":[{"href":"https:\/\/truusk.store\/sv\/wp-json\/wp\/v2\/media?parent=71147"}],"wp:term":[{"taxonomy":"product_brand","embeddable":true,"href":"https:\/\/truusk.store\/sv\/wp-json\/wp\/v2\/product_brand?post=71147"},{"taxonomy":"product_cat","embeddable":true,"href":"https:\/\/truusk.store\/sv\/wp-json\/wp\/v2\/product_cat?post=71147"},{"taxonomy":"product_tag","embeddable":true,"href":"https:\/\/truusk.store\/sv\/wp-json\/wp\/v2\/product_tag?post=71147"}],"curies":[{"name":"wp","href":"https:\/\/api.w.org\/{rel}","templated":true}]}}