{"id":71157,"date":"2025-06-05T20:39:53","date_gmt":"2025-06-05T19:39:53","guid":{"rendered":"https:\/\/truusk.store\/product\/3-sits-bankkudde-180x110x8-cm-med-band-sittkudde-utomhus-inomhus-stolskudde-sittunderlagg-sittkudde-bankkudde-for-tradgardsmobler-hollywood-svang-beigesvart\/"},"modified":"2026-03-12T09:47:05","modified_gmt":"2026-03-12T08:47:05","slug":"truusk-bankkudde-180x110x8-cm-med-band-utomhus-inomhus-sittkudde-sittunderlagg-for-tradgardsmobler-hollywood-svang","status":"publish","type":"product","link":"https:\/\/truusk.store\/sv\/produkt\/truusk-bankkudde-180x110x8-cm-med-band-utomhus-inomhus-sittkudde-sittunderlagg-for-tradgardsmobler-hollywood-svang\/","title":{"rendered":"TRUUSK B\u00e4nkkudde 180x110x8 cm &#8211; Med Band &#8211; Utomhus\/Inomhus &#8211; Sittkudde &#8211; Sittunderl\u00e4gg &#8211; F\u00f6r Tr\u00e4dg\u00e5rdsm\u00f6bler &#8211; Hollywood-sv\u00e4ng &#8211;"},"content":{"rendered":"<p>Optimera ditt utomhusomr\u00e5de med TRUUSK dyna f\u00f6r tr\u00e4dg\u00e5rdsm\u00f6bler. Den v\u00e4ndbara designen med kontrastf\u00e4rger p\u00e5 utomhussitsdynan m\u00f6jligg\u00f6r en f\u00e4rgflexibel utrustning av terrass, tr\u00e4dg\u00e5rd eller balkong. Tillverkad av 230 g \/ m\u00b2 polyester, f\u00f6rblir dessa tr\u00e4dg\u00e5rdsb\u00e4nkdynor formstabila tack vare tufting-tekniken. De \u00e4r st\u00e4nkvattent\u00e5liga och l\u00e4tta att underh\u00e5lla, perfekta f\u00f6r tresitsare som soffor och Hollywood-sv\u00e4ngar och erbjuder l\u00e5ngvarig, stilfull komfort.<\/p>\n<p>Beskrivning:<\/p>\n<ul>\n<li> V\u00e4ndbara utomhussitskuddar f\u00f6r olika stilpreferenser<\/li>\n<li> Tjock polyestertyg p\u00e5 sitsdynan f\u00f6r b\u00e4nk \u00f6kar komfort och h\u00e5llbarhet<\/li>\n<li> Fullk\u00e4rna med tuftad design motst\u00e5r deformationer<\/li>\n<li> Sex band h\u00e5ller utomhussitskuddarna s\u00e4kert p\u00e5 m\u00f6blerna<\/li>\n<li> St\u00e4nkvattent\u00e5ligt material, l\u00e4tt att reng\u00f6ra<\/li>\n<\/ul>\n<p> Tekniska data:<\/p>\n<ul>\n<li> F\u00e4rg: Beige+Svart<\/li>\n<li> Material: Polyester, Skum<\/li>\n<li> Sitsdynans storlek: 180L x 50B x 8T cm<\/li>\n<li> Ryggdynans storlek: 180L x 60B x 8T cm<\/li>\n<li> Armst\u00f6dsdynans storlek: 45L x 30B x 8T cm<\/li>\n<li> L\u00e4mplig sitsstorlek: 180B x 58-60T cm<\/li>\n<li> Obs: 1, Kudden \u00e4r vakuumf\u00f6rpackad. Efter att ha tagit ut den ur kompressionsp\u00e5sen, skaka kraftigt i ca 5 minuter s\u00e5 att luften kan cirkulera och kudden kan \u00e5terf\u00e5 sin ursprungliga form. Efter 3\u20134 timmars vilotid \u00e5tertar kudden sin ursprungliga form.2, M\u00e4t dimensionerna p\u00e5 sittytan och ryggst\u00f6det p\u00e5 ditt m\u00f6bel innan du k\u00f6per f\u00f6r att s\u00e4kerst\u00e4lla optimal passform f\u00f6r v\u00e5r kudde<\/li>\n<\/ul>\n<p>Leveransinneh\u00e5ll:<\/p>\n<ul>\n<li> 1 x Sitsdyna med ryggst\u00f6d<\/li>\n<li> 2 x Armst\u00f6dsdynor<\/li>\n<li> 1 x Bruksanvisning<\/li>\n<\/ul>\n","protected":false},"excerpt":{"rendered":"<p>Optimera ditt utomhusomr\u00e5de med TRUUSK dyna f\u00f6r tr\u00e4dg\u00e5rdsm\u00f6bler. Den v\u00e4ndbara designen med kontrastf\u00e4rger p\u00e5 utomhussitsdynan m\u00f6jligg\u00f6r en f\u00e4rgflexibel utrustning av&#8230;<\/p>\n","protected":false},"featured_media":71148,"template":"","meta":[],"product_brand":[],"product_cat":[858,450,1021],"product_tag":[],"class_list":{"0":"post-71157","1":"product","2":"type-product","3":"status-publish","4":"has-post-thumbnail","6":"product_cat-tradgard-terrass","7":"product_cat-tradgardsmobler","8":"product_cat-tradgardssitskuddar","10":"first","11":"instock","12":"sale","13":"taxable","14":"shipping-taxable","15":"purchasable","16":"product-type-simple"},"yoast_head":"<!-- This site is optimized with the Yoast SEO plugin v25.4 - https:\/\/yoast.com\/wordpress\/plugins\/seo\/ -->\n<title>TRUUSK B\u00e4nkkudde 180x110x8 cm - Med Band - Utomhus\/Inomhus - Sittkudde - Sittunderl\u00e4gg - F\u00f6r Tr\u00e4dg\u00e5rdsm\u00f6bler - Hollywood-sv\u00e4ng - TRUUSK - Hem, Tr\u00e4dg\u00e5rd &amp; Fritid<\/title>\n<meta name=\"robots\" content=\"index, follow, max-snippet:-1, max-image-preview:large, max-video-preview:-1\" \/>\n<link rel=\"canonical\" href=\"https:\/\/truusk.store\/sv\/produkt\/truusk-bankkudde-180x110x8-cm-med-band-utomhus-inomhus-sittkudde-sittunderlagg-for-tradgardsmobler-hollywood-svang\/\" \/>\n<meta property=\"og:locale\" content=\"sv_SE\" \/>\n<meta property=\"og:type\" content=\"article\" \/>\n<meta property=\"og:title\" content=\"TRUUSK B\u00e4nkkudde 180x110x8 cm - Med Band - Utomhus\/Inomhus - Sittkudde - Sittunderl\u00e4gg - F\u00f6r Tr\u00e4dg\u00e5rdsm\u00f6bler - Hollywood-sv\u00e4ng - TRUUSK - Hem, Tr\u00e4dg\u00e5rd &amp; Fritid\" \/>\n<meta property=\"og:description\" content=\"Optimera ditt utomhusomr\u00e5de med TRUUSK dyna f\u00f6r tr\u00e4dg\u00e5rdsm\u00f6bler. Den v\u00e4ndbara designen med kontrastf\u00e4rger p\u00e5 utomhussitsdynan m\u00f6jligg\u00f6r en f\u00e4rgflexibel utrustning av...\" \/>\n<meta property=\"og:url\" content=\"https:\/\/truusk.store\/sv\/produkt\/truusk-bankkudde-180x110x8-cm-med-band-utomhus-inomhus-sittkudde-sittunderlagg-for-tradgardsmobler-hollywood-svang\/\" \/>\n<meta property=\"og:site_name\" content=\"TRUUSK - Hem, Tr\u00e4dg\u00e5rd &amp; Fritid\" \/>\n<meta property=\"article:modified_time\" content=\"2026-03-12T08:47:05+00:00\" \/>\n<meta property=\"og:image\" content=\"https:\/\/i0.wp.com\/truusk.se\/wp-content\/uploads\/2025\/06\/3-sits-bankkudde-180x110x8-cm-med-band-sittkudde-utomhus-inomhus-stolskudde-sittunderlagg-sittkudde-bankkudde-for-tradgardsmobler-hollywood-svang-beigesvart-1.webp?fit=2000%2C2000&ssl=1\" \/>\n\t<meta property=\"og:image:width\" content=\"2000\" \/>\n\t<meta property=\"og:image:height\" content=\"2000\" \/>\n\t<meta property=\"og:image:type\" content=\"image\/webp\" \/>\n<meta name=\"twitter:card\" content=\"summary_large_image\" \/>\n<meta name=\"twitter:label1\" content=\"Ber\u00e4knad l\u00e4stid\" \/>\n\t<meta name=\"twitter:data1\" content=\"1 minut\" \/>\n<!-- \/ Yoast SEO plugin. -->","yoast_head_json":{"title":"TRUUSK B\u00e4nkkudde 180x110x8 cm - Med Band - Utomhus\/Inomhus - Sittkudde - Sittunderl\u00e4gg - F\u00f6r Tr\u00e4dg\u00e5rdsm\u00f6bler - Hollywood-sv\u00e4ng - TRUUSK - Hem, Tr\u00e4dg\u00e5rd &amp; Fritid","robots":{"index":"index","follow":"follow","max-snippet":"max-snippet:-1","max-image-preview":"max-image-preview:large","max-video-preview":"max-video-preview:-1"},"canonical":"https:\/\/truusk.store\/sv\/produkt\/truusk-bankkudde-180x110x8-cm-med-band-utomhus-inomhus-sittkudde-sittunderlagg-for-tradgardsmobler-hollywood-svang\/","og_locale":"sv_SE","og_type":"article","og_title":"TRUUSK B\u00e4nkkudde 180x110x8 cm - Med Band - Utomhus\/Inomhus - Sittkudde - Sittunderl\u00e4gg - F\u00f6r Tr\u00e4dg\u00e5rdsm\u00f6bler - Hollywood-sv\u00e4ng - TRUUSK - Hem, Tr\u00e4dg\u00e5rd &amp; Fritid","og_description":"Optimera ditt utomhusomr\u00e5de med TRUUSK dyna f\u00f6r tr\u00e4dg\u00e5rdsm\u00f6bler. Den v\u00e4ndbara designen med kontrastf\u00e4rger p\u00e5 utomhussitsdynan m\u00f6jligg\u00f6r en f\u00e4rgflexibel utrustning av...","og_url":"https:\/\/truusk.store\/sv\/produkt\/truusk-bankkudde-180x110x8-cm-med-band-utomhus-inomhus-sittkudde-sittunderlagg-for-tradgardsmobler-hollywood-svang\/","og_site_name":"TRUUSK - Hem, Tr\u00e4dg\u00e5rd &amp; Fritid","article_modified_time":"2026-03-12T08:47:05+00:00","og_image":[{"width":2000,"height":2000,"url":"https:\/\/i0.wp.com\/truusk.se\/wp-content\/uploads\/2025\/06\/3-sits-bankkudde-180x110x8-cm-med-band-sittkudde-utomhus-inomhus-stolskudde-sittunderlagg-sittkudde-bankkudde-for-tradgardsmobler-hollywood-svang-beigesvart-1.webp?fit=2000%2C2000&ssl=1","type":"image\/webp"}],"twitter_card":"summary_large_image","twitter_misc":{"Ber\u00e4knad l\u00e4stid":"1 minut"},"schema":{"@context":"https:\/\/schema.org","@graph":[{"@type":"WebPage","@id":"https:\/\/truusk.store\/sv\/produkt\/truusk-bankkudde-180x110x8-cm-med-band-utomhus-inomhus-sittkudde-sittunderlagg-for-tradgardsmobler-hollywood-svang\/","url":"https:\/\/truusk.store\/sv\/produkt\/truusk-bankkudde-180x110x8-cm-med-band-utomhus-inomhus-sittkudde-sittunderlagg-for-tradgardsmobler-hollywood-svang\/","name":"TRUUSK B\u00e4nkkudde 180x110x8 cm - Med Band - Utomhus\/Inomhus - Sittkudde - Sittunderl\u00e4gg - F\u00f6r Tr\u00e4dg\u00e5rdsm\u00f6bler - Hollywood-sv\u00e4ng - TRUUSK - Hem, Tr\u00e4dg\u00e5rd &amp; Fritid","isPartOf":{"@id":"https:\/\/truusk.store\/sv\/#website"},"primaryImageOfPage":{"@id":"https:\/\/truusk.store\/sv\/produkt\/truusk-bankkudde-180x110x8-cm-med-band-utomhus-inomhus-sittkudde-sittunderlagg-for-tradgardsmobler-hollywood-svang\/#primaryimage"},"image":{"@id":"https:\/\/truusk.store\/sv\/produkt\/truusk-bankkudde-180x110x8-cm-med-band-utomhus-inomhus-sittkudde-sittunderlagg-for-tradgardsmobler-hollywood-svang\/#primaryimage"},"thumbnailUrl":"https:\/\/i0.wp.com\/truusk.store\/wp-content\/uploads\/2025\/06\/3-sits-bankkudde-180x110x8-cm-med-band-sittkudde-utomhus-inomhus-stolskudde-sittunderlagg-sittkudde-bankkudde-for-tradgardsmobler-hollywood-svang-beigesvart-1.webp?fit=2000%2C2000&ssl=1","datePublished":"2025-06-05T19:39:53+00:00","dateModified":"2026-03-12T08:47:05+00:00","breadcrumb":{"@id":"https:\/\/truusk.store\/sv\/produkt\/truusk-bankkudde-180x110x8-cm-med-band-utomhus-inomhus-sittkudde-sittunderlagg-for-tradgardsmobler-hollywood-svang\/#breadcrumb"},"inLanguage":"sv-SE","potentialAction":[{"@type":"ReadAction","target":["https:\/\/truusk.store\/sv\/produkt\/truusk-bankkudde-180x110x8-cm-med-band-utomhus-inomhus-sittkudde-sittunderlagg-for-tradgardsmobler-hollywood-svang\/"]}]},{"@type":"ImageObject","inLanguage":"sv-SE","@id":"https:\/\/truusk.store\/sv\/produkt\/truusk-bankkudde-180x110x8-cm-med-band-utomhus-inomhus-sittkudde-sittunderlagg-for-tradgardsmobler-hollywood-svang\/#primaryimage","url":"https:\/\/i0.wp.com\/truusk.store\/wp-content\/uploads\/2025\/06\/3-sits-bankkudde-180x110x8-cm-med-band-sittkudde-utomhus-inomhus-stolskudde-sittunderlagg-sittkudde-bankkudde-for-tradgardsmobler-hollywood-svang-beigesvart-1.webp?fit=2000%2C2000&ssl=1","contentUrl":"https:\/\/i0.wp.com\/truusk.store\/wp-content\/uploads\/2025\/06\/3-sits-bankkudde-180x110x8-cm-med-band-sittkudde-utomhus-inomhus-stolskudde-sittunderlagg-sittkudde-bankkudde-for-tradgardsmobler-hollywood-svang-beigesvart-1.webp?fit=2000%2C2000&ssl=1","width":2000,"height":2000},{"@type":"BreadcrumbList","@id":"https:\/\/truusk.store\/sv\/produkt\/truusk-bankkudde-180x110x8-cm-med-band-utomhus-inomhus-sittkudde-sittunderlagg-for-tradgardsmobler-hollywood-svang\/#breadcrumb","itemListElement":[{"@type":"ListItem","position":1,"name":"Home","item":"https:\/\/truusk.store\/sv\/"},{"@type":"ListItem","position":2,"name":"Shop","item":"https:\/\/truusk.store\/shop\/"},{"@type":"ListItem","position":3,"name":"TRUUSK B\u00e4nkkudde 180x110x8 cm &#8211; Med Band &#8211; Utomhus\/Inomhus &#8211; Sittkudde &#8211; Sittunderl\u00e4gg &#8211; F\u00f6r Tr\u00e4dg\u00e5rdsm\u00f6bler &#8211; Hollywood-sv\u00e4ng &#8211;"}]},{"@type":"WebSite","@id":"https:\/\/truusk.store\/sv\/#website","url":"https:\/\/truusk.store\/sv\/","name":"TRUUSK - Hem, Tr\u00e4dg\u00e5rd & Fritid","description":"","publisher":{"@id":"https:\/\/truusk.store\/sv\/#organization"},"potentialAction":[{"@type":"SearchAction","target":{"@type":"EntryPoint","urlTemplate":"https:\/\/truusk.store\/sv\/?s={search_term_string}"},"query-input":{"@type":"PropertyValueSpecification","valueRequired":true,"valueName":"search_term_string"}}],"inLanguage":"sv-SE"},{"@type":"Organization","@id":"https:\/\/truusk.store\/sv\/#organization","name":"TRUUSK - Hem, Tr\u00e4dg\u00e5rd & Fritid","url":"https:\/\/truusk.store\/sv\/","logo":{"@type":"ImageObject","inLanguage":"sv-SE","@id":"https:\/\/truusk.store\/sv\/#\/schema\/logo\/image\/","url":"https:\/\/i0.wp.com\/truusk.store\/wp-content\/uploads\/2026\/03\/cropped-TRUUSK.png?fit=2032%2C917&ssl=1","contentUrl":"https:\/\/i0.wp.com\/truusk.store\/wp-content\/uploads\/2026\/03\/cropped-TRUUSK.png?fit=2032%2C917&ssl=1","width":2032,"height":917,"caption":"TRUUSK - Hem, Tr\u00e4dg\u00e5rd & Fritid"},"image":{"@id":"https:\/\/truusk.store\/sv\/#\/schema\/logo\/image\/"}}]}},"jetpack_sharing_enabled":true,"_links":{"self":[{"href":"https:\/\/truusk.store\/sv\/wp-json\/wp\/v2\/product\/71157","targetHints":{"allow":["GET"]}}],"collection":[{"href":"https:\/\/truusk.store\/sv\/wp-json\/wp\/v2\/product"}],"about":[{"href":"https:\/\/truusk.store\/sv\/wp-json\/wp\/v2\/types\/product"}],"wp:featuredmedia":[{"embeddable":true,"href":"https:\/\/truusk.store\/sv\/wp-json\/wp\/v2\/media\/71148"}],"wp:attachment":[{"href":"https:\/\/truusk.store\/sv\/wp-json\/wp\/v2\/media?parent=71157"}],"wp:term":[{"taxonomy":"product_brand","embeddable":true,"href":"https:\/\/truusk.store\/sv\/wp-json\/wp\/v2\/product_brand?post=71157"},{"taxonomy":"product_cat","embeddable":true,"href":"https:\/\/truusk.store\/sv\/wp-json\/wp\/v2\/product_cat?post=71157"},{"taxonomy":"product_tag","embeddable":true,"href":"https:\/\/truusk.store\/sv\/wp-json\/wp\/v2\/product_tag?post=71157"}],"curies":[{"name":"wp","href":"https:\/\/api.w.org\/{rel}","templated":true}]}}