{"id":7117,"date":"2024-02-13T08:43:46","date_gmt":"2024-02-13T07:43:46","guid":{"rendered":"https:\/\/truusk.store\/product\/mobil-verktygsvagn-verkstadsvagn-vagn-verktygslada-rod\/"},"modified":"2026-03-12T08:55:26","modified_gmt":"2026-03-12T07:55:26","slug":"truusk-mobil-verktygsvagn-rod-praktisk-verkstadsvagn-forvaringslada-hjul-latt-att-flytta-stalkonstruktion-svenska","status":"publish","type":"product","link":"https:\/\/truusk.store\/sv\/produkt\/truusk-mobil-verktygsvagn-rod-praktisk-verkstadsvagn-forvaringslada-hjul-latt-att-flytta-stalkonstruktion-svenska\/","title":{"rendered":"TRUUSK Mobil Verktygsvagn &#8211; R\u00f6d &#8211; Praktisk Verkstadsvagn &#8211; F\u00f6rvaringsl\u00e5da &#8211; Hjul &#8211; L\u00e4tt att Flytta &#8211; St\u00e5lkonstruktion &#8211; Svenska"},"content":{"rendered":"<p>Den idealiska hj\u00e4lparen f\u00f6r g\u00f6r-det-sj\u00e4lv-entusiaster och professionella anv\u00e4ndare. Den mobila verktygsvagnen av st\u00e5lpl\u00e5t erbjuder gott om f\u00f6rvaringsutrymme f\u00f6r dina verktyg. Tack vare de 4 kraftiga sv\u00e4ngbara hjulen &#8211; varav 2 har parkeringsbroms &#8211; kan den flyttas bekv\u00e4mt och s\u00e4kert. Du kan f\u00f6rvara dina verktyg s\u00e4kert och inom r\u00e4ckh\u00e5ll i de 16 l\u00e5dorna.<\/p>\n<h3>Beskrivning:<\/h3>\n<ul>\n<li>16 l\u00e5dor med glidskenor: verktyg finns alltid till hands och sorterade<\/li>\n<li>L\u00e5dorna och hela verktygsvagnen \u00e4r l\u00e5sbara<\/li>\n<li>Inkluderar l\u00e5s och 2 nycklar till varje l\u00e5da<\/li>\n<li>Med runt handtag<\/li>\n<li>4 stabila hjul: 2 styva hjul, 2 styrbara och l\u00e5sbara hjul<\/li>\n<\/ul>\n<h3>Teknisk data:<\/h3>\n<ul>\n<li>r\u00f6d f\u00e4rg<\/li>\n<li>Material: st\u00e5l<\/li>\n<li>Totala m\u00e5tt: 61,5 x 33 x 113 cm<\/li>\n<li>Topp 60 x 25,5 x 38,5 cm<\/li>\n<li>Botten 61,5 x 33 x 76 cm (L x B x H)<\/li>\n<li>\u00d6vre l\u00e5da: 6 st utan l\u00e5dor (15 x 22,5 x 4 cm) + 2 mellersta l\u00e5dor (51 x 22,5 x 4 cm) + 1 stor l\u00e5da (51 x 22,5 x 8,5 cm)<\/li>\n<li>Nedre l\u00e5da: 2 medelstora l\u00e5dor (51 x 27,5 x 4,5 cm) + 5 stora l\u00e5dor (51 x 27,5 x 8,5 cm)<\/li>\n<li>Nettovikt: 38kg<\/li>\n<li>Handtagsh\u00f6jd: 70 cm<\/li>\n<li>Lastkapacitet: liten l\u00e5da 10 kg, medium l\u00e5da 20 kg, stor l\u00e5da 20 kg<\/li>\n<\/ul>\n<h3>Leveransens omfattning:<\/h3>\n<ul>\n<li>1 x \u00d6vre Box<\/li>\n<li>1 x Nedre l\u00e5da<\/li>\n<li>4 x nycklar (tv\u00e5 nycklar f\u00f6r ett l\u00e5s)<\/li>\n<\/ul>\n","protected":false},"excerpt":{"rendered":"<p>Den idealiska hj\u00e4lparen f\u00f6r g\u00f6r-det-sj\u00e4lv-entusiaster och professionella anv\u00e4ndare. Den mobila verktygsvagnen av st\u00e5lpl\u00e5t erbjuder gott om f\u00f6rvaringsutrymme f\u00f6r dina verktyg&#8230;.<\/p>\n","protected":false},"featured_media":7118,"template":"","meta":[],"product_brand":[],"product_cat":[688,671,692],"product_tag":[],"class_list":{"0":"post-7117","1":"product","2":"type-product","3":"status-publish","4":"has-post-thumbnail","6":"product_cat-diy","7":"product_cat-jarnaffar","8":"product_cat-ordersystem","10":"first","11":"instock","12":"sale","13":"taxable","14":"shipping-taxable","15":"purchasable","16":"product-type-simple"},"yoast_head":"<!-- This site is optimized with the Yoast SEO plugin v25.4 - https:\/\/yoast.com\/wordpress\/plugins\/seo\/ -->\n<title>TRUUSK Mobil Verktygsvagn - R\u00f6d - Praktisk Verkstadsvagn - F\u00f6rvaringsl\u00e5da - Hjul - L\u00e4tt att Flytta - St\u00e5lkonstruktion - Svenska - TRUUSK - Hem, Tr\u00e4dg\u00e5rd &amp; Fritid<\/title>\n<meta name=\"robots\" content=\"index, follow, max-snippet:-1, max-image-preview:large, max-video-preview:-1\" \/>\n<link rel=\"canonical\" href=\"https:\/\/truusk.store\/sv\/produkt\/truusk-mobil-verktygsvagn-rod-praktisk-verkstadsvagn-forvaringslada-hjul-latt-att-flytta-stalkonstruktion-svenska\/\" \/>\n<meta property=\"og:locale\" content=\"sv_SE\" \/>\n<meta property=\"og:type\" content=\"article\" \/>\n<meta property=\"og:title\" content=\"TRUUSK Mobil Verktygsvagn - R\u00f6d - Praktisk Verkstadsvagn - F\u00f6rvaringsl\u00e5da - Hjul - L\u00e4tt att Flytta - St\u00e5lkonstruktion - Svenska - TRUUSK - Hem, Tr\u00e4dg\u00e5rd &amp; Fritid\" \/>\n<meta property=\"og:description\" content=\"Den idealiska hj\u00e4lparen f\u00f6r g\u00f6r-det-sj\u00e4lv-entusiaster och professionella anv\u00e4ndare. Den mobila verktygsvagnen av st\u00e5lpl\u00e5t erbjuder gott om f\u00f6rvaringsutrymme f\u00f6r dina verktyg....\" \/>\n<meta property=\"og:url\" content=\"https:\/\/truusk.store\/sv\/produkt\/truusk-mobil-verktygsvagn-rod-praktisk-verkstadsvagn-forvaringslada-hjul-latt-att-flytta-stalkonstruktion-svenska\/\" \/>\n<meta property=\"og:site_name\" content=\"TRUUSK - Hem, Tr\u00e4dg\u00e5rd &amp; Fritid\" \/>\n<meta property=\"article:modified_time\" content=\"2026-03-12T07:55:26+00:00\" \/>\n<meta property=\"og:image\" content=\"https:\/\/i0.wp.com\/truusk.se\/wp-content\/uploads\/2024\/02\/mobil-verktygsvagn-verkstadsvagn-vagn-verktygslada-rod.webp?fit=800%2C800&ssl=1\" \/>\n\t<meta property=\"og:image:width\" content=\"800\" \/>\n\t<meta property=\"og:image:height\" content=\"800\" \/>\n\t<meta property=\"og:image:type\" content=\"image\/webp\" \/>\n<meta name=\"twitter:card\" content=\"summary_large_image\" \/>\n<meta name=\"twitter:label1\" content=\"Ber\u00e4knad l\u00e4stid\" \/>\n\t<meta name=\"twitter:data1\" content=\"1 minut\" \/>\n<!-- \/ Yoast SEO plugin. -->","yoast_head_json":{"title":"TRUUSK Mobil Verktygsvagn - R\u00f6d - Praktisk Verkstadsvagn - F\u00f6rvaringsl\u00e5da - Hjul - L\u00e4tt att Flytta - St\u00e5lkonstruktion - Svenska - TRUUSK - Hem, Tr\u00e4dg\u00e5rd &amp; Fritid","robots":{"index":"index","follow":"follow","max-snippet":"max-snippet:-1","max-image-preview":"max-image-preview:large","max-video-preview":"max-video-preview:-1"},"canonical":"https:\/\/truusk.store\/sv\/produkt\/truusk-mobil-verktygsvagn-rod-praktisk-verkstadsvagn-forvaringslada-hjul-latt-att-flytta-stalkonstruktion-svenska\/","og_locale":"sv_SE","og_type":"article","og_title":"TRUUSK Mobil Verktygsvagn - R\u00f6d - Praktisk Verkstadsvagn - F\u00f6rvaringsl\u00e5da - Hjul - L\u00e4tt att Flytta - St\u00e5lkonstruktion - Svenska - TRUUSK - Hem, Tr\u00e4dg\u00e5rd &amp; Fritid","og_description":"Den idealiska hj\u00e4lparen f\u00f6r g\u00f6r-det-sj\u00e4lv-entusiaster och professionella anv\u00e4ndare. Den mobila verktygsvagnen av st\u00e5lpl\u00e5t erbjuder gott om f\u00f6rvaringsutrymme f\u00f6r dina verktyg....","og_url":"https:\/\/truusk.store\/sv\/produkt\/truusk-mobil-verktygsvagn-rod-praktisk-verkstadsvagn-forvaringslada-hjul-latt-att-flytta-stalkonstruktion-svenska\/","og_site_name":"TRUUSK - Hem, Tr\u00e4dg\u00e5rd &amp; Fritid","article_modified_time":"2026-03-12T07:55:26+00:00","og_image":[{"width":800,"height":800,"url":"https:\/\/i0.wp.com\/truusk.se\/wp-content\/uploads\/2024\/02\/mobil-verktygsvagn-verkstadsvagn-vagn-verktygslada-rod.webp?fit=800%2C800&ssl=1","type":"image\/webp"}],"twitter_card":"summary_large_image","twitter_misc":{"Ber\u00e4knad l\u00e4stid":"1 minut"},"schema":{"@context":"https:\/\/schema.org","@graph":[{"@type":"WebPage","@id":"https:\/\/truusk.store\/sv\/produkt\/truusk-mobil-verktygsvagn-rod-praktisk-verkstadsvagn-forvaringslada-hjul-latt-att-flytta-stalkonstruktion-svenska\/","url":"https:\/\/truusk.store\/sv\/produkt\/truusk-mobil-verktygsvagn-rod-praktisk-verkstadsvagn-forvaringslada-hjul-latt-att-flytta-stalkonstruktion-svenska\/","name":"TRUUSK Mobil Verktygsvagn - R\u00f6d - Praktisk Verkstadsvagn - F\u00f6rvaringsl\u00e5da - Hjul - L\u00e4tt att Flytta - St\u00e5lkonstruktion - Svenska - TRUUSK - Hem, Tr\u00e4dg\u00e5rd &amp; Fritid","isPartOf":{"@id":"https:\/\/truusk.store\/sv\/#website"},"primaryImageOfPage":{"@id":"https:\/\/truusk.store\/sv\/produkt\/truusk-mobil-verktygsvagn-rod-praktisk-verkstadsvagn-forvaringslada-hjul-latt-att-flytta-stalkonstruktion-svenska\/#primaryimage"},"image":{"@id":"https:\/\/truusk.store\/sv\/produkt\/truusk-mobil-verktygsvagn-rod-praktisk-verkstadsvagn-forvaringslada-hjul-latt-att-flytta-stalkonstruktion-svenska\/#primaryimage"},"thumbnailUrl":"https:\/\/i0.wp.com\/truusk.store\/wp-content\/uploads\/2024\/02\/mobil-verktygsvagn-verkstadsvagn-vagn-verktygslada-rod.webp?fit=800%2C800&ssl=1","datePublished":"2024-02-13T07:43:46+00:00","dateModified":"2026-03-12T07:55:26+00:00","breadcrumb":{"@id":"https:\/\/truusk.store\/sv\/produkt\/truusk-mobil-verktygsvagn-rod-praktisk-verkstadsvagn-forvaringslada-hjul-latt-att-flytta-stalkonstruktion-svenska\/#breadcrumb"},"inLanguage":"sv-SE","potentialAction":[{"@type":"ReadAction","target":["https:\/\/truusk.store\/sv\/produkt\/truusk-mobil-verktygsvagn-rod-praktisk-verkstadsvagn-forvaringslada-hjul-latt-att-flytta-stalkonstruktion-svenska\/"]}]},{"@type":"ImageObject","inLanguage":"sv-SE","@id":"https:\/\/truusk.store\/sv\/produkt\/truusk-mobil-verktygsvagn-rod-praktisk-verkstadsvagn-forvaringslada-hjul-latt-att-flytta-stalkonstruktion-svenska\/#primaryimage","url":"https:\/\/i0.wp.com\/truusk.store\/wp-content\/uploads\/2024\/02\/mobil-verktygsvagn-verkstadsvagn-vagn-verktygslada-rod.webp?fit=800%2C800&ssl=1","contentUrl":"https:\/\/i0.wp.com\/truusk.store\/wp-content\/uploads\/2024\/02\/mobil-verktygsvagn-verkstadsvagn-vagn-verktygslada-rod.webp?fit=800%2C800&ssl=1","width":800,"height":800,"caption":"Mobil Verktygsvagn, Verkstadsvagn, Vagn, Verktygsl\u00e5da (r\u00f6d). 1"},{"@type":"BreadcrumbList","@id":"https:\/\/truusk.store\/sv\/produkt\/truusk-mobil-verktygsvagn-rod-praktisk-verkstadsvagn-forvaringslada-hjul-latt-att-flytta-stalkonstruktion-svenska\/#breadcrumb","itemListElement":[{"@type":"ListItem","position":1,"name":"Home","item":"https:\/\/truusk.store\/sv\/"},{"@type":"ListItem","position":2,"name":"Shop","item":"https:\/\/truusk.store\/shop\/"},{"@type":"ListItem","position":3,"name":"TRUUSK Mobil Verktygsvagn &#8211; R\u00f6d &#8211; Praktisk Verkstadsvagn &#8211; F\u00f6rvaringsl\u00e5da &#8211; Hjul &#8211; L\u00e4tt att Flytta &#8211; St\u00e5lkonstruktion &#8211; Svenska"}]},{"@type":"WebSite","@id":"https:\/\/truusk.store\/sv\/#website","url":"https:\/\/truusk.store\/sv\/","name":"TRUUSK - Hem, Tr\u00e4dg\u00e5rd & Fritid","description":"","publisher":{"@id":"https:\/\/truusk.store\/sv\/#organization"},"potentialAction":[{"@type":"SearchAction","target":{"@type":"EntryPoint","urlTemplate":"https:\/\/truusk.store\/sv\/?s={search_term_string}"},"query-input":{"@type":"PropertyValueSpecification","valueRequired":true,"valueName":"search_term_string"}}],"inLanguage":"sv-SE"},{"@type":"Organization","@id":"https:\/\/truusk.store\/sv\/#organization","name":"TRUUSK - Hem, Tr\u00e4dg\u00e5rd & Fritid","url":"https:\/\/truusk.store\/sv\/","logo":{"@type":"ImageObject","inLanguage":"sv-SE","@id":"https:\/\/truusk.store\/sv\/#\/schema\/logo\/image\/","url":"https:\/\/i0.wp.com\/truusk.store\/wp-content\/uploads\/2026\/03\/cropped-TRUUSK.png?fit=2032%2C917&ssl=1","contentUrl":"https:\/\/i0.wp.com\/truusk.store\/wp-content\/uploads\/2026\/03\/cropped-TRUUSK.png?fit=2032%2C917&ssl=1","width":2032,"height":917,"caption":"TRUUSK - Hem, Tr\u00e4dg\u00e5rd & Fritid"},"image":{"@id":"https:\/\/truusk.store\/sv\/#\/schema\/logo\/image\/"}}]}},"jetpack_sharing_enabled":true,"_links":{"self":[{"href":"https:\/\/truusk.store\/sv\/wp-json\/wp\/v2\/product\/7117","targetHints":{"allow":["GET"]}}],"collection":[{"href":"https:\/\/truusk.store\/sv\/wp-json\/wp\/v2\/product"}],"about":[{"href":"https:\/\/truusk.store\/sv\/wp-json\/wp\/v2\/types\/product"}],"wp:featuredmedia":[{"embeddable":true,"href":"https:\/\/truusk.store\/sv\/wp-json\/wp\/v2\/media\/7118"}],"wp:attachment":[{"href":"https:\/\/truusk.store\/sv\/wp-json\/wp\/v2\/media?parent=7117"}],"wp:term":[{"taxonomy":"product_brand","embeddable":true,"href":"https:\/\/truusk.store\/sv\/wp-json\/wp\/v2\/product_brand?post=7117"},{"taxonomy":"product_cat","embeddable":true,"href":"https:\/\/truusk.store\/sv\/wp-json\/wp\/v2\/product_cat?post=7117"},{"taxonomy":"product_tag","embeddable":true,"href":"https:\/\/truusk.store\/sv\/wp-json\/wp\/v2\/product_tag?post=7117"}],"curies":[{"name":"wp","href":"https:\/\/api.w.org\/{rel}","templated":true}]}}