{"id":71197,"date":"2025-06-05T20:43:51","date_gmt":"2025-06-05T19:43:51","guid":{"rendered":"https:\/\/truusk.store\/product\/fatolj-vardagsrum-loungestol-vadderad-avkopplingsstol-med-sidoficka-stalben-polstret-stol-med-sammetlook-enkelstol-for-sovrum-bla\/"},"modified":"2026-03-12T09:44:29","modified_gmt":"2026-03-12T08:44:29","slug":"truusk-loungestol-med-sidoficka-vadderad-stol-med-sammetlook-stalben-bla-for-vardagsrum-och-sovrum","status":"publish","type":"product","link":"https:\/\/truusk.store\/sv\/produkt\/truusk-loungestol-med-sidoficka-vadderad-stol-med-sammetlook-stalben-bla-for-vardagsrum-och-sovrum\/","title":{"rendered":"TRUUSK Loungestol Med Sidoficka &#8211; Vadderad Stol Med Sammetlook &#8211; St\u00e5lben &#8211; Bl\u00e5 &#8211; F\u00f6r Vardagsrum och Sovrum"},"content":{"rendered":"<p>Optimera din atmosf\u00e4r med TRUUSK f\u00e5t\u00f6ljen, som kombinerar elegans och komfort! Den breda ryggst\u00f6det och de sv\u00e4ngda armst\u00f6den p\u00e5 den stoppade stolen ger f\u00f6rstklassig komfort, medan de eleganta st\u00e5lbenen ger varje rum en modern touch. Anv\u00e4nd de praktiska sidofickorna och njut av den lyxiga k\u00e4nslan av den sammetsliknande kl\u00e4dseln och fyllningen av plastbomull. Perfekt f\u00f6r sovrum, vardagsrum eller balkong.<\/p>\n<p>Beskrivning:<\/p>\n<ul>\n<li> Bred ryggst\u00f6d, sv\u00e4ngda armst\u00f6d och tuftad design optimerar den moderna bostads estetik<\/li>\n<li> Sidofickorna p\u00e5 den stoppade stolen ger enkel tillg\u00e5ng till de viktigaste objekten<\/li>\n<li> Den mjuka tyget p\u00e5 relaxstolen i sammet, fylld med plastbomull, ger lyxig komfort<\/li>\n<li> Robust st\u00e5lram och ben p\u00e5 l\u00e4sstolen garanterar l\u00e5ngvarig anv\u00e4ndning<\/li>\n<li> Fotdynor f\u00f6rhindrar skador p\u00e5 golvet<\/li>\n<li> M\u00e5ngsidig design passar till olika inredningar<\/li>\n<li> Montering kr\u00e4vs<\/li>\n<\/ul>\n<p> Tekniska data:<\/p>\n<ul>\n<li> F\u00e4rg: Bl\u00e5<\/li>\n<li> Material: Sammet imitation (100% polyester), PP-skum, st\u00e5l<\/li>\n<li> Totala dimensioner: 80B x 78T x 100H cm<\/li>\n<li> Sitsstorlek: 45B x 40T x 52H cm<\/li>\n<li> Sitt tjocklek: 5 cm<\/li>\n<li> Ryggstorlek: 45B x 57H cm<\/li>\n<li> Rygg tjocklek: 5 cm<\/li>\n<li> Armst\u00f6d storlek: 5B x 35L cm<\/li>\n<li> Armst\u00f6d h\u00f6jd till sits: 22 cm<\/li>\n<li> Fickstorlek: 15B x 20H cm<\/li>\n<li> B\u00e4rkapacitet: 120 kg<\/li>\n<\/ul>\n<p>Leveransinneh\u00e5ll:<\/p>\n<ul>\n<li> 1 x F\u00e5t\u00f6lj<\/li>\n<li> 1 x Handbok<\/li>\n<\/ul>\n","protected":false},"excerpt":{"rendered":"<p>Optimera din atmosf\u00e4r med TRUUSK f\u00e5t\u00f6ljen, som kombinerar elegans och komfort! Den breda ryggst\u00f6det och de sv\u00e4ngda armst\u00f6den p\u00e5 den&#8230;<\/p>\n","protected":false},"featured_media":71188,"template":"","meta":[],"product_brand":[],"product_cat":[871,519,910],"product_tag":[],"class_list":{"0":"post-71197","1":"product","2":"type-product","3":"status-publish","4":"has-post-thumbnail","6":"product_cat-hus-hem","7":"product_cat-stoppade-stolar","8":"product_cat-vardagsrum","10":"first","11":"instock","12":"sale","13":"taxable","14":"shipping-taxable","15":"purchasable","16":"product-type-simple"},"yoast_head":"<!-- This site is optimized with the Yoast SEO plugin v25.4 - https:\/\/yoast.com\/wordpress\/plugins\/seo\/ -->\n<title>TRUUSK Loungestol Med Sidoficka - Vadderad Stol Med Sammetlook - St\u00e5lben - Bl\u00e5 - F\u00f6r Vardagsrum och Sovrum - TRUUSK - Hem, Tr\u00e4dg\u00e5rd &amp; Fritid<\/title>\n<meta name=\"robots\" content=\"index, follow, max-snippet:-1, max-image-preview:large, max-video-preview:-1\" \/>\n<link rel=\"canonical\" href=\"https:\/\/truusk.store\/sv\/produkt\/truusk-loungestol-med-sidoficka-vadderad-stol-med-sammetlook-stalben-bla-for-vardagsrum-och-sovrum\/\" \/>\n<meta property=\"og:locale\" content=\"sv_SE\" \/>\n<meta property=\"og:type\" content=\"article\" \/>\n<meta property=\"og:title\" content=\"TRUUSK Loungestol Med Sidoficka - Vadderad Stol Med Sammetlook - St\u00e5lben - Bl\u00e5 - F\u00f6r Vardagsrum och Sovrum - TRUUSK - Hem, Tr\u00e4dg\u00e5rd &amp; Fritid\" \/>\n<meta property=\"og:description\" content=\"Optimera din atmosf\u00e4r med TRUUSK f\u00e5t\u00f6ljen, som kombinerar elegans och komfort! Den breda ryggst\u00f6det och de sv\u00e4ngda armst\u00f6den p\u00e5 den...\" \/>\n<meta property=\"og:url\" content=\"https:\/\/truusk.store\/sv\/produkt\/truusk-loungestol-med-sidoficka-vadderad-stol-med-sammetlook-stalben-bla-for-vardagsrum-och-sovrum\/\" \/>\n<meta property=\"og:site_name\" content=\"TRUUSK - Hem, Tr\u00e4dg\u00e5rd &amp; Fritid\" \/>\n<meta property=\"article:modified_time\" content=\"2026-03-12T08:44:29+00:00\" \/>\n<meta property=\"og:image\" content=\"https:\/\/i0.wp.com\/truusk.se\/wp-content\/uploads\/2025\/06\/fatolj-vardagsrum-loungestol-vadderad-avkopplingsstol-med-sidoficka-stalben-polstret-stol-med-sammetlook-enkelstol-for-sovrum-bla-1.webp?fit=2000%2C2000&ssl=1\" \/>\n\t<meta property=\"og:image:width\" content=\"2000\" \/>\n\t<meta property=\"og:image:height\" content=\"2000\" \/>\n\t<meta property=\"og:image:type\" content=\"image\/webp\" \/>\n<meta name=\"twitter:card\" content=\"summary_large_image\" \/>\n<meta name=\"twitter:label1\" content=\"Ber\u00e4knad l\u00e4stid\" \/>\n\t<meta name=\"twitter:data1\" content=\"1 minut\" \/>\n<!-- \/ Yoast SEO plugin. -->","yoast_head_json":{"title":"TRUUSK Loungestol Med Sidoficka - Vadderad Stol Med Sammetlook - St\u00e5lben - Bl\u00e5 - F\u00f6r Vardagsrum och Sovrum - TRUUSK - Hem, Tr\u00e4dg\u00e5rd &amp; Fritid","robots":{"index":"index","follow":"follow","max-snippet":"max-snippet:-1","max-image-preview":"max-image-preview:large","max-video-preview":"max-video-preview:-1"},"canonical":"https:\/\/truusk.store\/sv\/produkt\/truusk-loungestol-med-sidoficka-vadderad-stol-med-sammetlook-stalben-bla-for-vardagsrum-och-sovrum\/","og_locale":"sv_SE","og_type":"article","og_title":"TRUUSK Loungestol Med Sidoficka - Vadderad Stol Med Sammetlook - St\u00e5lben - Bl\u00e5 - F\u00f6r Vardagsrum och Sovrum - TRUUSK - Hem, Tr\u00e4dg\u00e5rd &amp; Fritid","og_description":"Optimera din atmosf\u00e4r med TRUUSK f\u00e5t\u00f6ljen, som kombinerar elegans och komfort! Den breda ryggst\u00f6det och de sv\u00e4ngda armst\u00f6den p\u00e5 den...","og_url":"https:\/\/truusk.store\/sv\/produkt\/truusk-loungestol-med-sidoficka-vadderad-stol-med-sammetlook-stalben-bla-for-vardagsrum-och-sovrum\/","og_site_name":"TRUUSK - Hem, Tr\u00e4dg\u00e5rd &amp; Fritid","article_modified_time":"2026-03-12T08:44:29+00:00","og_image":[{"width":2000,"height":2000,"url":"https:\/\/i0.wp.com\/truusk.se\/wp-content\/uploads\/2025\/06\/fatolj-vardagsrum-loungestol-vadderad-avkopplingsstol-med-sidoficka-stalben-polstret-stol-med-sammetlook-enkelstol-for-sovrum-bla-1.webp?fit=2000%2C2000&ssl=1","type":"image\/webp"}],"twitter_card":"summary_large_image","twitter_misc":{"Ber\u00e4knad l\u00e4stid":"1 minut"},"schema":{"@context":"https:\/\/schema.org","@graph":[{"@type":"WebPage","@id":"https:\/\/truusk.store\/sv\/produkt\/truusk-loungestol-med-sidoficka-vadderad-stol-med-sammetlook-stalben-bla-for-vardagsrum-och-sovrum\/","url":"https:\/\/truusk.store\/sv\/produkt\/truusk-loungestol-med-sidoficka-vadderad-stol-med-sammetlook-stalben-bla-for-vardagsrum-och-sovrum\/","name":"TRUUSK Loungestol Med Sidoficka - Vadderad Stol Med Sammetlook - St\u00e5lben - Bl\u00e5 - F\u00f6r Vardagsrum och Sovrum - TRUUSK - Hem, Tr\u00e4dg\u00e5rd &amp; Fritid","isPartOf":{"@id":"https:\/\/truusk.store\/sv\/#website"},"primaryImageOfPage":{"@id":"https:\/\/truusk.store\/sv\/produkt\/truusk-loungestol-med-sidoficka-vadderad-stol-med-sammetlook-stalben-bla-for-vardagsrum-och-sovrum\/#primaryimage"},"image":{"@id":"https:\/\/truusk.store\/sv\/produkt\/truusk-loungestol-med-sidoficka-vadderad-stol-med-sammetlook-stalben-bla-for-vardagsrum-och-sovrum\/#primaryimage"},"thumbnailUrl":"https:\/\/i0.wp.com\/truusk.store\/wp-content\/uploads\/2025\/06\/fatolj-vardagsrum-loungestol-vadderad-avkopplingsstol-med-sidoficka-stalben-polstret-stol-med-sammetlook-enkelstol-for-sovrum-bla-1.webp?fit=2000%2C2000&ssl=1","datePublished":"2025-06-05T19:43:51+00:00","dateModified":"2026-03-12T08:44:29+00:00","breadcrumb":{"@id":"https:\/\/truusk.store\/sv\/produkt\/truusk-loungestol-med-sidoficka-vadderad-stol-med-sammetlook-stalben-bla-for-vardagsrum-och-sovrum\/#breadcrumb"},"inLanguage":"sv-SE","potentialAction":[{"@type":"ReadAction","target":["https:\/\/truusk.store\/sv\/produkt\/truusk-loungestol-med-sidoficka-vadderad-stol-med-sammetlook-stalben-bla-for-vardagsrum-och-sovrum\/"]}]},{"@type":"ImageObject","inLanguage":"sv-SE","@id":"https:\/\/truusk.store\/sv\/produkt\/truusk-loungestol-med-sidoficka-vadderad-stol-med-sammetlook-stalben-bla-for-vardagsrum-och-sovrum\/#primaryimage","url":"https:\/\/i0.wp.com\/truusk.store\/wp-content\/uploads\/2025\/06\/fatolj-vardagsrum-loungestol-vadderad-avkopplingsstol-med-sidoficka-stalben-polstret-stol-med-sammetlook-enkelstol-for-sovrum-bla-1.webp?fit=2000%2C2000&ssl=1","contentUrl":"https:\/\/i0.wp.com\/truusk.store\/wp-content\/uploads\/2025\/06\/fatolj-vardagsrum-loungestol-vadderad-avkopplingsstol-med-sidoficka-stalben-polstret-stol-med-sammetlook-enkelstol-for-sovrum-bla-1.webp?fit=2000%2C2000&ssl=1","width":2000,"height":2000},{"@type":"BreadcrumbList","@id":"https:\/\/truusk.store\/sv\/produkt\/truusk-loungestol-med-sidoficka-vadderad-stol-med-sammetlook-stalben-bla-for-vardagsrum-och-sovrum\/#breadcrumb","itemListElement":[{"@type":"ListItem","position":1,"name":"Home","item":"https:\/\/truusk.store\/sv\/"},{"@type":"ListItem","position":2,"name":"Shop","item":"https:\/\/truusk.store\/shop\/"},{"@type":"ListItem","position":3,"name":"TRUUSK Loungestol Med Sidoficka &#8211; Vadderad Stol Med Sammetlook &#8211; St\u00e5lben &#8211; Bl\u00e5 &#8211; F\u00f6r Vardagsrum och Sovrum"}]},{"@type":"WebSite","@id":"https:\/\/truusk.store\/sv\/#website","url":"https:\/\/truusk.store\/sv\/","name":"TRUUSK - Hem, Tr\u00e4dg\u00e5rd & Fritid","description":"","publisher":{"@id":"https:\/\/truusk.store\/sv\/#organization"},"potentialAction":[{"@type":"SearchAction","target":{"@type":"EntryPoint","urlTemplate":"https:\/\/truusk.store\/sv\/?s={search_term_string}"},"query-input":{"@type":"PropertyValueSpecification","valueRequired":true,"valueName":"search_term_string"}}],"inLanguage":"sv-SE"},{"@type":"Organization","@id":"https:\/\/truusk.store\/sv\/#organization","name":"TRUUSK - Hem, Tr\u00e4dg\u00e5rd & Fritid","url":"https:\/\/truusk.store\/sv\/","logo":{"@type":"ImageObject","inLanguage":"sv-SE","@id":"https:\/\/truusk.store\/sv\/#\/schema\/logo\/image\/","url":"https:\/\/i0.wp.com\/truusk.store\/wp-content\/uploads\/2026\/03\/cropped-TRUUSK.png?fit=2032%2C917&ssl=1","contentUrl":"https:\/\/i0.wp.com\/truusk.store\/wp-content\/uploads\/2026\/03\/cropped-TRUUSK.png?fit=2032%2C917&ssl=1","width":2032,"height":917,"caption":"TRUUSK - Hem, Tr\u00e4dg\u00e5rd & Fritid"},"image":{"@id":"https:\/\/truusk.store\/sv\/#\/schema\/logo\/image\/"}}]}},"jetpack_sharing_enabled":true,"_links":{"self":[{"href":"https:\/\/truusk.store\/sv\/wp-json\/wp\/v2\/product\/71197","targetHints":{"allow":["GET"]}}],"collection":[{"href":"https:\/\/truusk.store\/sv\/wp-json\/wp\/v2\/product"}],"about":[{"href":"https:\/\/truusk.store\/sv\/wp-json\/wp\/v2\/types\/product"}],"wp:featuredmedia":[{"embeddable":true,"href":"https:\/\/truusk.store\/sv\/wp-json\/wp\/v2\/media\/71188"}],"wp:attachment":[{"href":"https:\/\/truusk.store\/sv\/wp-json\/wp\/v2\/media?parent=71197"}],"wp:term":[{"taxonomy":"product_brand","embeddable":true,"href":"https:\/\/truusk.store\/sv\/wp-json\/wp\/v2\/product_brand?post=71197"},{"taxonomy":"product_cat","embeddable":true,"href":"https:\/\/truusk.store\/sv\/wp-json\/wp\/v2\/product_cat?post=71197"},{"taxonomy":"product_tag","embeddable":true,"href":"https:\/\/truusk.store\/sv\/wp-json\/wp\/v2\/product_tag?post=71197"}],"curies":[{"name":"wp","href":"https:\/\/api.w.org\/{rel}","templated":true}]}}