{"id":71217,"date":"2025-06-05T20:45:48","date_gmt":"2025-06-05T19:45:48","guid":{"rendered":"https:\/\/truusk.store\/product\/stadkarra-rengoringsvagn-hink-25-liter-moppvagn-med-vrider-krok-for-mopp-hushallsvagn-med-4-hjul-bla\/"},"modified":"2026-03-12T09:03:16","modified_gmt":"2026-03-12T08:03:16","slug":"truusk-rengoringsvagn-med-25-liter-hink-moppvagn-med-vrider-krok-for-mopp-hushallsvagn-med-4-hjul-bla","status":"publish","type":"product","link":"https:\/\/truusk.store\/sv\/produkt\/truusk-rengoringsvagn-med-25-liter-hink-moppvagn-med-vrider-krok-for-mopp-hushallsvagn-med-4-hjul-bla\/","title":{"rendered":"TRUUSK Reng\u00f6ringsvagn med 25 liter hink &#8211; Moppvagn med vrider &#8211; Krok f\u00f6r mopp &#8211; Hush\u00e5llsvagn med 4 hjul &#8211; Bl\u00e5"},"content":{"rendered":"<p>TRUUSK st\u00e4dk\u00e4rra med juicepress \u00e4r perfekt f\u00f6r professionell golvreng\u00f6ring. Tillverkad av h\u00f6gkvalitativ plast, garanterar den h\u00e5llbarhet och robusthet. Med en 25L hink, en plasthylla och en f\u00f6rvaringskorg \u00e4r den l\u00e4tt att man\u00f6vrera och enkel att transportera tack vare de fyra hjulen och det ergonomiska handtaget.<\/p>\n<p>Beskrivning:<\/p>\n<ul>\n<li> Multifunktionell vagn, idealisk f\u00f6r snabb och effektiv reng\u00f6ring av golv<\/li>\n<li> Stor hink med en kapacitet p\u00e5 25L<\/li>\n<li> Bekv\u00e4mt handtag och 4 hjul f\u00f6r enkel transport<\/li>\n<li> St\u00e4dk\u00e4rran \u00e4r utrustad med en praktisk press<\/li>\n<li> Den professionella st\u00e4dk\u00e4rran inneh\u00e5ller en avtagbar korg f\u00f6r f\u00f6rvaring av f\u00f6rem\u00e5l och en plastl\u00e5da vid basen<\/li>\n<li> Avtagbara delar som \u00e4r l\u00e4tta att reng\u00f6ra<\/li>\n<li> St\u00e4dk\u00e4rra tillverkad av slitstark plast med robust metallram<\/li>\n<li> Enkel och snabb montering, instruktioner ing\u00e5r<\/li>\n<\/ul>\n<p> Tekniska data:<\/p>\n<ul>\n<li> F\u00e4rg: Bl\u00e5<\/li>\n<li> Material: Plast, Metall<\/li>\n<li> Totala dimensioner: 72L x 49,5B x 95H cm<\/li>\n<li> Hinkdimensioner: 37,5L x 35B x 31,5H cm<\/li>\n<li> Kapacitet: 25 L<\/li>\n<li> Dimensioner f\u00f6r press: 26,5L x 20,5B x 56,5H cm<\/li>\n<li> F\u00f6rvaringskorg: 42,6L x 18B x 22,2H cm<\/li>\n<li> Plasthylla: 37L x 18B x 14,7H cm<\/li>\n<li> Max. belastningskapacitet f\u00f6r korgen: 5 kg<\/li>\n<li> Max. total belastningskapacitet: 15 kg<\/li>\n<\/ul>\n<p>Leverans inneh\u00e5ller:<\/p>\n<ul>\n<li> 1 x St\u00e4dk\u00e4rra<\/li>\n<li> 1 x Bruksanvisning<\/li>\n<\/ul>\n","protected":false},"excerpt":{"rendered":"<p>TRUUSK st\u00e4dk\u00e4rra med juicepress \u00e4r perfekt f\u00f6r professionell golvreng\u00f6ring. Tillverkad av h\u00f6gkvalitativ plast, garanterar den h\u00e5llbarhet och robusthet. Med en&#8230;<\/p>\n","protected":false},"featured_media":71208,"template":"","meta":[],"product_brand":[],"product_cat":[867,869,687],"product_tag":[],"class_list":{"0":"post-71217","1":"product","2":"type-product","3":"status-publish","4":"has-post-thumbnail","6":"product_cat-byggmarknad","7":"product_cat-rengoring-ordning","8":"product_cat-stadutrustning","10":"first","11":"instock","12":"sale","13":"taxable","14":"shipping-taxable","15":"purchasable","16":"product-type-simple"},"yoast_head":"<!-- This site is optimized with the Yoast SEO plugin v25.4 - https:\/\/yoast.com\/wordpress\/plugins\/seo\/ -->\n<title>TRUUSK Reng\u00f6ringsvagn med 25 liter hink - Moppvagn med vrider - Krok f\u00f6r mopp - Hush\u00e5llsvagn med 4 hjul - Bl\u00e5 - TRUUSK - Hem, Tr\u00e4dg\u00e5rd &amp; Fritid<\/title>\n<meta name=\"robots\" content=\"index, follow, max-snippet:-1, max-image-preview:large, max-video-preview:-1\" \/>\n<link rel=\"canonical\" href=\"https:\/\/truusk.store\/sv\/produkt\/truusk-rengoringsvagn-med-25-liter-hink-moppvagn-med-vrider-krok-for-mopp-hushallsvagn-med-4-hjul-bla\/\" \/>\n<meta property=\"og:locale\" content=\"sv_SE\" \/>\n<meta property=\"og:type\" content=\"article\" \/>\n<meta property=\"og:title\" content=\"TRUUSK Reng\u00f6ringsvagn med 25 liter hink - Moppvagn med vrider - Krok f\u00f6r mopp - Hush\u00e5llsvagn med 4 hjul - Bl\u00e5 - TRUUSK - Hem, Tr\u00e4dg\u00e5rd &amp; Fritid\" \/>\n<meta property=\"og:description\" content=\"TRUUSK st\u00e4dk\u00e4rra med juicepress \u00e4r perfekt f\u00f6r professionell golvreng\u00f6ring. Tillverkad av h\u00f6gkvalitativ plast, garanterar den h\u00e5llbarhet och robusthet. Med en...\" \/>\n<meta property=\"og:url\" content=\"https:\/\/truusk.store\/sv\/produkt\/truusk-rengoringsvagn-med-25-liter-hink-moppvagn-med-vrider-krok-for-mopp-hushallsvagn-med-4-hjul-bla\/\" \/>\n<meta property=\"og:site_name\" content=\"TRUUSK - Hem, Tr\u00e4dg\u00e5rd &amp; Fritid\" \/>\n<meta property=\"article:modified_time\" content=\"2026-03-12T08:03:16+00:00\" \/>\n<meta property=\"og:image\" content=\"https:\/\/i0.wp.com\/truusk.se\/wp-content\/uploads\/2025\/06\/stadkarra-rengoringsvagn-hink-25-liter-moppvagn-med-vrider-krok-for-mopp-hushallsvagn-med-4-hjul-bla-1.webp?fit=2000%2C2000&ssl=1\" \/>\n\t<meta property=\"og:image:width\" content=\"2000\" \/>\n\t<meta property=\"og:image:height\" content=\"2000\" \/>\n\t<meta property=\"og:image:type\" content=\"image\/webp\" \/>\n<meta name=\"twitter:card\" content=\"summary_large_image\" \/>\n<meta name=\"twitter:label1\" content=\"Ber\u00e4knad l\u00e4stid\" \/>\n\t<meta name=\"twitter:data1\" content=\"1 minut\" \/>\n<!-- \/ Yoast SEO plugin. -->","yoast_head_json":{"title":"TRUUSK Reng\u00f6ringsvagn med 25 liter hink - Moppvagn med vrider - Krok f\u00f6r mopp - Hush\u00e5llsvagn med 4 hjul - Bl\u00e5 - TRUUSK - Hem, Tr\u00e4dg\u00e5rd &amp; Fritid","robots":{"index":"index","follow":"follow","max-snippet":"max-snippet:-1","max-image-preview":"max-image-preview:large","max-video-preview":"max-video-preview:-1"},"canonical":"https:\/\/truusk.store\/sv\/produkt\/truusk-rengoringsvagn-med-25-liter-hink-moppvagn-med-vrider-krok-for-mopp-hushallsvagn-med-4-hjul-bla\/","og_locale":"sv_SE","og_type":"article","og_title":"TRUUSK Reng\u00f6ringsvagn med 25 liter hink - Moppvagn med vrider - Krok f\u00f6r mopp - Hush\u00e5llsvagn med 4 hjul - Bl\u00e5 - TRUUSK - Hem, Tr\u00e4dg\u00e5rd &amp; Fritid","og_description":"TRUUSK st\u00e4dk\u00e4rra med juicepress \u00e4r perfekt f\u00f6r professionell golvreng\u00f6ring. Tillverkad av h\u00f6gkvalitativ plast, garanterar den h\u00e5llbarhet och robusthet. Med en...","og_url":"https:\/\/truusk.store\/sv\/produkt\/truusk-rengoringsvagn-med-25-liter-hink-moppvagn-med-vrider-krok-for-mopp-hushallsvagn-med-4-hjul-bla\/","og_site_name":"TRUUSK - Hem, Tr\u00e4dg\u00e5rd &amp; Fritid","article_modified_time":"2026-03-12T08:03:16+00:00","og_image":[{"width":2000,"height":2000,"url":"https:\/\/i0.wp.com\/truusk.se\/wp-content\/uploads\/2025\/06\/stadkarra-rengoringsvagn-hink-25-liter-moppvagn-med-vrider-krok-for-mopp-hushallsvagn-med-4-hjul-bla-1.webp?fit=2000%2C2000&ssl=1","type":"image\/webp"}],"twitter_card":"summary_large_image","twitter_misc":{"Ber\u00e4knad l\u00e4stid":"1 minut"},"schema":{"@context":"https:\/\/schema.org","@graph":[{"@type":"WebPage","@id":"https:\/\/truusk.store\/sv\/produkt\/truusk-rengoringsvagn-med-25-liter-hink-moppvagn-med-vrider-krok-for-mopp-hushallsvagn-med-4-hjul-bla\/","url":"https:\/\/truusk.store\/sv\/produkt\/truusk-rengoringsvagn-med-25-liter-hink-moppvagn-med-vrider-krok-for-mopp-hushallsvagn-med-4-hjul-bla\/","name":"TRUUSK Reng\u00f6ringsvagn med 25 liter hink - Moppvagn med vrider - Krok f\u00f6r mopp - Hush\u00e5llsvagn med 4 hjul - Bl\u00e5 - TRUUSK - Hem, Tr\u00e4dg\u00e5rd &amp; Fritid","isPartOf":{"@id":"https:\/\/truusk.store\/sv\/#website"},"primaryImageOfPage":{"@id":"https:\/\/truusk.store\/sv\/produkt\/truusk-rengoringsvagn-med-25-liter-hink-moppvagn-med-vrider-krok-for-mopp-hushallsvagn-med-4-hjul-bla\/#primaryimage"},"image":{"@id":"https:\/\/truusk.store\/sv\/produkt\/truusk-rengoringsvagn-med-25-liter-hink-moppvagn-med-vrider-krok-for-mopp-hushallsvagn-med-4-hjul-bla\/#primaryimage"},"thumbnailUrl":"https:\/\/i0.wp.com\/truusk.store\/wp-content\/uploads\/2025\/06\/stadkarra-rengoringsvagn-hink-25-liter-moppvagn-med-vrider-krok-for-mopp-hushallsvagn-med-4-hjul-bla-1.webp?fit=2000%2C2000&ssl=1","datePublished":"2025-06-05T19:45:48+00:00","dateModified":"2026-03-12T08:03:16+00:00","breadcrumb":{"@id":"https:\/\/truusk.store\/sv\/produkt\/truusk-rengoringsvagn-med-25-liter-hink-moppvagn-med-vrider-krok-for-mopp-hushallsvagn-med-4-hjul-bla\/#breadcrumb"},"inLanguage":"sv-SE","potentialAction":[{"@type":"ReadAction","target":["https:\/\/truusk.store\/sv\/produkt\/truusk-rengoringsvagn-med-25-liter-hink-moppvagn-med-vrider-krok-for-mopp-hushallsvagn-med-4-hjul-bla\/"]}]},{"@type":"ImageObject","inLanguage":"sv-SE","@id":"https:\/\/truusk.store\/sv\/produkt\/truusk-rengoringsvagn-med-25-liter-hink-moppvagn-med-vrider-krok-for-mopp-hushallsvagn-med-4-hjul-bla\/#primaryimage","url":"https:\/\/i0.wp.com\/truusk.store\/wp-content\/uploads\/2025\/06\/stadkarra-rengoringsvagn-hink-25-liter-moppvagn-med-vrider-krok-for-mopp-hushallsvagn-med-4-hjul-bla-1.webp?fit=2000%2C2000&ssl=1","contentUrl":"https:\/\/i0.wp.com\/truusk.store\/wp-content\/uploads\/2025\/06\/stadkarra-rengoringsvagn-hink-25-liter-moppvagn-med-vrider-krok-for-mopp-hushallsvagn-med-4-hjul-bla-1.webp?fit=2000%2C2000&ssl=1","width":2000,"height":2000},{"@type":"BreadcrumbList","@id":"https:\/\/truusk.store\/sv\/produkt\/truusk-rengoringsvagn-med-25-liter-hink-moppvagn-med-vrider-krok-for-mopp-hushallsvagn-med-4-hjul-bla\/#breadcrumb","itemListElement":[{"@type":"ListItem","position":1,"name":"Home","item":"https:\/\/truusk.store\/sv\/"},{"@type":"ListItem","position":2,"name":"Shop","item":"https:\/\/truusk.store\/shop\/"},{"@type":"ListItem","position":3,"name":"TRUUSK Reng\u00f6ringsvagn med 25 liter hink &#8211; Moppvagn med vrider &#8211; Krok f\u00f6r mopp &#8211; Hush\u00e5llsvagn med 4 hjul &#8211; Bl\u00e5"}]},{"@type":"WebSite","@id":"https:\/\/truusk.store\/sv\/#website","url":"https:\/\/truusk.store\/sv\/","name":"TRUUSK - Hem, Tr\u00e4dg\u00e5rd & Fritid","description":"","publisher":{"@id":"https:\/\/truusk.store\/sv\/#organization"},"potentialAction":[{"@type":"SearchAction","target":{"@type":"EntryPoint","urlTemplate":"https:\/\/truusk.store\/sv\/?s={search_term_string}"},"query-input":{"@type":"PropertyValueSpecification","valueRequired":true,"valueName":"search_term_string"}}],"inLanguage":"sv-SE"},{"@type":"Organization","@id":"https:\/\/truusk.store\/sv\/#organization","name":"TRUUSK - Hem, Tr\u00e4dg\u00e5rd & Fritid","url":"https:\/\/truusk.store\/sv\/","logo":{"@type":"ImageObject","inLanguage":"sv-SE","@id":"https:\/\/truusk.store\/sv\/#\/schema\/logo\/image\/","url":"https:\/\/i0.wp.com\/truusk.store\/wp-content\/uploads\/2026\/03\/cropped-TRUUSK.png?fit=2032%2C917&ssl=1","contentUrl":"https:\/\/i0.wp.com\/truusk.store\/wp-content\/uploads\/2026\/03\/cropped-TRUUSK.png?fit=2032%2C917&ssl=1","width":2032,"height":917,"caption":"TRUUSK - Hem, Tr\u00e4dg\u00e5rd & Fritid"},"image":{"@id":"https:\/\/truusk.store\/sv\/#\/schema\/logo\/image\/"}}]}},"jetpack_sharing_enabled":true,"_links":{"self":[{"href":"https:\/\/truusk.store\/sv\/wp-json\/wp\/v2\/product\/71217","targetHints":{"allow":["GET"]}}],"collection":[{"href":"https:\/\/truusk.store\/sv\/wp-json\/wp\/v2\/product"}],"about":[{"href":"https:\/\/truusk.store\/sv\/wp-json\/wp\/v2\/types\/product"}],"wp:featuredmedia":[{"embeddable":true,"href":"https:\/\/truusk.store\/sv\/wp-json\/wp\/v2\/media\/71208"}],"wp:attachment":[{"href":"https:\/\/truusk.store\/sv\/wp-json\/wp\/v2\/media?parent=71217"}],"wp:term":[{"taxonomy":"product_brand","embeddable":true,"href":"https:\/\/truusk.store\/sv\/wp-json\/wp\/v2\/product_brand?post=71217"},{"taxonomy":"product_cat","embeddable":true,"href":"https:\/\/truusk.store\/sv\/wp-json\/wp\/v2\/product_cat?post=71217"},{"taxonomy":"product_tag","embeddable":true,"href":"https:\/\/truusk.store\/sv\/wp-json\/wp\/v2\/product_tag?post=71217"}],"curies":[{"name":"wp","href":"https:\/\/api.w.org\/{rel}","templated":true}]}}