{"id":71227,"date":"2025-06-05T20:46:44","date_gmt":"2025-06-05T19:46:44","guid":{"rendered":"https:\/\/truusk.store\/product\/stadkarra-rengoringsvagn-med-moppvridare-26-liter-stadhink-rullhink-moppvagn-krok-for-mopp-hushallsvagn-med-4-hjul-orange\/"},"modified":"2026-03-12T08:59:28","modified_gmt":"2026-03-12T07:59:28","slug":"truusk-stadkarra-rengoringsvagn-med-moppvridare-26-liter-stadhink-rullhink-moppvagn-krok-for-mopp-4-hjul-orange","status":"publish","type":"product","link":"https:\/\/truusk.store\/sv\/produkt\/truusk-stadkarra-rengoringsvagn-med-moppvridare-26-liter-stadhink-rullhink-moppvagn-krok-for-mopp-4-hjul-orange\/","title":{"rendered":"TRUUSK St\u00e4dk\u00e4rra Reng\u00f6ringsvagn &#8211; Med Moppvridare &#8211; 26 Liter St\u00e4dhink &#8211; Rullhink &#8211; Moppvagn &#8211; Krok F\u00f6r Mopp &#8211; 4 Hjul &#8211; Orange"},"content":{"rendered":"<p> P\u00e5skynda din golvreng\u00f6ring med TRUUSK mopphink och vridare. Med en kapacitet p\u00e5 26 liter har du tillr\u00e4ckligt med utrymme f\u00f6r vatten och reng\u00f6ringsmedel f\u00f6r olika ytor. Den avtagbara vridaren pressar effektivt ut \u00f6verfl\u00f6digt vatten fr\u00e5n moppen, vilket g\u00f6r torkningen snabbare och s\u00e4krare. Den i\u00f6gonfallande orangea hinken \u00e4r l\u00e4tt att k\u00e4nna igen och tack vare hjulen enkel att man\u00f6vrera.<\/p>\n<p>Beskrivning:<\/p>\n<ul>\n<li> 26-liters kapacitet ger gott om utrymme f\u00f6r mycket reng\u00f6ringsvatten<\/li>\n<li> Den \u00f6verfl\u00f6diga vattenpressen kan tas bort f\u00f6r enkel fyllning av hinken f\u00f6re anv\u00e4ndning<\/li>\n<li> Mopph\u00e5llare f\u00f6r att s\u00e4kert f\u00e4sta skaftet<\/li>\n<li> Fyra hjul f\u00f6r l\u00e4tt transport<\/li>\n<li> Robust plastkropp i lysande orange f\u00f6r god synlighet<\/li>\n<li> Handtag f\u00f6r att lyfta och b\u00e4ra hinken<\/li>\n<li> Observera att moppen inte ing\u00e5r<\/li>\n<li> Enkel montering kr\u00e4vs<\/li>\n<\/ul>\n<p> Tekniska data:<\/p>\n<ul>\n<li> F\u00e4rg: Orange<\/li>\n<li> Material: Plast, Metall<\/li>\n<li> Totala dimensioner: 44L x 36B x 90H cm<\/li>\n<li> Hinkstorlek: 42L x 34,5B x 32,2H cm<\/li>\n<li> Kapacitet: 26 L<\/li>\n<li> Pressstorlek: 26,5L x 20,5B x 56,5H cm<\/li>\n<li> Total belastningskapacitet: 15 kg<\/li>\n<\/ul>\n<p>Leveransinneh\u00e5ll:<\/p>\n<ul>\n<li> 1 x Mopp hink med vridare<\/li>\n<li> 1 x Manual<\/li>\n<\/ul>\n","protected":false},"excerpt":{"rendered":"<p>P\u00e5skynda din golvreng\u00f6ring med TRUUSK mopphink och vridare. Med en kapacitet p\u00e5 26 liter har du tillr\u00e4ckligt med utrymme f\u00f6r&#8230;<\/p>\n","protected":false},"featured_media":71218,"template":"","meta":[],"product_brand":[],"product_cat":[867,869,687],"product_tag":[],"class_list":{"0":"post-71227","1":"product","2":"type-product","3":"status-publish","4":"has-post-thumbnail","6":"product_cat-byggmarknad","7":"product_cat-rengoring-ordning","8":"product_cat-stadutrustning","10":"first","11":"instock","12":"sale","13":"taxable","14":"shipping-taxable","15":"purchasable","16":"product-type-simple"},"yoast_head":"<!-- This site is optimized with the Yoast SEO plugin v25.4 - https:\/\/yoast.com\/wordpress\/plugins\/seo\/ -->\n<title>TRUUSK St\u00e4dk\u00e4rra Reng\u00f6ringsvagn - Med Moppvridare - 26 Liter St\u00e4dhink - Rullhink - Moppvagn - Krok F\u00f6r Mopp - 4 Hjul - Orange - TRUUSK - Hem, Tr\u00e4dg\u00e5rd &amp; Fritid<\/title>\n<meta name=\"robots\" content=\"index, follow, max-snippet:-1, max-image-preview:large, max-video-preview:-1\" \/>\n<link rel=\"canonical\" href=\"https:\/\/truusk.store\/sv\/produkt\/truusk-stadkarra-rengoringsvagn-med-moppvridare-26-liter-stadhink-rullhink-moppvagn-krok-for-mopp-4-hjul-orange\/\" \/>\n<meta property=\"og:locale\" content=\"sv_SE\" \/>\n<meta property=\"og:type\" content=\"article\" \/>\n<meta property=\"og:title\" content=\"TRUUSK St\u00e4dk\u00e4rra Reng\u00f6ringsvagn - Med Moppvridare - 26 Liter St\u00e4dhink - Rullhink - Moppvagn - Krok F\u00f6r Mopp - 4 Hjul - Orange - TRUUSK - Hem, Tr\u00e4dg\u00e5rd &amp; Fritid\" \/>\n<meta property=\"og:description\" content=\"P\u00e5skynda din golvreng\u00f6ring med TRUUSK mopphink och vridare. Med en kapacitet p\u00e5 26 liter har du tillr\u00e4ckligt med utrymme f\u00f6r...\" \/>\n<meta property=\"og:url\" content=\"https:\/\/truusk.store\/sv\/produkt\/truusk-stadkarra-rengoringsvagn-med-moppvridare-26-liter-stadhink-rullhink-moppvagn-krok-for-mopp-4-hjul-orange\/\" \/>\n<meta property=\"og:site_name\" content=\"TRUUSK - Hem, Tr\u00e4dg\u00e5rd &amp; Fritid\" \/>\n<meta property=\"article:modified_time\" content=\"2026-03-12T07:59:28+00:00\" \/>\n<meta property=\"og:image\" content=\"https:\/\/i0.wp.com\/truusk.se\/wp-content\/uploads\/2025\/06\/stadkarra-rengoringsvagn-med-moppvridare-26-liter-stadhink-rullhink-moppvagn-krok-for-mopp-hushallsvagn-med-4-hjul-orange-1.webp?fit=2000%2C2000&ssl=1\" \/>\n\t<meta property=\"og:image:width\" content=\"2000\" \/>\n\t<meta property=\"og:image:height\" content=\"2000\" \/>\n\t<meta property=\"og:image:type\" content=\"image\/webp\" \/>\n<meta name=\"twitter:card\" content=\"summary_large_image\" \/>\n<meta name=\"twitter:label1\" content=\"Ber\u00e4knad l\u00e4stid\" \/>\n\t<meta name=\"twitter:data1\" content=\"1 minut\" \/>\n<!-- \/ Yoast SEO plugin. -->","yoast_head_json":{"title":"TRUUSK St\u00e4dk\u00e4rra Reng\u00f6ringsvagn - Med Moppvridare - 26 Liter St\u00e4dhink - Rullhink - Moppvagn - Krok F\u00f6r Mopp - 4 Hjul - Orange - TRUUSK - Hem, Tr\u00e4dg\u00e5rd &amp; Fritid","robots":{"index":"index","follow":"follow","max-snippet":"max-snippet:-1","max-image-preview":"max-image-preview:large","max-video-preview":"max-video-preview:-1"},"canonical":"https:\/\/truusk.store\/sv\/produkt\/truusk-stadkarra-rengoringsvagn-med-moppvridare-26-liter-stadhink-rullhink-moppvagn-krok-for-mopp-4-hjul-orange\/","og_locale":"sv_SE","og_type":"article","og_title":"TRUUSK St\u00e4dk\u00e4rra Reng\u00f6ringsvagn - Med Moppvridare - 26 Liter St\u00e4dhink - Rullhink - Moppvagn - Krok F\u00f6r Mopp - 4 Hjul - Orange - TRUUSK - Hem, Tr\u00e4dg\u00e5rd &amp; Fritid","og_description":"P\u00e5skynda din golvreng\u00f6ring med TRUUSK mopphink och vridare. Med en kapacitet p\u00e5 26 liter har du tillr\u00e4ckligt med utrymme f\u00f6r...","og_url":"https:\/\/truusk.store\/sv\/produkt\/truusk-stadkarra-rengoringsvagn-med-moppvridare-26-liter-stadhink-rullhink-moppvagn-krok-for-mopp-4-hjul-orange\/","og_site_name":"TRUUSK - Hem, Tr\u00e4dg\u00e5rd &amp; Fritid","article_modified_time":"2026-03-12T07:59:28+00:00","og_image":[{"width":2000,"height":2000,"url":"https:\/\/i0.wp.com\/truusk.se\/wp-content\/uploads\/2025\/06\/stadkarra-rengoringsvagn-med-moppvridare-26-liter-stadhink-rullhink-moppvagn-krok-for-mopp-hushallsvagn-med-4-hjul-orange-1.webp?fit=2000%2C2000&ssl=1","type":"image\/webp"}],"twitter_card":"summary_large_image","twitter_misc":{"Ber\u00e4knad l\u00e4stid":"1 minut"},"schema":{"@context":"https:\/\/schema.org","@graph":[{"@type":"WebPage","@id":"https:\/\/truusk.store\/sv\/produkt\/truusk-stadkarra-rengoringsvagn-med-moppvridare-26-liter-stadhink-rullhink-moppvagn-krok-for-mopp-4-hjul-orange\/","url":"https:\/\/truusk.store\/sv\/produkt\/truusk-stadkarra-rengoringsvagn-med-moppvridare-26-liter-stadhink-rullhink-moppvagn-krok-for-mopp-4-hjul-orange\/","name":"TRUUSK St\u00e4dk\u00e4rra Reng\u00f6ringsvagn - Med Moppvridare - 26 Liter St\u00e4dhink - Rullhink - Moppvagn - Krok F\u00f6r Mopp - 4 Hjul - Orange - TRUUSK - Hem, Tr\u00e4dg\u00e5rd &amp; Fritid","isPartOf":{"@id":"https:\/\/truusk.store\/sv\/#website"},"primaryImageOfPage":{"@id":"https:\/\/truusk.store\/sv\/produkt\/truusk-stadkarra-rengoringsvagn-med-moppvridare-26-liter-stadhink-rullhink-moppvagn-krok-for-mopp-4-hjul-orange\/#primaryimage"},"image":{"@id":"https:\/\/truusk.store\/sv\/produkt\/truusk-stadkarra-rengoringsvagn-med-moppvridare-26-liter-stadhink-rullhink-moppvagn-krok-for-mopp-4-hjul-orange\/#primaryimage"},"thumbnailUrl":"https:\/\/i0.wp.com\/truusk.store\/wp-content\/uploads\/2025\/06\/stadkarra-rengoringsvagn-med-moppvridare-26-liter-stadhink-rullhink-moppvagn-krok-for-mopp-hushallsvagn-med-4-hjul-orange-1.webp?fit=2000%2C2000&ssl=1","datePublished":"2025-06-05T19:46:44+00:00","dateModified":"2026-03-12T07:59:28+00:00","breadcrumb":{"@id":"https:\/\/truusk.store\/sv\/produkt\/truusk-stadkarra-rengoringsvagn-med-moppvridare-26-liter-stadhink-rullhink-moppvagn-krok-for-mopp-4-hjul-orange\/#breadcrumb"},"inLanguage":"sv-SE","potentialAction":[{"@type":"ReadAction","target":["https:\/\/truusk.store\/sv\/produkt\/truusk-stadkarra-rengoringsvagn-med-moppvridare-26-liter-stadhink-rullhink-moppvagn-krok-for-mopp-4-hjul-orange\/"]}]},{"@type":"ImageObject","inLanguage":"sv-SE","@id":"https:\/\/truusk.store\/sv\/produkt\/truusk-stadkarra-rengoringsvagn-med-moppvridare-26-liter-stadhink-rullhink-moppvagn-krok-for-mopp-4-hjul-orange\/#primaryimage","url":"https:\/\/i0.wp.com\/truusk.store\/wp-content\/uploads\/2025\/06\/stadkarra-rengoringsvagn-med-moppvridare-26-liter-stadhink-rullhink-moppvagn-krok-for-mopp-hushallsvagn-med-4-hjul-orange-1.webp?fit=2000%2C2000&ssl=1","contentUrl":"https:\/\/i0.wp.com\/truusk.store\/wp-content\/uploads\/2025\/06\/stadkarra-rengoringsvagn-med-moppvridare-26-liter-stadhink-rullhink-moppvagn-krok-for-mopp-hushallsvagn-med-4-hjul-orange-1.webp?fit=2000%2C2000&ssl=1","width":2000,"height":2000},{"@type":"BreadcrumbList","@id":"https:\/\/truusk.store\/sv\/produkt\/truusk-stadkarra-rengoringsvagn-med-moppvridare-26-liter-stadhink-rullhink-moppvagn-krok-for-mopp-4-hjul-orange\/#breadcrumb","itemListElement":[{"@type":"ListItem","position":1,"name":"Home","item":"https:\/\/truusk.store\/sv\/"},{"@type":"ListItem","position":2,"name":"Shop","item":"https:\/\/truusk.store\/shop\/"},{"@type":"ListItem","position":3,"name":"TRUUSK St\u00e4dk\u00e4rra Reng\u00f6ringsvagn &#8211; Med Moppvridare &#8211; 26 Liter St\u00e4dhink &#8211; Rullhink &#8211; Moppvagn &#8211; Krok F\u00f6r Mopp &#8211; 4 Hjul &#8211; Orange"}]},{"@type":"WebSite","@id":"https:\/\/truusk.store\/sv\/#website","url":"https:\/\/truusk.store\/sv\/","name":"TRUUSK - Hem, Tr\u00e4dg\u00e5rd & Fritid","description":"","publisher":{"@id":"https:\/\/truusk.store\/sv\/#organization"},"potentialAction":[{"@type":"SearchAction","target":{"@type":"EntryPoint","urlTemplate":"https:\/\/truusk.store\/sv\/?s={search_term_string}"},"query-input":{"@type":"PropertyValueSpecification","valueRequired":true,"valueName":"search_term_string"}}],"inLanguage":"sv-SE"},{"@type":"Organization","@id":"https:\/\/truusk.store\/sv\/#organization","name":"TRUUSK - Hem, Tr\u00e4dg\u00e5rd & Fritid","url":"https:\/\/truusk.store\/sv\/","logo":{"@type":"ImageObject","inLanguage":"sv-SE","@id":"https:\/\/truusk.store\/sv\/#\/schema\/logo\/image\/","url":"https:\/\/i0.wp.com\/truusk.store\/wp-content\/uploads\/2026\/03\/cropped-TRUUSK.png?fit=2032%2C917&ssl=1","contentUrl":"https:\/\/i0.wp.com\/truusk.store\/wp-content\/uploads\/2026\/03\/cropped-TRUUSK.png?fit=2032%2C917&ssl=1","width":2032,"height":917,"caption":"TRUUSK - Hem, Tr\u00e4dg\u00e5rd & Fritid"},"image":{"@id":"https:\/\/truusk.store\/sv\/#\/schema\/logo\/image\/"}}]}},"jetpack_sharing_enabled":true,"_links":{"self":[{"href":"https:\/\/truusk.store\/sv\/wp-json\/wp\/v2\/product\/71227","targetHints":{"allow":["GET"]}}],"collection":[{"href":"https:\/\/truusk.store\/sv\/wp-json\/wp\/v2\/product"}],"about":[{"href":"https:\/\/truusk.store\/sv\/wp-json\/wp\/v2\/types\/product"}],"wp:featuredmedia":[{"embeddable":true,"href":"https:\/\/truusk.store\/sv\/wp-json\/wp\/v2\/media\/71218"}],"wp:attachment":[{"href":"https:\/\/truusk.store\/sv\/wp-json\/wp\/v2\/media?parent=71227"}],"wp:term":[{"taxonomy":"product_brand","embeddable":true,"href":"https:\/\/truusk.store\/sv\/wp-json\/wp\/v2\/product_brand?post=71227"},{"taxonomy":"product_cat","embeddable":true,"href":"https:\/\/truusk.store\/sv\/wp-json\/wp\/v2\/product_cat?post=71227"},{"taxonomy":"product_tag","embeddable":true,"href":"https:\/\/truusk.store\/sv\/wp-json\/wp\/v2\/product_tag?post=71227"}],"curies":[{"name":"wp","href":"https:\/\/api.w.org\/{rel}","templated":true}]}}